{"id":4182,"date":"2015-06-20T16:11:19","date_gmt":"2015-06-20T16:11:19","guid":{"rendered":"https:\/\/sophiechems.com\/?page_id=4182"},"modified":"2023-01-05T12:09:35","modified_gmt":"2023-01-05T12:09:35","slug":"about-us","status":"publish","type":"page","link":"https:\/\/narcopowders.com\/cs\/o-nas\/","title":{"rendered":"O n\u00e1s"},"content":{"rendered":"<div data-elementor-type=\"wp-page\" data-elementor-id=\"4182\" class=\"elementor elementor-4182\">\n\t\t\t\t\t\t<section class=\"elementor-section elementor-top-section elementor-element elementor-element-56550d3 elementor-section-boxed elementor-section-height-default elementor-section-height-default\" data-id=\"56550d3\" data-element_type=\"section\">\n\t\t\t\t\t\t<div class=\"elementor-container elementor-column-gap-default\">\n\t\t\t\t\t<div class=\"elementor-column elementor-col-100 elementor-top-column elementor-element elementor-element-ccd29ae\" data-id=\"ccd29ae\" data-element_type=\"column\">\n\t\t\t<div class=\"elementor-widget-wrap elementor-element-populated\">\n\t\t\t\t\t\t<div class=\"elementor-element elementor-element-ef9364e elementor-widget-tablet__width-initial elementor-widget elementor-widget-text-editor\" data-id=\"ef9364e\" data-element_type=\"widget\" data-widget_type=\"text-editor.default\">\n\t\t\t\t<div class=\"elementor-widget-container\">\n\t\t\t<style>\/*! elementor - v3.23.0 - 05-08-2024 *\/\n.elementor-widget-text-editor.elementor-drop-cap-view-stacked .elementor-drop-cap{background-color:#69727d;color:#fff}.elementor-widget-text-editor.elementor-drop-cap-view-framed .elementor-drop-cap{color:#69727d;border:3px solid;background-color:transparent}.elementor-widget-text-editor:not(.elementor-drop-cap-view-default) .elementor-drop-cap{margin-top:8px}.elementor-widget-text-editor:not(.elementor-drop-cap-view-default) .elementor-drop-cap-letter{width:1em;height:1em}.elementor-widget-text-editor .elementor-drop-cap{float:left;text-align:center;line-height:1;font-size:50px}.elementor-widget-text-editor .elementor-drop-cap-letter{display:inline-block}<\/style>\t\t\t\t<h2 style=\"font-weight: bold; text-align: center;\">NarcoPowders je <span style=\"color: #f50000;\">Nejv\u011bt\u0161\u00ed<\/span> Obchod s kokainem a heroinem<\/h2><p style=\"text-align: center; max-width: 900px; margin: 0 auto;\">Pokud hled\u00e1te kokain a heroin a nev\u00edte, kde si ho m\u016f\u017eete objednat. NarcoPowder je d\u016fv\u011bryhodn\u00fdm dodavatelem 100% \u010dist\u00e9ho a vysoce kvalitn\u00edho kokainu a heroinu v \u010cesk\u00e9 republice, Nizozemsku, Velk\u00e9 Brit\u00e1nii, Evrop\u011b.\u00a0<\/p>\t\t\t\t\t\t<\/div>\n\t\t\t\t<\/div>\n\t\t\t\t<div class=\"elementor-element elementor-element-595bf7e elementor-widget-tablet__width-initial elementor-widget elementor-widget-image\" data-id=\"595bf7e\" data-element_type=\"widget\" data-widget_type=\"image.default\">\n\t\t\t\t<div class=\"elementor-widget-container\">\n\t\t\t<style>\/*! elementor - v3.23.0 - 05-08-2024 *\/\n.elementor-widget-image{text-align:center}.elementor-widget-image a{display:inline-block}.elementor-widget-image a img[src$=\".svg\"]{width:48px}.elementor-widget-image img{vertical-align:middle;display:inline-block}<\/style>\t\t\t\t\t\t\t\t\t\t<img fetchpriority=\"high\" decoding=\"async\" width=\"1300\" height=\"460\" src=\"https:\/\/narcopowders.com\/wp-content\/uploads\/2023\/01\/about-us.jpg\" class=\"attachment-full size-full wp-image-19078\" alt=\"\" srcset=\"https:\/\/narcopowders.com\/wp-content\/uploads\/2023\/01\/about-us.jpg 1300w, https:\/\/narcopowders.com\/wp-content\/uploads\/2023\/01\/about-us-600x212.jpg 600w, https:\/\/narcopowders.com\/wp-content\/uploads\/2023\/01\/about-us-300x106.jpg 300w, https:\/\/narcopowders.com\/wp-content\/uploads\/2023\/01\/about-us-1024x362.jpg 1024w, https:\/\/narcopowders.com\/wp-content\/uploads\/2023\/01\/about-us-768x272.jpg 768w\" sizes=\"(max-width: 1300px) 100vw, 1300px\" \/>\t\t\t\t\t\t\t\t\t\t\t\t\t<\/div>\n\t\t\t\t<\/div>\n\t\t\t\t\t<\/div>\n\t\t<\/div>\n\t\t\t\t\t<\/div>\n\t\t<\/section>\n\t\t\t\t<section class=\"elementor-section elementor-top-section elementor-element elementor-element-818ccaf elementor-section-content-middle elementor-section-boxed elementor-section-height-default elementor-section-height-default\" data-id=\"818ccaf\" data-element_type=\"section\">\n\t\t\t\t\t\t<div class=\"elementor-container elementor-column-gap-no\">\n\t\t\t\t\t<div class=\"elementor-column elementor-col-50 elementor-top-column elementor-element elementor-element-0f669b6\" data-id=\"0f669b6\" data-element_type=\"column\">\n\t\t\t<div class=\"elementor-widget-wrap elementor-element-populated\">\n\t\t\t\t\t\t<div class=\"elementor-element elementor-element-fc721aa elementor-widget__width-initial elementor-widget-tablet__width-initial elementor-widget elementor-widget-text-editor\" data-id=\"fc721aa\" data-element_type=\"widget\" data-widget_type=\"text-editor.default\">\n\t\t\t\t<div class=\"elementor-widget-container\">\n\t\t\t\t\t\t\t<p><label class=\"label-info\">KDO JSME?<\/label><\/p><h3 style=\"font-weight: bold;\">HLEDAT, VYBRAT,<br \/>KOUPIT ONLINE<\/h3><p>Narco Powders je mezin\u00e1rodn\u00ed dodavatel \u0161irok\u00e9 \u0161k\u00e1ly drog, v\u010detn\u011b kokainu, heroinu atd. Nach\u00e1z\u00ed se v Kalifornii, USA, dod\u00e1v\u00e1me drogy do \u010cech, N\u011bmecka, Ukrajiny a dal\u0161\u00edch. Na\u0161\u00edm jedin\u00fdm c\u00edlem je poskytnout v\u00e1m v\u0161e, co pot\u0159ebujete ke zlep\u0161en\u00ed sv\u00e9ho du\u0161evn\u00edho, ale i fyzick\u00e9ho zdrav\u00ed.\u00a0<\/p>\t\t\t\t\t\t<\/div>\n\t\t\t\t<\/div>\n\t\t\t\t<div class=\"elementor-element elementor-element-b85c89d elementor-widget__width-initial elementor-widget-tablet__width-initial elementor-widget elementor-widget-text-editor\" data-id=\"b85c89d\" data-element_type=\"widget\" data-widget_type=\"text-editor.default\">\n\t\t\t\t<div class=\"elementor-widget-container\">\n\t\t\t\t\t\t\t<a class=\"button-text\" href=\"#\">Zobrazit v\u00edce<\/a>\t\t\t\t\t\t<\/div>\n\t\t\t\t<\/div>\n\t\t\t\t\t<\/div>\n\t\t<\/div>\n\t\t\t\t<div class=\"elementor-column elementor-col-50 elementor-top-column elementor-element elementor-element-a5d50e5\" data-id=\"a5d50e5\" data-element_type=\"column\">\n\t\t\t<div class=\"elementor-widget-wrap elementor-element-populated\">\n\t\t\t\t\t\t<div class=\"elementor-element elementor-element-3f3ffcc elementor-widget elementor-widget-image\" data-id=\"3f3ffcc\" data-element_type=\"widget\" data-widget_type=\"image.default\">\n\t\t\t\t<div class=\"elementor-widget-container\">\n\t\t\t\t\t\t\t\t\t\t\t\t\t<img decoding=\"async\" width=\"600\" height=\"600\" src=\"https:\/\/narcopowders.com\/wp-content\/uploads\/2023\/01\/afghan-heroin.jpg\" class=\"attachment-full size-full wp-image-19243\" alt=\"Kupte si afgh\u00e1nsk\u00fd heroin online\" srcset=\"https:\/\/narcopowders.com\/wp-content\/uploads\/2023\/01\/afghan-heroin.jpg 600w, https:\/\/narcopowders.com\/wp-content\/uploads\/2023\/01\/afghan-heroin-300x300.jpg 300w, https:\/\/narcopowders.com\/wp-content\/uploads\/2023\/01\/afghan-heroin-100x100.jpg 100w, https:\/\/narcopowders.com\/wp-content\/uploads\/2023\/01\/afghan-heroin-150x150.jpg 150w, https:\/\/narcopowders.com\/wp-content\/uploads\/2023\/01\/afghan-heroin-440x440.jpg 440w, https:\/\/narcopowders.com\/wp-content\/uploads\/2023\/01\/afghan-heroin-120x120.jpg 120w, https:\/\/narcopowders.com\/wp-content\/uploads\/2023\/01\/afghan-heroin-46x46.jpg 46w\" sizes=\"(max-width: 600px) 100vw, 600px\" \/>\t\t\t\t\t\t\t\t\t\t\t\t\t<\/div>\n\t\t\t\t<\/div>\n\t\t\t\t\t<\/div>\n\t\t<\/div>\n\t\t\t\t\t<\/div>\n\t\t<\/section>\n\t\t\t\t<section class=\"elementor-section elementor-top-section elementor-element elementor-element-91a89b3 elementor-section-boxed elementor-section-height-default elementor-section-height-default\" data-id=\"91a89b3\" data-element_type=\"section\">\n\t\t\t\t\t\t<div class=\"elementor-container elementor-column-gap-default\">\n\t\t\t\t\t<div class=\"elementor-column elementor-col-100 elementor-top-column elementor-element elementor-element-f9b13fb\" data-id=\"f9b13fb\" data-element_type=\"column\">\n\t\t\t<div class=\"elementor-widget-wrap elementor-element-populated\">\n\t\t\t\t\t\t<div class=\"elementor-element elementor-element-bb6c3b3 elementor-widget elementor-widget-text-editor\" data-id=\"bb6c3b3\" data-element_type=\"widget\" data-widget_type=\"text-editor.default\">\n\t\t\t\t<div class=\"elementor-widget-container\">\n\t\t\t\t\t\t\t<h2><strong>Kupte si crackov\u00fd kokain online od Narco Powders<\/strong><\/h2><p>Na\u0161e l\u00e9ky jsou dostupn\u00e9 v 97% \u010dist\u00e9 pr\u00e1\u0161kov\u00e9 form\u011b a lze je objednat s minim\u00e1ln\u00edm mno\u017estv\u00edm 3 gram\u016f. M\u016f\u017ee\u0161\u00a0<strong>objednat crack kokain online<\/strong>\u00a0hromadn\u011b z na\u0161eho obchodu. Hydrochlorid byl odstran\u011bn a v l\u00e1tce nejsou \u017e\u00e1dn\u00e9 kontaminanty. Podobn\u011b jako kokainov\u00fd pr\u00e1\u0161ek lze crackov\u00fd kokain pou\u017e\u00edt ke kauterizaci nosu, aby se zastavilo krv\u00e1cen\u00ed a inhibovaly nervov\u00e9 sign\u00e1ly.<\/p><h3><strong>Zaji\u0161\u0165ujeme bezpe\u010dn\u00e9 a rychl\u00e9 dod\u00e1n\u00ed l\u00e9k\u016f<\/strong><\/h3><p>Na\u0161e dodac\u00ed lh\u016fty jsou rychl\u00e9 a efektivn\u00ed, co\u017e znamen\u00e1, \u017ee se na n\u00e1s m\u016f\u017eete v\u017edy spolehnout, \u017ee va\u0161e objedn\u00e1vky doru\u010d\u00edme rychle. A pokud bychom v\u00e1m mohli je\u0161t\u011b s n\u011b\u010d\u00edm pomoci, n\u00e1\u0161 t\u00fdm odborn\u00edk\u016f je v\u00e1m k dispozici 24 hodin denn\u011b, 7 dn\u00ed v t\u00fddnu, aby v\u00e1m pomohl. Ch\u00e1peme, \u017ee z\u00e1kaznick\u00fd servis je d\u016fle\u017eit\u00fd, a proto jsme hrd\u00ed na n\u00e1\u0161 komplexn\u00ed syst\u00e9m podpory.<\/p><p>Abychom zajistili maxim\u00e1ln\u00ed bezpe\u010dnost pro v\u0161echny na\u0161e klienty, prov\u00e1d\u00edme p\u0159ed jak\u00fdmkoli rozhodnut\u00edm o expanzi na nov\u00e9 trhy komplexn\u00ed hodnocen\u00ed a anal\u00fdzy zahrani\u010dn\u00edho trhu. To n\u00e1m pom\u00e1h\u00e1 vyhnout se jak\u00fdmkoli potenci\u00e1ln\u00edm rizik\u016fm a z\u00e1rove\u0148 na\u0161im z\u00e1kazn\u00edk\u016fm poskytovat skv\u011bl\u00e9 v\u00fdsledky.<\/p><p>Jsme tu, abychom v\u00e1m pomohli, od odpov\u00edd\u00e1n\u00ed na ot\u00e1zky o na\u0161ich produktech a\u017e po \u0159e\u0161en\u00ed probl\u00e9m\u016f po n\u00e1kupu.<\/p><h2><strong>Pro\u010d si vybrat Narco Powders?<\/strong><\/h2><ul><li><strong>Vysoce kvalitn\u00ed l\u00e9ky:<\/strong>S Narco Powders se u\u017e nikdy nebudete muset ob\u00e1vat, \u017ee dostanete nespr\u00e1vnou d\u00e1vku nebo \u017ee dostanete l\u00e9k, kter\u00fd neodpov\u00edd\u00e1 va\u0161im standard\u016fm.<\/li><li><strong>\u00dapln\u00e9 soukrom\u00ed zaru\u010deno:\u00a0<\/strong>Nen\u00ed t\u0159eba se ob\u00e1vat, \u017ee finan\u010dn\u00ed z\u00e1znamy nebo osobn\u00ed \u00fadaje budou sd\u00edleny s jakoukoli t\u0159et\u00ed stranou. V\u0161e je naprosto d\u016fv\u011brn\u00e9 a bezpe\u010dn\u00e9.<\/li><li><strong>Mo\u017enosti snadn\u00e9 platby:<\/strong>Narco Powders tak\u00e9 p\u0159ij\u00edm\u00e1 r\u016fzn\u00e9 formy tradi\u010dn\u00ed m\u011bny, jako jsou americk\u00e9 dolary a eura. Pokud v\u00e1m nevyhovuje pou\u017e\u00edv\u00e1n\u00ed kryptom\u011bn nebo mobiln\u00edch plateb, v\u017edy m\u00e1te k dispozici v\u00edce mo\u017enost\u00ed.<\/li><li><strong>Expertn\u00ed t\u00fdm profesion\u00e1l\u016f\u00a0<\/strong>V na\u0161\u00ed spole\u010dnosti v\u00edme, co je pot\u0159eba k poskytov\u00e1n\u00ed kvalitn\u00edch produkt\u016f a slu\u017eeb, kter\u00e9 jsou p\u0159\u00ednosem pro v\u00e1s i va\u0161e z\u00e1kazn\u00edky.<\/li><li><strong>N\u00e1kladov\u011b efektivn\u00ed l\u00e9ky\u00a0<\/strong>Narco Powders si klade za c\u00edl poskytovat pouze kvalitn\u00ed, bezpe\u010dn\u00e9 l\u00e9ky za dostupnou cenu.<\/li><\/ul><p><strong>V\u010dasn\u00e9 doru\u010den\u00ed po cel\u00e9m sv\u011bt\u011b\u00a0<\/strong>Na\u0161e dodavatelsk\u00e9 s\u00edt\u011b jsou v dosahu n\u00e1rodn\u00ed i mezin\u00e1rodn\u00ed, co\u017e zaji\u0161\u0165uje, \u017ee v\u00e1m v\u017edy m\u016f\u017eeme dodat produkty, kter\u00e9 pot\u0159ebujete, v\u010das.<\/p>\t\t\t\t\t\t<\/div>\n\t\t\t\t<\/div>\n\t\t\t\t\t<\/div>\n\t\t<\/div>\n\t\t\t\t\t<\/div>\n\t\t<\/section>\n\t\t\t\t<\/div>","protected":false},"excerpt":{"rendered":"<p>NarcoPowders is Largest Cocaine &amp; Heroin Store If you are searching to buy Cocaine and Heroin and don&#8217;t know from where you can order. NarcoPowder is a trustworthy supplier of 100% pure and high quality cocaine and heroin in USA, Canada, UK, Europe.\u00a0 WHO ARE WE? SEARCH, SELECT,BUY ONLINE Narco Powders is an international supplier [&hellip;]<\/p>","protected":false},"author":1,"featured_media":0,"parent":0,"menu_order":0,"comment_status":"closed","ping_status":"closed","template":"","meta":{"_joinchat":[],"footnotes":""},"class_list":["post-4182","page","type-page","status-publish","hentry"],"yoast_head":"<!-- This site is optimized with the Yoast SEO plugin v25.9 - https:\/\/yoast.com\/wordpress\/plugins\/seo\/ -->\n<title>About us - Narco Powders<\/title>\n<meta name=\"robots\" content=\"index, follow, max-snippet:-1, max-image-preview:large, max-video-preview:-1\" \/>\n<link rel=\"canonical\" href=\"https:\/\/narcopowders.com\/cs\/o-nas\/\" \/>\n<meta property=\"og:locale\" content=\"cs_CZ\" \/>\n<meta property=\"og:type\" content=\"article\" \/>\n<meta property=\"og:title\" content=\"About us - Narco Powders\" \/>\n<meta property=\"og:description\" content=\"NarcoPowders is Largest Cocaine &amp; Heroin Store If you are searching to buy Cocaine and Heroin and don&#8217;t know from where you can order. NarcoPowder is a trustworthy supplier of 100% pure and high quality cocaine and heroin in USA, Canada, UK, Europe.\u00a0 WHO ARE WE? SEARCH, SELECT,BUY ONLINE Narco Powders is an international supplier [&hellip;]\" \/>\n<meta property=\"og:url\" content=\"https:\/\/narcopowders.com\/cs\/o-nas\/\" \/>\n<meta property=\"og:site_name\" content=\"Narco Powders\" \/>\n<meta property=\"article:modified_time\" content=\"2023-01-05T12:09:35+00:00\" \/>\n<meta property=\"og:image\" content=\"https:\/\/narcopowders.com\/wp-content\/uploads\/2023\/01\/about-us.jpg\" \/>\n<meta name=\"twitter:card\" content=\"summary_large_image\" \/>\n<meta name=\"twitter:label1\" content=\"Odhadovan\u00e1 doba \u010dten\u00ed\" \/>\n\t<meta name=\"twitter:data1\" content=\"2 minuty\" \/>\n<!-- \/ Yoast SEO plugin. -->","yoast_head_json":{"title":"O n\u00e1s - Narco Powders","robots":{"index":"index","follow":"follow","max-snippet":"max-snippet:-1","max-image-preview":"max-image-preview:large","max-video-preview":"max-video-preview:-1"},"canonical":"https:\/\/narcopowders.com\/cs\/o-nas\/","og_locale":"cs_CZ","og_type":"article","og_title":"About us - Narco Powders","og_description":"NarcoPowders is Largest Cocaine &amp; Heroin Store If you are searching to buy Cocaine and Heroin and don&#8217;t know from where you can order. NarcoPowder is a trustworthy supplier of 100% pure and high quality cocaine and heroin in USA, Canada, UK, Europe.\u00a0 WHO ARE WE? SEARCH, SELECT,BUY ONLINE Narco Powders is an international supplier [&hellip;]","og_url":"https:\/\/narcopowders.com\/cs\/o-nas\/","og_site_name":"Narco Powders","article_modified_time":"2023-01-05T12:09:35+00:00","og_image":[{"url":"https:\/\/narcopowders.com\/wp-content\/uploads\/2023\/01\/about-us.jpg","type":"","width":"","height":""}],"twitter_card":"summary_large_image","twitter_misc":{"Odhadovan\u00e1 doba \u010dten\u00ed":"2 minuty"},"schema":{"@context":"https:\/\/schema.org","@graph":[{"@type":"WebPage","@id":"https:\/\/narcopowders.com\/about-us\/","url":"https:\/\/narcopowders.com\/about-us\/","name":"O n\u00e1s - Narco Powders","isPartOf":{"@id":"https:\/\/narcopowders.com\/#website"},"primaryImageOfPage":{"@id":"https:\/\/narcopowders.com\/about-us\/#primaryimage"},"image":{"@id":"https:\/\/narcopowders.com\/about-us\/#primaryimage"},"thumbnailUrl":"https:\/\/narcopowders.com\/wp-content\/uploads\/2023\/01\/about-us.jpg","datePublished":"2015-06-20T16:11:19+00:00","dateModified":"2023-01-05T12:09:35+00:00","breadcrumb":{"@id":"https:\/\/narcopowders.com\/about-us\/#breadcrumb"},"inLanguage":"cs","potentialAction":[{"@type":"ReadAction","target":["https:\/\/narcopowders.com\/about-us\/"]}]},{"@type":"ImageObject","inLanguage":"cs","@id":"https:\/\/narcopowders.com\/about-us\/#primaryimage","url":"https:\/\/narcopowders.com\/wp-content\/uploads\/2023\/01\/about-us.jpg","contentUrl":"https:\/\/narcopowders.com\/wp-content\/uploads\/2023\/01\/about-us.jpg"},{"@type":"BreadcrumbList","@id":"https:\/\/narcopowders.com\/about-us\/#breadcrumb","itemListElement":[{"@type":"ListItem","position":1,"name":"Home","item":"https:\/\/narcopowders.com\/"},{"@type":"ListItem","position":2,"name":"About us"}]},{"@type":"WebSite","@id":"https:\/\/narcopowders.com\/#website","url":"https:\/\/narcopowders.com\/","name":"Pr\u00e1\u0161ky na narkotika","description":"M\u016fj blog WordPress","potentialAction":[{"@type":"SearchAction","target":{"@type":"EntryPoint","urlTemplate":"https:\/\/narcopowders.com\/?s={search_term_string}"},"query-input":{"@type":"PropertyValueSpecification","valueRequired":true,"valueName":"search_term_string"}}],"inLanguage":"cs"}]}},"_links":{"self":[{"href":"https:\/\/narcopowders.com\/cs\/wp-json\/wp\/v2\/pages\/4182","targetHints":{"allow":["GET"]}}],"collection":[{"href":"https:\/\/narcopowders.com\/cs\/wp-json\/wp\/v2\/pages"}],"about":[{"href":"https:\/\/narcopowders.com\/cs\/wp-json\/wp\/v2\/types\/page"}],"author":[{"embeddable":true,"href":"https:\/\/narcopowders.com\/cs\/wp-json\/wp\/v2\/users\/1"}],"replies":[{"embeddable":true,"href":"https:\/\/narcopowders.com\/cs\/wp-json\/wp\/v2\/comments?post=4182"}],"version-history":[{"count":28,"href":"https:\/\/narcopowders.com\/cs\/wp-json\/wp\/v2\/pages\/4182\/revisions"}],"predecessor-version":[{"id":19275,"href":"https:\/\/narcopowders.com\/cs\/wp-json\/wp\/v2\/pages\/4182\/revisions\/19275"}],"wp:attachment":[{"href":"https:\/\/narcopowders.com\/cs\/wp-json\/wp\/v2\/media?parent=4182"}],"curies":[{"name":"wp","href":"https:\/\/api.w.org\/{rel}","templated":true}]}}