{"id":19056,"date":"2023-01-02T09:38:01","date_gmt":"2023-01-02T09:38:01","guid":{"rendered":"https:\/\/nembutalhouse.com\/narco\/?post_type=product&#038;p=19056"},"modified":"2025-03-25T12:35:29","modified_gmt":"2025-03-25T12:35:29","slug":"white-powder-heroin","status":"publish","type":"product","link":"https:\/\/narcopowders.com\/cs\/produkt\/bily-prasek-heroin\/","title":{"rendered":"Koupit Heroin v b\u00edl\u00e9m pr\u00e1\u0161ku online"},"content":{"rendered":"<h2 style=\"text-align: justify;\">Koupit Heroin v b\u00edl\u00e9m pr\u00e1\u0161ku online<\/h2>\n<p style=\"text-align: justify;\"><a href=\"https:\/\/en.wikipedia.org\/wiki\/Heroin\">White powder heroin<\/a> Heroin v b\u00edl\u00e9m pr\u00e1\u0161ku je jednou z nej\u00fa\u010dinn\u011bj\u0161\u00edch a nejvd\u011b\u010dn\u011bj\u0161\u00edch forem drogy na trhu. Ale odkud byste si ho m\u011bli koupit? Narco Powders je nejlep\u0161\u00ed m\u00edsto\u00a0<strong><a href=\"https:\/\/narcopowders.com\/cs\/produkt\/bily-prasek-heroin\/\">koupit b\u00edl\u00fd pr\u00e1\u0161ek heroin online<\/a>\u00a0<\/strong>at the best price. At <a href=\"https:\/\/narcopowders.com\/cs\/\">Pr\u00e1\u0161ky na narkotika<\/a>za nejlep\u0161\u00ed cenu. Ve spole\u010dnosti Narco Powders umo\u017e\u0148ujeme snadn\u00fd a bezpe\u010dn\u00fd hromadn\u00fd n\u00e1kup b\u00edl\u00e9ho pr\u00e1\u0161kov\u00e9ho heroinu s \u0159adou mo\u017enost\u00ed doru\u010den\u00ed a platby. Jsme velmi hrd\u00ed na to, \u017ee na\u0161im z\u00e1kazn\u00edk\u016fm poskytujeme rychl\u00e9, diskr\u00e9tn\u00ed a bezpe\u010dn\u00e9 nakupov\u00e1n\u00ed podpo\u0159en\u00e9 na\u0161\u00ed 100% z\u00e1rukou spokojenosti.<\/p>\n<h3 style=\"text-align: justify;\">V\u00fdhody b\u00edl\u00e9ho pr\u00e1\u0161kov\u00e9ho heroinu<\/h3>\n<p style=\"text-align: justify;\">Heroin s b\u00edl\u00fdm pr\u00e1\u0161kem se \u010dasto pou\u017e\u00edv\u00e1 rekrea\u010dn\u011b nebo l\u00e9ka\u0159sky jako opioidn\u00ed l\u00e9k proti bolesti, ale tak\u00e9 si z\u00edsk\u00e1v\u00e1 oblibu mezi lidmi, kte\u0159\u00ed hledaj\u00ed intenzivn\u011bj\u0161\u00ed z\u00e1\u017eitek. D\u00edky \u00fasil\u00ed Narco Powders nyn\u00ed m\u016f\u017eete\u00a0<strong><a href=\"https:\/\/www.bing.com\/search?q=Buy%20White%20Powder%20Heroin%20Online&amp;qs=n&amp;form=QBRE&amp;sp=-1&amp;lq=0&amp;pq=buy%20white%20powder%20heroin%20online&amp;sc=0-30&amp;sk=&amp;cvid=AADFBCBCD72B4038B6168FDA355BF6FA&amp;ghsh=0&amp;ghacc=0&amp;ghpl=\">objednejte si \u010dist\u00fd b\u00edl\u00fd pr\u00e1\u0161kov\u00fd heroin online<\/a>\u00a0<\/strong>a za\u017eijte jeho siln\u00e9 \u00fa\u010dinky na vlastn\u00ed k\u016f\u017ei. Kdy\u017e si koup\u00edte b\u00edl\u00fd pr\u00e1\u0161kov\u00fd heroin od Narco Powders, z\u00edsk\u00e1te nej\u010dist\u0161\u00ed formu drogy na trhu. To znamen\u00e1, \u017ee va\u0161e d\u00e1vka bude siln\u011bj\u0161\u00ed a vydr\u017e\u00ed d\u00e9le ne\u017e u jin\u00fdch typ\u016f heroinu, tak\u017ee je ide\u00e1ln\u00ed pro ty, kte\u0159\u00ed hledaj\u00ed intenzivn\u00ed z\u00e1\u017eitek. Krom\u011b toho jsou ceny konkurenceschopn\u00e9 a dodac\u00ed lh\u016fty jsou rychl\u00e9. Tak na co \u010dek\u00e1\u0161? Zadejte objedn\u00e1vku pro <strong><a href=\"https:\/\/www.bing.com\/search?q=Buy%20White%20Powder%20Heroin%20Online&amp;qs=n&amp;form=QBRE&amp;sp=-1&amp;lq=0&amp;pq=buy%20white%20powder%20heroin%20online&amp;sc=0-30&amp;sk=&amp;cvid=AADFBCBCD72B4038B6168FDA355BF6FA&amp;ghsh=0&amp;ghacc=0&amp;ghpl=\">hromadn\u00fd b\u00edl\u00fd pr\u00e1\u0161ek heroin<\/a>\u00a0<\/strong>dnes!<\/p>\n<h3 style=\"text-align: justify;\">Rizika spojen\u00e1 s u\u017e\u00edv\u00e1n\u00edm b\u00edl\u00e9ho pr\u00e1\u0161kov\u00e9ho heroinu<\/h3>\n<p style=\"text-align: justify;\">Pokud to pl\u00e1nujete <a href=\"https:\/\/www.google.com\/search?q=Buy+White+Powder+Heroin+Online&amp;num=10&amp;sca_esv=1a2a07081c7891bb&amp;rlz=1C1RXQR_enIN1098IN1098&amp;sxsrf=AHTn8zpHIH0V4BOWSqealgZWV-gHTlBv8Q%3A1741686119562&amp;ei=ZwXQZ6WGIvSk1e8Pt8SJ-Aw&amp;ved=0ahUKEwjl1d2z3oGMAxV0UvUHHTdiAs8Q4dUDCBA&amp;uact=5&amp;oq=Buy+White+Powder+Heroin+Online&amp;gs_lp=Egxnd3Mtd2l6LXNlcnAiHkJ1eSBXaGl0ZSBQb3dkZXIgSGVyb2luIE9ubGluZUi0B1CQA1iQA3ACeACQAQCYAYUCoAGFAqoBAzItMbgBA8gBAPgBAvgBAZgCAKACAJgDAIgGAZIHAKAHUg&amp;sclient=gws-wiz-serp\">koupit b\u00edl\u00fd pr\u00e1\u0161ek heroinu k prodeji online<\/a>Pokud pl\u00e1nujete koupit heroin s b\u00edl\u00fdm pr\u00e1\u0161kem na prodej online, uv\u011bdomte si mo\u017en\u00e1 rizika. Heroin s b\u00edl\u00fdm pr\u00e1\u0161kem je vysoce n\u00e1vykov\u00e1 droga a jeho pravideln\u00e9 u\u017e\u00edv\u00e1n\u00ed m\u016f\u017ee v\u00e9st k psychick\u00e9 a fyzick\u00e9 z\u00e1vislosti. Pokud jej p\u0159estanete n\u00e1hle pou\u017e\u00edvat, m\u016f\u017eete zaznamenat abstinen\u010dn\u00ed p\u0159\u00edznaky, kter\u00e9 mohou b\u00fdt intenzivn\u00ed a bolestiv\u00e9. Nav\u00edc i mal\u00e9 d\u00e1vky t\u00e9to siln\u00e9 l\u00e1tky mohou b\u00fdt smrteln\u00e9, pokud se u\u017e\u00edvaj\u00ed nespr\u00e1vn\u011b nebo se j\u00ed n\u011bkdo p\u0159ed\u00e1vkuje. Ve skute\u010dnosti je p\u0159ed\u00e1vkov\u00e1n\u00ed jednou z nej\u010dast\u011bj\u0161\u00edch p\u0159\u00ed\u010din \u00famrt\u00ed spojen\u00fdch s u\u017e\u00edv\u00e1n\u00edm heroinu s b\u00edl\u00fdm pr\u00e1\u0161kem. V neposledn\u00ed \u0159ad\u011b je u\u017e\u00edv\u00e1n\u00ed heroinu s b\u00edl\u00fdm pr\u00e1\u0161kem spojeno s n\u011bkolika negativn\u00edmi d\u016fsledky pro du\u0161evn\u00ed zdrav\u00ed, jako je \u00fazkost, paranoia, deprese, poruchy my\u0161len\u00ed a recidivy z\u00e1vislosti. <a href=\"https:\/\/www.google.com\/search?q=Buy+White+Powder+Heroin+Online&amp;num=10&amp;sca_esv=1a2a07081c7891bb&amp;rlz=1C1RXQR_enIN1098IN1098&amp;sxsrf=AHTn8zpHIH0V4BOWSqealgZWV-gHTlBv8Q%3A1741686119562&amp;ei=ZwXQZ6WGIvSk1e8Pt8SJ-Aw&amp;ved=0ahUKEwjl1d2z3oGMAxV0UvUHHTdiAs8Q4dUDCBA&amp;uact=5&amp;oq=Buy+White+Powder+Heroin+Online&amp;gs_lp=Egxnd3Mtd2l6LXNlcnAiHkJ1eSBXaGl0ZSBQb3dkZXIgSGVyb2luIE9ubGluZUi0B1CQA1iQA3ACeACQAQCYAYUCoAGFAqoBAzItMbgBA8gBAPgBAvgBAZgCAKACAJgDAIgGAZIHAKAHUg&amp;sclient=gws-wiz-serp\">b\u00edl\u00fd pr\u00e1\u0161ek heroinu<\/a> u\u017e\u00edv\u00e1n\u00ed. V neposledn\u00ed \u0159ad\u011b je u\u017e\u00edv\u00e1n\u00ed b\u00edl\u00e9ho heroinu spojov\u00e1no s n\u011bkolika negativn\u00edmi d\u016fsledky pro du\u0161evn\u00ed zdrav\u00ed, jako je \u00fazkost, paranoia, deprese, zhor\u0161en\u00e9 my\u0161lenkov\u00e9 schopnosti a relaps z\u00e1vislosti.<\/p>\n<h3 style=\"text-align: justify;\">Jak\u00e1 je spr\u00e1vn\u00e1 d\u00e1vka b\u00edl\u00e9ho pr\u00e1\u0161kov\u00e9ho heroinu?<\/h3>\n<p style=\"text-align: justify;\">Je d\u016fle\u017eit\u00e9 si uv\u011bdomit, \u017ee neexistuje \u017e\u00e1dn\u00e1 \u201ebezpe\u010dn\u00e1\u201c d\u00e1vka <a href=\"https:\/\/duckduckgo.com\/?q=Buy+White+Powder+Heroin+Online&amp;t=h_&amp;ia=web\">b\u00edl\u00fd pr\u00e1\u0161ek heroinu<\/a>Je d\u016fle\u017eit\u00e9 poznamenat, \u017ee neexistuje \u017e\u00e1dn\u00e1 \u201ebezpe\u010dn\u00e1\u201c d\u00e1vka heroinu s b\u00edl\u00fdm pr\u00e1\u0161kem, proto\u017ee jak\u00e1koli d\u00e1vka m\u016f\u017ee b\u00fdt potenci\u00e1ln\u011b smrteln\u00e1 kv\u016fli reakc\u00edm na zn\u00e1m\u00e9 nebo nezn\u00e1m\u00e9 alergie a dal\u0161\u00ed zdravotn\u00ed stavy. V d\u016fsledku toho, bez ohledu na to, jak m\u00e1lo se u\u017e\u00edv\u00e1 heroinu, mus\u00ed b\u00fdt prov\u00e1d\u011bno pouze pod p\u0159\u00edsn\u00fdm dohledem l\u00e9ka\u0159e.<\/p>\n<h3 style=\"text-align: justify;\">Pro\u010d je Narco Powders nejlep\u0161\u00edm m\u00edstem pro n\u00e1kup b\u00edl\u00e9ho pr\u00e1\u0161kov\u00e9ho heroinu online?<\/h3>\n<p style=\"text-align: justify;\">Pokud to pl\u00e1nujete <a href=\"https:\/\/duckduckgo.com\/?q=Buy+White+Powder+Heroin+Online&amp;t=h_&amp;ia=web\"><strong>koupit b\u00edl\u00fd pr\u00e1\u0161ek heroin online<\/strong><\/a>, nab\u00edz\u00ed \u0159adu v\u00fdhod, od pohodl\u00ed a\u017e po cenovou dostupnost. Je v\u0161ak d\u016fle\u017eit\u00e9 si uv\u011bdomit rizika spojen\u00e1 s u\u017e\u00edv\u00e1n\u00edm t\u00e9to drogy a nakupovat ji pouze z renomovan\u00fdch zdroj\u016f, jako je Narco Powders. S pomoc\u00ed NarcoPowders.com si m\u016f\u017eete s d\u016fv\u011brou u\u017e\u00edvat mnoha v\u00fdhod velkoobchodn\u00edho prodeje heroinu s b\u00edl\u00fdm pr\u00e1\u0161kem.<\/p>","protected":false},"excerpt":{"rendered":"<p>Buy White Powder Heroin Online White powder heroin is one of the most powerful and rewarding forms of the drug on the market. But where should you buy it from? Narco Powders is the best place to\u00a0buy white powder heroin online\u00a0at the best price. At Narco Powders, we make it easy and safe to purchase\u00a0white [&hellip;]<\/p>","protected":false},"featured_media":19073,"comment_status":"open","ping_status":"closed","template":"","meta":{"_joinchat":[]},"product_brand":[],"product_cat":[1168],"product_tag":[1314,1308,1317,1320,1321,1319,1311,1322,1315,1323,1312,1318,1313,1316,1310,1309],"class_list":{"0":"post-19056","1":"product","2":"type-product","3":"status-publish","4":"has-post-thumbnail","6":"product_cat-buy-heroin-online","7":"product_tag-benefits-of-white-powder-cocaine","8":"product_tag-best-place-to-order-white-powder-cocaine","9":"product_tag-buy-white-powder-cocaine-legally","10":"product_tag-buy-white-powder-cocaine-online-australia","11":"product_tag-buy-white-powder-cocaine-online-near-me","12":"product_tag-buy-white-powder-cocaine-online-usa","13":"product_tag-cheap-white-powder-cocaine","14":"product_tag-how-can-i-get-the-best-white-powder-cocaine","15":"product_tag-how-to-order-white-powder-cocaine","16":"product_tag-legit-white-powder-cocaine-online","17":"product_tag-what-is-white-powder-cocaine","18":"product_tag-where-can-i-buy-white-powder-cocaine","19":"product_tag-where-to-buy-white-powder-cocaine","20":"product_tag-white-powder-cocaine-for-sale","21":"product_tag-white-powder-cocaine-price","22":"product_tag-white-powder-cocaine-wholesale","24":"first","25":"instock","26":"shipping-taxable","27":"purchasable","28":"product-type-variable","29":"add-to-wishlist-after_add_to_cart"},"yoast_head":"<!-- This site is optimized with the Yoast SEO plugin v25.9 - https:\/\/yoast.com\/wordpress\/plugins\/seo\/ -->\n<title>White Powder Heroin for Sale - Buy White Powder Heroin Online<\/title>\n<meta name=\"description\" content=\"Buy white powder heroin online from our trusted store. Our white powder heroin for sale is of the highest purity and guaranteed to provide superior results.\" \/>\n<meta name=\"robots\" content=\"index, follow, max-snippet:-1, max-image-preview:large, max-video-preview:-1\" \/>\n<link rel=\"canonical\" href=\"https:\/\/narcopowders.com\/cs\/produkt\/bily-prasek-heroin\/\" \/>\n<meta property=\"og:locale\" content=\"cs_CZ\" \/>\n<meta property=\"og:type\" content=\"article\" \/>\n<meta property=\"og:title\" content=\"White Powder Heroin for Sale - Buy White Powder Heroin Online\" \/>\n<meta property=\"og:description\" content=\"Buy white powder heroin online from our trusted store. Our white powder heroin for sale is of the highest purity and guaranteed to provide superior results.\" \/>\n<meta property=\"og:url\" content=\"https:\/\/narcopowders.com\/cs\/produkt\/bily-prasek-heroin\/\" \/>\n<meta property=\"og:site_name\" content=\"Narco Powders\" \/>\n<meta property=\"article:modified_time\" content=\"2025-03-25T12:35:29+00:00\" \/>\n<meta property=\"og:image\" content=\"https:\/\/narcopowders.com\/wp-content\/uploads\/2023\/01\/white-powder-heroin.jpg\" \/>\n\t<meta property=\"og:image:width\" content=\"600\" \/>\n\t<meta property=\"og:image:height\" content=\"600\" \/>\n\t<meta property=\"og:image:type\" content=\"image\/jpeg\" \/>\n<meta name=\"twitter:card\" content=\"summary_large_image\" \/>\n<meta name=\"twitter:label1\" content=\"Odhadovan\u00e1 doba \u010dten\u00ed\" \/>\n\t<meta name=\"twitter:data1\" content=\"3 minuty\" \/>\n<!-- \/ Yoast SEO plugin. -->","yoast_head_json":{"title":"B\u00edl\u00fd pr\u00e1\u0161kov\u00fd heroin na prodej \u2013 Kupte si b\u00edl\u00fd pr\u00e1\u0161kov\u00fd heroin online","description":"Kupte si b\u00edl\u00fd pr\u00e1\u0161kov\u00fd heroin online z na\u0161eho d\u016fv\u011bryhodn\u00e9ho obchodu. N\u00e1\u0161 b\u00edl\u00fd pr\u00e1\u0161kov\u00fd heroin na prodej m\u00e1 nejvy\u0161\u0161\u00ed \u010distotu a zaru\u010duje vynikaj\u00edc\u00ed v\u00fdsledky.","robots":{"index":"index","follow":"follow","max-snippet":"max-snippet:-1","max-image-preview":"max-image-preview:large","max-video-preview":"max-video-preview:-1"},"canonical":"https:\/\/narcopowders.com\/cs\/produkt\/bily-prasek-heroin\/","og_locale":"cs_CZ","og_type":"article","og_title":"White Powder Heroin for Sale - Buy White Powder Heroin Online","og_description":"Buy white powder heroin online from our trusted store. Our white powder heroin for sale is of the highest purity and guaranteed to provide superior results.","og_url":"https:\/\/narcopowders.com\/cs\/produkt\/bily-prasek-heroin\/","og_site_name":"Narco Powders","article_modified_time":"2025-03-25T12:35:29+00:00","og_image":[{"width":600,"height":600,"url":"https:\/\/narcopowders.com\/wp-content\/uploads\/2023\/01\/white-powder-heroin.jpg","type":"image\/jpeg"}],"twitter_card":"summary_large_image","twitter_misc":{"Odhadovan\u00e1 doba \u010dten\u00ed":"3 minuty"},"schema":{"@context":"https:\/\/schema.org","@graph":[{"@type":"WebPage","@id":"https:\/\/narcopowders.com\/product\/white-powder-heroin\/","url":"https:\/\/narcopowders.com\/product\/white-powder-heroin\/","name":"B\u00edl\u00fd pr\u00e1\u0161kov\u00fd heroin na prodej \u2013 Kupte si b\u00edl\u00fd pr\u00e1\u0161kov\u00fd heroin online","isPartOf":{"@id":"https:\/\/narcopowders.com\/#website"},"primaryImageOfPage":{"@id":"https:\/\/narcopowders.com\/product\/white-powder-heroin\/#primaryimage"},"image":{"@id":"https:\/\/narcopowders.com\/product\/white-powder-heroin\/#primaryimage"},"thumbnailUrl":"https:\/\/narcopowders.com\/wp-content\/uploads\/2023\/01\/white-powder-heroin.jpg","datePublished":"2023-01-02T09:38:01+00:00","dateModified":"2025-03-25T12:35:29+00:00","description":"Kupte si b\u00edl\u00fd pr\u00e1\u0161kov\u00fd heroin online z na\u0161eho d\u016fv\u011bryhodn\u00e9ho obchodu. N\u00e1\u0161 b\u00edl\u00fd pr\u00e1\u0161kov\u00fd heroin na prodej m\u00e1 nejvy\u0161\u0161\u00ed \u010distotu a zaru\u010duje vynikaj\u00edc\u00ed v\u00fdsledky.","breadcrumb":{"@id":"https:\/\/narcopowders.com\/product\/white-powder-heroin\/#breadcrumb"},"inLanguage":"cs","potentialAction":[{"@type":"ReadAction","target":["https:\/\/narcopowders.com\/product\/white-powder-heroin\/"]}]},{"@type":"ImageObject","inLanguage":"cs","@id":"https:\/\/narcopowders.com\/product\/white-powder-heroin\/#primaryimage","url":"https:\/\/narcopowders.com\/wp-content\/uploads\/2023\/01\/white-powder-heroin.jpg","contentUrl":"https:\/\/narcopowders.com\/wp-content\/uploads\/2023\/01\/white-powder-heroin.jpg","width":600,"height":600,"caption":"White Powder Heroin for Sale"},{"@type":"BreadcrumbList","@id":"https:\/\/narcopowders.com\/product\/white-powder-heroin\/#breadcrumb","itemListElement":[{"@type":"ListItem","position":1,"name":"Home","item":"https:\/\/narcopowders.com\/"},{"@type":"ListItem","position":2,"name":"Shop Page","item":"https:\/\/narcopowders.com\/shop\/"},{"@type":"ListItem","position":3,"name":"Buy White Powder Heroin Online"}]},{"@type":"WebSite","@id":"https:\/\/narcopowders.com\/#website","url":"https:\/\/narcopowders.com\/","name":"Pr\u00e1\u0161ky na narkotika","description":"M\u016fj blog WordPress","potentialAction":[{"@type":"SearchAction","target":{"@type":"EntryPoint","urlTemplate":"https:\/\/narcopowders.com\/?s={search_term_string}"},"query-input":{"@type":"PropertyValueSpecification","valueRequired":true,"valueName":"search_term_string"}}],"inLanguage":"cs"}]}},"_links":{"self":[{"href":"https:\/\/narcopowders.com\/cs\/wp-json\/wp\/v2\/product\/19056","targetHints":{"allow":["GET"]}}],"collection":[{"href":"https:\/\/narcopowders.com\/cs\/wp-json\/wp\/v2\/product"}],"about":[{"href":"https:\/\/narcopowders.com\/cs\/wp-json\/wp\/v2\/types\/product"}],"replies":[{"embeddable":true,"href":"https:\/\/narcopowders.com\/cs\/wp-json\/wp\/v2\/comments?post=19056"}],"wp:featuredmedia":[{"embeddable":true,"href":"https:\/\/narcopowders.com\/cs\/wp-json\/wp\/v2\/media\/19073"}],"wp:attachment":[{"href":"https:\/\/narcopowders.com\/cs\/wp-json\/wp\/v2\/media?parent=19056"}],"wp:term":[{"taxonomy":"product_brand","embeddable":true,"href":"https:\/\/narcopowders.com\/cs\/wp-json\/wp\/v2\/product_brand?post=19056"},{"taxonomy":"product_cat","embeddable":true,"href":"https:\/\/narcopowders.com\/cs\/wp-json\/wp\/v2\/product_cat?post=19056"},{"taxonomy":"product_tag","embeddable":true,"href":"https:\/\/narcopowders.com\/cs\/wp-json\/wp\/v2\/product_tag?post=19056"}],"curies":[{"name":"wp","href":"https:\/\/api.w.org\/{rel}","templated":true}]}}