{"id":19057,"date":"2023-01-02T09:27:48","date_gmt":"2023-01-02T09:27:48","guid":{"rendered":"https:\/\/nembutalhouse.com\/narco\/?post_type=product&#038;p=19057"},"modified":"2025-03-25T12:31:48","modified_gmt":"2025-03-25T12:31:48","slug":"black-tar-heroin","status":"publish","type":"product","link":"https:\/\/narcopowders.com\/cs\/product\/black-tar-heroin\/","title":{"rendered":"Kupte si Black Tar Heroin online"},"content":{"rendered":"<h2 style=\"text-align: justify;\">Kupte si Black Tar Heroin online<\/h2>\n<p style=\"text-align: justify;\"><a href=\"https:\/\/narcopowders.com\/cs\/produkt\/cerny-dehet-heroin\/\">Black tar heroin<\/a> je forma drogy heroin zn\u00e1m\u00e1 pro svou \u010dernou, lepkavou a dehtovitou konzistenci. I kdy\u017e je pova\u017eov\u00e1na za riskantn\u00ed a <a href=\"https:\/\/en.wikipedia.org\/wiki\/Heroin\">powerful drug<\/a>, je st\u00e1le velmi \u017e\u00e1dan\u00fd d\u00edky n\u00edzk\u00e9 cen\u011b a dostupnosti. Tak\u017ee, pokud si p\u0159ejete\u00a0<strong>\u010dern\u00fd dehtov\u00fd heroin online<\/strong>\u00a0za nejlep\u0161\u00ed cenu, <a href=\"https:\/\/narcopowders.com\/cs\/\">Pr\u00e1\u0161ky na narkotika<\/a> je nejlep\u0161\u00ed m\u00edsto.<\/p>\n<h3 style=\"text-align: justify;\">Jak\u00fd je vzhled a z\u00e1pach \u010dern\u00e9ho dehtov\u00e9ho heroinu?<\/h3>\n<p style=\"text-align: justify;\">\u010cern\u00fd dehet se vyr\u00e1b\u00ed ze ztvrdl\u00e9ho zbytku, kter\u00fd z\u016fst\u00e1v\u00e1 po kou\u0159en\u00ed nebo injek\u010dn\u00ed aplikaci heroinu. Je siln\u011bj\u0161\u00ed ne\u017e jin\u00e9 formy heroinu a m\u00e1 siln\u011bj\u0161\u00ed v\u016fni a chu\u0165. Na .\u00a0<a href=\"https:\/\/www.bing.com\/search?q=Buy%20Black%20Tar%20Heroin%20Online&amp;qs=n&amp;form=QBRE&amp;sp=-1&amp;lq=0&amp;pq=buy%20black%20tar%20heroin%20online&amp;sc=0-27&amp;sk=&amp;cvid=F01FA017FD0F4F3EABB14F7ED199BF75&amp;ghsh=0&amp;ghacc=0&amp;ghpl=\"><strong>objednat \u010dern\u00fd dehtov\u00fd heroin online<\/strong><\/a>\u00a0z Narco Powders, jednodu\u0161e klikn\u011bte na \u201eP\u0159idat do ko\u0161\u00edku\u201c a zadejte sv\u00e9 \u00fadaje do procesu platby. Pot\u00e9 dostanete sv\u00e9\u00a0<strong><a href=\"https:\/\/www.google.com\/search?q=Buy+Black+Tar+Heroin+Online&amp;num=10&amp;sca_esv=1a2a07081c7891bb&amp;rlz=1C1RXQR_enIN1098IN1098&amp;sxsrf=AHTn8zquBUMCtTjZYnZwT6wlYjztzsC8Wg%3A1741762728195&amp;ei=qDDRZ4LPC83C4-EPh7vMqQk&amp;ved=0ahUKEwiCw8nl-4OMAxVN4TgGHYcdM5UQ4dUDCBA&amp;uact=5&amp;oq=Buy+Black+Tar+Heroin+Online&amp;gs_lp=Egxnd3Mtd2l6LXNlcnAiG0J1eSBCbGFjayBUYXIgSGVyb2luIE9ubGluZUjyBlC6A1i6A3ACeACQAQCYAdMBoAHTAaoBAzItMbgBA8gBAPgBAvgBAZgCAKACAJgDAIgGAZIHAKAHTw&amp;sclient=gws-wiz-serp\">\u010dern\u00fd dehtov\u00fd heroin ve velk\u00e9m<\/a>\u00a0<\/strong>doru\u010deno a\u017e k va\u0161im dve\u0159\u00edm<strong>.\u00a0<\/strong>Nezapome\u0148te v\u0161ak sv\u00e9 drogy bezpe\u010dn\u011b skladovat mimo dosah d\u011bt\u00ed a dom\u00e1c\u00edch zv\u00ed\u0159at a nikdy s nik\u00fdm nesd\u00edlejte jehly nebo st\u0159\u00edka\u010dky.<\/p>\n<h3 style=\"text-align: justify;\">Postup v\u00fdroby a obchodov\u00e1n\u00ed s \u010dern\u00fdm dehtov\u00fdm heroinem<\/h3>\n<p style=\"text-align: justify;\"><a href=\"https:\/\/www.bing.com\/search?q=Buy%20Black%20Tar%20Heroin%20Online&amp;qs=n&amp;form=QBRE&amp;sp=-1&amp;lq=0&amp;pq=buy%20black%20tar%20heroin%20online&amp;sc=0-27&amp;sk=&amp;cvid=F01FA017FD0F4F3EABB14F7ED199BF75&amp;ghsh=0&amp;ghacc=0&amp;ghpl=\">Heroin z \u010dern\u00e9ho dehtu je druh heroinu<\/a> Black tar heroin je druh heroinu, kter\u00fd se vyr\u00e1b\u00ed z pr\u00e1\u0161kov\u00e9ho opia. Tato l\u00e1tka je pot\u00e9 sm\u00edch\u00e1na s dal\u0161\u00edmi chemik\u00e1liemi a zah\u0159\u00edv\u00e1na, dokud se nestane lepkavou \u010dernou l\u00e1tkou zn\u00e1mou jako \u201edehet\u201c. Dehet je pak nakr\u00e1jen na mal\u00e9 kousky a prod\u00e1v\u00e1n na ulic\u00edch jako heroin.<\/p>\n<p style=\"text-align: justify;\">Proces v\u00fdroby a obchodov\u00e1n\u00ed s \u010dern\u00fdm dehtov\u00fdm heroinem je slo\u017eit\u00fd. Deale\u0159i heroinu naviguj\u00ed krimin\u00e1ln\u00ed podsv\u011bt\u00ed, aby z\u00edskali suroviny pot\u0159ebn\u00e9 k v\u00fdrob\u011b drogy a jednali s policisty, kte\u0159\u00ed se je mohou pokusit zastavit. Nicm\u00e9n\u011b dostupnost\u00a0<strong><a href=\"https:\/\/duckduckgo.com\/?q=Buy+Black+Tar+Heroin+Online&amp;t=h_&amp;ia=web\">\u010dern\u00fd dehtov\u00fd heroin na prodej<\/a>\u00a0<\/strong>online na certifikovan\u00fdch str\u00e1nk\u00e1ch, jako je Narco Powders, \u010din\u00ed tento proces je\u0161t\u011b jednodu\u0161\u0161\u00edm ne\u017e kdykoli p\u0159edt\u00edm.<\/p>\n<p style=\"text-align: justify;\">P\u0159i n\u00e1kupu <a href=\"https:\/\/duckduckgo.com\/?q=Buy+Black+Tar+Heroin+Online&amp;t=h_&amp;ia=web\"><strong>\u010dern\u00fd dehtov\u00fd heroin online<\/strong><\/a>, uv\u011bdomte si souvisej\u00edc\u00ed rizika. Nejen, \u017ee riskujete n\u00e1kup drog z nezn\u00e1m\u00e9ho zdroje, ale vystavujete se tak\u00e9 dal\u0161\u00edm nebezpe\u010d\u00edm, v\u010detn\u011b p\u0159ed\u00e1vkov\u00e1n\u00ed a n\u00e1kazy HIV nebo jin\u00fdmi nemocemi (STD). Proto kupujte tyto l\u00e9ky pouze z d\u016fv\u011bryhodn\u00e9ho zdroje, jako je Narco Powders.<\/p>\n<h3 style=\"text-align: justify;\">Negativn\u00ed \u00fa\u010dinky \u010dern\u00e9ho dehtov\u00e9ho heroinu<\/h3>\n<p style=\"text-align: justify;\">Black tar heroin je siln\u00e1, ne\u010dist\u00e1 forma heroinu, kter\u00e1 m\u00e1 n\u011bkolik v\u00e1\u017en\u00fdch vedlej\u0161\u00edch \u00fa\u010dink\u016f. Nap\u0159\u00edklad \u010dern\u00fd dehtov\u00fd heroin m\u016f\u017ee v\u00e9st k nevolnosti, zvracen\u00ed a bolestem hlavy. Dlouhodob\u00e9 u\u017e\u00edv\u00e1n\u00ed m\u016f\u017ee tak\u00e9 v\u00e9st k abstinen\u010dn\u00edm p\u0159\u00edznak\u016fm, jako je deprese, \u00fazkost a neklid. Heroin z \u010dern\u00e9ho dehtu m\u016f\u017ee tak\u00e9 zv\u00fd\u0161it riziko srde\u010dn\u00edch a plicn\u00edch probl\u00e9m\u016f. Pros\u00edm, nebojte se po\u017e\u00e1dat o pomoc, pokud vy nebo n\u011bkdo, koho zn\u00e1te, bojujete se z\u00e1vislost\u00ed na heroinu z \u010dern\u00e9ho dehtu.<\/p>\n<h3 style=\"text-align: justify;\">Pro\u010d nakupovat Black Tar Heroin online od Narco Powders?<\/h3>\n<p style=\"text-align: justify;\">Hled\u00e1te spolehliv\u00fd a kvalitn\u00ed zdroj <a href=\"https:\/\/duckduckgo.com\/?q=Buy+Black+Tar+Heroin+Online&amp;t=h_&amp;ia=web\"><strong>\u010dern\u00fd dehtov\u00fd heroin online<\/strong><\/a>Nehledejte nic jin\u00e9ho ne\u017e Narco Powders. Zde najdete to nejlep\u0161\u00ed <strong>cena \u010dern\u00e9ho dehtu heroinu\u00a0<\/strong>se zaru\u010denou kvalitou. Nav\u00edc nab\u00edz\u00edme nejrychlej\u0161\u00ed dodac\u00ed lh\u016fty v oboru.<\/p>","protected":false},"excerpt":{"rendered":"<p>Buy Black Tar Heroin Online Black tar heroin is a form of the drug heroin known for its black, sticky, and tar-like consistency. While it is considered a risky and powerful drug, it is still in high demand due to its low cost and availability. So, if you wish to\u00a0buy black tar heroin online\u00a0at the [&hellip;]<\/p>","protected":false},"featured_media":19064,"comment_status":"open","ping_status":"closed","template":"","meta":{"_joinchat":[]},"product_brand":[],"product_cat":[1168],"product_tag":[1186,1180,1188,1182,1181,1189,1192,1193,1191,1183,1194,1187,1195,1184,1190,1185],"class_list":{"0":"post-19057","1":"product","2":"type-product","3":"status-publish","4":"has-post-thumbnail","6":"product_cat-buy-heroin-online","7":"product_tag-benefits-of-black-tar-heroin","8":"product_tag-best-place-to-order-black-tar-heroin","9":"product_tag-black-tar-heroin-for-sale","10":"product_tag-black-tar-heroin-price","11":"product_tag-black-tar-heroin-wholesale","12":"product_tag-buy-black-tar-heroin-legally","13":"product_tag-buy-black-tar-heroin-online-australia","14":"product_tag-buy-black-tar-heroin-online-near-me","15":"product_tag-buy-black-tar-heroin-online-usa","16":"product_tag-cheap-black-tar-heroin","17":"product_tag-how-can-i-get-the-best-black-tar-heroin","18":"product_tag-how-to-order-black-tar-heroin","19":"product_tag-legit-black-tar-heroin-online","20":"product_tag-what-is-black-tar-heroin","21":"product_tag-where-can-i-buy-black-tar-heroin","22":"product_tag-where-to-buy-black-tar-heroin","24":"first","25":"instock","26":"shipping-taxable","27":"purchasable","28":"product-type-variable","29":"add-to-wishlist-after_add_to_cart"},"yoast_head":"<!-- This site is optimized with the Yoast SEO plugin v27.5 - https:\/\/yoast.com\/product\/yoast-seo-wordpress\/ -->\n<title>Black Tar Heroin for Sale - Buy Black Tar Heroin Online<\/title>\n<meta name=\"description\" content=\"Looking for best place to buy black tar heroin online? We offer the best quality black tar heroin for sale and at the most affordable prices. Order Now!\" \/>\n<meta name=\"robots\" content=\"index, follow, max-snippet:-1, max-image-preview:large, max-video-preview:-1\" \/>\n<link rel=\"canonical\" href=\"https:\/\/narcopowders.com\/cs\/produkt\/cerny-dehet-heroin\/\" \/>\n<meta property=\"og:locale\" content=\"cs_CZ\" \/>\n<meta property=\"og:type\" content=\"article\" \/>\n<meta property=\"og:title\" content=\"Black Tar Heroin for Sale - Buy Black Tar Heroin Online\" \/>\n<meta property=\"og:description\" content=\"Looking for best place to buy black tar heroin online? We offer the best quality black tar heroin for sale and at the most affordable prices. Order Now!\" \/>\n<meta property=\"og:url\" content=\"https:\/\/narcopowders.com\/cs\/produkt\/cerny-dehet-heroin\/\" \/>\n<meta property=\"og:site_name\" content=\"Narco Powders\" \/>\n<meta property=\"article:modified_time\" content=\"2025-03-25T12:31:48+00:00\" \/>\n<meta property=\"og:image\" content=\"https:\/\/narcopowders.com\/wp-content\/uploads\/2023\/01\/black-tar-heroin.jpg\" \/>\n\t<meta property=\"og:image:width\" content=\"600\" \/>\n\t<meta property=\"og:image:height\" content=\"600\" \/>\n\t<meta property=\"og:image:type\" content=\"image\/jpeg\" \/>\n<meta name=\"twitter:card\" content=\"summary_large_image\" \/>\n<meta name=\"twitter:label1\" content=\"Odhadovan\u00e1 doba \u010dten\u00ed\" \/>\n\t<meta name=\"twitter:data1\" content=\"3 minuty\" \/>\n<!-- \/ Yoast SEO plugin. -->","yoast_head_json":{"title":"Black Tar Heroin na prodej \u2013 Kupte si Black Tar Heroin online","description":"Hled\u00e1te nejlep\u0161\u00ed m\u00edsto k n\u00e1kupu \u010dern\u00e9ho dehtov\u00e9ho heroinu online? Nab\u00edz\u00edme k prodeji nejkvalitn\u011bj\u0161\u00ed \u010dern\u00fd dehtov\u00fd heroin a za nejdostupn\u011bj\u0161\u00ed ceny. Objednat te\u010f!","robots":{"index":"index","follow":"follow","max-snippet":"max-snippet:-1","max-image-preview":"max-image-preview:large","max-video-preview":"max-video-preview:-1"},"canonical":"https:\/\/narcopowders.com\/cs\/produkt\/cerny-dehet-heroin\/","og_locale":"cs_CZ","og_type":"article","og_title":"Black Tar Heroin for Sale - Buy Black Tar Heroin Online","og_description":"Looking for best place to buy black tar heroin online? We offer the best quality black tar heroin for sale and at the most affordable prices. Order Now!","og_url":"https:\/\/narcopowders.com\/cs\/produkt\/cerny-dehet-heroin\/","og_site_name":"Narco Powders","article_modified_time":"2025-03-25T12:31:48+00:00","og_image":[{"width":600,"height":600,"url":"https:\/\/narcopowders.com\/wp-content\/uploads\/2023\/01\/black-tar-heroin.jpg","type":"image\/jpeg"}],"twitter_card":"summary_large_image","twitter_misc":{"Odhadovan\u00e1 doba \u010dten\u00ed":"3 minuty"},"schema":{"@context":"https:\/\/schema.org","@graph":[{"@type":"WebPage","@id":"https:\/\/narcopowders.com\/product\/black-tar-heroin\/","url":"https:\/\/narcopowders.com\/product\/black-tar-heroin\/","name":"Black Tar Heroin na prodej \u2013 Kupte si Black Tar Heroin online","isPartOf":{"@id":"https:\/\/narcopowders.com\/#website"},"primaryImageOfPage":{"@id":"https:\/\/narcopowders.com\/product\/black-tar-heroin\/#primaryimage"},"image":{"@id":"https:\/\/narcopowders.com\/product\/black-tar-heroin\/#primaryimage"},"thumbnailUrl":"https:\/\/narcopowders.com\/wp-content\/uploads\/2023\/01\/black-tar-heroin.jpg","datePublished":"2023-01-02T09:27:48+00:00","dateModified":"2025-03-25T12:31:48+00:00","description":"Hled\u00e1te nejlep\u0161\u00ed m\u00edsto k n\u00e1kupu \u010dern\u00e9ho dehtov\u00e9ho heroinu online? Nab\u00edz\u00edme k prodeji nejkvalitn\u011bj\u0161\u00ed \u010dern\u00fd dehtov\u00fd heroin a za nejdostupn\u011bj\u0161\u00ed ceny. Objednat te\u010f!","breadcrumb":{"@id":"https:\/\/narcopowders.com\/product\/black-tar-heroin\/#breadcrumb"},"inLanguage":"cs","potentialAction":[{"@type":"ReadAction","target":["https:\/\/narcopowders.com\/product\/black-tar-heroin\/"]}]},{"@type":"ImageObject","inLanguage":"cs","@id":"https:\/\/narcopowders.com\/product\/black-tar-heroin\/#primaryimage","url":"https:\/\/narcopowders.com\/wp-content\/uploads\/2023\/01\/black-tar-heroin.jpg","contentUrl":"https:\/\/narcopowders.com\/wp-content\/uploads\/2023\/01\/black-tar-heroin.jpg","width":600,"height":600,"caption":"Buy Black Tar Heroin Online"},{"@type":"BreadcrumbList","@id":"https:\/\/narcopowders.com\/product\/black-tar-heroin\/#breadcrumb","itemListElement":[{"@type":"ListItem","position":1,"name":"Home","item":"https:\/\/narcopowders.com\/"},{"@type":"ListItem","position":2,"name":"Shop Page","item":"https:\/\/narcopowders.com\/shop\/"},{"@type":"ListItem","position":3,"name":"Buy Black Tar Heroin Online"}]},{"@type":"WebSite","@id":"https:\/\/narcopowders.com\/#website","url":"https:\/\/narcopowders.com\/","name":"Pr\u00e1\u0161ky na narkotika","description":"M\u016fj blog WordPress","potentialAction":[{"@type":"SearchAction","target":{"@type":"EntryPoint","urlTemplate":"https:\/\/narcopowders.com\/?s={search_term_string}"},"query-input":{"@type":"PropertyValueSpecification","valueRequired":true,"valueName":"search_term_string"}}],"inLanguage":"cs"}]}},"_links":{"self":[{"href":"https:\/\/narcopowders.com\/cs\/wp-json\/wp\/v2\/product\/19057","targetHints":{"allow":["GET"]}}],"collection":[{"href":"https:\/\/narcopowders.com\/cs\/wp-json\/wp\/v2\/product"}],"about":[{"href":"https:\/\/narcopowders.com\/cs\/wp-json\/wp\/v2\/types\/product"}],"replies":[{"embeddable":true,"href":"https:\/\/narcopowders.com\/cs\/wp-json\/wp\/v2\/comments?post=19057"}],"wp:featuredmedia":[{"embeddable":true,"href":"https:\/\/narcopowders.com\/cs\/wp-json\/wp\/v2\/media\/19064"}],"wp:attachment":[{"href":"https:\/\/narcopowders.com\/cs\/wp-json\/wp\/v2\/media?parent=19057"}],"wp:term":[{"taxonomy":"product_brand","embeddable":true,"href":"https:\/\/narcopowders.com\/cs\/wp-json\/wp\/v2\/product_brand?post=19057"},{"taxonomy":"product_cat","embeddable":true,"href":"https:\/\/narcopowders.com\/cs\/wp-json\/wp\/v2\/product_cat?post=19057"},{"taxonomy":"product_tag","embeddable":true,"href":"https:\/\/narcopowders.com\/cs\/wp-json\/wp\/v2\/product_tag?post=19057"}],"curies":[{"name":"wp","href":"https:\/\/api.w.org\/{rel}","templated":true}]}}