{"id":19075,"date":"2023-01-02T09:51:26","date_gmt":"2023-01-02T09:51:26","guid":{"rendered":"https:\/\/nembutalhouse.com\/narco\/?post_type=product&#038;p=19075"},"modified":"2025-03-25T12:30:25","modified_gmt":"2025-03-25T12:30:25","slug":"brown-powder-heroin","status":"publish","type":"product","link":"https:\/\/narcopowders.com\/cs\/produkt\/brown-pulver-heroin\/","title":{"rendered":"Heroin v hn\u011bd\u00e9m pr\u00e1\u0161ku"},"content":{"rendered":"<h2 style=\"text-align: justify;\">Heroin v hn\u011bd\u00e9m pr\u00e1\u0161ku<\/h2>\n<p style=\"text-align: justify;\"><a href=\"https:\/\/en.wikipedia.org\/wiki\/Heroin\">Heroin v hn\u011bd\u00e9m pr\u00e1\u0161ku<\/a> Koupit hn\u011bd\u00fd pr\u00e1\u0161kov\u00fd heroin online Hn\u011bd\u00fd pr\u00e1\u0161kov\u00fd heroin (BPH) je na sv\u011btov\u00e9m trhu st\u00e1le popul\u00e1rn\u011bj\u0161\u00ed. A\u010dkoli BPH existuje ji\u017e \u0159adu let, jeho popularita je na vzestupu d\u00edky jeho jedine\u010dn\u00fdm \u00fa\u010dink\u016fm na lidsk\u00fd organismus. Pokud si tedy chcete koupit hn\u011bd\u00fd pr\u00e1\u0161kov\u00fd heroin online, Narco Powders je\u00a0<a href=\"https:\/\/narcopowders.com\/cs\/produkt\/brown-pulver-heroin\/\"><strong>koupit hn\u011bd\u00fd pr\u00e1\u0161kov\u00fd heroin online<\/strong><\/a>, then <a href=\"https:\/\/narcopowders.com\/cs\/\">Pr\u00e1\u0161ky na narkotika<\/a> je va\u0161e nejlep\u0161\u00ed volba.<\/p>\n<h3 style=\"text-align: justify;\">Z \u010deho se skl\u00e1d\u00e1 hn\u011bd\u00fd pr\u00e1\u0161ek Heroin?<\/h3>\n<p style=\"text-align: justify;\">BPH je forma opia, kter\u00e1 byla zpracov\u00e1na do pr\u00e1\u0161kov\u00e9 formy. <a href=\"https:\/\/www.google.com\/search?q=Buy+Brown+Powder+Heroin+Online&amp;sca_esv=7d1b82273738a5db&amp;sxsrf=AHTn8zoru4nNVmuqppkIBsSuzm4eOnlOrg%3A1742905234477&amp;ei=kp_iZ4jnHNCsseMP_frH2QE&amp;ved=0ahUKEwiI-IL7m6WMAxVQVmwGHX39MRsQ4dUDCA8&amp;uact=5&amp;oq=Buy+Brown+Powder+Heroin+Online&amp;gs_lp=Egxnd3Mtd2l6LXNlcnAiHkJ1eSBCcm93biBQb3dkZXIgSGVyb2luIE9ubGluZUjEB1C9AVi9AXABeACQAQCYAc0BoAHNAaoBAzItMbgBA8gBAPgBAfgBApgCAaACJ6gCEsICBxAjGCcY6gLCAhcQABiABBiRAhi0AhjHAxiKBRjqAtgBAcICFBAAGIAEGJECGLQCGIoFGOoC2AEBwgIQEAAYAxi0AhjqAhiPAdgBAZgDJ_EFH0i-hSkUnOS6BgYIARABGAGSBwExoAdasgcAuAcA&amp;sclient=gws-wiz-serp\">Tento pr\u00e1\u0161ek lze snadno kou\u0159it nebo injek\u010dn\u011b aplikovat.<\/a>BPH je forma opia, kter\u00e1 byla zpracov\u00e1na do pr\u00e1\u0161kov\u00e9 formy. Tento pr\u00e1\u0161ek lze snadno kou\u0159it nebo aplikovat injek\u010dn\u011b, d\u00edky \u010demu\u017e je siln\u011bj\u0161\u00ed a n\u00e1vykov\u011bj\u0161\u00ed ne\u017e jin\u00e9 formy opia. Krom\u011b toho m\u00e1 BPH d\u00e9letrvaj\u00edc\u00ed \u00fa\u010dinek ne\u017e jin\u00e9 druhy opia, d\u00edky \u010demu\u017e je ide\u00e1ln\u00ed pro pou\u017eit\u00ed p\u0159i vysoce intenzivn\u00edch aktivit\u00e1ch, jako je atletika nebo sex.<\/p>\n<h3 style=\"text-align: justify;\">V\u00fdhody hn\u011bd\u00e9ho pr\u00e1\u0161kov\u00e9ho heroinu<\/h3>\n<p style=\"text-align: justify;\">O tom nen\u00ed pochyb <a href=\"https:\/\/www.google.com\/search?q=Buy+Brown+Powder+Heroin+Online&amp;sca_esv=7d1b82273738a5db&amp;sxsrf=AHTn8zoru4nNVmuqppkIBsSuzm4eOnlOrg%3A1742905234477&amp;ei=kp_iZ4jnHNCsseMP_frH2QE&amp;ved=0ahUKEwiI-IL7m6WMAxVQVmwGHX39MRsQ4dUDCA8&amp;uact=5&amp;oq=Buy+Brown+Powder+Heroin+Online&amp;gs_lp=Egxnd3Mtd2l6LXNlcnAiHkJ1eSBCcm93biBQb3dkZXIgSGVyb2luIE9ubGluZUjEB1C9AVi9AXABeACQAQCYAc0BoAHNAaoBAzItMbgBA8gBAPgBAfgBApgCAaACJ6gCEsICBxAjGCcY6gLCAhcQABiABBiRAhi0AhjHAxiKBRjqAtgBAcICFBAAGIAEGJECGLQCGIoFGOoC2AEBwgIQEAAYAxi0AhjqAhiPAdgBAZgDJ_EFH0i-hSkUnOS6BgYIARABGAGSBwExoAdasgcAuAcA&amp;sclient=gws-wiz-serp\">Brown Powder Heroin (BPH)<\/a> Nen\u00ed pochyb o tom, \u017ee hn\u011bd\u00fd pr\u00e1\u0161ek Heroin (BPH) je dnes jednou z nejpopul\u00e1rn\u011bj\u0161\u00edch drog na trhu. Snadno se v\u00e1m dostane do rukou a u\u017eivatel\u016fm poskytuje rychl\u00fd a siln\u00fd zvuk. BPH je tak\u00e9 zn\u00e1m\u00fd jako \u201ehn\u011bd\u00fd heroin\u201c, proto\u017ee se obvykle vyr\u00e1b\u00ed z hn\u011bd\u00e9ho cukru, k\u00e1vy a pr\u00e1\u0161ku do pe\u010diva.<\/p>\n<p style=\"text-align: justify;\">BPH je vysoce kvalitn\u00ed heroin, co\u017e znamen\u00e1, \u017ee obsahuje vysok\u00e9 hladiny morfinu a kodeinu. D\u00edky tomu je skv\u011blou volbou pro ty, kte\u0159\u00ed hledaj\u00ed intenzivn\u00ed d\u00e1vku \u00falevy od bolesti. Nav\u00edc BPH nab\u00edz\u00ed rychl\u00e9 dod\u00e1n\u00ed do kter\u00e9koli \u010d\u00e1sti sv\u011bta, tak\u017ee je ide\u00e1ln\u00ed pro ty, kte\u0159\u00ed pot\u0159ebuj\u00ed sv\u016fj l\u00e9k rychle. Kone\u010dn\u011b, <a href=\"https:\/\/www.bing.com\/search?q=Buy%20Brown%20Powder%20Heroin%20Online&amp;qs=n&amp;form=QBRE&amp;sp=-1&amp;lq=0&amp;pq=buy%20brown%20powder%20heroin%20online&amp;sc=0-30&amp;sk=&amp;cvid=FF668C5C3A2C40499C5AF5B2F508E6FF&amp;ghsh=0&amp;ghacc=0&amp;ghpl=\"><strong>cena hn\u011bd\u00e9ho pr\u00e1\u0161ku heroinu<\/strong><\/a>\u00a0\u0645\u064a\u0633\u0648\u0631 \u0627\u0644\u062a\u0643\u0644\u0641\u0629 \u0645\u0642\u0627\u0631\u0646\u0629 \u0628\u0627\u0644\u0645\u0648\u0631\u062f\u064a\u0646 \u0627\u0644\u0622\u062e\u0631\u064a\u0646 \u060c \u0645\u0645\u0627 \u064a\u062c\u0639\u0644\u0647 \u062e\u064a\u0627\u0631\u064b\u0627 \u062c\u0630\u0627\u0628\u064b\u0627 \u0644\u0644\u0645\u0633\u062a\u062e\u062f\u0645\u064a\u0646 \u0627\u0644\u0630\u064a\u0646 \u064a\u0631\u064a\u062f\u0648\u0646 \u0639\u0642\u0627\u0642\u064a\u0631 \u0639\u0627\u0644\u064a\u0629 \u0627\u0644\u062c\u0648\u062f\u0629 \u062f\u0648\u0646 \u0643\u0633\u0631 \u0627\u0644\u0628\u0646\u0643.<\/p>\n<h3 style=\"text-align: justify;\">Vedlej\u0161\u00ed \u00fa\u010dinky hn\u011bd\u00e9ho pr\u00e1\u0161ku heroinu<\/h3>\n<p style=\"text-align: justify;\">Hn\u011bd\u00fd heroin je vysoce nebezpe\u010dn\u00e1 a n\u00e1vykov\u00e1 droga, kter\u00e1 se \u010dasto m\u00eds\u00ed s jin\u00fdmi l\u00e1tkami pro zv\u00fd\u0161en\u00ed jej\u00ed \u00fa\u010dinnosti. Obvykle se prod\u00e1v\u00e1 na ulici pod n\u00e1zvy hn\u011bd\u00fd, \u010dern\u00fd nebo st\u0159eln\u00fd prach. <a href=\"https:\/\/duckduckgo.com\/?q=Buy+Brown+Powder+Heroin+Online&amp;t=h_&amp;ia=web\">Brown powder heroin<\/a> Hn\u011bd\u00fd pr\u00e1\u0161kov\u00fd heroin je vysoce nebezpe\u010dn\u00e1 a n\u00e1vykov\u00e1 droga, kter\u00e1 se \u010dasto m\u00eds\u00ed s jin\u00fdmi l\u00e1tkami pro zv\u00fd\u0161en\u00ed jej\u00ed \u00fa\u010dinnosti. Obvykle se prod\u00e1v\u00e1 na ulici pod n\u00e1zvy hn\u011bd\u00fd, \u010dern\u00fd nebo st\u0159eln\u00fd prach. Hn\u011bd\u00fd pr\u00e1\u0161kov\u00fd heroin je sm\u011bs\u00ed morfia a jin\u00fdch opi\u00e1t\u016f, d\u00edky \u010demu\u017e je extr\u00e9mn\u011b \u00fa\u010dinn\u00fd. Kr\u00e1tkodob\u00e9 \u00fa\u010dinky u\u017e\u00edv\u00e1n\u00ed hn\u011bd\u00e9ho pr\u00e1\u0161kov\u00e9ho heroinu zahrnuj\u00ed zv\u00fd\u0161enou srde\u010dn\u00ed frekvenci, intenzivn\u00ed pocit tepla, zrychlen\u00e9 d\u00fdch\u00e1n\u00ed a pocity euforie. Tyto \u00fa\u010dinky jsou rychle n\u00e1sledov\u00e1ny pocity sedace a relaxace. Pravideln\u00e9 u\u017e\u00edv\u00e1n\u00ed hn\u011bd\u00e9ho pr\u00e1\u0161kov\u00e9ho heroinu m\u016f\u017ee \u010dasem v\u00e9st k z\u00e1vislosti a z\u00e1vislosti na droze.<\/p>\n<h3 style=\"text-align: justify;\">Pro\u010d kupovat hn\u011bd\u00fd pr\u00e1\u0161ek Heroin od Narco Powders?<\/h3>\n<p style=\"text-align: justify;\">Kdy\u017e pl\u00e1nujete\u00a0<a href=\"https:\/\/www.bing.com\/search?q=Buy%20Brown%20Powder%20Heroin%20Online&amp;qs=n&amp;form=QBRE&amp;sp=-1&amp;lq=0&amp;pq=buy%20brown%20powder%20heroin%20online&amp;sc=0-30&amp;sk=&amp;cvid=FF668C5C3A2C40499C5AF5B2F508E6FF&amp;ghsh=0&amp;ghacc=0&amp;ghpl=\">objednat hn\u011bd\u00fd pr\u00e1\u0161ek heroinu online<\/a>Kdy\u017e si pl\u00e1nujete objednat hn\u011bd\u00fd pr\u00e1\u0161kov\u00fd heroin online, m\u00e1te k dispozici mnoho mo\u017enost\u00ed. Ne v\u0161echny tyto mo\u017enosti jsou v\u0161ak kvalitn\u00ed nebo bezpe\u010dn\u00e9. To je m\u00edsto, kde p\u0159ich\u00e1z\u00ed Narco Powders. Nab\u00edz\u00edme \u0161irokou \u0161k\u00e1lu forem, zna\u010dek a typ\u016f hn\u011bd\u00e9ho pr\u00e1\u0161kov\u00e9ho heroinu k online prodeji, kter\u00fdm m\u016f\u017eete v\u011b\u0159it. Nav\u00edc na\u0161e rychl\u00e9 dodac\u00ed lh\u016fty znamenaj\u00ed, \u017ee sv\u00e9 l\u00e9ky dostanete rychle a bez jak\u00fdchkoli pot\u00ed\u017e\u00ed. Chceme, aby ka\u017ed\u00fd, kdo si u n\u00e1s objedn\u00e1, m\u011bl pozitivn\u00ed zku\u0161enost. D\u00edky snadn\u00e9mu procesu objedn\u00e1v\u00e1n\u00ed a pohodln\u00fdm platebn\u00edm metod\u00e1m je Narco Powders tou nejlep\u0161\u00ed volbou pro online n\u00e1kup hn\u011bd\u00e9ho pr\u00e1\u0161kov\u00e9ho heroinu. Proto u\u017e ne\u010dekejte \u2013 objednejte si v na\u0161em obchod\u011b je\u0161t\u011b dnes a z\u00edskejte ty nejlep\u0161\u00ed nab\u00eddky na sv\u00e9 obl\u00edben\u00e9 produkty! <a href=\"https:\/\/duckduckgo.com\/?q=Buy+Brown+Powder+Heroin+Online&amp;t=h_&amp;ia=web\">purchasing\u00a0brown powder heroin online<\/a>Proto u\u017e ne\u010dekejte \u2013 objednejte si v na\u0161em obchod\u011b je\u0161t\u011b dnes a z\u00edskejte nejlep\u0161\u00ed nab\u00eddky na sv\u00e9 obl\u00edben\u00e9 produkty!<\/p>","protected":false},"excerpt":{"rendered":"<p>Buy Brown Powder Heroin Online Brown Powder Heroin (BPH) is becoming more and more popular in the global market. Although BPH has been around for years, its popularity is on the rise due to its unique effects on the human body. So, if you are looking to\u00a0buy brown powder heroin online, then Narco Powders is [&hellip;]<\/p>","protected":false},"featured_media":19091,"comment_status":"open","ping_status":"closed","template":"","meta":{"_joinchat":[]},"product_brand":[],"product_cat":[1168],"product_tag":[1218,1212,1220,1214,1213,1221,1224,1225,1223,1215,1226,1219,1227,1216,1222,1217],"class_list":{"0":"post-19075","1":"product","2":"type-product","3":"status-publish","4":"has-post-thumbnail","6":"product_cat-buy-heroin-online","7":"product_tag-benefits-of-brown-powder-heroin","8":"product_tag-best-place-to-order-brown-powder-heroin","9":"product_tag-brown-powder-heroin-for-sale","10":"product_tag-brown-powder-heroin-price","11":"product_tag-brown-powder-heroin-wholesale","12":"product_tag-buy-brown-powder-heroin-legally","13":"product_tag-buy-brown-powder-heroin-online-australia","14":"product_tag-buy-brown-powder-heroin-online-near-me","15":"product_tag-buy-brown-powder-heroin-online-usa","16":"product_tag-cheap-brown-powder-heroin","17":"product_tag-how-can-i-get-the-best-brown-powder-heroin","18":"product_tag-how-to-order-brown-powder-heroin","19":"product_tag-legit-brown-powder-heroin-online","20":"product_tag-what-is-brown-powder-heroin","21":"product_tag-where-can-i-buy-brown-powder-heroin","22":"product_tag-where-to-buy-brown-powder-heroin","24":"first","25":"instock","26":"shipping-taxable","27":"purchasable","28":"product-type-variable","29":"add-to-wishlist-after_add_to_cart"},"yoast_head":"<!-- This site is optimized with the Yoast SEO plugin v25.9 - https:\/\/yoast.com\/wordpress\/plugins\/seo\/ -->\n<title>Brown Powder Heroin for Sale - Buy Brown Powder Heroin Online<\/title>\n<meta name=\"description\" content=\"Looking to buy brown powder heroin online? Get the highest quality brown powder heroin for sale from our trusted source. Order Brown Heroin Online!\" \/>\n<meta name=\"robots\" content=\"index, follow, max-snippet:-1, max-image-preview:large, max-video-preview:-1\" \/>\n<link rel=\"canonical\" href=\"https:\/\/narcopowders.com\/cs\/produkt\/brown-pulver-heroin\/\" \/>\n<meta property=\"og:locale\" content=\"cs_CZ\" \/>\n<meta property=\"og:type\" content=\"article\" \/>\n<meta property=\"og:title\" content=\"Brown Powder Heroin for Sale - Buy Brown Powder Heroin Online\" \/>\n<meta property=\"og:description\" content=\"Looking to buy brown powder heroin online? Get the highest quality brown powder heroin for sale from our trusted source. Order Brown Heroin Online!\" \/>\n<meta property=\"og:url\" content=\"https:\/\/narcopowders.com\/cs\/produkt\/brown-pulver-heroin\/\" \/>\n<meta property=\"og:site_name\" content=\"Narco Powders\" \/>\n<meta property=\"article:modified_time\" content=\"2025-03-25T12:30:25+00:00\" \/>\n<meta property=\"og:image\" content=\"https:\/\/narcopowders.com\/wp-content\/uploads\/2023\/01\/brown-powder-heroin.jpg\" \/>\n\t<meta property=\"og:image:width\" content=\"600\" \/>\n\t<meta property=\"og:image:height\" content=\"600\" \/>\n\t<meta property=\"og:image:type\" content=\"image\/jpeg\" \/>\n<meta name=\"twitter:card\" content=\"summary_large_image\" \/>\n<meta name=\"twitter:label1\" content=\"Odhadovan\u00e1 doba \u010dten\u00ed\" \/>\n\t<meta name=\"twitter:data1\" content=\"3 minuty\" \/>\n<!-- \/ Yoast SEO plugin. -->","yoast_head_json":{"title":"Hn\u011bd\u00fd pr\u00e1\u0161ek Heroin na prodej \u2013 Kupte si Heroin v hn\u011bd\u00e9m pr\u00e1\u0161ku online","description":"Chcete si koupit hn\u011bd\u00fd pr\u00e1\u0161kov\u00fd heroin online? Z\u00edskejte nejkvalitn\u011bj\u0161\u00ed hn\u011bd\u00fd pr\u00e1\u0161kov\u00fd heroin na prodej z na\u0161eho d\u016fv\u011bryhodn\u00e9ho zdroje. Objednejte si hn\u011bd\u00fd heroin online!","robots":{"index":"index","follow":"follow","max-snippet":"max-snippet:-1","max-image-preview":"max-image-preview:large","max-video-preview":"max-video-preview:-1"},"canonical":"https:\/\/narcopowders.com\/cs\/produkt\/brown-pulver-heroin\/","og_locale":"cs_CZ","og_type":"article","og_title":"Brown Powder Heroin for Sale - Buy Brown Powder Heroin Online","og_description":"Looking to buy brown powder heroin online? Get the highest quality brown powder heroin for sale from our trusted source. Order Brown Heroin Online!","og_url":"https:\/\/narcopowders.com\/cs\/produkt\/brown-pulver-heroin\/","og_site_name":"Narco Powders","article_modified_time":"2025-03-25T12:30:25+00:00","og_image":[{"width":600,"height":600,"url":"https:\/\/narcopowders.com\/wp-content\/uploads\/2023\/01\/brown-powder-heroin.jpg","type":"image\/jpeg"}],"twitter_card":"summary_large_image","twitter_misc":{"Odhadovan\u00e1 doba \u010dten\u00ed":"3 minuty"},"schema":{"@context":"https:\/\/schema.org","@graph":[{"@type":"WebPage","@id":"https:\/\/narcopowders.com\/product\/brown-powder-heroin\/","url":"https:\/\/narcopowders.com\/product\/brown-powder-heroin\/","name":"Hn\u011bd\u00fd pr\u00e1\u0161ek Heroin na prodej \u2013 Kupte si Heroin v hn\u011bd\u00e9m pr\u00e1\u0161ku online","isPartOf":{"@id":"https:\/\/narcopowders.com\/#website"},"primaryImageOfPage":{"@id":"https:\/\/narcopowders.com\/product\/brown-powder-heroin\/#primaryimage"},"image":{"@id":"https:\/\/narcopowders.com\/product\/brown-powder-heroin\/#primaryimage"},"thumbnailUrl":"https:\/\/narcopowders.com\/wp-content\/uploads\/2023\/01\/brown-powder-heroin.jpg","datePublished":"2023-01-02T09:51:26+00:00","dateModified":"2025-03-25T12:30:25+00:00","description":"Chcete si koupit hn\u011bd\u00fd pr\u00e1\u0161kov\u00fd heroin online? Z\u00edskejte nejkvalitn\u011bj\u0161\u00ed hn\u011bd\u00fd pr\u00e1\u0161kov\u00fd heroin na prodej z na\u0161eho d\u016fv\u011bryhodn\u00e9ho zdroje. Objednejte si hn\u011bd\u00fd heroin online!","breadcrumb":{"@id":"https:\/\/narcopowders.com\/product\/brown-powder-heroin\/#breadcrumb"},"inLanguage":"cs","potentialAction":[{"@type":"ReadAction","target":["https:\/\/narcopowders.com\/product\/brown-powder-heroin\/"]}]},{"@type":"ImageObject","inLanguage":"cs","@id":"https:\/\/narcopowders.com\/product\/brown-powder-heroin\/#primaryimage","url":"https:\/\/narcopowders.com\/wp-content\/uploads\/2023\/01\/brown-powder-heroin.jpg","contentUrl":"https:\/\/narcopowders.com\/wp-content\/uploads\/2023\/01\/brown-powder-heroin.jpg","width":600,"height":600,"caption":"Brown Powder Heroin"},{"@type":"BreadcrumbList","@id":"https:\/\/narcopowders.com\/product\/brown-powder-heroin\/#breadcrumb","itemListElement":[{"@type":"ListItem","position":1,"name":"Home","item":"https:\/\/narcopowders.com\/"},{"@type":"ListItem","position":2,"name":"Shop Page","item":"https:\/\/narcopowders.com\/shop\/"},{"@type":"ListItem","position":3,"name":"Brown Powder Heroin"}]},{"@type":"WebSite","@id":"https:\/\/narcopowders.com\/#website","url":"https:\/\/narcopowders.com\/","name":"Pr\u00e1\u0161ky na narkotika","description":"M\u016fj blog WordPress","potentialAction":[{"@type":"SearchAction","target":{"@type":"EntryPoint","urlTemplate":"https:\/\/narcopowders.com\/?s={search_term_string}"},"query-input":{"@type":"PropertyValueSpecification","valueRequired":true,"valueName":"search_term_string"}}],"inLanguage":"cs"}]}},"_links":{"self":[{"href":"https:\/\/narcopowders.com\/cs\/wp-json\/wp\/v2\/product\/19075","targetHints":{"allow":["GET"]}}],"collection":[{"href":"https:\/\/narcopowders.com\/cs\/wp-json\/wp\/v2\/product"}],"about":[{"href":"https:\/\/narcopowders.com\/cs\/wp-json\/wp\/v2\/types\/product"}],"replies":[{"embeddable":true,"href":"https:\/\/narcopowders.com\/cs\/wp-json\/wp\/v2\/comments?post=19075"}],"wp:featuredmedia":[{"embeddable":true,"href":"https:\/\/narcopowders.com\/cs\/wp-json\/wp\/v2\/media\/19091"}],"wp:attachment":[{"href":"https:\/\/narcopowders.com\/cs\/wp-json\/wp\/v2\/media?parent=19075"}],"wp:term":[{"taxonomy":"product_brand","embeddable":true,"href":"https:\/\/narcopowders.com\/cs\/wp-json\/wp\/v2\/product_brand?post=19075"},{"taxonomy":"product_cat","embeddable":true,"href":"https:\/\/narcopowders.com\/cs\/wp-json\/wp\/v2\/product_cat?post=19075"},{"taxonomy":"product_tag","embeddable":true,"href":"https:\/\/narcopowders.com\/cs\/wp-json\/wp\/v2\/product_tag?post=19075"}],"curies":[{"name":"wp","href":"https:\/\/api.w.org\/{rel}","templated":true}]}}