{"id":19099,"date":"2023-01-02T10:01:34","date_gmt":"2023-01-02T10:01:34","guid":{"rendered":"https:\/\/nembutalhouse.com\/narco\/?post_type=product&#038;p=19099"},"modified":"2025-03-25T11:59:16","modified_gmt":"2025-03-25T11:59:16","slug":"crack-cocaine","status":"publish","type":"product","link":"https:\/\/narcopowders.com\/cs\/produkt\/crack-kokain\/","title":{"rendered":"Kupte si crackov\u00fd kokain online"},"content":{"rendered":"<h2 style=\"text-align: justify;\">Kupte si crackov\u00fd kokain online<\/h2>\n<p style=\"text-align: justify;\">Pokud hled\u00e1te n\u011bco, co v\u00e1m dod\u00e1 intenzivn\u00ed p\u0159\u00edval energie, crack je pro v\u00e1s drogou. Crack kokain je siln\u00fd stimulant, kter\u00fd se z\u00edsk\u00e1v\u00e1 z rostliny koky. Vyvol\u00e1v\u00e1 intenzivn\u00ed, kr\u00e1tkodob\u00e9 \u00fa\u010dinky, v\u010detn\u011b euforie a zv\u00fd\u0161en\u00e9 energie. Tak co, hled\u00e1te\u00a0<a href=\"https:\/\/narcopowders.com\/cs\/produkt\/crack-kokain\/\"><strong>koupit crack kokain online<\/strong><\/a>? If so, <a href=\"https:\/\/narcopowders.com\/cs\/\">Pr\u00e1\u0161ky na narkotika<\/a> ? Pokud ano, Narco Powders je va\u0161e jedin\u00e9 kontaktn\u00ed m\u00edsto pro v\u0161echny souvisej\u00edc\u00ed v\u011bci\u00a0<a href=\"https:\/\/www.bing.com\/search?q=Buy%20Crack%20Cocaine%20Online&amp;qs=n&amp;form=QBRE&amp;sp=-1&amp;lq=0&amp;pq=buy%20crack%20cocaine%20online&amp;sc=0-24&amp;sk=&amp;cvid=5A9C510B114D4A079A7AC55020730BE4&amp;ghsh=0&amp;ghacc=0&amp;ghpl=\"><strong>crack kokain online<\/strong><\/a>.<\/p>\n<h3 style=\"text-align: justify;\">Z \u010deho se vyr\u00e1b\u00ed crackov\u00fd kokain?<\/h3>\n<p style=\"text-align: justify;\"><a href=\"https:\/\/www.google.com\/search?q=Buy+Crack+Cocaine+Online&amp;num=10&amp;sca_esv=1a2a07081c7891bb&amp;rlz=1C1RXQR_enIN1098IN1098&amp;sxsrf=AHTn8zqSQPNqBnznlXjjKSal3EstteuNmw%3A1741685751392&amp;ei=9wPQZ7LZF47U1e8P8drDiQ0&amp;ved=0ahUKEwjysJaE3YGMAxUOavUHHXHtMNEQ4dUDCBA&amp;uact=5&amp;oq=Buy+Crack+Cocaine+Online&amp;gs_lp=Egxnd3Mtd2l6LXNlcnAiGEJ1eSBDcmFjayBDb2NhaW5lIE9ubGluZUjMB1DBA1jBA3ACeACQAQCYAc8BoAHPAaoBAzItMbgBA8gBAPgBAvgBAZgCAKACAJgDAIgGAZIHAKAHTA&amp;sclient=gws-wiz-serp\">Kokain<\/a> je druh stimulantu, kter\u00fd se extrahuje z list\u016f kokov\u00e9ho ke\u0159e. \u010casto se prod\u00e1v\u00e1 jako \u201e<a href=\"https:\/\/en.wikipedia.org\/wiki\/Cocaine\">crack kokain<\/a>\u201e\u201c, co\u017e je sm\u011bs kokainu a vody. D\u00edky \u0161irok\u00e9mu v\u00fdb\u011bru vysoce kvalitn\u00edch <a href=\"https:\/\/www.bing.com\/search?q=Buy%20Crack%20Cocaine%20Online&amp;qs=n&amp;form=QBRE&amp;sp=-1&amp;lq=0&amp;pq=buy%20crack%20cocaine%20online&amp;sc=0-24&amp;sk=&amp;cvid=5A9C510B114D4A079A7AC55020730BE4&amp;ghsh=0&amp;ghacc=0&amp;ghpl=\"><strong>crack kokain ve velk\u00e9m<\/strong><\/a>, bezpe\u010dn\u00fdmi platebn\u00edmi metodami a diskr\u00e9tn\u00edm doru\u010den\u00edm, Narco Powders je nejlep\u0161\u00ed volbou pro ka\u017ed\u00e9ho, kdo si p\u0159eje bezpe\u010dn\u011b koupit tuto \u00fa\u010dinnou l\u00e1tku.<\/p>\n<h3 style=\"text-align: justify;\">V\u00fdhody crackov\u00e9ho kokainu<\/h3>\n<p style=\"text-align: justify;\"><a href=\"https:\/\/www.google.com\/search?q=Buy+Crack+Cocaine+Online&amp;num=10&amp;sca_esv=1a2a07081c7891bb&amp;rlz=1C1RXQR_enIN1098IN1098&amp;sxsrf=AHTn8zqSQPNqBnznlXjjKSal3EstteuNmw%3A1741685751392&amp;ei=9wPQZ7LZF47U1e8P8drDiQ0&amp;ved=0ahUKEwjysJaE3YGMAxUOavUHHXHtMNEQ4dUDCBA&amp;uact=5&amp;oq=Buy+Crack+Cocaine+Online&amp;gs_lp=Egxnd3Mtd2l6LXNlcnAiGEJ1eSBDcmFjayBDb2NhaW5lIE9ubGluZUjMB1DBA1jBA3ACeACQAQCYAc8BoAHPAaoBAzItMbgBA8gBAPgBAvgBAZgCAKACAJgDAIgGAZIHAKAHTA&amp;sclient=gws-wiz-serp\">Crack cocaine<\/a> Crack kokain je jednou z nejobl\u00edben\u011bj\u0161\u00edch drog na trhu, a to z dobr\u00e9ho d\u016fvodu. Je to rychl\u00fd a snadn\u00fd zp\u016fsob, jak dos\u00e1hnout intenzivn\u00edho vzru\u0161en\u00ed, kter\u00e9 trv\u00e1 d\u00e9le ne\u017e jin\u00e9 drogy. Na rozd\u00edl od jin\u00fdch drog, u kter\u00fdch m\u016f\u017ee n\u011bkdy trvat hodiny, ne\u017e se \u00fa\u010dinky projev\u00ed, crack kokain vyvol\u00e1v\u00e1 okam\u017eitou reakci. \u00da\u010dinky poc\u00edt\u00edte b\u011bhem n\u011bkolika minut, co\u017e znamen\u00e1, \u017ee si budete moci ihned za\u010d\u00edt u\u017e\u00edvat sv\u00e9 nad\u0161en\u00ed. Krom\u011b toho je zn\u00e1mo, \u017ee crack ve srovn\u00e1n\u00ed s jin\u00fdmi drogami, jako je marihuana nebo ext\u00e1ze, zvy\u0161uje kreativitu a intenzitu pocit\u016f. <a href=\"https:\/\/duckduckgo.com\/?q=Buy+Crack+Cocaine+Online&amp;t=h_&amp;ia=web\">crack kokain<\/a> je zn\u00e1mo, \u017ee zvy\u0161uje kreativitu a intenzitu pocit\u016f.<\/p>\n<p style=\"text-align: justify;\">V Narco Powders nab\u00edz\u00edme vysokou kvalitu\u00a0<strong><a href=\"https:\/\/duckduckgo.com\/?q=Buy+Crack+Cocaine+Online&amp;t=h_&amp;ia=web\">crack kokain na prodej<\/a>\u00a0<\/strong>online za n\u00edzkou cenu, kter\u00e1 je dostupn\u00e1 u\u017eivatel\u016fm ve v\u0161ech zem\u00edch. N\u00e1\u0161 crack kokain je vyr\u00e1b\u011bn podle nejvy\u0161\u0161\u00edch mo\u017en\u00fdch standard\u016f \u010distoty, tak\u017ee se m\u016f\u017eete spolehnout, \u017ee dosahujete nejlep\u0161\u00edch mo\u017en\u00fdch v\u00fdsledk\u016f.<\/p>\n<h3 style=\"text-align: justify;\">Vedlej\u0161\u00ed \u00fa\u010dinky crackov\u00e9ho kokainu<\/h3>\n<p style=\"text-align: justify;\">Crack kokain je vysoce n\u00e1vykov\u00e1 a nebezpe\u010dn\u00e1 droga, kter\u00e1 m\u016f\u017ee m\u00edt v\u00e1\u017en\u00e9 d\u016fsledky pro va\u0161e zdrav\u00ed. Kr\u00e1tkodob\u00e9 a dlouhodob\u00e9 vedlej\u0161\u00ed \u00fa\u010dinky cracku zahrnuj\u00ed z\u00e1vislost, probl\u00e9my s du\u0161evn\u00edm zdrav\u00edm a smrt. Crack kokain m\u016f\u017ee tak\u00e9 zp\u016fsobit kr\u00e1tkodob\u00e9 fyzick\u00e9 \u00fa\u010dinky, jako je zv\u00fd\u0161en\u00e1 srde\u010dn\u00ed frekvence, paranoia a n\u00e1sil\u00ed. Dlouhodob\u00e9 vedlej\u0161\u00ed \u00fa\u010dinky se nemusej\u00ed projevit roky pot\u00e9, co jste za\u010dali u\u017e\u00edvat crack, tak\u017ee je d\u016fle\u017eit\u00e9 si uv\u011bdomit rizika p\u0159ed u\u017eit\u00edm t\u00e9to drogy.<\/p>\n<h3 style=\"text-align: justify;\">Kupte si crackov\u00fd kokain online od Narco Powders<\/h3>\n<p style=\"text-align: justify;\">Hled\u00e1te zp\u016fsob, jak se dostat vysoko? Pod\u00edvejte se na Narco Powders, online destinaci pro kontrolovanou kvalitu <strong>velkoobchod cracku s kokainem<\/strong>. Nab\u00edz\u00edme \u0161irokou \u0161k\u00e1lu produkt\u016f, v\u010detn\u011b cracku v mal\u00fdch mno\u017estv\u00edch a\u017e po kilogramov\u00e9 mno\u017estv\u00ed. Nav\u00edc na\u0161e\u00a0<strong>cena cracku<\/strong> je bezkonkuren\u010dn\u00ed \u2013 nikde jinde nenajdete lep\u0161\u00ed nab\u00eddku.<\/p>\n<p style=\"text-align: justify;\">Ch\u00e1peme, \u017ee soukrom\u00ed je d\u016fle\u017eit\u00e9, a proto v\u011bnujeme velkou p\u00e9\u010di balen\u00ed na\u0161ich produkt\u016f, aby dorazily bezpe\u010dn\u011b a diskr\u00e9tn\u011b. Douf\u00e1me, \u017ee zv\u00e1\u017e\u00edte pou\u017eit\u00ed Narco Powders jako sv\u00e9ho zdroje\u00a0<strong>objednat crack kokain online<\/strong>.<\/p>","protected":false},"excerpt":{"rendered":"<p>Buy Crack Cocaine Online If you&#8217;re looking for a high that will give you an intense burst of energy, crack cocaine is the drug for you. Crack cocaine is a potent stimulant that is derived from the coca plant. It produces intense, short-term effects, including euphoria and increased energy. So, are you looking to\u00a0buy crack [&hellip;]<\/p>","protected":false},"featured_media":19114,"comment_status":"open","ping_status":"closed","template":"","meta":{"_joinchat":[]},"product_brand":[],"product_cat":[1179],"product_tag":[1234,1228,1237,1240,1241,1239,1231,1236,1230,1229,1242,1235,1243,1232,1238,1233],"class_list":{"0":"post-19099","1":"product","2":"type-product","3":"status-publish","4":"has-post-thumbnail","6":"product_cat-buy-cocaine-online","7":"product_tag-benefits-of-crack-cocaine","8":"product_tag-best-place-to-order-crack-cocaine","9":"product_tag-buy-crack-cocaine-legally","10":"product_tag-buy-crack-cocaine-online-australia","11":"product_tag-buy-crack-cocaine-online-near-me","12":"product_tag-buy-crack-cocaine-online-usa","13":"product_tag-cheap-crack-cocaine","14":"product_tag-crack-cocaine-for-sale","15":"product_tag-crack-cocaine-price","16":"product_tag-crack-cocaine-wholesale","17":"product_tag-how-can-i-get-the-best-crack-cocaine","18":"product_tag-how-to-order-crack-cocaine","19":"product_tag-legit-crack-cocaine-online","20":"product_tag-what-is-crack-cocaine","21":"product_tag-where-can-i-buy-crack-cocaine","22":"product_tag-where-to-buy-crack-cocaine","24":"first","25":"instock","26":"shipping-taxable","27":"purchasable","28":"product-type-variable","29":"add-to-wishlist-after_add_to_cart"},"yoast_head":"<!-- This site is optimized with the Yoast SEO plugin v25.9 - https:\/\/yoast.com\/wordpress\/plugins\/seo\/ -->\n<title>Buy Crack Cocaine Online - Crack Cocaine for Sale Online<\/title>\n<meta name=\"description\" content=\"Looking for the best quality crack cocaine for sale in bulk quantity? At here, you can buy crack cocaine online with highest purity at the best price. Order Now!\" \/>\n<meta name=\"robots\" content=\"index, follow, max-snippet:-1, max-image-preview:large, max-video-preview:-1\" \/>\n<link rel=\"canonical\" href=\"https:\/\/narcopowders.com\/cs\/produkt\/crack-kokain\/\" \/>\n<meta property=\"og:locale\" content=\"cs_CZ\" \/>\n<meta property=\"og:type\" content=\"article\" \/>\n<meta property=\"og:title\" content=\"Buy Crack Cocaine Online - Crack Cocaine for Sale Online\" \/>\n<meta property=\"og:description\" content=\"Looking for the best quality crack cocaine for sale in bulk quantity? At here, you can buy crack cocaine online with highest purity at the best price. Order Now!\" \/>\n<meta property=\"og:url\" content=\"https:\/\/narcopowders.com\/cs\/produkt\/crack-kokain\/\" \/>\n<meta property=\"og:site_name\" content=\"Narco Powders\" \/>\n<meta property=\"article:modified_time\" content=\"2025-03-25T11:59:16+00:00\" \/>\n<meta property=\"og:image\" content=\"https:\/\/narcopowders.com\/wp-content\/uploads\/2023\/01\/crack-cocaine.jpg\" \/>\n\t<meta property=\"og:image:width\" content=\"600\" \/>\n\t<meta property=\"og:image:height\" content=\"600\" \/>\n\t<meta property=\"og:image:type\" content=\"image\/jpeg\" \/>\n<meta name=\"twitter:card\" content=\"summary_large_image\" \/>\n<meta name=\"twitter:label1\" content=\"Odhadovan\u00e1 doba \u010dten\u00ed\" \/>\n\t<meta name=\"twitter:data1\" content=\"3 minuty\" \/>\n<!-- \/ Yoast SEO plugin. -->","yoast_head_json":{"title":"Kupte si crackov\u00fd kokain online \u2013 crackov\u00fd kokain na prodej online","description":"Hled\u00e1te nejkvalitn\u011bj\u0161\u00ed crack kokain na prodej ve velk\u00e9m? Zde si m\u016f\u017eete koupit crack online s nejvy\u0161\u0161\u00ed \u010distotou za nejlep\u0161\u00ed cenu. Objednat te\u010f!","robots":{"index":"index","follow":"follow","max-snippet":"max-snippet:-1","max-image-preview":"max-image-preview:large","max-video-preview":"max-video-preview:-1"},"canonical":"https:\/\/narcopowders.com\/cs\/produkt\/crack-kokain\/","og_locale":"cs_CZ","og_type":"article","og_title":"Buy Crack Cocaine Online - Crack Cocaine for Sale Online","og_description":"Looking for the best quality crack cocaine for sale in bulk quantity? At here, you can buy crack cocaine online with highest purity at the best price. Order Now!","og_url":"https:\/\/narcopowders.com\/cs\/produkt\/crack-kokain\/","og_site_name":"Narco Powders","article_modified_time":"2025-03-25T11:59:16+00:00","og_image":[{"width":600,"height":600,"url":"https:\/\/narcopowders.com\/wp-content\/uploads\/2023\/01\/crack-cocaine.jpg","type":"image\/jpeg"}],"twitter_card":"summary_large_image","twitter_misc":{"Odhadovan\u00e1 doba \u010dten\u00ed":"3 minuty"},"schema":{"@context":"https:\/\/schema.org","@graph":[{"@type":"WebPage","@id":"https:\/\/narcopowders.com\/product\/crack-cocaine\/","url":"https:\/\/narcopowders.com\/product\/crack-cocaine\/","name":"Kupte si crackov\u00fd kokain online \u2013 crackov\u00fd kokain na prodej online","isPartOf":{"@id":"https:\/\/narcopowders.com\/#website"},"primaryImageOfPage":{"@id":"https:\/\/narcopowders.com\/product\/crack-cocaine\/#primaryimage"},"image":{"@id":"https:\/\/narcopowders.com\/product\/crack-cocaine\/#primaryimage"},"thumbnailUrl":"https:\/\/narcopowders.com\/wp-content\/uploads\/2023\/01\/crack-cocaine.jpg","datePublished":"2023-01-02T10:01:34+00:00","dateModified":"2025-03-25T11:59:16+00:00","description":"Hled\u00e1te nejkvalitn\u011bj\u0161\u00ed crack kokain na prodej ve velk\u00e9m? Zde si m\u016f\u017eete koupit crack online s nejvy\u0161\u0161\u00ed \u010distotou za nejlep\u0161\u00ed cenu. Objednat te\u010f!","breadcrumb":{"@id":"https:\/\/narcopowders.com\/product\/crack-cocaine\/#breadcrumb"},"inLanguage":"cs","potentialAction":[{"@type":"ReadAction","target":["https:\/\/narcopowders.com\/product\/crack-cocaine\/"]}]},{"@type":"ImageObject","inLanguage":"cs","@id":"https:\/\/narcopowders.com\/product\/crack-cocaine\/#primaryimage","url":"https:\/\/narcopowders.com\/wp-content\/uploads\/2023\/01\/crack-cocaine.jpg","contentUrl":"https:\/\/narcopowders.com\/wp-content\/uploads\/2023\/01\/crack-cocaine.jpg","width":600,"height":600,"caption":"Buy Crack Cocaine Online"},{"@type":"BreadcrumbList","@id":"https:\/\/narcopowders.com\/product\/crack-cocaine\/#breadcrumb","itemListElement":[{"@type":"ListItem","position":1,"name":"Home","item":"https:\/\/narcopowders.com\/"},{"@type":"ListItem","position":2,"name":"Shop Page","item":"https:\/\/narcopowders.com\/shop\/"},{"@type":"ListItem","position":3,"name":"Buy Crack Cocaine Online"}]},{"@type":"WebSite","@id":"https:\/\/narcopowders.com\/#website","url":"https:\/\/narcopowders.com\/","name":"Pr\u00e1\u0161ky na narkotika","description":"M\u016fj blog WordPress","potentialAction":[{"@type":"SearchAction","target":{"@type":"EntryPoint","urlTemplate":"https:\/\/narcopowders.com\/?s={search_term_string}"},"query-input":{"@type":"PropertyValueSpecification","valueRequired":true,"valueName":"search_term_string"}}],"inLanguage":"cs"}]}},"_links":{"self":[{"href":"https:\/\/narcopowders.com\/cs\/wp-json\/wp\/v2\/product\/19099","targetHints":{"allow":["GET"]}}],"collection":[{"href":"https:\/\/narcopowders.com\/cs\/wp-json\/wp\/v2\/product"}],"about":[{"href":"https:\/\/narcopowders.com\/cs\/wp-json\/wp\/v2\/types\/product"}],"replies":[{"embeddable":true,"href":"https:\/\/narcopowders.com\/cs\/wp-json\/wp\/v2\/comments?post=19099"}],"wp:featuredmedia":[{"embeddable":true,"href":"https:\/\/narcopowders.com\/cs\/wp-json\/wp\/v2\/media\/19114"}],"wp:attachment":[{"href":"https:\/\/narcopowders.com\/cs\/wp-json\/wp\/v2\/media?parent=19099"}],"wp:term":[{"taxonomy":"product_brand","embeddable":true,"href":"https:\/\/narcopowders.com\/cs\/wp-json\/wp\/v2\/product_brand?post=19099"},{"taxonomy":"product_cat","embeddable":true,"href":"https:\/\/narcopowders.com\/cs\/wp-json\/wp\/v2\/product_cat?post=19099"},{"taxonomy":"product_tag","embeddable":true,"href":"https:\/\/narcopowders.com\/cs\/wp-json\/wp\/v2\/product_tag?post=19099"}],"curies":[{"name":"wp","href":"https:\/\/api.w.org\/{rel}","templated":true}]}}