{"id":19100,"date":"2023-01-02T10:08:30","date_gmt":"2023-01-02T10:08:30","guid":{"rendered":"https:\/\/nembutalhouse.com\/narco\/?post_type=product&#038;p=19100"},"modified":"2025-03-25T11:39:49","modified_gmt":"2025-03-25T11:39:49","slug":"bolivia-cocaine","status":"publish","type":"product","link":"https:\/\/narcopowders.com\/cs\/produkt\/bolivie-kokain\/","title":{"rendered":"Bol\u00edvie Kokain"},"content":{"rendered":"<h2 style=\"text-align: justify;\">Koupit bol\u00edvijsk\u00fd kokain online<\/h2>\n<p style=\"text-align: justify;\">Kokain je jednou z nejpopul\u00e1rn\u011bj\u0161\u00edch drog na sv\u011bt\u011b a Bol\u00edvie je jedn\u00edm z nejv\u011bt\u0161\u00edch producent\u016f koky na sv\u011bt\u011b. Hled\u00e1te to nejlep\u0161\u00ed m\u00edsto\u00a0<a href=\"https:\/\/narcopowders.com\/cs\/produkt\/bolivie-kokain\/\"><strong>koupit bol\u00edvijsk\u00fd kokain online<\/strong><\/a>U\u017e nemus\u00edte hledat d\u00e1l ne\u017e <a href=\"https:\/\/narcopowders.com\/cs\/\">Pr\u00e1\u0161ky na narkotika<\/a>Nab\u00edz\u00edme nejvy\u0161\u0161\u00ed kvalitu!\u00a0<a href=\"https:\/\/en.wikipedia.org\/wiki\/Cocaine\"><strong>Bolivijsk\u00fd kokain online<\/strong><\/a>\u00a0za nejv\u00edce konkurenceschopn\u00e9 ceny.<\/p>\n<h3 style=\"text-align: justify;\">Jak se vyr\u00e1b\u00ed kokain v Bol\u00edvii?<\/h3>\n<p style=\"text-align: justify;\">Bol\u00edvijsk\u00fd kokain se z\u00edsk\u00e1v\u00e1 z rostliny koky a obvykle se prod\u00e1v\u00e1 na \u010dern\u00e9m trhu. Proces tvorby\u00a0<strong><a href=\"https:\/\/www.google.com\/search?q=Buy+Bolivia+Cocaine+Online&amp;sca_esv=7d1b82273738a5db&amp;sxsrf=AHTn8zolrVeV-fQwrnIjqKaeJlc-zvbm8w%3A1742900876467&amp;ei=jI7iZ-KcHKimseMP3fXz-Ac&amp;ved=0ahUKEwjikvvci6WMAxUoU2wGHd36HH8Q4dUDCA8&amp;uact=5&amp;oq=Buy+Bolivia+Cocaine+Online&amp;gs_lp=Egxnd3Mtd2l6LXNlcnAiGkJ1eSBCb2xpdmlhIENvY2FpbmUgT25saW5lSKMUUKwBWKwBcAF4AZABAJgBzwGgAZsFqgEFMC4zLjG4AQPIAQD4AQL4AQGYAgGgAkfCAgoQABiwAxjWBBhHmAMAiAYBkAYIkgcBMaAHtAayBwC4BwA&amp;sclient=gws-wiz-serp\">Bol\u00edvie kokain na prodej<\/a>\u00a0<\/strong>zahrnuje \u0159adu krok\u016f, v\u010detn\u011b chemick\u00e9ho zpracov\u00e1n\u00ed a m\u00edch\u00e1n\u00ed. Nejprve se listy koky rozdrt\u00ed a vysu\u0161\u00ed. Kokainov\u00fd pr\u00e1\u0161ek se pak z t\u011bchto list\u016f extrahuje a \u010dasto se prod\u00e1v\u00e1 na \u010dern\u00e9m trhu. Bol\u00edvijsk\u00fd kokain z renomovan\u00fdch obchod\u016f, jako je Narco Powders, lze \u0161\u0148upat nebo injek\u010dn\u011b aplikovat a obvykle je regulov\u00e1n bolivijskou vl\u00e1dou.<\/p>\n<h3 style=\"text-align: justify;\">V\u00fdhody bol\u00edvijsk\u00e9ho kokainu<\/h3>\n<p style=\"text-align: justify;\">Pokud hled\u00e1te stav, kter\u00fd v\u00e1m dod\u00e1 pocit euforie a energie, <a href=\"https:\/\/www.google.com\/search?q=Buy+Bolivia+Cocaine+Online&amp;sca_esv=7d1b82273738a5db&amp;sxsrf=AHTn8zolrVeV-fQwrnIjqKaeJlc-zvbm8w%3A1742900876467&amp;ei=jI7iZ-KcHKimseMP3fXz-Ac&amp;ved=0ahUKEwjikvvci6WMAxUoU2wGHd36HH8Q4dUDCA8&amp;uact=5&amp;oq=Buy+Bolivia+Cocaine+Online&amp;gs_lp=Egxnd3Mtd2l6LXNlcnAiGkJ1eSBCb2xpdmlhIENvY2FpbmUgT25saW5lSKMUUKwBWKwBcAF4AZABAJgBzwGgAZsFqgEFMC4zLjG4AQPIAQD4AQL4AQGYAgGgAkfCAgoQABiwAxjWBBhHmAMAiAYBkAYIkgcBMaAHtAayBwC4BwA&amp;sclient=gws-wiz-serp\">Bolivijsk\u00fd kokain je va\u0161e nejlep\u0161\u00ed volba<\/a>Pokud hled\u00e1te n\u011bco, co v\u00e1m d\u00e1 pocit euforie a energie, bol\u00edvijsk\u00fd kokain je va\u0161e nejlep\u0161\u00ed s\u00e1zka. Bol\u00edvijsk\u00fd kokain m\u016f\u017ee pomoci zm\u00edrnit p\u0159\u00edznaky stav\u016f, jako je ADHD, chronick\u00e1 bolest, \u00fazkost a deprese, co\u017e z n\u011bj \u010din\u00ed cennou mo\u017enost l\u00e9\u010dby pro mnoho lid\u00ed. Krom\u011b u\u017e\u00edv\u00e1n\u00ed kokainu \u0161\u0148up\u00e1n\u00edm, kou\u0159en\u00edm nebo injekc\u00ed do t\u011bla jej m\u016f\u017eete vyu\u017e\u00edt i r\u016fzn\u00fdmi jin\u00fdmi zp\u016fsoby, abyste poznali jeho \u00fa\u010dinky. Nap\u0159\u00edklad sm\u00edch\u00e1n\u00ed kokainu s alkoholem m\u016f\u017ee vytvo\u0159it silnou noc, po kter\u00e9 se nebudete druh\u00fd den c\u00edtit ospal\u00ed.<\/p>\n<p style=\"text-align: justify;\">Tato siln\u00e1 droga se vyr\u00e1b\u00ed pouze v Bol\u00edvii a je k dispozici online na Narco Powders. Nejen, \u017ee je \u010dist\u00fd a nefal\u0161ovan\u00fd, ale tak\u00e9\u00a0<strong><a href=\"https:\/\/www.bing.com\/search?q=Buy%20Bolivia%20Cocaine%20Online&amp;qs=n&amp;form=QBRE&amp;sp=-1&amp;lq=0&amp;pq=buy%20bolivia%20cocaine%20online&amp;sc=0-26&amp;sk=&amp;cvid=C257DDF1FD2944CFBD7F95C69A143FEA&amp;ghsh=0&amp;ghacc=0&amp;ghpl=\">Cena kokainu v Bol\u00edvii<\/a>\u00a0<\/strong>je cenov\u011b dostupn\u00fd \u2013 dokonce ni\u017e\u0161\u00ed ne\u017e n\u011bkter\u00e9 pouli\u010dn\u00ed drogy. K dispozici jsou tak\u00e9 mo\u017enosti doru\u010den\u00ed po cel\u00e9m sv\u011bt\u011b, tak\u017ee m\u016f\u017eete <strong><a href=\"https:\/\/duckduckgo.com\/?q=Buy+Bolivia+Cocaine+Online&amp;t=h_&amp;ia=web\">objednat bol\u00edvijsk\u00fd kokain online<\/a>\u00a0<\/strong>odkudkoliv.<\/p>\n<h3 style=\"text-align: justify;\">Vedlej\u0161\u00ed \u00fa\u010dinky bol\u00edvijsk\u00e9ho kokainu<\/h3>\n<p style=\"text-align: justify;\"><a href=\"https:\/\/www.bing.com\/search?q=Buy%20Bolivia%20Cocaine%20Online&amp;qs=n&amp;form=QBRE&amp;sp=-1&amp;lq=0&amp;pq=buy%20bolivia%20cocaine%20online&amp;sc=0-26&amp;sk=&amp;cvid=C257DDF1FD2944CFBD7F95C69A143FEA&amp;ghsh=0&amp;ghacc=0&amp;ghpl=\">Bol\u00edvijsk\u00fd kokain m\u016f\u017ee m\u00edt r\u016fzn\u00e9 vedlej\u0161\u00ed \u00fa\u010dinky<\/a> Bol\u00edvijsk\u00fd kokain m\u016f\u017ee m\u00edt r\u016fzn\u00e9 vedlej\u0161\u00ed \u00fa\u010dinky na t\u011blesn\u00e9 funkce a syst\u00e9my. Tyto \u00fa\u010dinky se mohou pohybovat od m\u00edrn\u00fdch a\u017e po \u017eivot ohro\u017euj\u00edc\u00ed a mohou se objevit kdykoli b\u011bhem u\u017e\u00edv\u00e1n\u00ed nebo po jeho ukon\u010den\u00ed. N\u011bkter\u00e9 z \u010dast\u011bj\u0161\u00edch vedlej\u0161\u00edch \u00fa\u010dink\u016f u\u017e\u00edv\u00e1n\u00ed bol\u00edvijsk\u00e9ho kokainu zahrnuj\u00ed zv\u00fd\u0161enou \u00fazkost, z\u00e1chvaty paniky, rychl\u00fd srde\u010dn\u00ed tep, paranoiu, halucinace, z\u00e1chvaty, riziko mrtvice, zv\u00fd\u0161en\u00e9 hladiny krevn\u00edho tlaku a z\u00e1vislost. I kdy\u017e jsou to v\u0161echno v\u00e1\u017en\u00e9 d\u016fsledky, kter\u00e9 by se nem\u011bly br\u00e1t na lehkou v\u00e1hu, nejsou to jedin\u00e1 rizika spojen\u00e1 s u\u017e\u00edv\u00e1n\u00edm t\u00e9to drogy. Bol\u00edvijsk\u00fd kokain m\u00e1 tak\u00e9 potenci\u00e1l pro z\u00e1vislost a dlouhodob\u00e9 kognitivn\u00ed a fyzick\u00e9 po\u0161kozen\u00ed, pokud je u\u017e\u00edv\u00e1n pravideln\u011b v pr\u016fb\u011bhu \u010dasu.<\/p>\n<h3 style=\"text-align: justify;\">Kde koupit bol\u00edvijsk\u00fd kokain online?<\/h3>\n<p style=\"text-align: justify;\">Kdy\u017e se rozhodnete\u00a0<a href=\"https:\/\/duckduckgo.com\/?q=Buy+Bolivia+Cocaine+Online&amp;t=h_&amp;ia=web\"><strong>koupit bol\u00edvijsk\u00fd kokain online<\/strong><\/a>V\u00fdb\u011br Narco Powders jako zdroje m\u00e1 mnoho v\u00fdhod. Zam\u011b\u0159ujeme se na poskytov\u00e1n\u00ed kvalitn\u00edch kokainov\u00fdch produkt\u016f za dostupnou cenu. V\u0161echny produkty na na\u0161ich webov\u00fdch str\u00e1nk\u00e1ch jsou dod\u00e1v\u00e1ny bezpe\u010dn\u011b a bezpe\u010dn\u011b \u2013 nikdo nem\u016f\u017ee ukr\u00e1st va\u0161e drogy, kdy\u017e jsou v p\u0159eprav\u011b. Krom\u011b toho je k dispozici cel\u00e1 \u0159ada dal\u0161\u00edch kvalitn\u00edch kokainov\u00fdch produkt\u016f, v\u010detn\u011b cracku, pr\u00e1\u0161kov\u00e9ho kokainu, mexick\u00e9ho kokainu a tak d\u00e1le.<\/p>","protected":false},"excerpt":{"rendered":"<p>Buy Bolivia Cocaine Online Cocaine is one of the most popular drugs in the world, and Bolivia is one of the largest producers of coca in the world. Are you looking for the best place to\u00a0buy Bolivian cocaine online? Look no further than Narco Powders! We offer the highest quality\u00a0Bolivian cocaine online\u00a0at the most competitive [&hellip;]<\/p>","protected":false},"featured_media":19142,"comment_status":"open","ping_status":"closed","template":"","meta":{"_joinchat":[]},"product_brand":[],"product_cat":[1179],"product_tag":[1202,1196,1204,1198,1197,1205,1208,1209,1207,1199,1210,1203,1211,1200,1206,1201],"class_list":{"0":"post-19100","1":"product","2":"type-product","3":"status-publish","4":"has-post-thumbnail","6":"product_cat-buy-cocaine-online","7":"product_tag-benefits-of-bolivia-cocaine","8":"product_tag-best-place-to-order-bolivia-cocaine","9":"product_tag-bolivia-cocaine-for-sale","10":"product_tag-bolivia-cocaine-price","11":"product_tag-bolivia-cocaine-wholesale","12":"product_tag-buy-bolivia-cocaine-legally","13":"product_tag-buy-bolivia-cocaine-online-australia","14":"product_tag-buy-bolivia-cocaine-online-near-me","15":"product_tag-buy-bolivia-cocaine-online-usa","16":"product_tag-cheap-bolivia-cocaine","17":"product_tag-how-can-i-get-the-best-bolivia-cocaine","18":"product_tag-how-to-order-bolivia-cocaine","19":"product_tag-legit-bolivia-cocaine-online","20":"product_tag-what-is-bolivia-cocaine","21":"product_tag-where-can-i-buy-bolivia-cocaine","22":"product_tag-where-to-buy-bolivia-cocaine","24":"first","25":"instock","26":"shipping-taxable","27":"purchasable","28":"product-type-variable","29":"add-to-wishlist-after_add_to_cart"},"yoast_head":"<!-- This site is optimized with the Yoast SEO plugin v25.9 - https:\/\/yoast.com\/wordpress\/plugins\/seo\/ -->\n<title>Buy Bolivia Cocaine Online - Bolivia Cocaine for Sale | NarcoPowders<\/title>\n<meta name=\"description\" content=\"You can buy bolivia cocaine online from the leading supplier. We offer pure bolivia cocaine for sale with the highest quality and at reasonable prices. Order now!\" \/>\n<meta name=\"robots\" content=\"index, follow, max-snippet:-1, max-image-preview:large, max-video-preview:-1\" \/>\n<link rel=\"canonical\" href=\"https:\/\/narcopowders.com\/cs\/produkt\/bolivie-kokain\/\" \/>\n<meta property=\"og:locale\" content=\"cs_CZ\" \/>\n<meta property=\"og:type\" content=\"article\" \/>\n<meta property=\"og:title\" content=\"Buy Bolivia Cocaine Online - Bolivia Cocaine for Sale | NarcoPowders\" \/>\n<meta property=\"og:description\" content=\"You can buy bolivia cocaine online from the leading supplier. We offer pure bolivia cocaine for sale with the highest quality and at reasonable prices. Order now!\" \/>\n<meta property=\"og:url\" content=\"https:\/\/narcopowders.com\/cs\/produkt\/bolivie-kokain\/\" \/>\n<meta property=\"og:site_name\" content=\"Narco Powders\" \/>\n<meta property=\"article:modified_time\" content=\"2025-03-25T11:39:49+00:00\" \/>\n<meta property=\"og:image\" content=\"https:\/\/narcopowders.com\/wp-content\/uploads\/2023\/01\/bolivia-cocaine.jpg\" \/>\n\t<meta property=\"og:image:width\" content=\"600\" \/>\n\t<meta property=\"og:image:height\" content=\"600\" \/>\n\t<meta property=\"og:image:type\" content=\"image\/jpeg\" \/>\n<meta name=\"twitter:card\" content=\"summary_large_image\" \/>\n<meta name=\"twitter:label1\" content=\"Odhadovan\u00e1 doba \u010dten\u00ed\" \/>\n\t<meta name=\"twitter:data1\" content=\"3 minuty\" \/>\n<!-- \/ Yoast SEO plugin. -->","yoast_head_json":{"title":"Koupit Bol\u00edvie kokain online - Bol\u00edvie kokain na prodej | NarcoPowders","description":"Bol\u00edvijsk\u00fd kokain si m\u016f\u017eete koupit online od p\u0159edn\u00edho dodavatele. Nab\u00edz\u00edme \u010dist\u00fd bol\u00edvijsk\u00fd kokain k prodeji v nejvy\u0161\u0161\u00ed kvalit\u011b a za rozumn\u00e9 ceny. Objednat te\u010f!","robots":{"index":"index","follow":"follow","max-snippet":"max-snippet:-1","max-image-preview":"max-image-preview:large","max-video-preview":"max-video-preview:-1"},"canonical":"https:\/\/narcopowders.com\/cs\/produkt\/bolivie-kokain\/","og_locale":"cs_CZ","og_type":"article","og_title":"Buy Bolivia Cocaine Online - Bolivia Cocaine for Sale | NarcoPowders","og_description":"You can buy bolivia cocaine online from the leading supplier. We offer pure bolivia cocaine for sale with the highest quality and at reasonable prices. Order now!","og_url":"https:\/\/narcopowders.com\/cs\/produkt\/bolivie-kokain\/","og_site_name":"Narco Powders","article_modified_time":"2025-03-25T11:39:49+00:00","og_image":[{"width":600,"height":600,"url":"https:\/\/narcopowders.com\/wp-content\/uploads\/2023\/01\/bolivia-cocaine.jpg","type":"image\/jpeg"}],"twitter_card":"summary_large_image","twitter_misc":{"Odhadovan\u00e1 doba \u010dten\u00ed":"3 minuty"},"schema":{"@context":"https:\/\/schema.org","@graph":[{"@type":"WebPage","@id":"https:\/\/narcopowders.com\/product\/bolivia-cocaine\/","url":"https:\/\/narcopowders.com\/product\/bolivia-cocaine\/","name":"Koupit Bol\u00edvie kokain online - Bol\u00edvie kokain na prodej | NarcoPowders","isPartOf":{"@id":"https:\/\/narcopowders.com\/#website"},"primaryImageOfPage":{"@id":"https:\/\/narcopowders.com\/product\/bolivia-cocaine\/#primaryimage"},"image":{"@id":"https:\/\/narcopowders.com\/product\/bolivia-cocaine\/#primaryimage"},"thumbnailUrl":"https:\/\/narcopowders.com\/wp-content\/uploads\/2023\/01\/bolivia-cocaine.jpg","datePublished":"2023-01-02T10:08:30+00:00","dateModified":"2025-03-25T11:39:49+00:00","description":"Bol\u00edvijsk\u00fd kokain si m\u016f\u017eete koupit online od p\u0159edn\u00edho dodavatele. Nab\u00edz\u00edme \u010dist\u00fd bol\u00edvijsk\u00fd kokain k prodeji v nejvy\u0161\u0161\u00ed kvalit\u011b a za rozumn\u00e9 ceny. Objednat te\u010f!","breadcrumb":{"@id":"https:\/\/narcopowders.com\/product\/bolivia-cocaine\/#breadcrumb"},"inLanguage":"cs","potentialAction":[{"@type":"ReadAction","target":["https:\/\/narcopowders.com\/product\/bolivia-cocaine\/"]}]},{"@type":"ImageObject","inLanguage":"cs","@id":"https:\/\/narcopowders.com\/product\/bolivia-cocaine\/#primaryimage","url":"https:\/\/narcopowders.com\/wp-content\/uploads\/2023\/01\/bolivia-cocaine.jpg","contentUrl":"https:\/\/narcopowders.com\/wp-content\/uploads\/2023\/01\/bolivia-cocaine.jpg","width":600,"height":600,"caption":"Buy Bolivia Cocaine Online"},{"@type":"BreadcrumbList","@id":"https:\/\/narcopowders.com\/product\/bolivia-cocaine\/#breadcrumb","itemListElement":[{"@type":"ListItem","position":1,"name":"Home","item":"https:\/\/narcopowders.com\/"},{"@type":"ListItem","position":2,"name":"Shop Page","item":"https:\/\/narcopowders.com\/shop\/"},{"@type":"ListItem","position":3,"name":"Bolivia Cocaine"}]},{"@type":"WebSite","@id":"https:\/\/narcopowders.com\/#website","url":"https:\/\/narcopowders.com\/","name":"Pr\u00e1\u0161ky na narkotika","description":"M\u016fj blog WordPress","potentialAction":[{"@type":"SearchAction","target":{"@type":"EntryPoint","urlTemplate":"https:\/\/narcopowders.com\/?s={search_term_string}"},"query-input":{"@type":"PropertyValueSpecification","valueRequired":true,"valueName":"search_term_string"}}],"inLanguage":"cs"}]}},"_links":{"self":[{"href":"https:\/\/narcopowders.com\/cs\/wp-json\/wp\/v2\/product\/19100","targetHints":{"allow":["GET"]}}],"collection":[{"href":"https:\/\/narcopowders.com\/cs\/wp-json\/wp\/v2\/product"}],"about":[{"href":"https:\/\/narcopowders.com\/cs\/wp-json\/wp\/v2\/types\/product"}],"replies":[{"embeddable":true,"href":"https:\/\/narcopowders.com\/cs\/wp-json\/wp\/v2\/comments?post=19100"}],"wp:featuredmedia":[{"embeddable":true,"href":"https:\/\/narcopowders.com\/cs\/wp-json\/wp\/v2\/media\/19142"}],"wp:attachment":[{"href":"https:\/\/narcopowders.com\/cs\/wp-json\/wp\/v2\/media?parent=19100"}],"wp:term":[{"taxonomy":"product_brand","embeddable":true,"href":"https:\/\/narcopowders.com\/cs\/wp-json\/wp\/v2\/product_brand?post=19100"},{"taxonomy":"product_cat","embeddable":true,"href":"https:\/\/narcopowders.com\/cs\/wp-json\/wp\/v2\/product_cat?post=19100"},{"taxonomy":"product_tag","embeddable":true,"href":"https:\/\/narcopowders.com\/cs\/wp-json\/wp\/v2\/product_tag?post=19100"}],"curies":[{"name":"wp","href":"https:\/\/api.w.org\/{rel}","templated":true}]}}