{"id":19145,"date":"2023-01-02T10:20:37","date_gmt":"2023-01-02T10:20:37","guid":{"rendered":"https:\/\/nembutalhouse.com\/narco\/?post_type=product&#038;p=19145"},"modified":"2025-03-25T11:57:14","modified_gmt":"2025-03-25T11:57:14","slug":"colombian-cocaine","status":"publish","type":"product","link":"https:\/\/narcopowders.com\/cs\/produkt\/kolumbijsky-kokain\/","title":{"rendered":"Kupte si kolumbijsk\u00fd kokain online"},"content":{"rendered":"<h2 style=\"text-align: justify;\">Kupte si kolumbijsk\u00fd kokain online<\/h2>\n<p style=\"text-align: justify;\">Hled\u00e1te?\u00a0<a href=\"https:\/\/narcopowders.com\/cs\/produkt\/kolumbijsky-kokain\/\"><strong>koupit kolumbijsk\u00fd kokain online<\/strong><\/a>? If so, <a href=\"https:\/\/narcopowders.com\/cs\/\">Pr\u00e1\u0161ky na narkotika<\/a> je pro v\u00e1s ide\u00e1ln\u00edm m\u00edstem. Zde najdete \u0161irokou \u0161k\u00e1lu <a href=\"https:\/\/en.wikipedia.org\/wiki\/Cocaine\">vysoce kvalitn\u00ed kokain<\/a> produkty vyroben\u00e9 z kolumbijsk\u00fdch list\u016f koky.<\/p>\n<h3 style=\"text-align: justify;\">Jak se vyr\u00e1b\u00ed kolumbijsk\u00fd kokain?<\/h3>\n<p style=\"text-align: justify;\"><a href=\"https:\/\/www.bing.com\/search?q=Buy%20Colombian%20Cocaine%20Online&amp;qs=n&amp;form=QBRE&amp;sp=-1&amp;lq=0&amp;pq=buy%20colombian%20cocaine%20online&amp;sc=1-28&amp;sk=&amp;cvid=B9F08B78D28D4CFF9767D05E320B96BB&amp;ghsh=0&amp;ghacc=0&amp;ghpl=\">Colombian cocaine<\/a> Kolumbijsk\u00fd kokain pat\u0159\u00ed mezi nejobl\u00edben\u011bj\u0161\u00ed drogy na trhu. Je to siln\u00fd stimulant, kter\u00fd m\u016f\u017ee pomoci zv\u00fd\u0161it hladinu energie a zlep\u0161it soust\u0159ed\u011bn\u00ed. Pro v\u00fdrobu kolumbijsk\u00e9ho kokainu mus\u00ed farm\u00e1\u0159i nejprve vyp\u011bstovat listy koky v And\u00e1ch. Jakmile listy koky vyrostou, jsou sklizeny a zpracov\u00e1ny na krystaly hydrochloridu kokainu. Tento proces zahrnuje destilaci list\u016f pomoc\u00ed r\u016fzn\u00fdch chemick\u00fdch proces\u016f, v\u010detn\u011b kysel\u00e9ho pran\u00ed a etherov\u00e9 extrakce. Nakonec je kokain p\u0159epravov\u00e1n do z\u00e1mo\u0159\u00ed, aby byl prod\u00e1v\u00e1n na \u010dern\u00e9m trhu.<\/p>\n<p style=\"text-align: justify;\">S\u00edt\u011b obchoduj\u00edc\u00ed s drogami vyu\u017e\u00edvaj\u00ed k pa\u0161ov\u00e1n\u00ed r\u016fzn\u00e9 trasy a p\u0159\u00edstavy. <a href=\"https:\/\/www.google.de\/search?q=Buy+Colombian+Cocaine+Online&amp;sca_esv=1a2a07081c7891bb&amp;rlz=1C1RXQR_enIN1098IN1098&amp;ei=arjOZ5WFK-z21e8P98PxkAg&amp;ved=0ahUKEwiV4ujroP-LAxVse_UHHfdhHIIQ4dUDCBA&amp;uact=5&amp;oq=Buy+Colombian+Cocaine+Online&amp;gs_lp=Egxnd3Mtd2l6LXNlcnAiHEJ1eSBDb2xvbWJpYW4gQ29jYWluZSBPbmxpbmVIkAhQjQRYjQRwA3gAkAEAmAGqAaABqgGqAQMwLjG4AQPIAQD4AQL4AQGYAgCgAgCYAwCIBgGSBwCgB1A&amp;sclient=gws-wiz-serp\">Colombian cocaine<\/a> S\u00edt\u011b pa\u0161er\u00e1k\u016f drog pou\u017e\u00edvaj\u00ed r\u016fzn\u00e9 trasy a p\u0159\u00edstavy k pa\u0161ov\u00e1n\u00ed kolumbijsk\u00e9ho kokainu do Evropy a dal\u0161\u00edch \u010d\u00e1st\u00ed sv\u011bta, kde je cenn\u011bj\u0161\u00ed ne\u017e jin\u00e9 druhy drog. Kv\u016fli t\u011bmto faktor\u016fm mezi nimi \u010dasto existuj\u00ed zna\u010dn\u00e9 rozd\u00edly\u00a0<a href=\"https:\/\/www.bing.com\/search?q=Buy%20Colombian%20Cocaine%20Online&amp;qs=n&amp;form=QBRE&amp;sp=-1&amp;lq=0&amp;pq=buy%20colombian%20cocaine%20online&amp;sc=1-28&amp;sk=&amp;cvid=B9F08B78D28D4CFF9767D05E320B96BB&amp;ghsh=0&amp;ghacc=0&amp;ghpl=\"><strong>Cena kolumbijsk\u00e9ho kokainu <\/strong><\/a>a cena ostatn\u00edch druh\u016f l\u00e9k\u016f na trhu.<\/p>\n<h3 style=\"text-align: justify;\">V\u00fdhody kolumbijsk\u00e9ho kokainu<\/h3>\n<p style=\"text-align: justify;\">The use of <a href=\"https:\/\/www.google.de\/search?q=Buy+Colombian+Cocaine+Online&amp;sca_esv=1a2a07081c7891bb&amp;rlz=1C1RXQR_enIN1098IN1098&amp;ei=arjOZ5WFK-z21e8P98PxkAg&amp;ved=0ahUKEwiV4ujroP-LAxVse_UHHfdhHIIQ4dUDCBA&amp;uact=5&amp;oq=Buy+Colombian+Cocaine+Online&amp;gs_lp=Egxnd3Mtd2l6LXNlcnAiHEJ1eSBDb2xvbWJpYW4gQ29jYWluZSBPbmxpbmVIkAhQjQRYjQRwA3gAkAEAmAGqAaABqgGqAQMwLjG4AQPIAQD4AQL4AQGYAgCgAgCYAwCIBgGSBwCgB1A&amp;sclient=gws-wiz-serp\">Colombian cocaine<\/a> U\u017e\u00edv\u00e1n\u00ed kolumbijsk\u00e9ho kokainu m\u016f\u017ee poskytnout r\u016fzn\u00e9 v\u00fdhody t\u011bm, kte\u0159\u00ed cht\u011bj\u00ed za\u017e\u00edt zes\u00edlenou euforii nebo cht\u011bj\u00ed drogu u\u017e\u00edvat jako sou\u010d\u00e1st l\u00e9\u010dby z\u00e1vislosti. Krom\u011b toho, \u017ee poskytuje intenzivn\u011bj\u0161\u00ed pocit pot\u011b\u0161en\u00ed a bd\u011blosti ne\u017e jin\u00e9 druhy kokainu, m\u00e1 kolumbijsk\u00fd kokain tak\u00e9 vy\u0161\u0161\u00ed \u00fa\u010dinnost ne\u017e jin\u00e9 typy kokainu, co\u017e u\u017eivatel\u016fm umo\u017e\u0148uje za\u017e\u00edt \u00fa\u010dinky s mnohem men\u0161\u00edm mno\u017estv\u00edm.\u00a0<strong>Kolumbijsk\u00fd kokain online<\/strong>\u00a0je tak\u00e9 \u010dasto pova\u017eov\u00e1n za \u017e\u00e1dan\u011bj\u0161\u00ed d\u00edky sv\u00e9 \u010distot\u011b a absenci kontaminace jin\u00fdmi drogami.<\/p>\n<p style=\"text-align: justify;\">A\u0165 u\u017e m\u00e1te n\u00e1ladu na odfrknut\u00ed nebo kou\u0159en\u00ed, m\u00e1me perfektn\u00ed <a href=\"https:\/\/duckduckgo.com\/?q=Buy+Colombian+Cocaine+Online&amp;t=h_&amp;ia=web\"><strong>Kolumbijsk\u00fd kokain na prodej<\/strong><\/a>. Pro\u010d tedy nezkusit Narco Powders je\u0161t\u011b dnes? nebudete zklam\u00e1ni!<\/p>\n<h3 style=\"text-align: justify;\">Vedlej\u0161\u00ed \u00fa\u010dinky kolumbijsk\u00e9ho kokainu<\/h3>\n<p style=\"text-align: justify;\">Pokud jde o kr\u00e1tkodob\u00e9 vedlej\u0161\u00ed \u00fa\u010dinky u\u017e\u00edv\u00e1n\u00ed kokainu, u\u017eivatel\u00e9 mohou za\u017e\u00edt euforii nebo sp\u011bch, stejn\u011b jako zv\u00fd\u0161enou energii a motivaci. Tyto vedlej\u0161\u00ed \u00fa\u010dinky obvykle trvaj\u00ed p\u0159ibli\u017en\u011b hodinu, ale mohou se li\u0161it v z\u00e1vislosti na tom, kolik kokainu n\u011bkdo u\u017eil. Dlouhodob\u00e9 vedlej\u0161\u00ed \u00fa\u010dinky u\u017e\u00edv\u00e1n\u00ed kokainu mohou zahrnovat probl\u00e9my s koncentrac\u00ed a soust\u0159ed\u011bn\u00edm, zv\u00fd\u0161enou srde\u010dn\u00ed frekvenci a krevn\u00ed tlak, nespavost, rychl\u00fd \u00fabytek nebo n\u00e1r\u016fst hmotnosti, z\u00e1vislost, z\u00e1chvaty, po\u0161kozen\u00ed jater a dokonce i smrt.<\/p>\n<h3 style=\"text-align: justify;\">Kde objednat kolumbijsk\u00fd kokain online?<\/h3>\n<p style=\"text-align: justify;\">Existuje mnoho skv\u011bl\u00fdch d\u016fvod\u016f\u00a0<strong>objednat kokain online<\/strong>\u00a0od Narco Powders. Za prv\u00e9, z\u00e1konnost objedn\u00e1v\u00e1n\u00ed kokainu online je st\u00e1le diskutov\u00e1na mnoha \u00fa\u0159ady. Ale kolumbijsk\u00fd kokain si m\u016f\u017eete objednat online, ani\u017e byste se museli b\u00e1t, \u017ee v\u00e1s chyt\u00ed. Dal\u0161\u00edm d\u016fvodem, pro\u010d kupovat kokain online, je faktor pohodl\u00ed. S Narco Powders m\u016f\u017eete\u00a0<a href=\"https:\/\/duckduckgo.com\/?q=Buy+Colombian+Cocaine+Online&amp;t=h_&amp;ia=web\"><strong>nakupovat kolumbijsk\u00fd kokain ve velk\u00e9m<\/strong><\/a> snadno a bez nutnosti opustit sv\u016fj domov nebo kancel\u00e1\u0159. V neposledn\u00ed \u0159ad\u011b jsou v Narco Powders k dispozici r\u016fzn\u00e9 druhy kokainu \u2013 v\u0161e od pr\u00e1\u0161ku a\u017e po cracky.<\/p>","protected":false},"excerpt":{"rendered":"<p>Buy Colombian Cocaine Online Are you looking to\u00a0buy Colombian cocaine online? If so, Narco Powders is the perfect place for you. Here, you&#8217;ll find a wide variety of high-quality cocaine products that are made from Colombian coca leaves. How Is Colombian Cocaine Made? Colombian cocaine is among the most popular drugs on the market. It&#8217;s [&hellip;]<\/p>","protected":false},"featured_media":19165,"comment_status":"open","ping_status":"closed","template":"","meta":{"_joinchat":[]},"product_brand":[],"product_cat":[1179],"product_tag":[1250,1244,1253,1257,1247,1252,1246,1245,1258,1251,1259,1248,1254,1249],"class_list":{"0":"post-19145","1":"product","2":"type-product","3":"status-publish","4":"has-post-thumbnail","6":"product_cat-buy-cocaine-online","7":"product_tag-benefits-of-colombian-cocaine","8":"product_tag-best-place-to-order-colombian-cocaine","9":"product_tag-buy-colombian-cocaine-legally","10":"product_tag-buy-colombian-cocaine-online-near-me","11":"product_tag-cheap-colombian-cocaine","12":"product_tag-colombian-cocaine-for-sale","13":"product_tag-colombian-cocaine-price","14":"product_tag-colombian-cocaine-wholesale","15":"product_tag-how-can-i-get-the-best-colombian-cocaine","16":"product_tag-how-to-order-colombian-cocaine","17":"product_tag-legit-colombian-cocaine-online","18":"product_tag-what-is-colombian-cocaine","19":"product_tag-where-can-i-buy-colombian-cocaine","20":"product_tag-where-to-buy-colombian-cocaine","22":"first","23":"instock","24":"shipping-taxable","25":"purchasable","26":"product-type-variable","27":"add-to-wishlist-after_add_to_cart"},"yoast_head":"<!-- This site is optimized with the Yoast SEO plugin v25.9 - https:\/\/yoast.com\/wordpress\/plugins\/seo\/ -->\n<title>Colombian Cocaine for Sale - Buy Colombian Cocaine Online<\/title>\n<meta name=\"description\" content=\"You can get high purity colombian cocaine for sale here. Buy colombian cocaine online, order colombian cocaine in bulk quantity at wholesale price.\" \/>\n<meta name=\"robots\" content=\"index, follow, max-snippet:-1, max-image-preview:large, max-video-preview:-1\" \/>\n<link rel=\"canonical\" href=\"https:\/\/narcopowders.com\/cs\/produkt\/kolumbijsky-kokain\/\" \/>\n<meta property=\"og:locale\" content=\"cs_CZ\" \/>\n<meta property=\"og:type\" content=\"article\" \/>\n<meta property=\"og:title\" content=\"Colombian Cocaine for Sale - Buy Colombian Cocaine Online\" \/>\n<meta property=\"og:description\" content=\"You can get high purity colombian cocaine for sale here. Buy colombian cocaine online, order colombian cocaine in bulk quantity at wholesale price.\" \/>\n<meta property=\"og:url\" content=\"https:\/\/narcopowders.com\/cs\/produkt\/kolumbijsky-kokain\/\" \/>\n<meta property=\"og:site_name\" content=\"Narco Powders\" \/>\n<meta property=\"article:modified_time\" content=\"2025-03-25T11:57:14+00:00\" \/>\n<meta property=\"og:image\" content=\"https:\/\/narcopowders.com\/wp-content\/uploads\/2023\/01\/colombian-cocaine.jpg\" \/>\n\t<meta property=\"og:image:width\" content=\"600\" \/>\n\t<meta property=\"og:image:height\" content=\"600\" \/>\n\t<meta property=\"og:image:type\" content=\"image\/jpeg\" \/>\n<meta name=\"twitter:card\" content=\"summary_large_image\" \/>\n<meta name=\"twitter:label1\" content=\"Odhadovan\u00e1 doba \u010dten\u00ed\" \/>\n\t<meta name=\"twitter:data1\" content=\"3 minuty\" \/>\n<!-- \/ Yoast SEO plugin. -->","yoast_head_json":{"title":"Kolumbijsk\u00fd kokain na prodej \u2013 kupte kolumbijsk\u00fd kokain online","description":"Zde m\u016f\u017eete z\u00edskat kolumbijsk\u00fd kokain vysok\u00e9 \u010distoty na prodej. Kupte si kolumbijsk\u00fd kokain online, objednejte si kolumbijsk\u00fd kokain ve velk\u00e9m mno\u017estv\u00ed za velkoobchodn\u00ed cenu.","robots":{"index":"index","follow":"follow","max-snippet":"max-snippet:-1","max-image-preview":"max-image-preview:large","max-video-preview":"max-video-preview:-1"},"canonical":"https:\/\/narcopowders.com\/cs\/produkt\/kolumbijsky-kokain\/","og_locale":"cs_CZ","og_type":"article","og_title":"Colombian Cocaine for Sale - Buy Colombian Cocaine Online","og_description":"You can get high purity colombian cocaine for sale here. Buy colombian cocaine online, order colombian cocaine in bulk quantity at wholesale price.","og_url":"https:\/\/narcopowders.com\/cs\/produkt\/kolumbijsky-kokain\/","og_site_name":"Narco Powders","article_modified_time":"2025-03-25T11:57:14+00:00","og_image":[{"width":600,"height":600,"url":"https:\/\/narcopowders.com\/wp-content\/uploads\/2023\/01\/colombian-cocaine.jpg","type":"image\/jpeg"}],"twitter_card":"summary_large_image","twitter_misc":{"Odhadovan\u00e1 doba \u010dten\u00ed":"3 minuty"},"schema":{"@context":"https:\/\/schema.org","@graph":[{"@type":"WebPage","@id":"https:\/\/narcopowders.com\/product\/colombian-cocaine\/","url":"https:\/\/narcopowders.com\/product\/colombian-cocaine\/","name":"Kolumbijsk\u00fd kokain na prodej \u2013 kupte kolumbijsk\u00fd kokain online","isPartOf":{"@id":"https:\/\/narcopowders.com\/#website"},"primaryImageOfPage":{"@id":"https:\/\/narcopowders.com\/product\/colombian-cocaine\/#primaryimage"},"image":{"@id":"https:\/\/narcopowders.com\/product\/colombian-cocaine\/#primaryimage"},"thumbnailUrl":"https:\/\/narcopowders.com\/wp-content\/uploads\/2023\/01\/colombian-cocaine.jpg","datePublished":"2023-01-02T10:20:37+00:00","dateModified":"2025-03-25T11:57:14+00:00","description":"Zde m\u016f\u017eete z\u00edskat kolumbijsk\u00fd kokain vysok\u00e9 \u010distoty na prodej. Kupte si kolumbijsk\u00fd kokain online, objednejte si kolumbijsk\u00fd kokain ve velk\u00e9m mno\u017estv\u00ed za velkoobchodn\u00ed cenu.","breadcrumb":{"@id":"https:\/\/narcopowders.com\/product\/colombian-cocaine\/#breadcrumb"},"inLanguage":"cs","potentialAction":[{"@type":"ReadAction","target":["https:\/\/narcopowders.com\/product\/colombian-cocaine\/"]}]},{"@type":"ImageObject","inLanguage":"cs","@id":"https:\/\/narcopowders.com\/product\/colombian-cocaine\/#primaryimage","url":"https:\/\/narcopowders.com\/wp-content\/uploads\/2023\/01\/colombian-cocaine.jpg","contentUrl":"https:\/\/narcopowders.com\/wp-content\/uploads\/2023\/01\/colombian-cocaine.jpg","width":600,"height":600,"caption":"Colombian Cocaine for Sale"},{"@type":"BreadcrumbList","@id":"https:\/\/narcopowders.com\/product\/colombian-cocaine\/#breadcrumb","itemListElement":[{"@type":"ListItem","position":1,"name":"Home","item":"https:\/\/narcopowders.com\/"},{"@type":"ListItem","position":2,"name":"Shop Page","item":"https:\/\/narcopowders.com\/shop\/"},{"@type":"ListItem","position":3,"name":"Buy Colombian Cocaine Online"}]},{"@type":"WebSite","@id":"https:\/\/narcopowders.com\/#website","url":"https:\/\/narcopowders.com\/","name":"Pr\u00e1\u0161ky na narkotika","description":"M\u016fj blog WordPress","potentialAction":[{"@type":"SearchAction","target":{"@type":"EntryPoint","urlTemplate":"https:\/\/narcopowders.com\/?s={search_term_string}"},"query-input":{"@type":"PropertyValueSpecification","valueRequired":true,"valueName":"search_term_string"}}],"inLanguage":"cs"}]}},"_links":{"self":[{"href":"https:\/\/narcopowders.com\/cs\/wp-json\/wp\/v2\/product\/19145","targetHints":{"allow":["GET"]}}],"collection":[{"href":"https:\/\/narcopowders.com\/cs\/wp-json\/wp\/v2\/product"}],"about":[{"href":"https:\/\/narcopowders.com\/cs\/wp-json\/wp\/v2\/types\/product"}],"replies":[{"embeddable":true,"href":"https:\/\/narcopowders.com\/cs\/wp-json\/wp\/v2\/comments?post=19145"}],"wp:featuredmedia":[{"embeddable":true,"href":"https:\/\/narcopowders.com\/cs\/wp-json\/wp\/v2\/media\/19165"}],"wp:attachment":[{"href":"https:\/\/narcopowders.com\/cs\/wp-json\/wp\/v2\/media?parent=19145"}],"wp:term":[{"taxonomy":"product_brand","embeddable":true,"href":"https:\/\/narcopowders.com\/cs\/wp-json\/wp\/v2\/product_brand?post=19145"},{"taxonomy":"product_cat","embeddable":true,"href":"https:\/\/narcopowders.com\/cs\/wp-json\/wp\/v2\/product_cat?post=19145"},{"taxonomy":"product_tag","embeddable":true,"href":"https:\/\/narcopowders.com\/cs\/wp-json\/wp\/v2\/product_tag?post=19145"}],"curies":[{"name":"wp","href":"https:\/\/api.w.org\/{rel}","templated":true}]}}