{"id":19217,"date":"2023-01-03T09:19:42","date_gmt":"2023-01-03T09:19:42","guid":{"rendered":"https:\/\/narcopowders.com\/?post_type=product&#038;p=19217"},"modified":"2025-03-25T12:27:06","modified_gmt":"2025-03-25T12:27:06","slug":"afghan-heroin","status":"publish","type":"product","link":"https:\/\/narcopowders.com\/cs\/produkt\/afghansky-heroin\/","title":{"rendered":"Afgh\u00e1nsk\u00fd heroin"},"content":{"rendered":"<h2 style=\"text-align: justify;\">Kupte si afgh\u00e1nsk\u00fd heroin online<\/h2>\n<p style=\"text-align: justify;\">Sklize\u0148 <a href=\"https:\/\/en.wikipedia.org\/wiki\/Heroin\">Afghan heroin<\/a> Sklize\u0148 afgh\u00e1nsk\u00e9ho heroinu z makov\u00fdch pol\u00ed je v mnoha zem\u00edch nez\u00e1konn\u00e1, ale to lidem nebr\u00e1n\u00ed tuto drogu z\u00edskat. Afgh\u00e1nsk\u00fd heroin ve skute\u010dnosti pat\u0159\u00ed mezi nejobl\u00edben\u011bj\u0161\u00ed druhy heroinu na trhu, \u010d\u00e1ste\u010dn\u011b d\u00edky sv\u00fdm intenzivn\u00edm euforick\u00fdm \u00fa\u010dink\u016fm. Pokud hled\u00e1te to nejlep\u0161\u00ed <a href=\"https:\/\/narcopowders.com\/cs\/produkt\/afghansky-heroin\/\"><strong>Afgh\u00e1nsk\u00fd heroin na prodej online<\/strong><\/a>, pak u\u017e nehledejte nic jin\u00e9ho ne\u017e <a href=\"https:\/\/narcopowders.com\/cs\/\">Pr\u00e1\u0161ky na narkotika<\/a>.<\/p>\n<h3 style=\"text-align: justify;\">Jak se vyr\u00e1b\u00ed afgh\u00e1nsk\u00fd heroin?<\/h3>\n<p style=\"text-align: justify;\">Afgh\u00e1nsk\u00fd heroin je druh opioidu, kter\u00fd se vyr\u00e1b\u00ed z opia. Opium poch\u00e1z\u00ed z m\u00e1ku a je... <a href=\"https:\/\/www.google.com\/search?q=Buy+Afghan+Heroin+Online&amp;sca_esv=7d1b82273738a5db&amp;sxsrf=AHTn8zoNL9SAp7Ses5ieQ5J3StmSQ-ZOZA%3A1742904303459&amp;ei=75viZ4PlG4iZseMPpM2fyAk&amp;ved=0ahUKEwjDmIq_mKWMAxWITGwGHaTmB5kQ4dUDCA8&amp;uact=5&amp;oq=Buy+Afghan+Heroin+Online&amp;gs_lp=Egxnd3Mtd2l6LXNlcnAiGEJ1eSBBZmdoYW4gSGVyb2luIE9ubGluZUiRCFCqAViqAXABeACQAQCYAd0BoAHdAaoBAzItMbgBA8gBAPgBAfgBApgCAaACJ6gCEcICBxAjGCcY6gLCAhQQABiABBiRAhi0AhiKBRjqAtgBAcICFBAAGIAEGOMEGLQCGOkEGOoC2AEBwgIQEAAYAxi0AhjqAhiPAdgBAcICEBAuGAMYtAIY6gIYjwHYAQGYAyfxBXk66vEMk5S9ugYGCAEQARgBkgcBMaAHVLIHALgHAA&amp;sclient=gws-wiz-serp\">natural source of morphine and codeine<\/a>Afgh\u00e1nsk\u00fd heroin je druh opioidu, kter\u00fd se vyr\u00e1b\u00ed z opia. Opium poch\u00e1z\u00ed z rostliny m\u00e1ku a je p\u0159irozen\u00fdm zdrojem morfinu a kodeinu. Proces p\u0159em\u011bny opia na afgh\u00e1nsk\u00fd heroin zahrnuje n\u011bkolik krok\u016f, v\u010detn\u011b va\u0159en\u00ed opia, dokud se nestane lepkav\u00fdm \u010dern\u00fdm dehtem, a pot\u00e9 jeho filtrov\u00e1n\u00ed p\u0159es tenkou tkaninu, aby se odstranily ne\u010distoty. Tento \u010dern\u00fd dehet se pak su\u0161\u00ed a drt\u00ed na pr\u00e1\u0161ek, ne\u017e se formuje do cihel nebo pilulek.<\/p>\n<p style=\"text-align: justify;\">Existuje n\u011bkolik r\u016fzn\u00fdch forem afgh\u00e1nsk\u00e9ho heroinu, ka\u017ed\u00e1 s vlastn\u00edmi jedine\u010dn\u00fdmi vlastnostmi a pou\u017eit\u00edm. <a href=\"https:\/\/duckduckgo.com\/?q=Buy+Afghan+Heroin+Online&amp;t=h_&amp;ia=web\">B\u00edl\u00fd heroin (tak\u00e9 zn\u00e1m\u00fd jako \u201esurov\u00fd opium\u201c)<\/a> Existuje n\u011bkolik r\u016fzn\u00fdch forem afgh\u00e1nsk\u00e9ho heroinu, z nich\u017e ka\u017ed\u00e1 m\u00e1 sv\u00e9 vlastn\u00ed jedine\u010dn\u00e9 vlastnosti a pou\u017eit\u00ed. B\u00edl\u00fd heroin (tak\u00e9 zn\u00e1m\u00fd jako \u201esurov\u00e9 opium\u201c) je nejb\u011b\u017en\u011bj\u0161\u00edm typem a obvykle m\u00e1 ni\u017e\u0161\u00ed kvalitu ne\u017e jin\u00e9 typy afgh\u00e1nsk\u00e9ho heroinu. Hn\u011bd\u00fd heroin (vyroben\u00fd z \u010d\u00e1ste\u010dn\u011b su\u0161en\u00e9ho \u010dern\u00e9ho dehtu) m\u00e1 siln\u011bj\u0161\u00ed \u00fa\u010dinky a je mezi u\u017eivateli obl\u00edben\u011bj\u0161\u00ed pro svou \u00fa\u010dinnost. Tmav\u011b hn\u011bd\u00fd heroin (vyroben\u00fd z pln\u011b su\u0161en\u00e9ho \u010dern\u00e9ho dehtu) m\u00e1 nejsiln\u011bj\u0161\u00ed \u00fa\u010dinky ze v\u0161ech, ale m\u00e1 tak\u00e9 nejvy\u0161\u0161\u00ed potenci\u00e1l ke zneu\u017eit\u00ed, proto\u017ee je obt\u00ed\u017en\u011bj\u0161\u00ed kontrolovat \u00farovn\u011b d\u00e1vkov\u00e1n\u00ed.<\/p>\n<h3 style=\"text-align: justify;\">V\u00fdhody afgh\u00e1nsk\u00e9ho heroinu<\/h3>\n<p style=\"text-align: justify;\">Pokud hled\u00e1te siln\u00e9 a euforick\u00e9 maximum,\u00a0<a href=\"https:\/\/www.google.com\/search?q=Buy+Afghan+Heroin+Online&amp;sca_esv=7d1b82273738a5db&amp;sxsrf=AHTn8zoNL9SAp7Ses5ieQ5J3StmSQ-ZOZA%3A1742904303459&amp;ei=75viZ4PlG4iZseMPpM2fyAk&amp;ved=0ahUKEwjDmIq_mKWMAxWITGwGHaTmB5kQ4dUDCA8&amp;uact=5&amp;oq=Buy+Afghan+Heroin+Online&amp;gs_lp=Egxnd3Mtd2l6LXNlcnAiGEJ1eSBBZmdoYW4gSGVyb2luIE9ubGluZUiRCFCqAViqAXABeACQAQCYAd0BoAHdAaoBAzItMbgBA8gBAPgBAfgBApgCAaACJ6gCEcICBxAjGCcY6gLCAhQQABiABBiRAhi0AhiKBRjqAtgBAcICFBAAGIAEGOMEGLQCGOkEGOoC2AEBwgIQEAAYAxi0AhjqAhiPAdgBAcICEBAuGAMYtAIY6gIYjwHYAQGYAyfxBXk66vEMk5S9ugYGCAEQARgBkgcBMaAHVLIHALgHAA&amp;sclient=gws-wiz-serp\"><strong>Afgh\u00e1nsk\u00fd heroin online<\/strong><\/a>\u00a0je va\u0161e nejlep\u0161\u00ed s\u00e1zka. Tento typ heroinu pat\u0159\u00ed mezi nej\u010dist\u0161\u00ed a nej\u00fa\u010dinn\u011bj\u0161\u00ed dostupn\u00e9 odr\u016fdy a je \u010dasto vyhled\u00e1v\u00e1n pro sv\u00e9 intenzivn\u00ed \u00fa\u010dinky. V d\u016fsledku toho se afgh\u00e1nsk\u00fd heroin pou\u017e\u00edv\u00e1 k l\u00e9\u010db\u011b chronick\u00e9 bolesti a z\u00e1vislosti na opioidech \u2013 stav\u016f, kter\u00e9 jsou v dne\u0161n\u00ed spole\u010dnosti a\u017e p\u0159\u00edli\u0161 b\u011b\u017en\u00e9.<\/p>\n<h3 style=\"text-align: justify;\">Ne\u017e\u00e1douc\u00ed \u00fa\u010dinky afgh\u00e1nsk\u00e9ho heroinu<\/h3>\n<p style=\"text-align: justify;\"><a href=\"https:\/\/www.bing.com\/search?q=Buy%20Afghan%20Heroin%20Online&amp;qs=n&amp;form=QBRE&amp;sp=-1&amp;lq=0&amp;pq=buy%20afghan%20heroin%20online&amp;sc=0-24&amp;sk=&amp;cvid=6B58336F96224C11B4CFC291185C5A1E&amp;ghsh=0&amp;ghacc=0&amp;ghpl=\">Afgh\u00e1nsk\u00fd heroin je druh opioidu<\/a> Afgh\u00e1nsk\u00fd heroin je druh opioidu, kter\u00fd se z\u00edsk\u00e1v\u00e1 z opiov\u00e9ho m\u00e1ku, tak\u017ee m\u00e1 tak\u00e9 n\u011bkter\u00e9 vedlej\u0161\u00ed \u00fa\u010dinky. Kr\u00e1tkodob\u00e9 vedlej\u0161\u00ed \u00fa\u010dinky spojen\u00e9 s u\u017e\u00edv\u00e1n\u00edm afgh\u00e1nsk\u00e9ho heroinu mohou zahrnovat zv\u00fd\u0161enou srde\u010dn\u00ed frekvenci, zv\u00fd\u0161en\u00fd krevn\u00ed tlak a pocity euforie (vysok\u00e1, kter\u00e1 poch\u00e1z\u00ed z u\u017e\u00edv\u00e1n\u00ed heroinu). Dlouhodob\u00e9 zdravotn\u00ed probl\u00e9my souvisej\u00edc\u00ed s u\u017e\u00edv\u00e1n\u00edm afgh\u00e1nsk\u00e9ho heroinu mohou zahrnovat z\u00e1vislost, chronickou infekci hepatitidou C (potenci\u00e1ln\u011b smrteln\u00e9 onemocn\u011bn\u00ed jater), probl\u00e9my du\u0161evn\u00edho zdrav\u00ed, jako je \u00fazkost a deprese, a smrt v d\u016fsledku p\u0159ed\u00e1vkov\u00e1n\u00ed.<\/p>\n<h3 style=\"text-align: justify;\">Kde koupit afgh\u00e1nsk\u00fd heroin online?<\/h3>\n<p style=\"text-align: justify;\">Hled\u00e1te?\u00a0<a href=\"https:\/\/duckduckgo.com\/?q=Buy+Afghan+Heroin+Online&amp;t=h_&amp;ia=web\"><strong>objednat afgh\u00e1nsk\u00fd heroin online<\/strong><\/a> je to bezpe\u010dn\u00e9, bezpe\u010dn\u00e9 a diskr\u00e9tn\u00ed? Koupit od Narco Powders. M\u00e1me dlouholet\u00e9 zku\u0161enosti v oboru a nab\u00edz\u00edme \u0161irokou \u0161k\u00e1lu kvalitn\u00edch produkt\u016f. M\u016f\u017eete si vybrat z \u0159ady \u010dist\u00fdch, organick\u00fdch a laboratorn\u011b testovan\u00fdch produkt\u016f, abyste na\u0161li spr\u00e1vnou d\u00e1vku pro v\u00e1s. K dispozici je mnoho pohodln\u00fdch platebn\u00edch mo\u017enost\u00ed, jako jsou kreditn\u00ed karty, PayPal a Western Union, kter\u00e9 umo\u017e\u0148uj\u00ed n\u00e1kup\u00a0<a href=\"https:\/\/www.bing.com\/search?q=Buy%20Afghan%20Heroin%20Online&amp;qs=n&amp;form=QBRE&amp;sp=-1&amp;lq=0&amp;pq=buy%20afghan%20heroin%20online&amp;sc=0-24&amp;sk=&amp;cvid=6B58336F96224C11B4CFC291185C5A1E&amp;ghsh=0&amp;ghacc=0&amp;ghpl=\"><strong>Velkoobchod afgh\u00e1nsk\u00e9ho heroinu online<\/strong><\/a>\u00a0snadn\u00e9 a pohodln\u00e9 pro ka\u017ed\u00e9ho. Objednejte si tedy nejlep\u0161\u00ed afgh\u00e1nsk\u00fd heroin je\u0161t\u011b dnes!<\/p>","protected":false},"excerpt":{"rendered":"<p>Buy Afghan Heroin Online Harvesting Afghan heroin from poppy fields is illegal in many countries, but this doesn&#8217;t stop people from getting this drug. In fact, Afghani heroin is among the most popular types of heroin on the market, thanks in part to its intense euphoric effects. If you are looking for the best Afghan [&hellip;]<\/p>","protected":false},"featured_media":19243,"comment_status":"open","ping_status":"closed","template":"","meta":{"_joinchat":[]},"product_brand":[],"product_cat":[1168],"product_tag":[],"class_list":{"0":"post-19217","1":"product","2":"type-product","3":"status-publish","4":"has-post-thumbnail","6":"product_cat-buy-heroin-online","8":"first","9":"instock","10":"shipping-taxable","11":"purchasable","12":"product-type-variable","13":"has-default-attributes","14":"add-to-wishlist-after_add_to_cart"},"yoast_head":"<!-- This site is optimized with the Yoast SEO plugin v25.9 - https:\/\/yoast.com\/wordpress\/plugins\/seo\/ -->\n<title>Buy Afghan Heroin Online - Afghan Heroin for Sale | NarcoPowders<\/title>\n<meta name=\"description\" content=\"Looking to buy afghan heroin online? Order afghan heroin powder for sale at an affordable prices. Get the highest-purity powder for you.\" \/>\n<meta name=\"robots\" content=\"index, follow, max-snippet:-1, max-image-preview:large, max-video-preview:-1\" \/>\n<link rel=\"canonical\" href=\"https:\/\/narcopowders.com\/cs\/produkt\/afghansky-heroin\/\" \/>\n<meta property=\"og:locale\" content=\"cs_CZ\" \/>\n<meta property=\"og:type\" content=\"article\" \/>\n<meta property=\"og:title\" content=\"Buy Afghan Heroin Online - Afghan Heroin for Sale | NarcoPowders\" \/>\n<meta property=\"og:description\" content=\"Looking to buy afghan heroin online? Order afghan heroin powder for sale at an affordable prices. Get the highest-purity powder for you.\" \/>\n<meta property=\"og:url\" content=\"https:\/\/narcopowders.com\/cs\/produkt\/afghansky-heroin\/\" \/>\n<meta property=\"og:site_name\" content=\"Narco Powders\" \/>\n<meta property=\"article:modified_time\" content=\"2025-03-25T12:27:06+00:00\" \/>\n<meta property=\"og:image\" content=\"https:\/\/narcopowders.com\/wp-content\/uploads\/2023\/01\/afghan-heroin.jpg\" \/>\n\t<meta property=\"og:image:width\" content=\"600\" \/>\n\t<meta property=\"og:image:height\" content=\"600\" \/>\n\t<meta property=\"og:image:type\" content=\"image\/jpeg\" \/>\n<meta name=\"twitter:card\" content=\"summary_large_image\" \/>\n<meta name=\"twitter:label1\" content=\"Odhadovan\u00e1 doba \u010dten\u00ed\" \/>\n\t<meta name=\"twitter:data1\" content=\"3 minuty\" \/>\n<!-- \/ Yoast SEO plugin. -->","yoast_head_json":{"title":"Koupit afgh\u00e1nsk\u00fd heroin online \u2013 afgh\u00e1nsk\u00fd heroin na prodej | NarcoPowders","description":"Chcete si koupit afgh\u00e1nsk\u00fd heroin online? Objednejte si afgh\u00e1nsk\u00fd heroinov\u00fd pr\u00e1\u0161ek na prodej za dostupn\u00e9 ceny. Z\u00edskejte pro v\u00e1s pr\u00e1\u0161ek nejvy\u0161\u0161\u00ed \u010distoty.","robots":{"index":"index","follow":"follow","max-snippet":"max-snippet:-1","max-image-preview":"max-image-preview:large","max-video-preview":"max-video-preview:-1"},"canonical":"https:\/\/narcopowders.com\/cs\/produkt\/afghansky-heroin\/","og_locale":"cs_CZ","og_type":"article","og_title":"Buy Afghan Heroin Online - Afghan Heroin for Sale | NarcoPowders","og_description":"Looking to buy afghan heroin online? Order afghan heroin powder for sale at an affordable prices. Get the highest-purity powder for you.","og_url":"https:\/\/narcopowders.com\/cs\/produkt\/afghansky-heroin\/","og_site_name":"Narco Powders","article_modified_time":"2025-03-25T12:27:06+00:00","og_image":[{"width":600,"height":600,"url":"https:\/\/narcopowders.com\/wp-content\/uploads\/2023\/01\/afghan-heroin.jpg","type":"image\/jpeg"}],"twitter_card":"summary_large_image","twitter_misc":{"Odhadovan\u00e1 doba \u010dten\u00ed":"3 minuty"},"schema":{"@context":"https:\/\/schema.org","@graph":[{"@type":"WebPage","@id":"https:\/\/narcopowders.com\/product\/afghan-heroin\/","url":"https:\/\/narcopowders.com\/product\/afghan-heroin\/","name":"Koupit afgh\u00e1nsk\u00fd heroin online \u2013 afgh\u00e1nsk\u00fd heroin na prodej | NarcoPowders","isPartOf":{"@id":"https:\/\/narcopowders.com\/#website"},"primaryImageOfPage":{"@id":"https:\/\/narcopowders.com\/product\/afghan-heroin\/#primaryimage"},"image":{"@id":"https:\/\/narcopowders.com\/product\/afghan-heroin\/#primaryimage"},"thumbnailUrl":"https:\/\/narcopowders.com\/wp-content\/uploads\/2023\/01\/afghan-heroin.jpg","datePublished":"2023-01-03T09:19:42+00:00","dateModified":"2025-03-25T12:27:06+00:00","description":"Chcete si koupit afgh\u00e1nsk\u00fd heroin online? Objednejte si afgh\u00e1nsk\u00fd heroinov\u00fd pr\u00e1\u0161ek na prodej za dostupn\u00e9 ceny. Z\u00edskejte pro v\u00e1s pr\u00e1\u0161ek nejvy\u0161\u0161\u00ed \u010distoty.","breadcrumb":{"@id":"https:\/\/narcopowders.com\/product\/afghan-heroin\/#breadcrumb"},"inLanguage":"cs","potentialAction":[{"@type":"ReadAction","target":["https:\/\/narcopowders.com\/product\/afghan-heroin\/"]}]},{"@type":"ImageObject","inLanguage":"cs","@id":"https:\/\/narcopowders.com\/product\/afghan-heroin\/#primaryimage","url":"https:\/\/narcopowders.com\/wp-content\/uploads\/2023\/01\/afghan-heroin.jpg","contentUrl":"https:\/\/narcopowders.com\/wp-content\/uploads\/2023\/01\/afghan-heroin.jpg","width":600,"height":600,"caption":"Buy Afghan Heroin Online"},{"@type":"BreadcrumbList","@id":"https:\/\/narcopowders.com\/product\/afghan-heroin\/#breadcrumb","itemListElement":[{"@type":"ListItem","position":1,"name":"Home","item":"https:\/\/narcopowders.com\/"},{"@type":"ListItem","position":2,"name":"Shop Page","item":"https:\/\/narcopowders.com\/shop\/"},{"@type":"ListItem","position":3,"name":"Afghan Heroin"}]},{"@type":"WebSite","@id":"https:\/\/narcopowders.com\/#website","url":"https:\/\/narcopowders.com\/","name":"Pr\u00e1\u0161ky na narkotika","description":"M\u016fj blog WordPress","potentialAction":[{"@type":"SearchAction","target":{"@type":"EntryPoint","urlTemplate":"https:\/\/narcopowders.com\/?s={search_term_string}"},"query-input":{"@type":"PropertyValueSpecification","valueRequired":true,"valueName":"search_term_string"}}],"inLanguage":"cs"}]}},"_links":{"self":[{"href":"https:\/\/narcopowders.com\/cs\/wp-json\/wp\/v2\/product\/19217","targetHints":{"allow":["GET"]}}],"collection":[{"href":"https:\/\/narcopowders.com\/cs\/wp-json\/wp\/v2\/product"}],"about":[{"href":"https:\/\/narcopowders.com\/cs\/wp-json\/wp\/v2\/types\/product"}],"replies":[{"embeddable":true,"href":"https:\/\/narcopowders.com\/cs\/wp-json\/wp\/v2\/comments?post=19217"}],"wp:featuredmedia":[{"embeddable":true,"href":"https:\/\/narcopowders.com\/cs\/wp-json\/wp\/v2\/media\/19243"}],"wp:attachment":[{"href":"https:\/\/narcopowders.com\/cs\/wp-json\/wp\/v2\/media?parent=19217"}],"wp:term":[{"taxonomy":"product_brand","embeddable":true,"href":"https:\/\/narcopowders.com\/cs\/wp-json\/wp\/v2\/product_brand?post=19217"},{"taxonomy":"product_cat","embeddable":true,"href":"https:\/\/narcopowders.com\/cs\/wp-json\/wp\/v2\/product_cat?post=19217"},{"taxonomy":"product_tag","embeddable":true,"href":"https:\/\/narcopowders.com\/cs\/wp-json\/wp\/v2\/product_tag?post=19217"}],"curies":[{"name":"wp","href":"https:\/\/api.w.org\/{rel}","templated":true}]}}