{"id":19219,"date":"2023-01-03T09:18:43","date_gmt":"2023-01-03T09:18:43","guid":{"rendered":"https:\/\/narcopowders.com\/?post_type=product&#038;p=19219"},"modified":"2025-03-25T12:37:48","modified_gmt":"2025-03-25T12:37:48","slug":"uncut-heroin","status":"publish","type":"product","link":"https:\/\/narcopowders.com\/cs\/produkt\/nesestrihany-heroin\/","title":{"rendered":"Nest\u0159\u00edhan\u00fd heroin"},"content":{"rendered":"<h2 style=\"text-align: justify;\">Koupit nesest\u0159\u00edhan\u00fd heroin online<\/h2>\n<p style=\"text-align: justify;\"><a href=\"https:\/\/en.wikipedia.org\/wiki\/Heroin\">Uncut heroin<\/a> Nest\u0159\u00edhan\u00fd heroin lze koupit online od ur\u010dit\u00fdch prodejc\u016f, ale to m\u00e1 sv\u00e1 vlastn\u00ed rizika. Pokud tedy p\u0159em\u00fd\u0161l\u00edte, kde online koupit nesest\u0159\u00edhan\u00fd heroin, kter\u00fd je autentick\u00fd a bezpe\u010dn\u00fd, Narco Powders je v\u00e1\u0161 obl\u00edben\u00fd obchod. <a href=\"https:\/\/narcopowders.com\/cs\/produkt\/nesestrihany-heroin\/\">buy uncut heroin online<\/a> kter\u00e1 je autentick\u00e1 a bezpe\u010dn\u00e1,\u00a0<a href=\"https:\/\/narcopowders.com\/cs\/\">Pr\u00e1\u0161ky na narkotika<\/a> is your go-to store.<\/p>\n<h3 style=\"text-align: justify;\">Jak se vyr\u00e1b\u00ed nesest\u0159\u00edhan\u00fd heroin?<\/h3>\n<p style=\"text-align: justify;\">Nest\u0159\u00edhan\u00fd heroin se vyr\u00e1b\u00ed ze su\u0161en\u00fdch lusk\u016f rostliny opiov\u00e9ho m\u00e1ku. <a href=\"https:\/\/www.google.com\/search?q=Buy+Uncut+Heroin+Online&amp;sca_esv=7d1b82273738a5db&amp;sxsrf=AHTn8zqSop3OM4vkMObcHMIO6R9xb_KCdw%3A1742905711939&amp;ei=b6HiZ_v3OKmeseMP__7noQ0&amp;ved=0ahUKEwi769jenaWMAxUpT2wGHX__OdQQ4dUDCA8&amp;uact=5&amp;oq=Buy+Uncut+Heroin+Online&amp;gs_lp=Egxnd3Mtd2l6LXNlcnAiF0J1eSBVbmN1dCBIZXJvaW4gT25saW5lSLkNUIUCWIUCcAF4AJABAJgB2QGgAdkBqgEDMi0xuAEDyAEA-AEB-AECmAIBoAJbqAIQwgIHECMYJxjqAsICFxAAGIAEGJECGLQCGMcDGIoFGOoC2AEBwgIQEAAYAxi0AhjqAhiPAdgBAZgDW_EFrG91rDpW1GO6BgYIARABGAGSBwExoAdTsgcAuAcA&amp;sclient=gws-wiz-serp\">Skl\u00edz\u00ed se a zpracov\u00e1v\u00e1 se na b\u00edl\u00fd<\/a>Ne\u0159ezan\u00fd heroin se vyr\u00e1b\u00ed ze su\u0161en\u00fdch lusk\u016f rostliny m\u00e1ku opia. Skl\u00edz\u00ed se a zpracov\u00e1v\u00e1 na b\u00edlou, pr\u00e1\u0161kovou hmotu. Obsahuje vysok\u00e9 hladiny siln\u00fdch opioid\u016f a dal\u0161\u00edch drog, v\u010detn\u011b morfinu a kodeinu. Kone\u010dn\u00fdm produktem je druh opia, kter\u00fd je nerafinovan\u00fd a bez dal\u0161\u00edch p\u0159\u00edsad a zpracovatelsk\u00fdch \u010dinidel. S\u00edla drogy se li\u0161\u00ed v z\u00e1vislosti na mno\u017estv\u00ed vlhkosti a p\u0159\u00edtomn\u00fdch alkaloid\u016f.<\/p>\n<h3 style=\"text-align: justify;\">V\u00fdhody nesest\u0159\u00edhan\u00e9ho heroinu<\/h3>\n<p style=\"text-align: justify;\">Pokud hled\u00e1te n\u011bco, co je lep\u0161\u00ed ne\u017e ostatn\u00ed, m\u011bl by b\u00fdt va\u0161\u00ed volbou nesest\u0159\u00edhan\u00fd heroin. Nest\u0159\u00edhan\u00fd heroin m\u00e1 vy\u0161\u0161\u00ed \u00fa\u010dinnost a \u010distotu ne\u017e jin\u00e9 typy heroinu, co\u017e m\u00e1 za n\u00e1sledek lep\u0161\u00ed opojen\u00ed a lep\u0161\u00ed dlouhodob\u00e9 v\u00fdsledky. Nav\u00edc jej lze p\u0159izp\u016fsobit pot\u0159eb\u00e1m u\u017eivatele a vytv\u00e1\u0159et koktejly, kter\u00e9 nab\u00edzej\u00ed v\u011bt\u0161\u00ed kontrolu nad d\u00e1vkov\u00e1n\u00edm a kvalitou l\u00e9ku.<\/p>\n<p style=\"text-align: justify;\"><a href=\"https:\/\/www.bing.com\/search?q=Buy%20Uncut%20Heroin%20Online&amp;qs=n&amp;form=QBRE&amp;sp=-1&amp;lq=0&amp;pq=buy%20uncut%20heroin%20online&amp;sc=0-23&amp;sk=&amp;cvid=C47FB2A3D0B84EA8801EC7F34ACFAE77&amp;ghsh=0&amp;ghacc=0&amp;ghpl=\"><strong>Ne\u0159ezan\u00fd heroin na prodej<\/strong><\/a> online je tak\u00e9 bezpe\u010dn\u011bj\u0161\u00ed pou\u017e\u00edvat v kontrolovan\u00e9m prost\u0159ed\u00ed. D\u00edky jeho vy\u0161\u0161\u00ed \u00fa\u010dinnosti je sn\u00ed\u017eeno riziko p\u0159ed\u00e1vkov\u00e1n\u00ed. Ne\u0159ezan\u00fd heroin m\u00e1 nav\u00edc m\u00e9n\u011b vedlej\u0161\u00edch \u00fa\u010dink\u016f a ni\u017e\u0161\u00ed riziko z\u00e1vislosti ne\u017e jin\u00e9 formy heroinu. Ve skute\u010dnosti u\u017eivatel\u00e9 dokonce uvedli, \u017ee je snaz\u0161\u00ed naj\u00edt \u010dist\u00e9 a siln\u00e9\u00a0<strong><a href=\"https:\/\/www.google.com\/search?q=Buy+Uncut+Heroin+Online&amp;sca_esv=7d1b82273738a5db&amp;sxsrf=AHTn8zqSop3OM4vkMObcHMIO6R9xb_KCdw%3A1742905711939&amp;ei=b6HiZ_v3OKmeseMP__7noQ0&amp;ved=0ahUKEwi769jenaWMAxUpT2wGHX__OdQQ4dUDCA8&amp;uact=5&amp;oq=Buy+Uncut+Heroin+Online&amp;gs_lp=Egxnd3Mtd2l6LXNlcnAiF0J1eSBVbmN1dCBIZXJvaW4gT25saW5lSLkNUIUCWIUCcAF4AJABAJgB2QGgAdkBqgEDMi0xuAEDyAEA-AEB-AECmAIBoAJbqAIQwgIHECMYJxjqAsICFxAAGIAEGJECGLQCGMcDGIoFGOoC2AEBwgIQEAAYAxi0AhjqAhiPAdgBAZgDW_EFrG91rDpW1GO6BgYIARABGAGSBwExoAdTsgcAuAcA&amp;sclient=gws-wiz-serp\">nesest\u0159\u00edhan\u00fd heroin online<\/a>\u00a0<\/strong>ve spole\u010dnosti Narco Powders.<\/p>\n<h3 style=\"text-align: justify;\">Vedlej\u0161\u00ed \u00fa\u010dinky nesest\u0159\u00edhan\u00e9ho heroinu<\/h3>\n<p style=\"text-align: justify;\">Mezi zdravotn\u00ed rizika spojen\u00e1 s u\u017e\u00edv\u00e1n\u00edm ne\u0159e\u017een\u00e9ho heroinu pat\u0159\u00ed zv\u00fd\u0161en\u00e9 riziko z\u00e1vislosti a p\u0159ed\u00e1vkov\u00e1n\u00ed, stejn\u011b jako vy\u0161\u0161\u00ed m\u00edra HIV a dal\u0161\u00edch infekc\u00ed. <a href=\"https:\/\/duckduckgo.com\/?q=Buy+Uncut+Heroin+Online&amp;t=h_&amp;ia=web\">Uncut heroin<\/a> m\u016f\u017ee tak\u00e9 zp\u016fsobit fyzick\u00e9 \u00fa\u010dinky, jako je nevolnost, zvracen\u00ed, zv\u00fd\u0161en\u00e1 srde\u010dn\u00ed frekvence a zv\u00fd\u0161en\u00e9 riziko p\u0159ed\u00e1vkov\u00e1n\u00ed. V n\u011bkter\u00fdch p\u0159\u00edpadech m\u016f\u017ee v\u00e9st i k \u00famrt\u00ed.<\/p>\n<h3 style=\"text-align: justify;\">Kde koupit nesest\u0159\u00edhan\u00fd heroin online?<\/h3>\n<p style=\"text-align: justify;\">P\u0159i zkoum\u00e1n\u00ed\u00a0<a href=\"https:\/\/www.bing.com\/search?q=Buy%20Uncut%20Heroin%20Online&amp;qs=n&amp;form=QBRE&amp;sp=-1&amp;lq=0&amp;pq=buy%20uncut%20heroin%20online&amp;sc=0-23&amp;sk=&amp;cvid=C47FB2A3D0B84EA8801EC7F34ACFAE77&amp;ghsh=0&amp;ghacc=0&amp;ghpl=\"><strong>nesest\u0159\u00edhan\u00fd heroin ve velk\u00e9m online<\/strong><\/a>hledejte zdroje jako Narco Powders, kter\u00e9 byly ov\u011b\u0159eny zdroji t\u0159et\u00edch stran jako vysoce kvalitn\u00ed produkty. P\u0159i zva\u017eov\u00e1n\u00ed cen ne\u0159ezan\u00e9ho heroinu online m\u011bjte na pam\u011bti, \u017ee ceny se mohou v\u00fdrazn\u011b li\u0161it v z\u00e1vislosti na lokalit\u011b (nap\u0159. ve m\u011bstech, kde b\u00fdv\u00e1 cena heroinu na ulici vy\u0161\u0161\u00ed), denn\u00ed dob\u011b (ob\u0159ady eutanazie \u010dasto vedou k vy\u0161\u0161\u00edm cen\u00e1m), zp\u016fsobu platby (kreditn\u00ed karty maj\u00ed tendenci \u00fa\u010dtovat vy\u0161\u0161\u00ed sazby ne\u017e PayPal) atd. Je d\u016fle\u017eit\u00e9 nezab\u0159ednout do podrobnost\u00ed o cen\u00e1ch, proto\u017ee v kone\u010dn\u00e9m d\u016fsledku bude to, co kupujete, pravd\u011bpodobn\u011b sn\u00ed\u017eeno o jin\u00e9 l\u00e1tky, bez ohledu na zdroj, tak\u017ee plat\u00edte pozornost v\u011bt\u0161inou pouze zaji\u0161\u0165uje zachov\u00e1n\u00ed \u00farovn\u011b \u010distoty a \u010derstvosti b\u011bhem p\u0159epravy a procesu n\u00e1kupu, nikoli pouze ve f\u00e1zi kone\u010dn\u00e9ho produktu.<\/p>\n<h3 style=\"text-align: justify;\">Kupte si nesest\u0159\u00edhan\u00fd heroin online na Narco Powders<\/h3>\n<p style=\"text-align: justify;\">Je d\u016fle\u017eit\u00e9 si pamatovat, \u017ee u\u017e\u00edv\u00e1n\u00ed ne\u0159ezan\u00e9ho heroinu m\u016f\u017ee m\u00edt v\u00e1\u017en\u00e9 n\u00e1sledky, pokud nen\u00ed u\u017e\u00edv\u00e1no spr\u00e1vn\u011b nebo zodpov\u011bdn\u011b. Tak\u017ee mus\u00edte jedin\u011b <a href=\"https:\/\/duckduckgo.com\/?q=Buy+Uncut+Heroin+Online&amp;t=h_&amp;ia=web\"><strong>objednat nekr\u00e1jen\u00fd heroin online<\/strong><\/a> z renomovan\u00fdch l\u00e9k\u00e1ren, jako je Narco Powders. Prod\u00e1v\u00e1me pouze autentick\u00fd, ne\u0159ezan\u00fd heroin velkoobchodn\u011b za nejlep\u0161\u00ed cenu.<\/p>","protected":false},"excerpt":{"rendered":"<p>Koupit nesest\u0159\u00edhan\u00fd heroin online Nesest\u0159\u00edhan\u00fd heroin lze zakoupit online od n\u011bkter\u00fdch prodejc\u016f, co\u017e v\u0161ak s sebou nese ur\u010dit\u00e1 rizika. Pokud jste tedy p\u0159em\u00fd\u0161leli, kde koupit nesest\u0159\u00edhan\u00fd heroin online, kter\u00fd je autentick\u00fd a bezpe\u010dn\u00fd, Narco Powders je v\u00e1\u0161 obchod. Jak se vyr\u00e1b\u00ed nesekan\u00fd heroin? Ne\u0159ezan\u00fd heroin se vyr\u00e1b\u00ed ze su\u0161en\u00fdch lusk\u016f, kter\u00e9 se [...]<\/p>","protected":false},"featured_media":19241,"comment_status":"open","ping_status":"closed","template":"","meta":{"_joinchat":[]},"product_brand":[],"product_cat":[1168],"product_tag":[],"class_list":{"0":"post-19219","1":"product","2":"type-product","3":"status-publish","4":"has-post-thumbnail","6":"product_cat-buy-heroin-online","8":"first","9":"instock","10":"shipping-taxable","11":"purchasable","12":"product-type-variable","13":"add-to-wishlist-after_add_to_cart"},"yoast_head":"<!-- This site is optimized with the Yoast SEO plugin v25.9 - https:\/\/yoast.com\/wordpress\/plugins\/seo\/ -->\n<title>Buy Uncut Heroin Online - High Purity Uncut Heroin for Sale<\/title>\n<meta name=\"description\" content=\"if you are looking to buy uncut heroin online at best price, we are a reliable source where you can get high purity uncut heroin for sale. Order Now!\" \/>\n<meta name=\"robots\" content=\"index, follow, max-snippet:-1, max-image-preview:large, max-video-preview:-1\" \/>\n<link rel=\"canonical\" href=\"https:\/\/narcopowders.com\/cs\/produkt\/nesestrihany-heroin\/\" \/>\n<meta property=\"og:locale\" content=\"cs_CZ\" \/>\n<meta property=\"og:type\" content=\"article\" \/>\n<meta property=\"og:title\" content=\"Buy Uncut Heroin Online - High Purity Uncut Heroin for Sale\" \/>\n<meta property=\"og:description\" content=\"if you are looking to buy uncut heroin online at best price, we are a reliable source where you can get high purity uncut heroin for sale. Order Now!\" \/>\n<meta property=\"og:url\" content=\"https:\/\/narcopowders.com\/cs\/produkt\/nesestrihany-heroin\/\" \/>\n<meta property=\"og:site_name\" content=\"Narco Powders\" \/>\n<meta property=\"article:modified_time\" content=\"2025-03-25T12:37:48+00:00\" \/>\n<meta property=\"og:image\" content=\"https:\/\/narcopowders.com\/wp-content\/uploads\/2023\/01\/uncut-heroin.jpg\" \/>\n\t<meta property=\"og:image:width\" content=\"600\" \/>\n\t<meta property=\"og:image:height\" content=\"600\" \/>\n\t<meta property=\"og:image:type\" content=\"image\/jpeg\" \/>\n<meta name=\"twitter:card\" content=\"summary_large_image\" \/>\n<meta name=\"twitter:label1\" content=\"Odhadovan\u00e1 doba \u010dten\u00ed\" \/>\n\t<meta name=\"twitter:data1\" content=\"3 minuty\" \/>\n<!-- \/ Yoast SEO plugin. -->","yoast_head_json":{"title":"Koupit nesest\u0159\u00edhan\u00fd heroin online \u2013 vysoce \u010dist\u00fd nesest\u0159\u00edhan\u00fd heroin na prodej","description":"pokud hled\u00e1te ne\u0159ezan\u00fd heroin online za nejlep\u0161\u00ed cenu, jsme spolehliv\u00fdm zdrojem, kde m\u016f\u017eete z\u00edskat vysoce \u010dist\u00fd ne\u0159ezan\u00fd heroin na prodej. Objednat te\u010f!","robots":{"index":"index","follow":"follow","max-snippet":"max-snippet:-1","max-image-preview":"max-image-preview:large","max-video-preview":"max-video-preview:-1"},"canonical":"https:\/\/narcopowders.com\/cs\/produkt\/nesestrihany-heroin\/","og_locale":"cs_CZ","og_type":"article","og_title":"Buy Uncut Heroin Online - High Purity Uncut Heroin for Sale","og_description":"if you are looking to buy uncut heroin online at best price, we are a reliable source where you can get high purity uncut heroin for sale. Order Now!","og_url":"https:\/\/narcopowders.com\/cs\/produkt\/nesestrihany-heroin\/","og_site_name":"Narco Powders","article_modified_time":"2025-03-25T12:37:48+00:00","og_image":[{"width":600,"height":600,"url":"https:\/\/narcopowders.com\/wp-content\/uploads\/2023\/01\/uncut-heroin.jpg","type":"image\/jpeg"}],"twitter_card":"summary_large_image","twitter_misc":{"Odhadovan\u00e1 doba \u010dten\u00ed":"3 minuty"},"schema":{"@context":"https:\/\/schema.org","@graph":[{"@type":"WebPage","@id":"https:\/\/narcopowders.com\/product\/uncut-heroin\/","url":"https:\/\/narcopowders.com\/product\/uncut-heroin\/","name":"Koupit nesest\u0159\u00edhan\u00fd heroin online \u2013 vysoce \u010dist\u00fd nesest\u0159\u00edhan\u00fd heroin na prodej","isPartOf":{"@id":"https:\/\/narcopowders.com\/#website"},"primaryImageOfPage":{"@id":"https:\/\/narcopowders.com\/product\/uncut-heroin\/#primaryimage"},"image":{"@id":"https:\/\/narcopowders.com\/product\/uncut-heroin\/#primaryimage"},"thumbnailUrl":"https:\/\/narcopowders.com\/wp-content\/uploads\/2023\/01\/uncut-heroin.jpg","datePublished":"2023-01-03T09:18:43+00:00","dateModified":"2025-03-25T12:37:48+00:00","description":"pokud hled\u00e1te ne\u0159ezan\u00fd heroin online za nejlep\u0161\u00ed cenu, jsme spolehliv\u00fdm zdrojem, kde m\u016f\u017eete z\u00edskat vysoce \u010dist\u00fd ne\u0159ezan\u00fd heroin na prodej. Objednat te\u010f!","breadcrumb":{"@id":"https:\/\/narcopowders.com\/product\/uncut-heroin\/#breadcrumb"},"inLanguage":"cs","potentialAction":[{"@type":"ReadAction","target":["https:\/\/narcopowders.com\/product\/uncut-heroin\/"]}]},{"@type":"ImageObject","inLanguage":"cs","@id":"https:\/\/narcopowders.com\/product\/uncut-heroin\/#primaryimage","url":"https:\/\/narcopowders.com\/wp-content\/uploads\/2023\/01\/uncut-heroin.jpg","contentUrl":"https:\/\/narcopowders.com\/wp-content\/uploads\/2023\/01\/uncut-heroin.jpg","width":600,"height":600,"caption":"Buy Uncut Heroin Online"},{"@type":"BreadcrumbList","@id":"https:\/\/narcopowders.com\/product\/uncut-heroin\/#breadcrumb","itemListElement":[{"@type":"ListItem","position":1,"name":"Home","item":"https:\/\/narcopowders.com\/"},{"@type":"ListItem","position":2,"name":"Shop Page","item":"https:\/\/narcopowders.com\/shop\/"},{"@type":"ListItem","position":3,"name":"Uncut Heroin"}]},{"@type":"WebSite","@id":"https:\/\/narcopowders.com\/#website","url":"https:\/\/narcopowders.com\/","name":"Pr\u00e1\u0161ky na narkotika","description":"M\u016fj blog WordPress","potentialAction":[{"@type":"SearchAction","target":{"@type":"EntryPoint","urlTemplate":"https:\/\/narcopowders.com\/?s={search_term_string}"},"query-input":{"@type":"PropertyValueSpecification","valueRequired":true,"valueName":"search_term_string"}}],"inLanguage":"cs"}]}},"_links":{"self":[{"href":"https:\/\/narcopowders.com\/cs\/wp-json\/wp\/v2\/product\/19219","targetHints":{"allow":["GET"]}}],"collection":[{"href":"https:\/\/narcopowders.com\/cs\/wp-json\/wp\/v2\/product"}],"about":[{"href":"https:\/\/narcopowders.com\/cs\/wp-json\/wp\/v2\/types\/product"}],"replies":[{"embeddable":true,"href":"https:\/\/narcopowders.com\/cs\/wp-json\/wp\/v2\/comments?post=19219"}],"wp:featuredmedia":[{"embeddable":true,"href":"https:\/\/narcopowders.com\/cs\/wp-json\/wp\/v2\/media\/19241"}],"wp:attachment":[{"href":"https:\/\/narcopowders.com\/cs\/wp-json\/wp\/v2\/media?parent=19219"}],"wp:term":[{"taxonomy":"product_brand","embeddable":true,"href":"https:\/\/narcopowders.com\/cs\/wp-json\/wp\/v2\/product_brand?post=19219"},{"taxonomy":"product_cat","embeddable":true,"href":"https:\/\/narcopowders.com\/cs\/wp-json\/wp\/v2\/product_cat?post=19219"},{"taxonomy":"product_tag","embeddable":true,"href":"https:\/\/narcopowders.com\/cs\/wp-json\/wp\/v2\/product_tag?post=19219"}],"curies":[{"name":"wp","href":"https:\/\/api.w.org\/{rel}","templated":true}]}}