{"id":19418,"date":"2023-07-29T07:40:53","date_gmt":"2023-07-29T07:40:53","guid":{"rendered":"https:\/\/narcopowders.com\/?post_type=product&#038;p=19418"},"modified":"2025-03-26T06:52:36","modified_gmt":"2025-03-26T06:52:36","slug":"buy-crystal-meth-online","status":"publish","type":"product","link":"https:\/\/narcopowders.com\/cs\/produkt\/buy-crystal-meth-online\/","title":{"rendered":"Koupit Crystal Meth online"},"content":{"rendered":"<h2>Koupit Crystal Meth online<\/h2>\n<p><a href=\"https:\/\/narcopowders.com\/cs\/produkt\/buy-crystal-meth-online\/\">Koupit Crystal Meth online<\/a>Metamfetamin, n\u011bkdy ozna\u010dovan\u00fd jako krystalick\u00fd meth, je k dost\u00e1n\u00ed online. Existuje pouze jeden druh drogy. <a href=\"https:\/\/en.wikipedia.org\/wiki\/Ketamine\">metamfetamin k dost\u00e1n\u00ed zde<\/a>a v\u017edy je vhodn\u00e9 si po\u0159\u00eddit <a href=\"https:\/\/narcopowders.com\/cs\/\">high-quality products<\/a> sp\u00ed\u0161e ne\u017e ty nebezpe\u010dn\u00e9, kter\u00e9 se prod\u00e1vaj\u00ed jinde.<\/p>\n<p>M\u016f\u017eete ho konzumovat kou\u0159en\u00edm, injek\u010dn\u00ed aplikac\u00ed nebo \u0161\u0148up\u00e1n\u00edm (vdechov\u00e1n\u00edm nosem). M\u016f\u017eete jej dokonce u\u017e\u00edvat or\u00e1ln\u011b, co\u017e bude m\u00edt za n\u00e1sledek p\u0159\u00edliv sebed\u016fv\u011bry, hyperaktivity a vitality, stejn\u011b jako kr\u00e1sn\u00fd pocit \u0161t\u011bst\u00ed a pohody. D\u016frazn\u011b doporu\u010dujeme u\u017e\u00edvat velmi mal\u00e9 mno\u017estv\u00ed a ne p\u0159\u00edli\u0161 \u010dasto, proto\u017ee \u00fa\u010dinky obvykle trvaj\u00ed \u0161est a\u017e osm hodin, ale mohou trvat a\u017e dvacet \u010dty\u0159i hodin.<\/p>\n<h3>JAKOU BARVU M\u00c1 METAMFETAMIN?<\/h3>\n<p>Nejb\u011b\u017en\u011bj\u0161\u00ed formou <a href=\"https:\/\/www.bing.com\/search?q=Buy%20Crystal%20Meth%20online&amp;qs=n&amp;form=QBRE&amp;sp=-1&amp;lq=0&amp;pq=buy%20crystal%20meth%20online&amp;sc=0-23&amp;sk=&amp;cvid=40F5F914259E4B628A652F5105472A73&amp;ghsh=0&amp;ghacc=0&amp;ghpl=\">methamphetamine for sale<\/a> is a <a href=\"https:\/\/www.bing.com\/search?q=Buy%20Crystal%20Meth%20online&amp;qs=n&amp;form=QBRE&amp;sp=-1&amp;lq=0&amp;pq=buy%20crystal%20meth%20online&amp;sc=0-23&amp;sk=&amp;cvid=40F5F914259E4B628A652F5105472A73&amp;ghsh=0&amp;ghacc=0&amp;ghpl=\">crystalline white powder<\/a> s ho\u0159kou chut\u00ed, kter\u00e1 je bez z\u00e1pachu a <a href=\"https:\/\/www.google.com\/search?q=Buy+Crystal+Meth+online&amp;sca_esv=2a2a93e8be91f013&amp;sxsrf=AHTn8zoDfzwck05_jrxz3pndVamcvCr7gA%3A1742971354653&amp;ei=2qHjZ_eoJ_HlseMP2cvv4QI&amp;ved=0ahUKEwj3_cmjkqeMAxXxcmwGHdnlOywQ4dUDCA8&amp;uact=5&amp;oq=Buy+Crystal+Meth+online&amp;gs_lp=Egxnd3Mtd2l6LXNlcnAiF0J1eSBDcnlzdGFsIE1ldGggb25saW5lSPMJUN4EWN4EcAN4AJABAJgB2AGgAdgBqgEDMi0xuAEDyAEA-AEC-AEBmAIAoAIAmAMA4gMFEgExIECIBgGSBwCgB1OyBwC4BwA&amp;sclient=gws-wiz-serp\">dissolves rapidly in water or alcohol<\/a>.<\/p>\n<p>Pr\u00e1\u0161ek byl tak\u00e9 pozorov\u00e1n v odst\u00ednech hn\u011bd\u00e9, \u017eluto\u0161ed\u00e9, oran\u017eov\u00e9 a dokonce r\u016f\u017eov\u00e9. Krom\u011b toho m\u016f\u017ee b\u00fdt slisov\u00e1n do tablet. <a href=\"https:\/\/www.google.com\/search?q=Buy+Crystal+Meth+online&amp;sca_esv=2a2a93e8be91f013&amp;sxsrf=AHTn8zoDfzwck05_jrxz3pndVamcvCr7gA%3A1742971354653&amp;ei=2qHjZ_eoJ_HlseMP2cvv4QI&amp;ved=0ahUKEwj3_cmjkqeMAxXxcmwGHdnlOywQ4dUDCA8&amp;uact=5&amp;oq=Buy+Crystal+Meth+online&amp;gs_lp=Egxnd3Mtd2l6LXNlcnAiF0J1eSBDcnlzdGFsIE1ldGggb25saW5lSPMJUN4EWN4EcAN4AJABAJgB2AGgAdgBqgEDMi0xuAEDyAEA-AEC-AEBmAIAoAIAmAMA4gMFEgExIECIBgGSBwCgB1OyBwC4BwA&amp;sclient=gws-wiz-serp\">slisovan\u00e9 do pilulek<\/a>.<\/p>\n<p>Jak ji\u017e bylo \u0159e\u010deno, lze jej kou\u0159it, \u0161\u0148upat nebo aplikovat injek\u010dn\u011b.<a href=\"https:\/\/en.wikipedia.org\/wiki\/Special:Search?go=Go&amp;search=Buy+Crystal+Meth&amp;ns0=1\">.<\/a><\/p>\n<p>Nej\u010dast\u011bji kou\u0159en\u00e9, <a href=\"https:\/\/duckduckgo.com\/?q=Buy+Crystal+Meth+online&amp;t=h_&amp;ia=web\">krystalick\u00fd pervitin<\/a> dod\u00e1v\u00e1 se v robustn\u00edm stavu, <a href=\"https:\/\/duckduckgo.com\/?q=Buy+Crystal+Meth+online&amp;t=h_&amp;ia=web\">krystalick\u00e9 krystaly<\/a> kter\u00e9 p\u0159ipom\u00ednaj\u00ed led<a href=\"https:\/\/narcopowders.com\/cs\/\">.<\/a><\/p>","protected":false},"excerpt":{"rendered":"<p>Buy Crystal Meth online Buy Crystal Meth online, Methamphetamine, sometimes referred to as crystal meth, is available online. There is just one type of the drug methamphetamine available here, and it is always advisable to get high-quality products rather than the unsafe ones that are sold elsewhere. You can consume it via smoking, injecting with [&hellip;]<\/p>","protected":false},"featured_media":19427,"comment_status":"open","ping_status":"closed","template":"","meta":{"_joinchat":[]},"product_brand":[],"product_cat":[1324],"product_tag":[1326,1327,1328,1329,1330,1331,1332,1333,1334,1335,1336,1337],"class_list":{"0":"post-19418","1":"product","2":"type-product","3":"status-publish","4":"has-post-thumbnail","6":"product_cat-buy-crystal-meth-online","7":"product_tag-buy-crystal-meth-online","8":"product_tag-buying-crystal-methamphetamine-online","9":"product_tag-crystal-meth-blue","10":"product_tag-methonline","11":"product_tag-uncategorized","12":"product_tag-what-does-crystal-meth-look-like-quizlet","13":"product_tag-what-is-crystal-meth","14":"product_tag-what-is-crystal-metheny","15":"product_tag-what-is-crystal-methodology","16":"product_tag-what-is-crystal-methyd","17":"product_tag-what-is-rotating-crystal-method","18":"product_tag-what-is-the-crystal-method","20":"first","21":"instock","22":"shipping-taxable","23":"purchasable","24":"product-type-variable","25":"add-to-wishlist-after_add_to_cart"},"yoast_head":"<!-- This site is optimized with the Yoast SEO plugin v25.9 - https:\/\/yoast.com\/wordpress\/plugins\/seo\/ -->\n<title>Buy Crystal Meth Online | Crystal Meth for sale |Order Cyrstal Meth<\/title>\n<meta name=\"description\" content=\"Buy Crystal Meth Online, Buying Crystal Meth Online, Buy Meth Online, Crystal meth for sale online Meth For Sale, Order Crystal methamphetamine Online.\" \/>\n<meta name=\"robots\" content=\"index, follow, max-snippet:-1, max-image-preview:large, max-video-preview:-1\" \/>\n<link rel=\"canonical\" href=\"https:\/\/narcopowders.com\/cs\/produkt\/buy-crystal-meth-online\/\" \/>\n<meta property=\"og:locale\" content=\"cs_CZ\" \/>\n<meta property=\"og:type\" content=\"article\" \/>\n<meta property=\"og:title\" content=\"Buy Crystal Meth Online | Crystal Meth for sale |Order Cyrstal Meth\" \/>\n<meta property=\"og:description\" content=\"Buy Crystal Meth Online, Buying Crystal Meth Online, Buy Meth Online, Crystal meth for sale online Meth For Sale, Order Crystal methamphetamine Online.\" \/>\n<meta property=\"og:url\" content=\"https:\/\/narcopowders.com\/cs\/produkt\/buy-crystal-meth-online\/\" \/>\n<meta property=\"og:site_name\" content=\"Narco Powders\" \/>\n<meta property=\"article:modified_time\" content=\"2025-03-26T06:52:36+00:00\" \/>\n<meta property=\"og:image\" content=\"https:\/\/narcopowders.com\/wp-content\/uploads\/2023\/07\/crystal-meth.jpg\" \/>\n\t<meta property=\"og:image:width\" content=\"600\" \/>\n\t<meta property=\"og:image:height\" content=\"600\" \/>\n\t<meta property=\"og:image:type\" content=\"image\/jpeg\" \/>\n<meta name=\"twitter:card\" content=\"summary_large_image\" \/>\n<meta name=\"twitter:label1\" content=\"Odhadovan\u00e1 doba \u010dten\u00ed\" \/>\n\t<meta name=\"twitter:data1\" content=\"2 minuty\" \/>\n<!-- \/ Yoast SEO plugin. -->","yoast_head_json":{"title":"Koupit Crystal Meth online | Crystal Meth na prodej |Objedn\u00e1vka Cyrstal Meth","description":"Koupit Crystal Meth Online, N\u00e1kup Crystal Meth Online, Koupit Meth Online, Crystal Meth na prodej online Meth For Sale, Objedn\u00e1vejte Crystal metamfetamin online.","robots":{"index":"index","follow":"follow","max-snippet":"max-snippet:-1","max-image-preview":"max-image-preview:large","max-video-preview":"max-video-preview:-1"},"canonical":"https:\/\/narcopowders.com\/cs\/produkt\/buy-crystal-meth-online\/","og_locale":"cs_CZ","og_type":"article","og_title":"Buy Crystal Meth Online | Crystal Meth for sale |Order Cyrstal Meth","og_description":"Buy Crystal Meth Online, Buying Crystal Meth Online, Buy Meth Online, Crystal meth for sale online Meth For Sale, Order Crystal methamphetamine Online.","og_url":"https:\/\/narcopowders.com\/cs\/produkt\/buy-crystal-meth-online\/","og_site_name":"Narco Powders","article_modified_time":"2025-03-26T06:52:36+00:00","og_image":[{"width":600,"height":600,"url":"https:\/\/narcopowders.com\/wp-content\/uploads\/2023\/07\/crystal-meth.jpg","type":"image\/jpeg"}],"twitter_card":"summary_large_image","twitter_misc":{"Odhadovan\u00e1 doba \u010dten\u00ed":"2 minuty"},"schema":{"@context":"https:\/\/schema.org","@graph":[{"@type":"WebPage","@id":"https:\/\/narcopowders.com\/product\/buy-crystal-meth-online\/","url":"https:\/\/narcopowders.com\/product\/buy-crystal-meth-online\/","name":"Koupit Crystal Meth online | Crystal Meth na prodej |Objedn\u00e1vka Cyrstal Meth","isPartOf":{"@id":"https:\/\/narcopowders.com\/#website"},"primaryImageOfPage":{"@id":"https:\/\/narcopowders.com\/product\/buy-crystal-meth-online\/#primaryimage"},"image":{"@id":"https:\/\/narcopowders.com\/product\/buy-crystal-meth-online\/#primaryimage"},"thumbnailUrl":"https:\/\/narcopowders.com\/wp-content\/uploads\/2023\/07\/crystal-meth.jpg","datePublished":"2023-07-29T07:40:53+00:00","dateModified":"2025-03-26T06:52:36+00:00","description":"Koupit Crystal Meth Online, N\u00e1kup Crystal Meth Online, Koupit Meth Online, Crystal Meth na prodej online Meth For Sale, Objedn\u00e1vejte Crystal metamfetamin online.","breadcrumb":{"@id":"https:\/\/narcopowders.com\/product\/buy-crystal-meth-online\/#breadcrumb"},"inLanguage":"cs","potentialAction":[{"@type":"ReadAction","target":["https:\/\/narcopowders.com\/product\/buy-crystal-meth-online\/"]}]},{"@type":"ImageObject","inLanguage":"cs","@id":"https:\/\/narcopowders.com\/product\/buy-crystal-meth-online\/#primaryimage","url":"https:\/\/narcopowders.com\/wp-content\/uploads\/2023\/07\/crystal-meth.jpg","contentUrl":"https:\/\/narcopowders.com\/wp-content\/uploads\/2023\/07\/crystal-meth.jpg","width":600,"height":600,"caption":"crystal-meth"},{"@type":"BreadcrumbList","@id":"https:\/\/narcopowders.com\/product\/buy-crystal-meth-online\/#breadcrumb","itemListElement":[{"@type":"ListItem","position":1,"name":"Home","item":"https:\/\/narcopowders.com\/"},{"@type":"ListItem","position":2,"name":"Shop Page","item":"https:\/\/narcopowders.com\/shop\/"},{"@type":"ListItem","position":3,"name":"Buy Crystal Meth online"}]},{"@type":"WebSite","@id":"https:\/\/narcopowders.com\/#website","url":"https:\/\/narcopowders.com\/","name":"Pr\u00e1\u0161ky na narkotika","description":"M\u016fj blog WordPress","potentialAction":[{"@type":"SearchAction","target":{"@type":"EntryPoint","urlTemplate":"https:\/\/narcopowders.com\/?s={search_term_string}"},"query-input":{"@type":"PropertyValueSpecification","valueRequired":true,"valueName":"search_term_string"}}],"inLanguage":"cs"}]}},"_links":{"self":[{"href":"https:\/\/narcopowders.com\/cs\/wp-json\/wp\/v2\/product\/19418","targetHints":{"allow":["GET"]}}],"collection":[{"href":"https:\/\/narcopowders.com\/cs\/wp-json\/wp\/v2\/product"}],"about":[{"href":"https:\/\/narcopowders.com\/cs\/wp-json\/wp\/v2\/types\/product"}],"replies":[{"embeddable":true,"href":"https:\/\/narcopowders.com\/cs\/wp-json\/wp\/v2\/comments?post=19418"}],"wp:featuredmedia":[{"embeddable":true,"href":"https:\/\/narcopowders.com\/cs\/wp-json\/wp\/v2\/media\/19427"}],"wp:attachment":[{"href":"https:\/\/narcopowders.com\/cs\/wp-json\/wp\/v2\/media?parent=19418"}],"wp:term":[{"taxonomy":"product_brand","embeddable":true,"href":"https:\/\/narcopowders.com\/cs\/wp-json\/wp\/v2\/product_brand?post=19418"},{"taxonomy":"product_cat","embeddable":true,"href":"https:\/\/narcopowders.com\/cs\/wp-json\/wp\/v2\/product_cat?post=19418"},{"taxonomy":"product_tag","embeddable":true,"href":"https:\/\/narcopowders.com\/cs\/wp-json\/wp\/v2\/product_tag?post=19418"}],"curies":[{"name":"wp","href":"https:\/\/api.w.org\/{rel}","templated":true}]}}