{"id":19431,"date":"2023-07-29T08:01:13","date_gmt":"2023-07-29T08:01:13","guid":{"rendered":"https:\/\/narcopowders.com\/?post_type=product&#038;p=19431"},"modified":"2025-09-25T07:47:15","modified_gmt":"2025-09-25T07:47:15","slug":"buy-anasket-1000mg-10ml","status":"publish","type":"product","link":"https:\/\/narcopowders.com\/cs\/produkt\/koupit-anasket-1000mg-10ml\/","title":{"rendered":"Koupit Anasket 1000mg\/10ml"},"content":{"rendered":"<h2>Koupit Anasket 1000mg\/10ml<\/h2>\n<p><a href=\"https:\/\/narcopowders.com\/cs\/produkt\/koupit-anasket-1000mg-10ml\/\">Koupit Anasket 1000mg\/10ml<\/a>, Koupit anestetikum ve slev\u011b. Na prodej je \u010dist\u00fd anesket 1000 mg\/10 ml.<\/p>\n<p>Jsme nejlep\u0161\u00edm a nejspolehliv\u011bj\u0161\u00edm poskytovatelem nej\u010dist\u0161\u00edho ketaminu 1000 mg \/ 10 ml. Webov\u00e9 str\u00e1nky <a href=\"https:\/\/narcopowders.com\/cs\/\">NarcoPowders.com<\/a> nab\u00edz\u00ed \u0159adu polo\u017eek, v\u010detn\u011b n\u00e1vod\u016f, jak <a href=\"https:\/\/en.wikipedia.org\/wiki\/Ketamine\">objednat ketaminov\u00fd pr\u00e1\u0161ek<\/a> a tekut\u00fd HCl. V\u0161echny na\u0161e produkty vyr\u00e1b\u00ed spole\u010dnost Narcopowders.<\/p>\n<p>Anasket je l\u00e9k, kter\u00fd je ve v\u011bt\u0161in\u011b zem\u00ed leg\u00e1ln\u00ed a \u0161iroce pou\u017e\u00edvan\u00fd.<a href=\"https:\/\/en.wikipedia.org\/w\/index.php?search=Anasket+1000mg&amp;title=Special:Search&amp;profile=advanced&amp;fulltext=1&amp;ns0=1\">.<\/a><\/p>\n<p>Pou\u017e\u00edv\u00e1me materi\u00e1ly p\u0159\u00edmo od v\u00fdrobce. Poskytujeme je jako laboratorn\u00ed kontrolu pod <a href=\"https:\/\/www.google.com\/search?q=Buy+Anasket+1000mg%2F10ml+Online&amp;sca_esv=7d1b82273738a5db&amp;sxsrf=AHTn8zoQ4iYviNvbX2DGKHfxQybv57lbGw%3A1742907080934&amp;ei=yKbiZ_XZOLmfnesPqsCw-Qc&amp;ved=0ahUKEwj13b3roqWMAxW5T2cHHSogLH8Q4dUDCA8&amp;uact=5&amp;oq=Buy+Anasket+1000mg%2F10ml+Online&amp;gs_lp=Egxnd3Mtd2l6LXNlcnAiHkJ1eSBBbmFza2V0IDEwMDBtZy8xMG1sIE9ubGluZTIHECEYoAEYCjIHECEYoAEYCjIHECEYoAEYCkjtMFDFA1jUH3AEeACQAQCYAYMCoAGYCqoBBTAuNS4yuAEDyAEA-AEBmAIKoALKCpgDAOIDBRIBMSBAiAYBkgcFMy41LjKgB9wgsgcFMC41LjK4B8AK&amp;sclient=gws-wiz-serp\">obchodn\u00edm n\u00e1zvem Anesket.<\/a>.<\/p>\n<h3>Co je Pure Anesket<\/h3>\n<p><a href=\"https:\/\/www.google.com\/search?q=Buy+Anasket+1000mg%2F10ml+Online&amp;sca_esv=7d1b82273738a5db&amp;sxsrf=AHTn8zoQ4iYviNvbX2DGKHfxQybv57lbGw%3A1742907080934&amp;ei=yKbiZ_XZOLmfnesPqsCw-Qc&amp;ved=0ahUKEwj13b3roqWMAxW5T2cHHSogLH8Q4dUDCA8&amp;uact=5&amp;oq=Buy+Anasket+1000mg%2F10ml+Online&amp;gs_lp=Egxnd3Mtd2l6LXNlcnAiHkJ1eSBBbmFza2V0IDEwMDBtZy8xMG1sIE9ubGluZTIHECEYoAEYCjIHECEYoAEYCjIHECEYoAEYCkjtMFDFA1jUH3AEeACQAQCYAYMCoAGYCqoBBTAuNS4yuAEDyAEA-AEBmAIKoALKCpgDAOIDBRIBMSBAiAYBkgcFMy41LjKgB9wgsgcFMC41LjK4B8AK&amp;sclient=gws-wiz-serp\">Obsahuje ketamin hydrochlorid<\/a>. It is the medicine to beat, and doctors use it for a range of conditions all across the world. <a href=\"https:\/\/www.bing.com\/search?q=Buy%20Anasket%201000mg%2F10ml%20Online&amp;qs=n&amp;form=QBRE&amp;sp=-1&amp;lq=0&amp;pq=buy%20anasket%201000mg%2F10ml%20online&amp;sc=0-30&amp;sk=&amp;cvid=B0214D489ABC42E7AED31B90CF908A6C&amp;ghsh=0&amp;ghacc=0&amp;ghpl=\">1000 mg \u010dist\u00e9ho anestetika v 10ml injekci<\/a>. The anaesthetic class includes the pharmaceutical class.<\/p>\n<h3>Co je to Ketamin 1000 mg v p\u0159\u00edpravku Pure Anesket 1000mg\/ 10ml?<\/h3>\n<p>U\u017e\u00edv\u00e1n\u00ed t\u00e9to kl\u00ed\u010dov\u00e9 drogy je roz\u0161\u00ed\u0159en\u00e9. V\u011bt\u0161ina <a href=\"https:\/\/duckduckgo.com\/?q=Buy+Anasket+1000mg%2F10ml+Online&amp;t=h_&amp;ia=web\">surgical operations, general medical practise, painkillers<\/a>.<\/p>\n<h3>Jak\u00e9 jsou jej\u00ed \u00fa\u010dinky?<\/h3>\n<p><strong>Negativn\u00ed \u00fa\u010dinky<\/strong><\/p>\n<p>Samoz\u0159ejm\u011b, l\u00e9ky maj\u00ed i ne\u017e\u00e1douc\u00ed \u00fa\u010dinky a ty mohou b\u00fdt docela z\u00e1va\u017en\u00e9. <a href=\"https:\/\/duckduckgo.com\/?q=Buy+Anasket+1000mg%2F10ml+Online&amp;t=h_&amp;ia=web\">Mezi kr\u00e1tkodob\u00e9 ne\u017e\u00e1douc\u00ed \u00fa\u010dinky pat\u0159\u00ed nep\u0159\u00edjemn\u00e9 halucinace.<\/a>L\u00e9ky maj\u00ed samoz\u0159ejm\u011b ne\u017e\u00e1douc\u00ed \u00fa\u010dinky, kter\u00e9 mohou b\u00fdt velmi z\u00e1va\u017en\u00e9. Mezi kr\u00e1tkodob\u00e9 ne\u017e\u00e1douc\u00ed \u00fa\u010dinky pat\u0159\u00ed siln\u00e9 halucinace. P\u0159\u00edjemnost halucinac\u00ed z\u00e1vis\u00ed na psychick\u00e9m stavu u\u017eivatele, a pokud se u\u017eivatel sna\u017e\u00ed uniknout smutku, budou halucinace pravd\u011bpodobn\u011b nep\u0159\u00edjemn\u00e9. To plat\u00ed pro v\u0161echny psychotropn\u00ed l\u00e9ky <a href=\"https:\/\/www.bing.com\/search?q=Buy%20Anasket%201000mg%2F10ml%20Online&amp;qs=n&amp;form=QBRE&amp;sp=-1&amp;lq=0&amp;pq=buy%20anasket%201000mg%2F10ml%20online&amp;sc=0-30&amp;sk=&amp;cvid=B0214D489ABC42E7AED31B90CF908A6C&amp;ghsh=0&amp;ghacc=0&amp;ghpl=\">Koupit ketamin online<\/a><a href=\"https:\/\/narcopowders.com\/cs\/\">.<\/a><\/p>","protected":false},"excerpt":{"rendered":"<p>Buy Anasket 1000mg\/10ml Buy Anasket 1000mg\/10ml, Buy Anaesthetic On Sale&#8217;s For sale is pure anesket 1000 mg\/10 ml. We are the top and most dependable purest ketamine 1000mg \/ 10ml provider. The website NarcoPowders.com offers a variety of items, including how to order ketamine powder and liquid hcl. All of our products are produced by [&hellip;]<\/p>","protected":false},"featured_media":19447,"comment_status":"open","ping_status":"closed","template":"","meta":{"_joinchat":[]},"product_brand":[],"product_cat":[1325],"product_tag":[],"class_list":{"0":"post-19431","1":"product","2":"type-product","3":"status-publish","4":"has-post-thumbnail","6":"product_cat-buy-ketamine-online","8":"first","9":"instock","10":"shipping-taxable","11":"purchasable","12":"product-type-variable","13":"add-to-wishlist-after_add_to_cart"},"yoast_head":"<!-- This site is optimized with the Yoast SEO plugin v25.9 - https:\/\/yoast.com\/wordpress\/plugins\/seo\/ -->\n<title>Buy Anasket 1000mg\/10ml - Narco Powders<\/title>\n<meta name=\"description\" content=\"Buy Anasket 1000mg\/10ml, Anesket 1000mg-10ml Solution | Anesket Injection, Non prescription | Buy Ketamine for Sale Online Near me discreetly.\" \/>\n<meta name=\"robots\" content=\"index, follow, max-snippet:-1, max-image-preview:large, max-video-preview:-1\" \/>\n<link rel=\"canonical\" href=\"https:\/\/narcopowders.com\/cs\/produkt\/koupit-anasket-1000mg-10ml\/\" \/>\n<meta property=\"og:locale\" content=\"cs_CZ\" \/>\n<meta property=\"og:type\" content=\"article\" \/>\n<meta property=\"og:title\" content=\"Buy Anasket 1000mg\/10ml - Narco Powders\" \/>\n<meta property=\"og:description\" content=\"Buy Anasket 1000mg\/10ml, Anesket 1000mg-10ml Solution | Anesket Injection, Non prescription | Buy Ketamine for Sale Online Near me discreetly.\" \/>\n<meta property=\"og:url\" content=\"https:\/\/narcopowders.com\/cs\/produkt\/koupit-anasket-1000mg-10ml\/\" \/>\n<meta property=\"og:site_name\" content=\"Narco Powders\" \/>\n<meta property=\"article:modified_time\" content=\"2025-09-25T07:47:15+00:00\" \/>\n<meta property=\"og:image\" content=\"https:\/\/narcopowders.com\/wp-content\/uploads\/2023\/07\/Anasket.jpg\" \/>\n\t<meta property=\"og:image:width\" content=\"600\" \/>\n\t<meta property=\"og:image:height\" content=\"600\" \/>\n\t<meta property=\"og:image:type\" content=\"image\/jpeg\" \/>\n<meta name=\"twitter:card\" content=\"summary_large_image\" \/>\n<meta name=\"twitter:label1\" content=\"Odhadovan\u00e1 doba \u010dten\u00ed\" \/>\n\t<meta name=\"twitter:data1\" content=\"2 minuty\" \/>\n<!-- \/ Yoast SEO plugin. -->","yoast_head_json":{"title":"Koupit Anasket 1000mg\/10ml - Pr\u00e1\u0161ky na narkotika","description":"Koupit Anasket 1000mg\/10ml, Anesket 1000mg-10ml Solution | Anesket Injection, Bez l\u00e9ka\u0159sk\u00e9ho p\u0159edpisu | Koupit Ketamin na prodej online v m\u00e9 bl\u00edzkosti diskr\u00e9tn\u011b.","robots":{"index":"index","follow":"follow","max-snippet":"max-snippet:-1","max-image-preview":"max-image-preview:large","max-video-preview":"max-video-preview:-1"},"canonical":"https:\/\/narcopowders.com\/cs\/produkt\/koupit-anasket-1000mg-10ml\/","og_locale":"cs_CZ","og_type":"article","og_title":"Buy Anasket 1000mg\/10ml - Narco Powders","og_description":"Buy Anasket 1000mg\/10ml, Anesket 1000mg-10ml Solution | Anesket Injection, Non prescription | Buy Ketamine for Sale Online Near me discreetly.","og_url":"https:\/\/narcopowders.com\/cs\/produkt\/koupit-anasket-1000mg-10ml\/","og_site_name":"Narco Powders","article_modified_time":"2025-09-25T07:47:15+00:00","og_image":[{"width":600,"height":600,"url":"https:\/\/narcopowders.com\/wp-content\/uploads\/2023\/07\/Anasket.jpg","type":"image\/jpeg"}],"twitter_card":"summary_large_image","twitter_misc":{"Odhadovan\u00e1 doba \u010dten\u00ed":"2 minuty"},"schema":{"@context":"https:\/\/schema.org","@graph":[{"@type":"WebPage","@id":"https:\/\/narcopowders.com\/product\/buy-anasket-1000mg-10ml\/","url":"https:\/\/narcopowders.com\/product\/buy-anasket-1000mg-10ml\/","name":"Koupit Anasket 1000mg\/10ml - Pr\u00e1\u0161ky na narkotika","isPartOf":{"@id":"https:\/\/narcopowders.com\/#website"},"primaryImageOfPage":{"@id":"https:\/\/narcopowders.com\/product\/buy-anasket-1000mg-10ml\/#primaryimage"},"image":{"@id":"https:\/\/narcopowders.com\/product\/buy-anasket-1000mg-10ml\/#primaryimage"},"thumbnailUrl":"https:\/\/narcopowders.com\/wp-content\/uploads\/2023\/07\/Anasket.jpg","datePublished":"2023-07-29T08:01:13+00:00","dateModified":"2025-09-25T07:47:15+00:00","description":"Koupit Anasket 1000mg\/10ml, Anesket 1000mg-10ml Solution | Anesket Injection, Bez l\u00e9ka\u0159sk\u00e9ho p\u0159edpisu | Koupit Ketamin na prodej online v m\u00e9 bl\u00edzkosti diskr\u00e9tn\u011b.","breadcrumb":{"@id":"https:\/\/narcopowders.com\/product\/buy-anasket-1000mg-10ml\/#breadcrumb"},"inLanguage":"cs","potentialAction":[{"@type":"ReadAction","target":["https:\/\/narcopowders.com\/product\/buy-anasket-1000mg-10ml\/"]}]},{"@type":"ImageObject","inLanguage":"cs","@id":"https:\/\/narcopowders.com\/product\/buy-anasket-1000mg-10ml\/#primaryimage","url":"https:\/\/narcopowders.com\/wp-content\/uploads\/2023\/07\/Anasket.jpg","contentUrl":"https:\/\/narcopowders.com\/wp-content\/uploads\/2023\/07\/Anasket.jpg","width":600,"height":600,"caption":"Anasket"},{"@type":"BreadcrumbList","@id":"https:\/\/narcopowders.com\/product\/buy-anasket-1000mg-10ml\/#breadcrumb","itemListElement":[{"@type":"ListItem","position":1,"name":"Home","item":"https:\/\/narcopowders.com\/"},{"@type":"ListItem","position":2,"name":"Shop Page","item":"https:\/\/narcopowders.com\/shop\/"},{"@type":"ListItem","position":3,"name":"Buy Anasket 1000mg\/10ml"}]},{"@type":"WebSite","@id":"https:\/\/narcopowders.com\/#website","url":"https:\/\/narcopowders.com\/","name":"Pr\u00e1\u0161ky na narkotika","description":"M\u016fj blog WordPress","potentialAction":[{"@type":"SearchAction","target":{"@type":"EntryPoint","urlTemplate":"https:\/\/narcopowders.com\/?s={search_term_string}"},"query-input":{"@type":"PropertyValueSpecification","valueRequired":true,"valueName":"search_term_string"}}],"inLanguage":"cs"}]}},"_links":{"self":[{"href":"https:\/\/narcopowders.com\/cs\/wp-json\/wp\/v2\/product\/19431","targetHints":{"allow":["GET"]}}],"collection":[{"href":"https:\/\/narcopowders.com\/cs\/wp-json\/wp\/v2\/product"}],"about":[{"href":"https:\/\/narcopowders.com\/cs\/wp-json\/wp\/v2\/types\/product"}],"replies":[{"embeddable":true,"href":"https:\/\/narcopowders.com\/cs\/wp-json\/wp\/v2\/comments?post=19431"}],"wp:featuredmedia":[{"embeddable":true,"href":"https:\/\/narcopowders.com\/cs\/wp-json\/wp\/v2\/media\/19447"}],"wp:attachment":[{"href":"https:\/\/narcopowders.com\/cs\/wp-json\/wp\/v2\/media?parent=19431"}],"wp:term":[{"taxonomy":"product_brand","embeddable":true,"href":"https:\/\/narcopowders.com\/cs\/wp-json\/wp\/v2\/product_brand?post=19431"},{"taxonomy":"product_cat","embeddable":true,"href":"https:\/\/narcopowders.com\/cs\/wp-json\/wp\/v2\/product_cat?post=19431"},{"taxonomy":"product_tag","embeddable":true,"href":"https:\/\/narcopowders.com\/cs\/wp-json\/wp\/v2\/product_tag?post=19431"}],"curies":[{"name":"wp","href":"https:\/\/api.w.org\/{rel}","templated":true}]}}