{"id":19450,"date":"2023-07-29T08:09:13","date_gmt":"2023-07-29T08:09:13","guid":{"rendered":"https:\/\/narcopowders.com\/?post_type=product&#038;p=19450"},"modified":"2025-09-25T08:07:37","modified_gmt":"2025-09-25T08:07:37","slug":"buy-ketamine-crystal","status":"publish","type":"product","link":"https:\/\/narcopowders.com\/cs\/produkt\/koupit-ketamin-krystal\/","title":{"rendered":"Koupit ketamin krystal online"},"content":{"rendered":"<h2>Koupit Ketamin Crystal<\/h2>\n<p><a href=\"https:\/\/narcopowders.com\/cs\/produkt\/koupit-ketamin-krystal\/\">Koupit krystaly ketaminu online<\/a><\/p>\n<p>Where to <a href=\"https:\/\/narcopowders.com\/cs\/\">Kde koupit Ketamin HCL Crystal Powder<\/a><\/p>\n<p>Ketamin je disociativn\u00ed anestetikum pou\u017e\u00edvan\u00e9 v hum\u00e1nn\u00ed anestezii a veterin\u00e1rn\u00ed medic\u00edn\u011b.<\/p>\n<p>Halucinogeny zahrnuj\u00ed disociativn\u00ed l\u00e9ky (koupit ketamin hcl krystalick\u00fd pr\u00e1\u0161ek).<a href=\"https:\/\/narcopowders.com\/cs\/product-category\/buy-heroin-online\/\">.<\/a><\/p>\n<p>Nav\u00edc se \u010dlov\u011bk c\u00edt\u00ed odtr\u017een od reality. V\u011bt\u0161ina ketaminu prod\u00e1van\u00e9ho na <a href=\"https:\/\/en.wikipedia.org\/wiki\/Ketamine\">ketamin<\/a> sold on the<\/p>\n<p>Ulice vedouc\u00ed k veterin\u00e1rn\u00edm klinik\u00e1m byla zm\u011bn\u011bna. Chemie ketaminu <a href=\"https:\/\/duckduckgo.com\/?q=Buy+Ketamine+Crystal+Online&amp;t=h_&amp;ia=web\">Chemistry of ketamine<\/a><\/p>\n<p>Za t\u0159et\u00ed m\u00e1 strukturu a zp\u016fsob \u00fa\u010dinku shodn\u00fd s PCP.<\/p>\n<p>pravideln\u011b pou\u017e\u00edvan\u00e1 kr\u00e1tkodob\u00e1 disociativn\u00ed anestezie a halucinogen.<\/p>\n<p>Pohotovostn\u00ed medic\u00edna ji pou\u017e\u00edv\u00e1 na \u010dtvrt\u00e9. Je to p\u0159\u00edklad disociativn\u00edho a<\/p>\n<p>se tak\u00e9 \u010dasto u\u017e\u00edv\u00e1 rekrea\u010dn\u011b v subanest\u00e9tick\u00fdch d\u00e1vk\u00e1ch. M\u00edt <a href=\"https:\/\/duckduckgo.com\/?q=Buy+Ketamine+Crystal+Online&amp;t=h_&amp;ia=web\">psychedelic experience<\/a>, u\u017e\u00edvejte mal\u00e9 d\u00e1vky \u2013 to je \u201eK-d\u00edra\u201c. V\u011bt\u0161ina disociativn\u00edch l\u00e1tek jsou antagonist\u00e9 NMDA receptor\u016f.<\/p>\n<h3>Ketamin pro \u00falevu od bolesti na prodej.<\/h3>\n<p>Krom\u011b toho se vyhn\u011bte u\u017e\u00edv\u00e1n\u00ed ketaminu, pokud jste alergi\u010dt\u00ed na n\u011bkterou z jeho slo\u017eek. <a href=\"https:\/\/www.bing.com\/search?q=Buy%20Ketamine%20Crystal%20Online&amp;qs=n&amp;form=QBRE&amp;sp=-1&amp;lq=0&amp;pq=buy%20ketamine%20crystal%20online&amp;sc=0-27&amp;sk=&amp;cvid=B48FCD6A63BA41FEA8E70E332D5821C8&amp;ghsh=0&amp;ghacc=0&amp;ghpl=\">allergic to any of its ingredients<\/a>.<\/p>\n<p>Nav\u00edc trp\u00edte onemocn\u011bn\u00edm, kter\u00e9 by v\u00fdrazn\u00e9 zv\u00fd\u0161en\u00ed krevn\u00edho tlaku \u010dinilo nebezpe\u010dn\u00fdm.<\/p>\n<p>U\u017e\u00edv\u00e1n\u00ed droxidopy by nav\u00edc mohlo b\u00fdt nebezpe\u010dn\u00e9. Pora\u010fte se se sv\u00fdm l\u00e9ka\u0159em nebo jin\u00fdm zdravotnick\u00fdm pracovn\u00edkem.<\/p>\n<p>Nejen to, ale pokud se v\u00e1s n\u011bkter\u00fd z t\u011bchto p\u0159\u00edpad\u016f t\u00fdk\u00e1, kontaktujte ihned dodavatele. <a href=\"https:\/\/www.google.com\/search?q=Buy+Ketamine+Crystal+Online&amp;sca_esv=7d1b82273738a5db&amp;sxsrf=AHTn8zpP-mpLnmrRf2_jSzjg2BV0aqQ2Aw%3A1742907647616&amp;ei=_6jiZ5WrJeHgseMPxOPN-QQ&amp;ved=0ahUKEwjVptn5pKWMAxVhcGwGHcRxM08Q4dUDCA8&amp;uact=5&amp;oq=Buy+Ketamine+Crystal+Online&amp;gs_lp=Egxnd3Mtd2l6LXNlcnAiG0J1eSBLZXRhbWluZSBDcnlzdGFsIE9ubGluZUjACVCdA1idA3ABeACQAQCYAbkBoAG5AaoBAzAuMbgBA8gBAPgBAfgBApgCAaACGagCFMICBxAjGCcY6gLCAhAQABgDGLQCGOoCGI8B2AEBmAMZ8QUQhxj9l7gZCLoGBggBEAEYCpIHATGgB0-yBwC4BwA&amp;sclient=gws-wiz-serp\">ketamine powder purchase online<\/a><\/p>\n<p>Ketamin v\u0161ak m\u016f\u017eete z\u00edskat online z Indie, Kanady a Spojen\u00fdch st\u00e1t\u016f.<\/p>\n<p>In contrast to Chinese <a href=\"https:\/\/www.bing.com\/search?q=Buy%20Ketamine%20Crystal%20Online&amp;qs=n&amp;form=QBRE&amp;sp=-1&amp;lq=0&amp;pq=buy%20ketamine%20crystal%20online&amp;sc=0-27&amp;sk=&amp;cvid=B48FCD6A63BA41FEA8E70E332D5821C8&amp;ghsh=0&amp;ghacc=0&amp;ghpl=\">Dodavatel\u00e9 ketaminu a online prodej ketaminu<\/a>,<\/p>\n<p>Kde mohu koupit ketamin, je mo\u017en\u00e9 ho koupit? <a href=\"https:\/\/www.google.com\/search?q=Buy+Ketamine+Crystal+Online&amp;sca_esv=7d1b82273738a5db&amp;sxsrf=AHTn8zpP-mpLnmrRf2_jSzjg2BV0aqQ2Aw%3A1742907647616&amp;ei=_6jiZ5WrJeHgseMPxOPN-QQ&amp;ved=0ahUKEwjVptn5pKWMAxVhcGwGHcRxM08Q4dUDCA8&amp;uact=5&amp;oq=Buy+Ketamine+Crystal+Online&amp;gs_lp=Egxnd3Mtd2l6LXNlcnAiG0J1eSBLZXRhbWluZSBDcnlzdGFsIE9ubGluZUjACVCdA1idA3ABeACQAQCYAbkBoAG5AaoBAzAuMbgBA8gBAPgBAfgBApgCAaACGagCFMICBxAjGCcY6gLCAhAQABgDGLQCGOoCGI8B2AEBmAMZ8QUQhxj9l7gZCLoGBggBEAEYCpIHATGgB0-yBwC4BwA&amp;sclient=gws-wiz-serp\">buy ketamine online<\/a>, and where can I buy liquid ketamine online?<\/p>","protected":false},"excerpt":{"rendered":"<p>Buy Ketamine Crystal Buy Ketamine crystals online Where to Buy Ketamine HCL Crystal Powder Firstly Ketamine is a dissociative anesthetic used in human anesthesia and veterinary medicine. Hallucinogens include dissociative medications (buy ketamine hcl crystal powder). Additionally, it makes one feel removed from reality. The majority of ketamine sold on the The street leading to [&hellip;]<\/p>","protected":false},"featured_media":19465,"comment_status":"open","ping_status":"closed","template":"","meta":{"_joinchat":[]},"product_brand":[],"product_cat":[1325],"product_tag":[],"class_list":{"0":"post-19450","1":"product","2":"type-product","3":"status-publish","4":"has-post-thumbnail","6":"product_cat-buy-ketamine-online","8":"first","9":"instock","10":"shipping-taxable","11":"purchasable","12":"product-type-variable","13":"add-to-wishlist-after_add_to_cart"},"yoast_head":"<!-- This site is optimized with the Yoast SEO plugin v25.9 - https:\/\/yoast.com\/wordpress\/plugins\/seo\/ -->\n<title>Buy Ketamine Crystal Online - Narco Powders<\/title>\n<meta name=\"description\" content=\"Buy Ketamine Crystal, Medical Grade Ketamine Liquid\/Powder\/Rock\/Sugar Online Ketamine is a white, crystalline powder or clear liquid. order Ketamine Crystal\" \/>\n<meta name=\"robots\" content=\"index, follow, max-snippet:-1, max-image-preview:large, max-video-preview:-1\" \/>\n<link rel=\"canonical\" href=\"https:\/\/narcopowders.com\/cs\/produkt\/koupit-ketamin-krystal\/\" \/>\n<meta property=\"og:locale\" content=\"cs_CZ\" \/>\n<meta property=\"og:type\" content=\"article\" \/>\n<meta property=\"og:title\" content=\"Buy Ketamine Crystal Online - Narco Powders\" \/>\n<meta property=\"og:description\" content=\"Buy Ketamine Crystal, Medical Grade Ketamine Liquid\/Powder\/Rock\/Sugar Online Ketamine is a white, crystalline powder or clear liquid. order Ketamine Crystal\" \/>\n<meta property=\"og:url\" content=\"https:\/\/narcopowders.com\/cs\/produkt\/koupit-ketamin-krystal\/\" \/>\n<meta property=\"og:site_name\" content=\"Narco Powders\" \/>\n<meta property=\"article:modified_time\" content=\"2025-09-25T08:07:37+00:00\" \/>\n<meta property=\"og:image\" content=\"https:\/\/narcopowders.com\/wp-content\/uploads\/2023\/07\/Buy-Ketamine-Crystal.jpg\" \/>\n\t<meta property=\"og:image:width\" content=\"600\" \/>\n\t<meta property=\"og:image:height\" content=\"600\" \/>\n\t<meta property=\"og:image:type\" content=\"image\/jpeg\" \/>\n<meta name=\"twitter:card\" content=\"summary_large_image\" \/>\n<meta name=\"twitter:label1\" content=\"Odhadovan\u00e1 doba \u010dten\u00ed\" \/>\n\t<meta name=\"twitter:data1\" content=\"2 minuty\" \/>\n<!-- \/ Yoast SEO plugin. -->","yoast_head_json":{"title":"Buy Ketamine Crystal Online - Narco Powders","description":"Koupit Ketamin Crystal, l\u00e9ka\u0159sk\u00e1 ketaminov\u00e1 kapalina\/prach\/kamenina\/cukr online Ketamin je b\u00edl\u00fd krystalick\u00fd pr\u00e1\u0161ek nebo \u010dir\u00e1 kapalina. objednat Ketamin Crystal","robots":{"index":"index","follow":"follow","max-snippet":"max-snippet:-1","max-image-preview":"max-image-preview:large","max-video-preview":"max-video-preview:-1"},"canonical":"https:\/\/narcopowders.com\/cs\/produkt\/koupit-ketamin-krystal\/","og_locale":"cs_CZ","og_type":"article","og_title":"Buy Ketamine Crystal Online - Narco Powders","og_description":"Buy Ketamine Crystal, Medical Grade Ketamine Liquid\/Powder\/Rock\/Sugar Online Ketamine is a white, crystalline powder or clear liquid. order Ketamine Crystal","og_url":"https:\/\/narcopowders.com\/cs\/produkt\/koupit-ketamin-krystal\/","og_site_name":"Narco Powders","article_modified_time":"2025-09-25T08:07:37+00:00","og_image":[{"width":600,"height":600,"url":"https:\/\/narcopowders.com\/wp-content\/uploads\/2023\/07\/Buy-Ketamine-Crystal.jpg","type":"image\/jpeg"}],"twitter_card":"summary_large_image","twitter_misc":{"Odhadovan\u00e1 doba \u010dten\u00ed":"2 minuty"},"schema":{"@context":"https:\/\/schema.org","@graph":[{"@type":"WebPage","@id":"https:\/\/narcopowders.com\/product\/buy-ketamine-crystal\/","url":"https:\/\/narcopowders.com\/product\/buy-ketamine-crystal\/","name":"Buy Ketamine Crystal Online - Narco Powders","isPartOf":{"@id":"https:\/\/narcopowders.com\/#website"},"primaryImageOfPage":{"@id":"https:\/\/narcopowders.com\/product\/buy-ketamine-crystal\/#primaryimage"},"image":{"@id":"https:\/\/narcopowders.com\/product\/buy-ketamine-crystal\/#primaryimage"},"thumbnailUrl":"https:\/\/narcopowders.com\/wp-content\/uploads\/2023\/07\/Buy-Ketamine-Crystal.jpg","datePublished":"2023-07-29T08:09:13+00:00","dateModified":"2025-09-25T08:07:37+00:00","description":"Koupit Ketamin Crystal, l\u00e9ka\u0159sk\u00e1 ketaminov\u00e1 kapalina\/prach\/kamenina\/cukr online Ketamin je b\u00edl\u00fd krystalick\u00fd pr\u00e1\u0161ek nebo \u010dir\u00e1 kapalina. objednat Ketamin Crystal","breadcrumb":{"@id":"https:\/\/narcopowders.com\/product\/buy-ketamine-crystal\/#breadcrumb"},"inLanguage":"cs","potentialAction":[{"@type":"ReadAction","target":["https:\/\/narcopowders.com\/product\/buy-ketamine-crystal\/"]}]},{"@type":"ImageObject","inLanguage":"cs","@id":"https:\/\/narcopowders.com\/product\/buy-ketamine-crystal\/#primaryimage","url":"https:\/\/narcopowders.com\/wp-content\/uploads\/2023\/07\/Buy-Ketamine-Crystal.jpg","contentUrl":"https:\/\/narcopowders.com\/wp-content\/uploads\/2023\/07\/Buy-Ketamine-Crystal.jpg","width":600,"height":600,"caption":"Buy-Ketamine-Crystal"},{"@type":"BreadcrumbList","@id":"https:\/\/narcopowders.com\/product\/buy-ketamine-crystal\/#breadcrumb","itemListElement":[{"@type":"ListItem","position":1,"name":"Home","item":"https:\/\/narcopowders.com\/"},{"@type":"ListItem","position":2,"name":"Shop Page","item":"https:\/\/narcopowders.com\/shop\/"},{"@type":"ListItem","position":3,"name":"Buy Ketamine Crystal Online"}]},{"@type":"WebSite","@id":"https:\/\/narcopowders.com\/#website","url":"https:\/\/narcopowders.com\/","name":"Pr\u00e1\u0161ky na narkotika","description":"M\u016fj blog WordPress","potentialAction":[{"@type":"SearchAction","target":{"@type":"EntryPoint","urlTemplate":"https:\/\/narcopowders.com\/?s={search_term_string}"},"query-input":{"@type":"PropertyValueSpecification","valueRequired":true,"valueName":"search_term_string"}}],"inLanguage":"cs"}]}},"_links":{"self":[{"href":"https:\/\/narcopowders.com\/cs\/wp-json\/wp\/v2\/product\/19450","targetHints":{"allow":["GET"]}}],"collection":[{"href":"https:\/\/narcopowders.com\/cs\/wp-json\/wp\/v2\/product"}],"about":[{"href":"https:\/\/narcopowders.com\/cs\/wp-json\/wp\/v2\/types\/product"}],"replies":[{"embeddable":true,"href":"https:\/\/narcopowders.com\/cs\/wp-json\/wp\/v2\/comments?post=19450"}],"wp:featuredmedia":[{"embeddable":true,"href":"https:\/\/narcopowders.com\/cs\/wp-json\/wp\/v2\/media\/19465"}],"wp:attachment":[{"href":"https:\/\/narcopowders.com\/cs\/wp-json\/wp\/v2\/media?parent=19450"}],"wp:term":[{"taxonomy":"product_brand","embeddable":true,"href":"https:\/\/narcopowders.com\/cs\/wp-json\/wp\/v2\/product_brand?post=19450"},{"taxonomy":"product_cat","embeddable":true,"href":"https:\/\/narcopowders.com\/cs\/wp-json\/wp\/v2\/product_cat?post=19450"},{"taxonomy":"product_tag","embeddable":true,"href":"https:\/\/narcopowders.com\/cs\/wp-json\/wp\/v2\/product_tag?post=19450"}],"curies":[{"name":"wp","href":"https:\/\/api.w.org\/{rel}","templated":true}]}}