{"id":19504,"date":"2023-07-29T09:21:34","date_gmt":"2023-07-29T09:21:34","guid":{"rendered":"https:\/\/narcopowders.com\/?post_type=product&#038;p=19504"},"modified":"2025-09-25T08:16:45","modified_gmt":"2025-09-25T08:16:45","slug":"buy-ketamine-powder","status":"publish","type":"product","link":"https:\/\/narcopowders.com\/cs\/produkt\/koupit-ketaminovy-prasek\/","title":{"rendered":"Koupit ketaminov\u00fd pr\u00e1\u0161ek online"},"content":{"rendered":"<h2>Koupit ketaminov\u00fd pr\u00e1\u0161ek online<\/h2>\n<h3>Co je ketamin?<\/h3>\n<p>Od 70. let 20. stolet\u00ed <a href=\"https:\/\/www.bing.com\/search?q=Buy%20Ketamine%20Powder%20Online&amp;qs=n&amp;form=QBRE&amp;sp=-1&amp;lq=0&amp;pq=buy%20ketamine%20powder%20online&amp;sc=1-26&amp;sk=&amp;cvid=309B2C9F49BA448482453AD8D57E8491&amp;ghsh=0&amp;ghacc=0&amp;ghpl=\">ketamin<\/a> (obchodn\u00ed n\u00e1zev: Ketalar) ve Spojen\u00fdch st\u00e1tech dostupn\u00fd na l\u00e9ka\u0159sk\u00fd p\u0159edpis pro hum\u00e1nn\u00ed i veterin\u00e1rn\u00ed \u00fa\u010dely. Jedn\u00e1 se o disociativn\u00ed injek\u010dn\u00ed anestetikum (blokuje smyslov\u00e9 vn\u00edm\u00e1n\u00ed). <a href=\"https:\/\/www.bing.com\/search?q=Buy%20Ketamine%20Powder%20Online&amp;qs=n&amp;form=QBRE&amp;sp=-1&amp;lq=0&amp;pq=buy%20ketamine%20powder%20online&amp;sc=1-26&amp;sk=&amp;cvid=309B2C9F49BA448482453AD8D57E8491&amp;ghsh=0&amp;ghacc=0&amp;ghpl=\">Ketamin<\/a> na l\u00e9ka\u0159sk\u00fd p\u0159edpis lze zakoupit jako nosn\u00ed sprej, <a href=\"https:\/\/narcopowders.com\/cs\/\">injekce \u010dir\u00e9 kapaliny<\/a>nebo t\u00e9m\u011b\u0159 b\u00edl\u00fd pr\u00e1\u0161ek k intraven\u00f3zn\u00edmu pod\u00e1n\u00ed<a href=\"https:\/\/narcopowders.com\/cs\/product-category\/buy-cocaine-online\/\">.<\/a><\/p>\n<p>Because of its dissociative effects, <a href=\"https:\/\/en.wikipedia.org\/wiki\/Ketamine\">ketamine is frequently misused illegally<\/a>Kv\u016fli sv\u00fdm disocia\u010dn\u00edm \u00fa\u010dink\u016fm je ketamin \u010dasto zneu\u017e\u00edv\u00e1n neleg\u00e1ln\u011b. Drogy, kter\u00e9 zp\u016fsobuj\u00ed disociaci, mohou zp\u016fsobit zkreslen\u00ed vn\u00edm\u00e1n\u00ed okol\u00ed, sebe sama a sv\u00e9ho okol\u00ed. \u010casto se \"\u0161\u0148upe\" do nosu, vst\u0159ikuje, p\u0159id\u00e1v\u00e1 do n\u00e1poj\u016f nebo kou\u0159\u00ed spolu s tab\u00e1kem \u010di marihuanou.<\/p>\n<p>Mezi dal\u0161\u00ed disociativn\u00ed l\u00e9ky pat\u0159\u00ed nap\u0159\u00edklad dextrometorfan (DXM), salvia divinorum a fencyklidin (PCP). LSD, psilocybin a meskalin jsou pova\u017eov\u00e1ny za halucinogeny.<\/p>\n<h3>Why is Ketamine Used Medically?<\/h3>\n<p><a href=\"https:\/\/www.google.com\/search?q=Buy+Ketamine+Powder+Online&amp;num=10&amp;sca_esv=1a2a07081c7891bb&amp;rlz=1C1RXQR_enIN1098IN1098&amp;sxsrf=AHTn8zrbbDy4EKTOM3nTtdr1qXlkXHUH2g%3A1741685832287&amp;ei=SATQZ6yiEYuR1e8Pr92a6Qo&amp;ved=0ahUKEwis5t-q3YGMAxWLSPUHHa-uJq0Q4dUDCBA&amp;uact=5&amp;oq=Buy+Ketamine+Powder+Online&amp;gs_lp=Egxnd3Mtd2l6LXNlcnAiGkJ1eSBLZXRhbWluZSBQb3dkZXIgT25saW5lSPgHUPkDWPkDcAJ4AJABAJgBhgKgAYYCqgEDMi0xuAEDyAEA-AEC-AEBmAIAoAIAmAMAiAYBkgcAoAdO&amp;sclient=gws-wiz-serp\">Ketamin<\/a> can reduce pain and cause temporary memory loss (such as amnesia from a medical procedure).<\/p>\n<p>Pou\u017e\u00edv\u00e1 se jako induk\u010dn\u00ed a udr\u017eovac\u00ed l\u00e9k p\u0159i celkov\u00e9 anestezii b\u011bhem operace.<\/p>\n<p>Krom\u011b toho se pou\u017e\u00edv\u00e1 k tlumen\u00ed bolesti u d\u011bt\u00ed, kter\u00e9 nemohou pou\u017e\u00edt jin\u00e1 anestetika kv\u016fli ne\u017e\u00e1douc\u00edm \u00fa\u010dink\u016fm nebo alergi\u00edm, p\u0159i l\u00e9\u010db\u011b pop\u00e1lenin a v p\u0159\u00edpad\u011b v\u00e1le\u010dn\u00fdch zran\u011bn\u00ed.<br \/>\n<a href=\"https:\/\/www.google.com\/search?q=Buy+Ketamine+Powder+Online&amp;num=10&amp;sca_esv=1a2a07081c7891bb&amp;rlz=1C1RXQR_enIN1098IN1098&amp;sxsrf=AHTn8zrbbDy4EKTOM3nTtdr1qXlkXHUH2g%3A1741685832287&amp;ei=SATQZ6yiEYuR1e8Pr92a6Qo&amp;ved=0ahUKEwis5t-q3YGMAxWLSPUHHa-uJq0Q4dUDCBA&amp;uact=5&amp;oq=Buy+Ketamine+Powder+Online&amp;gs_lp=Egxnd3Mtd2l6LXNlcnAiGkJ1eSBLZXRhbWluZSBQb3dkZXIgT25saW5lSPgHUPkDWPkDcAJ4AJABAJgBhgKgAYYCqgEDMi0xuAEDyAEA-AEC-AEBmAIAoAIAmAMAiAYBkgcAoAdO&amp;sclient=gws-wiz-serp\">Ketamin<\/a> works quickly to alleviate acute suicidal ideation and depressive symptoms by inhibiting the N-methyl-D-aspartate (NMDA) site.<\/p>\n<p>It is frequently recommended as an <a href=\"https:\/\/duckduckgo.com\/?q=Buy+Ketamine+Powder+Online&amp;t=h_&amp;ia=web\">anaesthetic<\/a> in patients at risk of bronchospasm and respiratory depression when administered at regular doses.<\/p>\n<h3>Zneu\u017e\u00edv\u00e1n\u00ed ketaminu: Jak se to d\u011bl\u00e1?<\/h3>\n<p><a href=\"https:\/\/duckduckgo.com\/?q=Buy+Ketamine+Powder+Online&amp;t=h_&amp;ia=web\">Ketamin<\/a> Ketamin a jeho syntetick\u00e9 analogy se vedle leg\u00e1ln\u00edho a l\u00e9ka\u0159sk\u00e9ho vyu\u017eit\u00ed staly drogami zneu\u017e\u00edv\u00e1n\u00ed s psychedelick\u00fdmi \u00fa\u010dinky. Byl pou\u017e\u00edv\u00e1n tak\u00e9 jako l\u00e9k proti \"zn\u00e1siln\u011bn\u00ed na sch\u016fzce\".<\/p>\n<p>P\u0159i zneu\u017e\u00edv\u00e1n\u00ed se \u010dasto vdechuje (nebo \u0161\u0148upe do nosu) na ve\u0159ejnosti. Krom\u011b toho m\u016f\u017ee b\u00fdt aplikov\u00e1n injek\u010dn\u011b, u\u017e\u00edv\u00e1n peror\u00e1ln\u011b jako tekutina (p\u0159im\u00edch\u00e1v\u00e1n do n\u00e1poj\u016f) nebo kou\u0159en s tab\u00e1kem \u010di marihuanou. V mnoha p\u0159\u00edpadech je zneu\u017e\u00edv\u00e1n ve spojen\u00ed s jin\u00fdmi drogami, jako je kokain, <a href=\"https:\/\/narcopowders.com\/cs\/produkt\/koupit-ketaminovy-prasek\/\">MDMA<\/a>, nebo amfetaminy. U\u017e\u00edv\u00e1n\u00ed v\u00edce drog vedlo k \u00famrt\u00edm.<\/p>","protected":false},"excerpt":{"rendered":"<p>Buy Ketamine Powder Online What is Ketamine? Since the 1970s, ketamine (brand name: Ketalar) has been accessible by prescription in the United States for both human and veterinary purposes. It is a dissociative injectable anaesthetic (blocks sensory perception). Ketamine on prescription can be purchased as a nasal spray, clear liquid injection, or off-white powder for [&hellip;]<\/p>","protected":false},"featured_media":19509,"comment_status":"open","ping_status":"closed","template":"","meta":{"_joinchat":[]},"product_brand":[],"product_cat":[1325],"product_tag":[],"class_list":{"0":"post-19504","1":"product","2":"type-product","3":"status-publish","4":"has-post-thumbnail","6":"product_cat-buy-ketamine-online","8":"first","9":"instock","10":"shipping-taxable","11":"purchasable","12":"product-type-variable","13":"add-to-wishlist-after_add_to_cart"},"yoast_head":"<!-- This site is optimized with the Yoast SEO plugin v25.9 - https:\/\/yoast.com\/wordpress\/plugins\/seo\/ -->\n<title>Buy Ketamine Powder Online - Narco Powders<\/title>\n<meta name=\"description\" content=\"Buy Ketamine Powder, Ketamine Powder For Sale | Where To Buy Ketamine Powder With Bitcoin. you can fine Quality powder Ketamine at narcopowders safely.\" \/>\n<meta name=\"robots\" content=\"index, follow, max-snippet:-1, max-image-preview:large, max-video-preview:-1\" \/>\n<link rel=\"canonical\" href=\"https:\/\/narcopowders.com\/cs\/produkt\/koupit-ketaminovy-prasek\/\" \/>\n<meta property=\"og:locale\" content=\"cs_CZ\" \/>\n<meta property=\"og:type\" content=\"article\" \/>\n<meta property=\"og:title\" content=\"Buy Ketamine Powder Online - Narco Powders\" \/>\n<meta property=\"og:description\" content=\"Buy Ketamine Powder, Ketamine Powder For Sale | Where To Buy Ketamine Powder With Bitcoin. you can fine Quality powder Ketamine at narcopowders safely.\" \/>\n<meta property=\"og:url\" content=\"https:\/\/narcopowders.com\/cs\/produkt\/koupit-ketaminovy-prasek\/\" \/>\n<meta property=\"og:site_name\" content=\"Narco Powders\" \/>\n<meta property=\"article:modified_time\" content=\"2025-09-25T08:16:45+00:00\" \/>\n<meta property=\"og:image\" content=\"https:\/\/narcopowders.com\/wp-content\/uploads\/2023\/07\/Buy-Ketamine-Powde.jpg\" \/>\n\t<meta property=\"og:image:width\" content=\"600\" \/>\n\t<meta property=\"og:image:height\" content=\"600\" \/>\n\t<meta property=\"og:image:type\" content=\"image\/jpeg\" \/>\n<meta name=\"twitter:card\" content=\"summary_large_image\" \/>\n<meta name=\"twitter:label1\" content=\"Odhadovan\u00e1 doba \u010dten\u00ed\" \/>\n\t<meta name=\"twitter:data1\" content=\"2 minuty\" \/>\n<!-- \/ Yoast SEO plugin. -->","yoast_head_json":{"title":"Buy Ketamine Powder Online - Narco Powders","description":"Koupit ketaminov\u00fd pr\u00e1\u0161ek, ketaminov\u00fd pr\u00e1\u0161ek na prodej | Kde koupit ketaminov\u00fd pr\u00e1\u0161ek s Bitcoinem. m\u016f\u017eete bezpe\u010dn\u011b koupit kvalitn\u00ed pr\u00e1\u0161kov\u00fd ketamin na narcopowders.","robots":{"index":"index","follow":"follow","max-snippet":"max-snippet:-1","max-image-preview":"max-image-preview:large","max-video-preview":"max-video-preview:-1"},"canonical":"https:\/\/narcopowders.com\/cs\/produkt\/koupit-ketaminovy-prasek\/","og_locale":"cs_CZ","og_type":"article","og_title":"Buy Ketamine Powder Online - Narco Powders","og_description":"Buy Ketamine Powder, Ketamine Powder For Sale | Where To Buy Ketamine Powder With Bitcoin. you can fine Quality powder Ketamine at narcopowders safely.","og_url":"https:\/\/narcopowders.com\/cs\/produkt\/koupit-ketaminovy-prasek\/","og_site_name":"Narco Powders","article_modified_time":"2025-09-25T08:16:45+00:00","og_image":[{"width":600,"height":600,"url":"https:\/\/narcopowders.com\/wp-content\/uploads\/2023\/07\/Buy-Ketamine-Powde.jpg","type":"image\/jpeg"}],"twitter_card":"summary_large_image","twitter_misc":{"Odhadovan\u00e1 doba \u010dten\u00ed":"2 minuty"},"schema":{"@context":"https:\/\/schema.org","@graph":[{"@type":"WebPage","@id":"https:\/\/narcopowders.com\/product\/buy-ketamine-powder\/","url":"https:\/\/narcopowders.com\/product\/buy-ketamine-powder\/","name":"Buy Ketamine Powder Online - Narco Powders","isPartOf":{"@id":"https:\/\/narcopowders.com\/#website"},"primaryImageOfPage":{"@id":"https:\/\/narcopowders.com\/product\/buy-ketamine-powder\/#primaryimage"},"image":{"@id":"https:\/\/narcopowders.com\/product\/buy-ketamine-powder\/#primaryimage"},"thumbnailUrl":"https:\/\/narcopowders.com\/wp-content\/uploads\/2023\/07\/Buy-Ketamine-Powde.jpg","datePublished":"2023-07-29T09:21:34+00:00","dateModified":"2025-09-25T08:16:45+00:00","description":"Koupit ketaminov\u00fd pr\u00e1\u0161ek, ketaminov\u00fd pr\u00e1\u0161ek na prodej | Kde koupit ketaminov\u00fd pr\u00e1\u0161ek s Bitcoinem. m\u016f\u017eete bezpe\u010dn\u011b koupit kvalitn\u00ed pr\u00e1\u0161kov\u00fd ketamin na narcopowders.","breadcrumb":{"@id":"https:\/\/narcopowders.com\/product\/buy-ketamine-powder\/#breadcrumb"},"inLanguage":"cs","potentialAction":[{"@type":"ReadAction","target":["https:\/\/narcopowders.com\/product\/buy-ketamine-powder\/"]}]},{"@type":"ImageObject","inLanguage":"cs","@id":"https:\/\/narcopowders.com\/product\/buy-ketamine-powder\/#primaryimage","url":"https:\/\/narcopowders.com\/wp-content\/uploads\/2023\/07\/Buy-Ketamine-Powde.jpg","contentUrl":"https:\/\/narcopowders.com\/wp-content\/uploads\/2023\/07\/Buy-Ketamine-Powde.jpg","width":600,"height":600,"caption":"Buy-Ketamine-Powder online"},{"@type":"BreadcrumbList","@id":"https:\/\/narcopowders.com\/product\/buy-ketamine-powder\/#breadcrumb","itemListElement":[{"@type":"ListItem","position":1,"name":"Home","item":"https:\/\/narcopowders.com\/"},{"@type":"ListItem","position":2,"name":"Shop Page","item":"https:\/\/narcopowders.com\/shop\/"},{"@type":"ListItem","position":3,"name":"Buy Ketamine Powder Online"}]},{"@type":"WebSite","@id":"https:\/\/narcopowders.com\/#website","url":"https:\/\/narcopowders.com\/","name":"Pr\u00e1\u0161ky na narkotika","description":"M\u016fj blog WordPress","potentialAction":[{"@type":"SearchAction","target":{"@type":"EntryPoint","urlTemplate":"https:\/\/narcopowders.com\/?s={search_term_string}"},"query-input":{"@type":"PropertyValueSpecification","valueRequired":true,"valueName":"search_term_string"}}],"inLanguage":"cs"}]}},"_links":{"self":[{"href":"https:\/\/narcopowders.com\/cs\/wp-json\/wp\/v2\/product\/19504","targetHints":{"allow":["GET"]}}],"collection":[{"href":"https:\/\/narcopowders.com\/cs\/wp-json\/wp\/v2\/product"}],"about":[{"href":"https:\/\/narcopowders.com\/cs\/wp-json\/wp\/v2\/types\/product"}],"replies":[{"embeddable":true,"href":"https:\/\/narcopowders.com\/cs\/wp-json\/wp\/v2\/comments?post=19504"}],"wp:featuredmedia":[{"embeddable":true,"href":"https:\/\/narcopowders.com\/cs\/wp-json\/wp\/v2\/media\/19509"}],"wp:attachment":[{"href":"https:\/\/narcopowders.com\/cs\/wp-json\/wp\/v2\/media?parent=19504"}],"wp:term":[{"taxonomy":"product_brand","embeddable":true,"href":"https:\/\/narcopowders.com\/cs\/wp-json\/wp\/v2\/product_brand?post=19504"},{"taxonomy":"product_cat","embeddable":true,"href":"https:\/\/narcopowders.com\/cs\/wp-json\/wp\/v2\/product_cat?post=19504"},{"taxonomy":"product_tag","embeddable":true,"href":"https:\/\/narcopowders.com\/cs\/wp-json\/wp\/v2\/product_tag?post=19504"}],"curies":[{"name":"wp","href":"https:\/\/api.w.org\/{rel}","templated":true}]}}