{"id":19506,"date":"2023-07-29T09:38:31","date_gmt":"2023-07-29T09:38:31","guid":{"rendered":"https:\/\/narcopowders.com\/?post_type=product&#038;p=19506"},"modified":"2025-09-25T08:24:22","modified_gmt":"2025-09-25T08:24:22","slug":"buy-ketamine-shards","status":"publish","type":"product","link":"https:\/\/narcopowders.com\/cs\/produkt\/buy-ketamine-shards\/","title":{"rendered":"Koupit Ketaminov\u00e9 st\u0159epy"},"content":{"rendered":"<h2>Koupit Ketaminov\u00e9 st\u0159epy<\/h2>\n<p><a href=\"https:\/\/narcopowders.com\/cs\/produkt\/buy-ketamine-shards\/\">Koupit Ketaminov\u00e9 st\u0159epy online<\/a><\/p>\n<p>B\u011b\u017en\u00e1 aplikace pro <a href=\"https:\/\/narcopowders.com\/cs\/\">ketamin hydrochlorid<\/a> Shards je anestezie. Chronick\u00e1 bolest a sedace v akutn\u00ed p\u00e9\u010di jsou <a href=\"https:\/\/en.wikipedia.org\/wiki\/Ketamine\">further applications<\/a>.<\/p>\n<p>The abrupt high that <a href=\"https:\/\/www.bing.com\/search?q=Buy%20Ketamine%20Shards%20Online&amp;qs=n&amp;form=QBRE&amp;sp=-1&amp;lq=0&amp;pq=buy%20ketamine%20shards%20online&amp;sc=0-26&amp;sk=&amp;cvid=C51A24F7A4E440A1BA31ADF76CC2111F&amp;ghsh=0&amp;ghacc=0&amp;ghpl=\">Ketamin<\/a> N\u00e1hl\u00e9 opojen\u00ed, kter\u00e9 ketaminov\u00e9 st\u0159epy vyvol\u00e1vaj\u00ed, trv\u00e1 p\u0159ibli\u017en\u011b hodinu. Za\u010d\u00edn\u00e1 2 a\u017e 5 minut po vykou\u0159en\u00ed nebo po\u017eit\u00ed d\u00e1vky. P\u0159i pou\u017eit\u00ed injekce se dostav\u00ed asi 30 sekund po injekci.<\/p>\n<p>La abrumadora <a href=\"https:\/\/www.google.com\/search?q=Buy+Ketamine+Shards+Online&amp;sca_esv=2a2a93e8be91f013&amp;sxsrf=AHTn8zqWfFSXsdV9Nh8kUsMBE8kFC6DY5A%3A1742970807246&amp;ei=t5_jZ8XIDvCgseMPpLWO0AQ&amp;ved=0ahUKEwiFgMeekKeMAxVwUGwGHaSaA0oQ4dUDCA8&amp;uact=5&amp;oq=Buy+Ketamine+Shards+Online&amp;gs_lp=Egxnd3Mtd2l6LXNlcnAiGkJ1eSBLZXRhbWluZSBTaGFyZHMgT25saW5lSI8JUOQDWOQDcAF4AJABAJgB_AGgAfwBqgEDMi0xuAEDyAEA-AEB-AECmAIBoAIdqAIUwgIHECMYJxjqAsICDRAuGNEDGMcBGCcY6gLCAhAQABgDGLQCGOoCGI8B2AEBmAMd8QX4iFZdnx5FfroGBggBEAEYCpIHATGgB06yBwC4BwA&amp;sclient=gws-wiz-serp\">pocit uvoln\u011bn\u00ed<\/a> P\u0159em\u00e1haj\u00edc\u00ed pocit uvoln\u011bn\u00ed, kter\u00fd u\u017eivatel poc\u00edt\u00ed jako po\u010d\u00e1te\u010dn\u00ed opojen\u00ed, se \u010dasto ozna\u010duje jako \"full-body buzz\". N\u011bkte\u0159\u00ed u\u017eivatel\u00e9 tvrd\u00ed, \u017ee maj\u00ed pocit, jako by se vzn\u00e1\u0161eli, a n\u011bkte\u0159\u00ed dokonce \u0159\u00edkaj\u00ed, \u017ee maj\u00ed pocit, jako by nebyli ve sv\u00e9m t\u011ble. <a href=\"https:\/\/www.bing.com\/search?q=Buy%20Ketamine%20Shards%20Online&amp;qs=n&amp;form=QBRE&amp;sp=-1&amp;lq=0&amp;pq=buy%20ketamine%20shards%20online&amp;sc=0-26&amp;sk=&amp;cvid=C51A24F7A4E440A1BA31ADF76CC2111F&amp;ghsh=0&amp;ghacc=0&amp;ghpl=\">Halucinace jsou b\u011b\u017en\u00e9<\/a> jsou b\u011b\u017en\u00e9 a \u010dasto p\u0159etrv\u00e1vaj\u00ed d\u00e9le ne\u017e \u00fa\u010dinky <a href=\"https:\/\/www.google.com\/search?q=Buy+Ketamine+Shards+Online&amp;sca_esv=2a2a93e8be91f013&amp;sxsrf=AHTn8zqWfFSXsdV9Nh8kUsMBE8kFC6DY5A%3A1742970807246&amp;ei=t5_jZ8XIDvCgseMPpLWO0AQ&amp;ved=0ahUKEwiFgMeekKeMAxVwUGwGHaSaA0oQ4dUDCA8&amp;uact=5&amp;oq=Buy+Ketamine+Shards+Online&amp;gs_lp=Egxnd3Mtd2l6LXNlcnAiGkJ1eSBLZXRhbWluZSBTaGFyZHMgT25saW5lSI8JUOQDWOQDcAF4AJABAJgB_AGgAfwBqgEDMi0xuAEDyAEA-AEB-AECmAIBoAIdqAIUwgIHECMYJxjqAsICDRAuGNEDGMcBGCcY6gLCAhAQABgDGLQCGOoCGI8B2AEBmAMd8QX4iFZdnx5FfroGBggBEAEYCpIHATGgB06yBwC4BwA&amp;sclient=gws-wiz-serp\">\u00fa\u010dinky anestezie<\/a>.<\/p>\n<h3>U\u017eivatel\u00e9 hl\u00e1sili \u00fapln\u00e9 a siln\u00e9 reakce p\u0159i vy\u0161\u0161\u00edch d\u00e1vk\u00e1ch.<\/h3>\n<p>Users have reported full and <a href=\"https:\/\/duckduckgo.com\/?q=Buy+Ketamine+Shards+Online&amp;t=h_&amp;ia=web\">total dissociation<\/a> U\u017eivatel\u00e9 hl\u00e1sili \u00fapln\u00e9 odlou\u010den\u00ed od sv\u00e9ho t\u011bla v d\u016fsledku z\u00e1va\u017en\u011bj\u0161\u00edch \u00fa\u010dink\u016f, kter\u00e9 mohou vyvolat vy\u0161\u0161\u00ed d\u00e1vky. Tyto pocity se ozna\u010duj\u00ed jako \"K-d\u00edra\" a jsou srovnateln\u00e9 s pocity, kter\u00e9 za\u017e\u00edvaj\u00ed lid\u00e9, kte\u0159\u00ed maj\u00ed zku\u0161enosti s bl\u00edzkou smrt\u00ed.<\/p>\n<p><a href=\"https:\/\/duckduckgo.com\/?q=Buy+Ketamine+Shards+Online&amp;t=h_&amp;ia=web\">Levn\u00e9 Ketaminov\u00e9 st\u0159epy jsou k dispozici online.<\/a>.<\/p>","protected":false},"excerpt":{"rendered":"<p>Buy Ketamine Shards Buy Ketamine Shards Online A common application for ketamine HCL Shards is anaesthesia. Chronic pain and sedation in acute care are further applications. The abrupt high that Ketamine Shards induce lasts for around an hour. It begins 2 to 5 minutes after smoking or ingesting the dose. When an injection is used, [&hellip;]<\/p>","protected":false},"featured_media":19565,"comment_status":"open","ping_status":"closed","template":"","meta":{"_joinchat":[]},"product_brand":[],"product_cat":[1325],"product_tag":[],"class_list":{"0":"post-19506","1":"product","2":"type-product","3":"status-publish","4":"has-post-thumbnail","6":"product_cat-buy-ketamine-online","8":"first","9":"instock","10":"shipping-taxable","11":"purchasable","12":"product-type-variable","13":"add-to-wishlist-after_add_to_cart"},"yoast_head":"<!-- This site is optimized with the Yoast SEO plugin v25.9 - https:\/\/yoast.com\/wordpress\/plugins\/seo\/ -->\n<title>Buy Ketamine Shards - ketamine Crystals @narcopowders<\/title>\n<meta name=\"description\" content=\"Buy Ketamine Shards, - Supplier of Ketamine without a prescription with EU and UK domestic delivery. Online order Ketamine with FREE next day delivery.\" \/>\n<meta name=\"robots\" content=\"index, follow, max-snippet:-1, max-image-preview:large, max-video-preview:-1\" \/>\n<link rel=\"canonical\" href=\"https:\/\/narcopowders.com\/cs\/produkt\/buy-ketamine-shards\/\" \/>\n<meta property=\"og:locale\" content=\"cs_CZ\" \/>\n<meta property=\"og:type\" content=\"article\" \/>\n<meta property=\"og:title\" content=\"Buy Ketamine Shards - ketamine Crystals @narcopowders\" \/>\n<meta property=\"og:description\" content=\"Buy Ketamine Shards, - Supplier of Ketamine without a prescription with EU and UK domestic delivery. Online order Ketamine with FREE next day delivery.\" \/>\n<meta property=\"og:url\" content=\"https:\/\/narcopowders.com\/cs\/produkt\/buy-ketamine-shards\/\" \/>\n<meta property=\"og:site_name\" content=\"Narco Powders\" \/>\n<meta property=\"article:modified_time\" content=\"2025-09-25T08:24:22+00:00\" \/>\n<meta property=\"og:image\" content=\"https:\/\/narcopowders.com\/wp-content\/uploads\/2023\/07\/Buy-Ketamine-Shards-1.jpg\" \/>\n\t<meta property=\"og:image:width\" content=\"600\" \/>\n\t<meta property=\"og:image:height\" content=\"600\" \/>\n\t<meta property=\"og:image:type\" content=\"image\/jpeg\" \/>\n<meta name=\"twitter:card\" content=\"summary_large_image\" \/>\n<meta name=\"twitter:label1\" content=\"Odhadovan\u00e1 doba \u010dten\u00ed\" \/>\n\t<meta name=\"twitter:data1\" content=\"1 minuta\" \/>\n<!-- \/ Yoast SEO plugin. -->","yoast_head_json":{"title":"Buy Ketamine Shards - ketamine Crystals @narcopowders","description":"Buy Ketamine Shards, - Supplier of Ketamine without a prescription with EU and UK domestic delivery. Online order Ketamine with FREE next day delivery.","robots":{"index":"index","follow":"follow","max-snippet":"max-snippet:-1","max-image-preview":"max-image-preview:large","max-video-preview":"max-video-preview:-1"},"canonical":"https:\/\/narcopowders.com\/cs\/produkt\/buy-ketamine-shards\/","og_locale":"cs_CZ","og_type":"article","og_title":"Buy Ketamine Shards - ketamine Crystals @narcopowders","og_description":"Buy Ketamine Shards, - Supplier of Ketamine without a prescription with EU and UK domestic delivery. Online order Ketamine with FREE next day delivery.","og_url":"https:\/\/narcopowders.com\/cs\/produkt\/buy-ketamine-shards\/","og_site_name":"Narco Powders","article_modified_time":"2025-09-25T08:24:22+00:00","og_image":[{"width":600,"height":600,"url":"https:\/\/narcopowders.com\/wp-content\/uploads\/2023\/07\/Buy-Ketamine-Shards-1.jpg","type":"image\/jpeg"}],"twitter_card":"summary_large_image","twitter_misc":{"Odhadovan\u00e1 doba \u010dten\u00ed":"1 minuta"},"schema":{"@context":"https:\/\/schema.org","@graph":[{"@type":"WebPage","@id":"https:\/\/narcopowders.com\/product\/buy-ketamine-shards\/","url":"https:\/\/narcopowders.com\/product\/buy-ketamine-shards\/","name":"Buy Ketamine Shards - ketamine Crystals @narcopowders","isPartOf":{"@id":"https:\/\/narcopowders.com\/#website"},"primaryImageOfPage":{"@id":"https:\/\/narcopowders.com\/product\/buy-ketamine-shards\/#primaryimage"},"image":{"@id":"https:\/\/narcopowders.com\/product\/buy-ketamine-shards\/#primaryimage"},"thumbnailUrl":"https:\/\/narcopowders.com\/wp-content\/uploads\/2023\/07\/Buy-Ketamine-Shards-1.jpg","datePublished":"2023-07-29T09:38:31+00:00","dateModified":"2025-09-25T08:24:22+00:00","description":"Buy Ketamine Shards, - Supplier of Ketamine without a prescription with EU and UK domestic delivery. Online order Ketamine with FREE next day delivery.","breadcrumb":{"@id":"https:\/\/narcopowders.com\/product\/buy-ketamine-shards\/#breadcrumb"},"inLanguage":"cs","potentialAction":[{"@type":"ReadAction","target":["https:\/\/narcopowders.com\/product\/buy-ketamine-shards\/"]}]},{"@type":"ImageObject","inLanguage":"cs","@id":"https:\/\/narcopowders.com\/product\/buy-ketamine-shards\/#primaryimage","url":"https:\/\/narcopowders.com\/wp-content\/uploads\/2023\/07\/Buy-Ketamine-Shards-1.jpg","contentUrl":"https:\/\/narcopowders.com\/wp-content\/uploads\/2023\/07\/Buy-Ketamine-Shards-1.jpg","width":600,"height":600,"caption":"Buy-Ketamine-Shards online"},{"@type":"BreadcrumbList","@id":"https:\/\/narcopowders.com\/product\/buy-ketamine-shards\/#breadcrumb","itemListElement":[{"@type":"ListItem","position":1,"name":"Home","item":"https:\/\/narcopowders.com\/"},{"@type":"ListItem","position":2,"name":"Shop Page","item":"https:\/\/narcopowders.com\/shop\/"},{"@type":"ListItem","position":3,"name":"Buy Ketamine Shards"}]},{"@type":"WebSite","@id":"https:\/\/narcopowders.com\/#website","url":"https:\/\/narcopowders.com\/","name":"Pr\u00e1\u0161ky na narkotika","description":"M\u016fj blog WordPress","potentialAction":[{"@type":"SearchAction","target":{"@type":"EntryPoint","urlTemplate":"https:\/\/narcopowders.com\/?s={search_term_string}"},"query-input":{"@type":"PropertyValueSpecification","valueRequired":true,"valueName":"search_term_string"}}],"inLanguage":"cs"}]}},"_links":{"self":[{"href":"https:\/\/narcopowders.com\/cs\/wp-json\/wp\/v2\/product\/19506","targetHints":{"allow":["GET"]}}],"collection":[{"href":"https:\/\/narcopowders.com\/cs\/wp-json\/wp\/v2\/product"}],"about":[{"href":"https:\/\/narcopowders.com\/cs\/wp-json\/wp\/v2\/types\/product"}],"replies":[{"embeddable":true,"href":"https:\/\/narcopowders.com\/cs\/wp-json\/wp\/v2\/comments?post=19506"}],"wp:featuredmedia":[{"embeddable":true,"href":"https:\/\/narcopowders.com\/cs\/wp-json\/wp\/v2\/media\/19565"}],"wp:attachment":[{"href":"https:\/\/narcopowders.com\/cs\/wp-json\/wp\/v2\/media?parent=19506"}],"wp:term":[{"taxonomy":"product_brand","embeddable":true,"href":"https:\/\/narcopowders.com\/cs\/wp-json\/wp\/v2\/product_brand?post=19506"},{"taxonomy":"product_cat","embeddable":true,"href":"https:\/\/narcopowders.com\/cs\/wp-json\/wp\/v2\/product_cat?post=19506"},{"taxonomy":"product_tag","embeddable":true,"href":"https:\/\/narcopowders.com\/cs\/wp-json\/wp\/v2\/product_tag?post=19506"}],"curies":[{"name":"wp","href":"https:\/\/api.w.org\/{rel}","templated":true}]}}