{"id":19507,"date":"2023-07-29T09:21:56","date_gmt":"2023-07-29T09:21:56","guid":{"rendered":"https:\/\/narcopowders.com\/?post_type=product&#038;p=19507"},"modified":"2025-09-25T08:20:55","modified_gmt":"2025-09-25T08:20:55","slug":"buy-ketamine-rotex-50mg-1ml","status":"publish","type":"product","link":"https:\/\/narcopowders.com\/cs\/produkt\/koupit-ketamin-rotex-50mg-1ml\/","title":{"rendered":"Koupit Ketamin Rotex 50mg\/1ml"},"content":{"rendered":"<h2>Koupit Ketamin Rotex 50mg\/1ml<\/h2>\n<p><a href=\"https:\/\/narcopowders.com\/cs\/produkt\/koupit-ketamin-rotex-50mg-1ml\/\">Koupit Ketamine Rotex online<\/a><\/p>\n<p>Rychl\u00e9 opojen\u00ed, kter\u00e9 ketamin zp\u016fsobuje, trv\u00e1 zhruba jednu hodinu. Za\u010d\u00edn\u00e1 2 a\u017e 5 minut po vykou\u0159en\u00ed nebo po\u017eit\u00ed d\u00e1vky. P\u0159i injek\u010dn\u00edm pod\u00e1n\u00ed se dostav\u00ed asi 30 sekund po injekci. <a href=\"https:\/\/narcopowders.com\/cs\/\">online rotex ketamin<\/a><\/p>\n<p>La <a href=\"https:\/\/www.bing.com\/search?q=Buy%20Ketamine%20Rotex%20Online&amp;qs=n&amp;form=QBRE&amp;sp=-1&amp;lq=0&amp;pq=buy%20ketamine%20rotex%20online&amp;sc=0-25&amp;sk=&amp;cvid=90D7C64D59B34FACBA43D679EB0165F5&amp;ghsh=0&amp;ghacc=0&amp;ghpl=\">Ten ohromuj\u00edc\u00ed pocit uvoln\u011bn\u00ed, kter\u00fd<\/a> P\u0159em\u00e1haj\u00edc\u00ed pocit uvoln\u011bn\u00ed, kter\u00fd u\u017eivatel poc\u00edt\u00ed jako po\u010d\u00e1te\u010dn\u00ed opojen\u00ed, se \u010dasto ozna\u010duje jako \"full-body buzz\". N\u011bkte\u0159\u00ed u\u017eivatel\u00e9 tvrd\u00ed, \u017ee maj\u00ed pocit, jako by se vzn\u00e1\u0161eli, a n\u011bkte\u0159\u00ed dokonce \u0159\u00edkaj\u00ed, \u017ee maj\u00ed pocit, jako by nebyli ve sv\u00e9m t\u011ble.<\/p>\n<p>Halucinace jsou b\u011b\u017en\u00e9 a \u010dasto trvaj\u00ed d\u00e9le ne\u017e \u00fa\u010dinky anestezie.Online n\u00e1kup ketaminu rotex<a href=\"https:\/\/en.wikipedia.org\/wiki\/Ketamine\">N\u00e1kup ketaminu Rotex online<\/a><\/p>\n<p><a href=\"https:\/\/www.google.com\/search?q=Buy+Ketamine+Rotex+Online&amp;sca_esv=2a2a93e8be91f013&amp;sxsrf=AHTn8zoVEDh58FZV0RrZSO-V2d31RQyAOA%3A1742969362343&amp;ei=EprjZ63aFNGNseMP84OF8Ao&amp;ved=0ahUKEwitq8ntiqeMAxXRRmwGHfNBAa4Q4dUDCA8&amp;uact=5&amp;oq=Buy+Ketamine+Rotex+Online&amp;gs_lp=Egxnd3Mtd2l6LXNlcnAiGUJ1eSBLZXRhbWluZSBSb3RleCBPbmxpbmVI1QlQ2gRY2gRwAngAkAEBmAGpAqAB5gOqAQUwLjEuMbgBA8gBAPgBAvgBAZgCAKACAJgDAIgGAZIHAKAHowGyBwC4BwA&amp;sclient=gws-wiz-serp\">Users report complete<\/a> U\u017eivatel\u00e9 uv\u00e1d\u011bj\u00ed, \u017ee p\u0159i vy\u0161\u0161\u00edch d\u00e1vk\u00e1ch doch\u00e1z\u00ed k \u00fapln\u00e9mu odlou\u010den\u00ed od t\u011bla, co\u017e m\u016f\u017ee m\u00edt z\u00e1va\u017en\u011bj\u0161\u00ed \u00fa\u010dinky.<\/p>\n<h3>Levn\u011b Ketamine Rotex 50mg\/1ml m\u016f\u017eete zakoupit online.<\/h3>\n<p>Ned\u00e1vn\u00e1 studie se zab\u00fdvala \u00fa\u010dinnost\u00ed <a href=\"https:\/\/www.bing.com\/search?q=Buy%20Ketamine%20Rotex%20Online&amp;qs=n&amp;form=QBRE&amp;sp=-1&amp;lq=0&amp;pq=buy%20ketamine%20rotex%20online&amp;sc=0-25&amp;sk=&amp;cvid=90D7C64D59B34FACBA43D679EB0165F5&amp;ghsh=0&amp;ghacc=0&amp;ghpl=\">ketamine in reducing social tension<\/a>.<\/p>\n<p>18 dosp\u011bl\u00fdch osob, u kter\u00fdch bylo zji\u0161t\u011bno, \u017ee maj\u00ed<\/p>\n<p>Zna\u010dku Rotex pou\u017e\u00edv\u00e1 spole\u010dnost, kter\u00e1 vyr\u00e1b\u00ed roztok ketaminu. <a href=\"https:\/\/duckduckgo.com\/?q=Buy+Ketamine+Rotex+Online&amp;t=h_&amp;ia=web\">manufactures ketamine solution<\/a>.<\/p>\n<p>Je to l\u00e9k, kter\u00fd zahajuje proces odlou\u010den\u00ed od va\u0161\u00ed sou\u010dasn\u00e9 situace.<\/p>\n<p>Je to disociativn\u00ed sedativum, tak\u017ee v\u00e1s stabilizuje, pom\u00e1h\u00e1 v\u00e1m zapomenout, ale \u00fapln\u011b v\u00e1s neomr\u00e1\u010d\u00ed.<\/p>\n<p>Po u\u017eit\u00ed n\u011bkter\u00e9ho z t\u011bchto l\u00e9k\u016f m\u00e1te nutk\u00e1n\u00ed se nechat un\u00e1\u0161et.<\/p>\n<p>It is an artificial <a href=\"https:\/\/www.google.com\/search?q=Buy+Ketamine+Rotex+Online&amp;sca_esv=2a2a93e8be91f013&amp;sxsrf=AHTn8zoVEDh58FZV0RrZSO-V2d31RQyAOA%3A1742969362343&amp;ei=EprjZ63aFNGNseMP84OF8Ao&amp;ved=0ahUKEwitq8ntiqeMAxXRRmwGHfNBAa4Q4dUDCA8&amp;uact=5&amp;oq=Buy+Ketamine+Rotex+Online&amp;gs_lp=Egxnd3Mtd2l6LXNlcnAiGUJ1eSBLZXRhbWluZSBSb3RleCBPbmxpbmVI1QlQ2gRY2gRwAngAkAEBmAGpAqAB5gOqAQUwLjEuMbgBA8gBAPgBAvgBAZgCAKACAJgDAIgGAZIHAKAHowGyBwC4BwA&amp;sclient=gws-wiz-serp\">NMDA<\/a> agonista receptoru. N-methyl-D-aspart\u00e1t se ozna\u010duje jako NMDA. Nejnov\u011bj\u0161\u00ed teorie nazna\u010duje, \u017ee funguje prost\u0159ednictv\u00edm metabolismu nebo rozkladu <a href=\"https:\/\/duckduckgo.com\/?q=Buy+Ketamine+Rotex+Online&amp;t=h_&amp;ia=web\">product of ketamine<\/a>, zat\u00edmco p\u0159esn\u00fd mechanismus \u00fa\u010dinku je st\u00e1le nejasn\u00fd. Klikn\u011bte zde pro podrobnou definici ketaminu.<\/p>\n<p>&nbsp;<\/p>","protected":false},"excerpt":{"rendered":"<p>Buy Ketamine Rotex 50mg\/1ml Buy Ketamine Rotex Online The rapid high that ketamine causes lasts for roughly one hour. It begins 2 to 5 minutes after smoking or ingesting the dose. When an injection is used, it occurs about 30 seconds after the injection. online rotex ketamine The overpowering sense of relaxation that the user [&hellip;]<\/p>","protected":false},"featured_media":19511,"comment_status":"open","ping_status":"closed","template":"","meta":{"_joinchat":[]},"product_brand":[],"product_cat":[1325],"product_tag":[],"class_list":{"0":"post-19507","1":"product","2":"type-product","3":"status-publish","4":"has-post-thumbnail","6":"product_cat-buy-ketamine-online","8":"first","9":"instock","10":"shipping-taxable","11":"purchasable","12":"product-type-variable","13":"add-to-wishlist-after_add_to_cart"},"yoast_head":"<!-- This site is optimized with the Yoast SEO plugin v25.9 - https:\/\/yoast.com\/wordpress\/plugins\/seo\/ -->\n<title>Buy Ketamine Rotex 50mg\/1ml - Narco Powders<\/title>\n<meta name=\"description\" content=\"Buy Ketamine Rotex Online, Narcopowders is Selling Good Grade Ketamine for Bulk Order Rotex Ketamine online, High-Quality Bulk Ketamine Supply.\" \/>\n<meta name=\"robots\" content=\"index, follow, max-snippet:-1, max-image-preview:large, max-video-preview:-1\" \/>\n<link rel=\"canonical\" href=\"https:\/\/narcopowders.com\/cs\/produkt\/koupit-ketamin-rotex-50mg-1ml\/\" \/>\n<meta property=\"og:locale\" content=\"cs_CZ\" \/>\n<meta property=\"og:type\" content=\"article\" \/>\n<meta property=\"og:title\" content=\"Buy Ketamine Rotex 50mg\/1ml - Narco Powders\" \/>\n<meta property=\"og:description\" content=\"Buy Ketamine Rotex Online, Narcopowders is Selling Good Grade Ketamine for Bulk Order Rotex Ketamine online, High-Quality Bulk Ketamine Supply.\" \/>\n<meta property=\"og:url\" content=\"https:\/\/narcopowders.com\/cs\/produkt\/koupit-ketamin-rotex-50mg-1ml\/\" \/>\n<meta property=\"og:site_name\" content=\"Narco Powders\" \/>\n<meta property=\"article:modified_time\" content=\"2025-09-25T08:20:55+00:00\" \/>\n<meta property=\"og:image\" content=\"https:\/\/narcopowders.com\/wp-content\/uploads\/2023\/07\/Buy-Ketamine-Rotex.jpg\" \/>\n\t<meta property=\"og:image:width\" content=\"600\" \/>\n\t<meta property=\"og:image:height\" content=\"600\" \/>\n\t<meta property=\"og:image:type\" content=\"image\/jpeg\" \/>\n<meta name=\"twitter:card\" content=\"summary_large_image\" \/>\n<meta name=\"twitter:label1\" content=\"Odhadovan\u00e1 doba \u010dten\u00ed\" \/>\n\t<meta name=\"twitter:data1\" content=\"2 minuty\" \/>\n<!-- \/ Yoast SEO plugin. -->","yoast_head_json":{"title":"Koupit Ketamin Rotex 50mg\/1ml - Narkotick\u00e9 pr\u00e1\u0161ky","description":"Buy Ketamine Rotex Online, Narcopowders is Selling Good Grade Ketamine for Bulk Order Rotex Ketamine online, High-Quality Bulk Ketamine Supply.","robots":{"index":"index","follow":"follow","max-snippet":"max-snippet:-1","max-image-preview":"max-image-preview:large","max-video-preview":"max-video-preview:-1"},"canonical":"https:\/\/narcopowders.com\/cs\/produkt\/koupit-ketamin-rotex-50mg-1ml\/","og_locale":"cs_CZ","og_type":"article","og_title":"Buy Ketamine Rotex 50mg\/1ml - Narco Powders","og_description":"Buy Ketamine Rotex Online, Narcopowders is Selling Good Grade Ketamine for Bulk Order Rotex Ketamine online, High-Quality Bulk Ketamine Supply.","og_url":"https:\/\/narcopowders.com\/cs\/produkt\/koupit-ketamin-rotex-50mg-1ml\/","og_site_name":"Narco Powders","article_modified_time":"2025-09-25T08:20:55+00:00","og_image":[{"width":600,"height":600,"url":"https:\/\/narcopowders.com\/wp-content\/uploads\/2023\/07\/Buy-Ketamine-Rotex.jpg","type":"image\/jpeg"}],"twitter_card":"summary_large_image","twitter_misc":{"Odhadovan\u00e1 doba \u010dten\u00ed":"2 minuty"},"schema":{"@context":"https:\/\/schema.org","@graph":[{"@type":"WebPage","@id":"https:\/\/narcopowders.com\/product\/buy-ketamine-rotex-50mg-1ml\/","url":"https:\/\/narcopowders.com\/product\/buy-ketamine-rotex-50mg-1ml\/","name":"Koupit Ketamin Rotex 50mg\/1ml - Narkotick\u00e9 pr\u00e1\u0161ky","isPartOf":{"@id":"https:\/\/narcopowders.com\/#website"},"primaryImageOfPage":{"@id":"https:\/\/narcopowders.com\/product\/buy-ketamine-rotex-50mg-1ml\/#primaryimage"},"image":{"@id":"https:\/\/narcopowders.com\/product\/buy-ketamine-rotex-50mg-1ml\/#primaryimage"},"thumbnailUrl":"https:\/\/narcopowders.com\/wp-content\/uploads\/2023\/07\/Buy-Ketamine-Rotex.jpg","datePublished":"2023-07-29T09:21:56+00:00","dateModified":"2025-09-25T08:20:55+00:00","description":"Buy Ketamine Rotex Online, Narcopowders is Selling Good Grade Ketamine for Bulk Order Rotex Ketamine online, High-Quality Bulk Ketamine Supply.","breadcrumb":{"@id":"https:\/\/narcopowders.com\/product\/buy-ketamine-rotex-50mg-1ml\/#breadcrumb"},"inLanguage":"cs","potentialAction":[{"@type":"ReadAction","target":["https:\/\/narcopowders.com\/product\/buy-ketamine-rotex-50mg-1ml\/"]}]},{"@type":"ImageObject","inLanguage":"cs","@id":"https:\/\/narcopowders.com\/product\/buy-ketamine-rotex-50mg-1ml\/#primaryimage","url":"https:\/\/narcopowders.com\/wp-content\/uploads\/2023\/07\/Buy-Ketamine-Rotex.jpg","contentUrl":"https:\/\/narcopowders.com\/wp-content\/uploads\/2023\/07\/Buy-Ketamine-Rotex.jpg","width":600,"height":600,"caption":"Buy-Ketamine-Rotex online"},{"@type":"BreadcrumbList","@id":"https:\/\/narcopowders.com\/product\/buy-ketamine-rotex-50mg-1ml\/#breadcrumb","itemListElement":[{"@type":"ListItem","position":1,"name":"Home","item":"https:\/\/narcopowders.com\/"},{"@type":"ListItem","position":2,"name":"Shop Page","item":"https:\/\/narcopowders.com\/shop\/"},{"@type":"ListItem","position":3,"name":"Buy Ketamine Rotex 50mg\/1ml"}]},{"@type":"WebSite","@id":"https:\/\/narcopowders.com\/#website","url":"https:\/\/narcopowders.com\/","name":"Pr\u00e1\u0161ky na narkotika","description":"M\u016fj blog WordPress","potentialAction":[{"@type":"SearchAction","target":{"@type":"EntryPoint","urlTemplate":"https:\/\/narcopowders.com\/?s={search_term_string}"},"query-input":{"@type":"PropertyValueSpecification","valueRequired":true,"valueName":"search_term_string"}}],"inLanguage":"cs"}]}},"_links":{"self":[{"href":"https:\/\/narcopowders.com\/cs\/wp-json\/wp\/v2\/product\/19507","targetHints":{"allow":["GET"]}}],"collection":[{"href":"https:\/\/narcopowders.com\/cs\/wp-json\/wp\/v2\/product"}],"about":[{"href":"https:\/\/narcopowders.com\/cs\/wp-json\/wp\/v2\/types\/product"}],"replies":[{"embeddable":true,"href":"https:\/\/narcopowders.com\/cs\/wp-json\/wp\/v2\/comments?post=19507"}],"wp:featuredmedia":[{"embeddable":true,"href":"https:\/\/narcopowders.com\/cs\/wp-json\/wp\/v2\/media\/19511"}],"wp:attachment":[{"href":"https:\/\/narcopowders.com\/cs\/wp-json\/wp\/v2\/media?parent=19507"}],"wp:term":[{"taxonomy":"product_brand","embeddable":true,"href":"https:\/\/narcopowders.com\/cs\/wp-json\/wp\/v2\/product_brand?post=19507"},{"taxonomy":"product_cat","embeddable":true,"href":"https:\/\/narcopowders.com\/cs\/wp-json\/wp\/v2\/product_cat?post=19507"},{"taxonomy":"product_tag","embeddable":true,"href":"https:\/\/narcopowders.com\/cs\/wp-json\/wp\/v2\/product_tag?post=19507"}],"curies":[{"name":"wp","href":"https:\/\/api.w.org\/{rel}","templated":true}]}}