{"id":19508,"date":"2023-07-29T09:21:40","date_gmt":"2023-07-29T09:21:40","guid":{"rendered":"https:\/\/narcopowders.com\/?post_type=product&#038;p=19508"},"modified":"2025-09-25T08:19:15","modified_gmt":"2025-09-25T08:19:15","slug":"buy-ketamine-rocks","status":"publish","type":"product","link":"https:\/\/narcopowders.com\/cs\/produkt\/koupit-ketamin-skaly\/","title":{"rendered":"Buy Ketamine Rocks Online"},"content":{"rendered":"<h2>Koupit Ketamine Rocks<\/h2>\n<p><a href=\"https:\/\/narcopowders.com\/cs\/produkt\/koupit-ketamin-skaly\/\">Koupit Ketamine Crystal Rock online<\/a><\/p>\n<p>B\u011b\u017en\u00e1 aplikace l\u00e9ku <a href=\"https:\/\/www.bing.com\/search?q=Buy%20Ketamine%20Rocks%20Online&amp;qs=n&amp;form=QBRE&amp;sp=-1&amp;lq=0&amp;pq=buy%20ketamine%20rocks%20online&amp;sc=0-25&amp;sk=&amp;cvid=DCF60421973A4EFCBD042ABC4E510649&amp;ghsh=0&amp;ghacc=0&amp;ghpl=\">Ketamine Crystal Rock<\/a> B\u011b\u017en\u00fdm pou\u017eit\u00edm l\u00e1tky ketamin HCL je anestezie. Dal\u0161\u00edmi aplikacemi jsou chronick\u00e1 bolest a sedace v akutn\u00ed p\u00e9\u010di.<\/p>\n<p>The abrupt high from <a href=\"https:\/\/www.bing.com\/search?q=Buy%20Ketamine%20Rocks%20Online&amp;qs=n&amp;form=QBRE&amp;sp=-1&amp;lq=0&amp;pq=buy%20ketamine%20rocks%20online&amp;sc=0-25&amp;sk=&amp;cvid=DCF60421973A4EFCBD042ABC4E510649&amp;ghsh=0&amp;ghacc=0&amp;ghpl=\">ketamin hydrochlorid<\/a> Rychl\u00e9 opojen\u00ed, kter\u00e9 ketamin zp\u016fsobuje, trv\u00e1 zhruba jednu hodinu. Za\u010d\u00edn\u00e1 2 a\u017e 5 minut po vykou\u0159en\u00ed nebo po\u017eit\u00ed d\u00e1vky. P\u0159i injek\u010dn\u00edm pod\u00e1n\u00ed se dostav\u00ed asi 30 sekund po injekci.<\/p>\n<p>P\u0159em\u00e1haj\u00edc\u00ed pocit uvoln\u011bn\u00ed, kter\u00fd u\u017eivatel poc\u00edt\u00ed jako po\u010d\u00e1te\u010dn\u00ed opojen\u00ed, se \u010dasto ozna\u010duje jako \"full-body buzz\". N\u011bkte\u0159\u00ed u\u017eivatel\u00e9 \u0159\u00edkaj\u00ed, \u017ee maj\u00ed pocit, jako by se vzn\u00e1\u0161eli, a n\u011bkte\u0159\u00ed dokonce \u0159\u00edkaj\u00ed, \u017ee maj\u00ed pocit, jako by nebyli ve sv\u00e9m t\u011ble. Halucinace jsou b\u011b\u017en\u00e9 a \u010dasto p\u0159etrv\u00e1vaj\u00ed d\u00e9le ne\u017e \u00fa\u010dinky anestezie. <a href=\"https:\/\/www.google.com\/search?q=Buy+Ketamine+Rocks+Online&amp;num=10&amp;sca_esv=1a2a07081c7891bb&amp;rlz=1C1RXQR_enIN1098IN1098&amp;sxsrf=AHTn8zo3S-FVfUCUfoDtPkswaKPB3WdbUQ%3A1741762655339&amp;ei=XzDRZ4CyFKCXjuMPwKjDwAE&amp;ved=0ahUKEwjA3erC-4OMAxWgi2MGHUDUEBgQ4dUDCBA&amp;uact=5&amp;oq=Buy+Ketamine+Rocks+Online&amp;gs_lp=Egxnd3Mtd2l6LXNlcnAiGUJ1eSBLZXRhbWluZSBSb2NrcyBPbmxpbmVIkQdQpANYpANwAngAkAEAmAH3AaAB9wGqAQMyLTG4AQPIAQD4AQL4AQGYAgCgAgCYAwCIBgGSBwCgB00&amp;sclient=gws-wiz-serp\">Koupit krystalick\u00fd rockov\u00fd ketamin<\/a><\/p>\n<p>U\u017eivatel\u00e9 hl\u00e1sili \u00fapln\u00e9 odlou\u010den\u00ed od sv\u00e9ho t\u011bla v d\u016fsledku z\u00e1va\u017en\u011bj\u0161\u00edch \u00fa\u010dink\u016f, kter\u00e9 mohou vyvolat vy\u0161\u0161\u00ed d\u00e1vky. Tyto pocity se ozna\u010duj\u00ed jako \"K-d\u00edra\" a jsou srovnateln\u00e9 s pocity, kter\u00e9 za\u017e\u00edvaj\u00ed lid\u00e9, kte\u0159\u00ed maj\u00ed zku\u0161enosti s bl\u00edzkou smrt\u00ed.<a href=\"https:\/\/www.google.com\/search?q=Buy+Ketamine+Rocks+Online&amp;num=10&amp;sca_esv=1a2a07081c7891bb&amp;rlz=1C1RXQR_enIN1098IN1098&amp;sxsrf=AHTn8zo3S-FVfUCUfoDtPkswaKPB3WdbUQ%3A1741762655339&amp;ei=XzDRZ4CyFKCXjuMPwKjDwAE&amp;ved=0ahUKEwjA3erC-4OMAxWgi2MGHUDUEBgQ4dUDCBA&amp;uact=5&amp;oq=Buy+Ketamine+Rocks+Online&amp;gs_lp=Egxnd3Mtd2l6LXNlcnAiGUJ1eSBLZXRhbWluZSBSb2NrcyBPbmxpbmVIkQdQpANYpANwAngAkAEAmAH3AaAB9wGqAQMyLTG4AQPIAQD4AQL4AQGYAgCgAgCYAwCIBgGSBwCgB00&amp;sclient=gws-wiz-serp\">K-hole<\/a>e\u201c a jsou srovnateln\u00e9 s t\u011bmi, kter\u00e9 za\u017eili lid\u00e9, kte\u0159\u00ed m\u011bli z\u00e1\u017eitky bl\u00edzk\u00e9 smrti.<\/p>\n<p>Recent advances in <a href=\"https:\/\/duckduckgo.com\/?q=Buy+Ketamine+Rocks+Online&amp;t=h_&amp;ia=web\">ketamine research<\/a> Nejnov\u011bj\u0161\u00ed pokroky ve v\u00fdzkumu ketaminu zd\u016fraz\u0148uj\u00ed jeho v\u00fdhody pro lidi s depres\u00ed. Zejm\u00e9na pro ty, kte\u0159\u00ed vyzkou\u0161eli r\u016fzn\u00e1 antidepresiva, ale neusp\u011bli. V porovn\u00e1n\u00ed s l\u00e9ky SSRI, kter\u00e9 se obvykle doporu\u010duj\u00ed k l\u00e9\u010db\u011b deprese, ketamin funguje v mozku jinak. Po ovl\u00e1dnut\u00ed ketamin p\u016fsob\u00ed rychle. <a href=\"https:\/\/en.wikipedia.org\/wiki\/Ketamine\">ketamine operates quickly<\/a>.<\/p>\n<p>Ketamin m\u00e1 v\u00fdrazn\u00fd stimula\u010dn\u00ed \u00fa\u010dinek 40 minut po pod\u00e1n\u00ed. Ned\u00e1vn\u00fd v\u00fdzkum podle publikace ukazuje \"obrovsk\u00e9 zlep\u0161en\u00ed zat\u011b\u017euj\u00edc\u00edch vedlej\u0161\u00edch \u00fa\u010dink\u016f p\u0159ibli\u017en\u011b za 24 hodin po ketaminu ve srovn\u00e1n\u00ed s fale\u0161nou l\u00e9\u010dbou\".<a href=\"https:\/\/duckduckgo.com\/?q=Buy+Ketamine+Rocks+Online&amp;t=h_&amp;ia=web\"> ketamin<\/a> compared with fake treatment,&#8221; according to the publication.<\/p>\n<p><a href=\"https:\/\/narcopowders.com\/cs\/\">Ketamin<\/a> inhaled revealed hardly any psychotomimetic or dissociative effects.<\/p>\n<p>P\u0159i spr\u00e1vn\u00e9 technice pod\u00e1v\u00e1n\u00ed ketaminu m\u016f\u017ee tento l\u00e9k pomoci mozku podpo\u0159it nov\u00e1 neuron\u00e1ln\u00ed spojen\u00ed a poskytnout dlouhodobou \u00falevu.<\/p>","protected":false},"excerpt":{"rendered":"<p>Koupit Ketamin Rocks Koupit Ketamin Crystal Rock online B\u011b\u017enou aplikac\u00ed l\u00e9ku Ketamin Crystal Rock je anestezie. Dal\u0161\u00edmi aplikacemi jsou chronick\u00e1 bolest a sedace v akutn\u00ed p\u00e9\u010di. N\u00e1hl\u00e9 opojen\u00ed z ketaminu HCL trv\u00e1 zhruba hodinu. Za\u010d\u00edn\u00e1 2 a\u017e 5 minut po vykou\u0159en\u00ed nebo po\u017eit\u00ed d\u00e1vky. P\u0159i injek\u010dn\u00edm pod\u00e1n\u00ed je [...]<\/p>","protected":false},"featured_media":19510,"comment_status":"open","ping_status":"closed","template":"","meta":{"_joinchat":[]},"product_brand":[],"product_cat":[1325],"product_tag":[],"class_list":{"0":"post-19508","1":"product","2":"type-product","3":"status-publish","4":"has-post-thumbnail","6":"product_cat-buy-ketamine-online","8":"first","9":"instock","10":"shipping-taxable","11":"purchasable","12":"product-type-variable","13":"add-to-wishlist-after_add_to_cart"},"yoast_head":"<!-- This site is optimized with the Yoast SEO plugin v25.9 - https:\/\/yoast.com\/wordpress\/plugins\/seo\/ -->\n<title>Buy Ketamine Rocks Online - Narco Powders<\/title>\n<meta name=\"robots\" content=\"index, follow, max-snippet:-1, max-image-preview:large, max-video-preview:-1\" \/>\n<link rel=\"canonical\" href=\"https:\/\/narcopowders.com\/cs\/produkt\/koupit-ketamin-skaly\/\" \/>\n<meta property=\"og:locale\" content=\"cs_CZ\" \/>\n<meta property=\"og:type\" content=\"article\" \/>\n<meta property=\"og:title\" content=\"Buy Ketamine Rocks Online - Narco Powders\" \/>\n<meta property=\"og:description\" content=\"Buy Ketamine Rocks Buy Ketamine Crystal Rock online A common application for the medication Ketamine Crystal Rock is anaesthesia. Chronic pain and sedation in acute care are further applications. The abrupt high from ketamine HCL lasts for roughly an hour. It begins 2 to 5 minutes after smoking or ingesting the dose. When an injection [&hellip;]\" \/>\n<meta property=\"og:url\" content=\"https:\/\/narcopowders.com\/cs\/produkt\/koupit-ketamin-skaly\/\" \/>\n<meta property=\"og:site_name\" content=\"Narco Powders\" \/>\n<meta property=\"article:modified_time\" content=\"2025-09-25T08:19:15+00:00\" \/>\n<meta property=\"og:image\" content=\"https:\/\/narcopowders.com\/wp-content\/uploads\/2023\/07\/Buy-Ketamine-Rocks.jpg\" \/>\n\t<meta property=\"og:image:width\" content=\"600\" \/>\n\t<meta property=\"og:image:height\" content=\"600\" \/>\n\t<meta property=\"og:image:type\" content=\"image\/jpeg\" \/>\n<meta name=\"twitter:card\" content=\"summary_large_image\" \/>\n<meta name=\"twitter:label1\" content=\"Odhadovan\u00e1 doba \u010dten\u00ed\" \/>\n\t<meta name=\"twitter:data1\" content=\"2 minuty\" \/>\n<!-- \/ Yoast SEO plugin. -->","yoast_head_json":{"title":"Buy Ketamine Rocks Online - Narco Powders","robots":{"index":"index","follow":"follow","max-snippet":"max-snippet:-1","max-image-preview":"max-image-preview:large","max-video-preview":"max-video-preview:-1"},"canonical":"https:\/\/narcopowders.com\/cs\/produkt\/koupit-ketamin-skaly\/","og_locale":"cs_CZ","og_type":"article","og_title":"Buy Ketamine Rocks Online - Narco Powders","og_description":"Buy Ketamine Rocks Buy Ketamine Crystal Rock online A common application for the medication Ketamine Crystal Rock is anaesthesia. Chronic pain and sedation in acute care are further applications. The abrupt high from ketamine HCL lasts for roughly an hour. It begins 2 to 5 minutes after smoking or ingesting the dose. When an injection [&hellip;]","og_url":"https:\/\/narcopowders.com\/cs\/produkt\/koupit-ketamin-skaly\/","og_site_name":"Narco Powders","article_modified_time":"2025-09-25T08:19:15+00:00","og_image":[{"width":600,"height":600,"url":"https:\/\/narcopowders.com\/wp-content\/uploads\/2023\/07\/Buy-Ketamine-Rocks.jpg","type":"image\/jpeg"}],"twitter_card":"summary_large_image","twitter_misc":{"Odhadovan\u00e1 doba \u010dten\u00ed":"2 minuty"},"schema":{"@context":"https:\/\/schema.org","@graph":[{"@type":"WebPage","@id":"https:\/\/narcopowders.com\/product\/buy-ketamine-rocks\/","url":"https:\/\/narcopowders.com\/product\/buy-ketamine-rocks\/","name":"Buy Ketamine Rocks Online - Narco Powders","isPartOf":{"@id":"https:\/\/narcopowders.com\/#website"},"primaryImageOfPage":{"@id":"https:\/\/narcopowders.com\/product\/buy-ketamine-rocks\/#primaryimage"},"image":{"@id":"https:\/\/narcopowders.com\/product\/buy-ketamine-rocks\/#primaryimage"},"thumbnailUrl":"https:\/\/narcopowders.com\/wp-content\/uploads\/2023\/07\/Buy-Ketamine-Rocks.jpg","datePublished":"2023-07-29T09:21:40+00:00","dateModified":"2025-09-25T08:19:15+00:00","breadcrumb":{"@id":"https:\/\/narcopowders.com\/product\/buy-ketamine-rocks\/#breadcrumb"},"inLanguage":"cs","potentialAction":[{"@type":"ReadAction","target":["https:\/\/narcopowders.com\/product\/buy-ketamine-rocks\/"]}]},{"@type":"ImageObject","inLanguage":"cs","@id":"https:\/\/narcopowders.com\/product\/buy-ketamine-rocks\/#primaryimage","url":"https:\/\/narcopowders.com\/wp-content\/uploads\/2023\/07\/Buy-Ketamine-Rocks.jpg","contentUrl":"https:\/\/narcopowders.com\/wp-content\/uploads\/2023\/07\/Buy-Ketamine-Rocks.jpg","width":600,"height":600,"caption":"Buy-Ketamine-Rocks online"},{"@type":"BreadcrumbList","@id":"https:\/\/narcopowders.com\/product\/buy-ketamine-rocks\/#breadcrumb","itemListElement":[{"@type":"ListItem","position":1,"name":"Home","item":"https:\/\/narcopowders.com\/"},{"@type":"ListItem","position":2,"name":"Shop Page","item":"https:\/\/narcopowders.com\/shop\/"},{"@type":"ListItem","position":3,"name":"Buy Ketamine Rocks Online"}]},{"@type":"WebSite","@id":"https:\/\/narcopowders.com\/#website","url":"https:\/\/narcopowders.com\/","name":"Pr\u00e1\u0161ky na narkotika","description":"M\u016fj blog WordPress","potentialAction":[{"@type":"SearchAction","target":{"@type":"EntryPoint","urlTemplate":"https:\/\/narcopowders.com\/?s={search_term_string}"},"query-input":{"@type":"PropertyValueSpecification","valueRequired":true,"valueName":"search_term_string"}}],"inLanguage":"cs"}]}},"_links":{"self":[{"href":"https:\/\/narcopowders.com\/cs\/wp-json\/wp\/v2\/product\/19508","targetHints":{"allow":["GET"]}}],"collection":[{"href":"https:\/\/narcopowders.com\/cs\/wp-json\/wp\/v2\/product"}],"about":[{"href":"https:\/\/narcopowders.com\/cs\/wp-json\/wp\/v2\/types\/product"}],"replies":[{"embeddable":true,"href":"https:\/\/narcopowders.com\/cs\/wp-json\/wp\/v2\/comments?post=19508"}],"wp:featuredmedia":[{"embeddable":true,"href":"https:\/\/narcopowders.com\/cs\/wp-json\/wp\/v2\/media\/19510"}],"wp:attachment":[{"href":"https:\/\/narcopowders.com\/cs\/wp-json\/wp\/v2\/media?parent=19508"}],"wp:term":[{"taxonomy":"product_brand","embeddable":true,"href":"https:\/\/narcopowders.com\/cs\/wp-json\/wp\/v2\/product_brand?post=19508"},{"taxonomy":"product_cat","embeddable":true,"href":"https:\/\/narcopowders.com\/cs\/wp-json\/wp\/v2\/product_cat?post=19508"},{"taxonomy":"product_tag","embeddable":true,"href":"https:\/\/narcopowders.com\/cs\/wp-json\/wp\/v2\/product_tag?post=19508"}],"curies":[{"name":"wp","href":"https:\/\/api.w.org\/{rel}","templated":true}]}}