{"id":19548,"date":"2023-07-29T09:44:14","date_gmt":"2023-07-29T09:44:14","guid":{"rendered":"https:\/\/narcopowders.com\/?post_type=product&#038;p=19548"},"modified":"2025-09-25T08:27:16","modified_gmt":"2025-09-25T08:27:16","slug":"buy-ketanir-ketamine-500mg-10","status":"publish","type":"product","link":"https:\/\/narcopowders.com\/cs\/product\/buy-ketanir-ketamine-500mg-10\/","title":{"rendered":"Koupit Ketanir Ketamin 500mg\/10"},"content":{"rendered":"<h2>Koupit Ketanir Ketamin<\/h2>\n<p><a href=\"https:\/\/narcopowders.com\/cs\/produkt\/buy-ketanir-ketamine-500mg-10\/\">Koupit Ketanir Ketamin online<\/a><\/p>\n<p>B\u011b\u017en\u00e9 pou\u017eit\u00ed l\u00e1tky <a href=\"https:\/\/narcopowders.com\/cs\/\">ketamin hydrochlorid je anestetikum<\/a>. Chronic pain and sedation in acute care are <a href=\"https:\/\/en.wikipedia.org\/wiki\/Ketamine\">further applications<\/a>.<\/p>\n<p>Rychl\u00fd vrchol, kter\u00fd <a href=\"https:\/\/www.bing.com\/search?q=Buy%20Ketanir%20Ketamine%20online&amp;qs=n&amp;form=QBRE&amp;sp=-1&amp;lq=0&amp;pq=buy%20ketanir%20ketamine%20online&amp;sc=0-27&amp;sk=&amp;cvid=2317054633F94C5A8BB2FAFDA4EC6C6F&amp;ghsh=0&amp;ghacc=0&amp;ghpl=\">ketamine causes<\/a> Rychl\u00e9 opojen\u00ed, kter\u00e9 ketamin zp\u016fsobuje, trv\u00e1 zhruba jednu hodinu. Za\u010d\u00edn\u00e1 2 a\u017e 5 minut po vykou\u0159en\u00ed nebo po\u017eit\u00ed d\u00e1vky. P\u0159i injek\u010dn\u00edm pod\u00e1n\u00ed se dostav\u00ed asi 30 sekund po injekci. <a href=\"https:\/\/www.google.com\/search?q=Buy+Ketanir+Ketamine+online&amp;sca_esv=2a2a93e8be91f013&amp;sxsrf=AHTn8zqZ0ZhZJouHVYWfDUqUn5ELqbuZmw%3A1742971169561&amp;ei=IaHjZ-L_IZSwseMPtf6l-Q8&amp;ved=0ahUKEwiilKnLkaeMAxUUWGwGHTV_Kf8Q4dUDCA8&amp;uact=5&amp;oq=Buy+Ketanir+Ketamine+online&amp;gs_lp=Egxnd3Mtd2l6LXNlcnAiG0J1eSBLZXRhbmlyIEtldGFtaW5lIG9ubGluZUiiCFCyA1iyA3ADeACQAQCYAZIDoAGSA6oBAzQtMbgBA8gBAPgBAvgBAZgCAKACAJgDAIgGAZIHAKAH0AGyBwC4BwA&amp;sclient=gws-wiz-serp\">500 mg\/10 ml of Ketanir Ketamine<\/a><\/p>\n<p>La abrumadora <a href=\"https:\/\/www.google.com\/search?q=Buy+Ketanir+Ketamine+online&amp;sca_esv=2a2a93e8be91f013&amp;sxsrf=AHTn8zqZ0ZhZJouHVYWfDUqUn5ELqbuZmw%3A1742971169561&amp;ei=IaHjZ-L_IZSwseMPtf6l-Q8&amp;ved=0ahUKEwiilKnLkaeMAxUUWGwGHTV_Kf8Q4dUDCA8&amp;uact=5&amp;oq=Buy+Ketanir+Ketamine+online&amp;gs_lp=Egxnd3Mtd2l6LXNlcnAiG0J1eSBLZXRhbmlyIEtldGFtaW5lIG9ubGluZUiiCFCyA1iyA3ADeACQAQCYAZIDoAGSA6oBAzQtMbgBA8gBAPgBAvgBAZgCAKACAJgDAIgGAZIHAKAH0AGyBwC4BwA&amp;sclient=gws-wiz-serp\">pocit uvoln\u011bn\u00ed<\/a> P\u0159em\u00e1haj\u00edc\u00ed pocit uvoln\u011bn\u00ed, kter\u00fd u\u017eivatel poc\u00edt\u00ed jako po\u010d\u00e1te\u010dn\u00ed opojen\u00ed, se \u010dasto ozna\u010duje jako \"full-body buzz\". N\u011bkte\u0159\u00ed u\u017eivatel\u00e9 tvrd\u00ed, \u017ee maj\u00ed pocit, jako by se vzn\u00e1\u0161eli, a n\u011bkte\u0159\u00ed dokonce \u0159\u00edkaj\u00ed, \u017ee maj\u00ed pocit, jako by nebyli ve sv\u00e9m t\u011ble. <a href=\"https:\/\/duckduckgo.com\/?q=Buy+Ketanir+Ketamine+online&amp;t=h_&amp;ia=web\">Halucinace jsou b\u011b\u017en\u00e9<\/a> Halucinace jsou b\u011b\u017en\u00e9 a \u010dasto trvaj\u00ed d\u00e9le ne\u017e \u00fa\u010dinky anestezie.Online n\u00e1kup ketaminu rotex<\/p>\n<p>U\u017eivatel\u00e9 hl\u00e1sili \u00fapln\u00e9 odlou\u010den\u00ed od sv\u00e9ho t\u011bla v d\u016fsledku z\u00e1va\u017en\u011bj\u0161\u00edch \u00fa\u010dink\u016f, kter\u00e9 mohou vyvolat vy\u0161\u0161\u00ed d\u00e1vky. Tyto pocity se ozna\u010duj\u00ed jako \"K-d\u00edra\" a jsou srovnateln\u00e9 s pocity, kter\u00e9 za\u017e\u00edvaj\u00ed lid\u00e9, kte\u0159\u00ed maj\u00ed zku\u0161enosti s bl\u00edzkou smrt\u00ed.<a href=\"https:\/\/duckduckgo.com\/?q=Buy+Ketanir+Ketamine+online&amp;t=h_&amp;ia=web\">K-hole<\/a>e\u201c a jsou srovnateln\u00e9 s t\u011bmi, kter\u00e9 za\u017eili lid\u00e9, kte\u0159\u00ed m\u011bli z\u00e1\u017eitky bl\u00edzk\u00e9 smrti.<\/p>\n<p><a href=\"https:\/\/www.bing.com\/search?q=Buy%20Ketanir%20Ketamine%20online&amp;qs=n&amp;form=QBRE&amp;sp=-1&amp;lq=0&amp;pq=buy%20ketanir%20ketamine%20online&amp;sc=0-27&amp;sk=&amp;cvid=2317054633F94C5A8BB2FAFDA4EC6C6F&amp;ghsh=0&amp;ghacc=0&amp;ghpl=\">Levn\u011b Ketanir Ketamine 500mg\/10ml m\u016f\u017eete zakoupit online.<\/a>.<\/p>\n<p>&nbsp;<\/p>","protected":false},"excerpt":{"rendered":"<p>Buy Ketanir Ketamine Buy Ketanir Ketamine online A common application for the substance ketamine HCL is anaesthesia. Chronic pain and sedation in acute care are further applications. The rapid high that ketamine causes lasts for roughly one hour. It begins 2 to 5 minutes after smoking or ingesting the dose. When an injection is used, [&hellip;]<\/p>\n","protected":false},"featured_media":19549,"comment_status":"open","ping_status":"closed","template":"","meta":{"_joinchat":[]},"product_brand":[],"product_cat":[1325],"product_tag":[],"class_list":{"0":"post-19548","1":"product","2":"type-product","3":"status-publish","4":"has-post-thumbnail","6":"product_cat-buy-ketamine-online","8":"first","9":"instock","10":"shipping-taxable","11":"purchasable","12":"product-type-variable","13":"add-to-wishlist-after_add_to_cart"},"yoast_head":"<!-- This site is optimized with the Yoast SEO plugin v27.5 - https:\/\/yoast.com\/product\/yoast-seo-wordpress\/ -->\n<title>Buy Ketanir Ketamine 500mg\/10 - Narco Powders<\/title>\n<meta name=\"robots\" content=\"index, follow, max-snippet:-1, max-image-preview:large, max-video-preview:-1\" \/>\n<link rel=\"canonical\" href=\"https:\/\/narcopowders.com\/cs\/produkt\/buy-ketanir-ketamine-500mg-10\/\" \/>\n<meta property=\"og:locale\" content=\"cs_CZ\" \/>\n<meta property=\"og:type\" content=\"article\" \/>\n<meta property=\"og:title\" content=\"Buy Ketanir Ketamine 500mg\/10 - Narco Powders\" \/>\n<meta property=\"og:description\" content=\"Buy Ketanir Ketamine Buy Ketanir Ketamine online A common application for the substance ketamine HCL is anaesthesia. Chronic pain and sedation in acute care are further applications. The rapid high that ketamine causes lasts for roughly one hour. It begins 2 to 5 minutes after smoking or ingesting the dose. When an injection is used, [&hellip;]\" \/>\n<meta property=\"og:url\" content=\"https:\/\/narcopowders.com\/cs\/produkt\/buy-ketanir-ketamine-500mg-10\/\" \/>\n<meta property=\"og:site_name\" content=\"Narco Powders\" \/>\n<meta property=\"article:modified_time\" content=\"2025-09-25T08:27:16+00:00\" \/>\n<meta property=\"og:image\" content=\"https:\/\/narcopowders.com\/wp-content\/uploads\/2023\/07\/Buy-Ketanir-Ketamine.jpg\" \/>\n\t<meta property=\"og:image:width\" content=\"600\" \/>\n\t<meta property=\"og:image:height\" content=\"600\" \/>\n\t<meta property=\"og:image:type\" content=\"image\/jpeg\" \/>\n<meta name=\"twitter:card\" content=\"summary_large_image\" \/>\n<meta name=\"twitter:label1\" content=\"Odhadovan\u00e1 doba \u010dten\u00ed\" \/>\n\t<meta name=\"twitter:data1\" content=\"1 minuta\" \/>\n<!-- \/ Yoast SEO plugin. -->","yoast_head_json":{"title":"Koupit Ketanir Ketamin 500mg\/10 - narkotika v pr\u00e1\u0161ku","robots":{"index":"index","follow":"follow","max-snippet":"max-snippet:-1","max-image-preview":"max-image-preview:large","max-video-preview":"max-video-preview:-1"},"canonical":"https:\/\/narcopowders.com\/cs\/produkt\/buy-ketanir-ketamine-500mg-10\/","og_locale":"cs_CZ","og_type":"article","og_title":"Buy Ketanir Ketamine 500mg\/10 - Narco Powders","og_description":"Buy Ketanir Ketamine Buy Ketanir Ketamine online A common application for the substance ketamine HCL is anaesthesia. Chronic pain and sedation in acute care are further applications. The rapid high that ketamine causes lasts for roughly one hour. It begins 2 to 5 minutes after smoking or ingesting the dose. When an injection is used, [&hellip;]","og_url":"https:\/\/narcopowders.com\/cs\/produkt\/buy-ketanir-ketamine-500mg-10\/","og_site_name":"Narco Powders","article_modified_time":"2025-09-25T08:27:16+00:00","og_image":[{"width":600,"height":600,"url":"https:\/\/narcopowders.com\/wp-content\/uploads\/2023\/07\/Buy-Ketanir-Ketamine.jpg","type":"image\/jpeg"}],"twitter_card":"summary_large_image","twitter_misc":{"Odhadovan\u00e1 doba \u010dten\u00ed":"1 minuta"},"schema":{"@context":"https:\/\/schema.org","@graph":[{"@type":"WebPage","@id":"https:\/\/narcopowders.com\/product\/buy-ketanir-ketamine-500mg-10\/","url":"https:\/\/narcopowders.com\/product\/buy-ketanir-ketamine-500mg-10\/","name":"Koupit Ketanir Ketamin 500mg\/10 - narkotika v pr\u00e1\u0161ku","isPartOf":{"@id":"https:\/\/narcopowders.com\/#website"},"primaryImageOfPage":{"@id":"https:\/\/narcopowders.com\/product\/buy-ketanir-ketamine-500mg-10\/#primaryimage"},"image":{"@id":"https:\/\/narcopowders.com\/product\/buy-ketanir-ketamine-500mg-10\/#primaryimage"},"thumbnailUrl":"https:\/\/narcopowders.com\/wp-content\/uploads\/2023\/07\/Buy-Ketanir-Ketamine.jpg","datePublished":"2023-07-29T09:44:14+00:00","dateModified":"2025-09-25T08:27:16+00:00","breadcrumb":{"@id":"https:\/\/narcopowders.com\/product\/buy-ketanir-ketamine-500mg-10\/#breadcrumb"},"inLanguage":"cs","potentialAction":[{"@type":"ReadAction","target":["https:\/\/narcopowders.com\/product\/buy-ketanir-ketamine-500mg-10\/"]}]},{"@type":"ImageObject","inLanguage":"cs","@id":"https:\/\/narcopowders.com\/product\/buy-ketanir-ketamine-500mg-10\/#primaryimage","url":"https:\/\/narcopowders.com\/wp-content\/uploads\/2023\/07\/Buy-Ketanir-Ketamine.jpg","contentUrl":"https:\/\/narcopowders.com\/wp-content\/uploads\/2023\/07\/Buy-Ketanir-Ketamine.jpg","width":600,"height":600,"caption":"Buy-Ketanir-Ketamine online"},{"@type":"BreadcrumbList","@id":"https:\/\/narcopowders.com\/product\/buy-ketanir-ketamine-500mg-10\/#breadcrumb","itemListElement":[{"@type":"ListItem","position":1,"name":"Home","item":"https:\/\/narcopowders.com\/"},{"@type":"ListItem","position":2,"name":"Shop Page","item":"https:\/\/narcopowders.com\/shop\/"},{"@type":"ListItem","position":3,"name":"Buy Ketanir Ketamine 500mg\/10"}]},{"@type":"WebSite","@id":"https:\/\/narcopowders.com\/#website","url":"https:\/\/narcopowders.com\/","name":"Pr\u00e1\u0161ky na narkotika","description":"M\u016fj blog WordPress","potentialAction":[{"@type":"SearchAction","target":{"@type":"EntryPoint","urlTemplate":"https:\/\/narcopowders.com\/?s={search_term_string}"},"query-input":{"@type":"PropertyValueSpecification","valueRequired":true,"valueName":"search_term_string"}}],"inLanguage":"cs"}]}},"_links":{"self":[{"href":"https:\/\/narcopowders.com\/cs\/wp-json\/wp\/v2\/product\/19548","targetHints":{"allow":["GET"]}}],"collection":[{"href":"https:\/\/narcopowders.com\/cs\/wp-json\/wp\/v2\/product"}],"about":[{"href":"https:\/\/narcopowders.com\/cs\/wp-json\/wp\/v2\/types\/product"}],"replies":[{"embeddable":true,"href":"https:\/\/narcopowders.com\/cs\/wp-json\/wp\/v2\/comments?post=19548"}],"wp:featuredmedia":[{"embeddable":true,"href":"https:\/\/narcopowders.com\/cs\/wp-json\/wp\/v2\/media\/19549"}],"wp:attachment":[{"href":"https:\/\/narcopowders.com\/cs\/wp-json\/wp\/v2\/media?parent=19548"}],"wp:term":[{"taxonomy":"product_brand","embeddable":true,"href":"https:\/\/narcopowders.com\/cs\/wp-json\/wp\/v2\/product_brand?post=19548"},{"taxonomy":"product_cat","embeddable":true,"href":"https:\/\/narcopowders.com\/cs\/wp-json\/wp\/v2\/product_cat?post=19548"},{"taxonomy":"product_tag","embeddable":true,"href":"https:\/\/narcopowders.com\/cs\/wp-json\/wp\/v2\/product_tag?post=19548"}],"curies":[{"name":"wp","href":"https:\/\/api.w.org\/{rel}","templated":true}]}}