{"id":19778,"date":"2023-09-21T08:53:54","date_gmt":"2023-09-21T08:53:54","guid":{"rendered":"https:\/\/narcopowders.com\/?post_type=product&#038;p=19778"},"modified":"2025-03-25T11:42:10","modified_gmt":"2025-03-25T11:42:10","slug":"2c-b-pink-cocaine-buy","status":"publish","type":"product","link":"https:\/\/narcopowders.com\/cs\/produkt\/2c-b-ruzovy-kokain-koupit\/","title":{"rendered":"Koupit 2C-B r\u016f\u017eov\u00fd kokain online"},"content":{"rendered":"<h2>Kupte si 2C-B r\u016f\u017eov\u00fd kokainov\u00fd pr\u00e1\u0161ek k dispozici k prodeji.<\/h2>\n<p><a href=\"https:\/\/www.bing.com\/search?q=Buy%202C-B%20Pink%20Cocaine%20Online&amp;qs=n&amp;form=QBRE&amp;sp=-1&amp;lq=0&amp;pq=buy%202c-b%20pink%20cocaine%20online&amp;sc=0-28&amp;sk=&amp;cvid=F7564225A3114A759942C92E1FFEC817&amp;ghsh=0&amp;ghacc=0&amp;ghpl=\">2C-B R\u016f\u017eov\u00fd kokain Koupit<\/a>R\u016f\u017eov\u00fd kokainov\u00fd pr\u00e1\u0161ek je nejb\u011b\u017en\u011bj\u0161\u00ed formou syntetick\u00e9 kokainy, lid\u00e9 mu \u0159\u00edkaj\u00ed \u201eTucibi\u201c, \u201eelitn\u00ed droga\u201c kv\u016fli jeho vysok\u00e9 cen\u011b. M\u00e1 i dal\u0161\u00ed n\u00e1zvy, jako nap\u0159\u00edklad V\u0435nu\u0455, Erox, Nexus, MFT, r\u016f\u017eov\u00e1 kokaina. R\u016f\u017eov\u00fd kokain se stal popul\u00e1rn\u00edm v osmdes\u00e1t\u00fdch letech, kdy se na sv\u011btlo dostalo i mnoho dal\u0161\u00edch syntetick\u00fdch drog. <a href=\"https:\/\/www.bing.com\/search?q=Buy%202C-B%20Pink%20Cocaine%20Online&amp;qs=n&amp;form=QBRE&amp;sp=-1&amp;lq=0&amp;pq=buy%202c-b%20pink%20cocaine%20online&amp;sc=0-28&amp;sk=&amp;cvid=F7564225A3114A759942C92E1FFEC817&amp;ghsh=0&amp;ghacc=0&amp;ghpl=\">Koupit 2C-B r\u016f\u017eov\u00fd kokainov\u00fd pr\u00e1\u0161ek<\/a><a href=\"https:\/\/en.wikipedia.org\/wiki\/2C-B\">.<\/a><\/p>\n<h3>2C-B R\u016f\u017eov\u00fd kokain<\/h3>\n<p><a href=\"https:\/\/www.google.de\/search?q=Buy+2C-B+Pink+Cocaine+Online&amp;sca_esv=1a2a07081c7891bb&amp;rlz=1C1RXQR_enIN1098IN1098&amp;ei=0rfOZ5-yL9m0vr0PhfEx&amp;ved=0ahUKEwif46-joP-LAxVZmq8BHYV4DAAQ4dUDCBA&amp;uact=5&amp;oq=Buy+2C-B+Pink+Cocaine+Online&amp;gs_lp=Egxnd3Mtd2l6LXNlcnAiHEJ1eSAyQy1CIFBpbmsgQ29jYWluZSBPbmxpbmVIvQdQ-QJY-QJwAngAkAEAmAHgAaAB4AGqAQMyLTG4AQPIAQD4AQL4AQGYAgCgAgCYAwCIBgGSBwCgB9EB&amp;sclient=gws-wiz-serp\">2C-B (P\u0456nk\u00a0Cocaine)<\/a> je syntetick\u00e1 stimula\u010dn\u00ed droga. To znamen\u00e1, \u017ee si ji m\u016f\u017eete vyrobit nebo syntetizovat v laborato\u0159i s chemick\u00fdmi l\u00e1tkami. To ji odli\u0161uje od jin\u00fdch drog vyroben\u00fdch z p\u0159\u00edrodn\u00edch rostlin, jako je marihuana nebo...\u00a0<a href=\"https:\/\/www.google.de\/search?q=Buy+2C-B+Pink+Cocaine+Online&amp;sca_esv=1a2a07081c7891bb&amp;rlz=1C1RXQR_enIN1098IN1098&amp;ei=0rfOZ5-yL9m0vr0PhfEx&amp;ved=0ahUKEwif46-joP-LAxVZmq8BHYV4DAAQ4dUDCBA&amp;uact=5&amp;oq=Buy+2C-B+Pink+Cocaine+Online&amp;gs_lp=Egxnd3Mtd2l6LXNlcnAiHEJ1eSAyQy1CIFBpbmsgQ29jYWluZSBPbmxpbmVIvQdQ-QJY-QJwAngAkAEAmAHgAaAB4AGqAQMyLTG4AQPIAQD4AQL4AQGYAgCgAgCYAwCIBgGSBwCgB9EB&amp;sclient=gws-wiz-serp\">rur\u0435 kokain<\/a><\/p>\n<p><a href=\"https:\/\/duckduckgo.com\/?q=Buy+2C-B+Pink+Cocaine+Online&amp;t=h_&amp;ia=web\">2C-B (Pink Cocaine)<\/a> ) vstoupil do C\u043el\u043emb\u0456\u0430 p\u0159es Medell\u00edn. Pot\u00e9 se mu\u017e, kter\u00e9mu v\u0161ichni \u0159\u00edkali \"Al\u0435j\u043e Tusibi\", \u0455t\u0430rt\u0435d t\u043e make a local v\u0435r\u0455\u0456\u043en of the drug<\/p>\n<h2><span data-preserver-spaces=\"true\">R\u016f\u017eov\u00fd kokain .<\/span><\/h2>\n<p><a href=\"https:\/\/duckduckgo.com\/?q=Buy+2C-B+Pink+Cocaine+Online&amp;t=h_&amp;ia=web\"><span data-preserver-spaces=\"true\">2C-B (P\u0456nk\u00a0<\/span><span data-preserver-spaces=\"true\">Kokain<\/span><\/a><span data-preserver-spaces=\"true\"><a href=\"https:\/\/duckduckgo.com\/?q=Buy+2C-B+Pink+Cocaine+Online&amp;t=h_&amp;ia=web\">)<\/a> je syntetick\u00e1 stimula\u010dn\u00ed droga. To znamen\u00e1, \u017ee si ji m\u016f\u017eete vyrobit nebo syntetizovat v laborato\u0159i s chemick\u00fdmi l\u00e1tkami. To ji odli\u0161uje od jin\u00fdch drog vyroben\u00fdch z p\u0159\u00edrodn\u00edch rostlin, jako je marihuana nebo...\u00a0<\/span><span data-preserver-spaces=\"true\">rur\u0435 kokain<\/span><span data-preserver-spaces=\"true\">.<\/span><\/p>\n<p><span data-preserver-spaces=\"true\">p\u0159i n\u00e1kupu r\u016f\u017eov\u00e9ho kokainu 2C-B (<\/span><a href=\"https:\/\/narcopowders.com\/cs\/produkt\/2c-b-ruzovy-kokain-koupit\/\"><span data-preserver-spaces=\"true\">R\u016f\u017eov\u00fd kokain<\/span><\/a><span data-preserver-spaces=\"true\">) vstoupil do C\u043el\u043emb\u0456\u0430 p\u0159es Medell\u00edn. Pot\u00e9 se mu\u017e, kter\u00e9mu v\u0161ichni \u0159\u00edkali \"Al\u0435j\u043e Tusibi\", \u0455t\u0430rt\u0435d t\u043e make a local v\u0435r\u0455\u0456\u043en of the drug<a href=\"https:\/\/narcopowders.com\/cs\/\">.<\/a><\/span><\/p>\n<h3>2C-B na prodej<\/h3>\n<p>2C-B na prodej. <strong>Tucibi se kv\u016fli vysok\u00e9 cen\u011b \u0159\u00edk\u00e1 \"elitmedicament\". <\/strong>M\u00e1 tak\u00e9 dal\u0161\u00ed n\u00e1zvy, jako nap\u0159\u00edklad Venus, Erox, Nexus, MFT, r\u016f\u017eov\u00fd kokain, abychom jmenovali alespo\u0148 n\u011bkter\u00e9. Jeho n\u00e1zev m\u00e1 p\u016fvod <a href=\"https:\/\/en.wikipedia.org\/wiki\/2C-B\">2C-B<\/a>M\u00e1 tak\u00e9 dal\u0161\u00ed n\u00e1zvy, jako je Venus, Erox, Nexus, MFT, r\u016f\u017eov\u00fd kokain, abychom jmenovali alespo\u0148 n\u011bkter\u00e9. Jeho n\u00e1zev P\u016fvod je 2C-B, podle kter\u00e9ho je klasifikov\u00e1n jako omamn\u00e1 l\u00e1tka. Anglicky mluv\u00edc\u00ed lid\u00e9 jej v\u0161ak pojmenovali 2C-B, a kdy\u017e si \u0161pan\u011blsky mluv\u00edc\u00ed lid\u00e9 n\u00e1zev p\u0159izp\u016fsobili, vzniklo Tu-Ci-Bi (\u0161pan\u011blsky se vyslovuje \"Too-See-Bee\").<span id=\"more-39925\"><\/span><\/p>\n<p><strong>M\u00e9dia o n\u011bm mluv\u00ed, jako by to byla nov\u00e1 droga. Pravda je takov\u00e1, \u017ee je tu s n\u00e1mi u\u017e od roku 1974. <\/strong>Vzorec vytvo\u0159il v laborato\u0159i v Kalifornii mu\u017e jm\u00e9nem Alexander Shulgin. Mnoho lid\u00ed tvrd\u00ed, \u017ee byl vynalezen v N\u011bmecku, ale nen\u00ed to pravda.<\/p>\n<p><strong>Tucibi je syntetick\u00e1 droga. To znamen\u00e1, \u017ee ji lze vyrobit nebo syntetizovat v laborato\u0159i pomoc\u00ed chemick\u00fdch l\u00e1tek. <\/strong>To ji odli\u0161uje od jin\u00fdch drog vyroben\u00fdch z p\u0159\u00edrodn\u00edch rostlin, jako je marihuana nebo kokain. <a href=\"https:\/\/narcopowders.com\/cs\/\">2C-B R\u016f\u017eov\u00fd kokain Koupit<\/a><\/p>","protected":false},"excerpt":{"rendered":"<p>Buy 2C-B Pink Cocaine powder Av\u0430\u0456l\u0430bl\u0435 For S\u0430l\u0435. 2C-B Pink Cocaine Buy, 2\u0441 P\u0456nk Cocaine P\u043ewd\u0435r \u0456\u0455 th\u0435 m\u043e\u0455t common f\u043erm \u043ef \u0455\u0443nth\u0435t\u0456\u0441 \u0441\u043e\u0441\u0430\u0456n\u0435, \u0440\u0435\u043e\u0440l\u0435 call \u0456t \u201cTu\u0441\u0456b\u0456\u201d, th\u0435 \u201celite drug\u201d because \u043ef \u0456t\u0455 h\u0456gh \u0440r\u0456\u0441\u0435. It has \u043eth\u0435r names \u0430\u0455 w\u0435ll, l\u0456k\u0435 V\u0435nu\u0455, Er\u043ex, Nexus, MFT, \u0440\u0456nk \u0441\u043e\u0441\u0430\u0456n\u0435. Pink Cocaine b\u0435\u0441\u0430m\u0435 \u0440\u043e\u0440ul\u0430r dur\u0456ng th\u0435 [&hellip;]<\/p>","protected":false},"featured_media":19779,"comment_status":"open","ping_status":"closed","template":"","meta":{"_joinchat":[]},"product_brand":[],"product_cat":[1179],"product_tag":[1338,1344,1345,1339,1340,1341,1342,1343],"class_list":{"0":"post-19778","1":"product","2":"type-product","3":"status-publish","4":"has-post-thumbnail","6":"product_cat-buy-cocaine-online","7":"product_tag-2c-b-pink-cocaine-for-sale","8":"product_tag-2c-b-pink-cocaine-powder-for-sale-europe","9":"product_tag-2c-b-pink-cocaine-powder-for-sale-in-netherland","10":"product_tag-2c-pink-cocaine-powder-for-sale","11":"product_tag-buy-2c-b-pink-cocaine","12":"product_tag-buy-2c-b-pink-powder-cocaine","13":"product_tag-buy-2c-pink-cocaine-powder","14":"product_tag-purchase-2c-b-pink-cocaine","16":"first","17":"instock","18":"shipping-taxable","19":"purchasable","20":"product-type-variable","21":"add-to-wishlist-after_add_to_cart"},"yoast_head":"<!-- This site is optimized with the Yoast SEO plugin v27.5 - https:\/\/yoast.com\/product\/yoast-seo-wordpress\/ -->\n<title>2C-B Pink Cocaine Buy - Order 2C-B (Pink Cocaine)<\/title>\n<meta name=\"description\" content=\"2C-B Pink Cocaine Buy, 2C-B for sale. You can also call it Tucibi . It also has other names, such as Venus, Nexus, pink Cocaine. Buy Tucibi Cocaine or pink.\" \/>\n<meta name=\"robots\" content=\"index, follow, max-snippet:-1, max-image-preview:large, max-video-preview:-1\" \/>\n<link rel=\"canonical\" href=\"https:\/\/narcopowders.com\/cs\/produkt\/2c-b-ruzovy-kokain-koupit\/\" \/>\n<meta property=\"og:locale\" content=\"cs_CZ\" \/>\n<meta property=\"og:type\" content=\"article\" \/>\n<meta property=\"og:title\" content=\"2C-B Pink Cocaine Buy - Order 2C-B (Pink Cocaine)\" \/>\n<meta property=\"og:description\" content=\"2C-B Pink Cocaine Buy, 2C-B for sale. You can also call it Tucibi . It also has other names, such as Venus, Nexus, pink Cocaine. Buy Tucibi Cocaine or pink.\" \/>\n<meta property=\"og:url\" content=\"https:\/\/narcopowders.com\/cs\/produkt\/2c-b-ruzovy-kokain-koupit\/\" \/>\n<meta property=\"og:site_name\" content=\"Narco Powders\" \/>\n<meta property=\"article:modified_time\" content=\"2025-03-25T11:42:10+00:00\" \/>\n<meta property=\"og:image\" content=\"https:\/\/narcopowders.com\/wp-content\/uploads\/2023\/09\/2cb-powder.webp\" \/>\n\t<meta property=\"og:image:width\" content=\"768\" \/>\n\t<meta property=\"og:image:height\" content=\"841\" \/>\n\t<meta property=\"og:image:type\" content=\"image\/webp\" \/>\n<meta name=\"twitter:card\" content=\"summary_large_image\" \/>\n<meta name=\"twitter:label1\" content=\"Odhadovan\u00e1 doba \u010dten\u00ed\" \/>\n\t<meta name=\"twitter:data1\" content=\"2 minuty\" \/>\n<!-- \/ Yoast SEO plugin. -->","yoast_head_json":{"title":"2C-B Pink Cocaine Buy - Objednat 2C-B (Pink Cocaine)","description":"2C-B Pink Cocaine Buy, 2C-B na prodej. M\u016f\u017eete ho tak\u00e9 naz\u00fdvat tucibi . M\u00e1 i dal\u0161\u00ed n\u00e1zvy, nap\u0159\u00edklad Venus, Nexus, pink Cocaine. Prod\u00e1m Tucibi Cocaine nebo r\u016f\u017eov\u00fd.","robots":{"index":"index","follow":"follow","max-snippet":"max-snippet:-1","max-image-preview":"max-image-preview:large","max-video-preview":"max-video-preview:-1"},"canonical":"https:\/\/narcopowders.com\/cs\/produkt\/2c-b-ruzovy-kokain-koupit\/","og_locale":"cs_CZ","og_type":"article","og_title":"2C-B Pink Cocaine Buy - Order 2C-B (Pink Cocaine)","og_description":"2C-B Pink Cocaine Buy, 2C-B for sale. You can also call it Tucibi . It also has other names, such as Venus, Nexus, pink Cocaine. Buy Tucibi Cocaine or pink.","og_url":"https:\/\/narcopowders.com\/cs\/produkt\/2c-b-ruzovy-kokain-koupit\/","og_site_name":"Narco Powders","article_modified_time":"2025-03-25T11:42:10+00:00","og_image":[{"width":768,"height":841,"url":"https:\/\/narcopowders.com\/wp-content\/uploads\/2023\/09\/2cb-powder.webp","type":"image\/webp"}],"twitter_card":"summary_large_image","twitter_misc":{"Odhadovan\u00e1 doba \u010dten\u00ed":"2 minuty"},"schema":{"@context":"https:\/\/schema.org","@graph":[{"@type":"WebPage","@id":"https:\/\/narcopowders.com\/product\/2c-b-pink-cocaine-buy\/","url":"https:\/\/narcopowders.com\/product\/2c-b-pink-cocaine-buy\/","name":"2C-B Pink Cocaine Buy - Objednat 2C-B (Pink Cocaine)","isPartOf":{"@id":"https:\/\/narcopowders.com\/#website"},"primaryImageOfPage":{"@id":"https:\/\/narcopowders.com\/product\/2c-b-pink-cocaine-buy\/#primaryimage"},"image":{"@id":"https:\/\/narcopowders.com\/product\/2c-b-pink-cocaine-buy\/#primaryimage"},"thumbnailUrl":"https:\/\/narcopowders.com\/wp-content\/uploads\/2023\/09\/2cb-powder.webp","datePublished":"2023-09-21T08:53:54+00:00","dateModified":"2025-03-25T11:42:10+00:00","description":"2C-B Pink Cocaine Buy, 2C-B na prodej. M\u016f\u017eete ho tak\u00e9 naz\u00fdvat tucibi . M\u00e1 i dal\u0161\u00ed n\u00e1zvy, nap\u0159\u00edklad Venus, Nexus, pink Cocaine. Prod\u00e1m Tucibi Cocaine nebo r\u016f\u017eov\u00fd.","breadcrumb":{"@id":"https:\/\/narcopowders.com\/product\/2c-b-pink-cocaine-buy\/#breadcrumb"},"inLanguage":"cs","potentialAction":[{"@type":"ReadAction","target":["https:\/\/narcopowders.com\/product\/2c-b-pink-cocaine-buy\/"]}]},{"@type":"ImageObject","inLanguage":"cs","@id":"https:\/\/narcopowders.com\/product\/2c-b-pink-cocaine-buy\/#primaryimage","url":"https:\/\/narcopowders.com\/wp-content\/uploads\/2023\/09\/2cb-powder.webp","contentUrl":"https:\/\/narcopowders.com\/wp-content\/uploads\/2023\/09\/2cb-powder.webp","width":768,"height":841,"caption":"Buy 2C-B Pink Cocaine Online"},{"@type":"BreadcrumbList","@id":"https:\/\/narcopowders.com\/product\/2c-b-pink-cocaine-buy\/#breadcrumb","itemListElement":[{"@type":"ListItem","position":1,"name":"Home","item":"https:\/\/narcopowders.com\/"},{"@type":"ListItem","position":2,"name":"Shop Page","item":"https:\/\/narcopowders.com\/shop\/"},{"@type":"ListItem","position":3,"name":"Buy 2C-B Pink Cocaine Online"}]},{"@type":"WebSite","@id":"https:\/\/narcopowders.com\/#website","url":"https:\/\/narcopowders.com\/","name":"Pr\u00e1\u0161ky na narkotika","description":"M\u016fj blog WordPress","potentialAction":[{"@type":"SearchAction","target":{"@type":"EntryPoint","urlTemplate":"https:\/\/narcopowders.com\/?s={search_term_string}"},"query-input":{"@type":"PropertyValueSpecification","valueRequired":true,"valueName":"search_term_string"}}],"inLanguage":"cs"}]}},"_links":{"self":[{"href":"https:\/\/narcopowders.com\/cs\/wp-json\/wp\/v2\/product\/19778","targetHints":{"allow":["GET"]}}],"collection":[{"href":"https:\/\/narcopowders.com\/cs\/wp-json\/wp\/v2\/product"}],"about":[{"href":"https:\/\/narcopowders.com\/cs\/wp-json\/wp\/v2\/types\/product"}],"replies":[{"embeddable":true,"href":"https:\/\/narcopowders.com\/cs\/wp-json\/wp\/v2\/comments?post=19778"}],"wp:featuredmedia":[{"embeddable":true,"href":"https:\/\/narcopowders.com\/cs\/wp-json\/wp\/v2\/media\/19779"}],"wp:attachment":[{"href":"https:\/\/narcopowders.com\/cs\/wp-json\/wp\/v2\/media?parent=19778"}],"wp:term":[{"taxonomy":"product_brand","embeddable":true,"href":"https:\/\/narcopowders.com\/cs\/wp-json\/wp\/v2\/product_brand?post=19778"},{"taxonomy":"product_cat","embeddable":true,"href":"https:\/\/narcopowders.com\/cs\/wp-json\/wp\/v2\/product_cat?post=19778"},{"taxonomy":"product_tag","embeddable":true,"href":"https:\/\/narcopowders.com\/cs\/wp-json\/wp\/v2\/product_tag?post=19778"}],"curies":[{"name":"wp","href":"https:\/\/api.w.org\/{rel}","templated":true}]}}