{"id":20462,"date":"2024-05-23T06:14:04","date_gmt":"2024-05-23T06:14:04","guid":{"rendered":"https:\/\/narcopowders.com\/?post_type=product&#038;p=20462"},"modified":"2025-03-26T07:25:04","modified_gmt":"2025-03-26T07:25:04","slug":"buy-4f-bca","status":"publish","type":"product","link":"https:\/\/narcopowders.com\/cs\/produkt\/koupit-4f-bca\/","title":{"rendered":"Koupit 4F-BCA online"},"content":{"rendered":"<h2>N\u00e1kup 4F-BCA online na NarcoPowder za dostupn\u00e9 ceny!<\/h2>\n<p><a href=\"https:\/\/narcopowders.com\/cs\/produkt\/koupit-4f-bca\/\">Koupit 4F-BCA<\/a>Term\u00edn 4F-BCA ozna\u010duje 4-fluoro-BCA, kter\u00fd je dostupn\u00fd v tekut\u00e9 a pevn\u00e9 form\u011b. D\u0159\u00edve se pou\u017e\u00edval jako stimulant a pat\u0159il do t\u0159\u00eddy <a href=\"https:\/\/narcopowders.com\/cs\/\">cannabinoid indazoles<\/a>Je sou\u010d\u00e1st\u00ed sm\u011bsi bylinn\u00fdch rostlin, kter\u00e9 jsou nab\u00edzeny k prodeji online jako zna\u010dkov\u00e9 drogy. Proces jeho p\u0159\u00edpravy nemus\u00ed b\u00fdt p\u0159esn\u00fd a p\u0159\u00edmo\u010dar\u00fd.<\/p>\n<p>Je to siln\u00fd <a href=\"https:\/\/en.wikipedia.org\/wiki\/4F-MDMB-BINACA\">v\u00fdzkumn\u00e1 chemik\u00e1lie<\/a> kter\u00fd se nedoporu\u010duje k lidsk\u00e9 spot\u0159eb\u011b. <a href=\"https:\/\/www.bing.com\/search?q=Buy%204F-BCA%20Online&amp;qs=n&amp;form=QBRE&amp;sp=-1&amp;lq=0&amp;pq=buy%204f-bca%20online&amp;sc=9-17&amp;sk=&amp;cvid=DBD53E1596B54DBDB3ADE646F740F343&amp;ghsh=0&amp;ghacc=0&amp;ghpl=\">4F-BCA<\/a> Zd\u00e1 se, \u017ee m\u00e1 \u00fa\u010dinky srovnateln\u00e9 s \u00fa\u010dinky jin\u00fdch kanabinoid\u016f. Chemici a v\u00fdzkumn\u00edci si mohou 4F-BCA zakoupit na <a href=\"https:\/\/duckduckgo.com\/?q=Buy+4F-BCA+Online&amp;t=h_&amp;ia=web\">NarcoPowder<\/a> pro pou\u017eit\u00ed v testov\u00e1n\u00ed, v\u00fdzkumu a forenzn\u00edch aplikac\u00edch.<\/p>\n<h3>Obecn\u00e1 farmakologie 4F-BCA<\/h3>\n<p>4F-BCA pat\u0159\u00ed do skupiny molekul konop\u00ed. 4F-ADB j\u00edm m\u011bl b\u00fdt nahrazen. \u00da\u010dinky 4F-BCA jsou podobn\u00e9 \u00fa\u010dink\u016fm 5F-ADB a 4F-ADB. Je inzerov\u00e1na jako nov\u00e1 v\u00fdzkumn\u00e1 slou\u010denina ur\u010den\u00e1 v\u00fdhradn\u011b pro v\u00fdzkum v oblasti konopn\u00fdch drog. Je dobrou n\u00e1hradou za 4F-ADB i 5F-ADB. Zakupte si <a href=\"https:\/\/www.bing.com\/search?q=Buy%204F-BCA%20Online&amp;qs=n&amp;form=QBRE&amp;sp=-1&amp;lq=0&amp;pq=buy%204f-bca%20online&amp;sc=9-17&amp;sk=&amp;cvid=DBD53E1596B54DBDB3ADE646F740F343&amp;ghsh=0&amp;ghacc=0&amp;ghpl=\">4F-BCA<\/a> u n\u00e1s dnes online za zv\u00fdhodn\u011bnou cenu!<\/p>\n<p>4F-BCA lze konzumovat nebo kou\u0159it, proto\u017ee se dod\u00e1v\u00e1 v tekut\u00e9 i pevn\u00e9 form\u011b.<\/p>\n<p>La <a href=\"https:\/\/www.google.com\/search?q=Buy+4F-BCA+Online&amp;sca_esv=2a2a93e8be91f013&amp;sxsrf=AHTn8zqzaehfD_tD-MQTXjuTUgHWTKl5mQ%3A1742973503660&amp;ei=P6rjZ7_zJ62gseMP2a3NuQI&amp;ved=0ahUKEwj_jqekmqeMAxUtUGwGHdlWMycQ4dUDCA8&amp;uact=5&amp;oq=Buy+4F-BCA+Online&amp;gs_lp=Egxnd3Mtd2l6LXNlcnAiEUJ1eSA0Ri1CQ0EgT25saW5lMgUQABjvBTIIEAAYogQYiQUyCBAAGIAEGKIEMggQABiABBiiBEjNBlChAlihAnABeACQAQCYAdoBoAHaAaoBAzItMbgBA8gBAPgBAfgBApgCAqAC_QGoAhDCAgcQIxgnGOoCwgINEC4Y0QMYxwEYJxjqAsICFBAAGIAEGJECGLQCGIoFGOoC2AEBmAMZ8QUqGGdK6G0bSboGBggBEAEYAZIHBTEuMC4xoAeIArIHAzItMbgH5AE&amp;sclient=gws-wiz-serp\">chemick\u00fd vzorec pro 4F-BCA<\/a> je C23H22FN3O. V popisu se uv\u00e1d\u00ed, \u017ee se jedn\u00e1 o \u017elutou pr\u00e1\u0161kovou v\u00fdzkumnou slou\u010deninu. Skladujte ji del\u0161\u00ed dobu na chladn\u00e9m a such\u00e9m m\u00edst\u011b.<\/p>\n<p><strong>Zp\u016fsob vyu\u017eit\u00ed<\/strong><\/p>\n<p>Regarding the <a href=\"https:\/\/www.google.com\/search?q=Buy+4F-BCA+Online&amp;sca_esv=2a2a93e8be91f013&amp;sxsrf=AHTn8zqzaehfD_tD-MQTXjuTUgHWTKl5mQ%3A1742973503660&amp;ei=P6rjZ7_zJ62gseMP2a3NuQI&amp;ved=0ahUKEwj_jqekmqeMAxUtUGwGHdlWMycQ4dUDCA8&amp;uact=5&amp;oq=Buy+4F-BCA+Online&amp;gs_lp=Egxnd3Mtd2l6LXNlcnAiEUJ1eSA0Ri1CQ0EgT25saW5lMgUQABjvBTIIEAAYogQYiQUyCBAAGIAEGKIEMggQABiABBiiBEjNBlChAlihAnABeACQAQCYAdoBoAHaAaoBAzItMbgBA8gBAPgBAfgBApgCAqAC_QGoAhDCAgcQIxgnGOoCwgINEC4Y0QMYxwEYJxjqAsICFBAAGIAEGJECGLQCGIoFGOoC2AEBmAMZ8QUqGGdK6G0bSboGBggBEAEYAZIHBTEuMC4xoAeIArIHAzItMbgH5AE&amp;sclient=gws-wiz-serp\">specific application of 4F-BCA<\/a>Pokud jde o konkr\u00e9tn\u00ed pou\u017eit\u00ed 4F-BCA, neexistuj\u00ed \u017e\u00e1dn\u00e9 d\u016fkazy. Tyto l\u00e9ky u\u017e\u00edvaj\u00ed bezdomovci a dal\u0161\u00ed lid\u00e9, kte\u0159\u00ed jsou velmi \u00fazkostn\u00ed. I kdy\u017e je lze u\u017e\u00edvat peror\u00e1ln\u011b, prim\u00e1rn\u00edm zp\u016fsobem konzumace je kou\u0159en\u00ed. P\u0159esn\u00e9 mno\u017estv\u00ed a po\u010det l\u00e9k\u016f - kter\u00e9 jsou p\u0159edm\u011btem diskuse - jsou v\u00fdznamn\u011bj\u0161\u00ed ne\u017e technika.<\/p>\n<p>V\u011bt\u0161ina lid\u00ed netu\u0161\u00ed, jakou konkr\u00e9tn\u00ed drogu nebo jej\u00ed mno\u017estv\u00ed po\u017e\u00edv\u00e1. Z l\u00e9ka\u0159sk\u00fdch pr\u016fzkum\u016f vypl\u00fdv\u00e1, \u017ee pro tyto drogy, jako je kup\u0159\u00edkladu 4F-BCA, neexistuje \u017e\u00e1dn\u00e9 komer\u010dn\u00ed, pr\u016fmyslov\u00e9 ani terapeutick\u00e9 vyu\u017eit\u00ed.<\/p>\n<p>Z\u00edskejte 4F-BCA hned te\u010f na <a href=\"https:\/\/duckduckgo.com\/?q=Buy+4F-BCA+Online&amp;t=h_&amp;ia=web\">Narcopowders.com<\/a>!<\/p>","protected":false},"excerpt":{"rendered":"<p>Purchase 4F-BCA Online at NarcoPowder for Affordable Prices! Buy 4F-BCA, The term 4F-BCA refers to 4-fluoro-BCA, which is available in liquid and solid forms. It was formerly employed as a stimulant and belonged to the class of cannabinoid indazoles. It&#8217;s part of a blend of herbal plants that are offered for sale online as designer [&hellip;]<\/p>","protected":false},"featured_media":21304,"comment_status":"open","ping_status":"closed","template":"","meta":{"_joinchat":[]},"product_brand":[],"product_cat":[1724,1538],"product_tag":[1725,1726,1727,1728,1729,1730,1731,1732,1733,1734,1735],"class_list":{"0":"post-20462","1":"product","2":"type-product","3":"status-publish","4":"has-post-thumbnail","6":"product_cat-research-chemicals","7":"product_cat-cannabinoids","8":"product_tag-4f-adb-psychonaut","9":"product_tag-4f-bca-reddit","10":"product_tag-4f-mdmb-2201","11":"product_tag-4f-mdmb-binaca-effects","12":"product_tag-4f-mdmb-binaca-reddit","13":"product_tag-4f-mdmb-pinaca","14":"product_tag-4fbca-effects","15":"product_tag-4fbca-reddit","16":"product_tag-5cl-adb-a","17":"product_tag-cannabinoid-sales","18":"product_tag-what-is-4f-mdmb-binaca-description-additional-information-what-is-4f-mdmb-binaca-description","20":"first","21":"instock","22":"shipping-taxable","23":"purchasable","24":"product-type-variable","25":"add-to-wishlist-after_add_to_cart"},"yoast_head":"<!-- This site is optimized with the Yoast SEO plugin v25.9 - https:\/\/yoast.com\/wordpress\/plugins\/seo\/ -->\n<title>Buy 4F-BCA Online - 4F-BCA for Sale | Narcopowders<\/title>\n<meta name=\"description\" content=\"Explore our online store for 4f-bca for sale, offering high-quality 4f-bca powder. Buy 4f-bca online securely and embark on your research journey with confidence.\" \/>\n<meta name=\"robots\" content=\"index, follow, max-snippet:-1, max-image-preview:large, max-video-preview:-1\" \/>\n<link rel=\"canonical\" href=\"https:\/\/narcopowders.com\/cs\/produkt\/koupit-4f-bca\/\" \/>\n<meta property=\"og:locale\" content=\"cs_CZ\" \/>\n<meta property=\"og:type\" content=\"article\" \/>\n<meta property=\"og:title\" content=\"Buy 4F-BCA Online - 4F-BCA for Sale | Narcopowders\" \/>\n<meta property=\"og:description\" content=\"Explore our online store for 4f-bca for sale, offering high-quality 4f-bca powder. Buy 4f-bca online securely and embark on your research journey with confidence.\" \/>\n<meta property=\"og:url\" content=\"https:\/\/narcopowders.com\/cs\/produkt\/koupit-4f-bca\/\" \/>\n<meta property=\"og:site_name\" content=\"Narco Powders\" \/>\n<meta property=\"article:modified_time\" content=\"2025-03-26T07:25:04+00:00\" \/>\n<meta property=\"og:image\" content=\"https:\/\/narcopowders.com\/wp-content\/uploads\/2024\/05\/4f-bca.gif\" \/>\n\t<meta property=\"og:image:width\" content=\"600\" \/>\n\t<meta property=\"og:image:height\" content=\"600\" \/>\n\t<meta property=\"og:image:type\" content=\"image\/gif\" \/>\n<meta name=\"twitter:card\" content=\"summary_large_image\" \/>\n<meta name=\"twitter:label1\" content=\"Odhadovan\u00e1 doba \u010dten\u00ed\" \/>\n\t<meta name=\"twitter:data1\" content=\"2 minuty\" \/>\n<!-- \/ Yoast SEO plugin. -->","yoast_head_json":{"title":"Koupit 4F-BCA online - 4F-BCA na prodej | Narcopowders","description":"Prozkoumejte n\u00e1\u0161 internetov\u00fd obchod pro 4f-bca na prodej, kter\u00fd nab\u00edz\u00ed vysoce kvalitn\u00ed pr\u00e1\u0161ek 4f-bca. Kupte si 4f-bca bezpe\u010dn\u011b online a vydejte se na cestu v\u00fdzkumu s d\u016fv\u011brou.","robots":{"index":"index","follow":"follow","max-snippet":"max-snippet:-1","max-image-preview":"max-image-preview:large","max-video-preview":"max-video-preview:-1"},"canonical":"https:\/\/narcopowders.com\/cs\/produkt\/koupit-4f-bca\/","og_locale":"cs_CZ","og_type":"article","og_title":"Buy 4F-BCA Online - 4F-BCA for Sale | Narcopowders","og_description":"Explore our online store for 4f-bca for sale, offering high-quality 4f-bca powder. Buy 4f-bca online securely and embark on your research journey with confidence.","og_url":"https:\/\/narcopowders.com\/cs\/produkt\/koupit-4f-bca\/","og_site_name":"Narco Powders","article_modified_time":"2025-03-26T07:25:04+00:00","og_image":[{"width":600,"height":600,"url":"https:\/\/narcopowders.com\/wp-content\/uploads\/2024\/05\/4f-bca.gif","type":"image\/gif"}],"twitter_card":"summary_large_image","twitter_misc":{"Odhadovan\u00e1 doba \u010dten\u00ed":"2 minuty"},"schema":{"@context":"https:\/\/schema.org","@graph":[{"@type":"WebPage","@id":"https:\/\/narcopowders.com\/product\/buy-4f-bca\/","url":"https:\/\/narcopowders.com\/product\/buy-4f-bca\/","name":"Koupit 4F-BCA online - 4F-BCA na prodej | Narcopowders","isPartOf":{"@id":"https:\/\/narcopowders.com\/#website"},"primaryImageOfPage":{"@id":"https:\/\/narcopowders.com\/product\/buy-4f-bca\/#primaryimage"},"image":{"@id":"https:\/\/narcopowders.com\/product\/buy-4f-bca\/#primaryimage"},"thumbnailUrl":"https:\/\/narcopowders.com\/wp-content\/uploads\/2024\/05\/4f-bca.gif","datePublished":"2024-05-23T06:14:04+00:00","dateModified":"2025-03-26T07:25:04+00:00","description":"Prozkoumejte n\u00e1\u0161 internetov\u00fd obchod pro 4f-bca na prodej, kter\u00fd nab\u00edz\u00ed vysoce kvalitn\u00ed pr\u00e1\u0161ek 4f-bca. Kupte si 4f-bca bezpe\u010dn\u011b online a vydejte se na cestu v\u00fdzkumu s d\u016fv\u011brou.","breadcrumb":{"@id":"https:\/\/narcopowders.com\/product\/buy-4f-bca\/#breadcrumb"},"inLanguage":"cs","potentialAction":[{"@type":"ReadAction","target":["https:\/\/narcopowders.com\/product\/buy-4f-bca\/"]}]},{"@type":"ImageObject","inLanguage":"cs","@id":"https:\/\/narcopowders.com\/product\/buy-4f-bca\/#primaryimage","url":"https:\/\/narcopowders.com\/wp-content\/uploads\/2024\/05\/4f-bca.gif","contentUrl":"https:\/\/narcopowders.com\/wp-content\/uploads\/2024\/05\/4f-bca.gif","width":600,"height":600,"caption":"Buy 4F-BCA Online"},{"@type":"BreadcrumbList","@id":"https:\/\/narcopowders.com\/product\/buy-4f-bca\/#breadcrumb","itemListElement":[{"@type":"ListItem","position":1,"name":"Home","item":"https:\/\/narcopowders.com\/"},{"@type":"ListItem","position":2,"name":"Shop Page","item":"https:\/\/narcopowders.com\/shop\/"},{"@type":"ListItem","position":3,"name":"Buy 4F-BCA Online"}]},{"@type":"WebSite","@id":"https:\/\/narcopowders.com\/#website","url":"https:\/\/narcopowders.com\/","name":"Pr\u00e1\u0161ky na narkotika","description":"M\u016fj blog WordPress","potentialAction":[{"@type":"SearchAction","target":{"@type":"EntryPoint","urlTemplate":"https:\/\/narcopowders.com\/?s={search_term_string}"},"query-input":{"@type":"PropertyValueSpecification","valueRequired":true,"valueName":"search_term_string"}}],"inLanguage":"cs"}]}},"_links":{"self":[{"href":"https:\/\/narcopowders.com\/cs\/wp-json\/wp\/v2\/product\/20462","targetHints":{"allow":["GET"]}}],"collection":[{"href":"https:\/\/narcopowders.com\/cs\/wp-json\/wp\/v2\/product"}],"about":[{"href":"https:\/\/narcopowders.com\/cs\/wp-json\/wp\/v2\/types\/product"}],"replies":[{"embeddable":true,"href":"https:\/\/narcopowders.com\/cs\/wp-json\/wp\/v2\/comments?post=20462"}],"wp:featuredmedia":[{"embeddable":true,"href":"https:\/\/narcopowders.com\/cs\/wp-json\/wp\/v2\/media\/21304"}],"wp:attachment":[{"href":"https:\/\/narcopowders.com\/cs\/wp-json\/wp\/v2\/media?parent=20462"}],"wp:term":[{"taxonomy":"product_brand","embeddable":true,"href":"https:\/\/narcopowders.com\/cs\/wp-json\/wp\/v2\/product_brand?post=20462"},{"taxonomy":"product_cat","embeddable":true,"href":"https:\/\/narcopowders.com\/cs\/wp-json\/wp\/v2\/product_cat?post=20462"},{"taxonomy":"product_tag","embeddable":true,"href":"https:\/\/narcopowders.com\/cs\/wp-json\/wp\/v2\/product_tag?post=20462"}],"curies":[{"name":"wp","href":"https:\/\/api.w.org\/{rel}","templated":true}]}}