{"id":20481,"date":"2024-05-23T06:14:06","date_gmt":"2024-05-23T06:14:06","guid":{"rendered":"https:\/\/narcopowders.com\/?post_type=product&#038;p=20481"},"modified":"2025-03-26T07:53:12","modified_gmt":"2025-03-26T07:53:12","slug":"buy-5f-mdp-online","status":"publish","type":"product","link":"https:\/\/narcopowders.com\/cs\/produkt\/5f-mdp\/","title":{"rendered":"Koupit 5F-MDP online"},"content":{"rendered":"<h2>Koupit 5F-MDP online<\/h2>\n<p><a href=\"https:\/\/narcopowders.com\/cs\/produkt\/5f-mdp\/\">Buy 5F-MDP<\/a>, Syntetick\u00fd indazol 5F-MDP je \u00fazce p\u0159\u00edbuzn\u00fd 5f-mdmb-2201. Jedn\u00e1 se o syntetickou formu indazol-3-karboxamidu, kter\u00e1 je \u0161iroce pou\u017e\u00edv\u00e1na. Jedn\u00e1 se o vysoce \u00fa\u010dinn\u00e9 agonisty CB1. Nen\u00ed uzn\u00e1n jako uznan\u00e1 l\u00e1tka v \u017e\u00e1dn\u00e9 \u010d\u00e1sti zem\u011b nebo jurisdikce. P\u0159edpokl\u00e1d\u00e1 se, \u017ee se jedn\u00e1 o analogy 5F nebo p\u0159\u00edbuzn\u00e9 slou\u010deniny. Proto\u017ee se prod\u00e1v\u00e1 jako v\u00fdzkumn\u00e1 chemick\u00e1 l\u00e1tka, nen\u00ed vhodn\u00e1 pro lidskou spot\u0159ebu ani pro zv\u00ed\u0159ata. Mohou je pou\u017e\u00edvat pouze kvalifikovan\u00ed forenzn\u00ed nebo laboratorn\u00ed odborn\u00edci. <a href=\"https:\/\/narcopowders.com\/cs\/\">purchase 5F-MDP online<\/a> at a reasonable price from <a href=\"https:\/\/en.wikipedia.org\/wiki\/5F-MDMB-PICA\">NarcoPowders<\/a> .<\/p>\n<h3>Minulost 5F-MDP<\/h3>\n<p>Krystaly 5F-MDP jsou tak\u00e9 zn\u00e1m\u00e9 jako <a href=\"https:\/\/www.bing.com\/search?q=Buy%205F-MDP%20online&amp;qs=n&amp;form=QBRE&amp;sp=-1&amp;lq=0&amp;pq=buy%205f-mdp%20online&amp;sc=9-17&amp;sk=&amp;cvid=6901E34219794B65A3244E12C26E5706&amp;ghsh=0&amp;ghacc=0&amp;ghpl=\">5F-AMB-PICA<\/a>, 5F-MMB-PICA a I-AMB. Tento um\u011bl\u00fd kanabinoid je odvozen od indol-3-karboxamidu. Prod\u00e1v\u00e1 se jako designov\u00e1 droga a je pova\u017eov\u00e1n za \u00fa\u010dinnou slo\u017eku syntetick\u00fdch sm\u011bs\u00ed konop\u00ed. V lednu 2014 byl nasazen v B\u011blorusku a Rusku. Analogem je indolov\u00e9 j\u00e1dro 5F-AMB. Bylo zji\u0161t\u011bno, \u017ee nov\u011bj\u0161\u00ed syntetick\u00e9 kanabinoidn\u00ed slou\u010deniny s indol-3-karboxamidov\u00fdm nebo indazol-3-karboxamidov\u00fdm j\u00e1drem, v\u010detn\u011b N-1-methoxykarbonylov\u00e9 skupiny s p\u0159ipojen\u00fdm izopropylov\u00fdm nebo t-butylov\u00fdm substituentem, jsou m\u00e9n\u011b nebezpe\u010dn\u00e9 ne\u017e star\u0161\u00ed syntetick\u00e9 konopn\u00e9 slou\u010deniny<\/p>\n<h3>Pro\u010d jsme nejlep\u0161\u00edm m\u00edstem pro n\u00e1kup 5F-MDP?<\/h3>\n<p>Pokud chcete <a href=\"https:\/\/www.bing.com\/search?q=Buy%205F-MDP%20online&amp;qs=n&amp;form=QBRE&amp;sp=-1&amp;lq=0&amp;pq=buy%205f-mdp%20online&amp;sc=9-17&amp;sk=&amp;cvid=6901E34219794B65A3244E12C26E5706&amp;ghsh=0&amp;ghacc=0&amp;ghpl=\">koupit 5F-MDP online<\/a> Ani\u017e byste museli n\u011bkomu ukazovat sv\u016fj recept, jste na spr\u00e1vn\u00e9m m\u00edst\u011b. Dod\u00e1v\u00e1me \u0161irok\u00fd sortiment chemik\u00e1li\u00ed za konkurenceschopn\u00e9 ceny.<\/p>\n<p>Na\u0161\u00edm c\u00edlem je nab\u00eddnout nejlep\u0161\u00ed mo\u017enou slu\u017ebu doru\u010den\u00ed pr\u00e9miov\u00e9ho zbo\u017e\u00ed v co nejkrat\u0161\u00edm \u010dase.<\/p>\n<p>S mol\u00e1rn\u00ed hmotnost\u00ed 376,5 g mol -1 m\u00e1 n\u00e1\u0161 internetov\u00fd obchod hn\u011bdou nebo \u017elutou barvu. Molekul\u00e1rn\u00ed vzorec molekuly je C21H29FN203 a jej\u00ed \u010distota je v\u00edce ne\u017e 99,7%. Tuto chemickou l\u00e1tku lze dopravit i do nejvzd\u00e1len\u011bj\u0161\u00edch kout\u016f Zem\u011b. Rovn\u011b\u017e slibujeme, \u017ee v\u00fdrobky budou dod\u00e1ny v perfektn\u00edm stavu.<\/p>\n<p>Contact our online store to buy 5F-MDP. We will securely pack your entire order and deliver it to you. <a href=\"https:\/\/duckduckgo.com\/?q=Buy+5F-MDP+online&amp;t=h_&amp;ia=web\">Get 5F-MDP now<\/a>!<\/p>\n<h3>Objednejte si 5F-MDP od Buy Nembutal je\u0161t\u011b dnes!<\/h3>\n<p>5F-MDMB-2201 for sale is a powerful <a href=\"https:\/\/www.google.com\/search?q=Buy+5F-MDP+online&amp;sca_esv=2a2a93e8be91f013&amp;sxsrf=AHTn8zrFZUv2vyzplVAmMnvJTgMv8Ix2Ag%3A1742975117935&amp;ei=jbDjZ8DhOI-hseMPieTPsQU&amp;ved=0ahUKEwiA3IamoKeMAxWPUGwGHQnyM1YQ4dUDCA8&amp;uact=5&amp;oq=Buy+5F-MDP+online&amp;gs_lp=Egxnd3Mtd2l6LXNlcnAiEUJ1eSA1Ri1NRFAgb25saW5lMgQQIxgnMgUQABjvBUjzBlDCAVjCAXABeACQAQCYAfoBoAH6AaoBAzItMbgBA8gBAPgBAfgBApgCAqACqAKoAhTCAgcQIxgnGOoCwgIUEAAYgAQYkQIYtAIYigUY6gLYAQHCAhQQABiABBjjBBi0AhjpBBjqAtgBAcICEBAAGAMYtAIY6gIYjwHYAQHCAhAQLhgDGLQCGOoCGI8B2AEBmAMk8QU8T4IcLrT-_boGBggBEAEYAZIHBTEuMC4xoAfXArIHAzItMbgHhAI&amp;sclient=gws-wiz-serp\">v\u00fdzkumn\u00e1 chemik\u00e1lie<\/a> ...kter\u00e1 se st\u00e1v\u00e1 st\u00e1le popul\u00e1rn\u011bj\u0161\u00ed mezi v\u011bdci, v\u00fdzkumn\u00edky a amat\u00e9ry. Tato slou\u010denina je zn\u00e1m\u00e1 pro sv\u00e9 r\u016fzn\u00e9 l\u00e9ka\u0159sk\u00e9 v\u00fdhody a byla tak\u00e9 identifikov\u00e1na jako potenci\u00e1ln\u00ed kandid\u00e1t na l\u00e9\u010divo. <a href=\"https:\/\/duckduckgo.com\/?q=Buy+5F-MDP+online&amp;t=h_&amp;ia=web\">NarcoPowders<\/a>, m\u016f\u017eete si snadno koupit 5F-MDMB-2201 online za dostupn\u00e9 ceny.<\/p>\n<h3>V\u00fdhody a pou\u017eit\u00ed 5F-MDP.<\/h3>\n<p><a href=\"https:\/\/www.google.com\/search?q=Buy+5F-MDP+online&amp;sca_esv=2a2a93e8be91f013&amp;sxsrf=AHTn8zrFZUv2vyzplVAmMnvJTgMv8Ix2Ag%3A1742975117935&amp;ei=jbDjZ8DhOI-hseMPieTPsQU&amp;ved=0ahUKEwiA3IamoKeMAxWPUGwGHQnyM1YQ4dUDCA8&amp;uact=5&amp;oq=Buy+5F-MDP+online&amp;gs_lp=Egxnd3Mtd2l6LXNlcnAiEUJ1eSA1Ri1NRFAgb25saW5lMgQQIxgnMgUQABjvBUjzBlDCAVjCAXABeACQAQCYAfoBoAH6AaoBAzItMbgBA8gBAPgBAfgBApgCAqACqAKoAhTCAgcQIxgnGOoCwgIUEAAYgAQYkQIYtAIYigUY6gLYAQHCAhQQABiABBjjBBi0AhjpBBjqAtgBAcICEBAAGAMYtAIY6gIYjwHYAQHCAhAQLhgDGLQCGOoCGI8B2AEBmAMk8QU8T4IcLrT-_boGBggBEAEYAZIHBTEuMC4xoAfXArIHAzItMbgHhAI&amp;sclient=gws-wiz-serp\">5f Mdmb 2201<\/a> je syntetick\u00fd kanabinoid, o kter\u00e9m se p\u0159edpokl\u00e1d\u00e1, \u017ee m\u00e1 mnoho stejn\u00fdch l\u00e9\u010div\u00fdch \u00fa\u010dink\u016f jako THC. Tato slou\u010denina je v sou\u010dasn\u00e9 dob\u011b zkoum\u00e1na pro svou potenci\u00e1ln\u00ed terapeutickou hodnotu u r\u016fzn\u00fdch onemocn\u011bn\u00ed. U n\u011bkter\u00fdch stav\u016f 5F MDMB 2201 online bylo prok\u00e1z\u00e1no, \u017ee je \u00fa\u010dinn\u00fd proti epilepsii a \u00fazkosti. Krom\u011b toho se uk\u00e1zalo, \u017ee 5f MDmb 2201 je \u00fa\u010dinn\u00fd proti Alzheimerov\u011b chorob\u011b a dal\u0161\u00edm form\u00e1m demence. P\u0159esto\u017ee st\u00e1le existuj\u00ed ur\u010dit\u00e9 nejasnosti ohledn\u011b cel\u00e9ho spektra terapeutick\u00fdch \u00fa\u010dink\u016f 5f Mdmb 2201, existuje velk\u00fd potenci\u00e1l pro to, aby se tato slou\u010denina v budoucnu stala v\u00fdznamn\u00fdm hr\u00e1\u010dem v l\u00e9\u010db\u011b.<\/p>","protected":false},"excerpt":{"rendered":"<p>Buy 5F-MDP online Buy 5F-MDP, The synthetic indazole 5F-MDP is closely related to 5f-mdmb-2201. It is a synthetic form of indazole-3-carboxamide that is widely used. They are highly potent CB1 agonists. It is not recognized as a recognized substance in any part of the country or jurisdiction. These are believed to be analogues of 5F [&hellip;]<\/p>","protected":false},"featured_media":21302,"comment_status":"open","ping_status":"closed","template":"","meta":{"_joinchat":[]},"product_brand":[],"product_cat":[1724,1538],"product_tag":[],"class_list":{"0":"post-20481","1":"product","2":"type-product","3":"status-publish","4":"has-post-thumbnail","6":"product_cat-research-chemicals","7":"product_cat-cannabinoids","9":"first","10":"instock","11":"shipping-taxable","12":"purchasable","13":"product-type-variable","14":"add-to-wishlist-after_add_to_cart"},"yoast_head":"<!-- This site is optimized with the Yoast SEO plugin v25.9 - https:\/\/yoast.com\/wordpress\/plugins\/seo\/ -->\n<title>Buy 5F-MDP Online - 5F-MDP for Sale | NarcoPowders<\/title>\n<meta name=\"description\" content=\"Discover top-notch 5f-mdp for sale at our online store - buy 5f-mdp powder conveniently and securely to fuel your research. Explore and buy 5f-mdp online, advancing your scientific endeavors with ease. Order Now!\" \/>\n<meta name=\"robots\" content=\"index, follow, max-snippet:-1, max-image-preview:large, max-video-preview:-1\" \/>\n<link rel=\"canonical\" href=\"https:\/\/narcopowders.com\/cs\/produkt\/5f-mdp\/\" \/>\n<meta property=\"og:locale\" content=\"cs_CZ\" \/>\n<meta property=\"og:type\" content=\"article\" \/>\n<meta property=\"og:title\" content=\"Buy 5F-MDP Online - 5F-MDP for Sale | NarcoPowders\" \/>\n<meta property=\"og:description\" content=\"Discover top-notch 5f-mdp for sale at our online store - buy 5f-mdp powder conveniently and securely to fuel your research. Explore and buy 5f-mdp online, advancing your scientific endeavors with ease. Order Now!\" \/>\n<meta property=\"og:url\" content=\"https:\/\/narcopowders.com\/cs\/produkt\/5f-mdp\/\" \/>\n<meta property=\"og:site_name\" content=\"Narco Powders\" \/>\n<meta property=\"article:modified_time\" content=\"2025-03-26T07:53:12+00:00\" \/>\n<meta property=\"og:image\" content=\"https:\/\/narcopowders.com\/wp-content\/uploads\/2024\/05\/5f-mdp.gif\" \/>\n\t<meta property=\"og:image:width\" content=\"600\" \/>\n\t<meta property=\"og:image:height\" content=\"600\" \/>\n\t<meta property=\"og:image:type\" content=\"image\/gif\" \/>\n<meta name=\"twitter:card\" content=\"summary_large_image\" \/>\n<meta name=\"twitter:label1\" content=\"Odhadovan\u00e1 doba \u010dten\u00ed\" \/>\n\t<meta name=\"twitter:data1\" content=\"3 minuty\" \/>\n<!-- \/ Yoast SEO plugin. -->","yoast_head_json":{"title":"Koupit 5F-MDP online - 5F-MDP na prodej | NarcoPowders","description":"Objevte \u0161pi\u010dkov\u00fd 5f-mdp na prodej v na\u0161em internetov\u00e9m obchod\u011b - kupte si 5f-mdp pr\u00e1\u0161ek pohodln\u011b a bezpe\u010dn\u011b, abyste mohli poh\u00e1n\u011bt sv\u016fj v\u00fdzkum. Prozkoumejte a kupte si 5f-mdp online, \u010d\u00edm\u017e snadno posunete sv\u00e9 v\u011bdeck\u00e9 \u00fasil\u00ed. Objedn\u00e1vejte nyn\u00ed!","robots":{"index":"index","follow":"follow","max-snippet":"max-snippet:-1","max-image-preview":"max-image-preview:large","max-video-preview":"max-video-preview:-1"},"canonical":"https:\/\/narcopowders.com\/cs\/produkt\/5f-mdp\/","og_locale":"cs_CZ","og_type":"article","og_title":"Buy 5F-MDP Online - 5F-MDP for Sale | NarcoPowders","og_description":"Discover top-notch 5f-mdp for sale at our online store - buy 5f-mdp powder conveniently and securely to fuel your research. Explore and buy 5f-mdp online, advancing your scientific endeavors with ease. Order Now!","og_url":"https:\/\/narcopowders.com\/cs\/produkt\/5f-mdp\/","og_site_name":"Narco Powders","article_modified_time":"2025-03-26T07:53:12+00:00","og_image":[{"width":600,"height":600,"url":"https:\/\/narcopowders.com\/wp-content\/uploads\/2024\/05\/5f-mdp.gif","type":"image\/gif"}],"twitter_card":"summary_large_image","twitter_misc":{"Odhadovan\u00e1 doba \u010dten\u00ed":"3 minuty"},"schema":{"@context":"https:\/\/schema.org","@graph":[{"@type":"WebPage","@id":"https:\/\/narcopowders.com\/product\/buy-5f-mdp-online\/","url":"https:\/\/narcopowders.com\/product\/buy-5f-mdp-online\/","name":"Koupit 5F-MDP online - 5F-MDP na prodej | NarcoPowders","isPartOf":{"@id":"https:\/\/narcopowders.com\/#website"},"primaryImageOfPage":{"@id":"https:\/\/narcopowders.com\/product\/buy-5f-mdp-online\/#primaryimage"},"image":{"@id":"https:\/\/narcopowders.com\/product\/buy-5f-mdp-online\/#primaryimage"},"thumbnailUrl":"https:\/\/narcopowders.com\/wp-content\/uploads\/2024\/05\/5f-mdp.gif","datePublished":"2024-05-23T06:14:06+00:00","dateModified":"2025-03-26T07:53:12+00:00","description":"Objevte \u0161pi\u010dkov\u00fd 5f-mdp na prodej v na\u0161em internetov\u00e9m obchod\u011b - kupte si 5f-mdp pr\u00e1\u0161ek pohodln\u011b a bezpe\u010dn\u011b, abyste mohli poh\u00e1n\u011bt sv\u016fj v\u00fdzkum. Prozkoumejte a kupte si 5f-mdp online, \u010d\u00edm\u017e snadno posunete sv\u00e9 v\u011bdeck\u00e9 \u00fasil\u00ed. Objedn\u00e1vejte nyn\u00ed!","breadcrumb":{"@id":"https:\/\/narcopowders.com\/product\/buy-5f-mdp-online\/#breadcrumb"},"inLanguage":"cs","potentialAction":[{"@type":"ReadAction","target":["https:\/\/narcopowders.com\/product\/buy-5f-mdp-online\/"]}]},{"@type":"ImageObject","inLanguage":"cs","@id":"https:\/\/narcopowders.com\/product\/buy-5f-mdp-online\/#primaryimage","url":"https:\/\/narcopowders.com\/wp-content\/uploads\/2024\/05\/5f-mdp.gif","contentUrl":"https:\/\/narcopowders.com\/wp-content\/uploads\/2024\/05\/5f-mdp.gif","width":600,"height":600,"caption":"Buy 5f-mdp Online"},{"@type":"BreadcrumbList","@id":"https:\/\/narcopowders.com\/product\/buy-5f-mdp-online\/#breadcrumb","itemListElement":[{"@type":"ListItem","position":1,"name":"Home","item":"https:\/\/narcopowders.com\/"},{"@type":"ListItem","position":2,"name":"Shop Page","item":"https:\/\/narcopowders.com\/shop\/"},{"@type":"ListItem","position":3,"name":"Buy 5F-MDP Online"}]},{"@type":"WebSite","@id":"https:\/\/narcopowders.com\/#website","url":"https:\/\/narcopowders.com\/","name":"Pr\u00e1\u0161ky na narkotika","description":"M\u016fj blog WordPress","potentialAction":[{"@type":"SearchAction","target":{"@type":"EntryPoint","urlTemplate":"https:\/\/narcopowders.com\/?s={search_term_string}"},"query-input":{"@type":"PropertyValueSpecification","valueRequired":true,"valueName":"search_term_string"}}],"inLanguage":"cs"}]}},"_links":{"self":[{"href":"https:\/\/narcopowders.com\/cs\/wp-json\/wp\/v2\/product\/20481","targetHints":{"allow":["GET"]}}],"collection":[{"href":"https:\/\/narcopowders.com\/cs\/wp-json\/wp\/v2\/product"}],"about":[{"href":"https:\/\/narcopowders.com\/cs\/wp-json\/wp\/v2\/types\/product"}],"replies":[{"embeddable":true,"href":"https:\/\/narcopowders.com\/cs\/wp-json\/wp\/v2\/comments?post=20481"}],"wp:featuredmedia":[{"embeddable":true,"href":"https:\/\/narcopowders.com\/cs\/wp-json\/wp\/v2\/media\/21302"}],"wp:attachment":[{"href":"https:\/\/narcopowders.com\/cs\/wp-json\/wp\/v2\/media?parent=20481"}],"wp:term":[{"taxonomy":"product_brand","embeddable":true,"href":"https:\/\/narcopowders.com\/cs\/wp-json\/wp\/v2\/product_brand?post=20481"},{"taxonomy":"product_cat","embeddable":true,"href":"https:\/\/narcopowders.com\/cs\/wp-json\/wp\/v2\/product_cat?post=20481"},{"taxonomy":"product_tag","embeddable":true,"href":"https:\/\/narcopowders.com\/cs\/wp-json\/wp\/v2\/product_tag?post=20481"}],"curies":[{"name":"wp","href":"https:\/\/api.w.org\/{rel}","templated":true}]}}