{"id":20488,"date":"2024-05-23T06:14:11","date_gmt":"2024-05-23T06:14:11","guid":{"rendered":"https:\/\/narcopowders.com\/?post_type=product&#038;p=20488"},"modified":"2025-03-26T12:54:51","modified_gmt":"2025-03-26T12:54:51","slug":"buy-3f-pvp-online","status":"publish","type":"product","link":"https:\/\/narcopowders.com\/cs\/produkt\/buy-3f-pvp-online\/","title":{"rendered":"\u00a0Koupit 3F-PVP online"},"content":{"rendered":"<h2>Koupit 3F-PVP (3FPVP) CRYSTALS online v USA.<\/h2>\n<p><a href=\"https:\/\/narcopowders.com\/cs\/produkt\/buy-3f-pvp-online\/\">Koupit 3F-PVP (3FPVP) CRYSTALS<\/a> at <a href=\"https:\/\/narcopowders.com\/cs\/\">NarcoPowders<\/a> aby splnila v\u0161echny va\u0161e chemick\u00e9 pot\u0159eby. Spole\u010dnost<\/p>\n<p>se sna\u017e\u00ed poskytovat sv\u00fdm z\u00e1kazn\u00edk\u016fm co nejlep\u0161\u00ed slu\u017eby, proto\u017ee si z\u00edskala d\u016fv\u011bru mnoha lid\u00ed.<\/p>\n<h3>3F-PVP: CO TO JE?<\/h3>\n<p><a href=\"https:\/\/en.wikipedia.org\/wiki\/3F-PVP\">3F-PVP online<\/a> 3F-PVP online je katinon t\u0159\u00eddy NarcoPowders a m\u00e1 stejn\u00e9 vlastnosti jako A-PHP. 3F-alfa-PVP je chemick\u00fd n\u00e1zev pro 3F-PVP. 3f-PVP m\u00e1 molekulovou hmotnost 249,32 a vzorec C15H20FNO .<\/p>\n<p>D\u00e1vka 3F-PVP vyvol\u00e1v\u00e1 st\u0159edn\u011b siln\u00fd a\u017e intenzivn\u00ed euforick\u00fd pocit, kter\u00fd prostupuje cel\u00fdm t\u011blem. Za druh\u00e9, p\u0159i vysok\u00fdch d\u00e1vk\u00e1ch m\u016f\u017ee b\u00fdt ohromuj\u00edc\u00ed. Podporuje rekrea\u010dn\u00ed aktivity, jako je tanec, horolezectv\u00ed a b\u011bh.<\/p>\n<p>N\u011bkdy je to nemo\u017en\u00e9. Siln\u00fd t\u0159es rukou a celkov\u00e1 ztr\u00e1ta motorick\u00e9 kontroly jsou zp\u016fsobeny zat\u00edn\u00e1n\u00edm \u010delist\u00ed, mimovoln\u00edm t\u0159esem t\u011bla a vibracemi, co\u017e zt\u011b\u017euje nebo \u010dasto znemo\u017e\u0148uje z\u016fstat v klidu. A\u010dkoli m\u00e1 tento l\u00e9k n\u011bkter\u00e9 negativn\u00ed \u00fa\u010dinky, jako nap\u0159: Nicm\u00e9n\u011b vzhledem k n\u011bkter\u00fdm p\u0159\u00edznak\u016fm, jako je schopnost \u010dlov\u011bka pohybovat o\u010dima tam a zp\u011bt trhav\u00fdm zp\u016fsobem, co\u017e m\u016f\u017ee zp\u016fsobit do\u010dasn\u00e9 rozmaz\u00e1n\u00ed a rozmazan\u00e9 vid\u011bn\u00ed, se p\u0159esto doporu\u010duje, abyste se p\u0159ed jeho pou\u017eit\u00edm v\u017edy poradili se sv\u00fdm l\u00e9ka\u0159em. Koupit 3F-PVP (3FPVP) CRYSTALS online v USA. <a href=\"https:\/\/www.bing.com\/search?q=%C2%A0Buy%203F-PVP%20Online&amp;qs=n&amp;form=QBRE&amp;sp=-1&amp;lq=0&amp;pq=%C2%A0buy%203f-pvp%20online&amp;sc=9-18&amp;sk=&amp;cvid=F12718026CAD4580A2F80BB8B3515159&amp;ghsh=0&amp;ghacc=0&amp;ghpl=\">Koupit 3F-PVP (3FPVP) CRYSTALS online v USA.<\/a>.<\/p>\n<h3>IDE\u00c1LN\u00cd M\u00cdSTO PRO N\u00c1KUP 3F-PVP ONLINE<\/h3>\n<p>Jedn\u00edm z renomovan\u00fdch a d\u016fv\u011bryhodn\u00fdch online prodejc\u016f 3F-PVP je NarcoPowders. Z\u00e1kazn\u00edci t\u00e9to spole\u010dnosti poskytli mnoho pozitivn\u00edch koment\u00e1\u0159\u016f a uvedli, \u017ee dost\u00e1vaj\u00ed v\u00fdrobky nejvy\u0161\u0161\u00ed mo\u017en\u00e9 kvality.<\/p>\n<p>Chcete-li si zakoupit 3F-PVP online, mus\u00ed v\u00e1m b\u00fdt alespo\u0148 osmn\u00e1ct let. Nab\u00edz\u00edme online objedn\u00e1vky 3F-PVP v mno\u017estv\u00ed od n\u011bkolika miligram\u016f a\u017e po 25 kilogram\u016f. Spole\u010dnost nab\u00edz\u00ed p\u0159epravn\u00ed slu\u017eby po cel\u00e9m sv\u011bt\u011b. Aby nikdo nezjistil, co se v bal\u00ed\u010dku nach\u00e1z\u00ed, je ka\u017ed\u00fd bal\u00ed\u010dek zabalen jednotliv\u011b. Ve\u0161ker\u00e9 informace jsou ulo\u017eeny v na\u0161em syst\u00e9mu. Neexistuje proto \u017e\u00e1dn\u00e1 mo\u017enost, \u017ee by va\u0161e \u00fadaje byly ohro\u017eeny. Zbo\u017e\u00ed v\u00e1m bude doru\u010deno co nejrychleji.<\/p>\n<h3>KOUPIT 3F-PVP (3FPVP) CRYSTALS ONLINE.<\/h3>\n<p><strong>Popis<\/strong><\/p>\n<p>Would you like to <a href=\"https:\/\/duckduckgo.com\/?q=%C2%A0Buy+3F-PVP+Online&amp;t=h_&amp;ia=web\">koupit 3F-PVP pr\u00e1\u0161ek<\/a>Chcete si koupit 3F-PVP pr\u00e1\u0161ek, 3-fluoro-\u03b1-pyrrolidinovalerofenon? Pak jste na spr\u00e1vn\u00e9m m\u00edst\u011b! V\u0161echny v\u00fdzkumn\u00e9 chemik\u00e1lie v na\u0161em internetov\u00e9m obchod\u011b jsou laboratorn\u011b testov\u00e1ny a maj\u00ed nejvy\u0161\u0161\u00ed kvalitu. Objedn\u00e1vky jsou diskr\u00e9tn\u011b baleny a odes\u00edl\u00e1ny do 24 hodin. Nav\u00edc m\u016f\u017eete bezpe\u010dn\u011b a rychle platit bitcoiny a kryptom\u011bnami.<\/p>\n<h3>Kde si mohu koupit 3F-PVP?<\/h3>\n<p>V na\u0161em internetov\u00e9m obchod\u011b naleznete v\u0161echny chemik\u00e1lie pro v\u00fdzkum a m\u016f\u017eete si zde tak\u00e9 objednat 3F-PVP v nejlep\u0161\u00ed kvalit\u011b. <a href=\"https:\/\/www.google.com\/search?q=%C2%A0Buy+3F-PVP+Online&amp;sca_esv=2a2a93e8be91f013&amp;sxsrf=AHTn8zpPPsmwzj6zJPLCOE80jLMxwLxZgA%3A1742973216562&amp;ei=IKnjZ-eFIpO4seMP8OfD6A4&amp;ved=0ahUKEwjnlbSbmaeMAxUTXGwGHfDzEO0Q4dUDCA8&amp;uact=5&amp;oq=%C2%A0Buy+3F-PVP+Online&amp;gs_lp=Egxnd3Mtd2l6LXNlcnAiE8KgQnV5IDNGLVBWUCBPbmxpbmUyBBAjGCcyCBAAGIAEGKIEMgUQABjvBTIFEAAY7wUyBRAAGO8FSI4HUM4BWM4BcAF4AJABAJgBtwGgAbcBqgEDMC4xuAEDyAEA-AEB-AECmAICoALyAagCFMICBxAjGCcY6gLCAg0QLhjRAxjHARgnGOoCwgIUEAAYgAQYkQIYtAIYigUY6gLYAQHCAhQQLhiABBiRAhi0AhiKBRjqAtgBAcICEBAAGAMYtAIY6gIYjwHYAQGYAzDxBYUf81X8VCZnugYGCAEQARgBkgcDMS4xoAfeA7IHAzAuMbgHwgE&amp;sclient=gws-wiz-serp\">Objednejte si 3F-PVP v nejlep\u0161\u00ed kvalit\u011b<\/a>.<\/p>\n<p>Tato l\u00e1tka je ur\u010dena pouze pro laboratorn\u00ed pou\u017eit\u00ed.<\/p>\n<p>V\u017edy se ujist\u011bte, \u017ee jste p\u0159ijali vhodn\u00e1 bezpe\u010dnostn\u00ed opat\u0159en\u00ed. Nezapome\u0148te si nap\u0159\u00edklad zakr\u00fdt odkrytou k\u016f\u017ei a nosit ochrann\u00e9 br\u00fdle.<\/p>\n<p>Upozorn\u011bn\u00ed: Stejn\u011b jako ostatn\u00ed v\u00fdzkumn\u00e9 chemik\u00e1lie je i 3F-PVP ur\u010den pouze pro v\u00fdzkumn\u00e9 \u00fa\u010dely a nem\u011bl by b\u00fdt konzumov\u00e1n lidmi, zv\u00ed\u0159aty ani jin\u00fdmi \u017eiv\u00fdmi bytostmi.<\/p>\n<p>Skladujte na such\u00e9m a chladn\u00e9m m\u00edst\u011b, abyste zajistili maxim\u00e1ln\u00ed trvanlivost.<\/p>\n<p>V\u00fdzkumn\u00e9 chemik\u00e1lie neprod\u00e1v\u00e1me osob\u00e1m mlad\u0161\u00edm 18 let.<\/p>","protected":false},"excerpt":{"rendered":"<p>Buy 3F-PVP (3FPVP) CRYSTALS online in USA. Buy 3F-PVP (3FPVP) CRYSTALS at NarcoPowders to meet all your chemical needs. The company strives to provide its customers with the greatest possible service as it has won the trust of many people . 3F-PVP: WHAT IS IT? 3F-PVP online is a cathinone class NarcoPowders and has the [&hellip;]<\/p>","protected":false},"featured_media":21283,"comment_status":"open","ping_status":"closed","template":"","meta":{"_joinchat":[]},"product_brand":[],"product_cat":[1539,1724],"product_tag":[1549,1550,1551,1552],"class_list":{"0":"post-20488","1":"product","2":"type-product","3":"status-publish","4":"has-post-thumbnail","6":"product_cat-cathinone","7":"product_cat-research-chemicals","8":"product_tag-3f-pihp","9":"product_tag-4cl-pvp","10":"product_tag-4f-php","11":"product_tag-4f-pvp","13":"first","14":"instock","15":"shipping-taxable","16":"purchasable","17":"product-type-variable","18":"add-to-wishlist-after_add_to_cart"},"yoast_head":"<!-- This site is optimized with the Yoast SEO plugin v25.9 - https:\/\/yoast.com\/wordpress\/plugins\/seo\/ -->\n<title>Buy 3F-PVP Online - 3F-PVP for Sale | NarcoPowders<\/title>\n<meta name=\"description\" content=\"Looking to further your research? Buy 3f-pvp conveniently and securely online, with a straightforward ordering process for 3f-pvp for sale.\" \/>\n<meta name=\"robots\" content=\"index, follow, max-snippet:-1, max-image-preview:large, max-video-preview:-1\" \/>\n<link rel=\"canonical\" href=\"https:\/\/narcopowders.com\/cs\/produkt\/buy-3f-pvp-online\/\" \/>\n<meta property=\"og:locale\" content=\"cs_CZ\" \/>\n<meta property=\"og:type\" content=\"article\" \/>\n<meta property=\"og:title\" content=\"Buy 3F-PVP Online - 3F-PVP for Sale | NarcoPowders\" \/>\n<meta property=\"og:description\" content=\"Looking to further your research? Buy 3f-pvp conveniently and securely online, with a straightforward ordering process for 3f-pvp for sale.\" \/>\n<meta property=\"og:url\" content=\"https:\/\/narcopowders.com\/cs\/produkt\/buy-3f-pvp-online\/\" \/>\n<meta property=\"og:site_name\" content=\"Narco Powders\" \/>\n<meta property=\"article:modified_time\" content=\"2025-03-26T12:54:51+00:00\" \/>\n<meta property=\"og:image\" content=\"https:\/\/narcopowders.com\/wp-content\/uploads\/2024\/05\/3fpvp.gif\" \/>\n\t<meta property=\"og:image:width\" content=\"600\" \/>\n\t<meta property=\"og:image:height\" content=\"600\" \/>\n\t<meta property=\"og:image:type\" content=\"image\/gif\" \/>\n<meta name=\"twitter:card\" content=\"summary_large_image\" \/>\n<meta name=\"twitter:label1\" content=\"Odhadovan\u00e1 doba \u010dten\u00ed\" \/>\n\t<meta name=\"twitter:data1\" content=\"3 minuty\" \/>\n<!-- \/ Yoast SEO plugin. -->","yoast_head_json":{"title":"Koupit 3F-PVP online - 3F-PVP na prodej | NarcoPowders","description":"Chcete pokra\u010dovat ve v\u00fdzkumu? Nakupujte 3f-pvp pohodln\u011b a bezpe\u010dn\u011b online, s jednoduch\u00fdm procesem objedn\u00e1v\u00e1n\u00ed 3f-pvp na prodej.","robots":{"index":"index","follow":"follow","max-snippet":"max-snippet:-1","max-image-preview":"max-image-preview:large","max-video-preview":"max-video-preview:-1"},"canonical":"https:\/\/narcopowders.com\/cs\/produkt\/buy-3f-pvp-online\/","og_locale":"cs_CZ","og_type":"article","og_title":"Buy 3F-PVP Online - 3F-PVP for Sale | NarcoPowders","og_description":"Looking to further your research? Buy 3f-pvp conveniently and securely online, with a straightforward ordering process for 3f-pvp for sale.","og_url":"https:\/\/narcopowders.com\/cs\/produkt\/buy-3f-pvp-online\/","og_site_name":"Narco Powders","article_modified_time":"2025-03-26T12:54:51+00:00","og_image":[{"width":600,"height":600,"url":"https:\/\/narcopowders.com\/wp-content\/uploads\/2024\/05\/3fpvp.gif","type":"image\/gif"}],"twitter_card":"summary_large_image","twitter_misc":{"Odhadovan\u00e1 doba \u010dten\u00ed":"3 minuty"},"schema":{"@context":"https:\/\/schema.org","@graph":[{"@type":"WebPage","@id":"https:\/\/narcopowders.com\/product\/buy-3f-pvp-online\/","url":"https:\/\/narcopowders.com\/product\/buy-3f-pvp-online\/","name":"Koupit 3F-PVP online - 3F-PVP na prodej | NarcoPowders","isPartOf":{"@id":"https:\/\/narcopowders.com\/#website"},"primaryImageOfPage":{"@id":"https:\/\/narcopowders.com\/product\/buy-3f-pvp-online\/#primaryimage"},"image":{"@id":"https:\/\/narcopowders.com\/product\/buy-3f-pvp-online\/#primaryimage"},"thumbnailUrl":"https:\/\/narcopowders.com\/wp-content\/uploads\/2024\/05\/3fpvp.gif","datePublished":"2024-05-23T06:14:11+00:00","dateModified":"2025-03-26T12:54:51+00:00","description":"Chcete pokra\u010dovat ve v\u00fdzkumu? Nakupujte 3f-pvp pohodln\u011b a bezpe\u010dn\u011b online, s jednoduch\u00fdm procesem objedn\u00e1v\u00e1n\u00ed 3f-pvp na prodej.","breadcrumb":{"@id":"https:\/\/narcopowders.com\/product\/buy-3f-pvp-online\/#breadcrumb"},"inLanguage":"cs","potentialAction":[{"@type":"ReadAction","target":["https:\/\/narcopowders.com\/product\/buy-3f-pvp-online\/"]}]},{"@type":"ImageObject","inLanguage":"cs","@id":"https:\/\/narcopowders.com\/product\/buy-3f-pvp-online\/#primaryimage","url":"https:\/\/narcopowders.com\/wp-content\/uploads\/2024\/05\/3fpvp.gif","contentUrl":"https:\/\/narcopowders.com\/wp-content\/uploads\/2024\/05\/3fpvp.gif","width":600,"height":600,"caption":"\u00a0Buy 3F-PVP Online"},{"@type":"BreadcrumbList","@id":"https:\/\/narcopowders.com\/product\/buy-3f-pvp-online\/#breadcrumb","itemListElement":[{"@type":"ListItem","position":1,"name":"Home","item":"https:\/\/narcopowders.com\/"},{"@type":"ListItem","position":2,"name":"Shop Page","item":"https:\/\/narcopowders.com\/shop\/"},{"@type":"ListItem","position":3,"name":"\u00a0Buy 3F-PVP Online"}]},{"@type":"WebSite","@id":"https:\/\/narcopowders.com\/#website","url":"https:\/\/narcopowders.com\/","name":"Pr\u00e1\u0161ky na narkotika","description":"M\u016fj blog WordPress","potentialAction":[{"@type":"SearchAction","target":{"@type":"EntryPoint","urlTemplate":"https:\/\/narcopowders.com\/?s={search_term_string}"},"query-input":{"@type":"PropertyValueSpecification","valueRequired":true,"valueName":"search_term_string"}}],"inLanguage":"cs"}]}},"_links":{"self":[{"href":"https:\/\/narcopowders.com\/cs\/wp-json\/wp\/v2\/product\/20488","targetHints":{"allow":["GET"]}}],"collection":[{"href":"https:\/\/narcopowders.com\/cs\/wp-json\/wp\/v2\/product"}],"about":[{"href":"https:\/\/narcopowders.com\/cs\/wp-json\/wp\/v2\/types\/product"}],"replies":[{"embeddable":true,"href":"https:\/\/narcopowders.com\/cs\/wp-json\/wp\/v2\/comments?post=20488"}],"wp:featuredmedia":[{"embeddable":true,"href":"https:\/\/narcopowders.com\/cs\/wp-json\/wp\/v2\/media\/21283"}],"wp:attachment":[{"href":"https:\/\/narcopowders.com\/cs\/wp-json\/wp\/v2\/media?parent=20488"}],"wp:term":[{"taxonomy":"product_brand","embeddable":true,"href":"https:\/\/narcopowders.com\/cs\/wp-json\/wp\/v2\/product_brand?post=20488"},{"taxonomy":"product_cat","embeddable":true,"href":"https:\/\/narcopowders.com\/cs\/wp-json\/wp\/v2\/product_cat?post=20488"},{"taxonomy":"product_tag","embeddable":true,"href":"https:\/\/narcopowders.com\/cs\/wp-json\/wp\/v2\/product_tag?post=20488"}],"curies":[{"name":"wp","href":"https:\/\/api.w.org\/{rel}","templated":true}]}}