{"id":20495,"date":"2024-05-23T06:14:12","date_gmt":"2024-05-23T06:14:12","guid":{"rendered":"https:\/\/narcopowders.com\/?post_type=product&#038;p=20495"},"modified":"2024-05-24T10:11:45","modified_gmt":"2024-05-24T10:11:45","slug":"buy-5faeb-online","status":"publish","type":"product","link":"https:\/\/narcopowders.com\/cs\/produkt\/koupit-5faeb-online\/","title":{"rendered":"Koupit 5FAEB online"},"content":{"rendered":"<h2>Koupit 5FAEB online<\/h2>\n<p>Koupit 5F-AEB, Kanabinoidy jsou aktivn\u00ed chemick\u00e9 l\u00e1tky v l\u00e9ka\u0159sk\u00e9 marihuan\u011b. Jako takov\u00e9 jsou podobn\u00e9 chemick\u00fdm l\u00e1tk\u00e1m, kter\u00e9 si t\u011blo vytv\u00e1\u0159\u00ed a kter\u00e9 se pod\u00edlej\u00ed na chuti k j\u00eddlu, pam\u011bti, pohybu a bolesti.<a href=\"https:\/\/narcopowders.com\/cs\/produkt\/koupit-5cladb-online\/\">.<\/a><\/p>\n<p>V\u00fdzkum nazna\u010duje, \u017ee kanabinoidy (5FAEB2201) by mohly<a href=\"https:\/\/en.wikipedia.org\/wiki\/5F-EMB-PINACA\">:<\/a><\/p>\n<p>Sn\u00ed\u017een\u00ed \u00fazkosti<\/p>\n<p>zm\u00edrn\u011bn\u00ed z\u00e1n\u011btu a \u00faleva od bolesti<\/p>\n<p>Zvl\u00e1d\u00e1n\u00ed nevolnosti a zvracen\u00ed zp\u016fsoben\u00fdch chemoterapi\u00ed<\/p>\n<p>ni\u010d\u00ed rakovinn\u00e9 bu\u0148ky a zpomaluje r\u016fst n\u00e1doru<\/p>\n<p>Uvoln\u011bn\u00ed napjat\u00fdch sval\u016f u lid\u00ed s roztrou\u0161enou skler\u00f3zou<\/p>\n<h3>Stimuluje chu\u0165 k j\u00eddlu a zlep\u0161uje p\u0159ib\u00fdv\u00e1n\u00ed na v\u00e1ze u lid\u00ed s rakovinou a AIDS 5FAEB2201<\/h3>\n<p>Stejn\u011b tak se \u010dasto setk\u00e1te s t\u00edm, \u017ee lid\u00e9 uv\u00e1d\u011bj\u00ed, \u017ee konop\u00ed produkuje des\u00edtky nebo dokonce v\u00edce ne\u017e 100 rostlinn\u00fdch kanabinoid\u016f. P\u0159esn\u00fd po\u010det je v\u0161ak obt\u00ed\u017en\u00e9 zjistit. V\u011bt\u0161ina 5FAEB2201 je toti\u017e p\u0159\u00edtomna ve velmi n\u00edzk\u00fdch hladin\u00e1ch, zejm\u00e9na v komer\u010dn\u00edch produktech z konop\u00ed. V\u011bdc\u016fm tak \u010din\u00ed pot\u00ed\u017ee je p\u0159esn\u011b detekovat. D\u016fle\u017eit\u00e9 v\u0161ak je, \u017ee jich je mnoho. Na z\u00e1v\u011br se pod\u00edvejme bl\u00ed\u017ee na n\u011bkter\u00e9 z hlavn\u00edch kanabinoid\u016f, kter\u00e9 lze nal\u00e9zt v konopn\u00fdch produktech.<\/p>\n<p>Z konop\u00ed tedy p\u0159\u00edmo nevznikaj\u00ed nejzn\u00e1m\u011bj\u0161\u00ed kanabinoidy, kter\u00e9 jsou s rostlinou spojov\u00e1ny, tedy THC a CBD. M\u00edsto toho syntetizuje n\u011bkolik kanabinoidn\u00edch kyselin. Tyto kanabinoidn\u00ed kyseliny jako takov\u00e9 mus\u00ed b\u00fdt \"aktivov\u00e1ny\" (dekarboxylov\u00e1ny), obvykle teplem, aby vznikly slou\u010deniny, po kter\u00fdch v\u011bt\u0161ina spot\u0159ebitel\u016f tou\u017e\u00ed (THC nebo CBD). P\u0159edev\u0161\u00edm krom\u011b THCA a CBDA existuje \u0159ada souvisej\u00edc\u00edch kanabinoidn\u00edch kyselin, kter\u00e9 mohou b\u00fdt produkov\u00e1ny konop\u00edm Koupit 5FAEB online.<\/p>\n<h3><span lang=\"EN-US\">pro\u010d koupit 5F-AEB-2201<\/span><span lang=\"EN-US\">\u00a0od LegitChemicals<\/span><\/h3>\n<p><span lang=\"EN-US\">\u00a0<\/span><span lang=\"EN-US\">M\u00edsto toho, abyste se nechali zm\u00e1st\u00a0<strong>kde koupit 5F-AEB-2201,\u00a0<\/strong>je dobr\u00e9 zvolit tento NarcoPowders. Pro u\u017eivatele je pohodln\u011bj\u0161\u00ed objednat si je prost\u0159ednictv\u00edm online platformy a z\u00edskat produkt dodan\u00fd b\u011bhem n\u011bkolika dn\u00ed nebo dokonce ve stejn\u00fd den. Balen\u00ed v\u00fdrobku bude dokonal\u00e9, bezpe\u010dn\u00e9 a bezpe\u010dn\u00e9 pro pou\u017eit\u00ed, proto\u017ee v\u00fdrobky jsou vyr\u00e1b\u011bny v t\u00e9to agentu\u0159e se standardn\u00edm a z\u00e1konn\u00fdm vzorcem. Profesion\u00e1lov\u00e9 jsou v\u017edy dob\u0159\u00ed v poskytov\u00e1n\u00ed po\u017eadovan\u00e9ho produktu a budou \u00fa\u010dtovat pouze rozumnou cenu podle mno\u017estv\u00ed, kter\u00e9 pot\u0159ebujete.\u00a0<\/span><\/p>\n<h4><strong><span lang=\"EN-US\">\u00a0<\/span><\/strong><span lang=\"EN-US\">Jak pou\u017e\u00edvat 5F-AEB-2201<\/span><\/h4>\n<p><span lang=\"EN-US\">\u00a0<\/span><span lang=\"EN-US\">Jedn\u00e1 se o syntetick\u00fd kanabinoidn\u00ed produkt, kter\u00fd p\u0159i u\u017e\u00edv\u00e1n\u00ed bez spr\u00e1vn\u00e9ho d\u00e1vkov\u00e1n\u00ed a znalost\u00ed zp\u016fsobuje du\u0161evn\u00ed onemocn\u011bn\u00ed a dal\u0161\u00ed probl\u00e9my. Proto je lep\u0161\u00ed obr\u00e1tit se na l\u00e9ka\u0159e a z\u00edskat l\u00e9k se spr\u00e1vn\u00fdm d\u00e1vkov\u00e1n\u00edm. V\u00fdrobek bude u\u017eite\u010dn\u00fd pro r\u016fzn\u00e9 \u00fa\u010dely, ale je lep\u0161\u00ed zn\u00e1t pokyny p\u0159ed jeho objedn\u00e1n\u00edm. L\u00e9ky, kter\u00e9 z\u00edsk\u00e1te, budou \u010dist\u00e9, kvalitn\u00ed, cenov\u011b v\u00fdhodn\u00e9 a p\u0159ipraven\u00e9 k pou\u017eit\u00ed pro dal\u0161\u00ed v\u00fdzkumn\u00e9 \u00fa\u010dely. Tato spole\u010dnost bude v\u011bt\u0161inou prod\u00e1vat produkt pouze pro v\u00fdzkumn\u00e9 \u00fa\u010dely a tak\u00e9 jejich produkty jsou leg\u00e1ln\u00ed a podle pravidel a na\u0159\u00edzen\u00ed vl\u00e1dy USA, Koupit 5F-AEB .\u00a0<\/span><\/p>","protected":false},"excerpt":{"rendered":"<p>Buy 5FAEB Online Buy 5F-AEB,\u00a0 Cannabinoids is the active chemicals in medical marijuana. As such, they are similar to chemicals the body makes that are involved in appetite, memory, movement, and pain. Research suggests cannabinoids (5FAEB2201) might: Reduce anxiety Reduce inflammation and relieve pain Control nausea and vomiting caused by chemotherapy Kill cancer cells and [&hellip;]<\/p>","protected":false},"featured_media":21282,"comment_status":"open","ping_status":"closed","template":"","meta":{"_joinchat":[]},"product_brand":[],"product_cat":[15],"product_tag":[],"class_list":{"0":"post-20495","1":"product","2":"type-product","3":"status-publish","4":"has-post-thumbnail","6":"product_cat-uncategorized","8":"first","9":"instock","10":"shipping-taxable","11":"purchasable","12":"product-type-variable","13":"add-to-wishlist-after_add_to_cart"},"yoast_head":"<!-- This site is optimized with the Yoast SEO plugin v25.9 - https:\/\/yoast.com\/wordpress\/plugins\/seo\/ -->\n<title>Buy 5FAEB Online - Order 5FAEB Powder<\/title>\n<meta name=\"description\" content=\"Buy 5FAEB Online, 5F-ADB-33 is a synthetic indazole-based cannabinoid that belongs to the indazole-3-carboxamide family. 5faeb available at our onlinestore.\" \/>\n<meta name=\"robots\" content=\"index, follow, max-snippet:-1, max-image-preview:large, max-video-preview:-1\" \/>\n<link rel=\"canonical\" href=\"https:\/\/narcopowders.com\/cs\/produkt\/koupit-5faeb-online\/\" \/>\n<meta property=\"og:locale\" content=\"cs_CZ\" \/>\n<meta property=\"og:type\" content=\"article\" \/>\n<meta property=\"og:title\" content=\"Buy 5FAEB Online - Order 5FAEB Powder\" \/>\n<meta property=\"og:description\" content=\"Buy 5FAEB Online, 5F-ADB-33 is a synthetic indazole-based cannabinoid that belongs to the indazole-3-carboxamide family. 5faeb available at our onlinestore.\" \/>\n<meta property=\"og:url\" content=\"https:\/\/narcopowders.com\/cs\/produkt\/koupit-5faeb-online\/\" \/>\n<meta property=\"og:site_name\" content=\"Narco Powders\" \/>\n<meta property=\"article:modified_time\" content=\"2024-05-24T10:11:45+00:00\" \/>\n<meta property=\"og:image\" content=\"https:\/\/narcopowders.com\/wp-content\/uploads\/2024\/05\/5f-AEB.gif\" \/>\n\t<meta property=\"og:image:width\" content=\"600\" \/>\n\t<meta property=\"og:image:height\" content=\"600\" \/>\n\t<meta property=\"og:image:type\" content=\"image\/gif\" \/>\n<meta name=\"twitter:card\" content=\"summary_large_image\" \/>\n<meta name=\"twitter:label1\" content=\"Odhadovan\u00e1 doba \u010dten\u00ed\" \/>\n\t<meta name=\"twitter:data1\" content=\"3 minuty\" \/>\n<!-- \/ Yoast SEO plugin. -->","yoast_head_json":{"title":"Koupit 5FAEB online - objednat 5FAEB pr\u00e1\u0161ek","description":"Koupit 5FAEB online, 5F-ADB-33 je syntetick\u00fd kanabinoid na b\u00e1zi indazolu, kter\u00fd pat\u0159\u00ed do skupiny indazol-3-karboxamid\u016f. 5faeb je k dispozici v na\u0161em onlinov\u00e9m obchod\u011b.","robots":{"index":"index","follow":"follow","max-snippet":"max-snippet:-1","max-image-preview":"max-image-preview:large","max-video-preview":"max-video-preview:-1"},"canonical":"https:\/\/narcopowders.com\/cs\/produkt\/koupit-5faeb-online\/","og_locale":"cs_CZ","og_type":"article","og_title":"Buy 5FAEB Online - Order 5FAEB Powder","og_description":"Buy 5FAEB Online, 5F-ADB-33 is a synthetic indazole-based cannabinoid that belongs to the indazole-3-carboxamide family. 5faeb available at our onlinestore.","og_url":"https:\/\/narcopowders.com\/cs\/produkt\/koupit-5faeb-online\/","og_site_name":"Narco Powders","article_modified_time":"2024-05-24T10:11:45+00:00","og_image":[{"width":600,"height":600,"url":"https:\/\/narcopowders.com\/wp-content\/uploads\/2024\/05\/5f-AEB.gif","type":"image\/gif"}],"twitter_card":"summary_large_image","twitter_misc":{"Odhadovan\u00e1 doba \u010dten\u00ed":"3 minuty"},"schema":{"@context":"https:\/\/schema.org","@graph":[{"@type":"WebPage","@id":"https:\/\/narcopowders.com\/product\/buy-5faeb-online\/","url":"https:\/\/narcopowders.com\/product\/buy-5faeb-online\/","name":"Koupit 5FAEB online - objednat 5FAEB pr\u00e1\u0161ek","isPartOf":{"@id":"https:\/\/narcopowders.com\/#website"},"primaryImageOfPage":{"@id":"https:\/\/narcopowders.com\/product\/buy-5faeb-online\/#primaryimage"},"image":{"@id":"https:\/\/narcopowders.com\/product\/buy-5faeb-online\/#primaryimage"},"thumbnailUrl":"https:\/\/narcopowders.com\/wp-content\/uploads\/2024\/05\/5f-AEB.gif","datePublished":"2024-05-23T06:14:12+00:00","dateModified":"2024-05-24T10:11:45+00:00","description":"Koupit 5FAEB online, 5F-ADB-33 je syntetick\u00fd kanabinoid na b\u00e1zi indazolu, kter\u00fd pat\u0159\u00ed do skupiny indazol-3-karboxamid\u016f. 5faeb je k dispozici v na\u0161em onlinov\u00e9m obchod\u011b.","breadcrumb":{"@id":"https:\/\/narcopowders.com\/product\/buy-5faeb-online\/#breadcrumb"},"inLanguage":"cs","potentialAction":[{"@type":"ReadAction","target":["https:\/\/narcopowders.com\/product\/buy-5faeb-online\/"]}]},{"@type":"ImageObject","inLanguage":"cs","@id":"https:\/\/narcopowders.com\/product\/buy-5faeb-online\/#primaryimage","url":"https:\/\/narcopowders.com\/wp-content\/uploads\/2024\/05\/5f-AEB.gif","contentUrl":"https:\/\/narcopowders.com\/wp-content\/uploads\/2024\/05\/5f-AEB.gif","width":600,"height":600,"caption":"Buy 5FAEB Online"},{"@type":"BreadcrumbList","@id":"https:\/\/narcopowders.com\/product\/buy-5faeb-online\/#breadcrumb","itemListElement":[{"@type":"ListItem","position":1,"name":"Home","item":"https:\/\/narcopowders.com\/"},{"@type":"ListItem","position":2,"name":"Shop Page","item":"https:\/\/narcopowders.com\/shop\/"},{"@type":"ListItem","position":3,"name":"Buy 5FAEB Online"}]},{"@type":"WebSite","@id":"https:\/\/narcopowders.com\/#website","url":"https:\/\/narcopowders.com\/","name":"Pr\u00e1\u0161ky na narkotika","description":"M\u016fj blog WordPress","potentialAction":[{"@type":"SearchAction","target":{"@type":"EntryPoint","urlTemplate":"https:\/\/narcopowders.com\/?s={search_term_string}"},"query-input":{"@type":"PropertyValueSpecification","valueRequired":true,"valueName":"search_term_string"}}],"inLanguage":"cs"}]}},"_links":{"self":[{"href":"https:\/\/narcopowders.com\/cs\/wp-json\/wp\/v2\/product\/20495","targetHints":{"allow":["GET"]}}],"collection":[{"href":"https:\/\/narcopowders.com\/cs\/wp-json\/wp\/v2\/product"}],"about":[{"href":"https:\/\/narcopowders.com\/cs\/wp-json\/wp\/v2\/types\/product"}],"replies":[{"embeddable":true,"href":"https:\/\/narcopowders.com\/cs\/wp-json\/wp\/v2\/comments?post=20495"}],"wp:featuredmedia":[{"embeddable":true,"href":"https:\/\/narcopowders.com\/cs\/wp-json\/wp\/v2\/media\/21282"}],"wp:attachment":[{"href":"https:\/\/narcopowders.com\/cs\/wp-json\/wp\/v2\/media?parent=20495"}],"wp:term":[{"taxonomy":"product_brand","embeddable":true,"href":"https:\/\/narcopowders.com\/cs\/wp-json\/wp\/v2\/product_brand?post=20495"},{"taxonomy":"product_cat","embeddable":true,"href":"https:\/\/narcopowders.com\/cs\/wp-json\/wp\/v2\/product_cat?post=20495"},{"taxonomy":"product_tag","embeddable":true,"href":"https:\/\/narcopowders.com\/cs\/wp-json\/wp\/v2\/product_tag?post=20495"}],"curies":[{"name":"wp","href":"https:\/\/api.w.org\/{rel}","templated":true}]}}