{"id":20502,"date":"2024-05-23T06:14:12","date_gmt":"2024-05-23T06:14:12","guid":{"rendered":"https:\/\/narcopowders.com\/?post_type=product&#038;p=20502"},"modified":"2024-05-24T07:20:11","modified_gmt":"2024-05-24T07:20:11","slug":"buy-4f%e2%80%90mdmb%e2%80%90binaca-online","status":"publish","type":"product","link":"https:\/\/narcopowders.com\/cs\/produkt\/buy-4f\u2010mdmb\u2010binaca-online\/","title":{"rendered":"Koupit 4F-MDMB-BINACA online"},"content":{"rendered":"<h2>Koupit 4f-mdmb-b online<\/h2>\n<p>Koupit 4F-MDMB-B, 4f-mdmb-b si m\u016f\u017eete koupit online na NarcoPowders za p\u0159ijateln\u00e9 ceny, kter\u00e9 nezruinuj\u00ed banku. Ji\u017e mnoho let se zab\u00fdv\u00e1me pouze 4f-mdmb-b, kter\u00fd je na prodej. Monitorujeme ka\u017ed\u00fd produkt, abychom zajistili, \u017ee na\u0161i spot\u0159ebitel\u00e9 dostanou jen to nejlep\u0161\u00ed v celosv\u011btov\u00e9m m\u011b\u0159\u00edtku. Na\u0161i zku\u0161en\u00ed zam\u011bstnanci ne\u00fanavn\u011b pracuj\u00ed na dokon\u010den\u00ed objedn\u00e1vek t\u00fdkaj\u00edc\u00edch se 4f-mdmb-b online. Na\u0161i online obchodn\u00edci a dodavatel\u00e9 dokon\u010duj\u00ed dod\u00e1vky 4f-mdmb-b v\u010das.<a href=\"https:\/\/narcopowders.com\/cs\/product\/buy-5f-akb48-online\/\">.<\/a><\/p>\n<p>Pokud si u n\u00e1s objedn\u00e1v\u00e1te 4f-mdmb-b, nemus\u00edte se ni\u010deho ob\u00e1vat. Balic\u00ed person\u00e1l va\u0161i objedn\u00e1vku bezpe\u010dn\u011b zabal\u00ed. Kontaktujte n\u00e1s pr\u00e1v\u011b te\u010f, abychom probrali va\u0161e pot\u0159eby a m\u011bli tento produkt co nejd\u0159\u00edve.<\/p>\n<p>Z\u00edskejte 4f-mdmb-b online pr\u00e1v\u011b te\u010f<a href=\"https:\/\/en.wikipedia.org\/wiki\/MDMB-FUBINACA\">!<\/a><\/p>\n<h3>4f-mdmb-b: co to je?<\/h3>\n<p>Syntetick\u00fd p\u0159\u00edpravek na b\u00e1zi indazolu ze skupiny indazol-3-karboxamid\u016f se naz\u00fdv\u00e1 4f-mdmb-b. Nen\u00ed zn\u00e1mo, zda je selektivn\u00ed pro tento c\u00edl, nicm\u00e9n\u011b byl pou\u017eit jako \u00fa\u010dinn\u00e1 l\u00e1tka v p\u0159\u00edpravc\u00edch a prod\u00e1v\u00e1n jako nofollow external noopener noreferrer.<\/p>\n<h3>Jak\u00e9 ne\u017e\u00e1douc\u00ed \u00fa\u010dinky m\u00e1 4f-mdmb-b?<\/h3>\n<p>N\u00e1sleduj\u00edc\u00ed ne\u017e\u00e1douc\u00ed \u00fa\u010dinky p\u0159\u00edpravku 4f-mdmb-b:<\/p>\n<ul>\n<li>Bludy<\/li>\n<li>Zmaten\u00e9 zvracen\u00ed<\/li>\n<li>Bolest na hrudi<\/li>\n<\/ul>\n<h3>Jak mohu naj\u00edt 4f-mdmb-b na prodej?<\/h3>\n<p>Vzdejte se snahy zjistit, kde sehnat 4f-mdmb-b. Tento produkt byl vyvinut spole\u010dnost\u00ed NarcoPowders za rozumnou cenu. Zavazujeme se, \u017ee v kr\u00e1tk\u00e9 dob\u011b poskytneme tot\u00e9\u017e. Nebudete muset \u010dekat p\u0159\u00edli\u0161 dlouho. Vsa\u010fte na n\u00e1s a my v\u00e1m objedn\u00e1vku dod\u00e1me rychle!<\/p>\n<p>Jsme t\u00fdm odhodlan\u00fdch a pracovit\u00fdch odborn\u00edk\u016f, kte\u0159\u00ed usiluj\u00ed o to, aby na\u0161e slu\u017eby a zbo\u017e\u00ed mohl vyu\u017e\u00edvat ka\u017ed\u00fd. Jsme si v\u011bdomi va\u0161ich pot\u0159eb a jsme zde, abychom v\u00e1m pomohli t\u00edm, \u017ee v\u00e1m poskytneme komplexn\u00ed slu\u017eby v oblasti n\u00e1kupu \u0161pi\u010dkov\u00e9ho zbo\u017e\u00ed za rozumn\u00e9 ceny, Koupit 4F-MDMB-B.<\/p>\n<h2>\u00da\u010dinn\u00e9 l\u00e1tky v MDMB-CHMINACA<\/h2>\n<p>Obsahuje\u00a0<strong>jeden gram \u010dist\u00e9ho MDMB-CHMINACA min 98%+<\/strong>\u00a0na objednac\u00ed jednotku.<\/p>\n<h2>D\u00e1vkov\u00e1n\u00ed MDMB-CHMINACA<\/h2>\n<p>Neexistuje \u017e\u00e1dn\u00e1 doporu\u010den\u00e1 d\u00e1vka, proto\u017ee\u00a0<strong>MDMB-CHMINACA<\/strong>\u00a0nen\u00ed ur\u010den k lidsk\u00e9 spot\u0159eb\u011b, ale prod\u00e1v\u00e1 se pouze jako v\u00fdzkumn\u00e1 chemick\u00e1 l\u00e1tka pro v\u00fdzkumn\u00e9 \u00fa\u010dely.<\/p>\n<h2>\u00da\u010dinky MDMB-CHMINACA :<\/h2>\n<p>Klinick\u00e9 \u00fa\u010dinky v\u011bt\u0161iny nov\u00fdch\u00a0<strong>zna\u010dkov\u00e9 drogy<\/strong>\u00a0jako\u00a0<strong>MDMB-CHMINACA<\/strong>\u00a0lze popsat jako halucinogenn\u00ed, stimula\u010dn\u00ed nebo opioidn\u00ed. Mohou m\u00edt tak\u00e9 kombinaci t\u011bchto \u00fa\u010dink\u016f d\u00edky designov\u00fdm substituc\u00edm postrann\u00edch \u0159et\u011bzc\u016f.<\/p>\n<h2>Ne\u017e\u00e1douc\u00ed \u00fa\u010dinky MDMB-CHMINACA<\/h2>\n<p>Stejn\u011b jako u jin\u00fdch zna\u010dkov\u00fdch drog je i u\u00a0<strong>MDMB-CHMINACA<\/strong>\u00a0m\u016f\u017ee vyvolat siln\u00e9 vedlej\u0161\u00ed \u00fa\u010dinky; l\u00e1tka nen\u00ed klinicky testov\u00e1na ani nijak licencov\u00e1na jako produkt ur\u010den\u00fd ke konzumaci! Proto MDMB-CHMINACA NEN\u00cd UR\u010cENA PRO LIDSKOU KONZUMACI, ale POUZE PRO V\u011aDECK\u00dd V\u00ddZKUM!<\/p>\n<h2>Jak ulo\u017eit MDMB-CHMINACA<\/h2>\n<p>MDMB-CHMINACA uchov\u00e1vejte p\u0159i teplot\u011b ni\u017e\u0161\u00ed ne\u017e 30 stup\u0148\u016f Celsia. MDMB-CHMINACA skladujte v p\u016fvodn\u00edm obalu, chra\u0148te p\u0159ed p\u0159\u00edm\u00fdm slune\u010dn\u00edm z\u00e1\u0159en\u00edm a vlhkost\u00ed.<\/p>","protected":false},"excerpt":{"rendered":"<p>4F-MDMB-BINACA, \u010dasto ozna\u010dovan\u00fd jako MDMB-4F-BINACA, 4F-MDMB-BUTINACA nebo 4F-ADB, je syntetick\u00fd kanabinoid odvozen\u00fd od indazol\u016f a pat\u0159\u00edc\u00ed do skupiny indazol-3-karboxamid\u016f. Od konce roku 2018 je uv\u00e1d\u011bn na trh jako designov\u00fd l\u00e9k a pou\u017e\u00edv\u00e1 se jako aktivn\u00ed slo\u017eka v syntetick\u00fdch konopn\u00fdch produktech.<\/p>\n<div class=\"l_ecrd_vqfcts_row\">\n<div class=\"lc_expfact\">\n<div class=\"lc_expfact_default\">Pr\u00e1vn\u00ed status T\u0159\u00edda F2 (Zak\u00e1zan\u00e1 psychotropn\u00ed l\u00e1tka) - : Seznam II - : Anlage II (Pouze povolen\u00fd obchod, nelze p\u0159edepsat) - T\u0159\u00edda B - Psychotropn\u00ed l\u00e1tka Seznamu II<\/div>\n<div class=\"lc_expfact_plus\" tabindex=\"0\"><\/div>\n<\/div>\n<\/div>\n<div class=\"l_ecrd_vqfcts_row l_ecrd_vqfcts_row_space\">\n<div class=\"lc_expfact\">\n<div class=\"lc_expfact_default\">\u010c\u00edslo CAS: 2390036-46-9<\/div>\n<\/div>\n<\/div>\n<div class=\"l_ecrd_vqfcts_row l_ecrd_vqfcts_row_space\">\n<div class=\"lc_expfact\">\n<div class=\"lc_expfact_default\">PubChem CID:145707216<\/div>\n<\/div>\n<\/div>\n<div class=\"l_ecrd_vqfcts_row l_ecrd_vqfcts_row_space\">\n<div class=\"lc_expfact\">\n<div class=\"lc_expfact_default\">ChemSpider:71117201<\/div>\n<\/div>\n<\/div>\n<div id=\"wire0\" class=\"b_expandable_inline_container\" data-rinterval=\"-1\" data-errormessage=\"We can't find any more info about this page right now\">\n<div class=\"l_ecrd_vqfcts_row l_ecrd_vqfcts_row_space\">\n<div class=\"lc_expfact\">\n<div class=\"lc_expfact_default\">UNIE:ZH38UTM145<\/div>\n<\/div>\n<\/div>\n<div class=\"l_ecrd_vqfcts_row l_ecrd_vqfcts_row_space\">\n<div class=\"lc_expfact\">\n<div class=\"lc_expfact_default\">KEGG:C22799<\/div>\n<\/div>\n<\/div>\n<div class=\"l_ecrd_vqfcts_row l_ecrd_vqfcts_row_space\">\n<div class=\"lc_expfact\">\n<div class=\"lc_expfact_default\">CompTox Dashboard (EPA) DTXSID001017266<\/div>\n<div class=\"lc_expfact_plus\" tabindex=\"0\"><\/div>\n<\/div>\n<\/div>\n<div class=\"l_ecrd_vqfcts_row l_ecrd_vqfcts_row_space\">\n<div class=\"lc_expfact\">\n<div class=\"lc_expfact_default\">Vzorec:C\u2081\u2089H\u2082\u2086FN\u2083O\u2083<\/div>\n<\/div>\n<\/div>\n<\/div>","protected":false},"featured_media":21261,"comment_status":"open","ping_status":"closed","template":"","meta":{"_joinchat":[]},"product_brand":[],"product_cat":[1538],"product_tag":[],"class_list":{"0":"post-20502","1":"product","2":"type-product","3":"status-publish","4":"has-post-thumbnail","6":"product_cat-cannabinoids","8":"first","9":"instock","10":"shipping-taxable","11":"purchasable","12":"product-type-variable","13":"add-to-wishlist-after_add_to_cart"},"yoast_head":"<!-- This site is optimized with the Yoast SEO plugin v25.9 - https:\/\/yoast.com\/wordpress\/plugins\/seo\/ -->\n<title>Buy 4F-MDMB-B<\/title>\n<meta name=\"description\" content=\"Buy 4F-MDMB-B, 4F-MDMB-Binaca can be purchased at NarcoPowders. We sell the highest quality 4F-MDMB-Binaca available. Order Now.\" \/>\n<meta name=\"robots\" content=\"index, follow, max-snippet:-1, max-image-preview:large, max-video-preview:-1\" \/>\n<link rel=\"canonical\" href=\"https:\/\/narcopowders.com\/cs\/produkt\/buy-4f\u2010mdmb\u2010binaca-online\/\" \/>\n<meta property=\"og:locale\" content=\"cs_CZ\" \/>\n<meta property=\"og:type\" content=\"article\" \/>\n<meta property=\"og:title\" content=\"Buy 4F-MDMB-B\" \/>\n<meta property=\"og:description\" content=\"Buy 4F-MDMB-B, 4F-MDMB-Binaca can be purchased at NarcoPowders. We sell the highest quality 4F-MDMB-Binaca available. Order Now.\" \/>\n<meta property=\"og:url\" content=\"https:\/\/narcopowders.com\/cs\/produkt\/buy-4f\u2010mdmb\u2010binaca-online\/\" \/>\n<meta property=\"og:site_name\" content=\"Narco Powders\" \/>\n<meta property=\"article:modified_time\" content=\"2024-05-24T07:20:11+00:00\" \/>\n<meta property=\"og:image\" content=\"https:\/\/narcopowders.com\/wp-content\/uploads\/2024\/05\/4f-mdmb2201.gif\" \/>\n\t<meta property=\"og:image:width\" content=\"600\" \/>\n\t<meta property=\"og:image:height\" content=\"600\" \/>\n\t<meta property=\"og:image:type\" content=\"image\/gif\" \/>\n<meta name=\"twitter:card\" content=\"summary_large_image\" \/>\n<meta name=\"twitter:label1\" content=\"Odhadovan\u00e1 doba \u010dten\u00ed\" \/>\n\t<meta name=\"twitter:data1\" content=\"3 minuty\" \/>\n<!-- \/ Yoast SEO plugin. -->","yoast_head_json":{"title":"Koupit 4F-MDMB-B","description":"Koupit 4F-MDMB-B, 4F-MDMB-Binaca lze zakoupit na NarcoPowders. Prod\u00e1v\u00e1me 4F-MDMB-Binaca nejvy\u0161\u0161\u00ed dostupn\u00e9 kvality. Objednat nyn\u00ed.","robots":{"index":"index","follow":"follow","max-snippet":"max-snippet:-1","max-image-preview":"max-image-preview:large","max-video-preview":"max-video-preview:-1"},"canonical":"https:\/\/narcopowders.com\/cs\/produkt\/buy-4f\u2010mdmb\u2010binaca-online\/","og_locale":"cs_CZ","og_type":"article","og_title":"Buy 4F-MDMB-B","og_description":"Buy 4F-MDMB-B, 4F-MDMB-Binaca can be purchased at NarcoPowders. We sell the highest quality 4F-MDMB-Binaca available. Order Now.","og_url":"https:\/\/narcopowders.com\/cs\/produkt\/buy-4f\u2010mdmb\u2010binaca-online\/","og_site_name":"Narco Powders","article_modified_time":"2024-05-24T07:20:11+00:00","og_image":[{"width":600,"height":600,"url":"https:\/\/narcopowders.com\/wp-content\/uploads\/2024\/05\/4f-mdmb2201.gif","type":"image\/gif"}],"twitter_card":"summary_large_image","twitter_misc":{"Odhadovan\u00e1 doba \u010dten\u00ed":"3 minuty"},"schema":{"@context":"https:\/\/schema.org","@graph":[{"@type":"WebPage","@id":"https:\/\/narcopowders.com\/product\/buy-4f%e2%80%90mdmb%e2%80%90binaca-online\/","url":"https:\/\/narcopowders.com\/product\/buy-4f%e2%80%90mdmb%e2%80%90binaca-online\/","name":"Koupit 4F-MDMB-B","isPartOf":{"@id":"https:\/\/narcopowders.com\/#website"},"primaryImageOfPage":{"@id":"https:\/\/narcopowders.com\/product\/buy-4f%e2%80%90mdmb%e2%80%90binaca-online\/#primaryimage"},"image":{"@id":"https:\/\/narcopowders.com\/product\/buy-4f%e2%80%90mdmb%e2%80%90binaca-online\/#primaryimage"},"thumbnailUrl":"https:\/\/narcopowders.com\/wp-content\/uploads\/2024\/05\/4f-mdmb2201.gif","datePublished":"2024-05-23T06:14:12+00:00","dateModified":"2024-05-24T07:20:11+00:00","description":"Koupit 4F-MDMB-B, 4F-MDMB-Binaca lze zakoupit na NarcoPowders. Prod\u00e1v\u00e1me 4F-MDMB-Binaca nejvy\u0161\u0161\u00ed dostupn\u00e9 kvality. Objednat nyn\u00ed.","breadcrumb":{"@id":"https:\/\/narcopowders.com\/product\/buy-4f%e2%80%90mdmb%e2%80%90binaca-online\/#breadcrumb"},"inLanguage":"cs","potentialAction":[{"@type":"ReadAction","target":["https:\/\/narcopowders.com\/product\/buy-4f%e2%80%90mdmb%e2%80%90binaca-online\/"]}]},{"@type":"ImageObject","inLanguage":"cs","@id":"https:\/\/narcopowders.com\/product\/buy-4f%e2%80%90mdmb%e2%80%90binaca-online\/#primaryimage","url":"https:\/\/narcopowders.com\/wp-content\/uploads\/2024\/05\/4f-mdmb2201.gif","contentUrl":"https:\/\/narcopowders.com\/wp-content\/uploads\/2024\/05\/4f-mdmb2201.gif","width":600,"height":600,"caption":"Buy 4F-MDMB-B online"},{"@type":"BreadcrumbList","@id":"https:\/\/narcopowders.com\/product\/buy-4f%e2%80%90mdmb%e2%80%90binaca-online\/#breadcrumb","itemListElement":[{"@type":"ListItem","position":1,"name":"Home","item":"https:\/\/narcopowders.com\/"},{"@type":"ListItem","position":2,"name":"Shop Page","item":"https:\/\/narcopowders.com\/shop\/"},{"@type":"ListItem","position":3,"name":"Buy 4F\u2010MDMB\u2010BINACA Online"}]},{"@type":"WebSite","@id":"https:\/\/narcopowders.com\/#website","url":"https:\/\/narcopowders.com\/","name":"Pr\u00e1\u0161ky na narkotika","description":"M\u016fj blog WordPress","potentialAction":[{"@type":"SearchAction","target":{"@type":"EntryPoint","urlTemplate":"https:\/\/narcopowders.com\/?s={search_term_string}"},"query-input":{"@type":"PropertyValueSpecification","valueRequired":true,"valueName":"search_term_string"}}],"inLanguage":"cs"}]}},"_links":{"self":[{"href":"https:\/\/narcopowders.com\/cs\/wp-json\/wp\/v2\/product\/20502","targetHints":{"allow":["GET"]}}],"collection":[{"href":"https:\/\/narcopowders.com\/cs\/wp-json\/wp\/v2\/product"}],"about":[{"href":"https:\/\/narcopowders.com\/cs\/wp-json\/wp\/v2\/types\/product"}],"replies":[{"embeddable":true,"href":"https:\/\/narcopowders.com\/cs\/wp-json\/wp\/v2\/comments?post=20502"}],"wp:featuredmedia":[{"embeddable":true,"href":"https:\/\/narcopowders.com\/cs\/wp-json\/wp\/v2\/media\/21261"}],"wp:attachment":[{"href":"https:\/\/narcopowders.com\/cs\/wp-json\/wp\/v2\/media?parent=20502"}],"wp:term":[{"taxonomy":"product_brand","embeddable":true,"href":"https:\/\/narcopowders.com\/cs\/wp-json\/wp\/v2\/product_brand?post=20502"},{"taxonomy":"product_cat","embeddable":true,"href":"https:\/\/narcopowders.com\/cs\/wp-json\/wp\/v2\/product_cat?post=20502"},{"taxonomy":"product_tag","embeddable":true,"href":"https:\/\/narcopowders.com\/cs\/wp-json\/wp\/v2\/product_tag?post=20502"}],"curies":[{"name":"wp","href":"https:\/\/api.w.org\/{rel}","templated":true}]}}