{"id":20503,"date":"2024-05-23T06:14:12","date_gmt":"2024-05-23T06:14:12","guid":{"rendered":"https:\/\/narcopowders.com\/?post_type=product&#038;p=20503"},"modified":"2024-05-24T06:29:43","modified_gmt":"2024-05-24T06:29:43","slug":"buy-4f-akb-online","status":"publish","type":"product","link":"https:\/\/narcopowders.com\/cs\/produkt\/buy-4f-akb-online\/","title":{"rendered":"Koupit 4F-AKB online"},"content":{"rendered":"<h2><strong>Koupit 4F-AKB online na NarcoPowders.com<\/strong><\/h2>\n<p>4F-AKB je syntetick\u00fd kanabinoid na b\u00e1zi indazol\u016f. Je to siln\u00fd agonista kanabinoidn\u00edch receptor\u016f. Velmi se podob\u00e1 jin\u00fdm syntetick\u00fdm kanabinoid\u016fm, v\u010detn\u011b 5F-ADB. Pokud s n\u00edm chcete experimentovat, nepot\u0159ebujete mnoho tohoto konop\u00ed, abyste dos\u00e1hli znateln\u00fdch \u00fa\u010dink\u016f. Je to d\u00e1no mimo\u0159\u00e1dnou \u00fa\u010dinnost\u00ed t\u00e9to chemick\u00e9 l\u00e1tky. Abyste se vyhnuli nadm\u011brn\u00e9mu experimentov\u00e1n\u00ed, ujist\u011bte se, \u017ee v laborato\u0159i dodr\u017eujete spr\u00e1vn\u00e9 bezpe\u010dnostn\u00ed protokoly. V\u00fdsledky pokus\u016f s 4F-AKB zahrnuj\u00ed pocity lehkosti t\u011bla, uvoln\u011bn\u00ed, disinhibice a zv\u00fd\u0161en\u00e9 hudebn\u00ed schopnosti. <a href=\"https:\/\/narcopowders.com\/cs\/produkt\/buy-3b-rpvp-online\/\">.<\/a><\/p>\n<h3><strong>Autorizace 4F-AKB<\/strong><\/h3>\n<p>Vzhledem k tomu, \u017ee ve v\u011bt\u0161in\u011b zem\u00ed ji\u017e nen\u00ed 4F-ADB p\u0159edepisov\u00e1n, je v mnoha z nich povolen. Proto\u017ee v\u0161ak m\u016f\u017ee b\u00fdt pova\u017eov\u00e1n za analog 5F-ADB, m\u016f\u017ee b\u00fdt zak\u00e1z\u00e1n v zem\u00edch, jako jsou Spojen\u00e9 st\u00e1ty s p\u0159\u00edsnou legislativou t\u00fdkaj\u00edc\u00ed se analog\u016f.<\/p>\n<h3><strong>4F-AKB 4FADB skladovac\u00ed pr\u00e1\u0161ek s nejlep\u0161\u00edm \u00fa\u010dinkem 4F-AKB b\u00edl\u00fd, siln\u00fd pr\u00e1\u0161ek<a href=\"https:\/\/en.wikipedia.org\/wiki\/4F-MDMB-BINACA\">.<\/a><\/strong><\/h3>\n<p>Zcela novou v\u00fdzkumnou chemik\u00e1li\u00ed pro pou\u017eit\u00ed ve v\u011bdeck\u00fdch studi\u00edch je 4F-AKB! Jedn\u00e1 se o analog 5fadb; Pro v\u00edce informac\u00ed se pod\u00edvejte na 5fadb! Nejnov\u011bj\u0161\u00edm a nejobl\u00edben\u011bj\u0161\u00edm kanabinoidem s vynikaj\u00edc\u00ed kvalitou je 4F-AKB. Zku\u0161en\u00ed v\u00fdzkumn\u00edci, kte\u0159\u00ed d\u0159\u00edve pracovali na siln\u00fdch syntetick\u00fdch kanabinoidech a chemick\u00fdch l\u00e1tk\u00e1ch, jako je 5f-adb, mohou z\u00edskat 4F-AKB. V\u00fdsledek je srovnateln\u00fd s 5f-adb.<\/p>\n<p><strong>Na\u0161e znalosti o kanabinoidech:<\/strong><\/p>\n<p>M\u00e1me velk\u00e9 mno\u017estv\u00ed odborn\u00fdch znalost\u00ed. Na\u0161i z\u00e1kazn\u00edci v\u017edy obdr\u017e\u00ed sv\u00e9 vysoce kvalitn\u00ed v\u00fdrobky co nejrychleji. A\u0165 u\u017e se jedn\u00e1 o velk\u00e9 m\u011bsto nebo malou vesnici, doru\u010dujeme zbo\u017e\u00ed i do t\u011bch nejodlehlej\u0161\u00edch m\u00edst na zemi. Krom\u011b toho slibujeme 100% dod\u00e1n\u00ed zbo\u017e\u00ed.<\/p>\n<h3><strong>\u010cistota:<\/strong><\/h3>\n<p>(n\u011bkdy ozna\u010dovan\u00fd jako 5F-MDMB-PINACA) je syntetick\u00fd kanabinoid na b\u00e1zi indazol\u016f. je siln\u00fdm agonistou CB1 receptor\u016f, ale nen\u00ed jasn\u00e9, zda je pro tento c\u00edl specifick\u00fd. M\u00e1me na sklad\u011b nejkvalitn\u011bj\u0161\u00ed, kter\u00fd se zd\u00e1 b\u00fdt mnohem m\u00e9n\u011b \u0161kodliv\u00fd ne\u017e p\u0159edchoz\u00ed syntetick\u00e9 kanabinoidy, kter\u00e9 byly na trhu. Vzhledem k extr\u00e9mn\u011b mal\u00e9mu mno\u017estv\u00ed, kter\u00e9 bylo nalezeno ve vzorc\u00edch tk\u00e1n\u00ed, se p\u0159edpokl\u00e1d\u00e1, \u017ee je neuv\u011b\u0159iteln\u011b siln\u00fd.<\/p>\n<h3><strong>Co je pr\u00e1\u0161ek 4F-ADB?<\/strong><\/h3>\n<p>4F-ADB je syntetick\u00fd kanabinoid na b\u00e1zi indazolu. Je to siln\u00fd agonista kanabinoidn\u00edch receptor\u016f. Je velmi podobn\u00fd jin\u00fdm syntetick\u00fdm kanabinoid\u016fm, jako je 5F-ADB. Pokud chcete s t\u00edmto kanabinoidem experimentovat, sta\u010d\u00ed v\u00e1m jen mal\u00e9 mno\u017estv\u00ed, abyste dos\u00e1hli siln\u00fdch v\u00fdsledk\u016f, Kupte si 4F-AKB.<\/p>\n<p>Tato chemick\u00e1 l\u00e1tka je toti\u017e velmi siln\u00e1. Pe\u010dliv\u011b dodr\u017eujte bezpe\u010dnostn\u00ed pravidla, abyste se vyhnuli nadm\u011brn\u00e9mu experimentov\u00e1n\u00ed.<\/p>\n<h3><strong>Koupit 4F-ADB<\/strong><\/h3>\n<p>Spole\u010dnost Chemical Planet prod\u00e1v\u00e1 nejkvalitn\u011bj\u0161\u00ed 4F-ADB. N\u00e1mi nab\u00edzen\u00fd 4F-ADB je dod\u00e1v\u00e1n ve form\u011b pr\u00e1\u0161ku. Abyste si jej u n\u00e1s mohli zakoupit, mus\u00ed v\u00e1m b\u00fdt alespo\u0148 18 let. 4F-ADB.<\/p>\n<p>V\u00fdrobek nen\u00ed ur\u010den pro lidi ani zv\u00ed\u0159ata. Je ur\u010den pouze pro experiment\u00e1ln\u00ed \u00fa\u010dely. Krom\u011b toho mus\u00ed b\u00fdt n\u00e1kup tak\u00e9 proveden v pln\u00e9m souladu se z\u00e1kony va\u0161\u00ed zem\u011b.<\/p>\n<h3><strong>Pr\u00e1vn\u00ed status 4F-ADB<\/strong><\/h3>\n<p>4F-ADB je v sou\u010dasn\u00e9 dob\u011b v mnoha zem\u00edch nezn\u00e1m\u00fd, a proto je na mnoha m\u00edstech leg\u00e1ln\u00ed. Mohl by v\u0161ak b\u00fdt pova\u017eov\u00e1n za analog 5F-ADB, co\u017e by jej mohlo u\u010dinit neleg\u00e1ln\u00edm v zem\u00edch s p\u0159\u00edsn\u00fdmi analogov\u00fdmi z\u00e1kony, jako jsou Spojen\u00e9 st\u00e1ty. Pro v\u00edce informac\u00ed n\u00e1s pros\u00edm kontaktujte.<\/p>","protected":false},"excerpt":{"rendered":"<p>Buy 4F-AKB online at NarcoPowders.com 4F-AKB is a synthetic cannabinoid based on indazoles. It is a powerful cannabinoid receptor agonist. It closely resembles other synthetic cannabinoids, including 5F-ADB. If you want to experiment with it, you don&#8217;t need a lot of this cannabis to get noticeable effects. This is due to the extreme effectiveness of [&hellip;]<\/p>","protected":false},"featured_media":21264,"comment_status":"open","ping_status":"closed","template":"","meta":{"_joinchat":[]},"product_brand":[],"product_cat":[1538],"product_tag":[],"class_list":{"0":"post-20503","1":"product","2":"type-product","3":"status-publish","4":"has-post-thumbnail","6":"product_cat-cannabinoids","8":"first","9":"instock","10":"shipping-taxable","11":"purchasable","12":"product-type-variable","13":"add-to-wishlist-after_add_to_cart"},"yoast_head":"<!-- This site is optimized with the Yoast SEO plugin v25.9 - https:\/\/yoast.com\/wordpress\/plugins\/seo\/ -->\n<title>Buy 4F-AKB Online<\/title>\n<meta name=\"description\" content=\"Buy 4F-AKB, buyembutal sells 4F-ADB in best quality. The 4F-AKB we offer is 4F-AKB-48, be the first to review this product. Order now at narcopowders.\" \/>\n<meta name=\"robots\" content=\"index, follow, max-snippet:-1, max-image-preview:large, max-video-preview:-1\" \/>\n<link rel=\"canonical\" href=\"https:\/\/narcopowders.com\/cs\/produkt\/buy-4f-akb-online\/\" \/>\n<meta property=\"og:locale\" content=\"cs_CZ\" \/>\n<meta property=\"og:type\" content=\"article\" \/>\n<meta property=\"og:title\" content=\"Buy 4F-AKB Online\" \/>\n<meta property=\"og:description\" content=\"Buy 4F-AKB, buyembutal sells 4F-ADB in best quality. The 4F-AKB we offer is 4F-AKB-48, be the first to review this product. Order now at narcopowders.\" \/>\n<meta property=\"og:url\" content=\"https:\/\/narcopowders.com\/cs\/produkt\/buy-4f-akb-online\/\" \/>\n<meta property=\"og:site_name\" content=\"Narco Powders\" \/>\n<meta property=\"article:modified_time\" content=\"2024-05-24T06:29:43+00:00\" \/>\n<meta property=\"og:image\" content=\"https:\/\/narcopowders.com\/wp-content\/uploads\/2024\/05\/4f-akb.gif\" \/>\n\t<meta property=\"og:image:width\" content=\"600\" \/>\n\t<meta property=\"og:image:height\" content=\"600\" \/>\n\t<meta property=\"og:image:type\" content=\"image\/gif\" \/>\n<meta name=\"twitter:card\" content=\"summary_large_image\" \/>\n<meta name=\"twitter:label1\" content=\"Odhadovan\u00e1 doba \u010dten\u00ed\" \/>\n\t<meta name=\"twitter:data1\" content=\"3 minuty\" \/>\n<!-- \/ Yoast SEO plugin. -->","yoast_head_json":{"title":"Koupit 4F-AKB online","description":"Kupte si 4F-AKB, buyembutal prod\u00e1v\u00e1 4F-ADB v nejlep\u0161\u00ed kvalit\u011b. 4F-AKB, kter\u00fd nab\u00edz\u00edme, je 4F-AKB-48, bu\u010fte prvn\u00ed, kdo ohodnot\u00ed tento produkt. Objedn\u00e1vejte nyn\u00ed na narcopowders.","robots":{"index":"index","follow":"follow","max-snippet":"max-snippet:-1","max-image-preview":"max-image-preview:large","max-video-preview":"max-video-preview:-1"},"canonical":"https:\/\/narcopowders.com\/cs\/produkt\/buy-4f-akb-online\/","og_locale":"cs_CZ","og_type":"article","og_title":"Buy 4F-AKB Online","og_description":"Buy 4F-AKB, buyembutal sells 4F-ADB in best quality. The 4F-AKB we offer is 4F-AKB-48, be the first to review this product. Order now at narcopowders.","og_url":"https:\/\/narcopowders.com\/cs\/produkt\/buy-4f-akb-online\/","og_site_name":"Narco Powders","article_modified_time":"2024-05-24T06:29:43+00:00","og_image":[{"width":600,"height":600,"url":"https:\/\/narcopowders.com\/wp-content\/uploads\/2024\/05\/4f-akb.gif","type":"image\/gif"}],"twitter_card":"summary_large_image","twitter_misc":{"Odhadovan\u00e1 doba \u010dten\u00ed":"3 minuty"},"schema":{"@context":"https:\/\/schema.org","@graph":[{"@type":"WebPage","@id":"https:\/\/narcopowders.com\/product\/buy-4f-akb-online\/","url":"https:\/\/narcopowders.com\/product\/buy-4f-akb-online\/","name":"Koupit 4F-AKB online","isPartOf":{"@id":"https:\/\/narcopowders.com\/#website"},"primaryImageOfPage":{"@id":"https:\/\/narcopowders.com\/product\/buy-4f-akb-online\/#primaryimage"},"image":{"@id":"https:\/\/narcopowders.com\/product\/buy-4f-akb-online\/#primaryimage"},"thumbnailUrl":"https:\/\/narcopowders.com\/wp-content\/uploads\/2024\/05\/4f-akb.gif","datePublished":"2024-05-23T06:14:12+00:00","dateModified":"2024-05-24T06:29:43+00:00","description":"Kupte si 4F-AKB, buyembutal prod\u00e1v\u00e1 4F-ADB v nejlep\u0161\u00ed kvalit\u011b. 4F-AKB, kter\u00fd nab\u00edz\u00edme, je 4F-AKB-48, bu\u010fte prvn\u00ed, kdo ohodnot\u00ed tento produkt. Objedn\u00e1vejte nyn\u00ed na narcopowders.","breadcrumb":{"@id":"https:\/\/narcopowders.com\/product\/buy-4f-akb-online\/#breadcrumb"},"inLanguage":"cs","potentialAction":[{"@type":"ReadAction","target":["https:\/\/narcopowders.com\/product\/buy-4f-akb-online\/"]}]},{"@type":"ImageObject","inLanguage":"cs","@id":"https:\/\/narcopowders.com\/product\/buy-4f-akb-online\/#primaryimage","url":"https:\/\/narcopowders.com\/wp-content\/uploads\/2024\/05\/4f-akb.gif","contentUrl":"https:\/\/narcopowders.com\/wp-content\/uploads\/2024\/05\/4f-akb.gif","width":600,"height":600,"caption":"Buy 4f-akb Online"},{"@type":"BreadcrumbList","@id":"https:\/\/narcopowders.com\/product\/buy-4f-akb-online\/#breadcrumb","itemListElement":[{"@type":"ListItem","position":1,"name":"Home","item":"https:\/\/narcopowders.com\/"},{"@type":"ListItem","position":2,"name":"Shop Page","item":"https:\/\/narcopowders.com\/shop\/"},{"@type":"ListItem","position":3,"name":"Buy 4F-AKB Online"}]},{"@type":"WebSite","@id":"https:\/\/narcopowders.com\/#website","url":"https:\/\/narcopowders.com\/","name":"Pr\u00e1\u0161ky na narkotika","description":"M\u016fj blog WordPress","potentialAction":[{"@type":"SearchAction","target":{"@type":"EntryPoint","urlTemplate":"https:\/\/narcopowders.com\/?s={search_term_string}"},"query-input":{"@type":"PropertyValueSpecification","valueRequired":true,"valueName":"search_term_string"}}],"inLanguage":"cs"}]}},"_links":{"self":[{"href":"https:\/\/narcopowders.com\/cs\/wp-json\/wp\/v2\/product\/20503","targetHints":{"allow":["GET"]}}],"collection":[{"href":"https:\/\/narcopowders.com\/cs\/wp-json\/wp\/v2\/product"}],"about":[{"href":"https:\/\/narcopowders.com\/cs\/wp-json\/wp\/v2\/types\/product"}],"replies":[{"embeddable":true,"href":"https:\/\/narcopowders.com\/cs\/wp-json\/wp\/v2\/comments?post=20503"}],"wp:featuredmedia":[{"embeddable":true,"href":"https:\/\/narcopowders.com\/cs\/wp-json\/wp\/v2\/media\/21264"}],"wp:attachment":[{"href":"https:\/\/narcopowders.com\/cs\/wp-json\/wp\/v2\/media?parent=20503"}],"wp:term":[{"taxonomy":"product_brand","embeddable":true,"href":"https:\/\/narcopowders.com\/cs\/wp-json\/wp\/v2\/product_brand?post=20503"},{"taxonomy":"product_cat","embeddable":true,"href":"https:\/\/narcopowders.com\/cs\/wp-json\/wp\/v2\/product_cat?post=20503"},{"taxonomy":"product_tag","embeddable":true,"href":"https:\/\/narcopowders.com\/cs\/wp-json\/wp\/v2\/product_tag?post=20503"}],"curies":[{"name":"wp","href":"https:\/\/api.w.org\/{rel}","templated":true}]}}