{"id":20525,"date":"2024-05-23T06:14:19","date_gmt":"2024-05-23T06:14:19","guid":{"rendered":"https:\/\/narcopowders.com\/?post_type=product&#038;p=20525"},"modified":"2025-03-26T12:53:04","modified_gmt":"2025-03-26T12:53:04","slug":"buy-sgt-151-online","status":"publish","type":"product","link":"https:\/\/narcopowders.com\/cs\/produkt\/buy-sgt-151-online\/","title":{"rendered":"Koupit Sgt-151 online"},"content":{"rendered":"<h2>Koupit Sgt-151 online<\/h2>\n<p><a href=\"https:\/\/narcopowders.com\/cs\/produkt\/buy-sgt-151-online\/\">SGT-151<\/a> Nov\u00e9 psychoaktivn\u00ed slou\u010deniny zvan\u00e9 syntetick\u00e9 kanabinoidy (SC) napodobuj\u00ed \u00fa\u010dinky konop\u00ed. Toto zbo\u017e\u00ed, kter\u00e9 zahrnovalo bylinn\u00e9 sm\u011bsi post\u0159ikovan\u00e9 SC, bylo k dispozici k prodeji prost\u0159ednictv\u00edm online prodejc\u016f. Vzhledem k jejich synt\u00e9ze v tajn\u00fdch laborato\u0159\u00edch, \u010dasto na z\u00e1klad\u011b farmaceutick\u00e9ho v\u00fdzkumu a patent\u016f, se od t\u00e9 doby po cel\u00e9m sv\u011bt\u011b objevila vlna chemick\u00fdch variac\u00ed SC, co\u017e \u00fa\u0159ad\u016fm zp\u016fsobuje st\u00e1le v\u011bt\u0161\u00ed pot\u00ed\u017ee s regulac\u00ed t\u011bchto slou\u010denin. V posledn\u00edch letech byla \u0159ada vysoce \u00fa\u010dinn\u00fdch slou\u010denin syntetizov\u00e1na v souladu s patentovou p\u0159ihl\u00e1\u0161kou Bowdena a Williamsona (\u201e<a href=\"https:\/\/www.bing.com\/search?q=Buy%20Sgt-151%20Online&amp;qs=n&amp;form=QBRE&amp;sp=-1&amp;lq=0&amp;pq=buy%20sgt-151%20online&amp;sc=9-18&amp;sk=&amp;cvid=83347B03C78740C6B9C2D92CDCFAEF51&amp;ghsh=0&amp;ghacc=0&amp;ghpl=\">SGT slou\u010deniny<\/a>\u201e) se staly komer\u010dn\u011b dostupn\u00fdmi. Tyto l\u00e9ky charakterizuje kumylov\u00e1 skupina p\u0159ipojen\u00e1 k indolov\u00e9, indazolov\u00e9 nebo azaindolov\u00e9 struktu\u0159e. V roce 2016 byl objeven CUMYL-PEGACLONE, jedna z prvn\u00edch kumylov\u00fdch slou\u010denin, kter\u00e1 byla prod\u00e1v\u00e1na pod touto zna\u010dkou. ]. C\u00edlem t\u00e9to studie je pochopit, co se nach\u00e1z\u00ed uvnit\u0159 balen\u00ed <a href=\"https:\/\/narcopowders.com\/cs\/\">SGT-151 sold<\/a> na internetu jako \u201ev\u00fdzkumn\u00e1 chemik\u00e1lie\u201c.<\/p>\n<p>Pomoc\u00ed datab\u00e1ze Cayman byl kanabinoid identifikov\u00e1n na z\u00e1klad\u011b jeho hmotnostn\u00edch spekter (Chemical C. Cayman Spectral Library, Vol . v08302018). L\u00e1tka byla analyzov\u00e1na pomoc\u00ed GC\/MS s kapil\u00e1rn\u00ed kolonou MEGA-5 MS (0,25 \u00b5m, 0,32 mm, 30 m). Pro chromatografickou anal\u00fdzu byly pou\u017eity n\u00e1sleduj\u00edc\u00ed parametry: bezd\u00edln\u00fd n\u00e1st\u0159ik p\u0159i 280 \u00b0C a injek\u010dn\u00ed objem 1 \u00b5l. Po t\u0159ech minut\u00e1ch p\u0159i teplot\u011b 100 \u00b0C se teplota v peci zv\u00fd\u0161ila na 310 \u00b0C rychlost\u00ed 30 \u00b0C za minutu a p\u0159i t\u00e9to teplot\u011b se udr\u017eovala deset minut. N\u00e1sleduj\u00edc\u00ed podm\u00ednky MS byly n\u00e1sleduj\u00edc\u00ed: Ioniza\u010dn\u00ed energie byla nastavena na 70 eV a rozsah skenovac\u00edho re\u017eimu pro akvizici byl 30 a\u017e 450. Nosn\u00fdm plynem bylo v tomto p\u0159\u00edpad\u011b helium. Clarity pou\u017eila pro \u010di\u0161t\u011bn\u00ed HPLC\/DAD. Program ve spojen\u00ed s kolonou s obr\u00e1cenou f\u00e1z\u00ed. Mobiln\u00ed f\u00e1zi tvo\u0159il gradientn\u00ed syst\u00e9m rozpou\u0161t\u011bdel obsahuj\u00edc\u00ed (A) 5% 10 mM mraven\u010dan amonn\u00fd a (B) 95% acetonitril, optimalizovan\u00fd pro optim\u00e1ln\u00ed rozli\u0161en\u00ed.<\/p>\n<h3>Co je SGT-151?<\/h3>\n<p><a href=\"https:\/\/www.google.com\/search?q=Buy+Sgt-151+Online&amp;num=10&amp;sca_esv=1a2a07081c7891bb&amp;rlz=1C1RXQR_enIN1098IN1098&amp;sxsrf=AHTn8zrgQHto-gSTqmRR2eUHZDnduxPV6g%3A1741762457061&amp;ei=mS_RZ--9A4LN1e8P99LpiQc&amp;ved=0ahUKEwiv7qTk-oOMAxWCZvUHHXdpOnEQ4dUDCBA&amp;uact=5&amp;oq=Buy+Sgt-151+Online&amp;gs_lp=Egxnd3Mtd2l6LXNlcnAiEkJ1eSBTZ3QtMTUxIE9ubGluZTIFECEYoAEyBRAhGKABMgUQIRigAUj9FFDSBVjlEHADeACQAQCYAb8CoAHuBqoBBzAuMi4xLjG4AQPIAQD4AQL4AQGYAgGgAuQBmAMAiAYBkgcDMi0xoAeCCw&amp;sclient=gws-wiz-serp\">SGT-151<\/a> je nov\u00e1 v\u00fdzkumn\u00e1 chemick\u00e1 l\u00e1tka, kter\u00e1 se rychle st\u00e1v\u00e1 zn\u00e1mou ve sv\u011bt\u011b v\u00fdzkumu. SGT-151 m\u00e1 chemick\u00fd n\u00e1zev 5-pentyl-2-(1-methyl-1-fenyl-ethyl)-2,5-dihydro-pyrido[4,3-b]indol-1-on. SGT-151 pat\u0159\u00ed do t\u0159\u00eddy syntetick\u00fdch kanabinoid\u016f . SGT-151 je agonistou receptor\u016f CND.<\/p>\n<p>Experiment\u00e1ln\u00ed v\u00fdsledky jsou podobn\u00e9 jako u mnoha jin\u00fdch syntetick\u00fdch kanabinoid\u016f, nap\u0159\u00edklad uvoln\u011bn\u00ed, opojen\u00ed cel\u00e9ho t\u011bla, euforie a zlep\u0161en\u00ed barev. V\u00fdzkumn\u00edci v oblasti chemie uv\u00e1d\u011bj\u00ed, \u017ee m\u00e1 silnou podobnost s STS-135. SGT-151 je vhodn\u00fdm dopl\u0148kem ka\u017ed\u00e9 v\u00fdzkumn\u00e9 laborato\u0159e.<\/p>\n<h3>Kde koupit SGT-151?<\/h3>\n<p>We at Buy Nembutal sell high quality <a href=\"https:\/\/duckduckgo.com\/?q=Buy+Sgt-151+Online&amp;t=h_&amp;ia=web\">SGT-151<\/a>. N\u00e1\u0161 SGT-151 je obvykle dod\u00e1v\u00e1n jako pr\u00e1\u0161ek. Pokud si v\u0161ak p\u0159ejete jin\u00fd form\u00e1t, m\u016f\u017eete n\u00e1s kontaktovat. \u010casto m\u00e1me na prodej r\u016fzn\u00e9 typy SGT-151.<\/p>\n<p>Chcete-li si u n\u00e1s zakoupit SGT-151, mus\u00ed v\u00e1m b\u00fdt alespo\u0148 18 let. Krom\u011b toho byste m\u011bli prov\u00e1d\u011bt sv\u016fj chemick\u00fd v\u00fdzkum zcela v souladu se z\u00e1kony sv\u00e9 zem\u011b. N\u00e1\u0161 SGT-151 nen\u00ed ur\u010den k pou\u017eit\u00ed na lidech nebo zv\u00ed\u0159atech. Je ur\u010den v\u00fdhradn\u011b pro v\u00fdzkumn\u00e9 \u00fa\u010dely.<\/p>\n<h3>SGT-151 Z\u00e1konnost<\/h3>\n<p><a href=\"https:\/\/en.wikipedia.org\/wiki\/CUMYL-PEGACLONE\">SGT-151<\/a> S pou\u017eit\u00edm se ve v\u011bt\u0161in\u011b zem\u00ed nepo\u010d\u00edt\u00e1, a to p\u0159edev\u0161\u00edm proto, \u017ee se jedn\u00e1 o novou technologii. V zem\u00edch se siln\u00fdmi analogov\u00fdmi z\u00e1kony, jako jsou Spojen\u00e9 st\u00e1ty, by v\u0161ak mohl b\u00fdt potenci\u00e1ln\u011b pova\u017eov\u00e1n za neleg\u00e1ln\u00ed.<\/p>","protected":false},"excerpt":{"rendered":"<p>Buy Sgt-151 Online SGT-151 Buy Novel psychoactive compounds called synthetic cannabinoids (SCs) mimic the effects of cannabis. These goods, which included herbal mixtures sprayed with SCs, were available for sale through online retailers. Due to their synthesis in covert laboratories, often based on pharmaceutical research and patents, a spate of chemical variations of SCs has [&hellip;]<\/p>","protected":false},"featured_media":21251,"comment_status":"open","ping_status":"closed","template":"","meta":{"_joinchat":[]},"product_brand":[],"product_cat":[1724,1538],"product_tag":[],"class_list":{"0":"post-20525","1":"product","2":"type-product","3":"status-publish","4":"has-post-thumbnail","6":"product_cat-research-chemicals","7":"product_cat-cannabinoids","9":"first","10":"instock","11":"shipping-taxable","12":"purchasable","13":"product-type-variable","14":"add-to-wishlist-after_add_to_cart"},"yoast_head":"<!-- This site is optimized with the Yoast SEO plugin v25.9 - https:\/\/yoast.com\/wordpress\/plugins\/seo\/ -->\n<title>Buy Sgt-151 Online - Sgt-151 Powder for Sale | NarcoPowders<\/title>\n<meta name=\"description\" content=\"NarcoPowders is the best trusted chemical powder store which provides high-quality Sgt-151 powder for sale at best price. Order Sgt-151, Buy Sgt-151 Online!\" \/>\n<meta name=\"robots\" content=\"index, follow, max-snippet:-1, max-image-preview:large, max-video-preview:-1\" \/>\n<link rel=\"canonical\" href=\"https:\/\/narcopowders.com\/cs\/produkt\/buy-sgt-151-online\/\" \/>\n<meta property=\"og:locale\" content=\"cs_CZ\" \/>\n<meta property=\"og:type\" content=\"article\" \/>\n<meta property=\"og:title\" content=\"Buy Sgt-151 Online - Sgt-151 Powder for Sale | NarcoPowders\" \/>\n<meta property=\"og:description\" content=\"NarcoPowders is the best trusted chemical powder store which provides high-quality Sgt-151 powder for sale at best price. Order Sgt-151, Buy Sgt-151 Online!\" \/>\n<meta property=\"og:url\" content=\"https:\/\/narcopowders.com\/cs\/produkt\/buy-sgt-151-online\/\" \/>\n<meta property=\"og:site_name\" content=\"Narco Powders\" \/>\n<meta property=\"article:modified_time\" content=\"2025-03-26T12:53:04+00:00\" \/>\n<meta property=\"og:image\" content=\"https:\/\/narcopowders.com\/wp-content\/uploads\/2024\/05\/Sgt-151.gif\" \/>\n\t<meta property=\"og:image:width\" content=\"600\" \/>\n\t<meta property=\"og:image:height\" content=\"600\" \/>\n\t<meta property=\"og:image:type\" content=\"image\/gif\" \/>\n<meta name=\"twitter:card\" content=\"summary_large_image\" \/>\n<meta name=\"twitter:label1\" content=\"Odhadovan\u00e1 doba \u010dten\u00ed\" \/>\n\t<meta name=\"twitter:data1\" content=\"3 minuty\" \/>\n<!-- \/ Yoast SEO plugin. -->","yoast_head_json":{"title":"Koupit Sgt-151 online - Sgt-151 pr\u00e1\u0161ek na prodej | NarcoPowders","description":"NarcoPowders je nejlep\u0161\u00ed d\u016fv\u011bryhodn\u00fd obchod s chemick\u00fdm pr\u00e1\u0161kem, kter\u00fd poskytuje vysoce kvalitn\u00ed pr\u00e1\u0161ek Sgt-151 na prodej za nejlep\u0161\u00ed cenu. Objednejte si Sgt-151, Kupte si Sgt-151 online!","robots":{"index":"index","follow":"follow","max-snippet":"max-snippet:-1","max-image-preview":"max-image-preview:large","max-video-preview":"max-video-preview:-1"},"canonical":"https:\/\/narcopowders.com\/cs\/produkt\/buy-sgt-151-online\/","og_locale":"cs_CZ","og_type":"article","og_title":"Buy Sgt-151 Online - Sgt-151 Powder for Sale | NarcoPowders","og_description":"NarcoPowders is the best trusted chemical powder store which provides high-quality Sgt-151 powder for sale at best price. Order Sgt-151, Buy Sgt-151 Online!","og_url":"https:\/\/narcopowders.com\/cs\/produkt\/buy-sgt-151-online\/","og_site_name":"Narco Powders","article_modified_time":"2025-03-26T12:53:04+00:00","og_image":[{"width":600,"height":600,"url":"https:\/\/narcopowders.com\/wp-content\/uploads\/2024\/05\/Sgt-151.gif","type":"image\/gif"}],"twitter_card":"summary_large_image","twitter_misc":{"Odhadovan\u00e1 doba \u010dten\u00ed":"3 minuty"},"schema":{"@context":"https:\/\/schema.org","@graph":[{"@type":"WebPage","@id":"https:\/\/narcopowders.com\/product\/buy-sgt-151-online\/","url":"https:\/\/narcopowders.com\/product\/buy-sgt-151-online\/","name":"Koupit Sgt-151 online - Sgt-151 pr\u00e1\u0161ek na prodej | NarcoPowders","isPartOf":{"@id":"https:\/\/narcopowders.com\/#website"},"primaryImageOfPage":{"@id":"https:\/\/narcopowders.com\/product\/buy-sgt-151-online\/#primaryimage"},"image":{"@id":"https:\/\/narcopowders.com\/product\/buy-sgt-151-online\/#primaryimage"},"thumbnailUrl":"https:\/\/narcopowders.com\/wp-content\/uploads\/2024\/05\/Sgt-151.gif","datePublished":"2024-05-23T06:14:19+00:00","dateModified":"2025-03-26T12:53:04+00:00","description":"NarcoPowders je nejlep\u0161\u00ed d\u016fv\u011bryhodn\u00fd obchod s chemick\u00fdm pr\u00e1\u0161kem, kter\u00fd poskytuje vysoce kvalitn\u00ed pr\u00e1\u0161ek Sgt-151 na prodej za nejlep\u0161\u00ed cenu. Objednejte si Sgt-151, Kupte si Sgt-151 online!","breadcrumb":{"@id":"https:\/\/narcopowders.com\/product\/buy-sgt-151-online\/#breadcrumb"},"inLanguage":"cs","potentialAction":[{"@type":"ReadAction","target":["https:\/\/narcopowders.com\/product\/buy-sgt-151-online\/"]}]},{"@type":"ImageObject","inLanguage":"cs","@id":"https:\/\/narcopowders.com\/product\/buy-sgt-151-online\/#primaryimage","url":"https:\/\/narcopowders.com\/wp-content\/uploads\/2024\/05\/Sgt-151.gif","contentUrl":"https:\/\/narcopowders.com\/wp-content\/uploads\/2024\/05\/Sgt-151.gif","width":600,"height":600,"caption":"Buy Sgt-151 Online"},{"@type":"BreadcrumbList","@id":"https:\/\/narcopowders.com\/product\/buy-sgt-151-online\/#breadcrumb","itemListElement":[{"@type":"ListItem","position":1,"name":"Home","item":"https:\/\/narcopowders.com\/"},{"@type":"ListItem","position":2,"name":"Shop Page","item":"https:\/\/narcopowders.com\/shop\/"},{"@type":"ListItem","position":3,"name":"Buy Sgt-151 Online"}]},{"@type":"WebSite","@id":"https:\/\/narcopowders.com\/#website","url":"https:\/\/narcopowders.com\/","name":"Pr\u00e1\u0161ky na narkotika","description":"M\u016fj blog WordPress","potentialAction":[{"@type":"SearchAction","target":{"@type":"EntryPoint","urlTemplate":"https:\/\/narcopowders.com\/?s={search_term_string}"},"query-input":{"@type":"PropertyValueSpecification","valueRequired":true,"valueName":"search_term_string"}}],"inLanguage":"cs"}]}},"_links":{"self":[{"href":"https:\/\/narcopowders.com\/cs\/wp-json\/wp\/v2\/product\/20525","targetHints":{"allow":["GET"]}}],"collection":[{"href":"https:\/\/narcopowders.com\/cs\/wp-json\/wp\/v2\/product"}],"about":[{"href":"https:\/\/narcopowders.com\/cs\/wp-json\/wp\/v2\/types\/product"}],"replies":[{"embeddable":true,"href":"https:\/\/narcopowders.com\/cs\/wp-json\/wp\/v2\/comments?post=20525"}],"wp:featuredmedia":[{"embeddable":true,"href":"https:\/\/narcopowders.com\/cs\/wp-json\/wp\/v2\/media\/21251"}],"wp:attachment":[{"href":"https:\/\/narcopowders.com\/cs\/wp-json\/wp\/v2\/media?parent=20525"}],"wp:term":[{"taxonomy":"product_brand","embeddable":true,"href":"https:\/\/narcopowders.com\/cs\/wp-json\/wp\/v2\/product_brand?post=20525"},{"taxonomy":"product_cat","embeddable":true,"href":"https:\/\/narcopowders.com\/cs\/wp-json\/wp\/v2\/product_cat?post=20525"},{"taxonomy":"product_tag","embeddable":true,"href":"https:\/\/narcopowders.com\/cs\/wp-json\/wp\/v2\/product_tag?post=20525"}],"curies":[{"name":"wp","href":"https:\/\/api.w.org\/{rel}","templated":true}]}}