{"id":20526,"date":"2024-05-23T06:14:19","date_gmt":"2024-05-23T06:14:19","guid":{"rendered":"https:\/\/narcopowders.com\/?post_type=product&#038;p=20526"},"modified":"2025-03-26T12:51:13","modified_gmt":"2025-03-26T12:51:13","slug":"buy-sgt-263-online","status":"publish","type":"product","link":"https:\/\/narcopowders.com\/cs\/produkt\/koupit-sgt-263-online\/","title":{"rendered":"Koupit Sgt -263 online"},"content":{"rendered":"<h2>Koupit SGT-263 online<\/h2>\n<p><a href=\"https:\/\/narcopowders.com\/cs\/\">Koupit SGT-263<\/a>, The use of the cannabinoid <a href=\"https:\/\/en.wikipedia.org\/wiki\/Sgt._Frog\">SGT-263<\/a> je v na\u0161\u00ed zemi p\u016fvodu leg\u00e1ln\u00ed. Je va\u0161\u00ed odpov\u011bdnost\u00ed zn\u00e1t a dodr\u017eovat m\u00edstn\u00ed, st\u00e1tn\u00ed, feder\u00e1ln\u00ed, provin\u010dn\u00ed a lok\u00e1ln\u00ed z\u00e1kony. Pokud se rozhodnete zadat objedn\u00e1vku, neneseme odpov\u011bdnost za jak\u00e9koli jedn\u00e1n\u00ed nebo v\u00fdsledky .<\/p>\n<h3>Pro\u010d byste si m\u011bli koupit kanabinoid SGT-263 u n\u00e1s?<\/h3>\n<p>We have been supplying <a href=\"https:\/\/narcopowders.com\/cs\/produkt\/koupit-sgt-263-online\/\">v\u00fdzkumn\u00e9 chemik\u00e1lie<\/a> for a long time and are a reliable source.<\/p>\n<p>\u017div\u00fd chat je k dispozici 24 hodin denn\u011b, 7 dn\u00ed v t\u00fddnu. M\u00e1te-li jak\u00e9koli dotazy, nev\u00e1hejte se zeptat.<\/p>\n<p>R\u016fzn\u00e9 platebn\u00ed metody podle va\u0161ich pot\u0159eb<\/p>\n<p>Objedn\u00e1vku ode\u0161leme je\u0161t\u011b t\u00fd\u017e den, pokud ji obdr\u017e\u00edte do 16:00 hodin st\u0159edoevropsk\u00e9ho \u010dasu.<\/p>\n<p>Up\u0159\u00edmn\u00e9 reference na\u0161ich z\u00e1kazn\u00edk\u016f v\u00e1m d\u00e1vaj\u00ed mo\u017enost nakupovat s d\u016fv\u011brou.<\/p>\n<p><a href=\"https:\/\/duckduckgo.com\/?q=Buy+Sgt+-263+Online&amp;t=h_&amp;ia=web\">NarcoPowders.com<\/a> je glob\u00e1ln\u00ed l\u00eddr v oblasti distribuce v\u00fdzkumn\u00fdch chemik\u00e1li\u00ed a glob\u00e1ln\u00ed v\u00fdrobce v\u00fdzkumn\u00fdch chemik\u00e1li\u00ed, kter\u00fd byl zalo\u017een v roce 2008. Pracujeme. V\u0161echny v\u00fdrobky jsou dod\u00e1v\u00e1ny z na\u0161ich sklad\u016f v Hongkongu, \u010c\u00edn\u011b, EU a na Ukrajin\u011b. Jsme rychl\u00ed a spolehliv\u00ed a na\u0161e rozs\u00e1hl\u00e1 distribu\u010dn\u00ed s\u00ed\u0165 zaji\u0161\u0165uje, \u017ee ka\u017ed\u00fd objednan\u00fd v\u00fdrobek doraz\u00ed v\u010das, je doru\u010den na v\u00e1mi zvolen\u00e1 odb\u011brn\u00e1 m\u00edsta a doraz\u00ed na m\u00edsto ur\u010den\u00ed v\u010das.<\/p>\n<p>Na\u0161\u00edm hlavn\u00edm c\u00edlem je spokojenost z\u00e1kazn\u00edk\u016f, a proto se sna\u017e\u00edme poskytovat vynikaj\u00edc\u00ed z\u00e1kaznick\u00fd servis. Kdy\u017e si u Top Cannabinoids Shopu objedn\u00e1te zbo\u017e\u00ed, m\u016f\u017eete si b\u00fdt jisti, \u017ee v\u00e1m bude neprodlen\u011b doru\u010deno na v\u00e1mi uvedenou adresu. Krom\u011b toho nab\u00edz\u00edme \u0159adu mo\u017enost\u00ed p\u0159epravy, kter\u00e9 n\u00e1m umo\u017e\u0148uj\u00ed doru\u010dit zbo\u017e\u00ed na\u0161im z\u00e1kazn\u00edk\u016fm na \u010detn\u00e1 tr\u017ei\u0161t\u011b a m\u00edsta po cel\u00e9m sv\u011bt\u011b. Ka\u017ed\u00e9 zbo\u017e\u00ed na t\u011bchto webov\u00fdch str\u00e1nk\u00e1ch<\/p>\n<p>je nab\u00edzena k prodeji pouze na podporu v\u00fdzkumu a vzd\u011bl\u00e1v\u00e1n\u00ed. Neprod\u00e1v\u00e1me \u017e\u00e1dn\u00e9 z na\u0161ich p\u0159edm\u011bt\u016f pro neleg\u00e1ln\u00ed pou\u017eit\u00ed nebo konzumaci lidmi nebo zv\u00ed\u0159aty.<\/p>\n<p>1-(5-fluoropentyl) nebo SGT-263(2-fenylpropan-2-yl)-N-podobn\u00fd MMB-CHMINACA, -7-azaindol-3-karboxamid je vysoce \u00fa\u010dinn\u00e1 slou\u010denina. SGT-263, prod\u00e1van\u00fd jako designov\u00e1 droga, je syntetick\u00fd kanabinoid na b\u00e1zi pyrrolopyridin-3-karboxamidu.<\/p>\n<h3>SGT-263 je patentov\u00e1n p\u0159edn\u00ed sv\u011btovou spole\u010dnost\u00ed.<\/h3>\n<p>SGT-263, unik\u00e1tn\u00ed kanabinoid, kter\u00fd je \u010derstv\u011b na trhu, je schv\u00e1len prakticky ve v\u0161ech zem\u00edch v\u010detn\u011b N\u011bmecka.<\/p>\n<p>Krom\u011b toho je SGT-263 k dispozici pod n\u00e1zvem ipac 1-(5-fluoropentyl).(2-fenylpropan-2-yl)-N-3-karboxamid z -1H-pyrrolo[2,3-b]pyridinu <a href=\"https:\/\/www.bing.com\/search?q=Buy%20Sgt%20-263%20Online&amp;qs=n&amp;form=QBRE&amp;sp=-1&amp;lq=0&amp;pq=buy%20sgt%20-263%20online&amp;sc=12-19&amp;sk=&amp;cvid=F24FE2F21C0348B9B9F359F348D4BA91&amp;ghsh=0&amp;ghacc=0&amp;ghpl=\">SGT- 263<\/a> .<\/p>\n<p>SGT-25 je \u00fazce p\u0159\u00edbuzn\u00fd kanabinoidu 1-(5-fluoropentyl)-N-(2-fenylpropan-2-yl)-7-azaindol-3-karboxamidu. Krom\u011b toho je nyn\u00ed RC pr\u00e1\u0161ek leg\u00e1ln\u00ed ve v\u0161ech evropsk\u00fdch zem\u00edch. SGT-263 je zkratka pro Street Names: SGT-25 je l\u00e1tka p\u0159\u00edle\u017eitostn\u011b u\u017e\u00edvan\u00e1 rekrea\u010dn\u011b a je obsa\u017eena v \"C-Liquidu\", p\u0159\u00edsad\u011b do tekutiny pro elektronick\u00e9 cigarety.<\/p>\n<p>Farmakologie: 1. (Fluoropentyl-5-)(2-fenylpropan-2-yl)-N-P\u0159es slo\u017eit\u00fd farmakologick\u00fd \u00fa\u010dinek je -7-azaindol-3-karboxamid syntetick\u00fd kanabinoid pat\u0159\u00edc\u00ed do skupiny indazol-3-karboxamid\u016f . O\u010dek\u00e1v\u00e1 se, \u017ee selektivita pro CB1 receptor je p\u0159ibli\u017en\u011b \u010dty\u0159ikr\u00e1t vy\u0161\u0161\u00ed ne\u017e u 5F-CUMYL-PINACA.<\/p>\n<p>Srovnateln\u00e9 polo\u017eky: MMB-CHMINACA; CUMYL PICA; 5F-SDB-006<\/p>\n<ul>\n<li>SDB-006; CUMYL PINACA; CUMYL-THPINACA<\/li>\n<\/ul>\n<p>P\u0159ed zad\u00e1n\u00edm objedn\u00e1vky se ujist\u011bte, \u017ee je v\u00e1\u0161 pracovn\u00ed prostor dob\u0159e v\u011btran\u00fd a \u017ee jste dostate\u010dn\u011b p\u0159ipraveni na manipulaci s v\u00fdzkumn\u00fdmi chemik\u00e1liemi.<\/p>\n<h3>Co je SGT-263?<\/h3>\n<p>SGT-263 je nov\u00fd syntetick\u00fd kanabinoid, kter\u00fd je na trhu teprve od roku 2016. Tato v\u00fdzkumn\u00e1 chemick\u00e1 l\u00e1tka je siln\u00fdm agonistou receptor\u016f CB1 a CB2. V\u00fdzkumn\u00edci v oblasti chemie popisuj\u00ed, \u017ee SGT-263 p\u0159in\u00e1\u0161\u00ed podobn\u00e9 v\u00fdsledky jako ADB-FUBINACA, dal\u0161\u00ed popul\u00e1rn\u00ed syntetick\u00fd kanabinoid. Experiment\u00e1ln\u00ed v\u00fdsledky s SGT-263 obecn\u011b vykazuj\u00ed podobn\u00e9 v\u00fdsledky jako mnoho jin\u00fdch syntetick\u00fdch kanabinoid\u016f. Pokud tedy r\u00e1di experimentujete s jin\u00fdmi syntetick\u00fdmi kanabinoidy, pak se v\u00e1m pravd\u011bpodobn\u011b bude l\u00edbit, \u017ee m\u00e1te v laborato\u0159i SGT-263.<\/p>\n<h3>Kde si mohu koupit SGT-263?<\/h3>\n<p>SGT-263 lze zakoupit na webov\u00fdch str\u00e1nk\u00e1ch Buy NarcoPowders. Na\u0161e SGT-263 se obvykle dod\u00e1v\u00e1 ve form\u011b pr\u00e1\u0161ku. Pokud v\u0161ak d\u00e1v\u00e1te p\u0159ednost jin\u00fdm form\u00e1m t\u00e9to chemick\u00e9 l\u00e1tky, nev\u00e1hejte n\u00e1s kontaktovat, abychom zjistili, zda m\u00e1me k dispozici jinou formu. \u010casto m\u00e1me k dispozici v\u00edce forem. Chcete-li si od n\u00e1s zakoupit SGT-263, mus\u00ed v\u00e1m b\u00fdt alespo\u0148 18 let a mus\u00edte spl\u0148ovat z\u00e1kony va\u0161\u00ed zem\u011b t\u00fdkaj\u00edc\u00ed se v\u00fdzkumn\u00fdch chemik\u00e1li\u00ed. <a href=\"https:\/\/www.google.com\/search?q=Buy+Sgt+-263+Online&amp;sca_esv=16def464f60f9903&amp;sxsrf=AHTn8zoPPZu82pwiT2LkmFR2ChE5PQ1veQ%3A1742993009664&amp;ei=cfbjZ_OhKNmS0PEP6OHzoQk&amp;ved=0ahUKEwiznr_54qeMAxVZCTQIHejwPJQQ4dUDCBA&amp;uact=5&amp;oq=Buy+Sgt+-263+Online&amp;gs_lp=Egxnd3Mtd2l6LXNlcnAiE0J1eSBTZ3QgLTI2MyBPbmxpbmVIjghQoARYoARwAXgAkAEAmAHNAqABzQKqAQMzLTG4AQPIAQD4AQL4AQGYAgCgAgCYAwCIBgGSBwCgB0SyBwC4BwA&amp;sclient=gws-wiz-serp\">purchase SGT-263<\/a> od n\u00e1s a v souladu se z\u00e1kony va\u0161\u00ed zem\u011b o chemick\u00fdch l\u00e1tk\u00e1ch pro v\u00fdzkum. N\u00e1\u0161 SGT-263 nen\u00ed ur\u010den k pou\u017eit\u00ed na lidech ani zv\u00ed\u0159atech, ale pouze pro v\u00fdzkumn\u00e9 \u00fa\u010dely.<\/p>\n<h3>SGT-263 Z\u00e1konnost<\/h3>\n<p>Proto\u017ee je SGT-263 tak nov\u00fd, nen\u00ed v sou\u010dasn\u00e9 dob\u011b ve v\u011bt\u0161in\u011b zem\u00ed schv\u00e1len, tak\u017ee je leg\u00e1ln\u00ed. N\u011bkter\u00e9 zem\u011b, jako nap\u0159\u00edklad Spojen\u00e9 st\u00e1ty, v\u0161ak maj\u00ed p\u0159\u00edsn\u00e9 analogick\u00e9 z\u00e1kony, kter\u00e9 by mohly tuto chemickou l\u00e1tku u\u010dinit neleg\u00e1ln\u00ed.<\/p>","protected":false},"excerpt":{"rendered":"<p>Buy SGT-263 online Buy SGT-263, The use of the cannabinoid SGT-263 is legal in our country of origin. It is your responsibility to know and comply with local, state, federal, provincial and local laws. Should you decide to place an order, we will not be liable for any actions or results . Why should you [&hellip;]<\/p>","protected":false},"featured_media":21249,"comment_status":"open","ping_status":"closed","template":"","meta":{"_joinchat":[]},"product_brand":[],"product_cat":[1724,1538],"product_tag":[],"class_list":{"0":"post-20526","1":"product","2":"type-product","3":"status-publish","4":"has-post-thumbnail","6":"product_cat-research-chemicals","7":"product_cat-cannabinoids","9":"first","10":"instock","11":"shipping-taxable","12":"purchasable","13":"product-type-variable","14":"add-to-wishlist-after_add_to_cart"},"yoast_head":"<!-- This site is optimized with the Yoast SEO plugin v25.9 - https:\/\/yoast.com\/wordpress\/plugins\/seo\/ -->\n<title>Buy SGT-263 Online - SGT-263 for sale | NarcoPowders<\/title>\n<meta name=\"description\" content=\"NarcoPowders is one of the leading chemical stores where you can get high-quality Sgt-263 powder for sale. Order Sgt-263, buy Sgt-263 online!\" \/>\n<meta name=\"robots\" content=\"index, follow, max-snippet:-1, max-image-preview:large, max-video-preview:-1\" \/>\n<link rel=\"canonical\" href=\"https:\/\/narcopowders.com\/cs\/produkt\/koupit-sgt-263-online\/\" \/>\n<meta property=\"og:locale\" content=\"cs_CZ\" \/>\n<meta property=\"og:type\" content=\"article\" \/>\n<meta property=\"og:title\" content=\"Buy SGT-263 Online - SGT-263 for sale | NarcoPowders\" \/>\n<meta property=\"og:description\" content=\"NarcoPowders is one of the leading chemical stores where you can get high-quality Sgt-263 powder for sale. Order Sgt-263, buy Sgt-263 online!\" \/>\n<meta property=\"og:url\" content=\"https:\/\/narcopowders.com\/cs\/produkt\/koupit-sgt-263-online\/\" \/>\n<meta property=\"og:site_name\" content=\"Narco Powders\" \/>\n<meta property=\"article:modified_time\" content=\"2025-03-26T12:51:13+00:00\" \/>\n<meta property=\"og:image\" content=\"https:\/\/narcopowders.com\/wp-content\/uploads\/2024\/05\/Sgt-263.gif\" \/>\n\t<meta property=\"og:image:width\" content=\"600\" \/>\n\t<meta property=\"og:image:height\" content=\"600\" \/>\n\t<meta property=\"og:image:type\" content=\"image\/gif\" \/>\n<meta name=\"twitter:card\" content=\"summary_large_image\" \/>\n<meta name=\"twitter:label1\" content=\"Odhadovan\u00e1 doba \u010dten\u00ed\" \/>\n\t<meta name=\"twitter:data1\" content=\"4 minuty\" \/>\n<!-- \/ Yoast SEO plugin. -->","yoast_head_json":{"title":"Koupit SGT-263 online - SGT-263 na prodej | NarcoPowders","description":"NarcoPowders je jedn\u00edm z p\u0159edn\u00edch chemick\u00fdch obchod\u016f, kde m\u016f\u017eete z\u00edskat vysoce kvalitn\u00ed pr\u00e1\u0161ek Sgt-263 na prodej. Objednejte si Sgt-263, kupte si Sgt-263 online!","robots":{"index":"index","follow":"follow","max-snippet":"max-snippet:-1","max-image-preview":"max-image-preview:large","max-video-preview":"max-video-preview:-1"},"canonical":"https:\/\/narcopowders.com\/cs\/produkt\/koupit-sgt-263-online\/","og_locale":"cs_CZ","og_type":"article","og_title":"Buy SGT-263 Online - SGT-263 for sale | NarcoPowders","og_description":"NarcoPowders is one of the leading chemical stores where you can get high-quality Sgt-263 powder for sale. Order Sgt-263, buy Sgt-263 online!","og_url":"https:\/\/narcopowders.com\/cs\/produkt\/koupit-sgt-263-online\/","og_site_name":"Narco Powders","article_modified_time":"2025-03-26T12:51:13+00:00","og_image":[{"width":600,"height":600,"url":"https:\/\/narcopowders.com\/wp-content\/uploads\/2024\/05\/Sgt-263.gif","type":"image\/gif"}],"twitter_card":"summary_large_image","twitter_misc":{"Odhadovan\u00e1 doba \u010dten\u00ed":"4 minuty"},"schema":{"@context":"https:\/\/schema.org","@graph":[{"@type":"WebPage","@id":"https:\/\/narcopowders.com\/product\/buy-sgt-263-online\/","url":"https:\/\/narcopowders.com\/product\/buy-sgt-263-online\/","name":"Koupit SGT-263 online - SGT-263 na prodej | NarcoPowders","isPartOf":{"@id":"https:\/\/narcopowders.com\/#website"},"primaryImageOfPage":{"@id":"https:\/\/narcopowders.com\/product\/buy-sgt-263-online\/#primaryimage"},"image":{"@id":"https:\/\/narcopowders.com\/product\/buy-sgt-263-online\/#primaryimage"},"thumbnailUrl":"https:\/\/narcopowders.com\/wp-content\/uploads\/2024\/05\/Sgt-263.gif","datePublished":"2024-05-23T06:14:19+00:00","dateModified":"2025-03-26T12:51:13+00:00","description":"NarcoPowders je jedn\u00edm z p\u0159edn\u00edch chemick\u00fdch obchod\u016f, kde m\u016f\u017eete z\u00edskat vysoce kvalitn\u00ed pr\u00e1\u0161ek Sgt-263 na prodej. Objednejte si Sgt-263, kupte si Sgt-263 online!","breadcrumb":{"@id":"https:\/\/narcopowders.com\/product\/buy-sgt-263-online\/#breadcrumb"},"inLanguage":"cs","potentialAction":[{"@type":"ReadAction","target":["https:\/\/narcopowders.com\/product\/buy-sgt-263-online\/"]}]},{"@type":"ImageObject","inLanguage":"cs","@id":"https:\/\/narcopowders.com\/product\/buy-sgt-263-online\/#primaryimage","url":"https:\/\/narcopowders.com\/wp-content\/uploads\/2024\/05\/Sgt-263.gif","contentUrl":"https:\/\/narcopowders.com\/wp-content\/uploads\/2024\/05\/Sgt-263.gif","width":600,"height":600,"caption":"Buy Sgt -263 Online"},{"@type":"BreadcrumbList","@id":"https:\/\/narcopowders.com\/product\/buy-sgt-263-online\/#breadcrumb","itemListElement":[{"@type":"ListItem","position":1,"name":"Home","item":"https:\/\/narcopowders.com\/"},{"@type":"ListItem","position":2,"name":"Shop Page","item":"https:\/\/narcopowders.com\/shop\/"},{"@type":"ListItem","position":3,"name":"Buy Sgt -263 Online"}]},{"@type":"WebSite","@id":"https:\/\/narcopowders.com\/#website","url":"https:\/\/narcopowders.com\/","name":"Pr\u00e1\u0161ky na narkotika","description":"M\u016fj blog WordPress","potentialAction":[{"@type":"SearchAction","target":{"@type":"EntryPoint","urlTemplate":"https:\/\/narcopowders.com\/?s={search_term_string}"},"query-input":{"@type":"PropertyValueSpecification","valueRequired":true,"valueName":"search_term_string"}}],"inLanguage":"cs"}]}},"_links":{"self":[{"href":"https:\/\/narcopowders.com\/cs\/wp-json\/wp\/v2\/product\/20526","targetHints":{"allow":["GET"]}}],"collection":[{"href":"https:\/\/narcopowders.com\/cs\/wp-json\/wp\/v2\/product"}],"about":[{"href":"https:\/\/narcopowders.com\/cs\/wp-json\/wp\/v2\/types\/product"}],"replies":[{"embeddable":true,"href":"https:\/\/narcopowders.com\/cs\/wp-json\/wp\/v2\/comments?post=20526"}],"wp:featuredmedia":[{"embeddable":true,"href":"https:\/\/narcopowders.com\/cs\/wp-json\/wp\/v2\/media\/21249"}],"wp:attachment":[{"href":"https:\/\/narcopowders.com\/cs\/wp-json\/wp\/v2\/media?parent=20526"}],"wp:term":[{"taxonomy":"product_brand","embeddable":true,"href":"https:\/\/narcopowders.com\/cs\/wp-json\/wp\/v2\/product_brand?post=20526"},{"taxonomy":"product_cat","embeddable":true,"href":"https:\/\/narcopowders.com\/cs\/wp-json\/wp\/v2\/product_cat?post=20526"},{"taxonomy":"product_tag","embeddable":true,"href":"https:\/\/narcopowders.com\/cs\/wp-json\/wp\/v2\/product_tag?post=20526"}],"curies":[{"name":"wp","href":"https:\/\/api.w.org\/{rel}","templated":true}]}}