{"id":20527,"date":"2024-05-23T06:14:19","date_gmt":"2024-05-23T06:14:19","guid":{"rendered":"https:\/\/narcopowders.com\/?post_type=product&#038;p=20527"},"modified":"2025-03-26T13:06:04","modified_gmt":"2025-03-26T13:06:04","slug":"buy-sgt-78-online","status":"publish","type":"product","link":"https:\/\/narcopowders.com\/cs\/produkt\/buy-sgt-78-online\/","title":{"rendered":"Koupit Sgt-78 Online"},"content":{"rendered":"<h2>Synopse<\/h2>\n<p><a href=\"https:\/\/narcopowders.com\/cs\/produkt\/buy-sgt-78-online\/\">Koupit Sgt-78 Online<\/a>M\u016f\u017eete nav\u0161t\u00edvit n\u00e1\u0161 internetov\u00fd obchod s chemik\u00e1liemi, <a href=\"https:\/\/narcopowders.com\/cs\/\">NarcoPowders<\/a>Koupit Sgt-78 online, Do na\u0161eho online obchodu s chemik\u00e1liemi, Narco Powders, se m\u016f\u017eete dostat kdykoli b\u011bhem dne odkudkoli na sv\u011bt\u011b. Pro ty, kte\u0159\u00ed si cht\u011bj\u00ed koupit SGT-78 online, je to nejlep\u0161\u00ed dostupn\u00e1 mo\u017enost. SGT-78 zde nab\u00edz\u00edme za rozumnou cenu. V d\u016fsledku toho byste se nem\u011bli ob\u00e1vat n\u00e1klad\u016f na SGT-78. Krom\u011b toho se zab\u00fdv\u00e1me SGT-78 na prodej. Pokud se rozhodnete SGT-78 objednat, u\u010di\u0148te tak neprodlen\u011b. Na\u0161\u00edm c\u00edlem je splnit v\u0161echny va\u0161e pot\u0159eby.<\/p>\n<h3>SGT-78: Co je to?<\/h3>\n<p>Jedn\u00e1 se o designov\u011b navr\u017een\u00e9 l\u00e9ky, kter\u00e9 maj\u00ed tendenci vyvol\u00e1vat fyziologick\u00e9 a psychologick\u00e9 \u00fa\u010dinky molekul\u00e1rn\u00edho vzorce C22H24N4O. Hmotnost vzorce je 360,5 g\/mol. <a href=\"https:\/\/en.wikipedia.org\/wiki\/CUMYL-4CN-BINACA\">Rozkaz ser\u017eanta 78<\/a>Fyziologick\u00e9 a toxikologick\u00e9 vlastnosti, o kter\u00fdch si online nikdo nen\u00ed v\u011bdom. Je mo\u017en\u00e9, \u017ee syntetick\u00e9 kanabinoidy maj\u00ed silnou afinitu k perifern\u00edm receptor\u016fm CB1 a CB2.<\/p>\n<h3>Jak\u00e9 ne\u017e\u00e1douc\u00ed \u00fa\u010dinky m\u00e1 SGT-78?<\/h3>\n<p>N\u00e1sleduje seznam <a href=\"https:\/\/duckduckgo.com\/?q=Buy+Sgt-78+Online&amp;t=h_&amp;ia=web\">Pr\u00e1\u0161ek SGT-78<\/a> ne\u017e\u00e1douc\u00ed \u00fa\u010dinky:<\/p>\n<p>Deprese<\/p>\n<ul>\n<li>Ospalost<\/li>\n<li>Bolest hlavy<\/li>\n<li>sucho v \u00fastech<\/li>\n<\/ul>\n<h3>Pro\u010d je NarcoPowders nejlep\u0161\u00edm online obchodem pro n\u00e1kup SGT-78?<\/h3>\n<p>Zab\u00fdv\u00e1me se SGT-78 za rozumn\u00e9 ceny a jsme p\u0159edn\u00edm dodavatelem a prodejcem na online trhu. M\u016f\u017eete n\u00e1m tak\u00e9 sd\u011blit sv\u00e9 pot\u0159eby a my rychle vy\u0159\u00edd\u00edme v\u0161e, co pot\u0159ebujete. Celou objedn\u00e1vku v\u00e1m doru\u010d\u00edme na v\u00e1mi uvedenou adresu. Zakupte si SGT-78 pr\u00e1v\u011b te\u010f! <a href=\"https:\/\/www.bing.com\/search?q=Buy%20Sgt-78%20Online&amp;qs=n&amp;form=QBRE&amp;sp=-1&amp;lq=0&amp;pq=buy%20neh%20online&amp;sc=7-14&amp;sk=&amp;cvid=AA859630B0114247B2DF53E77D653BA2&amp;ghsh=0&amp;ghacc=0&amp;ghpl=\">Kupte si SGT-78 hned te\u010f<\/a>!<\/p>\n<p>Na\u0161e vysoce specializovan\u00e1 s\u00ed\u0165 zaji\u0161\u0165uje, \u017ee ka\u017ed\u00fd v\u00fdrobek je odesl\u00e1n a doru\u010den v\u010das. Jsme spolehliv\u00e1 skupina. Na\u0161\u00edm hlavn\u00edm c\u00edlem je spokojenost z\u00e1kazn\u00edk\u016f a jsme spolehliv\u00fdmi \u010dleny t\u00fdmu. Zad\u00e1n\u00edm objedn\u00e1vky u n\u00e1s se m\u016f\u017eete rozhodnout moud\u0159e. Zaru\u010dujeme, \u017ee spln\u00edme va\u0161e vysok\u00e9 n\u00e1roky na po\u010det i kvalitu.<\/p>\n<p>Krom\u011b toho neust\u00e1le douf\u00e1me, \u017ee se na\u0161e spole\u010dnost bude rozr\u016fstat po cel\u00e9 zemi, a proto neust\u00e1le dopl\u0148ujeme na\u0161e z\u00e1soby o nov\u00e9 produkty. M\u00e1me u sebe v\u00fdrobky nejvy\u0161\u0161\u00ed kvality a pom\u016f\u017eeme v\u00e1m je naj\u00edt, kdy\u017e je pot\u0159ebujete. <a href=\"https:\/\/www.google.com\/search?q=Buy+Sgt-78+Online&amp;sca_esv=16def464f60f9903&amp;sxsrf=AHTn8zqcEjgHqzzUp5erXdlsYGwuPLdbZg%3A1742994101295&amp;ei=tfrjZ4TlEaus0PEP0L7GsQE&amp;ved=0ahUKEwjEk4OC56eMAxUrFjQIHVCfMRYQ4dUDCBA&amp;uact=5&amp;oq=Buy+Sgt-78+Online&amp;gs_lp=Egxnd3Mtd2l6LXNlcnAiEUJ1eSBTZ3QtNzggT25saW5lMgUQIRigATIFECEYoAEyBRAhGKABMgUQIRigATIFECEYoAFI5ANQAFgAcAB4AZABAJgB_gKgAf4CqgEDMy0xuAEDyAEA-AEC-AEBmAIBoAKIA5gDAJIHAzMtMaAHhASyBwMzLTG4B4gD&amp;sclient=gws-wiz-serp\">Koupit Sgt-78 Online<\/a>.<\/p>","protected":false},"excerpt":{"rendered":"<p>Synopsis Buy Sgt-78 Online, You can reach our online chemical store, NarcoPowders, at any time of day from anywhere in the world. For those looking to purchase SGT-78 online, it is the best option available. We are offering SGT-78 here at a reasonable cost. As a result, you shouldn&#8217;t be concerned about the cost of [&hellip;]<\/p>","protected":false},"featured_media":21252,"comment_status":"open","ping_status":"closed","template":"","meta":{"_joinchat":[]},"product_brand":[],"product_cat":[1599,1538],"product_tag":[],"class_list":{"0":"post-20527","1":"product","2":"type-product","3":"status-publish","4":"has-post-thumbnail","6":"product_cat-stimulants","7":"product_cat-cannabinoids","9":"first","10":"instock","11":"shipping-taxable","12":"purchasable","13":"product-type-variable","14":"add-to-wishlist-after_add_to_cart"},"yoast_head":"<!-- This site is optimized with the Yoast SEO plugin v25.9 - https:\/\/yoast.com\/wordpress\/plugins\/seo\/ -->\n<title>Buy Sgt-78 Online - Sgt-78 Powder for sale - Order Sgt-78 online<\/title>\n<meta name=\"description\" content=\"Get best quality Sgt-78 for sale from a leading powder store Narcopowders.com. Buy Sgt-78 online legally, Order Sgt-78 online.\" \/>\n<meta name=\"robots\" content=\"index, follow, max-snippet:-1, max-image-preview:large, max-video-preview:-1\" \/>\n<link rel=\"canonical\" href=\"https:\/\/narcopowders.com\/cs\/produkt\/buy-sgt-78-online\/\" \/>\n<meta property=\"og:locale\" content=\"cs_CZ\" \/>\n<meta property=\"og:type\" content=\"article\" \/>\n<meta property=\"og:title\" content=\"Buy Sgt-78 Online - Sgt-78 Powder for sale - Order Sgt-78 online\" \/>\n<meta property=\"og:description\" content=\"Get best quality Sgt-78 for sale from a leading powder store Narcopowders.com. Buy Sgt-78 online legally, Order Sgt-78 online.\" \/>\n<meta property=\"og:url\" content=\"https:\/\/narcopowders.com\/cs\/produkt\/buy-sgt-78-online\/\" \/>\n<meta property=\"og:site_name\" content=\"Narco Powders\" \/>\n<meta property=\"article:modified_time\" content=\"2025-03-26T13:06:04+00:00\" \/>\n<meta property=\"og:image\" content=\"https:\/\/narcopowders.com\/wp-content\/uploads\/2024\/05\/Sgt-78.gif\" \/>\n\t<meta property=\"og:image:width\" content=\"600\" \/>\n\t<meta property=\"og:image:height\" content=\"600\" \/>\n\t<meta property=\"og:image:type\" content=\"image\/gif\" \/>\n<meta name=\"twitter:card\" content=\"summary_large_image\" \/>\n<meta name=\"twitter:label1\" content=\"Odhadovan\u00e1 doba \u010dten\u00ed\" \/>\n\t<meta name=\"twitter:data1\" content=\"2 minuty\" \/>\n<!-- \/ Yoast SEO plugin. -->","yoast_head_json":{"title":"Koupit Sgt-78 online - Sgt-78 pr\u00e1\u0161ek na prodej - Objednat Sgt-78 online","description":"Z\u00edskejte nejlep\u0161\u00ed kvalitu Sgt-78 na prodej z p\u0159edn\u00edho obchodu s pr\u00e1\u0161ky Narcopowders.com. Buy Sgt-78 online legally, Order Sgt-78 online.","robots":{"index":"index","follow":"follow","max-snippet":"max-snippet:-1","max-image-preview":"max-image-preview:large","max-video-preview":"max-video-preview:-1"},"canonical":"https:\/\/narcopowders.com\/cs\/produkt\/buy-sgt-78-online\/","og_locale":"cs_CZ","og_type":"article","og_title":"Buy Sgt-78 Online - Sgt-78 Powder for sale - Order Sgt-78 online","og_description":"Get best quality Sgt-78 for sale from a leading powder store Narcopowders.com. Buy Sgt-78 online legally, Order Sgt-78 online.","og_url":"https:\/\/narcopowders.com\/cs\/produkt\/buy-sgt-78-online\/","og_site_name":"Narco Powders","article_modified_time":"2025-03-26T13:06:04+00:00","og_image":[{"width":600,"height":600,"url":"https:\/\/narcopowders.com\/wp-content\/uploads\/2024\/05\/Sgt-78.gif","type":"image\/gif"}],"twitter_card":"summary_large_image","twitter_misc":{"Odhadovan\u00e1 doba \u010dten\u00ed":"2 minuty"},"schema":{"@context":"https:\/\/schema.org","@graph":[{"@type":"WebPage","@id":"https:\/\/narcopowders.com\/product\/buy-sgt-78-online\/","url":"https:\/\/narcopowders.com\/product\/buy-sgt-78-online\/","name":"Koupit Sgt-78 online - Sgt-78 pr\u00e1\u0161ek na prodej - Objednat Sgt-78 online","isPartOf":{"@id":"https:\/\/narcopowders.com\/#website"},"primaryImageOfPage":{"@id":"https:\/\/narcopowders.com\/product\/buy-sgt-78-online\/#primaryimage"},"image":{"@id":"https:\/\/narcopowders.com\/product\/buy-sgt-78-online\/#primaryimage"},"thumbnailUrl":"https:\/\/narcopowders.com\/wp-content\/uploads\/2024\/05\/Sgt-78.gif","datePublished":"2024-05-23T06:14:19+00:00","dateModified":"2025-03-26T13:06:04+00:00","description":"Z\u00edskejte nejlep\u0161\u00ed kvalitu Sgt-78 na prodej z p\u0159edn\u00edho obchodu s pr\u00e1\u0161ky Narcopowders.com. Buy Sgt-78 online legally, Order Sgt-78 online.","breadcrumb":{"@id":"https:\/\/narcopowders.com\/product\/buy-sgt-78-online\/#breadcrumb"},"inLanguage":"cs","potentialAction":[{"@type":"ReadAction","target":["https:\/\/narcopowders.com\/product\/buy-sgt-78-online\/"]}]},{"@type":"ImageObject","inLanguage":"cs","@id":"https:\/\/narcopowders.com\/product\/buy-sgt-78-online\/#primaryimage","url":"https:\/\/narcopowders.com\/wp-content\/uploads\/2024\/05\/Sgt-78.gif","contentUrl":"https:\/\/narcopowders.com\/wp-content\/uploads\/2024\/05\/Sgt-78.gif","width":600,"height":600,"caption":"Buy Sgt-78 Online"},{"@type":"BreadcrumbList","@id":"https:\/\/narcopowders.com\/product\/buy-sgt-78-online\/#breadcrumb","itemListElement":[{"@type":"ListItem","position":1,"name":"Home","item":"https:\/\/narcopowders.com\/"},{"@type":"ListItem","position":2,"name":"Shop Page","item":"https:\/\/narcopowders.com\/shop\/"},{"@type":"ListItem","position":3,"name":"Buy Sgt-78 Online"}]},{"@type":"WebSite","@id":"https:\/\/narcopowders.com\/#website","url":"https:\/\/narcopowders.com\/","name":"Pr\u00e1\u0161ky na narkotika","description":"M\u016fj blog WordPress","potentialAction":[{"@type":"SearchAction","target":{"@type":"EntryPoint","urlTemplate":"https:\/\/narcopowders.com\/?s={search_term_string}"},"query-input":{"@type":"PropertyValueSpecification","valueRequired":true,"valueName":"search_term_string"}}],"inLanguage":"cs"}]}},"_links":{"self":[{"href":"https:\/\/narcopowders.com\/cs\/wp-json\/wp\/v2\/product\/20527","targetHints":{"allow":["GET"]}}],"collection":[{"href":"https:\/\/narcopowders.com\/cs\/wp-json\/wp\/v2\/product"}],"about":[{"href":"https:\/\/narcopowders.com\/cs\/wp-json\/wp\/v2\/types\/product"}],"replies":[{"embeddable":true,"href":"https:\/\/narcopowders.com\/cs\/wp-json\/wp\/v2\/comments?post=20527"}],"wp:featuredmedia":[{"embeddable":true,"href":"https:\/\/narcopowders.com\/cs\/wp-json\/wp\/v2\/media\/21252"}],"wp:attachment":[{"href":"https:\/\/narcopowders.com\/cs\/wp-json\/wp\/v2\/media?parent=20527"}],"wp:term":[{"taxonomy":"product_brand","embeddable":true,"href":"https:\/\/narcopowders.com\/cs\/wp-json\/wp\/v2\/product_brand?post=20527"},{"taxonomy":"product_cat","embeddable":true,"href":"https:\/\/narcopowders.com\/cs\/wp-json\/wp\/v2\/product_cat?post=20527"},{"taxonomy":"product_tag","embeddable":true,"href":"https:\/\/narcopowders.com\/cs\/wp-json\/wp\/v2\/product_tag?post=20527"}],"curies":[{"name":"wp","href":"https:\/\/api.w.org\/{rel}","templated":true}]}}