{"id":20558,"date":"2024-05-23T06:14:29","date_gmt":"2024-05-23T06:14:29","guid":{"rendered":"https:\/\/narcopowders.com\/?post_type=product&#038;p=20558"},"modified":"2025-03-10T09:59:29","modified_gmt":"2025-03-10T09:59:29","slug":"buy-jwh-018-online","status":"publish","type":"product","link":"https:\/\/narcopowders.com\/cs\/product\/buy-jwh-018-online\/","title":{"rendered":"Koupit JWH-018 online"},"content":{"rendered":"<h2>Co je JWH-018?<\/h2>\n<p><a href=\"https:\/\/narcopowders.com\/cs\/produkt\/koupit-jwh-018-online\/\">JWH-018<\/a> (1-pentyl-3-(1-naphthoyl)indole, NA-PIMO[3] or AM-678) is a naphthoylindole-based analgesic that functions as a full agonist at both the CB1 and CB2 cannabinoid receptors, with modest selectivity for CB2. It has effects in animals that are comparable to those of tetrahydrocannabinol (THC), a cannabinoid found naturally in cannabis, which has led to its use in synthetic cannabis products sold legally in some countries as &#8220;incense blends&#8221;.<\/p>\n<h3>Koupit JWH-018 online<\/h3>\n<p><a href=\"https:\/\/www.bing.com\/search?q=Buy%20JWH-018%20online&amp;qs=n&amp;form=QBRE&amp;sp=-1&amp;lq=0&amp;pq=buy%20jwh-018%20online&amp;sc=1-18&amp;sk=&amp;cvid=7D99A2FC010545D7BA30995B6B57C7A2&amp;ghsh=0&amp;ghacc=0&amp;ghpl=\">Buy JWH-018, Our online store<\/a> in USA sells JWH 018 powder. We offer several versions of the herbal mixture \u201cSpice\u201d. Due to the intoxicating properties of this synthetic cannabinoid, which are similar to those of 9-THC in cannabis, it is mostly consumed illegally. While <a href=\"https:\/\/www.google.de\/search?q=Buy+JWH-018+online&amp;sca_esv=1a2a07081c7891bb&amp;rlz=1C1RXQR_enIN1098IN1098&amp;ei=nrfOZ4uoJ5Whvr0P6Ob5eA&amp;ved=0ahUKEwiL78GKoP-LAxWVkK8BHWhzHg8Q4dUDCBA&amp;uact=5&amp;oq=Buy+JWH-018+online&amp;gs_lp=Egxnd3Mtd2l6LXNlcnAiEkJ1eSBKV0gtMDE4IG9ubGluZUj0B1C1A1i1A3ACeACQAQCYAccBoAHHAaoBAzAuMbgBA8gBAPgBAvgBAZgCAKACAJgDAIgGAZIHAKAHRg&amp;sclient=gws-wiz-serp\">jwh 018<\/a> is significantly more effective than similar cannabis dosages, it also presents significant challenges in identification using traditional 9-THC testing methods. In July 2009, <a href=\"https:\/\/www.bing.com\/search?q=Buy%20JWH-018%20online&amp;qs=n&amp;form=QBRE&amp;sp=-1&amp;lq=0&amp;pq=buy%20jwh-018%20online&amp;sc=1-18&amp;sk=&amp;cvid=7D99A2FC010545D7BA30995B6B57C7A2&amp;ghsh=0&amp;ghacc=0&amp;ghpl=\">JWH-018<\/a> was added to the U.S. Drug Enforcement Administration&#8217;s (DEA) list of drugs and chemicals of concern . In addition to reports of Spice seizures in Ohio and Florida, other states, including Alabama, Arkansas and Florida, have passed laws restricting the sale or possession of<a href=\"https:\/\/www.google.de\/search?q=Buy+JWH-018+online&amp;sca_esv=1a2a07081c7891bb&amp;rlz=1C1RXQR_enIN1098IN1098&amp;ei=nrfOZ4uoJ5Whvr0P6Ob5eA&amp;ved=0ahUKEwiL78GKoP-LAxWVkK8BHWhzHg8Q4dUDCBA&amp;uact=5&amp;oq=Buy+JWH-018+online&amp;gs_lp=Egxnd3Mtd2l6LXNlcnAiEkJ1eSBKV0gtMDE4IG9ubGluZUj0B1C1A1i1A3ACeACQAQCYAccBoAHHAaoBAzAuMbgBA8gBAPgBAvgBAZgCAKACAJgDAIgGAZIHAKAHRg&amp;sclient=gws-wiz-serp\"> JWH-018 powder<\/a><a href=\"https:\/\/narcopowders.com\/nl\/productcategorie\/cannabinoids\/\"> .<\/a><\/p>\n<h3>JWH-018 na prodej | Objednat JWH-018 online<\/h3>\n<p>JWH 018, st\u0159edn\u011b selektivn\u00ed agonista perifern\u00edho kanabinoidn\u00edho (CB2) receptoru, se p\u0159ipravuje z aminoalkylindolu WIN 55,212-2. Hodnoty Ki pro vazbu na receptory CB1 a CB2 jsou 9,0, resp. 2,94 nM, p\u0159i pom\u011bru CB1:CB2 3,061. Byly testov\u00e1ny potkany a v\u00fdsledky byly srovnateln\u00e9 s v\u00fdsledky WIN 55,212-2, pokud jde o rekt\u00e1ln\u00ed teplotu, maxim\u00e1ln\u00ed antinociceptivn\u00ed \u00fa\u010dinek v testu s mrsk\u00e1n\u00edm ocasem a inhibici spont\u00e1nn\u00ed aktivity. Prodej pr\u00e1\u0161ku JWH 018 online v USA. <a href=\"https:\/\/narcopowders.com\/cs\/\">Narco Powders.<\/a><\/p>\n<h3>JWH-018 je k dispozici v Evrop\u011b<\/h3>\n<p>According to animal pharmacological studies, the pill JWH-018 has a similar effect to 9-THC. In mice it causes analgesia, a drop in body temperature, catalepsy and a general decrease in activity. By combining these four effects, scientists can predict psychoactivity in humans comparable to that of 9-THC. <a href=\"https:\/\/duckduckgo.com\/?q=Buy+JWH-018+online&amp;t=h_&amp;ia=web\">JWH-018&#8217;s<\/a> performance in all four tests suggests that it is likely to produce psychoactive effects in humans comparable to those of THC. In drug discrimination studies in rats, JWH-018 generalized to 9-THC and elicited subjective responses similar to those of 9-THC. JWH-018 binds to the cannabinoid receptor CB1 in the brain with greater affinity than 9-THC and exhibits agonistic properties in functional assays, suggesting that it may act similarly to 9-THC in vivo .<\/p>\n<h3>Koupit syntetick\u00e9 kanabinoidy<\/h3>\n<p>Na rozd\u00edl od THC, kter\u00fd je ne\u00fapln\u00fdm agonistou na CB1 receptorech, jsou JWH-018 online a \u010detn\u00e9 upraven\u00e9 kanabinoidy pln\u00fdmi agonisty. Bylo prok\u00e1z\u00e1no, \u017ee THC br\u00e1n\u00ed neurotransmisi GABA receptor\u016f v mozku n\u011bkolika cestami. JWH-018 m\u016f\u017ee zp\u016fsobit extr\u00e9mn\u00ed mal\u00e1tnost, zimnici a ve vz\u00e1cn\u00fdch p\u0159\u00edpadech (v\u011bt\u0161inou u nestandardn\u00edch z\u00e1kazn\u00edk\u016f JWH) z\u00e1chvaty, proto\u017ee inhibuje GABA neurotransmisi adekv\u00e1tn\u011bji ne\u017e THC. Pln\u00ed agonist\u00e9 kanabinoidn\u00edch receptor\u016f mohou p\u0159i nadm\u011brn\u00e9m u\u017e\u00edv\u00e1n\u00ed p\u0159edstavovat pro klienta skute\u010dn\u00e9 nebezpe\u010d\u00ed.<\/p>\n<p>Various physical and mental unfriendly effects have been noted while using JWH-018 purchased online. In one study, insane relapses and malaise were described as side effects in thoroughly treated patients with mental illnesses after inhaling <a href=\"https:\/\/duckduckgo.com\/?q=Buy+JWH-018+online&amp;t=h_&amp;ia=web\">JWH-018<\/a>.[21] Due to concerns about the ability of JWH-018 and other manufactured cannabinoids to cause psychosis in vulnerable people, it has been suggested that individuals with risk factors for insanity (such as a past or family history of psychosis) should not use these substances.<\/p>","protected":false},"excerpt":{"rendered":"<p>What is JWH-018? JWH-018 (1-pentyl-3-(1-naphthoyl)indole, NA-PIMO[3] or AM-678) is a naphthoylindole-based analgesic that functions as a full agonist at both the CB1 and CB2 cannabinoid receptors, with modest selectivity for CB2. It has effects in animals that are comparable to those of tetrahydrocannabinol (THC), a cannabinoid found naturally in cannabis, which has led to its [&hellip;]<\/p>","protected":false},"featured_media":21244,"comment_status":"open","ping_status":"closed","template":"","meta":{"_joinchat":[]},"product_brand":[],"product_cat":[1538],"product_tag":[],"class_list":{"0":"post-20558","1":"product","2":"type-product","3":"status-publish","4":"has-post-thumbnail","6":"product_cat-cannabinoids","8":"first","9":"instock","10":"shipping-taxable","11":"purchasable","12":"product-type-variable","13":"add-to-wishlist-after_add_to_cart"},"yoast_head":"<!-- This site is optimized with the Yoast SEO plugin v27.5 - https:\/\/yoast.com\/product\/yoast-seo-wordpress\/ -->\n<title>Buy JWH-018 - JWH-018 FOR SALE<\/title>\n<meta name=\"description\" content=\"Buy JWH-018, Order pure JWH-018 Powder, JWH-018 Blotters online directly with secured and discreet delivery from within EU and USA.\" \/>\n<meta name=\"robots\" content=\"index, follow, max-snippet:-1, max-image-preview:large, max-video-preview:-1\" \/>\n<link rel=\"canonical\" href=\"https:\/\/narcopowders.com\/cs\/produkt\/koupit-jwh-018-online\/\" \/>\n<meta property=\"og:locale\" content=\"cs_CZ\" \/>\n<meta property=\"og:type\" content=\"article\" \/>\n<meta property=\"og:title\" content=\"Buy JWH-018 - JWH-018 FOR SALE\" \/>\n<meta property=\"og:description\" content=\"Buy JWH-018, Order pure JWH-018 Powder, JWH-018 Blotters online directly with secured and discreet delivery from within EU and USA.\" \/>\n<meta property=\"og:url\" content=\"https:\/\/narcopowders.com\/cs\/produkt\/koupit-jwh-018-online\/\" \/>\n<meta property=\"og:site_name\" content=\"Narco Powders\" \/>\n<meta property=\"article:modified_time\" content=\"2025-03-10T09:59:29+00:00\" \/>\n<meta property=\"og:image\" content=\"https:\/\/narcopowders.com\/wp-content\/uploads\/2024\/05\/JwH018.gif\" \/>\n\t<meta property=\"og:image:width\" content=\"600\" \/>\n\t<meta property=\"og:image:height\" content=\"600\" \/>\n\t<meta property=\"og:image:type\" content=\"image\/gif\" \/>\n<meta name=\"twitter:card\" content=\"summary_large_image\" \/>\n<meta name=\"twitter:label1\" content=\"Odhadovan\u00e1 doba \u010dten\u00ed\" \/>\n\t<meta name=\"twitter:data1\" content=\"3 minuty\" \/>\n<!-- \/ Yoast SEO plugin. -->","yoast_head_json":{"title":"Koupit JWH-018 - JWH-018 NA PRODEJN\u011a","description":"Koupit JWH-018, objednat \u010dist\u00fd pr\u00e1\u0161ek JWH-018, JWH-018 Blotters online p\u0159\u00edmo se zabezpe\u010den\u00fdm a diskr\u00e9tn\u00edm dod\u00e1n\u00edm z EU a USA.","robots":{"index":"index","follow":"follow","max-snippet":"max-snippet:-1","max-image-preview":"max-image-preview:large","max-video-preview":"max-video-preview:-1"},"canonical":"https:\/\/narcopowders.com\/cs\/produkt\/koupit-jwh-018-online\/","og_locale":"cs_CZ","og_type":"article","og_title":"Buy JWH-018 - JWH-018 FOR SALE","og_description":"Buy JWH-018, Order pure JWH-018 Powder, JWH-018 Blotters online directly with secured and discreet delivery from within EU and USA.","og_url":"https:\/\/narcopowders.com\/cs\/produkt\/koupit-jwh-018-online\/","og_site_name":"Narco Powders","article_modified_time":"2025-03-10T09:59:29+00:00","og_image":[{"width":600,"height":600,"url":"https:\/\/narcopowders.com\/wp-content\/uploads\/2024\/05\/JwH018.gif","type":"image\/gif"}],"twitter_card":"summary_large_image","twitter_misc":{"Odhadovan\u00e1 doba \u010dten\u00ed":"3 minuty"},"schema":{"@context":"https:\/\/schema.org","@graph":[{"@type":"WebPage","@id":"https:\/\/narcopowders.com\/product\/buy-jwh-018-online\/","url":"https:\/\/narcopowders.com\/product\/buy-jwh-018-online\/","name":"Koupit JWH-018 - JWH-018 NA PRODEJN\u011a","isPartOf":{"@id":"https:\/\/narcopowders.com\/#website"},"primaryImageOfPage":{"@id":"https:\/\/narcopowders.com\/product\/buy-jwh-018-online\/#primaryimage"},"image":{"@id":"https:\/\/narcopowders.com\/product\/buy-jwh-018-online\/#primaryimage"},"thumbnailUrl":"https:\/\/narcopowders.com\/wp-content\/uploads\/2024\/05\/JwH018.gif","datePublished":"2024-05-23T06:14:29+00:00","dateModified":"2025-03-10T09:59:29+00:00","description":"Koupit JWH-018, objednat \u010dist\u00fd pr\u00e1\u0161ek JWH-018, JWH-018 Blotters online p\u0159\u00edmo se zabezpe\u010den\u00fdm a diskr\u00e9tn\u00edm dod\u00e1n\u00edm z EU a USA.","breadcrumb":{"@id":"https:\/\/narcopowders.com\/product\/buy-jwh-018-online\/#breadcrumb"},"inLanguage":"cs","potentialAction":[{"@type":"ReadAction","target":["https:\/\/narcopowders.com\/product\/buy-jwh-018-online\/"]}]},{"@type":"ImageObject","inLanguage":"cs","@id":"https:\/\/narcopowders.com\/product\/buy-jwh-018-online\/#primaryimage","url":"https:\/\/narcopowders.com\/wp-content\/uploads\/2024\/05\/JwH018.gif","contentUrl":"https:\/\/narcopowders.com\/wp-content\/uploads\/2024\/05\/JwH018.gif","width":600,"height":600,"caption":"Buy JwH018 Online"},{"@type":"BreadcrumbList","@id":"https:\/\/narcopowders.com\/product\/buy-jwh-018-online\/#breadcrumb","itemListElement":[{"@type":"ListItem","position":1,"name":"Home","item":"https:\/\/narcopowders.com\/"},{"@type":"ListItem","position":2,"name":"Shop Page","item":"https:\/\/narcopowders.com\/shop\/"},{"@type":"ListItem","position":3,"name":"Buy JWH-018 online"}]},{"@type":"WebSite","@id":"https:\/\/narcopowders.com\/#website","url":"https:\/\/narcopowders.com\/","name":"Pr\u00e1\u0161ky na narkotika","description":"M\u016fj blog WordPress","potentialAction":[{"@type":"SearchAction","target":{"@type":"EntryPoint","urlTemplate":"https:\/\/narcopowders.com\/?s={search_term_string}"},"query-input":{"@type":"PropertyValueSpecification","valueRequired":true,"valueName":"search_term_string"}}],"inLanguage":"cs"}]}},"_links":{"self":[{"href":"https:\/\/narcopowders.com\/cs\/wp-json\/wp\/v2\/product\/20558","targetHints":{"allow":["GET"]}}],"collection":[{"href":"https:\/\/narcopowders.com\/cs\/wp-json\/wp\/v2\/product"}],"about":[{"href":"https:\/\/narcopowders.com\/cs\/wp-json\/wp\/v2\/types\/product"}],"replies":[{"embeddable":true,"href":"https:\/\/narcopowders.com\/cs\/wp-json\/wp\/v2\/comments?post=20558"}],"wp:featuredmedia":[{"embeddable":true,"href":"https:\/\/narcopowders.com\/cs\/wp-json\/wp\/v2\/media\/21244"}],"wp:attachment":[{"href":"https:\/\/narcopowders.com\/cs\/wp-json\/wp\/v2\/media?parent=20558"}],"wp:term":[{"taxonomy":"product_brand","embeddable":true,"href":"https:\/\/narcopowders.com\/cs\/wp-json\/wp\/v2\/product_brand?post=20558"},{"taxonomy":"product_cat","embeddable":true,"href":"https:\/\/narcopowders.com\/cs\/wp-json\/wp\/v2\/product_cat?post=20558"},{"taxonomy":"product_tag","embeddable":true,"href":"https:\/\/narcopowders.com\/cs\/wp-json\/wp\/v2\/product_tag?post=20558"}],"curies":[{"name":"wp","href":"https:\/\/api.w.org\/{rel}","templated":true}]}}