{"id":20562,"date":"2024-05-23T06:14:29","date_gmt":"2024-05-23T06:14:29","guid":{"rendered":"https:\/\/narcopowders.com\/?post_type=product&#038;p=20562"},"modified":"2025-05-06T07:05:50","modified_gmt":"2025-05-06T07:05:50","slug":"buy-isotonitazene-online","status":"publish","type":"product","link":"https:\/\/narcopowders.com\/cs\/produkt\/buy-isotonitazene-online\/","title":{"rendered":"Koupit Isotonitazene online"},"content":{"rendered":"<h2>Koupit izopropylfenid\u00e1tov\u00fd pr\u00e1\u0161ek<\/h2>\n<p><a href=\"https:\/\/narcopowders.com\/cs\/produkt\/buy-isotonitazene-online\/\">Koupit isopropylfenid\u00e1t, isopropylfenid\u00e1t<\/a> (tak\u00e9 zn\u00e1m\u00fd jako IPH a IPPD) je stimula\u010dn\u00ed l\u00e9k ze skupiny piperidin\u016f. Isopropylfenid\u00e1t m\u00e1 motiva\u010dn\u00ed a stimula\u010dn\u00ed \u00fa\u010dinek, kter\u00fd tak\u00e9 podporuje soust\u0159ed\u011bn\u00ed. Je strukturn\u00edm analogem b\u011b\u017en\u011b p\u0159edepisovan\u00e9ho <a href=\"https:\/\/www.bing.com\/search?q=Buy%20Isotonitazene%20Online&amp;qs=n&amp;form=QBRE&amp;sp=-1&amp;lq=0&amp;pq=buy%20isotonitazene%20online&amp;sc=0-24&amp;sk=&amp;cvid=C13213C671EB4FA6BE3F236B93414129&amp;ghsh=0&amp;ghacc=0&amp;ghpl=\">ADHD<\/a> l\u00e9k methylfenid\u00e1t a \u00fadajn\u011b m\u00e1 t\u00e9m\u011b\u0159 identick\u00e9 kognitivn\u00ed a fyzick\u00e9 \u00fa\u010dinky, ale s men\u0161\u00ed euforickou \u201ehigh\u201c slo\u017ekou a del\u0161\u00edm trv\u00e1n\u00edm \u00fa\u010dinku.<\/p>\n<h3>Co je isopropylfenid\u00e1t (IPH)?<\/h3>\n<p><a href=\"https:\/\/narcopowders.com\/cs\/produkt\/buy-isotonitazene-online\/\">IPH<\/a> je v\u00fdzkumn\u00e1 chemick\u00e1 l\u00e1tka, kter\u00e1 pat\u0159\u00ed do t\u0159\u00eddy piperdin\u016f. Jedn\u00e1 se o syntetick\u00fd stimulant. IPH je velmi podobn\u00fd chemick\u00e9 l\u00e1tce methylfenid\u00e1t a p\u0159in\u00e1\u0161\u00ed t\u00e9m\u011b\u0159 toto\u017en\u00e9 v\u00fdsledky v\u00fdzkumu. V\u017edy pou\u017e\u00edvejte vhodn\u00e9 laboratorn\u00ed bezpe\u010dnostn\u00ed postupy, proto\u017ee vy\u0161\u0161\u00ed d\u00e1vky mohou b\u00fdt mnohem \u00fa\u010dinn\u011bj\u0161\u00ed .<\/p>\n<p><strong>Isopropylfenid\u00e1t - Z\u00e1konnost<\/strong><\/p>\n<p><a href=\"https:\/\/www.google.com\/search?q=Buy+Isotonitazene+Online&amp;num=10&amp;sca_esv=1a2a07081c7891bb&amp;rlz=1C1RXQR_enIN1098IN1098&amp;sxsrf=AHTn8zqQPHas8JyshcunHpWRxD6b4X8gUg%3A1741762913457&amp;ei=YTHRZ9DDG8mS4-EP--yscA&amp;ved=0ahUKEwiQ-PS9_IOMAxVJyTgGHXs2Cw4Q4dUDCBA&amp;uact=5&amp;oq=Buy+Isotonitazene+Online&amp;gs_lp=Egxnd3Mtd2l6LXNlcnAiGEJ1eSBJc290b25pdGF6ZW5lIE9ubGluZUjuBlCyA1iyA3ADeACQAQCYAdABoAHQAaoBAzItMbgBA8gBAPgBAvgBAZgCAKACAJgDAIgGAZIHAKAHTA&amp;sclient=gws-wiz-serp\">IPH<\/a> je v Nizozemsku, N\u011bmecku a Spojen\u00e9m kr\u00e1lovstv\u00ed neleg\u00e1ln\u00ed. V mnoha dal\u0161\u00edch zem\u00edch v\u0161ak nen\u00ed schv\u00e1len, a proto je na mnoha m\u00edstech leg\u00e1ln\u00ed. V zem\u00edch s p\u0159\u00edsn\u00fdmi analogick\u00fdmi z\u00e1kony, jako jsou Spojen\u00e9 st\u00e1ty, by v\u0161ak mohl b\u00fdt n\u00e1kup isopropylfenid\u00e1tu potenci\u00e1ln\u011b neleg\u00e1ln\u00ed.<\/p>\n<p><strong>\u00da\u010dinky izopropylfenid\u00e1tu<\/strong><\/p>\n<p><a href=\"https:\/\/duckduckgo.com\/?q=Buy+Isotonitazene+Online&amp;t=h_&amp;ia=web\">Isopropylphenidate<\/a>, zn\u00e1m\u00fd tak\u00e9 jako IPH nebo IPPD, je stimula\u010dn\u00ed l\u00e9\u010divo ze skupiny piperidin\u016f. M\u00e1 energizuj\u00edc\u00ed, motiva\u010dn\u00ed \u00fa\u010dinek a m\u016f\u017ee tak\u00e9 zlep\u0161ovat koncentraci. Strukturn\u011b je podobn\u00fd l\u00e9ku na ADHD methylfenid\u00e1tu a p\u0159edpokl\u00e1d\u00e1 se, \u017ee m\u00e1 podobn\u00e9 kognitivn\u00ed a fyzick\u00e9 \u00fa\u010dinky. M\u00e1 krat\u0161\u00ed dobu \u00fa\u010dinku a m\u00e9n\u011b euforizuj\u00edc\u00ed slo\u017eku.<\/p>\n<p>Isopropylfenid\u00e1t byl teprve ned\u00e1vno pou\u017eit jako rekrea\u010dn\u00ed droga u lid\u00ed a dosud se neprod\u00e1val na ulici.<\/p>\n<h3>Kde si mohu koupit IPH?<\/h3>\n<p>At <a href=\"https:\/\/en.wikipedia.org\/wiki\/Isotonitazene\">Narcopowders<\/a>, m\u016f\u017eete si zakoupit v\u00fdzkumn\u00e9 chemik\u00e1lie obsahuj\u00edc\u00ed <a href=\"https:\/\/narcopowders.com\/cs\/\">izopropylfenid\u00e1tu<\/a> na na\u0161ich webov\u00fdch str\u00e1nk\u00e1ch. V\u0161echny na\u0161e v\u00fdzkumn\u00e9 chemik\u00e1lie jsou p\u0159ed uveden\u00edm do prodeje testov\u00e1ny a analyzov\u00e1ny. Jen tak m\u016f\u017eeme zaru\u010dit vysokou kvalitu na\u0161ich <a href=\"https:\/\/www.bing.com\/search?q=Buy%20Isotonitazene%20Online&amp;qs=n&amp;form=QBRE&amp;sp=-1&amp;lq=0&amp;pq=buy%20isotonitazene%20online&amp;sc=0-24&amp;sk=&amp;cvid=C13213C671EB4FA6BE3F236B93414129&amp;ghsh=0&amp;ghacc=0&amp;ghpl=\">izopropylfenid\u00e1tu<\/a> produkty. R\u00e1di zodpov\u00edme va\u0161e dotazy nebo v\u00e1m poskytneme dopl\u0148uj\u00edc\u00ed informace.<\/p>\n<p>Tento produkt je ur\u010den pouze pro vzd\u011bl\u00e1vac\u00ed \u00fa\u010dely. Spole\u010dnost Achemic neprod\u00e1v\u00e1 IPH s v\u00fdjimkou v\u011bdeck\u00fdch a vzd\u011bl\u00e1vac\u00edch \u00fa\u010del\u016f. NEN\u00cd ur\u010den k lidsk\u00e9 spot\u0159eb\u011b ani k veterin\u00e1rn\u00edmu pou\u017eit\u00ed. Zas\u00edl\u00e1me po cel\u00e9m sv\u011bt\u011b, v\u010detn\u011b USA.<\/p>","protected":false},"excerpt":{"rendered":"<p>Buy Isopropylphenidate Powder Isopropylphenidate Buy, Isopropylphenidate (also known as IPH and IPPD) is a stimulant drug of the piperidine class. Isopropylphenidate produces a motivating, stimulating effect that also promotes concentration. It is a structural analogue of the commonly prescribed ADHD medication methylphenidate and is said to produce nearly identical cognitive and physical effects, but with [&hellip;]<\/p>","protected":false},"featured_media":21300,"comment_status":"open","ping_status":"closed","template":"","meta":{"_joinchat":[]},"product_brand":[],"product_cat":[1724],"product_tag":[],"class_list":{"0":"post-20562","1":"product","2":"type-product","3":"status-publish","4":"has-post-thumbnail","6":"product_cat-research-chemicals","8":"first","9":"instock","10":"shipping-taxable","11":"purchasable","12":"product-type-variable","13":"add-to-wishlist-after_add_to_cart"},"yoast_head":"<!-- This site is optimized with the Yoast SEO plugin v25.9 - https:\/\/yoast.com\/wordpress\/plugins\/seo\/ -->\n<title>Buy Isotonitazene Online - Isotonitazene for Sale Online Shop<\/title>\n<meta name=\"description\" content=\"You can buy Isotonitazene online from #1 chemical powder store NarcoPowders. We have high-quality Isotonitazene powder for sale online, Order Now!\" \/>\n<meta name=\"robots\" content=\"index, follow, max-snippet:-1, max-image-preview:large, max-video-preview:-1\" \/>\n<link rel=\"canonical\" href=\"https:\/\/narcopowders.com\/cs\/produkt\/buy-isotonitazene-online\/\" \/>\n<meta property=\"og:locale\" content=\"cs_CZ\" \/>\n<meta property=\"og:type\" content=\"article\" \/>\n<meta property=\"og:title\" content=\"Buy Isotonitazene Online - Isotonitazene for Sale Online Shop\" \/>\n<meta property=\"og:description\" content=\"You can buy Isotonitazene online from #1 chemical powder store NarcoPowders. We have high-quality Isotonitazene powder for sale online, Order Now!\" \/>\n<meta property=\"og:url\" content=\"https:\/\/narcopowders.com\/cs\/produkt\/buy-isotonitazene-online\/\" \/>\n<meta property=\"og:site_name\" content=\"Narco Powders\" \/>\n<meta property=\"article:modified_time\" content=\"2025-05-06T07:05:50+00:00\" \/>\n<meta property=\"og:image\" content=\"https:\/\/narcopowders.com\/wp-content\/uploads\/2024\/05\/Isotonitazene.gif\" \/>\n\t<meta property=\"og:image:width\" content=\"600\" \/>\n\t<meta property=\"og:image:height\" content=\"600\" \/>\n\t<meta property=\"og:image:type\" content=\"image\/gif\" \/>\n<meta name=\"twitter:card\" content=\"summary_large_image\" \/>\n<meta name=\"twitter:label1\" content=\"Odhadovan\u00e1 doba \u010dten\u00ed\" \/>\n\t<meta name=\"twitter:data1\" content=\"2 minuty\" \/>\n<!-- \/ Yoast SEO plugin. -->","yoast_head_json":{"title":"Koupit Isotonitazene online - Isotonitazene na prodej v internetov\u00e9m obchod\u011b","description":"Isotonitazen si m\u016f\u017eete koupit online z obchodu s chemick\u00fdmi pr\u00e1\u0161ky #1 NarcoPowders. M\u00e1me vysoce kvalitn\u00ed pr\u00e1\u0161ek Isotonitazene na prodej online, objednejte si nyn\u00ed!","robots":{"index":"index","follow":"follow","max-snippet":"max-snippet:-1","max-image-preview":"max-image-preview:large","max-video-preview":"max-video-preview:-1"},"canonical":"https:\/\/narcopowders.com\/cs\/produkt\/buy-isotonitazene-online\/","og_locale":"cs_CZ","og_type":"article","og_title":"Buy Isotonitazene Online - Isotonitazene for Sale Online Shop","og_description":"You can buy Isotonitazene online from #1 chemical powder store NarcoPowders. We have high-quality Isotonitazene powder for sale online, Order Now!","og_url":"https:\/\/narcopowders.com\/cs\/produkt\/buy-isotonitazene-online\/","og_site_name":"Narco Powders","article_modified_time":"2025-05-06T07:05:50+00:00","og_image":[{"width":600,"height":600,"url":"https:\/\/narcopowders.com\/wp-content\/uploads\/2024\/05\/Isotonitazene.gif","type":"image\/gif"}],"twitter_card":"summary_large_image","twitter_misc":{"Odhadovan\u00e1 doba \u010dten\u00ed":"2 minuty"},"schema":{"@context":"https:\/\/schema.org","@graph":[{"@type":"WebPage","@id":"https:\/\/narcopowders.com\/product\/buy-isotonitazene-online\/","url":"https:\/\/narcopowders.com\/product\/buy-isotonitazene-online\/","name":"Koupit Isotonitazene online - Isotonitazene na prodej v internetov\u00e9m obchod\u011b","isPartOf":{"@id":"https:\/\/narcopowders.com\/#website"},"primaryImageOfPage":{"@id":"https:\/\/narcopowders.com\/product\/buy-isotonitazene-online\/#primaryimage"},"image":{"@id":"https:\/\/narcopowders.com\/product\/buy-isotonitazene-online\/#primaryimage"},"thumbnailUrl":"https:\/\/narcopowders.com\/wp-content\/uploads\/2024\/05\/Isotonitazene.gif","datePublished":"2024-05-23T06:14:29+00:00","dateModified":"2025-05-06T07:05:50+00:00","description":"Isotonitazen si m\u016f\u017eete koupit online z obchodu s chemick\u00fdmi pr\u00e1\u0161ky #1 NarcoPowders. M\u00e1me vysoce kvalitn\u00ed pr\u00e1\u0161ek Isotonitazene na prodej online, objednejte si nyn\u00ed!","breadcrumb":{"@id":"https:\/\/narcopowders.com\/product\/buy-isotonitazene-online\/#breadcrumb"},"inLanguage":"cs","potentialAction":[{"@type":"ReadAction","target":["https:\/\/narcopowders.com\/product\/buy-isotonitazene-online\/"]}]},{"@type":"ImageObject","inLanguage":"cs","@id":"https:\/\/narcopowders.com\/product\/buy-isotonitazene-online\/#primaryimage","url":"https:\/\/narcopowders.com\/wp-content\/uploads\/2024\/05\/Isotonitazene.gif","contentUrl":"https:\/\/narcopowders.com\/wp-content\/uploads\/2024\/05\/Isotonitazene.gif","width":600,"height":600,"caption":"Buy Isotonitazene Online"},{"@type":"BreadcrumbList","@id":"https:\/\/narcopowders.com\/product\/buy-isotonitazene-online\/#breadcrumb","itemListElement":[{"@type":"ListItem","position":1,"name":"Home","item":"https:\/\/narcopowders.com\/"},{"@type":"ListItem","position":2,"name":"Shop Page","item":"https:\/\/narcopowders.com\/shop\/"},{"@type":"ListItem","position":3,"name":"Buy Isotonitazene Online"}]},{"@type":"WebSite","@id":"https:\/\/narcopowders.com\/#website","url":"https:\/\/narcopowders.com\/","name":"Pr\u00e1\u0161ky na narkotika","description":"M\u016fj blog WordPress","potentialAction":[{"@type":"SearchAction","target":{"@type":"EntryPoint","urlTemplate":"https:\/\/narcopowders.com\/?s={search_term_string}"},"query-input":{"@type":"PropertyValueSpecification","valueRequired":true,"valueName":"search_term_string"}}],"inLanguage":"cs"}]}},"_links":{"self":[{"href":"https:\/\/narcopowders.com\/cs\/wp-json\/wp\/v2\/product\/20562","targetHints":{"allow":["GET"]}}],"collection":[{"href":"https:\/\/narcopowders.com\/cs\/wp-json\/wp\/v2\/product"}],"about":[{"href":"https:\/\/narcopowders.com\/cs\/wp-json\/wp\/v2\/types\/product"}],"replies":[{"embeddable":true,"href":"https:\/\/narcopowders.com\/cs\/wp-json\/wp\/v2\/comments?post=20562"}],"wp:featuredmedia":[{"embeddable":true,"href":"https:\/\/narcopowders.com\/cs\/wp-json\/wp\/v2\/media\/21300"}],"wp:attachment":[{"href":"https:\/\/narcopowders.com\/cs\/wp-json\/wp\/v2\/media?parent=20562"}],"wp:term":[{"taxonomy":"product_brand","embeddable":true,"href":"https:\/\/narcopowders.com\/cs\/wp-json\/wp\/v2\/product_brand?post=20562"},{"taxonomy":"product_cat","embeddable":true,"href":"https:\/\/narcopowders.com\/cs\/wp-json\/wp\/v2\/product_cat?post=20562"},{"taxonomy":"product_tag","embeddable":true,"href":"https:\/\/narcopowders.com\/cs\/wp-json\/wp\/v2\/product_tag?post=20562"}],"curies":[{"name":"wp","href":"https:\/\/api.w.org\/{rel}","templated":true}]}}