{"id":20593,"date":"2024-05-23T06:14:38","date_gmt":"2024-05-23T06:14:38","guid":{"rendered":"https:\/\/narcopowders.com\/?post_type=product&#038;p=20593"},"modified":"2024-05-24T06:16:20","modified_gmt":"2024-05-24T06:16:20","slug":"buy-3b-rpvp-online","status":"publish","type":"product","link":"https:\/\/narcopowders.com\/cs\/produkt\/buy-3b-rpvp-online\/","title":{"rendered":"Koupit 3B-RPVP online"},"content":{"rendered":"<p>Kupte si 3B-RPVP, Zdrav\u00edm od NarcoPowders, nejd\u016fv\u011bryhodn\u011bj\u0161\u00edho zdroje 3br-PvP a dal\u0161\u00edch syntetick\u00fdch kanabinoid\u016f v oboru. A\u0165 u\u017e \u017eijete v Evrop\u011b, USA, Kanad\u011b, Austr\u00e1lii nebo na Nov\u00e9m Z\u00e9landu, nab\u00edz\u00edme v\u00e1m snadn\u00e9 zp\u016fsoby, jak si koupit 3BR-PvP online. Od ostatn\u00edch prodejc\u016f se odli\u0161ujeme sv\u00fdm z\u00e1vazkem ke kvalit\u011b a spokojenosti z\u00e1kazn\u00edk\u016f, d\u00edky \u010demu\u017e se staneme va\u0161\u00ed prvn\u00ed volbou pro v\u0161echny va\u0161e pot\u0159eby v oblasti 3BR-PvP. <a href=\"https:\/\/narcopowders.com\/cs\/produkt\/buy-2fdck-online\/\">.<\/a><\/p>\n<p>V NarcoPowders ch\u00e1peme, jak d\u016fle\u017eit\u00e9 je poskytnout na\u0161im z\u00e1kazn\u00edk\u016fm spolehliv\u00fd a bezpe\u010dn\u00fd internetov\u00fd obchod pro n\u00e1kup 3BR PvP. Proto disponujeme modern\u00ed \u0161ifrovac\u00ed technologi\u00ed, kter\u00e1 zaji\u0161\u0165uje bezpe\u010dnost va\u0161ich platebn\u00edch informac\u00ed a osobn\u00edch \u00fadaj\u016f za v\u0161ech okolnost\u00ed. D\u00edky snadn\u00e9mu pou\u017e\u00edv\u00e1n\u00ed a navigaci na\u0161ich webov\u00fdch str\u00e1nek si m\u016f\u017eete snadno prohl\u00e9dnout n\u00e1\u0161 \u0161irok\u00fd v\u00fdb\u011br p\u0159edm\u011bt\u016f 3BR PvP.<\/p>\n<p>U NarcoPowders si m\u016f\u017eete zakoupit 3br-pvp s jistotou, \u017ee dost\u00e1v\u00e1te ten nejlep\u0161\u00ed mo\u017en\u00fd produkt. \u00dazce spolupracujeme se zn\u00e1m\u00fdmi v\u00fdrobci, kte\u0159\u00ed dodr\u017euj\u00ed p\u0159\u00edsn\u00e1 pravidla pro zaji\u0161t\u011bn\u00ed kvality. Ka\u017ed\u00e1 \u0161ar\u017ee 3br-PvP je d\u016fkladn\u011b testov\u00e1na, aby byla zaji\u0161t\u011bna jej\u00ed \u00fa\u010dinnost a \u010distota. Proto\u017ee si cen\u00edme otev\u0159enosti, poskytujeme komplexn\u00ed informace o v\u00fdrobku, v\u010detn\u011b laboratorn\u00edch v\u00fdsledk\u016f, kter\u00e9 v\u00e1m pomohou u\u010dinit moudr\u00e9 rozhodnut\u00ed p\u0159ed n\u00e1kupem.<a href=\"https:\/\/en.wikipedia.org\/wiki\/Synthetic_cannabinoids#Synthetic_cannabinoid_products\">.<\/a><\/p>\n<p>Krom\u011b toho, \u017ee poskytujeme pr\u00e9miov\u00e9 3BR PvP, nab\u00edz\u00edme tak\u00e9 \u0161pi\u010dkovou z\u00e1kaznickou podporu. Jsme tu pro v\u00e1s, abychom v\u00e1m zodpov\u011bd\u011bli ve\u0161ker\u00e9 dotazy t\u00fdkaj\u00edc\u00ed se na\u0161ich produkt\u016f nebo procesu n\u00e1kupu. N\u00e1\u0161 t\u00fdm je zdvo\u0159il\u00fd a vzd\u011blan\u00fd. Na\u0161\u00edm c\u00edlem je poskytovat v\u010dasn\u00e9 a efektivn\u00ed slu\u017eby a zajistit, aby va\u0161e transakce byla dokon\u010dena a odesl\u00e1na v\u010das.<\/p>\n<p>P\u0159i n\u00e1kupu 3BR PvP online hraje z\u00e1sadn\u00ed roli d\u016fv\u011bra. S NarcoPowders m\u016f\u017eete pracovat s d\u016fv\u011brou, proto\u017ee se jedn\u00e1 o renomovan\u00e9ho poskytovatele s dlouholet\u00fdmi zku\u0161enostmi v t\u00e9to oblasti. Z\u00edskali jsme silnou reputaci na z\u00e1klad\u011b na\u0161eho z\u00e1vazku k dokonalosti, spolehlivosti a spokojenosti z\u00e1kazn\u00edk\u016f.<\/p>\n<p>Tak pro\u010d \u010dekat? Vyu\u017eijte na\u0161eho snadn\u00e9ho online n\u00e1kupu a kupte si 3BR-PVP od nejspolehliv\u011bj\u0161\u00edho dodavatele v oboru. Objevte rozd\u00edl NarcoPowders je\u0161t\u011b dnes a zjist\u011bte, pro\u010d jsme prvn\u00ed volbou pro z\u00e1kazn\u00edky po cel\u00e9m sv\u011bt\u011b Kupte si 3B-RPVP.<\/p>\n<h3>Co je 3BR-PVP Crystal?<\/h3>\n<p>Za prv\u00e9, n\u00e1kup krystalu 3BRPVP online od spole\u010dnosti Nembutal je bezpe\u010dn\u00fd. 3BRPVP je klasifikov\u00e1n jako substituovan\u00fd katinon. Substituovan\u00fdch katinon\u016f je velmi mnoho a jsou r\u016fznorod\u00e9. Jejich charakteristick\u00fdmi znaky jsou fenetylaminov\u00e1 p\u00e1te\u0159 s ketonem v poloze beta a alkylov\u00fd substituent v poloze alfa na uhl\u00edku soused\u00edc\u00edm s dus\u00edkem. Objednejte si 3BR-PVP Crystal v internetov\u00e9m obchod\u011b.<\/p>","protected":false},"excerpt":{"rendered":"<p>Buy 3B-RPVP, Greetings from NarcoPowders, the industry&#8217;s most trusted source for 3br-PvP and other synthetic cannabinoids. Whether you live in Europe, the US, Canada, Australia or New Zealand, we offer you easy ways to buy 3BR-PvP online. We set ourselves apart from other vendors with our commitment to quality and customer satisfaction, making us your [&hellip;]<\/p>","protected":false},"featured_media":21298,"comment_status":"open","ping_status":"closed","template":"","meta":{"_joinchat":[]},"product_brand":[],"product_cat":[1538],"product_tag":[],"class_list":{"0":"post-20593","1":"product","2":"type-product","3":"status-publish","4":"has-post-thumbnail","6":"product_cat-cannabinoids","8":"first","9":"instock","10":"shipping-taxable","11":"purchasable","12":"product-type-variable","13":"add-to-wishlist-after_add_to_cart"},"yoast_head":"<!-- This site is optimized with the Yoast SEO plugin v27.5 - https:\/\/yoast.com\/product\/yoast-seo-wordpress\/ -->\n<title>Buy 3B-RPVP - Narco Powders<\/title>\n<meta name=\"description\" content=\"Buy 3B-RPVP, 3BR-PVP Crystals online in Europe.3BRPVP for sale | Top Quality 3BRPVP 99.5% High purity Buy 3BR-PVP (3BRPVP) Crystal online | Order 3BR-PVP.\" \/>\n<meta name=\"robots\" content=\"index, follow, max-snippet:-1, max-image-preview:large, max-video-preview:-1\" \/>\n<link rel=\"canonical\" href=\"https:\/\/narcopowders.com\/cs\/produkt\/buy-3b-rpvp-online\/\" \/>\n<meta property=\"og:locale\" content=\"cs_CZ\" \/>\n<meta property=\"og:type\" content=\"article\" \/>\n<meta property=\"og:title\" content=\"Buy 3B-RPVP - Narco Powders\" \/>\n<meta property=\"og:description\" content=\"Buy 3B-RPVP, 3BR-PVP Crystals online in Europe.3BRPVP for sale | Top Quality 3BRPVP 99.5% High purity Buy 3BR-PVP (3BRPVP) Crystal online | Order 3BR-PVP.\" \/>\n<meta property=\"og:url\" content=\"https:\/\/narcopowders.com\/cs\/produkt\/buy-3b-rpvp-online\/\" \/>\n<meta property=\"og:site_name\" content=\"Narco Powders\" \/>\n<meta property=\"article:modified_time\" content=\"2024-05-24T06:16:20+00:00\" \/>\n<meta property=\"og:image\" content=\"https:\/\/narcopowders.com\/wp-content\/uploads\/2024\/05\/3Brpvp.gif\" \/>\n\t<meta property=\"og:image:width\" content=\"600\" \/>\n\t<meta property=\"og:image:height\" content=\"600\" \/>\n\t<meta property=\"og:image:type\" content=\"image\/gif\" \/>\n<meta name=\"twitter:card\" content=\"summary_large_image\" \/>\n<meta name=\"twitter:label1\" content=\"Odhadovan\u00e1 doba \u010dten\u00ed\" \/>\n\t<meta name=\"twitter:data1\" content=\"2 minuty\" \/>\n<!-- \/ Yoast SEO plugin. -->","yoast_head_json":{"title":"Koupit 3B-RPVP - Narco Powders","description":"Koupit 3B-RPVP, 3BR-PVP krystaly online v Evrop\u011b.3BRPVP na prodej | Nejvy\u0161\u0161\u00ed kvalita 3BRPVP 99.5% Vysok\u00e1 \u010distota Koupit 3BR-PVP (3BRPVP) krystaly online | Objednat 3BR-PVP.","robots":{"index":"index","follow":"follow","max-snippet":"max-snippet:-1","max-image-preview":"max-image-preview:large","max-video-preview":"max-video-preview:-1"},"canonical":"https:\/\/narcopowders.com\/cs\/produkt\/buy-3b-rpvp-online\/","og_locale":"cs_CZ","og_type":"article","og_title":"Buy 3B-RPVP - Narco Powders","og_description":"Buy 3B-RPVP, 3BR-PVP Crystals online in Europe.3BRPVP for sale | Top Quality 3BRPVP 99.5% High purity Buy 3BR-PVP (3BRPVP) Crystal online | Order 3BR-PVP.","og_url":"https:\/\/narcopowders.com\/cs\/produkt\/buy-3b-rpvp-online\/","og_site_name":"Narco Powders","article_modified_time":"2024-05-24T06:16:20+00:00","og_image":[{"width":600,"height":600,"url":"https:\/\/narcopowders.com\/wp-content\/uploads\/2024\/05\/3Brpvp.gif","type":"image\/gif"}],"twitter_card":"summary_large_image","twitter_misc":{"Odhadovan\u00e1 doba \u010dten\u00ed":"2 minuty"},"schema":{"@context":"https:\/\/schema.org","@graph":[{"@type":"WebPage","@id":"https:\/\/narcopowders.com\/product\/buy-3b-rpvp-online\/","url":"https:\/\/narcopowders.com\/product\/buy-3b-rpvp-online\/","name":"Koupit 3B-RPVP - Narco Powders","isPartOf":{"@id":"https:\/\/narcopowders.com\/#website"},"primaryImageOfPage":{"@id":"https:\/\/narcopowders.com\/product\/buy-3b-rpvp-online\/#primaryimage"},"image":{"@id":"https:\/\/narcopowders.com\/product\/buy-3b-rpvp-online\/#primaryimage"},"thumbnailUrl":"https:\/\/narcopowders.com\/wp-content\/uploads\/2024\/05\/3Brpvp.gif","datePublished":"2024-05-23T06:14:38+00:00","dateModified":"2024-05-24T06:16:20+00:00","description":"Koupit 3B-RPVP, 3BR-PVP krystaly online v Evrop\u011b.3BRPVP na prodej | Nejvy\u0161\u0161\u00ed kvalita 3BRPVP 99.5% Vysok\u00e1 \u010distota Koupit 3BR-PVP (3BRPVP) krystaly online | Objednat 3BR-PVP.","breadcrumb":{"@id":"https:\/\/narcopowders.com\/product\/buy-3b-rpvp-online\/#breadcrumb"},"inLanguage":"cs","potentialAction":[{"@type":"ReadAction","target":["https:\/\/narcopowders.com\/product\/buy-3b-rpvp-online\/"]}]},{"@type":"ImageObject","inLanguage":"cs","@id":"https:\/\/narcopowders.com\/product\/buy-3b-rpvp-online\/#primaryimage","url":"https:\/\/narcopowders.com\/wp-content\/uploads\/2024\/05\/3Brpvp.gif","contentUrl":"https:\/\/narcopowders.com\/wp-content\/uploads\/2024\/05\/3Brpvp.gif","width":600,"height":600,"caption":"3Brpvp"},{"@type":"BreadcrumbList","@id":"https:\/\/narcopowders.com\/product\/buy-3b-rpvp-online\/#breadcrumb","itemListElement":[{"@type":"ListItem","position":1,"name":"Home","item":"https:\/\/narcopowders.com\/"},{"@type":"ListItem","position":2,"name":"Shop Page","item":"https:\/\/narcopowders.com\/shop\/"},{"@type":"ListItem","position":3,"name":"Buy 3B-RPVP Online"}]},{"@type":"WebSite","@id":"https:\/\/narcopowders.com\/#website","url":"https:\/\/narcopowders.com\/","name":"Pr\u00e1\u0161ky na narkotika","description":"M\u016fj blog WordPress","potentialAction":[{"@type":"SearchAction","target":{"@type":"EntryPoint","urlTemplate":"https:\/\/narcopowders.com\/?s={search_term_string}"},"query-input":{"@type":"PropertyValueSpecification","valueRequired":true,"valueName":"search_term_string"}}],"inLanguage":"cs"}]}},"_links":{"self":[{"href":"https:\/\/narcopowders.com\/cs\/wp-json\/wp\/v2\/product\/20593","targetHints":{"allow":["GET"]}}],"collection":[{"href":"https:\/\/narcopowders.com\/cs\/wp-json\/wp\/v2\/product"}],"about":[{"href":"https:\/\/narcopowders.com\/cs\/wp-json\/wp\/v2\/types\/product"}],"replies":[{"embeddable":true,"href":"https:\/\/narcopowders.com\/cs\/wp-json\/wp\/v2\/comments?post=20593"}],"wp:featuredmedia":[{"embeddable":true,"href":"https:\/\/narcopowders.com\/cs\/wp-json\/wp\/v2\/media\/21298"}],"wp:attachment":[{"href":"https:\/\/narcopowders.com\/cs\/wp-json\/wp\/v2\/media?parent=20593"}],"wp:term":[{"taxonomy":"product_brand","embeddable":true,"href":"https:\/\/narcopowders.com\/cs\/wp-json\/wp\/v2\/product_brand?post=20593"},{"taxonomy":"product_cat","embeddable":true,"href":"https:\/\/narcopowders.com\/cs\/wp-json\/wp\/v2\/product_cat?post=20593"},{"taxonomy":"product_tag","embeddable":true,"href":"https:\/\/narcopowders.com\/cs\/wp-json\/wp\/v2\/product_tag?post=20593"}],"curies":[{"name":"wp","href":"https:\/\/api.w.org\/{rel}","templated":true}]}}