{"id":20594,"date":"2024-05-23T06:14:38","date_gmt":"2024-05-23T06:14:38","guid":{"rendered":"https:\/\/narcopowders.com\/?post_type=product&#038;p=20594"},"modified":"2025-03-26T12:59:38","modified_gmt":"2025-03-26T12:59:38","slug":"buy-bmdp-online","status":"publish","type":"product","link":"https:\/\/narcopowders.com\/cs\/produkt\/buy-bmdp-online\/","title":{"rendered":"Koupit BMDP online"},"content":{"rendered":"<h2>Koupit BMDP pr\u00e1\u0161ek online<\/h2>\n<p>Strukturou srovnateln\u00fd s methylonem, <a href=\"https:\/\/narcopowders.com\/cs\/produkt\/buy-bmdp-online\/\">BMDP<\/a> je substituovan\u00fd kathinon. K amino-methylov\u00e9 skupin\u011b molekuly BMDP je p\u0159ipojena fenylov\u00e1 skupina, co\u017e v\u00fdznamn\u011b sni\u017euje jej\u00ed rozpustnost v kapaln\u00fdch roztoc\u00edch. V sou\u010dasn\u00e9 dob\u011b nen\u00ed nic zn\u00e1mo o fyziologick\u00fdch a toxikologick\u00fdch vlastnostech BMDP. <a href=\"https:\/\/en.wikipedia.org\/wiki\/BMDP\">BMDP<\/a> je ur\u010den v\u00fdhradn\u011b k pou\u017eit\u00ed pro forenzn\u00ed vy\u0161et\u0159ov\u00e1n\u00ed a \u00fa\u010dely.<\/p>\n<p>1-(1,3-benzodioxol-5-yl) je form\u00e1ln\u00ed n\u00e1zev.-2-[Amino (fenylmethyl)]monohydrochlorid -1-propanonu<\/p>\n<p>Alternativn\u00ed term\u00edny: BMDP<\/p>\n<p>Hmotnost vzorce: 319.8<\/p>\n<p>99% \u010distota<\/p>\n<p>Slo\u017een\u00ed: Pevn\u00e1 l\u00e1tka s krystaly<\/p>\n<p>N\u011bkter\u00e9 stimulanty a entaktogeny jsou p\u0159\u00edklady substituovan\u00fdch katinon\u016f, kter\u00e9 jsou odvozeny od katinonu. Krom\u011b jin\u00fdch substituent\u016f maj\u00ed fenetylaminov\u00e9 j\u00e1dro s alkylovou skupinou nav\u00e1zanou na alfa uhl\u00edk a ketonovou skupinou nav\u00e1zanou na beta uhl\u00edk. Rostlina khat, jej\u00ed\u017e listy se konzumuj\u00ed jako rekrea\u010dn\u00ed droga, p\u0159irozen\u011b obsahuje ftalon.<\/p>\n<p>Str\u00e1nka Wikipedie pro bmdp l\u00e9ky d\u00e1vka erowid bmdp l\u00e9ky<br \/>\ndrug <a href=\"https:\/\/www.google.com\/search?q=Buy+BMDP+Online&amp;sca_esv=16def464f60f9903&amp;sxsrf=AHTn8zrL_hv7kEUtrZBMgrdLM2jgfonusg%3A1742993755788&amp;ei=W_njZ-TnL9K-0PEPy9b6GA&amp;ved=0ahUKEwikgaPd5aeMAxVSHzQIHUurHgMQ4dUDCBA&amp;uact=5&amp;oq=Buy+BMDP+Online&amp;gs_lp=Egxnd3Mtd2l6LXNlcnAiD0J1eSBCTURQIE9ubGluZTIFECEYoAEyBRAhGKABMgUQIRigATIFECEYoAEyBRAhGKABSKIIUIEEWIEEcAF4AJABAJgBgwOgAYMDqgEDMy0xuAEDyAEA-AEC-AEBmAICoAKRA8ICCBAAGLADGO8FwgILEAAYgAQYsAMYogSYAwCIBgGQBgOSBwUxLjMtMaAHvgOyBwMzLTG4B4sD&amp;sclient=gws-wiz-serp\">BMDPA<\/a> erowid, drug BMDPA dose, drug BMDPA rc ebk<\/p>\n<p>Substituovan\u00fd kathinon zn\u00e1m\u00fd jako <a href=\"https:\/\/narcopowders.com\/cs\/\">BMDP Powder<\/a> sd\u00edl\u00ed struktur\u00e1ln\u00ed podobnosti s methylonem. L\u00e1tka BMDP Powder m\u00e1 k amino-methylov\u00e9 skupin\u011b p\u0159id\u00e1nu fenylovou skupinu, co\u017e v\u00fdznamn\u011b sni\u017euje rozpustnost slou\u010deniny v kapaln\u00fdch roztoc\u00edch. Fyziologick\u00e9 a toxikologick\u00e9 vlastnosti BMDP Powderu st\u00e1le nejsou zn\u00e1my. <a href=\"https:\/\/duckduckgo.com\/?q=Buy+BMDP+Online&amp;t=h_&amp;ia=web\">BMDP Powder<\/a> je ur\u010den v\u00fdhradn\u011b pro pou\u017eit\u00ed ve forenzn\u00edch vy\u0161et\u0159ov\u00e1n\u00edch a v\u00fdzkumu.<\/p>\n<p>N\u00e1zev ve form\u00e1ln\u00ed podob\u011b: 1-(1,3-benzodioxol-5-yl)-2-[(Aminomethyl)fenyl]monohydr\u00e1t -1-propanonu<\/p>\n<p>Alternativy: BMDP pr\u00e1\u0161ek<\/p>\n<p>V\u00fdpo\u010det Hmotnost: 319,8<\/p>\n<p>\u010cistota: vy\u0161\u0161\u00ed ne\u017e 99%<\/p>\n<p>Slo\u017een\u00ed: Pevn\u00fd krystal<\/p>\n<p><a href=\"https:\/\/www.bing.com\/search?q=Buy%20BMDP%20Online&amp;qs=n&amp;form=QBRE&amp;sp=-1&amp;lq=0&amp;pq=buy%20bmdp%20online&amp;sc=0-15&amp;sk=&amp;cvid=ABD838CF4710468CBC6ED1308B7C151E&amp;ghsh=0&amp;ghacc=0&amp;ghpl=\">Z\u00edskejte BMDP pr\u00e1\u0161ek online<\/a><\/p>","protected":false},"excerpt":{"rendered":"<p>Buy BMDP Powder Online Comparable in structure to methylone, BMDP is a substituted cathinone. The amino methyl group of the BMDP molecule has a phenyl family added to it, which significantly reduces its solubility in liquid solutions. These days, nothing is known about the physiological and toxicological characteristics of BMDP. BMDP is solely meant to [&hellip;]<\/p>","protected":false},"featured_media":21296,"comment_status":"open","ping_status":"closed","template":"","meta":{"_joinchat":[]},"product_brand":[],"product_cat":[1599],"product_tag":[],"class_list":{"0":"post-20594","1":"product","2":"type-product","3":"status-publish","4":"has-post-thumbnail","6":"product_cat-stimulants","8":"first","9":"instock","10":"shipping-taxable","11":"purchasable","12":"product-type-variable","13":"add-to-wishlist-after_add_to_cart"},"yoast_head":"<!-- This site is optimized with the Yoast SEO plugin v25.9 - https:\/\/yoast.com\/wordpress\/plugins\/seo\/ -->\n<title>Buy BMDP Online - Order BMDP Online - BMDP Powder for Sale<\/title>\n<meta name=\"description\" content=\"Order BMDP Online - NarcoPowders is a leading online shop where to buy BMDP online legally at best price. Just Purchase BMDP Powder for Sale Online!\" \/>\n<meta name=\"robots\" content=\"index, follow, max-snippet:-1, max-image-preview:large, max-video-preview:-1\" \/>\n<link rel=\"canonical\" href=\"https:\/\/narcopowders.com\/cs\/produkt\/buy-bmdp-online\/\" \/>\n<meta property=\"og:locale\" content=\"cs_CZ\" \/>\n<meta property=\"og:type\" content=\"article\" \/>\n<meta property=\"og:title\" content=\"Buy BMDP Online - Order BMDP Online - BMDP Powder for Sale\" \/>\n<meta property=\"og:description\" content=\"Order BMDP Online - NarcoPowders is a leading online shop where to buy BMDP online legally at best price. Just Purchase BMDP Powder for Sale Online!\" \/>\n<meta property=\"og:url\" content=\"https:\/\/narcopowders.com\/cs\/produkt\/buy-bmdp-online\/\" \/>\n<meta property=\"og:site_name\" content=\"Narco Powders\" \/>\n<meta property=\"article:modified_time\" content=\"2025-03-26T12:59:38+00:00\" \/>\n<meta property=\"og:image\" content=\"https:\/\/narcopowders.com\/wp-content\/uploads\/2024\/05\/BMDP.gif\" \/>\n\t<meta property=\"og:image:width\" content=\"600\" \/>\n\t<meta property=\"og:image:height\" content=\"600\" \/>\n\t<meta property=\"og:image:type\" content=\"image\/gif\" \/>\n<meta name=\"twitter:card\" content=\"summary_large_image\" \/>\n<meta name=\"twitter:label1\" content=\"Odhadovan\u00e1 doba \u010dten\u00ed\" \/>\n\t<meta name=\"twitter:data1\" content=\"2 minuty\" \/>\n<!-- \/ Yoast SEO plugin. -->","yoast_head_json":{"title":"Koupit BMDP online - Objednat BMDP online - BMDP pr\u00e1\u0161ek na prodej","description":"Objednat BMDP online - NarcoPowders je p\u0159edn\u00ed internetov\u00fd obchod, kde si m\u016f\u017eete koupit BMDP online leg\u00e1ln\u011b za nejlep\u0161\u00ed cenu. Sta\u010d\u00ed si koupit BMDP pr\u00e1\u0161ek na prodej online!","robots":{"index":"index","follow":"follow","max-snippet":"max-snippet:-1","max-image-preview":"max-image-preview:large","max-video-preview":"max-video-preview:-1"},"canonical":"https:\/\/narcopowders.com\/cs\/produkt\/buy-bmdp-online\/","og_locale":"cs_CZ","og_type":"article","og_title":"Buy BMDP Online - Order BMDP Online - BMDP Powder for Sale","og_description":"Order BMDP Online - NarcoPowders is a leading online shop where to buy BMDP online legally at best price. Just Purchase BMDP Powder for Sale Online!","og_url":"https:\/\/narcopowders.com\/cs\/produkt\/buy-bmdp-online\/","og_site_name":"Narco Powders","article_modified_time":"2025-03-26T12:59:38+00:00","og_image":[{"width":600,"height":600,"url":"https:\/\/narcopowders.com\/wp-content\/uploads\/2024\/05\/BMDP.gif","type":"image\/gif"}],"twitter_card":"summary_large_image","twitter_misc":{"Odhadovan\u00e1 doba \u010dten\u00ed":"2 minuty"},"schema":{"@context":"https:\/\/schema.org","@graph":[{"@type":"WebPage","@id":"https:\/\/narcopowders.com\/product\/buy-bmdp-online\/","url":"https:\/\/narcopowders.com\/product\/buy-bmdp-online\/","name":"Koupit BMDP online - Objednat BMDP online - BMDP pr\u00e1\u0161ek na prodej","isPartOf":{"@id":"https:\/\/narcopowders.com\/#website"},"primaryImageOfPage":{"@id":"https:\/\/narcopowders.com\/product\/buy-bmdp-online\/#primaryimage"},"image":{"@id":"https:\/\/narcopowders.com\/product\/buy-bmdp-online\/#primaryimage"},"thumbnailUrl":"https:\/\/narcopowders.com\/wp-content\/uploads\/2024\/05\/BMDP.gif","datePublished":"2024-05-23T06:14:38+00:00","dateModified":"2025-03-26T12:59:38+00:00","description":"Objednat BMDP online - NarcoPowders je p\u0159edn\u00ed internetov\u00fd obchod, kde si m\u016f\u017eete koupit BMDP online leg\u00e1ln\u011b za nejlep\u0161\u00ed cenu. Sta\u010d\u00ed si koupit BMDP pr\u00e1\u0161ek na prodej online!","breadcrumb":{"@id":"https:\/\/narcopowders.com\/product\/buy-bmdp-online\/#breadcrumb"},"inLanguage":"cs","potentialAction":[{"@type":"ReadAction","target":["https:\/\/narcopowders.com\/product\/buy-bmdp-online\/"]}]},{"@type":"ImageObject","inLanguage":"cs","@id":"https:\/\/narcopowders.com\/product\/buy-bmdp-online\/#primaryimage","url":"https:\/\/narcopowders.com\/wp-content\/uploads\/2024\/05\/BMDP.gif","contentUrl":"https:\/\/narcopowders.com\/wp-content\/uploads\/2024\/05\/BMDP.gif","width":600,"height":600,"caption":"Buy BMDP Online"},{"@type":"BreadcrumbList","@id":"https:\/\/narcopowders.com\/product\/buy-bmdp-online\/#breadcrumb","itemListElement":[{"@type":"ListItem","position":1,"name":"Home","item":"https:\/\/narcopowders.com\/"},{"@type":"ListItem","position":2,"name":"Shop Page","item":"https:\/\/narcopowders.com\/shop\/"},{"@type":"ListItem","position":3,"name":"Buy BMDP Online"}]},{"@type":"WebSite","@id":"https:\/\/narcopowders.com\/#website","url":"https:\/\/narcopowders.com\/","name":"Pr\u00e1\u0161ky na narkotika","description":"M\u016fj blog WordPress","potentialAction":[{"@type":"SearchAction","target":{"@type":"EntryPoint","urlTemplate":"https:\/\/narcopowders.com\/?s={search_term_string}"},"query-input":{"@type":"PropertyValueSpecification","valueRequired":true,"valueName":"search_term_string"}}],"inLanguage":"cs"}]}},"_links":{"self":[{"href":"https:\/\/narcopowders.com\/cs\/wp-json\/wp\/v2\/product\/20594","targetHints":{"allow":["GET"]}}],"collection":[{"href":"https:\/\/narcopowders.com\/cs\/wp-json\/wp\/v2\/product"}],"about":[{"href":"https:\/\/narcopowders.com\/cs\/wp-json\/wp\/v2\/types\/product"}],"replies":[{"embeddable":true,"href":"https:\/\/narcopowders.com\/cs\/wp-json\/wp\/v2\/comments?post=20594"}],"wp:featuredmedia":[{"embeddable":true,"href":"https:\/\/narcopowders.com\/cs\/wp-json\/wp\/v2\/media\/21296"}],"wp:attachment":[{"href":"https:\/\/narcopowders.com\/cs\/wp-json\/wp\/v2\/media?parent=20594"}],"wp:term":[{"taxonomy":"product_brand","embeddable":true,"href":"https:\/\/narcopowders.com\/cs\/wp-json\/wp\/v2\/product_brand?post=20594"},{"taxonomy":"product_cat","embeddable":true,"href":"https:\/\/narcopowders.com\/cs\/wp-json\/wp\/v2\/product_cat?post=20594"},{"taxonomy":"product_tag","embeddable":true,"href":"https:\/\/narcopowders.com\/cs\/wp-json\/wp\/v2\/product_tag?post=20594"}],"curies":[{"name":"wp","href":"https:\/\/api.w.org\/{rel}","templated":true}]}}