{"id":20595,"date":"2024-05-23T06:14:38","date_gmt":"2024-05-23T06:14:38","guid":{"rendered":"https:\/\/narcopowders.com\/?post_type=product&#038;p=20595"},"modified":"2025-03-26T12:09:41","modified_gmt":"2025-03-26T12:09:41","slug":"buy-ebk-online","status":"publish","type":"product","link":"https:\/\/narcopowders.com\/cs\/produkt\/buy-ebk-online\/","title":{"rendered":"Koupit EBK online"},"content":{"rendered":"<h2>Koupit EBK online,<\/h2>\n<p><a href=\"https:\/\/narcopowders.com\/cs\/produkt\/buy-ebk-online\/\">Get EBK Crystal Online<\/a>. <a href=\"https:\/\/narcopowders.com\/cs\/\">NarcoPowders.com<\/a> je zn\u00e1m\u00fd online prodejce v\u00fdzkumn\u00fdch chemik\u00e1li\u00ed, kde si ka\u017ed\u00fd star\u0161\u00ed 18 let m\u016f\u017ee po\u0159\u00eddit EBK, kter\u00fd je pova\u017eov\u00e1n za nejnov\u011bj\u0161\u00ed stimula\u010dn\u00ed chemik\u00e1lii. Lze ji zakoupit jako n\u00e1hradu N-ethylpentylonu a je ve form\u011b velk\u00fdch krystal\u016f. Je zn\u00e1m\u00fd tak\u00e9 pod n\u00e1zvy efylon a bk-EBDP .<\/p>\n<h3>Kde se pou\u017e\u00edv\u00e1 chemick\u00e1 l\u00e1tka EBK?<\/h3>\n<p>Since <a href=\"https:\/\/www.bing.com\/search?q=Buy%20EBK%20Online&amp;qs=n&amp;form=QBRE&amp;sp=-1&amp;lq=0&amp;pq=buy%20ebk%20online&amp;sc=12-14&amp;sk=&amp;cvid=BBEE1990BAEF473A91C90965DD288E7A&amp;ghsh=0&amp;ghacc=0&amp;ghpl=\">EBC crystal<\/a> Vzhledem k tomu, \u017ee krystal EBC je ve v\u011bt\u0161in\u011b zem\u00ed leg\u00e1ln\u00ed, nem\u011blo by b\u00fdt obt\u00ed\u017en\u00e9 si ho objednat online. Prodej je ur\u010den pouze pro v\u00fdzkumn\u00e9 \u00fa\u010dely a nebude pou\u017eit k \u017e\u00e1dn\u00e9mu jin\u00e9mu \u00fa\u010delu. Jeho pou\u017eit\u00ed nen\u00ed omezeno na diagnostiku in vivo, pokrmy, l\u00e9ky, zdravotnick\u00e9 prost\u0159edky, kosmetiku nebo l\u00e9\u010diva. P\u0159ed vypln\u011bn\u00edm online formul\u00e1\u0159e pro objedn\u00e1vku chemick\u00fdch l\u00e1tek EBK se ujist\u011bte, \u017ee je ve va\u0161em okol\u00ed dostate\u010dn\u00e9 v\u011btr\u00e1n\u00ed. <a href=\"https:\/\/duckduckgo.com\/?q=Buy+EBK+Online&amp;t=h_&amp;ia=web\">EBK<\/a> objedn\u00e1vkov\u00fd formul\u00e1\u0159 chemik\u00e1li\u00ed, ujist\u011bte se, \u017ee je ve va\u0161em okol\u00ed dostate\u010dn\u00e9 v\u011btr\u00e1n\u00ed.<\/p>\n<p>M\u00e1me dlouhou historii jako spolehliv\u00fd a uzn\u00e1van\u00fd zdroj v\u00fdzkumn\u00fdch chemik\u00e1li\u00ed. Skute\u010dn\u00e9 recenze z\u00e1kazn\u00edk\u016f, kter\u00e9 na na\u0161ich webov\u00fdch str\u00e1nk\u00e1ch zanech\u00e1vaj\u00ed nov\u00ed i vracej\u00edc\u00ed se z\u00e1kazn\u00edci, inspiruj\u00ed potenci\u00e1ln\u00ed z\u00e1kazn\u00edky k tomu, aby si u n\u00e1s objednali.<\/p>\n<p>P\u0159edn\u00edm a nejspolehliv\u011bj\u0161\u00edm dodavatelem chemik\u00e1li\u00ed EBK za rozumnou cenu je <a href=\"https:\/\/www.google.com\/search?q=Buy+EBK+Online&amp;sca_esv=ae1c882eac2a8cbb&amp;sxsrf=AHTn8zpjQYfyM8PU2BR4giICyNEfDZXYRg%3A1742987778688&amp;ei=AuLjZ9vKKfihseMPjMHM8A4&amp;ved=0ahUKEwjb05W7z6eMAxX4UGwGHYwgE-4Q4dUDCA8&amp;uact=5&amp;oq=Buy+EBK+Online&amp;gs_lp=Egxnd3Mtd2l6LXNlcnAiDkJ1eSBFQksgT25saW5lMgcQABiABBgNMggQABgIGA0YHjIKEAAYCBgKGA0YHjILEAAYgAQYhgMYigUyCxAAGIAEGIYDGIoFMggQABiABBiiBDIIEAAYgAQYogQyCBAAGIAEGKIEMggQABiABBiiBEjhCFDsA1jsA3ACeACQAQCYAakBoAGpAaoBAzAuMbgBA8gBAPgBAvgBAZgCAaACsQGYAwCIBgGSBwMwLjGgB-YGsgcDMC4xuAexAQ&amp;sclient=gws-wiz-serp\">NarcoPowders<\/a>Nab\u00edz\u00edme k prodeji pr\u00e9miov\u00e9 krystaly EBK a dod\u00e1v\u00e1me chemik\u00e1lie EBK do v\u0161ech zem\u00ed v\u010detn\u011b USA, Evropy, Austr\u00e1lie a Kanady. D\u00edky v\u00fdjime\u010dn\u00e9 kvalit\u011b na\u0161ich produkt\u016f jsme ve v\u00fdrob\u011b a distribuci v\u00fdzkumn\u00fdch chemik\u00e1li\u00ed nep\u0159ekonateln\u00ed.<\/p>\n<p>Ochran\u011b soukrom\u00ed na\u0161ich z\u00e1kazn\u00edk\u016f p\u0159ikl\u00e1d\u00e1me velk\u00fd v\u00fdznam a ned\u011bl\u00e1me v tomto ohledu \u017e\u00e1dn\u00e9 kompromisy. P\u0159i ka\u017ed\u00e9 transakci pou\u017e\u00edv\u00e1me nejmodern\u011bj\u0161\u00ed bezpe\u010dnostn\u00ed technologie. Spokojenost na\u0161ich z\u00e1kazn\u00edk\u016f je pro \u00fasp\u011bch na\u0161\u00ed spole\u010dnosti kl\u00ed\u010dov\u00e1. EBK Chemicals je spole\u010dnost, kter\u00e1 p\u0159ed uveden\u00edm v\u00fdrobku na trh prov\u00e1d\u00ed d\u016fkladn\u00e9 studie a anal\u00fdzy. \u010cistota a kvalita v\u00fdrobk\u016f jsou nejd\u016fle\u017eit\u011bj\u0161\u00edmi faktory, na kter\u00fdch ne\u0161et\u0159\u00edme.<\/p>\n<p>V p\u0159\u00edpad\u011b jak\u00fdchkoli dotaz\u016f nebo p\u0159ipom\u00ednek n\u00e1s pros\u00edm kontaktujte pomoc\u00ed na\u0161eho rozhran\u00ed z\u00e1kaznick\u00e9 podpory. Garantujeme, \u017ee v\u00e1\u0161 dotaz zpracujeme co nejrychleji. <a href=\"https:\/\/en.wikipedia.org\/wiki\/EBK\">Koupit EBK online<\/a>.<\/p>\n<p>Na\u0161i zna\u010dku si lid\u00e9 vyb\u00edraj\u00ed z n\u011bkolika d\u016fvod\u016f, v\u010detn\u011b odborn\u00e9ho balen\u00ed, v\u010dasn\u00fdch dodac\u00edch slu\u017eeb a dostupnosti produkt\u016f ve v\u0161ech mno\u017estv\u00edch. Po p\u0159ijet\u00ed platby bude va\u0161e objedn\u00e1vka schv\u00e1lena.<\/p>","protected":false},"excerpt":{"rendered":"<p>Buy EBK Online, Get EBK Crystal Online. NarcoPowders.com is a well-known online retailer of research chemicals where anyone over the age of 18 can get EBK, which is considered the latest stimulant chemical. It can be purchased as a replacement for N-ethylpentylone and is in large crystal form. It is also known by the names [&hellip;]<\/p>","protected":false},"featured_media":21295,"comment_status":"open","ping_status":"closed","template":"","meta":{"_joinchat":[]},"product_brand":[],"product_cat":[1724,1538],"product_tag":[],"class_list":{"0":"post-20595","1":"product","2":"type-product","3":"status-publish","4":"has-post-thumbnail","6":"product_cat-research-chemicals","7":"product_cat-cannabinoids","9":"first","10":"instock","11":"shipping-taxable","12":"purchasable","13":"product-type-variable","14":"add-to-wishlist-after_add_to_cart"},"yoast_head":"<!-- This site is optimized with the Yoast SEO plugin v25.9 - https:\/\/yoast.com\/wordpress\/plugins\/seo\/ -->\n<title>Buy EBK Online - EBK for Sale - Order EBK | NarcoPowders<\/title>\n<meta name=\"description\" content=\"Looking for high-quality EBK for sale online from a leading chemical store? NarcoPowders is the best place to buy EBK online. Order EBK Now!\" \/>\n<meta name=\"robots\" content=\"index, follow, max-snippet:-1, max-image-preview:large, max-video-preview:-1\" \/>\n<link rel=\"canonical\" href=\"https:\/\/narcopowders.com\/cs\/produkt\/buy-ebk-online\/\" \/>\n<meta property=\"og:locale\" content=\"cs_CZ\" \/>\n<meta property=\"og:type\" content=\"article\" \/>\n<meta property=\"og:title\" content=\"Buy EBK Online - EBK for Sale - Order EBK | NarcoPowders\" \/>\n<meta property=\"og:description\" content=\"Looking for high-quality EBK for sale online from a leading chemical store? NarcoPowders is the best place to buy EBK online. Order EBK Now!\" \/>\n<meta property=\"og:url\" content=\"https:\/\/narcopowders.com\/cs\/produkt\/buy-ebk-online\/\" \/>\n<meta property=\"og:site_name\" content=\"Narco Powders\" \/>\n<meta property=\"article:modified_time\" content=\"2025-03-26T12:09:41+00:00\" \/>\n<meta property=\"og:image\" content=\"https:\/\/narcopowders.com\/wp-content\/uploads\/2024\/05\/EB-BK.gif\" \/>\n\t<meta property=\"og:image:width\" content=\"600\" \/>\n\t<meta property=\"og:image:height\" content=\"600\" \/>\n\t<meta property=\"og:image:type\" content=\"image\/gif\" \/>\n<meta name=\"twitter:card\" content=\"summary_large_image\" \/>\n<meta name=\"twitter:label1\" content=\"Odhadovan\u00e1 doba \u010dten\u00ed\" \/>\n\t<meta name=\"twitter:data1\" content=\"2 minuty\" \/>\n<!-- \/ Yoast SEO plugin. -->","yoast_head_json":{"title":"Koupit EBK online - EBK na prodej - Objednat EBK | NarcoPowders","description":"Hled\u00e1te vysoce kvalitn\u00ed EBK na prodej online z p\u0159edn\u00edho chemick\u00e9ho obchodu? NarcoPowders je nejlep\u0161\u00edm m\u00edstem pro n\u00e1kup EBK online. Objednejte si EBK nyn\u00ed!","robots":{"index":"index","follow":"follow","max-snippet":"max-snippet:-1","max-image-preview":"max-image-preview:large","max-video-preview":"max-video-preview:-1"},"canonical":"https:\/\/narcopowders.com\/cs\/produkt\/buy-ebk-online\/","og_locale":"cs_CZ","og_type":"article","og_title":"Buy EBK Online - EBK for Sale - Order EBK | NarcoPowders","og_description":"Looking for high-quality EBK for sale online from a leading chemical store? NarcoPowders is the best place to buy EBK online. Order EBK Now!","og_url":"https:\/\/narcopowders.com\/cs\/produkt\/buy-ebk-online\/","og_site_name":"Narco Powders","article_modified_time":"2025-03-26T12:09:41+00:00","og_image":[{"width":600,"height":600,"url":"https:\/\/narcopowders.com\/wp-content\/uploads\/2024\/05\/EB-BK.gif","type":"image\/gif"}],"twitter_card":"summary_large_image","twitter_misc":{"Odhadovan\u00e1 doba \u010dten\u00ed":"2 minuty"},"schema":{"@context":"https:\/\/schema.org","@graph":[{"@type":"WebPage","@id":"https:\/\/narcopowders.com\/product\/buy-ebk-online\/","url":"https:\/\/narcopowders.com\/product\/buy-ebk-online\/","name":"Koupit EBK online - EBK na prodej - Objednat EBK | NarcoPowders","isPartOf":{"@id":"https:\/\/narcopowders.com\/#website"},"primaryImageOfPage":{"@id":"https:\/\/narcopowders.com\/product\/buy-ebk-online\/#primaryimage"},"image":{"@id":"https:\/\/narcopowders.com\/product\/buy-ebk-online\/#primaryimage"},"thumbnailUrl":"https:\/\/narcopowders.com\/wp-content\/uploads\/2024\/05\/EB-BK.gif","datePublished":"2024-05-23T06:14:38+00:00","dateModified":"2025-03-26T12:09:41+00:00","description":"Hled\u00e1te vysoce kvalitn\u00ed EBK na prodej online z p\u0159edn\u00edho chemick\u00e9ho obchodu? NarcoPowders je nejlep\u0161\u00edm m\u00edstem pro n\u00e1kup EBK online. Objednejte si EBK nyn\u00ed!","breadcrumb":{"@id":"https:\/\/narcopowders.com\/product\/buy-ebk-online\/#breadcrumb"},"inLanguage":"cs","potentialAction":[{"@type":"ReadAction","target":["https:\/\/narcopowders.com\/product\/buy-ebk-online\/"]}]},{"@type":"ImageObject","inLanguage":"cs","@id":"https:\/\/narcopowders.com\/product\/buy-ebk-online\/#primaryimage","url":"https:\/\/narcopowders.com\/wp-content\/uploads\/2024\/05\/EB-BK.gif","contentUrl":"https:\/\/narcopowders.com\/wp-content\/uploads\/2024\/05\/EB-BK.gif","width":600,"height":600,"caption":"Buy EBK Online"},{"@type":"BreadcrumbList","@id":"https:\/\/narcopowders.com\/product\/buy-ebk-online\/#breadcrumb","itemListElement":[{"@type":"ListItem","position":1,"name":"Home","item":"https:\/\/narcopowders.com\/"},{"@type":"ListItem","position":2,"name":"Shop Page","item":"https:\/\/narcopowders.com\/shop\/"},{"@type":"ListItem","position":3,"name":"Buy EBK Online"}]},{"@type":"WebSite","@id":"https:\/\/narcopowders.com\/#website","url":"https:\/\/narcopowders.com\/","name":"Pr\u00e1\u0161ky na narkotika","description":"M\u016fj blog WordPress","potentialAction":[{"@type":"SearchAction","target":{"@type":"EntryPoint","urlTemplate":"https:\/\/narcopowders.com\/?s={search_term_string}"},"query-input":{"@type":"PropertyValueSpecification","valueRequired":true,"valueName":"search_term_string"}}],"inLanguage":"cs"}]}},"_links":{"self":[{"href":"https:\/\/narcopowders.com\/cs\/wp-json\/wp\/v2\/product\/20595","targetHints":{"allow":["GET"]}}],"collection":[{"href":"https:\/\/narcopowders.com\/cs\/wp-json\/wp\/v2\/product"}],"about":[{"href":"https:\/\/narcopowders.com\/cs\/wp-json\/wp\/v2\/types\/product"}],"replies":[{"embeddable":true,"href":"https:\/\/narcopowders.com\/cs\/wp-json\/wp\/v2\/comments?post=20595"}],"wp:featuredmedia":[{"embeddable":true,"href":"https:\/\/narcopowders.com\/cs\/wp-json\/wp\/v2\/media\/21295"}],"wp:attachment":[{"href":"https:\/\/narcopowders.com\/cs\/wp-json\/wp\/v2\/media?parent=20595"}],"wp:term":[{"taxonomy":"product_brand","embeddable":true,"href":"https:\/\/narcopowders.com\/cs\/wp-json\/wp\/v2\/product_brand?post=20595"},{"taxonomy":"product_cat","embeddable":true,"href":"https:\/\/narcopowders.com\/cs\/wp-json\/wp\/v2\/product_cat?post=20595"},{"taxonomy":"product_tag","embeddable":true,"href":"https:\/\/narcopowders.com\/cs\/wp-json\/wp\/v2\/product_tag?post=20595"}],"curies":[{"name":"wp","href":"https:\/\/api.w.org\/{rel}","templated":true}]}}