{"id":20596,"date":"2024-05-23T06:14:38","date_gmt":"2024-05-23T06:14:38","guid":{"rendered":"https:\/\/narcopowders.com\/?post_type=product&#038;p=20596"},"modified":"2025-05-06T07:02:40","modified_gmt":"2025-05-06T07:02:40","slug":"buy-a-pvp-online","status":"publish","type":"product","link":"https:\/\/narcopowders.com\/cs\/produkt\/buy-a-pvp-online\/","title":{"rendered":"Koupit A-PVP online"},"content":{"rendered":"<h2><strong>N\u00e1kup A-PVP | N\u00e1kup \u010dist\u00e9ho A-PVP diskr\u00e9tn\u011b online od Narcopowders<\/strong><\/h2>\n<p><a href=\"https:\/\/www.bing.com\/search?q=Buy%20A-PVP%20Online&amp;qs=n&amp;form=QBRE&amp;sp=-1&amp;lq=0&amp;pq=buy%20a-pvp%20online&amp;sc=11-16&amp;sk=&amp;cvid=4E28154F139746CCBA2FB97A8E4FDC63&amp;ghsh=0&amp;ghacc=0&amp;ghpl=\">Koupit A-PVP online<\/a> is a relatively new service and is being closely examined <a tabindex=\"-1\" href=\"https:\/\/en.wikipedia.org\/wiki\/Alpha-Pyrrolidinopentiophenone\" target=\"_blank\" rel=\"noopener\">en.wikipedia.org\/\u2026\/Alpha-Pyrrolidinopentiophenone<\/a>by the media, much like MDPV and \u201cbath salts\u201d were in the beginning of 2011.<\/p>\n<p><a href=\"https:\/\/www.bing.com\/search?q=Buy%20A-PVP%20Online&amp;qs=n&amp;form=QBRE&amp;sp=-1&amp;lq=0&amp;pq=buy%20a-pvp%20online&amp;sc=11-16&amp;sk=&amp;cvid=4E28154F139746CCBA2FB97A8E4FDC63&amp;ghsh=0&amp;ghacc=0&amp;ghpl=\">A-PVP<\/a>, Alpha-PVP, \u03b1-Pyrrolidinopentiophenone, or flakka is another name for <a href=\"https:\/\/www.google.de\/search?q=Buy+A-PVP+Online&amp;sca_esv=1a2a07081c7891bb&amp;rlz=1C1RXQR_enIN1098IN1098&amp;ei=WbfOZ77MHtbe1e8PosiFkQo&amp;ved=0ahUKEwj-3MXpn_-LAxVWb_UHHSJkIaIQ4dUDCBA&amp;uact=5&amp;oq=Buy+A-PVP+Online&amp;gs_lp=Egxnd3Mtd2l6LXNlcnAiEEJ1eSBBLVBWUCBPbmxpbmVIoQdQnANYnANwA3gAkAEAmAHaAaAB2gGqAQMyLTG4AQPIAQD4AQL4AQGYAgCgAgCYAwCIBgGSBwCgB0Q&amp;sclient=gws-wiz-serp\">Buy a-PVP Crystal Powder Online<\/a>Pat\u0159\u00ed do skupiny syntetick\u00fdch stimulant\u016f, kter\u00e1 se naz\u00fdv\u00e1 kathinon a pyrovaleronem. Chemicky se podob\u00e1 dal\u0161\u00edm pyrovaleronov\u00fdm slou\u010denin\u00e1m, jako je MDPV a kathinonov\u00e9 slou\u010deniny, kter\u00e9 se vyskytuj\u00ed ve v\u00fdchodoafrick\u00e9 rostlin\u011b khat. Obvykle se dod\u00e1v\u00e1 ve form\u011b obrovsk\u00fdch krystalick\u00fdch \u00falomk\u016f nebo krystalick\u00e9ho pr\u00e1\u0161ku, kter\u00fd mohou u\u017eivatel\u00e9 j\u00edst a vyvolat tak \u00fa\u010dinky p\u0159ipom\u00ednaj\u00edc\u00ed kokain a amfetamin.<\/p>\n<p>Buy crystals for <a href=\"https:\/\/www.google.de\/search?q=Buy+A-PVP+Online&amp;sca_esv=1a2a07081c7891bb&amp;rlz=1C1RXQR_enIN1098IN1098&amp;ei=WbfOZ77MHtbe1e8PosiFkQo&amp;ved=0ahUKEwj-3MXpn_-LAxVWb_UHHSJkIaIQ4dUDCBA&amp;uact=5&amp;oq=Buy+A-PVP+Online&amp;gs_lp=Egxnd3Mtd2l6LXNlcnAiEEJ1eSBBLVBWUCBPbmxpbmVIoQdQnANYnANwA3gAkAEAmAHaAaAB2gGqAQMyLTG4AQPIAQD4AQL4AQGYAgCgAgCYAwCIBgGSBwCgB0Q&amp;sclient=gws-wiz-serp\">A-PVP online<\/a>. Pr\u00e1\u0161ek je relativn\u011b nov\u00fd produkt a je pe\u010dliv\u011b zkoum\u00e1n m\u00e9dii, podobn\u011b jako MDPV a \"koupelov\u00e9 soli\" na za\u010d\u00e1tku roku 2011. \u010casto se masov\u011b vyr\u00e1b\u00ed v \u010c\u00edn\u011b a prodejci ho nab\u00edzej\u00ed k prodeji online jako v\u00fdzkumnou chemik\u00e1lii.<\/p>\n<h3><strong>dopady krystal\u016f alfa-PVP fyzik\u00e1ln\u011b<\/strong><\/h3>\n<p>Ne\u010dekan\u00e9 hmatov\u00e9 z\u00e1\u017eitky Cel\u00e9 t\u011blo je pokryto st\u0159edn\u011b siln\u00fdm a\u017e intenzivn\u00edm euforick\u00fdm mraven\u010den\u00edm, kter\u00e9 se ozna\u010duje jako \"body high\" z \u03b1-PVP. P\u0159i v\u011bt\u0161\u00edch d\u00e1vk\u00e1ch se m\u016f\u017ee st\u00e1t ohromuj\u00edc\u00edm. Tento pocit je po celou dobu konstantn\u00ed, zpo\u010d\u00e1tku postupn\u011b nar\u016fst\u00e1 a dosahuje maxima, aby vz\u00e1p\u011bt\u00ed odezn\u011bl. <a href=\"https:\/\/narcopowders.com\/cs\/\">Narco Powders.<\/a><\/p>\n<p>Excitation Regarding its impact on the physical energy levels of the user, <a href=\"https:\/\/duckduckgo.com\/?q=Buy+A-PVP+Online&amp;t=h_&amp;ia=web\">\u03b1-PVP<\/a> is thought to be incredibly energizing and stimulating. This promotes physical activity like dancing, climbing, and running.<\/p>\n<h3>Kupte si a-PVP na RC-CHEMS.ORG - Proto\u017ee na kvalit\u011b z\u00e1le\u017e\u00ed!<\/h3>\n<p><strong><a href=\"https:\/\/duckduckgo.com\/?q=Buy+A-PVP+Online&amp;t=h_&amp;ia=web\">Kupte si a-PVP online<\/a><\/strong> vyr\u00e1b\u011bn\u00e9 p\u0159edn\u00edmi evropsk\u00fdmi chemick\u00fdmi spole\u010dnostmi v min. zaru\u010den\u00e9 \u010distot\u011b 98%+. M\u016f\u017eeme poskytnout COA jak\u00e9koli vyroben\u00e9 \u0161ar\u017ee v\u0161ech na\u0161ich v\u00fdzkumn\u00fdch chemik\u00e1li\u00ed!<\/p>\n<h3>\u00da\u010dinn\u00e9 l\u00e1tky v a-PVP<\/h3>\n<p>Obsahuje\u00a0<strong>1 gram \u010dist\u00e9ho a-PVP min 98%+<\/strong>\u00a0na objednac\u00ed jednotku.<\/p>\n<h3>D\u00e1vkov\u00e1n\u00ed a-PVP<\/h3>\n<p>Neexistuje \u017e\u00e1dn\u00e1 doporu\u010den\u00e1 d\u00e1vka, proto\u017ee\u00a0<strong>a-PVP<\/strong>\u00a0nen\u00ed ur\u010den k lidsk\u00e9 spot\u0159eb\u011b, ale prod\u00e1v\u00e1 se pouze jako v\u00fdzkumn\u00e1 chemick\u00e1 l\u00e1tka pro v\u00fdzkumn\u00e9 \u00fa\u010dely.<\/p>\n<h3>\u00da\u010dinky a-PVP :<\/h3>\n<p>Klinick\u00e9 \u00fa\u010dinky v\u011bt\u0161iny nov\u00fdch\u00a0<strong>zna\u010dkov\u00e9 drogy<\/strong>\u00a0jako\u00a0<strong>a-PVP<\/strong>\u00a0lze popsat jako halucinogenn\u00ed, stimula\u010dn\u00ed nebo opioidn\u00ed. Mohou m\u00edt tak\u00e9 kombinaci t\u011bchto \u00fa\u010dink\u016f d\u00edky designov\u00fdm substituc\u00edm postrann\u00edch \u0159et\u011bzc\u016f.<\/p>\n<h3>Ne\u017e\u00e1douc\u00ed \u00fa\u010dinky a-PVP<\/h3>\n<p>Stejn\u011b jako u jin\u00fdch zna\u010dkov\u00fdch drog je i u\u00a0<a href=\"https:\/\/narcopowders.com\/cs\/produkt\/buy-a-pvp-online\/\"><strong>a-PVP<\/strong><\/a>\u00a0m\u016f\u017ee vyvolat siln\u00e9 vedlej\u0161\u00ed \u00fa\u010dinky; l\u00e1tka nen\u00ed klinicky testov\u00e1na ani nijak licencov\u00e1na jako produkt ur\u010den\u00fd ke konzumaci! Proto a-PVP NEN\u00cd UR\u010cEN PRO LIDSKOU KONZUMACI, ale POUZE PRO V\u011aDECK\u00dd V\u00ddZKUM!<\/p>\n<h3>Jak ulo\u017eit a-PVP<\/h3>\n<p>Udr\u017eujte a-PVP pod 30 stupni Celsia. Skladujte a-PVP v p\u016fvodn\u00edm obalu, chra\u0148te p\u0159ed p\u0159\u00edm\u00fdm slune\u010dn\u00edm z\u00e1\u0159en\u00edm a vlhkost\u00ed.<\/p>","protected":false},"excerpt":{"rendered":"<p>Syntetick\u00fd stimulant ze skupiny katinon\u016f, \u03b1-pyrrolidinopentiofenon (ozna\u010dovan\u00fd tak\u00e9 jako \u03b1-pyrrolidinovalerofenon, \u03b1-PVP, O-2387, \u03b2-keto-prolintan, prolintanon nebo desmethylpyrovaleron), byl vytvo\u0159en v 60. letech 20. stolet\u00ed a prod\u00e1v\u00e1n jako designov\u00e1 droga. \u010casto se u\u017e\u00edv\u00e1 rekrea\u010dn\u011b.<\/p>","protected":false},"featured_media":21293,"comment_status":"open","ping_status":"closed","template":"","meta":{"_joinchat":[]},"product_brand":[],"product_cat":[1724,1538],"product_tag":[],"class_list":{"0":"post-20596","1":"product","2":"type-product","3":"status-publish","4":"has-post-thumbnail","6":"product_cat-research-chemicals","7":"product_cat-cannabinoids","9":"first","10":"instock","11":"shipping-taxable","12":"purchasable","13":"product-type-variable","14":"add-to-wishlist-after_add_to_cart"},"yoast_head":"<!-- This site is optimized with the Yoast SEO plugin v25.9 - https:\/\/yoast.com\/wordpress\/plugins\/seo\/ -->\n<title>Buy A-PVP Online - A-PVP Powder for Sale<\/title>\n<meta name=\"description\" content=\"You can buy a-pvp online at the best prices from our online store. We have cheap and high-quality a-pvp powder for sale and providing worldwide delivery. You can order from anytime, anywhere.\" \/>\n<meta name=\"robots\" content=\"index, follow, max-snippet:-1, max-image-preview:large, max-video-preview:-1\" \/>\n<link rel=\"canonical\" href=\"https:\/\/narcopowders.com\/cs\/produkt\/buy-a-pvp-online\/\" \/>\n<meta property=\"og:locale\" content=\"cs_CZ\" \/>\n<meta property=\"og:type\" content=\"article\" \/>\n<meta property=\"og:title\" content=\"Buy A-PVP Online - A-PVP Powder for Sale\" \/>\n<meta property=\"og:description\" content=\"You can buy a-pvp online at the best prices from our online store. We have cheap and high-quality a-pvp powder for sale and providing worldwide delivery. You can order from anytime, anywhere.\" \/>\n<meta property=\"og:url\" content=\"https:\/\/narcopowders.com\/cs\/produkt\/buy-a-pvp-online\/\" \/>\n<meta property=\"og:site_name\" content=\"Narco Powders\" \/>\n<meta property=\"article:modified_time\" content=\"2025-05-06T07:02:40+00:00\" \/>\n<meta property=\"og:image\" content=\"https:\/\/narcopowders.com\/wp-content\/uploads\/2024\/05\/APVP.gif\" \/>\n\t<meta property=\"og:image:width\" content=\"600\" \/>\n\t<meta property=\"og:image:height\" content=\"600\" \/>\n\t<meta property=\"og:image:type\" content=\"image\/gif\" \/>\n<meta name=\"twitter:card\" content=\"summary_large_image\" \/>\n<meta name=\"twitter:label1\" content=\"Odhadovan\u00e1 doba \u010dten\u00ed\" \/>\n\t<meta name=\"twitter:data1\" content=\"3 minuty\" \/>\n<!-- \/ Yoast SEO plugin. -->","yoast_head_json":{"title":"Koupit A-PVP online - A-PVP pr\u00e1\u0161ek na prodej","description":"V na\u0161em internetov\u00e9m obchod\u011b si m\u016f\u017eete koupit a-pvp online za nejlep\u0161\u00ed ceny. M\u00e1me levn\u00fd a vysoce kvalitn\u00ed pr\u00e1\u0161ek a-pvp na prodej a poskytujeme doru\u010den\u00ed po cel\u00e9m sv\u011bt\u011b. Objedn\u00e1vat m\u016f\u017eete kdykoli a odkudkoli.","robots":{"index":"index","follow":"follow","max-snippet":"max-snippet:-1","max-image-preview":"max-image-preview:large","max-video-preview":"max-video-preview:-1"},"canonical":"https:\/\/narcopowders.com\/cs\/produkt\/buy-a-pvp-online\/","og_locale":"cs_CZ","og_type":"article","og_title":"Buy A-PVP Online - A-PVP Powder for Sale","og_description":"You can buy a-pvp online at the best prices from our online store. We have cheap and high-quality a-pvp powder for sale and providing worldwide delivery. You can order from anytime, anywhere.","og_url":"https:\/\/narcopowders.com\/cs\/produkt\/buy-a-pvp-online\/","og_site_name":"Narco Powders","article_modified_time":"2025-05-06T07:02:40+00:00","og_image":[{"width":600,"height":600,"url":"https:\/\/narcopowders.com\/wp-content\/uploads\/2024\/05\/APVP.gif","type":"image\/gif"}],"twitter_card":"summary_large_image","twitter_misc":{"Odhadovan\u00e1 doba \u010dten\u00ed":"3 minuty"},"schema":{"@context":"https:\/\/schema.org","@graph":[{"@type":"WebPage","@id":"https:\/\/narcopowders.com\/product\/buy-a-pvp-online\/","url":"https:\/\/narcopowders.com\/product\/buy-a-pvp-online\/","name":"Koupit A-PVP online - A-PVP pr\u00e1\u0161ek na prodej","isPartOf":{"@id":"https:\/\/narcopowders.com\/#website"},"primaryImageOfPage":{"@id":"https:\/\/narcopowders.com\/product\/buy-a-pvp-online\/#primaryimage"},"image":{"@id":"https:\/\/narcopowders.com\/product\/buy-a-pvp-online\/#primaryimage"},"thumbnailUrl":"https:\/\/narcopowders.com\/wp-content\/uploads\/2024\/05\/APVP.gif","datePublished":"2024-05-23T06:14:38+00:00","dateModified":"2025-05-06T07:02:40+00:00","description":"V na\u0161em internetov\u00e9m obchod\u011b si m\u016f\u017eete koupit a-pvp online za nejlep\u0161\u00ed ceny. M\u00e1me levn\u00fd a vysoce kvalitn\u00ed pr\u00e1\u0161ek a-pvp na prodej a poskytujeme doru\u010den\u00ed po cel\u00e9m sv\u011bt\u011b. Objedn\u00e1vat m\u016f\u017eete kdykoli a odkudkoli.","breadcrumb":{"@id":"https:\/\/narcopowders.com\/product\/buy-a-pvp-online\/#breadcrumb"},"inLanguage":"cs","potentialAction":[{"@type":"ReadAction","target":["https:\/\/narcopowders.com\/product\/buy-a-pvp-online\/"]}]},{"@type":"ImageObject","inLanguage":"cs","@id":"https:\/\/narcopowders.com\/product\/buy-a-pvp-online\/#primaryimage","url":"https:\/\/narcopowders.com\/wp-content\/uploads\/2024\/05\/APVP.gif","contentUrl":"https:\/\/narcopowders.com\/wp-content\/uploads\/2024\/05\/APVP.gif","width":600,"height":600,"caption":"Buy A-PVP Online"},{"@type":"BreadcrumbList","@id":"https:\/\/narcopowders.com\/product\/buy-a-pvp-online\/#breadcrumb","itemListElement":[{"@type":"ListItem","position":1,"name":"Home","item":"https:\/\/narcopowders.com\/"},{"@type":"ListItem","position":2,"name":"Shop Page","item":"https:\/\/narcopowders.com\/shop\/"},{"@type":"ListItem","position":3,"name":"Buy A-PVP Online"}]},{"@type":"WebSite","@id":"https:\/\/narcopowders.com\/#website","url":"https:\/\/narcopowders.com\/","name":"Pr\u00e1\u0161ky na narkotika","description":"M\u016fj blog WordPress","potentialAction":[{"@type":"SearchAction","target":{"@type":"EntryPoint","urlTemplate":"https:\/\/narcopowders.com\/?s={search_term_string}"},"query-input":{"@type":"PropertyValueSpecification","valueRequired":true,"valueName":"search_term_string"}}],"inLanguage":"cs"}]}},"_links":{"self":[{"href":"https:\/\/narcopowders.com\/cs\/wp-json\/wp\/v2\/product\/20596","targetHints":{"allow":["GET"]}}],"collection":[{"href":"https:\/\/narcopowders.com\/cs\/wp-json\/wp\/v2\/product"}],"about":[{"href":"https:\/\/narcopowders.com\/cs\/wp-json\/wp\/v2\/types\/product"}],"replies":[{"embeddable":true,"href":"https:\/\/narcopowders.com\/cs\/wp-json\/wp\/v2\/comments?post=20596"}],"wp:featuredmedia":[{"embeddable":true,"href":"https:\/\/narcopowders.com\/cs\/wp-json\/wp\/v2\/media\/21293"}],"wp:attachment":[{"href":"https:\/\/narcopowders.com\/cs\/wp-json\/wp\/v2\/media?parent=20596"}],"wp:term":[{"taxonomy":"product_brand","embeddable":true,"href":"https:\/\/narcopowders.com\/cs\/wp-json\/wp\/v2\/product_brand?post=20596"},{"taxonomy":"product_cat","embeddable":true,"href":"https:\/\/narcopowders.com\/cs\/wp-json\/wp\/v2\/product_cat?post=20596"},{"taxonomy":"product_tag","embeddable":true,"href":"https:\/\/narcopowders.com\/cs\/wp-json\/wp\/v2\/product_tag?post=20596"}],"curies":[{"name":"wp","href":"https:\/\/api.w.org\/{rel}","templated":true}]}}