{"id":20601,"date":"2024-05-23T06:14:39","date_gmt":"2024-05-23T06:14:39","guid":{"rendered":"https:\/\/narcopowders.com\/?post_type=product&#038;p=20601"},"modified":"2025-03-26T12:57:29","modified_gmt":"2025-03-26T12:57:29","slug":"buy-th-pvp-online","status":"publish","type":"product","link":"https:\/\/narcopowders.com\/cs\/produkt\/buy-th-pvp-online\/","title":{"rendered":"Koupit TH-PVP online"},"content":{"rendered":"<h2>Koupit TH-PVP online | TH-PVP na prodej leg\u00e1ln\u011b<\/h2>\n<h2>TH-PVP: Co to je?<\/h2>\n<p><strong>Podle TH-PVP<\/strong><\/p>\n<p><a href=\"https:\/\/en.wikipedia.org\/wiki\/TH-PVP\">TH-PVP<\/a> se v posledn\u00ed dob\u011b stal zn\u00e1mou zna\u010dkovou drogou. Zdrojem t\u00e9to chemick\u00e9 slou\u010deniny je katinon, p\u0159irozen\u011b se vyskytuj\u00edc\u00ed l\u00e1tka v rostlin\u011b Khat. Krom\u011b Ma\u010farska, \u0160pan\u011blska, Belgie, Polska, Turecka a Braz\u00edlie byla <a href=\"https:\/\/narcopowders.com\/cs\/produkt\/buy-th-pvp-online\/\">TH-PVP<\/a> byl identifikov\u00e1n v mnoha dal\u0161\u00edch zem\u00edch po cel\u00e9m sv\u011bt\u011b. Farmakologie, historie, \u00fa\u010dinky a rizika TH-PVP budou pops\u00e1ny v tomto \u010dl\u00e1nku.<\/p>\n<h3>Pozad\u00ed TH-PVP<\/h3>\n<p>Ma\u010farsk\u00e1 forenzn\u00ed laborato\u0159 poprv\u00e9 detekovala TH-PVP v roce 2015. Stal se b\u011b\u017en\u011b pou\u017e\u00edvan\u00fdm l\u00e9kem a rychle se roz\u0161\u00ed\u0159il do dal\u0161\u00edch zem\u00ed. TH-PVP se obvykle prod\u00e1v\u00e1 jako b\u00edl\u00fd nebo \u017elut\u00fd pr\u00e1\u0161ek a je propagov\u00e1n jako designov\u00e1 droga nebo v\u00fdzkumn\u00e1 chemik\u00e1lie. L\u00e1tka se b\u011b\u017en\u011b kou\u0159\u00ed, \u0161\u0148upe nebo u\u017e\u00edv\u00e1 peror\u00e1ln\u011b. <a href=\"https:\/\/narcopowders.com\/cs\/\">v\u00fdzkumn\u00e1 chemik\u00e1lie<\/a>Tato l\u00e1tka se b\u011b\u017en\u011b kou\u0159\u00ed, \u0161\u0148upe nebo konzumuje or\u00e1ln\u011b.<\/p>\n<h3>TH-PHARMACOLOGY PVP<\/h3>\n<p>Studie in vitro uk\u00e1zaly, \u017ee <a href=\"https:\/\/duckduckgo.com\/?q=Buy+TH-PVP+Online&amp;t=h_&amp;ia=web\">TH-PVP<\/a> sni\u017euje zp\u011btn\u00e9 vychyt\u00e1v\u00e1n\u00ed monoaminov\u00fdch neurotransmiter\u016f, v\u010detn\u011b serotoninu. D\u00e1le zvy\u0161uje uvol\u0148ov\u00e1n\u00ed t\u011bchto neurotransmiter\u016f, co\u017e m\u016f\u017ee zp\u016fsobovat zm\u011bny chov\u00e1n\u00ed a n\u00e1lady. Navzdory t\u011bmto zji\u0161t\u011bn\u00edm nebyly u TH-PVP prok\u00e1z\u00e1ny \u017e\u00e1dn\u00e9 stimula\u010dn\u00ed \u00fa\u010dinky na zv\u00ed\u0159ata. Podle n\u011bkter\u00fdch v\u00fdzkumn\u00edk\u016f se farmakologick\u00fd profil TH-PVP podob\u00e1 sp\u00ed\u0161e sedativn\u00edm empatogen\u016fm, jako jsou 5-Methyl-MDA a MDAI.<\/p>\n<h3>DOPADY A NEBEZPE\u010c\u00cd TH-PVP<\/h3>\n<p>\u00da\u010dinky TH-PVP se mohou v\u00fdrazn\u011b li\u0161it v z\u00e1vislosti na d\u00e1vkov\u00e1n\u00ed, zp\u016fsobu u\u017e\u00edv\u00e1n\u00ed a osobn\u00edch vlastnostech. U\u017eivatel\u00e9 TH-PVP uv\u00e1d\u011bj\u00ed, \u017ee se c\u00edt\u00ed povznesen\u011b, spokojen\u011b a sebev\u011bdom\u011b. Jin\u00ed hovo\u0159ili o pocitu nep\u0159\u00e1telstv\u00ed, paranoie a \u00fazkosti. TH-PVP ob\u010das zp\u016fsobuje nebezpe\u010dn\u00e9 vedlej\u0161\u00ed \u00fa\u010dinky, v\u010detn\u011b k\u0159e\u010d\u00ed, halucinac\u00ed.<\/p>\n<p>Vzhledem k tomu, \u017ee TH-PVP se \u010dasto prod\u00e1v\u00e1 jako designov\u00e1 droga, jsou jeho rizika obzvl\u00e1\u0161t\u011b z\u00e1va\u017en\u00e1. To nazna\u010duje, \u017ee tato chemik\u00e1lie je propagov\u00e1na jako bezpe\u010dn\u00e1 alternativa k neleg\u00e1ln\u00edm drog\u00e1m. Ale jak <a href=\"https:\/\/www.bing.com\/search?q=Buy%20TH-PVP%20Online&amp;qs=n&amp;form=QBRE&amp;sp=-1&amp;lq=0&amp;pq=buy%20th-pvp%20online&amp;sc=7-17&amp;sk=&amp;cvid=E4503EA23EF84E71AAA5F2041A4C6AB1&amp;ghsh=0&amp;ghacc=0&amp;ghpl=\">TH-PVP<\/a> se obvykle vyr\u00e1b\u00ed v neregulovan\u00e9m prost\u0159ed\u00ed, s\u00edla a \u010distota \u0161ar\u017e\u00ed se od sebe mohou zna\u010dn\u011b li\u0161it. To m\u016f\u017ee m\u00edt nebezpe\u010dn\u00e9 a nep\u0159edv\u00eddateln\u00e9 n\u00e1sledky.<\/p>\n<p>TH-PVP si v posledn\u00edch letech z\u00edskal oblibu jako designov\u00e1 droga. P\u0159esto\u017ee je tato l\u00e1tka propagov\u00e1na jako bezpe\u010dn\u00e1 a leg\u00e1ln\u00ed alternativa neleg\u00e1ln\u00edch drog, \u010dasto se vyr\u00e1b\u00ed v nekontrolovan\u00fdch laborato\u0159\u00edch a m\u016f\u017ee b\u00fdt nebezpe\u010dn\u00e1 pro va\u0161e zdrav\u00ed. Je nezbytn\u00e9 porozum\u011bt nebezpe\u010d\u00ed <a href=\"https:\/\/www.google.com\/search?q=Buy+TH-PVP+Online&amp;sca_esv=16def464f60f9903&amp;sxsrf=AHTn8zqDsOGwU1KtBRp7rflOmvkfP6z8gQ%3A1742993324443&amp;ei=rPfjZ6vlGszw0PEPraW52A8&amp;ved=0ahUKEwir68uP5KeMAxVMODQIHa1SDvsQ4dUDCBA&amp;uact=5&amp;oq=Buy+TH-PVP+Online&amp;gs_lp=Egxnd3Mtd2l6LXNlcnAiEUJ1eSBUSC1QVlAgT25saW5lMgcQIRigARgKMgcQIRigARgKMgcQIRigARgKMgcQIRigARgKMgcQIRigARgKSKcIUPMDWPMDcAF4AZABAJgB0QOgAdEDqgEDNC0xuAEDyAEA-AEC-AEBmAICoALjA8ICChAAGLADGNYEGEeYAwCIBgGQBgiSBwUxLjQtMaAH2ASyBwM0LTG4B9cD&amp;sclient=gws-wiz-serp\">TH-PVP<\/a> a zdr\u017eet se jeho u\u017e\u00edv\u00e1n\u00ed. Pokud vy nebo v\u00e1\u0161 bl\u00edzk\u00fd bojujete se zneu\u017e\u00edv\u00e1n\u00edm n\u00e1vykov\u00fdch l\u00e1tek, vyhledejte l\u00e9ka\u0159skou pomoc.<\/p>","protected":false},"excerpt":{"rendered":"<p>Buy TH-PVP Online | TH-PVP for Sale Legally TH-PVP: What Is It? By TH-PVP TH-PVP has become well-known as a designer drug in recent times. Cathinone, a naturally occurring substance found in the Khat plant, is the source of this chemical compound. Apart from Hungary, Spain, Belgium, Poland, Turkey, and Brazil, TH-PVP has been identified [&hellip;]<\/p>","protected":false},"featured_media":21284,"comment_status":"open","ping_status":"closed","template":"","meta":{"_joinchat":[]},"product_brand":[],"product_cat":[1539],"product_tag":[],"class_list":{"0":"post-20601","1":"product","2":"type-product","3":"status-publish","4":"has-post-thumbnail","6":"product_cat-cathinone","8":"first","9":"instock","10":"shipping-taxable","11":"purchasable","12":"product-type-variable","13":"add-to-wishlist-after_add_to_cart"},"yoast_head":"<!-- This site is optimized with the Yoast SEO plugin v25.9 - https:\/\/yoast.com\/wordpress\/plugins\/seo\/ -->\n<title>Buy TH-PVP Online - Order TH-PVP Online - TH-PVP for Sale<\/title>\n<meta name=\"description\" content=\"Looking for the best place to buy TH-PVP online? NarcoPowders is the best shop where you can order TH-PVP online, TH-PVP for sale. Order Now!\" \/>\n<meta name=\"robots\" content=\"index, follow, max-snippet:-1, max-image-preview:large, max-video-preview:-1\" \/>\n<link rel=\"canonical\" href=\"https:\/\/narcopowders.com\/cs\/produkt\/buy-th-pvp-online\/\" \/>\n<meta property=\"og:locale\" content=\"cs_CZ\" \/>\n<meta property=\"og:type\" content=\"article\" \/>\n<meta property=\"og:title\" content=\"Buy TH-PVP Online - Order TH-PVP Online - TH-PVP for Sale\" \/>\n<meta property=\"og:description\" content=\"Looking for the best place to buy TH-PVP online? NarcoPowders is the best shop where you can order TH-PVP online, TH-PVP for sale. Order Now!\" \/>\n<meta property=\"og:url\" content=\"https:\/\/narcopowders.com\/cs\/produkt\/buy-th-pvp-online\/\" \/>\n<meta property=\"og:site_name\" content=\"Narco Powders\" \/>\n<meta property=\"article:modified_time\" content=\"2025-03-26T12:57:29+00:00\" \/>\n<meta property=\"og:image\" content=\"https:\/\/narcopowders.com\/wp-content\/uploads\/2024\/05\/Thpvp.gif\" \/>\n\t<meta property=\"og:image:width\" content=\"600\" \/>\n\t<meta property=\"og:image:height\" content=\"600\" \/>\n\t<meta property=\"og:image:type\" content=\"image\/gif\" \/>\n<meta name=\"twitter:card\" content=\"summary_large_image\" \/>\n<meta name=\"twitter:label1\" content=\"Odhadovan\u00e1 doba \u010dten\u00ed\" \/>\n\t<meta name=\"twitter:data1\" content=\"2 minuty\" \/>\n<!-- \/ Yoast SEO plugin. -->","yoast_head_json":{"title":"Koupit TH-PVP online - Objednat TH-PVP online - TH-PVP na prodej","description":"Hled\u00e1te nejlep\u0161\u00ed m\u00edsto pro n\u00e1kup TH-PVP online? NarcoPowders je nejlep\u0161\u00ed obchod, kde si m\u016f\u017eete objednat TH-PVP online, TH-PVP na prodej. Objednejte si nyn\u00ed!","robots":{"index":"index","follow":"follow","max-snippet":"max-snippet:-1","max-image-preview":"max-image-preview:large","max-video-preview":"max-video-preview:-1"},"canonical":"https:\/\/narcopowders.com\/cs\/produkt\/buy-th-pvp-online\/","og_locale":"cs_CZ","og_type":"article","og_title":"Buy TH-PVP Online - Order TH-PVP Online - TH-PVP for Sale","og_description":"Looking for the best place to buy TH-PVP online? NarcoPowders is the best shop where you can order TH-PVP online, TH-PVP for sale. Order Now!","og_url":"https:\/\/narcopowders.com\/cs\/produkt\/buy-th-pvp-online\/","og_site_name":"Narco Powders","article_modified_time":"2025-03-26T12:57:29+00:00","og_image":[{"width":600,"height":600,"url":"https:\/\/narcopowders.com\/wp-content\/uploads\/2024\/05\/Thpvp.gif","type":"image\/gif"}],"twitter_card":"summary_large_image","twitter_misc":{"Odhadovan\u00e1 doba \u010dten\u00ed":"2 minuty"},"schema":{"@context":"https:\/\/schema.org","@graph":[{"@type":"WebPage","@id":"https:\/\/narcopowders.com\/product\/buy-th-pvp-online\/","url":"https:\/\/narcopowders.com\/product\/buy-th-pvp-online\/","name":"Koupit TH-PVP online - Objednat TH-PVP online - TH-PVP na prodej","isPartOf":{"@id":"https:\/\/narcopowders.com\/#website"},"primaryImageOfPage":{"@id":"https:\/\/narcopowders.com\/product\/buy-th-pvp-online\/#primaryimage"},"image":{"@id":"https:\/\/narcopowders.com\/product\/buy-th-pvp-online\/#primaryimage"},"thumbnailUrl":"https:\/\/narcopowders.com\/wp-content\/uploads\/2024\/05\/Thpvp.gif","datePublished":"2024-05-23T06:14:39+00:00","dateModified":"2025-03-26T12:57:29+00:00","description":"Hled\u00e1te nejlep\u0161\u00ed m\u00edsto pro n\u00e1kup TH-PVP online? NarcoPowders je nejlep\u0161\u00ed obchod, kde si m\u016f\u017eete objednat TH-PVP online, TH-PVP na prodej. Objednejte si nyn\u00ed!","breadcrumb":{"@id":"https:\/\/narcopowders.com\/product\/buy-th-pvp-online\/#breadcrumb"},"inLanguage":"cs","potentialAction":[{"@type":"ReadAction","target":["https:\/\/narcopowders.com\/product\/buy-th-pvp-online\/"]}]},{"@type":"ImageObject","inLanguage":"cs","@id":"https:\/\/narcopowders.com\/product\/buy-th-pvp-online\/#primaryimage","url":"https:\/\/narcopowders.com\/wp-content\/uploads\/2024\/05\/Thpvp.gif","contentUrl":"https:\/\/narcopowders.com\/wp-content\/uploads\/2024\/05\/Thpvp.gif","width":600,"height":600,"caption":"Buy TH-PVP Online"},{"@type":"BreadcrumbList","@id":"https:\/\/narcopowders.com\/product\/buy-th-pvp-online\/#breadcrumb","itemListElement":[{"@type":"ListItem","position":1,"name":"Home","item":"https:\/\/narcopowders.com\/"},{"@type":"ListItem","position":2,"name":"Shop Page","item":"https:\/\/narcopowders.com\/shop\/"},{"@type":"ListItem","position":3,"name":"Buy TH-PVP Online"}]},{"@type":"WebSite","@id":"https:\/\/narcopowders.com\/#website","url":"https:\/\/narcopowders.com\/","name":"Pr\u00e1\u0161ky na narkotika","description":"M\u016fj blog WordPress","potentialAction":[{"@type":"SearchAction","target":{"@type":"EntryPoint","urlTemplate":"https:\/\/narcopowders.com\/?s={search_term_string}"},"query-input":{"@type":"PropertyValueSpecification","valueRequired":true,"valueName":"search_term_string"}}],"inLanguage":"cs"}]}},"_links":{"self":[{"href":"https:\/\/narcopowders.com\/cs\/wp-json\/wp\/v2\/product\/20601","targetHints":{"allow":["GET"]}}],"collection":[{"href":"https:\/\/narcopowders.com\/cs\/wp-json\/wp\/v2\/product"}],"about":[{"href":"https:\/\/narcopowders.com\/cs\/wp-json\/wp\/v2\/types\/product"}],"replies":[{"embeddable":true,"href":"https:\/\/narcopowders.com\/cs\/wp-json\/wp\/v2\/comments?post=20601"}],"wp:featuredmedia":[{"embeddable":true,"href":"https:\/\/narcopowders.com\/cs\/wp-json\/wp\/v2\/media\/21284"}],"wp:attachment":[{"href":"https:\/\/narcopowders.com\/cs\/wp-json\/wp\/v2\/media?parent=20601"}],"wp:term":[{"taxonomy":"product_brand","embeddable":true,"href":"https:\/\/narcopowders.com\/cs\/wp-json\/wp\/v2\/product_brand?post=20601"},{"taxonomy":"product_cat","embeddable":true,"href":"https:\/\/narcopowders.com\/cs\/wp-json\/wp\/v2\/product_cat?post=20601"},{"taxonomy":"product_tag","embeddable":true,"href":"https:\/\/narcopowders.com\/cs\/wp-json\/wp\/v2\/product_tag?post=20601"}],"curies":[{"name":"wp","href":"https:\/\/api.w.org\/{rel}","templated":true}]}}