{"id":20881,"date":"2024-05-23T06:16:01","date_gmt":"2024-05-23T06:16:01","guid":{"rendered":"https:\/\/narcopowders.com\/?post_type=product&#038;p=20881"},"modified":"2025-03-26T12:31:28","modified_gmt":"2025-03-26T12:31:28","slug":"buy-eutylone-online","status":"publish","type":"product","link":"https:\/\/narcopowders.com\/cs\/produkt\/buy-eutylone-online\/","title":{"rendered":"Koupit EUTYLONE online"},"content":{"rendered":"<h2><strong>Koupit Eutylone online<\/strong><\/h2>\n<p><a href=\"https:\/\/narcopowders.com\/cs\/\">Narcopowders<\/a> is a leading platform where you can <a href=\"https:\/\/narcopowders.com\/cs\/produkt\/buy-eutylone-online\/\">buy Eutylone online<\/a>... bez jak\u00fdchkoli pot\u00ed\u017e\u00ed. Jako spolehliv\u00fd prodejce a dodavatel Eutylone (hydrochloridu) se budeme sna\u017eit postarat o v\u0161echny va\u0161e pot\u0159eby.<\/p>\n<p>Eutylone na prodej je jedine\u010dn\u00fd stimula\u010dn\u00ed typ designov\u00e9ho l\u00e9ku zvan\u00e9ho eutylone, kter\u00fd byl vytvo\u0159en v roce 1960. Zvy\u0161uje euforick\u00e9 pro\u017eitky a zlep\u0161uje mozkov\u00e9 funkce u lid\u00ed. L\u00e9k byl pou\u017e\u00edv\u00e1n rekrea\u010dn\u011b a k l\u00e9\u010db\u011b \u0161irok\u00e9 \u0161k\u00e1ly onemocn\u011bn\u00ed. M\u00e1 obvykle sv\u011btle \u017elutou barvu a objevuje se ve form\u011b krystal\u016f. Chemick\u00fd n\u00e1zev l\u00e9ku je \u03b2-Keto-1, 3-benzodioxol-N-methylbutanamin, molekulov\u00fd vzorec je C13H17NO3. Eutylon m\u00e1 molekulovou hmotnost 235,278 g\/mol. Ve sv\u00fdch nej\u010dist\u0161\u00edch form\u00e1ch maj\u00ed krystaly eutylonu \u010distotu 97-98%.<\/p>\n<p><a href=\"https:\/\/duckduckgo.com\/?q=Buy+Eutylone+Online&amp;t=h_&amp;ia=web\">Kupte si Eutylon online<\/a>, a medication that has characteristics with <a href=\"https:\/\/www.google.com\/search?q=Buy+Eutylone+Online&amp;sca_esv=16def464f60f9903&amp;sxsrf=AHTn8zpF1aSO4rFCm6dFMRC0UGovrZP6Ug%3A1742991950664&amp;ei=TvLjZ7ahKKi_0PEPx_OSsQI&amp;ved=0ahUKEwi2gMOA36eMAxWoHzQIHce5JCYQ4dUDCBA&amp;uact=5&amp;oq=Buy+Eutylone+Online&amp;gs_lp=Egxnd3Mtd2l6LXNlcnAiE0J1eSBFdXR5bG9uZSBPbmxpbmVI9AZQiwNYiwNwAXgAkAEAmAGFA6ABhQOqAQMzLTG4AQPIAQD4AQL4AQGYAgCgAgCYAwCIBgGSBwCgB0eyBwC4BwA&amp;sclient=gws-wiz-serp\">Ethylone<\/a> a je klasifikov\u00e1n jako katinon. D\u00edky sv\u00fdm stimula\u010dn\u00edm vlastnostem ovliv\u0148uje centr\u00e1ln\u00ed nervov\u00fd syst\u00e9m t\u011bla.<\/p>\n<p>L\u00e9k je uchov\u00e1v\u00e1n v chladn\u00e9m prost\u0159ed\u00ed s obvyklou teplotou 20 a\u017e 25 stup\u0148\u016f Celsia a bez zn\u00e1mek vlhkosti.<\/p>\n<p>Eutylone is available for purchase through our online store, Narcopowders, and can be used as a <a href=\"https:\/\/www.bing.com\/search?q=Buy%20Eutylone%20Online&amp;qs=n&amp;form=QBRE&amp;sp=-1&amp;lq=0&amp;pq=buy%20eutylone%20online&amp;sc=0-19&amp;sk=&amp;cvid=48E10A6CF37F4DCE9A7893D18BDA464F&amp;ghsh=0&amp;ghacc=0&amp;ghpl=\">v\u00fdzkumn\u00e1 chemik\u00e1lie<\/a> or pharmaceutical. We provide discreet shipping services and have global shipping capabilities.<\/p>\n<p><a href=\"https:\/\/en.wikipedia.org\/wiki\/Eutylone\">Kupte si Eutylon online<\/a> Koupit Eutylone online, proto\u017ee p\u016fsob\u00ed jako stimulant na neurologick\u00fd syst\u00e9m t\u011bla. M\u016f\u017ee zes\u00edlit pocity euforie a touhu po nadm\u011brn\u00e9 fyzick\u00e9 aktivit\u011b. Mezi kr\u00e1tkodob\u00e9 dopady pat\u0159\u00ed ztr\u00e1ta motorick\u00e9 kontroly a nekontrolovateln\u00fd pohyb t\u011bla; mezi dlouhodob\u00e9 n\u00e1sledky pat\u0159\u00ed z\u00e1vislost a \u00fazkost.<\/p>\n<p>N\u00e1kup v\u00fdzkumn\u00fdch chemik\u00e1li\u00ed online z na\u0161ich webov\u00fdch str\u00e1nek je bezpe\u010dn\u00fd a praktick\u00fd. Obvykle udr\u017eujeme bezpe\u010dnost v\u0161ech informac\u00ed o z\u00e1kazn\u00edc\u00edch v na\u0161em syst\u00e9mu a zaru\u010dujeme tak\u00e9 bezpe\u010dnost v\u0161ech platebn\u00edch transakc\u00ed. Neust\u00e1le se uji\u0161\u0165ujeme, \u017ee v \u017e\u00e1dn\u00e9m z nab\u00edzen\u00fdch produkt\u016f nejsou \u017e\u00e1dn\u00e9 kontaminuj\u00edc\u00ed l\u00e1tky, ne\u017e v\u00e1m chemik\u00e1lie ode\u0161leme.<\/p>","protected":false},"excerpt":{"rendered":"<p>Buy Eutylone Online Narcopowders is a leading platform where you can buy Eutylone online. without facing any kind of hassle. Being a reliable vendor and supplier of Eutylone (hydrochloride) we will try to take care of all your needs. Eutylone for sale is a unique stimulant-type designer medicine called eutylone, which was created in 1960. [&hellip;]<\/p>","protected":false},"featured_media":21288,"comment_status":"open","ping_status":"closed","template":"","meta":{"_joinchat":[]},"product_brand":[],"product_cat":[1724,1538],"product_tag":[],"class_list":{"0":"post-20881","1":"product","2":"type-product","3":"status-publish","4":"has-post-thumbnail","6":"product_cat-research-chemicals","7":"product_cat-cannabinoids","9":"first","10":"instock","11":"shipping-taxable","12":"purchasable","13":"product-type-variable","14":"add-to-wishlist-after_add_to_cart"},"yoast_head":"<!-- This site is optimized with the Yoast SEO plugin v25.9 - https:\/\/yoast.com\/wordpress\/plugins\/seo\/ -->\n<title>Buy Eutylone Online - Eutylone for Sale - Order Eutylone Online<\/title>\n<meta name=\"description\" content=\"If you are willing to get eutylone for sale, then we are the right choice for you. Our staff members will help you buy eutylone online at cheap rates. Place your order with us!\" \/>\n<meta name=\"robots\" content=\"index, follow, max-snippet:-1, max-image-preview:large, max-video-preview:-1\" \/>\n<link rel=\"canonical\" href=\"https:\/\/narcopowders.com\/cs\/produkt\/buy-eutylone-online\/\" \/>\n<meta property=\"og:locale\" content=\"cs_CZ\" \/>\n<meta property=\"og:type\" content=\"article\" \/>\n<meta property=\"og:title\" content=\"Buy Eutylone Online - Eutylone for Sale - Order Eutylone Online\" \/>\n<meta property=\"og:description\" content=\"If you are willing to get eutylone for sale, then we are the right choice for you. Our staff members will help you buy eutylone online at cheap rates. Place your order with us!\" \/>\n<meta property=\"og:url\" content=\"https:\/\/narcopowders.com\/cs\/produkt\/buy-eutylone-online\/\" \/>\n<meta property=\"og:site_name\" content=\"Narco Powders\" \/>\n<meta property=\"article:modified_time\" content=\"2025-03-26T12:31:28+00:00\" \/>\n<meta property=\"og:image\" content=\"https:\/\/narcopowders.com\/wp-content\/uploads\/2024\/05\/EUTYLONE.gif\" \/>\n\t<meta property=\"og:image:width\" content=\"600\" \/>\n\t<meta property=\"og:image:height\" content=\"600\" \/>\n\t<meta property=\"og:image:type\" content=\"image\/gif\" \/>\n<meta name=\"twitter:card\" content=\"summary_large_image\" \/>\n<meta name=\"twitter:label1\" content=\"Odhadovan\u00e1 doba \u010dten\u00ed\" \/>\n\t<meta name=\"twitter:data1\" content=\"2 minuty\" \/>\n<!-- \/ Yoast SEO plugin. -->","yoast_head_json":{"title":"Buy Eutylone Online - Eutylone na prodej - Order Eutylone Online","description":"Pokud chcete z\u00edskat eutylon na prodej, pak jsme pro v\u00e1s tou spr\u00e1vnou volbou. Na\u0161i zam\u011bstnanci v\u00e1m pomohou koupit eutylone online za levn\u00e9 ceny. Objednejte si u n\u00e1s!","robots":{"index":"index","follow":"follow","max-snippet":"max-snippet:-1","max-image-preview":"max-image-preview:large","max-video-preview":"max-video-preview:-1"},"canonical":"https:\/\/narcopowders.com\/cs\/produkt\/buy-eutylone-online\/","og_locale":"cs_CZ","og_type":"article","og_title":"Buy Eutylone Online - Eutylone for Sale - Order Eutylone Online","og_description":"If you are willing to get eutylone for sale, then we are the right choice for you. Our staff members will help you buy eutylone online at cheap rates. Place your order with us!","og_url":"https:\/\/narcopowders.com\/cs\/produkt\/buy-eutylone-online\/","og_site_name":"Narco Powders","article_modified_time":"2025-03-26T12:31:28+00:00","og_image":[{"width":600,"height":600,"url":"https:\/\/narcopowders.com\/wp-content\/uploads\/2024\/05\/EUTYLONE.gif","type":"image\/gif"}],"twitter_card":"summary_large_image","twitter_misc":{"Odhadovan\u00e1 doba \u010dten\u00ed":"2 minuty"},"schema":{"@context":"https:\/\/schema.org","@graph":[{"@type":"WebPage","@id":"https:\/\/narcopowders.com\/product\/buy-eutylone-online\/","url":"https:\/\/narcopowders.com\/product\/buy-eutylone-online\/","name":"Buy Eutylone Online - Eutylone na prodej - Order Eutylone Online","isPartOf":{"@id":"https:\/\/narcopowders.com\/#website"},"primaryImageOfPage":{"@id":"https:\/\/narcopowders.com\/product\/buy-eutylone-online\/#primaryimage"},"image":{"@id":"https:\/\/narcopowders.com\/product\/buy-eutylone-online\/#primaryimage"},"thumbnailUrl":"https:\/\/narcopowders.com\/wp-content\/uploads\/2024\/05\/EUTYLONE.gif","datePublished":"2024-05-23T06:16:01+00:00","dateModified":"2025-03-26T12:31:28+00:00","description":"Pokud chcete z\u00edskat eutylon na prodej, pak jsme pro v\u00e1s tou spr\u00e1vnou volbou. Na\u0161i zam\u011bstnanci v\u00e1m pomohou koupit eutylone online za levn\u00e9 ceny. Objednejte si u n\u00e1s!","breadcrumb":{"@id":"https:\/\/narcopowders.com\/product\/buy-eutylone-online\/#breadcrumb"},"inLanguage":"cs","potentialAction":[{"@type":"ReadAction","target":["https:\/\/narcopowders.com\/product\/buy-eutylone-online\/"]}]},{"@type":"ImageObject","inLanguage":"cs","@id":"https:\/\/narcopowders.com\/product\/buy-eutylone-online\/#primaryimage","url":"https:\/\/narcopowders.com\/wp-content\/uploads\/2024\/05\/EUTYLONE.gif","contentUrl":"https:\/\/narcopowders.com\/wp-content\/uploads\/2024\/05\/EUTYLONE.gif","width":600,"height":600,"caption":"Buy EUTYLONE Online"},{"@type":"BreadcrumbList","@id":"https:\/\/narcopowders.com\/product\/buy-eutylone-online\/#breadcrumb","itemListElement":[{"@type":"ListItem","position":1,"name":"Home","item":"https:\/\/narcopowders.com\/"},{"@type":"ListItem","position":2,"name":"Shop Page","item":"https:\/\/narcopowders.com\/shop\/"},{"@type":"ListItem","position":3,"name":"Buy EUTYLONE Online"}]},{"@type":"WebSite","@id":"https:\/\/narcopowders.com\/#website","url":"https:\/\/narcopowders.com\/","name":"Pr\u00e1\u0161ky na narkotika","description":"M\u016fj blog WordPress","potentialAction":[{"@type":"SearchAction","target":{"@type":"EntryPoint","urlTemplate":"https:\/\/narcopowders.com\/?s={search_term_string}"},"query-input":{"@type":"PropertyValueSpecification","valueRequired":true,"valueName":"search_term_string"}}],"inLanguage":"cs"}]}},"_links":{"self":[{"href":"https:\/\/narcopowders.com\/cs\/wp-json\/wp\/v2\/product\/20881","targetHints":{"allow":["GET"]}}],"collection":[{"href":"https:\/\/narcopowders.com\/cs\/wp-json\/wp\/v2\/product"}],"about":[{"href":"https:\/\/narcopowders.com\/cs\/wp-json\/wp\/v2\/types\/product"}],"replies":[{"embeddable":true,"href":"https:\/\/narcopowders.com\/cs\/wp-json\/wp\/v2\/comments?post=20881"}],"wp:featuredmedia":[{"embeddable":true,"href":"https:\/\/narcopowders.com\/cs\/wp-json\/wp\/v2\/media\/21288"}],"wp:attachment":[{"href":"https:\/\/narcopowders.com\/cs\/wp-json\/wp\/v2\/media?parent=20881"}],"wp:term":[{"taxonomy":"product_brand","embeddable":true,"href":"https:\/\/narcopowders.com\/cs\/wp-json\/wp\/v2\/product_brand?post=20881"},{"taxonomy":"product_cat","embeddable":true,"href":"https:\/\/narcopowders.com\/cs\/wp-json\/wp\/v2\/product_cat?post=20881"},{"taxonomy":"product_tag","embeddable":true,"href":"https:\/\/narcopowders.com\/cs\/wp-json\/wp\/v2\/product_tag?post=20881"}],"curies":[{"name":"wp","href":"https:\/\/api.w.org\/{rel}","templated":true}]}}