{"id":20923,"date":"2024-05-23T06:16:11","date_gmt":"2024-05-23T06:16:11","guid":{"rendered":"https:\/\/narcopowders.com\/?post_type=product&#038;p=20923"},"modified":"2024-05-24T05:50:28","modified_gmt":"2024-05-24T05:50:28","slug":"buy-2fdck-online","status":"publish","type":"product","link":"https:\/\/narcopowders.com\/cs\/produkt\/buy-2fdck-online\/","title":{"rendered":"Koupit 2FDCK online"},"content":{"rendered":"<h2>Zakoupit 2-FDCK od NarcoPowders Online<\/h2>\n<p>Koupit 2-FDCK online, Disocia\u010dn\u00ed anestetikum 2-Fl-2\u2032-Oxo-PCM je tak\u00e9 zn\u00e1m\u00e9 jako 2-FDCK, fluoroketamin a 2-Fl-2\u2032-Oxo-PCM. Jedn\u00e1 se o ekvivalent ketaminu na b\u00e1zi fluoru bez chlorov\u00e9 skupiny. Zakoupit 2-FDCK online<\/p>\n<p>Nov\u00fd disociativn\u00ed l\u00e9k t\u0159\u00eddy arylcyklohexylamin\u016f 2-Fl-2\u2032-Oxo-PCM je zn\u00e1m\u00fd tak\u00e9 jako 2-Fluorodeschloroketamin, 2-FDCK a myln\u011b jako 2-Fluroketamin, Fluoroketamin a 2-FDCK.<a href=\"https:\/\/narcopowders.com\/cs\/product\/5f-mdp\/\">.<\/a><\/p>\n<p>Z chemick\u00e9ho hlediska jsou ketamin a deschloroketamin p\u0159\u00edbuzn\u00e9 (DCK). Navzdory nedostate\u010dn\u00e9mu po\u010dtu studi\u00ed se p\u0159edpokl\u00e1d\u00e1, \u017ee funguje jako antagonista NMDA receptor\u016f. Struktura arylcyklohexylamin\u016f, stejn\u011b jako 2-FDCK, je zalo\u017eena na vazb\u011b aminov\u00e9 skupiny a aromatick\u00e9ho kruhu na cyklohexanov\u00fd kruh.<\/p>\n<p>NarcoPowders je nejlep\u0161\u00ed volbou, pokud si chcete koupit 2-FDCK online!<\/p>\n<h3>Jak se nakupuje 2fdck?<\/h3>\n<p>Na\u0161e u\u017eivatelsk\u00e9 rozhran\u00ed je neuv\u011b\u0159iteln\u011b rychl\u00e9, snadno pou\u017eiteln\u00e9 a efektivn\u00ed. Vzhledem k tomu, \u017ee nab\u00edz\u00edme doru\u010den\u00ed do v\u0161ech zem\u00ed, m\u016f\u017ee si produkt koupit kdokoli odkudkoli. M\u00e1me dlouholet\u00e9 zku\u0161enosti v chemick\u00e9m odv\u011btv\u00ed a jsme legitimn\u00edm a spolehliv\u00fdm dodavatelem 2FDCK. Sta\u010d\u00ed se p\u0159ihl\u00e1sit na na\u0161e webov\u00e9 str\u00e1nky, vyhledat polo\u017eku, p\u0159idat ji do ko\u0161\u00edku a odhl\u00e1sit se. Sta\u010d\u00ed, kdy\u017e n\u00e1m sd\u011bl\u00edte n\u011bkter\u00e9 informace, nap\u0159\u00edklad svou adresu nebo m\u00edsto, kam chcete zbo\u017e\u00ed doru\u010dit, a my ho tam bezpe\u010dn\u011b doprav\u00edme a z\u00e1rove\u0148 dokon\u010d\u00edme po\u017eadovanou transakci. N\u00e1kup 2fdck v USA.<\/p>\n<h3>Jak\u00fd v\u011bk je nejvhodn\u011bj\u0161\u00ed pro online n\u00e1kupy 2fdck?<\/h3>\n<p>Chcete-li si koupit 2fdck online, mus\u00ed v\u00e1m b\u00fdt alespo\u0148 18 let. Jsme k dispozici pro klientsk\u00fd servis. 24 hodin denn\u011b, 7 dn\u00ed v t\u00fddnu a cel\u00fd rok, abychom v\u00e1m pomohli a odpov\u011bd\u011bli na va\u0161e dotazy. N\u00e1kup 2fdck se slevou.<\/p>\n<h3>Jak\u00e9 v\u00fdhody nab\u00edz\u00ed 2fdck?<\/h3>\n<ul>\n<li>mohou b\u00fdt u\u017eite\u010dn\u00e9 pro kr\u00e1tkodob\u00e9 sn\u00ed\u017een\u00ed \u00fazkosti, nap\u011bt\u00ed a smutku.<\/li>\n<li>Pom\u00e1h\u00e1 p\u0159edch\u00e1zet sebevra\u017ed\u00e1m, proto\u017ee p\u016fsob\u00ed okam\u017eit\u011b.<\/li>\n<li>p\u0159\u00edzniv\u00e9 pro pos\u00edlen\u00ed neuroplasticity<\/li>\n<\/ul>\n<h3>Jak\u00e9 d\u016fsledky m\u00e1 2fdck?<\/h3>\n<ul>\n<li>m\u016f\u017ee p\u0159i \u010dast\u00e9m u\u017e\u00edv\u00e1n\u00ed zp\u016fsobit neurotoxicitu.<\/li>\n<li>m\u016f\u017ee p\u0159i \u010dast\u011bj\u0161\u00edm nebo pravideln\u00e9m pou\u017e\u00edv\u00e1n\u00ed po\u0161kodit va\u0161i pam\u011b\u0165.<\/li>\n<li>m\u016f\u017ee po\u0161kodit va\u0161e ledviny.<\/li>\n<\/ul>\n<p>P\u00e9\u010de o v\u00e1\u0161 2-FDCK<\/p>\n<p>D\u016frazn\u011b doporu\u010dujeme db\u00e1t zv\u00fd\u0161en\u00e9 opatrnosti p\u0159i manipulaci s hydrochloridem 2-FDCK, nap\u0159\u00edklad pou\u017e\u00edvat rukavice nebo masku FFP-2.<\/p>\n<h3>Kde je leg\u00e1ln\u00ed koupit 2-FDCK online?<\/h3>\n<p>NarcoPowders je webov\u00e1 str\u00e1nka, kde prod\u00e1v\u00e1me v\u00fdzkumn\u00e9 chemik\u00e1lie, jako je 2-FDCK. Ka\u017ed\u00e1 z na\u0161ich v\u00fdzkumn\u00fdch l\u00e1tek je p\u0159ed uveden\u00edm do prodeje zkoum\u00e1na a vyhodnocov\u00e1na. To je jedin\u00e1 metoda, kter\u00e1 zaru\u010duje nejlep\u0161\u00ed mo\u017enou kvalitu na\u0161eho 2-FDCK.<\/p>\n<p>Pokud pot\u0159ebujete v\u00fdsledky nebo jakoukoli jinou pomoc, nev\u00e1hejte se na n\u00e1s obr\u00e1tit. 2. Jedin\u00e1 varianta FDCK, kterou prod\u00e1v\u00e1me, je pr\u00e1\u0161ek, a\u010dkoli m\u00e1me v nab\u00eddce i blotterov\u00e9 a peletov\u00e9 verze n\u011bkolika dal\u0161\u00edch v\u00fdzkumn\u00fdch slou\u010denin.<\/p>\n<p>M\u00e1me \u0161irok\u00fd v\u00fdb\u011br vysoce \u00fa\u010dinn\u00fdch produkt\u016f, kter\u00e9 uspokoj\u00ed va\u0161e pot\u0159eby v oblasti v\u00fdzkumn\u00fdch chemik\u00e1li\u00ed. Byli jsme Kdy\u017e jsme zpo\u010d\u00e1tku zah\u00e1jili podnik\u00e1n\u00ed, dok\u00e1zali jsme si udr\u017eet sv\u00e9 postaven\u00ed na trhu jako vynikaj\u00edc\u00ed dodavatel. Objednejte si 2-FDCK online a z\u00edskejte sv\u016fj bal\u00ed\u010dek co nejd\u0159\u00edve, Koupit 2-FDCK online.<\/p>","protected":false},"excerpt":{"rendered":"<p>2-fluorodeschloroketamin (zn\u00e1m\u00fd tak\u00e9 jako 2\u2032-Fl-2-Oxo-PCM, fluoroketamin a 2-FDCK) je disociativn\u00ed anestetikum podobn\u00e9 ketaminu. Jeho prodej a u\u017e\u00edv\u00e1n\u00ed jako designov\u00e9 drogy bylo zdokumentov\u00e1no v n\u011bkolika zem\u00edch.<\/p>\n<p>Metabolismus 2-FDCK je podobn\u00fd metabolismu ketaminu: enzymy CYP2B6 a CYP3A4, z nich\u017e druh\u00fd jmenovan\u00fd v men\u0161\u00ed m\u00ed\u0159e, p\u0159em\u011b\u0148uj\u00ed 2-FDCK na Nor-2FDCK prost\u0159ednictv\u00edm N-demetylace. Ten je n\u00e1sledn\u011b metabolizov\u00e1n CYP2B6 na dehydronor-2FDCK nebo CYP2A6 a CYP2B6 na hydroxynor-2FDCK.<\/p>","protected":false},"featured_media":21242,"comment_status":"open","ping_status":"closed","template":"","meta":{"_joinchat":[]},"product_brand":[],"product_cat":[1538],"product_tag":[],"class_list":{"0":"post-20923","1":"product","2":"type-product","3":"status-publish","4":"has-post-thumbnail","6":"product_cat-cannabinoids","8":"first","9":"instock","10":"shipping-taxable","11":"purchasable","12":"product-type-variable","13":"add-to-wishlist-after_add_to_cart"},"yoast_head":"<!-- This site is optimized with the Yoast SEO plugin v25.9 - https:\/\/yoast.com\/wordpress\/plugins\/seo\/ -->\n<title>Buy 2-FDCK Online - Narco Powders<\/title>\n<meta name=\"description\" content=\"Buy 2-FDCK Online, Looking to Order 2fdck ? Look no further than narcopowders.! As a trusted supplier of research chemicals, we offer premium-grade 2fdck.\" \/>\n<meta name=\"robots\" content=\"index, follow, max-snippet:-1, max-image-preview:large, max-video-preview:-1\" \/>\n<link rel=\"canonical\" href=\"https:\/\/narcopowders.com\/cs\/produkt\/buy-2fdck-online\/\" \/>\n<meta property=\"og:locale\" content=\"cs_CZ\" \/>\n<meta property=\"og:type\" content=\"article\" \/>\n<meta property=\"og:title\" content=\"Buy 2-FDCK Online - Narco Powders\" \/>\n<meta property=\"og:description\" content=\"Buy 2-FDCK Online, Looking to Order 2fdck ? Look no further than narcopowders.! As a trusted supplier of research chemicals, we offer premium-grade 2fdck.\" \/>\n<meta property=\"og:url\" content=\"https:\/\/narcopowders.com\/cs\/produkt\/buy-2fdck-online\/\" \/>\n<meta property=\"og:site_name\" content=\"Narco Powders\" \/>\n<meta property=\"article:modified_time\" content=\"2024-05-24T05:50:28+00:00\" \/>\n<meta property=\"og:image\" content=\"https:\/\/narcopowders.com\/wp-content\/uploads\/2024\/05\/2fdck.gif\" \/>\n\t<meta property=\"og:image:width\" content=\"600\" \/>\n\t<meta property=\"og:image:height\" content=\"600\" \/>\n\t<meta property=\"og:image:type\" content=\"image\/gif\" \/>\n<meta name=\"twitter:card\" content=\"summary_large_image\" \/>\n<meta name=\"twitter:label1\" content=\"Odhadovan\u00e1 doba \u010dten\u00ed\" \/>\n\t<meta name=\"twitter:data1\" content=\"3 minuty\" \/>\n<!-- \/ Yoast SEO plugin. -->","yoast_head_json":{"title":"Koupit 2-FDCK online - Narco Powders","description":"Koupit 2-FDCK online, Hled\u00e1te objedn\u00e1vku 2fdck ? Nehledejte nic jin\u00e9ho ne\u017e narcopowders.! Jako d\u016fv\u011bryhodn\u00fd dodavatel v\u00fdzkumn\u00fdch chemik\u00e1li\u00ed nab\u00edz\u00edme prvot\u0159\u00eddn\u00ed 2fdck.","robots":{"index":"index","follow":"follow","max-snippet":"max-snippet:-1","max-image-preview":"max-image-preview:large","max-video-preview":"max-video-preview:-1"},"canonical":"https:\/\/narcopowders.com\/cs\/produkt\/buy-2fdck-online\/","og_locale":"cs_CZ","og_type":"article","og_title":"Buy 2-FDCK Online - Narco Powders","og_description":"Buy 2-FDCK Online, Looking to Order 2fdck ? Look no further than narcopowders.! As a trusted supplier of research chemicals, we offer premium-grade 2fdck.","og_url":"https:\/\/narcopowders.com\/cs\/produkt\/buy-2fdck-online\/","og_site_name":"Narco Powders","article_modified_time":"2024-05-24T05:50:28+00:00","og_image":[{"width":600,"height":600,"url":"https:\/\/narcopowders.com\/wp-content\/uploads\/2024\/05\/2fdck.gif","type":"image\/gif"}],"twitter_card":"summary_large_image","twitter_misc":{"Odhadovan\u00e1 doba \u010dten\u00ed":"3 minuty"},"schema":{"@context":"https:\/\/schema.org","@graph":[{"@type":"WebPage","@id":"https:\/\/narcopowders.com\/product\/buy-2fdck-online\/","url":"https:\/\/narcopowders.com\/product\/buy-2fdck-online\/","name":"Koupit 2-FDCK online - Narco Powders","isPartOf":{"@id":"https:\/\/narcopowders.com\/#website"},"primaryImageOfPage":{"@id":"https:\/\/narcopowders.com\/product\/buy-2fdck-online\/#primaryimage"},"image":{"@id":"https:\/\/narcopowders.com\/product\/buy-2fdck-online\/#primaryimage"},"thumbnailUrl":"https:\/\/narcopowders.com\/wp-content\/uploads\/2024\/05\/2fdck.gif","datePublished":"2024-05-23T06:16:11+00:00","dateModified":"2024-05-24T05:50:28+00:00","description":"Koupit 2-FDCK online, Hled\u00e1te objedn\u00e1vku 2fdck ? Nehledejte nic jin\u00e9ho ne\u017e narcopowders.! Jako d\u016fv\u011bryhodn\u00fd dodavatel v\u00fdzkumn\u00fdch chemik\u00e1li\u00ed nab\u00edz\u00edme prvot\u0159\u00eddn\u00ed 2fdck.","breadcrumb":{"@id":"https:\/\/narcopowders.com\/product\/buy-2fdck-online\/#breadcrumb"},"inLanguage":"cs","potentialAction":[{"@type":"ReadAction","target":["https:\/\/narcopowders.com\/product\/buy-2fdck-online\/"]}]},{"@type":"ImageObject","inLanguage":"cs","@id":"https:\/\/narcopowders.com\/product\/buy-2fdck-online\/#primaryimage","url":"https:\/\/narcopowders.com\/wp-content\/uploads\/2024\/05\/2fdck.gif","contentUrl":"https:\/\/narcopowders.com\/wp-content\/uploads\/2024\/05\/2fdck.gif","width":600,"height":600,"caption":"Buy 2fdck Online"},{"@type":"BreadcrumbList","@id":"https:\/\/narcopowders.com\/product\/buy-2fdck-online\/#breadcrumb","itemListElement":[{"@type":"ListItem","position":1,"name":"Home","item":"https:\/\/narcopowders.com\/"},{"@type":"ListItem","position":2,"name":"Shop Page","item":"https:\/\/narcopowders.com\/shop\/"},{"@type":"ListItem","position":3,"name":"Buy 2FDCK Online"}]},{"@type":"WebSite","@id":"https:\/\/narcopowders.com\/#website","url":"https:\/\/narcopowders.com\/","name":"Pr\u00e1\u0161ky na narkotika","description":"M\u016fj blog WordPress","potentialAction":[{"@type":"SearchAction","target":{"@type":"EntryPoint","urlTemplate":"https:\/\/narcopowders.com\/?s={search_term_string}"},"query-input":{"@type":"PropertyValueSpecification","valueRequired":true,"valueName":"search_term_string"}}],"inLanguage":"cs"}]}},"_links":{"self":[{"href":"https:\/\/narcopowders.com\/cs\/wp-json\/wp\/v2\/product\/20923","targetHints":{"allow":["GET"]}}],"collection":[{"href":"https:\/\/narcopowders.com\/cs\/wp-json\/wp\/v2\/product"}],"about":[{"href":"https:\/\/narcopowders.com\/cs\/wp-json\/wp\/v2\/types\/product"}],"replies":[{"embeddable":true,"href":"https:\/\/narcopowders.com\/cs\/wp-json\/wp\/v2\/comments?post=20923"}],"wp:featuredmedia":[{"embeddable":true,"href":"https:\/\/narcopowders.com\/cs\/wp-json\/wp\/v2\/media\/21242"}],"wp:attachment":[{"href":"https:\/\/narcopowders.com\/cs\/wp-json\/wp\/v2\/media?parent=20923"}],"wp:term":[{"taxonomy":"product_brand","embeddable":true,"href":"https:\/\/narcopowders.com\/cs\/wp-json\/wp\/v2\/product_brand?post=20923"},{"taxonomy":"product_cat","embeddable":true,"href":"https:\/\/narcopowders.com\/cs\/wp-json\/wp\/v2\/product_cat?post=20923"},{"taxonomy":"product_tag","embeddable":true,"href":"https:\/\/narcopowders.com\/cs\/wp-json\/wp\/v2\/product_tag?post=20923"}],"curies":[{"name":"wp","href":"https:\/\/api.w.org\/{rel}","templated":true}]}}