{"id":21031,"date":"2024-05-23T06:16:45","date_gmt":"2024-05-23T06:16:45","guid":{"rendered":"https:\/\/narcopowders.com\/?post_type=product&#038;p=21031"},"modified":"2024-05-24T09:48:18","modified_gmt":"2024-05-24T09:48:18","slug":"buy-5cakb-48-online","status":"publish","type":"product","link":"https:\/\/narcopowders.com\/cs\/produkt\/buy-5cakb-48-online\/","title":{"rendered":"Koupit 5CAKB-48 online"},"content":{"rendered":"<h2><strong>N\u00e1kup 5CAKB-48 online<\/strong><\/h2>\n<p>Kupte si 5CAKB-48, siln\u011bj\u0161\u00ed verzi AKB-48, kter\u00e1 interaguje s kanabinoidn\u00edmi receptory a je hlavn\u00ed slo\u017ekou mnoha um\u011bl\u00fdch konopn\u00fdch sm\u011bs\u00ed. Proto\u017ee m\u00e1 substituovanou indazolovou skupinu, je 5F-AKB48, zn\u00e1m\u00fd tak\u00e9 jako N-(adamantan-1-yl)-1-(5-fluoropentyl)-1H-indazol-3-karboxamid, syntetick\u00fdm indazolov\u00fdm kanabinoidem<a href=\"https:\/\/narcopowders.com\/cs\/product-category\/cannabinoids\/\">.<\/a><\/p>\n<p>Podobn\u011b jako u 5F-PB-22 je tato indazolov\u00e1 \u010d\u00e1st nahrazena na R1 fluoropentilov\u00fdm \u0159et\u011bzcem. K indazolu je tak\u00e9 p\u0159id\u00e1na karboxamidov\u00e1 skupina v poloze R3. Tato karboxamidov\u00e1 skupina m\u00e1 adamantanovou skupinu substituovanou N na sv\u00e9 koncov\u00e9 aminov\u00e9 skupin\u011b. Tato skupina m\u00e1 zvl\u00e1\u0161tn\u00ed strukturu zn\u00e1mou jako diamondoid, kter\u00fd se skl\u00e1d\u00e1 ze \u010dty\u0159 slou\u010den\u00fdch cyklohexanov\u00fdch kruh\u016f. V 5F-AKB48, homologu STS-135, je pou\u017eita indazolov\u00e1 b\u00e1ze, kter\u00e1 nahrazuje hlavn\u00ed indolovou strukturu.<\/p>\n<p>Nakupujte online 5CAKB-48 Na z\u00e1klad\u011b strukturn\u00edho v\u00fdzkumu se p\u0159edpokl\u00e1d\u00e1, \u017ee 5F-AKB48 m\u00e1 mnoho in vivo vlastnost\u00ed \u03949-THC a m\u00e1 vazebn\u00fd profil podobn\u00fd jin\u00fdm kanabinoid\u016fm, i kdy\u017e nebyl pln\u011b prozkoum\u00e1n. St\u00e1le v\u0161ak nen\u00ed jasn\u00e9, co tyto interakce zahrnuj\u00ed a jak p\u0159isp\u00edvaj\u00ed k pocitu sjet\u00ed z konop\u00ed.<a href=\"https:\/\/en.wikipedia.org\/wiki\/Synthetic_cannabinoids#Synthetic_cannabinoid_products\">.<\/a><\/p>\n<p>Nakupujte 5F-AKB48 online N\u00ed\u017ee uveden\u00e9 \u00fa\u010dinky jsou odvozeny z vlastn\u00edch zku\u0161enost\u00ed autor\u016f a indexu subjektivn\u00edch \u00fa\u010dink\u016f na PsychonautWiki. Je d\u016fle\u017eit\u00e9 si uv\u011bdomit, \u017ee uveden\u00e9 \u00fa\u010dinky se zaru\u010den\u011b neprojev\u00ed v\u0161echny najednou a je t\u0159eba je br\u00e1t s rezervou. Vy\u0161\u0161\u00ed d\u00e1vky v\u0161ak zv\u00fd\u0161\u00ed pravd\u011bpodobnost a pos\u00edl\u00ed pravd\u011bpodobnost v\u00fdskytu cel\u00e9 \u0161k\u00e1ly p\u0159\u00edznak\u016f.<\/p>\n<p>5C-AKB48 je vhodn\u00fd pro podobn\u00e1 zkoum\u00e1n\u00ed vlivu zak\u00e1zan\u00fdch agonist\u016f na receptory CB2. 5C-AKB48 poskytuje spole\u010dnost BAC pouze pro v\u00fdzkumn\u00e9 \u00fa\u010dely. Nen\u00ed ur\u010den k lidsk\u00e9 spot\u0159eb\u011b ani k rekrea\u010dn\u00edmu pou\u017eit\u00ed. Tato webov\u00e1 str\u00e1nka je ur\u010dena v\u00fdhradn\u011b pro dosp\u011bl\u00e9 u\u017eivatele. Vy\u017eaduje se, aby n\u00e1v\u0161t\u011bvn\u00edci t\u011bchto webov\u00fdch str\u00e1nek byli star\u0161\u00ed 18 let. Nikdo mlad\u0161\u00ed osmn\u00e1cti let si nesm\u00ed zakoupit \u017e\u00e1dn\u00fd z na\u0161ich produkt\u016f.<\/p>\n<p>N\u00e1kup 5F-AKB48 online D\u00edky na\u0161emu kvalifikovan\u00e9mu v\u00fdzkumn\u00e9mu a v\u00fdvojov\u00e9mu t\u00fdmu a p\u0159\u00edsn\u00fdm postup\u016fm kontroly kvality zaru\u010dujeme nejvy\u0161\u0161\u00ed kvalitu zbo\u017e\u00ed p\u0159i ka\u017ed\u00e9 objedn\u00e1vce, a to na jak\u00e9mkoli m\u00edst\u011b na sv\u011bt\u011b. Na prvn\u00edm m\u00edst\u011b jsou v\u017edy z\u00e1kazn\u00edci a dobr\u00e1 pov\u011bst. D\u00edky na\u0161\u00ed vynikaj\u00edc\u00ed kvalit\u011b, ale tak\u00e9 pro d\u016fv\u011bryhodnost, po kter\u00e9 m\u016f\u017eeme efektivn\u011b nav\u00e1zat vz\u00e1jemn\u011b v\u00fdhodn\u00e9 dlouhodob\u00e9 spojen\u00ed.<\/p>\n<p>Zakoupit 5F-AKB48 online Na\u0161\u00edm c\u00edlem je poskytovat co nej\u0161ir\u0161\u00ed sortiment vysoce kvalitn\u00edch V\u00ddZKUMN\u00ddCH CHEMIK\u00c1LI\u00cd, KANABINOID\u016e, KANABISU-MARIJ\u00c1NY a SOL\u00cd s d\u016frazem na jejich skv\u011blou kvalitu, pozoruhodnou hodnotu a v\u00fdjime\u010dn\u00fd z\u00e1kaznick\u00fd servis. Tvrd\u011b pracujeme na tom, abychom na\u0161im z\u00e1kazn\u00edk\u016fm jakkoli pomohli, proto\u017ee si opravdu mysl\u00edme, \u017ee jejich spokojenost je pro \u00fasp\u011bch na\u0161eho podnik\u00e1n\u00ed z\u00e1sadn\u00ed. vynikaj\u00edc\u00ed kvalita a solidn\u00ed pov\u011bst, v\u00edt\u011bz\u00edme na trhu, Koupit 5CAKB-48.<br \/>\nNa\u0161i z\u00e1kazn\u00edci u n\u00e1s nakupuj\u00ed zbo\u017e\u00ed nejen za f\u00e9rov\u00e9 ceny.<\/p>","protected":false},"excerpt":{"rendered":"<p>Purchase 5CAKB-48 Online Buy 5CAKB-48, a stronger version of AKB-48 that interacts with cannabinoid receptors and is a main ingredient in a lot of artificial cannabis mixes. Because it has a substituted indazole group, 5F-AKB48, also known as N-(adamantan-1-yl)-1-(5-fluoropentyl)-1H-indazole-3-carboxamide, is a synthetic indazole cannabinoid. Similar to 5F-PB-22, this indazole moiety is replaced at R1 with [&hellip;]<\/p>","protected":false},"featured_media":21270,"comment_status":"open","ping_status":"closed","template":"","meta":{"_joinchat":[]},"product_brand":[],"product_cat":[1538],"product_tag":[],"class_list":{"0":"post-21031","1":"product","2":"type-product","3":"status-publish","4":"has-post-thumbnail","6":"product_cat-cannabinoids","8":"first","9":"instock","10":"shipping-taxable","11":"purchasable","12":"product-type-variable","13":"add-to-wishlist-after_add_to_cart"},"yoast_head":"<!-- This site is optimized with the Yoast SEO plugin v25.9 - https:\/\/yoast.com\/wordpress\/plugins\/seo\/ -->\n<title>Buy 5CAKB-48<\/title>\n<meta name=\"description\" content=\"Buy 5CAKB-48, If you are looking for 5F-AKB48 powder, 5F-APINACA or AKB-48F then you have come to the right place! 5C-AKB48 is a synthetic cannabinoid.\" \/>\n<meta name=\"robots\" content=\"index, follow, max-snippet:-1, max-image-preview:large, max-video-preview:-1\" \/>\n<link rel=\"canonical\" href=\"https:\/\/narcopowders.com\/cs\/produkt\/buy-5cakb-48-online\/\" \/>\n<meta property=\"og:locale\" content=\"cs_CZ\" \/>\n<meta property=\"og:type\" content=\"article\" \/>\n<meta property=\"og:title\" content=\"Buy 5CAKB-48\" \/>\n<meta property=\"og:description\" content=\"Buy 5CAKB-48, If you are looking for 5F-AKB48 powder, 5F-APINACA or AKB-48F then you have come to the right place! 5C-AKB48 is a synthetic cannabinoid.\" \/>\n<meta property=\"og:url\" content=\"https:\/\/narcopowders.com\/cs\/produkt\/buy-5cakb-48-online\/\" \/>\n<meta property=\"og:site_name\" content=\"Narco Powders\" \/>\n<meta property=\"article:modified_time\" content=\"2024-05-24T09:48:18+00:00\" \/>\n<meta property=\"og:image\" content=\"https:\/\/narcopowders.com\/wp-content\/uploads\/2024\/05\/5cakb48.gif\" \/>\n\t<meta property=\"og:image:width\" content=\"600\" \/>\n\t<meta property=\"og:image:height\" content=\"600\" \/>\n\t<meta property=\"og:image:type\" content=\"image\/gif\" \/>\n<meta name=\"twitter:card\" content=\"summary_large_image\" \/>\n<meta name=\"twitter:label1\" content=\"Odhadovan\u00e1 doba \u010dten\u00ed\" \/>\n\t<meta name=\"twitter:data1\" content=\"3 minuty\" \/>\n<!-- \/ Yoast SEO plugin. -->","yoast_head_json":{"title":"Koupit 5CAKB-48","description":"Koupit 5CAKB-48, Pokud hled\u00e1te pr\u00e1\u0161ek 5F-AKB48, 5F-APINACA nebo AKB-48F, pak jste na spr\u00e1vn\u00e9m m\u00edst\u011b! 5C-AKB48 je syntetick\u00fd kanabinoid.","robots":{"index":"index","follow":"follow","max-snippet":"max-snippet:-1","max-image-preview":"max-image-preview:large","max-video-preview":"max-video-preview:-1"},"canonical":"https:\/\/narcopowders.com\/cs\/produkt\/buy-5cakb-48-online\/","og_locale":"cs_CZ","og_type":"article","og_title":"Buy 5CAKB-48","og_description":"Buy 5CAKB-48, If you are looking for 5F-AKB48 powder, 5F-APINACA or AKB-48F then you have come to the right place! 5C-AKB48 is a synthetic cannabinoid.","og_url":"https:\/\/narcopowders.com\/cs\/produkt\/buy-5cakb-48-online\/","og_site_name":"Narco Powders","article_modified_time":"2024-05-24T09:48:18+00:00","og_image":[{"width":600,"height":600,"url":"https:\/\/narcopowders.com\/wp-content\/uploads\/2024\/05\/5cakb48.gif","type":"image\/gif"}],"twitter_card":"summary_large_image","twitter_misc":{"Odhadovan\u00e1 doba \u010dten\u00ed":"3 minuty"},"schema":{"@context":"https:\/\/schema.org","@graph":[{"@type":"WebPage","@id":"https:\/\/narcopowders.com\/product\/buy-5cakb-48-online\/","url":"https:\/\/narcopowders.com\/product\/buy-5cakb-48-online\/","name":"Koupit 5CAKB-48","isPartOf":{"@id":"https:\/\/narcopowders.com\/#website"},"primaryImageOfPage":{"@id":"https:\/\/narcopowders.com\/product\/buy-5cakb-48-online\/#primaryimage"},"image":{"@id":"https:\/\/narcopowders.com\/product\/buy-5cakb-48-online\/#primaryimage"},"thumbnailUrl":"https:\/\/narcopowders.com\/wp-content\/uploads\/2024\/05\/5cakb48.gif","datePublished":"2024-05-23T06:16:45+00:00","dateModified":"2024-05-24T09:48:18+00:00","description":"Koupit 5CAKB-48, Pokud hled\u00e1te pr\u00e1\u0161ek 5F-AKB48, 5F-APINACA nebo AKB-48F, pak jste na spr\u00e1vn\u00e9m m\u00edst\u011b! 5C-AKB48 je syntetick\u00fd kanabinoid.","breadcrumb":{"@id":"https:\/\/narcopowders.com\/product\/buy-5cakb-48-online\/#breadcrumb"},"inLanguage":"cs","potentialAction":[{"@type":"ReadAction","target":["https:\/\/narcopowders.com\/product\/buy-5cakb-48-online\/"]}]},{"@type":"ImageObject","inLanguage":"cs","@id":"https:\/\/narcopowders.com\/product\/buy-5cakb-48-online\/#primaryimage","url":"https:\/\/narcopowders.com\/wp-content\/uploads\/2024\/05\/5cakb48.gif","contentUrl":"https:\/\/narcopowders.com\/wp-content\/uploads\/2024\/05\/5cakb48.gif","width":600,"height":600,"caption":"Buy 5CAKB-48 online"},{"@type":"BreadcrumbList","@id":"https:\/\/narcopowders.com\/product\/buy-5cakb-48-online\/#breadcrumb","itemListElement":[{"@type":"ListItem","position":1,"name":"Home","item":"https:\/\/narcopowders.com\/"},{"@type":"ListItem","position":2,"name":"Shop Page","item":"https:\/\/narcopowders.com\/shop\/"},{"@type":"ListItem","position":3,"name":"Buy 5CAKB-48 Online"}]},{"@type":"WebSite","@id":"https:\/\/narcopowders.com\/#website","url":"https:\/\/narcopowders.com\/","name":"Pr\u00e1\u0161ky na narkotika","description":"M\u016fj blog WordPress","potentialAction":[{"@type":"SearchAction","target":{"@type":"EntryPoint","urlTemplate":"https:\/\/narcopowders.com\/?s={search_term_string}"},"query-input":{"@type":"PropertyValueSpecification","valueRequired":true,"valueName":"search_term_string"}}],"inLanguage":"cs"}]}},"_links":{"self":[{"href":"https:\/\/narcopowders.com\/cs\/wp-json\/wp\/v2\/product\/21031","targetHints":{"allow":["GET"]}}],"collection":[{"href":"https:\/\/narcopowders.com\/cs\/wp-json\/wp\/v2\/product"}],"about":[{"href":"https:\/\/narcopowders.com\/cs\/wp-json\/wp\/v2\/types\/product"}],"replies":[{"embeddable":true,"href":"https:\/\/narcopowders.com\/cs\/wp-json\/wp\/v2\/comments?post=21031"}],"wp:featuredmedia":[{"embeddable":true,"href":"https:\/\/narcopowders.com\/cs\/wp-json\/wp\/v2\/media\/21270"}],"wp:attachment":[{"href":"https:\/\/narcopowders.com\/cs\/wp-json\/wp\/v2\/media?parent=21031"}],"wp:term":[{"taxonomy":"product_brand","embeddable":true,"href":"https:\/\/narcopowders.com\/cs\/wp-json\/wp\/v2\/product_brand?post=21031"},{"taxonomy":"product_cat","embeddable":true,"href":"https:\/\/narcopowders.com\/cs\/wp-json\/wp\/v2\/product_cat?post=21031"},{"taxonomy":"product_tag","embeddable":true,"href":"https:\/\/narcopowders.com\/cs\/wp-json\/wp\/v2\/product_tag?post=21031"}],"curies":[{"name":"wp","href":"https:\/\/api.w.org\/{rel}","templated":true}]}}