{"id":21239,"date":"2024-05-23T06:34:00","date_gmt":"2024-05-23T06:34:00","guid":{"rendered":"https:\/\/narcopowders.com\/?post_type=product&#038;p=21239"},"modified":"2025-03-26T12:29:14","modified_gmt":"2025-03-26T12:29:14","slug":"buy-etizolam-powder-online","status":"publish","type":"product","link":"https:\/\/narcopowders.com\/cs\/produkt\/koupit-etizolam-prasek-online\/","title":{"rendered":"Koupit Etizolam pr\u00e1\u0161ek"},"content":{"rendered":"<h2>Z\u00edskejte Etizolam pr\u00e1\u0161ek online za nejni\u017e\u0161\u00ed cenu<\/h2>\n<p><a href=\"https:\/\/narcopowders.com\/cs\/produkt\/koupit-etizolam-prasek-online\/\">Koupit Etizolam pr\u00e1\u0161ek<\/a>Etizolam funguje jako benzodiazepin vazbou na benzodiazepinov\u00fd receptor, co\u017e je deriv\u00e1t thienodiazepinu. Dodavatel\u00e9 etizolamu, koupit etizolamov\u00fd pr\u00e1\u0161ek, dodavatel\u00e9 etizolamov\u00e9ho pr\u00e1\u0161ku, etizolam na prodej a velkoobchodn\u00ed prodej etizolamov\u00e9ho pr\u00e1\u0161ku z \u010c\u00edny.<\/p>\n<p>Prod\u00e1v\u00e1 se spole\u010dnost\u00ed <a href=\"https:\/\/narcopowders.com\/cs\/\">Narcopowders<\/a> pro \u00fa\u010dely online v\u00fdzkumu. Etizolam nebyl schv\u00e1len FDA pro pou\u017eit\u00ed jako l\u00e9k. P\u0159esto m\u016f\u017eete Etizolam snadno z\u00edskat online s pomoc\u00ed na\u0161eho internetov\u00e9ho obchodu. Krom\u011b toho m\u00e1 k etizolamu jako l\u00e9ku p\u0159\u00edstup pouze n\u011bkolik n\u00e1rod\u016f.<\/p>\n<h3>Pr\u00e1\u0161ek etizolam: Co je to?<\/h3>\n<p>M\u016f\u017eete vyl\u00e9\u010dit generalizovanou \u00fazkostnou poruchu spolu s depres\u00ed, nespavost\u00ed a panickou poruchou pomoc\u00ed etizolamov\u00e9ho pr\u00e1\u0161ku, kter\u00fd prod\u00e1v\u00e1me online. <a href=\"https:\/\/www.bing.com\/search?q=Buy+Etizolam+Powder+Online&amp;form=QBLH&amp;sp=-1&amp;lq=0&amp;pq=buy+etizolam+powder+online&amp;sc=1-26&amp;qs=n&amp;sk=&amp;cvid=78A682E5124B459C9E52C7988D6F2866&amp;ghsh=0&amp;ghacc=0&amp;ghpl=\">etizolam powder<\/a> that we sell online.<\/p>\n<h3>Kde je Etizolam pou\u017eiteln\u00fd?<\/h3>\n<p><a href=\"https:\/\/en.wikipedia.org\/wiki\/Etizolam\">Etizolam functions<\/a> jako pln\u00fd agonista na receptorech GABA-A, \u010d\u00edm\u017e zvy\u0161uje GABAergn\u00ed p\u0159enos a zlep\u0161uje Cl-proudy vyvolan\u00e9 GABA. Vazebn\u00e9 m\u00edsto benzodiazepinu, kter\u00e9 se nach\u00e1z\u00ed nap\u0159\u00ed\u010d alfa<\/p>\n<p>Podjednotka gama je p\u0159edpokl\u00e1dan\u00fdm m\u00edstem vazby. Bylo zji\u0161t\u011bno, \u017ee pouze receptory s podjednotkami gama 2 a alfa 1\/2\/3\/5 se mohou v\u00e1zat na benzodiazepiny.<\/p>\n<p>Receptory alfa-1 zprost\u0159edkov\u00e1vaj\u00ed sedativn\u00ed \u00fa\u010dinky etizolamu, zat\u00edmco receptory obsahuj\u00edc\u00ed podjednotky alfa-2 a alfa-3 zprost\u0159edkov\u00e1vaj\u00ed anxiolytick\u00fd \u00fa\u010dinek. Etizolam m\u00e1 vysokou afinitu a \u00fa\u010dinnost k receptoru GABA-A v kombinaci s kombinac\u00ed podjednotek alfa 1 beta 2 gama 2S.<\/p>\n<p>P\u0159ipojen\u00edm k regula\u010dn\u00ed oblasti receptoru etizolam usnad\u0148uje otev\u00edr\u00e1n\u00ed chloridov\u00fdch kan\u00e1l\u016f vyvolan\u00fdch GABA, a t\u00edm zvy\u0161uje p\u0159enos GABA. Jedn\u00edm z konkr\u00e9tn\u00edch antagonist\u016f PAFR je etizolam. Pou\u017eit\u00ed Pro\u010d je nejlep\u0161\u00edm m\u00edstem pro n\u00e1kup <a href=\"https:\/\/duckduckgo.com\/?t=h_&amp;q=Buy+Etizolam+Powder+Online&amp;ia=web\">Etizolam Powder<\/a> is Narcopowders?<\/p>\n<p>Etizolam je sedativum, antikonvulzivum, anxiolytikum a svalov\u00e9 relaxans, kter\u00e9 rovn\u011b\u017e tlum\u00ed centr\u00e1ln\u00ed nervov\u00fd syst\u00e9m. V\u00e1\u017ee se na benzodiazepinovou oblast receptoru GABA-A a jako agonista zvy\u0161uje inhibi\u010dn\u00ed GABAergn\u00ed p\u0159enos v cel\u00e9m centr\u00e1ln\u00edm nervov\u00e9m syst\u00e9mu. Studie nazna\u010duj\u00ed, \u017ee etizolam je p\u0159i zprost\u0159edkov\u00e1n\u00ed sv\u00fdch farmakologick\u00fdch \u00fa\u010dink\u016f \u0161estkr\u00e1t a\u017e desetkr\u00e1t \u00fa\u010dinn\u011bj\u0161\u00ed ne\u017e diazepam.<\/p>\n<h3>Farmakodynamika<\/h3>\n<p>Doru\u010den\u00ed etizolamu je pro ka\u017ed\u00e9ho s Narcopowders bezpe\u010dn\u00e9. Nenechte si uj\u00edt tuto p\u0159\u00edle\u017eitost objednat si z\u00e1konn\u011b etizolam online, pokud jste ochotni zaplatit skromnou cenu za pr\u00e1\u0161ek. Objednejte si sv\u016fj <a href=\"https:\/\/www.google.com\/search?q=Buy+Etizolam+Powder+Online&amp;sca_esv=16def464f60f9903&amp;sxsrf=AHTn8zo_Lfpu_UvBnQ8OihW9wiv71k0MNA%3A1742991797535&amp;ei=tfHjZ6q3IJLR0PEPssDFuQw&amp;ved=0ahUKEwjq5cC33qeMAxWSKDQIHTJgMccQ4dUDCBA&amp;uact=5&amp;oq=Buy+Etizolam+Powder+Online&amp;gs_lp=Egxnd3Mtd2l6LXNlcnAiGkJ1eSBFdGl6b2xhbSBQb3dkZXIgT25saW5lSKgEUABYAHAAeACQAQCYAYYDoAGGA6oBAzMtMbgBA8gBAPgBAvgBAZgCAKACAJgDAJIHAKAHTrIHALgHAA&amp;sclient=gws-wiz-serp\">Etizolam powder<\/a> order right away!<\/p>","protected":false},"excerpt":{"rendered":"<p>Get Etizolam Powder Online at the Lowest Cost Buy Etizolam Powder, Etizolam functions as a benzodiazepine by binding to the benzodiazepine receptor, which is a thienodiazepine derivative. Etizolam suppliers, buy etizolam powder, suppliers of etizolam powder, etizolam for sale, and wholesale etizolam powder from China. It is sold by Narcopowders for online research purposes. Etizolam [&hellip;]<\/p>","protected":false},"featured_media":21240,"comment_status":"open","ping_status":"closed","template":"","meta":{"_joinchat":[]},"product_brand":[],"product_cat":[1724],"product_tag":[],"class_list":{"0":"post-21239","1":"product","2":"type-product","3":"status-publish","4":"has-post-thumbnail","6":"product_cat-research-chemicals","8":"first","9":"instock","10":"shipping-taxable","11":"purchasable","12":"product-type-variable","13":"add-to-wishlist-after_add_to_cart"},"yoast_head":"<!-- This site is optimized with the Yoast SEO plugin v25.9 - https:\/\/yoast.com\/wordpress\/plugins\/seo\/ -->\n<title>Buy Etizolam Powder - Etizolam<\/title>\n<meta name=\"description\" content=\"Buy Etizolam Powder, We sells high-quality Etizolam powder that aids with sleep and insomnia. Click here to Order Etizolam powder at a discount\" \/>\n<meta name=\"robots\" content=\"index, follow, max-snippet:-1, max-image-preview:large, max-video-preview:-1\" \/>\n<link rel=\"canonical\" href=\"https:\/\/narcopowders.com\/cs\/produkt\/koupit-etizolam-prasek-online\/\" \/>\n<meta property=\"og:locale\" content=\"cs_CZ\" \/>\n<meta property=\"og:type\" content=\"article\" \/>\n<meta property=\"og:title\" content=\"Buy Etizolam Powder - Etizolam\" \/>\n<meta property=\"og:description\" content=\"Buy Etizolam Powder, We sells high-quality Etizolam powder that aids with sleep and insomnia. Click here to Order Etizolam powder at a discount\" \/>\n<meta property=\"og:url\" content=\"https:\/\/narcopowders.com\/cs\/produkt\/koupit-etizolam-prasek-online\/\" \/>\n<meta property=\"og:site_name\" content=\"Narco Powders\" \/>\n<meta property=\"article:modified_time\" content=\"2025-03-26T12:29:14+00:00\" \/>\n<meta property=\"og:image\" content=\"https:\/\/narcopowders.com\/wp-content\/uploads\/2024\/05\/Etizolam.gif\" \/>\n\t<meta property=\"og:image:width\" content=\"600\" \/>\n\t<meta property=\"og:image:height\" content=\"600\" \/>\n\t<meta property=\"og:image:type\" content=\"image\/gif\" \/>\n<meta name=\"twitter:card\" content=\"summary_large_image\" \/>\n<meta name=\"twitter:label1\" content=\"Odhadovan\u00e1 doba \u010dten\u00ed\" \/>\n\t<meta name=\"twitter:data1\" content=\"2 minuty\" \/>\n<!-- \/ Yoast SEO plugin. -->","yoast_head_json":{"title":"Koupit Etizolam pr\u00e1\u0161ek - Etizolam","description":"Koupit Etizolam pr\u00e1\u0161ek, Prod\u00e1v\u00e1me vysoce kvalitn\u00ed Etizolam pr\u00e1\u0161ek, kter\u00fd pom\u00e1h\u00e1 se sp\u00e1nkem a nespavost\u00ed. Klikn\u011bte zde pro objedn\u00e1n\u00ed Etizolam pr\u00e1\u0161ek se slevou","robots":{"index":"index","follow":"follow","max-snippet":"max-snippet:-1","max-image-preview":"max-image-preview:large","max-video-preview":"max-video-preview:-1"},"canonical":"https:\/\/narcopowders.com\/cs\/produkt\/koupit-etizolam-prasek-online\/","og_locale":"cs_CZ","og_type":"article","og_title":"Buy Etizolam Powder - Etizolam","og_description":"Buy Etizolam Powder, We sells high-quality Etizolam powder that aids with sleep and insomnia. Click here to Order Etizolam powder at a discount","og_url":"https:\/\/narcopowders.com\/cs\/produkt\/koupit-etizolam-prasek-online\/","og_site_name":"Narco Powders","article_modified_time":"2025-03-26T12:29:14+00:00","og_image":[{"width":600,"height":600,"url":"https:\/\/narcopowders.com\/wp-content\/uploads\/2024\/05\/Etizolam.gif","type":"image\/gif"}],"twitter_card":"summary_large_image","twitter_misc":{"Odhadovan\u00e1 doba \u010dten\u00ed":"2 minuty"},"schema":{"@context":"https:\/\/schema.org","@graph":[{"@type":"WebPage","@id":"https:\/\/narcopowders.com\/product\/buy-etizolam-powder-online\/","url":"https:\/\/narcopowders.com\/product\/buy-etizolam-powder-online\/","name":"Koupit Etizolam pr\u00e1\u0161ek - Etizolam","isPartOf":{"@id":"https:\/\/narcopowders.com\/#website"},"primaryImageOfPage":{"@id":"https:\/\/narcopowders.com\/product\/buy-etizolam-powder-online\/#primaryimage"},"image":{"@id":"https:\/\/narcopowders.com\/product\/buy-etizolam-powder-online\/#primaryimage"},"thumbnailUrl":"https:\/\/narcopowders.com\/wp-content\/uploads\/2024\/05\/Etizolam.gif","datePublished":"2024-05-23T06:34:00+00:00","dateModified":"2025-03-26T12:29:14+00:00","description":"Koupit Etizolam pr\u00e1\u0161ek, Prod\u00e1v\u00e1me vysoce kvalitn\u00ed Etizolam pr\u00e1\u0161ek, kter\u00fd pom\u00e1h\u00e1 se sp\u00e1nkem a nespavost\u00ed. Klikn\u011bte zde pro objedn\u00e1n\u00ed Etizolam pr\u00e1\u0161ek se slevou","breadcrumb":{"@id":"https:\/\/narcopowders.com\/product\/buy-etizolam-powder-online\/#breadcrumb"},"inLanguage":"cs","potentialAction":[{"@type":"ReadAction","target":["https:\/\/narcopowders.com\/product\/buy-etizolam-powder-online\/"]}]},{"@type":"ImageObject","inLanguage":"cs","@id":"https:\/\/narcopowders.com\/product\/buy-etizolam-powder-online\/#primaryimage","url":"https:\/\/narcopowders.com\/wp-content\/uploads\/2024\/05\/Etizolam.gif","contentUrl":"https:\/\/narcopowders.com\/wp-content\/uploads\/2024\/05\/Etizolam.gif","width":600,"height":600,"caption":"Buy Etizolam Online"},{"@type":"BreadcrumbList","@id":"https:\/\/narcopowders.com\/product\/buy-etizolam-powder-online\/#breadcrumb","itemListElement":[{"@type":"ListItem","position":1,"name":"Home","item":"https:\/\/narcopowders.com\/"},{"@type":"ListItem","position":2,"name":"Shop Page","item":"https:\/\/narcopowders.com\/shop\/"},{"@type":"ListItem","position":3,"name":"Buy Etizolam Powder"}]},{"@type":"WebSite","@id":"https:\/\/narcopowders.com\/#website","url":"https:\/\/narcopowders.com\/","name":"Pr\u00e1\u0161ky na narkotika","description":"M\u016fj blog WordPress","potentialAction":[{"@type":"SearchAction","target":{"@type":"EntryPoint","urlTemplate":"https:\/\/narcopowders.com\/?s={search_term_string}"},"query-input":{"@type":"PropertyValueSpecification","valueRequired":true,"valueName":"search_term_string"}}],"inLanguage":"cs"}]}},"_links":{"self":[{"href":"https:\/\/narcopowders.com\/cs\/wp-json\/wp\/v2\/product\/21239","targetHints":{"allow":["GET"]}}],"collection":[{"href":"https:\/\/narcopowders.com\/cs\/wp-json\/wp\/v2\/product"}],"about":[{"href":"https:\/\/narcopowders.com\/cs\/wp-json\/wp\/v2\/types\/product"}],"replies":[{"embeddable":true,"href":"https:\/\/narcopowders.com\/cs\/wp-json\/wp\/v2\/comments?post=21239"}],"wp:featuredmedia":[{"embeddable":true,"href":"https:\/\/narcopowders.com\/cs\/wp-json\/wp\/v2\/media\/21240"}],"wp:attachment":[{"href":"https:\/\/narcopowders.com\/cs\/wp-json\/wp\/v2\/media?parent=21239"}],"wp:term":[{"taxonomy":"product_brand","embeddable":true,"href":"https:\/\/narcopowders.com\/cs\/wp-json\/wp\/v2\/product_brand?post=21239"},{"taxonomy":"product_cat","embeddable":true,"href":"https:\/\/narcopowders.com\/cs\/wp-json\/wp\/v2\/product_cat?post=21239"},{"taxonomy":"product_tag","embeddable":true,"href":"https:\/\/narcopowders.com\/cs\/wp-json\/wp\/v2\/product_tag?post=21239"}],"curies":[{"name":"wp","href":"https:\/\/api.w.org\/{rel}","templated":true}]}}