{"id":21271,"date":"2024-05-23T07:46:43","date_gmt":"2024-05-23T07:46:43","guid":{"rendered":"https:\/\/narcopowders.com\/?post_type=product&#038;p=21271"},"modified":"2025-05-06T07:01:16","modified_gmt":"2025-05-06T07:01:16","slug":"buy-5cladb-online","status":"publish","type":"product","link":"https:\/\/narcopowders.com\/cs\/produkt\/koupit-5cladb-online\/","title":{"rendered":"Koupit 5cladb online"},"content":{"rendered":"<h2>Z\u00cdSKAT 5CLADBA DIRECT<\/h2>\n<p><a href=\"https:\/\/narcopowders.com\/cs\/produkt\/koupit-5cladb-online\/\">Koupit 5cladb online<\/a>5CLADBA byla zneu\u017e\u00edv\u00e1na v \u0159ad\u011b kontext\u016f a pou\u017e\u00edv\u00e1na pro neklinick\u00e1 a ob\u010das i terapeutick\u00e1 pou\u017eit\u00ed, v\u010detn\u011b v\u00fdzkumu rakoviny. <a href=\"https:\/\/narcopowders.com\/cs\/\">Purchase powder 5CL-ADB-A online<\/a>MDMB-4en-PINACA, MDMB-ADB-A nebo 5CLADBA (alternativn\u011b naz\u00fdvan\u00e9 MDMB-PENINA, tak\u00e9 zn\u00e1m\u00fd jako N1-pentyl-4-en izomer MDMB-PINACA, je syntetick\u00e1 slou\u010denina na b\u00e1zi indazolu. <a href=\"https:\/\/en.wikipedia.org\/wiki\/Cannabinoid\">kanabinoid<\/a> that is incredibly potent. Furthermore <a href=\"https:\/\/www.bing.com\/search?q=Buy%205cladb%20Online&amp;qs=n&amp;form=QBRE&amp;sp=-1&amp;lq=0&amp;pq=buy%205cladb%20online&amp;sc=10-17&amp;sk=&amp;cvid=2FABE2D4DDA94ACB80E26EDAEF597A7E&amp;ghsh=0&amp;ghacc=0&amp;ghpl=\">5-CL-ADB-A<\/a> je um\u011ble vytvo\u0159en\u00fd agonista kanabinoidn\u00edch receptor\u016f, kter\u00fd se pou\u017e\u00edv\u00e1 jako funk\u010dn\u00ed slo\u017eka produkt\u016f prod\u00e1van\u00fdch jako n\u00e1hra\u017eky konop\u00ed. <a href=\"https:\/\/www.bing.com\/search?q=Buy%205cladb%20Online&amp;qs=n&amp;form=QBRE&amp;sp=-1&amp;lq=0&amp;pq=buy%205cladb%20online&amp;sc=10-17&amp;sk=&amp;cvid=2FABE2D4DDA94ACB80E26EDAEF597A7E&amp;ghsh=0&amp;ghacc=0&amp;ghpl=\">5-CL<\/a><a href=\"https:\/\/en.wikipedia.org\/wiki\/MDMB-4en-PINACA\">&#8211;<\/a><\/p>\n<p><strong>Pro ADB-A neexistuje \u017e\u00e1dn\u00e9 dolo\u017een\u00e9 terapeutick\u00e9 nebo prosp\u011b\u0161n\u00e9 pou\u017eit\u00ed. 6CLADBA<\/strong><\/p>\n<h3>Co je 5CL-ADB-A? | Online obchod koupit 5CL-ADB-A pr\u00e1\u0161ek<\/h3>\n<p>The highly potent synthetic <a href=\"https:\/\/www.google.com\/search?q=Buy+5cladb+Online&amp;num=10&amp;sca_esv=1a2a07081c7891bb&amp;rlz=1C1RXQR_enIN1098IN1098&amp;sxsrf=AHTn8zrQR-eImhoOhY1vNdzImcvToKJO7g%3A1741686295979&amp;ei=FwbQZ6bCO_qA1e8Plb2vyAc&amp;ved=0ahUKEwjmqe2H34GMAxV6QPUHHZXeC3kQ4dUDCBA&amp;uact=5&amp;oq=Buy+5cladb+Online&amp;gs_lp=Egxnd3Mtd2l6LXNlcnAiEUJ1eSA1Y2xhZGIgT25saW5lMgcQIRigARgKSLAIUNUDWNUDcAJ4AJABAJgB_wGgAf8BqgEDMi0xuAEDyAEA-AEC-AEBmAIBoAKIApgDAIgGAZIHAzItMaAHigI&amp;sclient=gws-wiz-serp\">cannabinoid 5-Cl-Adb-A<\/a>, tak\u00e9 zn\u00e1m\u00fd jako 5CLADBA (tak\u00e9 zn\u00e1m\u00fd jako MDMB-4en-PINACA nebo MDMB-PINACA N1-pentyl-4-en izomer), je indazolov\u00e1 b\u00e1ze. 5-Cl-ADB-A bude p\u016fsobit jako in\u017een\u00fdr kanabinoidn\u00edch receptor\u016f. Je p\u0159ekvapiv\u00e9, \u017ee 5-Cl-ADB-A poch\u00e1z\u00ed od spolehliv\u00fdch dodavatel\u016f a nen\u00ed kontaminov\u00e1n. To by p\u0159irozen\u011b mohlo b\u00fdt d\u00e1no t\u00edm, \u017ee dovoz nebo dr\u017een\u00ed 5CL-ADB-A je extr\u00e9mn\u011b nez\u00e1konn\u00e9 a je velmi nepravd\u011bpodobn\u00e9, \u017ee by n\u011bkdo zn\u00e1l spr\u00e1vn\u00e9 metody jeho fal\u0161ov\u00e1n\u00ed. \u00da\u0159ad pro boj s drogami (Drug Enforcement Agency) pova\u017euje 5-Cl-ADB-A a MDMB-4en-PINACA za syntetick\u00e9 l\u00e1tky, pokud regula\u010dn\u00ed org\u00e1ny nev\u011b\u0159\u00ed, \u017ee n\u011bkter\u00e9 ze skute\u010dn\u00fdch chemick\u00fdch slo\u017eek poch\u00e1zej\u00ed z jejich nesyntetick\u00fdch prot\u011bj\u0161k\u016f. Proto\u017ee je 5-Cl-ADB-A tak siln\u00fd, 3-CLADBA je ekvivalentn\u00ed <a href=\"https:\/\/www.google.com\/search?q=Buy+5cladb+Online&amp;num=10&amp;sca_esv=1a2a07081c7891bb&amp;rlz=1C1RXQR_enIN1098IN1098&amp;sxsrf=AHTn8zrQR-eImhoOhY1vNdzImcvToKJO7g%3A1741686295979&amp;ei=FwbQZ6bCO_qA1e8Plb2vyAc&amp;ved=0ahUKEwjmqe2H34GMAxV6QPUHHZXeC3kQ4dUDCBA&amp;uact=5&amp;oq=Buy+5cladb+Online&amp;gs_lp=Egxnd3Mtd2l6LXNlcnAiEUJ1eSA1Y2xhZGIgT25saW5lMgcQIRigARgKSLAIUNUDWNUDcAJ4AJABAJgB_wGgAf8BqgEDMi0xuAEDyAEA-AEC-AEBmAIBoAKIApgDAIgGAZIHAzItMaAHigI&amp;sclient=gws-wiz-serp\">5-CLADBA<\/a>Laboratorn\u00ed produkty jako AMB-PINACA, APP-B, EG-018, JWH-018, JWH-201, 5F-UR144, 5FMDMB2201 jsou p\u0159\u00edklady syntetick\u00fdch kanabinoid\u016f.<a href=\"https:\/\/narcopowders.com\/cs\/produkt\/buy-4f\u2010mdmb\u2010binaca-online\/\">.<\/a><\/p>\n<h3><strong>Jak se 5CL-ADB-A pou\u017e\u00edv\u00e1?<\/strong><\/h3>\n<p>Major research organizations have not sufficiently investigated the efficacy of <a href=\"https:\/\/duckduckgo.com\/?q=Buy+5cladb+Online&amp;t=h_&amp;ia=web\">5-CL-ADB-A<\/a>Hlavn\u00ed v\u00fdzkumn\u00e9 organizace dostate\u010dn\u011b neprozkoumaly \u00fa\u010dinnost 5-CL-ADB-A, kter\u00fd je st\u00e1le pova\u017eov\u00e1n za silnou nezn\u00e1mou a pravd\u011bpodobn\u011b by m\u011bl b\u00fdt za\u0159azen do seznamu I. Term\u00edn \"vysok\u00fd potenci\u00e1l pro zneu\u017e\u00edv\u00e1n\u00ed, \u017e\u00e1dn\u00e9 v sou\u010dasnosti akceptovan\u00e9 l\u00e9ka\u0159sk\u00e9 pou\u017eit\u00ed v l\u00e9\u010db\u011b ve Spojen\u00fdch st\u00e1tech a nep\u0159ijatelnost u\u017e\u00edv\u00e1n\u00ed drogy nebo jin\u00e9 l\u00e1tky pod l\u00e9ka\u0159sk\u00fdm dohledem\" se t\u00fdk\u00e1 drog za\u0159azen\u00fdch do seznamu I. U\u017eivatel\u00e9 by m\u011bli b\u00fdt upozorn\u011bni, \u017ee <a href=\"https:\/\/duckduckgo.com\/?q=Buy+5cladb+Online&amp;t=h_&amp;ia=web\">5CL-ADB-A (tak\u00e9 zn\u00e1m\u00fd jako MDMB-4en-PINACA)<\/a> nemus\u00ed b\u00fdt agonistou kanabinoidn\u00edch receptor\u016f, tak\u017ee jak\u00e9koli \u00fa\u010dinky, kter\u00e9 mohou poci\u0165ovat \u2013 a\u0165 u\u017e fyzick\u00e9 nebo psychick\u00e9 \u2013 mohou b\u00fdt zcela souvisej\u00edc\u00ed s placebem.<\/p>\n<h3><strong>PODROBNOSTI O PRODUKTU<\/strong><\/h3>\n<p>\u010c\u00edslo produktu: 137350-66-4; N\u00e1zev produktu: 5CL-ADB<\/p>\n<p>Chemick\u00fd vzorec je C20H27FN2O3.<\/p>\n<p>Krystalick\u00fd a pr\u00e1\u0161kovit\u00fd vzhled<\/p>\n<p>Pou\u017eit\u00ed: Pro v\u011bdeck\u00e1 zkoum\u00e1n\u00ed<\/p>\n<h3><strong>Kter\u00fd obchod prod\u00e1v\u00e1 5CL-ADB-A?<\/strong><\/h3>\n<p><a href=\"https:\/\/duckduckgo.com\/?q=Buy+5cladb+Online&amp;t=h_&amp;ia=web\">Zakoupit 5CL-ADB-A<\/a> nakupujte p\u0159\u00edmo u samostatn\u00e9ho dodavatele, nap\u0159\u00edklad u spole\u010dnosti Research Chemical Supply, nebo online. Vzhledem ke zneu\u017e\u00edv\u00e1n\u00ed \"1-cl\" se nyn\u00ed 5cl-ADB-A vyr\u00e1b\u00ed a prod\u00e1v\u00e1 v\u00fdhradn\u011b ve form\u011b \u010dist\u00e9ho pr\u00e1\u0161ku na internetov\u00fdch str\u00e1nk\u00e1ch https:\/\/buy-5cladba-5fmda-online.com. Existuje spousta dal\u0161\u00edch d\u016fv\u011bryhodn\u00fdch dodavatel\u016f t\u011bchto produkt\u016f, z nich\u017e mnoh\u00e9 je velmi u\u017eite\u010dn\u00e9 m\u00edt po ruce pro pou\u017eit\u00ed p\u0159i d\u00e1vkov\u00e1n\u00ed nebo pro sb\u011br n\u00e1hra\u017eky konop\u00ed, jako jsou \"mellifikovan\u00e9\" extrakty obsahuj\u00edc\u00ed 5cl-adb-a. Pokud hled\u00e1te celou bylinu nebo \"louhovan\u00e9\" extrakty, kter\u00e9 obsahuj\u00ed 5cl-ADB-A, hled\u00e1te na \u0161patn\u00fdch webov\u00fdch str\u00e1nk\u00e1ch. Zcela schv\u00e1lenou a testovanou kontrolou podle seznamu 1 je 5CLADBA. materi\u00e1l v USA. Nakupujte 5cl-ADB-A online a ud\u011blejte spr\u00e1vnou v\u011bc. 5-CL-ADB-A je vyhrazen pro ty, kte\u0159\u00ed maj\u00ed zku\u0161enosti.<\/p>\n<p>Technick\u00e9 kanabinoidy by mohly b\u00fdt v\u011brohodn\u00e9 a nazna\u010dovat, \u017ee p\u016fvodn\u00ed konop\u00ed pat\u0159\u00ed do ur\u010dit\u00e9 kategorie nebo m\u00e1 specifick\u00e9 chemick\u00e9 slo\u017een\u00ed, nap\u0159\u00edklad vysok\u00e9 nebo n\u00edzk\u00e9 hladiny THC nebo CBD. koupit 5CL ADB-A ve Spojen\u00e9m kr\u00e1lovstv\u00ed od v\u00fdrobc\u016f v \u010c\u00edn\u011b a Evrop\u011b<\/p>\n<p>se nenechali oklamat, ale vyv\u00edjej\u00ed nov\u00e9 \u00fasil\u00ed, aby sv\u00fdm klient\u016fm zaru\u010dili, \u017ee budou moci i nad\u00e1le z\u00edsk\u00e1vat po\u017eadovan\u00e9 pr\u00e1vn\u00ed zku\u0161enosti. S chemick\u00fdmi l\u00e1tkami, kter\u00e9 jsou siln\u00e9 a vytvo\u0159en\u00e9 pro \u010dist\u00e9 a bezpe\u010dn\u00e9 prost\u0159ed\u00ed, v\u00e1s zanech\u00e1v\u00e1 s ohromuj\u00edc\u00edm pocitem jasnosti Buy 5cladb Online.<\/p>","protected":false},"excerpt":{"rendered":"<p>MDMB-4en-PINACA, syntetick\u00fd kanabinoid na b\u00e1zi indazol\u016f, kter\u00fd je nab\u00edzen online jako designov\u00e1 droga, je tak\u00e9 myln\u011b ozna\u010dov\u00e1n jako 5-CL-ADB-A. K prvn\u00edmu zji\u0161t\u011bn\u00ed MDMB-4en-PINACA do\u0161lo v Evrop\u011b.<\/p>\n<table class=\"infobox\">\n<tbody>\n<tr>\n<td class=\"infobox-full-data\" colspan=\"2\">\n<div class=\"collapsible-list mw-collapsible mw-made-collapsible\">\n<div>\n<div>N\u00e1zev IUPAC<\/div>\n<\/div>\n<ul class=\"mw-collapsible-content\">\n<li>\n<div>methyl (<i>S<\/i>)-3,3-dimethyl-2-(1-(pent-4-en-1-yl)-1<i>H<\/i>-indazol-3-karboxamido)butano\u00e1t<\/div>\n<\/li>\n<\/ul>\n<\/div>\n<\/td>\n<\/tr>\n<tr>\n<th class=\"infobox-label\" scope=\"row\">\u010c\u00edslo CAS<\/th>\n<td class=\"infobox-data\">\n<div class=\"plainlist\">\n<ul>\n<li><span title=\"commonchemistry.cas.org\">2504100-70-1<\/span><sup>\u00a0<\/sup><\/li>\n<\/ul>\n<\/div>\n<\/td>\n<\/tr>\n<tr>\n<th class=\"infobox-label\" scope=\"row\">PubChem\u00a0<abbr title=\"ID slou\u010deniny\">CID<\/abbr><\/th>\n<td class=\"infobox-data\">\n<div class=\"plainlist\">\n<p><span title=\"pubchem.ncbi.nlm.nih.gov\">155804661<\/span><\/p>\n<\/div>\n<\/td>\n<\/tr>\n<tr>\n<th class=\"infobox-label\" scope=\"row\">ChemSpider<\/th>\n<td class=\"infobox-data\">\n<div class=\"plainlist\">\n<p><span title=\"www.chemspider.com\">71117180<\/span><\/p>\n<\/div>\n<\/td>\n<\/tr>\n<tr>\n<th class=\"infobox-label\" scope=\"row\">UNII<\/th>\n<td class=\"infobox-data\">\n<div class=\"plainlist\">\n<p><span title=\"precision.fda.gov\">K2DZN2TDD6<\/span><\/p>\n<\/div>\n<\/td>\n<\/tr>\n<tr>\n<th class=\"infobox-label\" scope=\"row\">KEGG<\/th>\n<td class=\"infobox-data\">\n<div class=\"plainlist\">\n<p><span title=\"www.kegg.jp\">C22788<\/span><\/p>\n<\/div>\n<\/td>\n<\/tr>\n<\/tbody>\n<\/table>","protected":false},"featured_media":21272,"comment_status":"open","ping_status":"closed","template":"","meta":{"_joinchat":[]},"product_brand":[],"product_cat":[1724],"product_tag":[1739,1738,1737,1736,1692],"class_list":{"0":"post-21271","1":"product","2":"type-product","3":"status-publish","4":"has-post-thumbnail","6":"product_cat-research-chemicals","7":"product_tag-5-cl-adb-a","8":"product_tag-5-cl-adb-a-powder","9":"product_tag-5cl-abda-powder-for-sale","10":"product_tag-5cl-adb-a-for-sale","11":"product_tag-adb-fubinaca","13":"first","14":"instock","15":"shipping-taxable","16":"purchasable","17":"product-type-variable","18":"add-to-wishlist-after_add_to_cart"},"yoast_head":"<!-- This site is optimized with the Yoast SEO plugin v25.9 - https:\/\/yoast.com\/wordpress\/plugins\/seo\/ -->\n<title>Buy 5cladb Online - 5cladb For Sale<\/title>\n<meta name=\"description\" content=\"Buy 5cladb Online, 5CL-ADB-A online from narcopowders with great ease. We are a recognised online 5cladb shop having years of experience. Order 5cladb now.\" \/>\n<meta name=\"robots\" content=\"index, follow, max-snippet:-1, max-image-preview:large, max-video-preview:-1\" \/>\n<link rel=\"canonical\" href=\"https:\/\/narcopowders.com\/cs\/produkt\/koupit-5cladb-online\/\" \/>\n<meta property=\"og:locale\" content=\"cs_CZ\" \/>\n<meta property=\"og:type\" content=\"article\" \/>\n<meta property=\"og:title\" content=\"Buy 5cladb Online - 5cladb For Sale\" \/>\n<meta property=\"og:description\" content=\"Buy 5cladb Online, 5CL-ADB-A online from narcopowders with great ease. We are a recognised online 5cladb shop having years of experience. Order 5cladb now.\" \/>\n<meta property=\"og:url\" content=\"https:\/\/narcopowders.com\/cs\/produkt\/koupit-5cladb-online\/\" \/>\n<meta property=\"og:site_name\" content=\"Narco Powders\" \/>\n<meta property=\"article:modified_time\" content=\"2025-05-06T07:01:16+00:00\" \/>\n<meta property=\"og:image\" content=\"https:\/\/narcopowders.com\/wp-content\/uploads\/2024\/05\/5cl-adb.gif\" \/>\n\t<meta property=\"og:image:width\" content=\"600\" \/>\n\t<meta property=\"og:image:height\" content=\"600\" \/>\n\t<meta property=\"og:image:type\" content=\"image\/gif\" \/>\n<meta name=\"twitter:card\" content=\"summary_large_image\" \/>\n<meta name=\"twitter:label1\" content=\"Odhadovan\u00e1 doba \u010dten\u00ed\" \/>\n\t<meta name=\"twitter:data1\" content=\"3 minuty\" \/>\n<!-- \/ Yoast SEO plugin. -->","yoast_head_json":{"title":"Koupit 5cladb online - 5cladb na prodej","description":"Kupte si 5cladb online, 5CL-ADB-A online od narcopowders s velkou lehkost\u00ed. Jsme uzn\u00e1van\u00fd online obchod s 5cladb, kter\u00fd m\u00e1 dlouholet\u00e9 zku\u0161enosti. Objednejte si 5cladb nyn\u00ed.","robots":{"index":"index","follow":"follow","max-snippet":"max-snippet:-1","max-image-preview":"max-image-preview:large","max-video-preview":"max-video-preview:-1"},"canonical":"https:\/\/narcopowders.com\/cs\/produkt\/koupit-5cladb-online\/","og_locale":"cs_CZ","og_type":"article","og_title":"Buy 5cladb Online - 5cladb For Sale","og_description":"Buy 5cladb Online, 5CL-ADB-A online from narcopowders with great ease. We are a recognised online 5cladb shop having years of experience. Order 5cladb now.","og_url":"https:\/\/narcopowders.com\/cs\/produkt\/koupit-5cladb-online\/","og_site_name":"Narco Powders","article_modified_time":"2025-05-06T07:01:16+00:00","og_image":[{"width":600,"height":600,"url":"https:\/\/narcopowders.com\/wp-content\/uploads\/2024\/05\/5cl-adb.gif","type":"image\/gif"}],"twitter_card":"summary_large_image","twitter_misc":{"Odhadovan\u00e1 doba \u010dten\u00ed":"3 minuty"},"schema":{"@context":"https:\/\/schema.org","@graph":[{"@type":"WebPage","@id":"https:\/\/narcopowders.com\/product\/buy-5cladb-online\/","url":"https:\/\/narcopowders.com\/product\/buy-5cladb-online\/","name":"Koupit 5cladb online - 5cladb na prodej","isPartOf":{"@id":"https:\/\/narcopowders.com\/#website"},"primaryImageOfPage":{"@id":"https:\/\/narcopowders.com\/product\/buy-5cladb-online\/#primaryimage"},"image":{"@id":"https:\/\/narcopowders.com\/product\/buy-5cladb-online\/#primaryimage"},"thumbnailUrl":"https:\/\/narcopowders.com\/wp-content\/uploads\/2024\/05\/5cl-adb.gif","datePublished":"2024-05-23T07:46:43+00:00","dateModified":"2025-05-06T07:01:16+00:00","description":"Kupte si 5cladb online, 5CL-ADB-A online od narcopowders s velkou lehkost\u00ed. Jsme uzn\u00e1van\u00fd online obchod s 5cladb, kter\u00fd m\u00e1 dlouholet\u00e9 zku\u0161enosti. Objednejte si 5cladb nyn\u00ed.","breadcrumb":{"@id":"https:\/\/narcopowders.com\/product\/buy-5cladb-online\/#breadcrumb"},"inLanguage":"cs","potentialAction":[{"@type":"ReadAction","target":["https:\/\/narcopowders.com\/product\/buy-5cladb-online\/"]}]},{"@type":"ImageObject","inLanguage":"cs","@id":"https:\/\/narcopowders.com\/product\/buy-5cladb-online\/#primaryimage","url":"https:\/\/narcopowders.com\/wp-content\/uploads\/2024\/05\/5cl-adb.gif","contentUrl":"https:\/\/narcopowders.com\/wp-content\/uploads\/2024\/05\/5cl-adb.gif","width":600,"height":600,"caption":"Buy 5cladb Online"},{"@type":"BreadcrumbList","@id":"https:\/\/narcopowders.com\/product\/buy-5cladb-online\/#breadcrumb","itemListElement":[{"@type":"ListItem","position":1,"name":"Home","item":"https:\/\/narcopowders.com\/"},{"@type":"ListItem","position":2,"name":"Shop Page","item":"https:\/\/narcopowders.com\/shop\/"},{"@type":"ListItem","position":3,"name":"Buy 5cladb Online"}]},{"@type":"WebSite","@id":"https:\/\/narcopowders.com\/#website","url":"https:\/\/narcopowders.com\/","name":"Pr\u00e1\u0161ky na narkotika","description":"M\u016fj blog WordPress","potentialAction":[{"@type":"SearchAction","target":{"@type":"EntryPoint","urlTemplate":"https:\/\/narcopowders.com\/?s={search_term_string}"},"query-input":{"@type":"PropertyValueSpecification","valueRequired":true,"valueName":"search_term_string"}}],"inLanguage":"cs"}]}},"_links":{"self":[{"href":"https:\/\/narcopowders.com\/cs\/wp-json\/wp\/v2\/product\/21271","targetHints":{"allow":["GET"]}}],"collection":[{"href":"https:\/\/narcopowders.com\/cs\/wp-json\/wp\/v2\/product"}],"about":[{"href":"https:\/\/narcopowders.com\/cs\/wp-json\/wp\/v2\/types\/product"}],"replies":[{"embeddable":true,"href":"https:\/\/narcopowders.com\/cs\/wp-json\/wp\/v2\/comments?post=21271"}],"wp:featuredmedia":[{"embeddable":true,"href":"https:\/\/narcopowders.com\/cs\/wp-json\/wp\/v2\/media\/21272"}],"wp:attachment":[{"href":"https:\/\/narcopowders.com\/cs\/wp-json\/wp\/v2\/media?parent=21271"}],"wp:term":[{"taxonomy":"product_brand","embeddable":true,"href":"https:\/\/narcopowders.com\/cs\/wp-json\/wp\/v2\/product_brand?post=21271"},{"taxonomy":"product_cat","embeddable":true,"href":"https:\/\/narcopowders.com\/cs\/wp-json\/wp\/v2\/product_cat?post=21271"},{"taxonomy":"product_tag","embeddable":true,"href":"https:\/\/narcopowders.com\/cs\/wp-json\/wp\/v2\/product_tag?post=21271"}],"curies":[{"name":"wp","href":"https:\/\/api.w.org\/{rel}","templated":true}]}}