{"id":21336,"date":"2024-05-23T10:44:15","date_gmt":"2024-05-23T10:44:15","guid":{"rendered":"https:\/\/narcopowders.com\/?post_type=product&#038;p=21336"},"modified":"2025-05-06T06:59:19","modified_gmt":"2025-05-06T06:59:19","slug":"buy-5cadb-b-online","status":"publish","type":"product","link":"https:\/\/narcopowders.com\/cs\/produkt\/buy-5cadb-b-online\/","title":{"rendered":"Koupit 5CADB-B online"},"content":{"rendered":"<h2>Koupit 5CADB-B online<\/h2>\n<p><a href=\"https:\/\/narcopowders.com\/cs\/produkt\/buy-5cadb-b-online\/\">Get 5CADB-B Powder online<\/a> s bezplatnou mezin\u00e1rodn\u00ed dopravou. Tato syntetick\u00e1 <a href=\"https:\/\/narcopowders.com\/cs\/\">kanabinoid<\/a> pat\u0159\u00ed do t\u0159\u00eddy indazol-3-karboxamid\u016f a je zalo\u017een na indazolech. Jin\u00fd n\u00e1zev pro <a href=\"https:\/\/en.wikipedia.org\/wiki\/Cannabinoid\">5CADB-B<\/a> je 5F-MDMB-PINACA. Je sou\u010d\u00e1st\u00ed syntetick\u00fdch konopn\u00fdch produkt\u016f, kter\u00e9 jsou nab\u00edzeny k prodeji online jako designov\u00e9 l\u00e9ky.<\/p>\n<h3>P\u016fvod 5CADB-B<\/h3>\n<p>Prvn\u00ed d\u016fkazy o tom byly nalezeny v posmrtn\u00fdch vzorc\u00edch od zesnul\u00e9 osoby, kter\u00e1 pou\u017eila produkt obsahuj\u00edc\u00ed tuto chemik\u00e1lii, pravd\u011bpodobn\u011b v listopadu 2014. Dal\u0161\u00edch deset osob, jejich\u017e \u00famrt\u00ed nebylo vysv\u011btleno, bylo d\u00e1le testov\u00e1no a \u0161okuj\u00edc\u00ed je, \u017ee v\u0161ichni zem\u0159eli v d\u016fsledku t\u00e9to identick\u00e9 chemik\u00e1lie. P\u0159\u00ed\u010dinou v\u0161ech t\u011bchto \u00famrt\u00ed bylo p\u0159ed\u00e1vkov\u00e1n\u00ed. A\u010dkoli nen\u00ed jist\u00e9, zda <a href=\"https:\/\/www.bing.com\/search?q=Buy%205CADB-B%20Online&amp;qs=n&amp;form=QBRE&amp;sp=-1&amp;lq=0&amp;pq=buy%205cadb-b%20online&amp;sc=9-18&amp;sk=&amp;cvid=3CDDBECB84CD42198474134A50793E1E&amp;ghsh=0&amp;ghacc=0&amp;ghpl=\">5CADB-B<\/a> Je selektivn\u00ed pro receptor CB1, je siln\u00fdm agonistou tohoto c\u00edle. 5CADB-B je pova\u017eov\u00e1n za extr\u00e9mn\u011b siln\u00fd d\u00edky extr\u00e9mn\u011b n\u00edzk\u00e9 m\u00ed\u0159e detekce v t\u011blesn\u00fdch tk\u00e1n\u00edch a zd\u00e1 se b\u00fdt jedovat\u011bj\u0161\u00ed ne\u017e jak\u00fdkoli jin\u00fd d\u0159\u00edve prod\u00e1van\u00fd konopn\u00fd produkt. <a href=\"https:\/\/duckduckgo.com\/?q=Buy+5CADB-B+Online&amp;t=h_&amp;ia=web\">Purchase 5CADB-B Powder Online<\/a> with Free <a href=\"https:\/\/www.google.com\/search?q=Buy+5CADB-B+Online&amp;sca_esv=2a2a93e8be91f013&amp;sxsrf=AHTn8zoTD7-BemMPdoGP6C3Dywefetpcig%3A1742973806011&amp;ei=bqvjZ4shraCx4w_Zrc25Ag&amp;ved=0ahUKEwiLkL20m6eMAxUtUGwGHdlWMycQ4dUDCA8&amp;uact=5&amp;oq=Buy+5CADB-B+Online&amp;gs_lp=Egxnd3Mtd2l6LXNlcnAiEkJ1eSA1Q0FEQi1CIE9ubGluZTIHECEYoAEYCkixZlCeDlieDnABeACQAQCYAckBoAHJAaoBAzItMbgBA8gBAPgBAfgBApgCAqAChAKoAhLCAgcQIxgnGOoCwgINEC4Y0QMYxwEYJxjqAsICFBAAGIAEGJECGLQCGIoFGOoC2AEBwgIUEAAYgAQY4wQYtAIY6QQY6gLYAQGYAybxBc_SHavyblhwugYGCAEQARgBkgcFMS4wLjGgB5YCsgcDMi0xuAfeAQ&amp;sclient=gws-wiz-serp\">Worldwide Shipping<\/a><\/p>\n<h3>Nez\u00e1konn\u00e9 pou\u017eit\u00ed a internetov\u00e1 distribuce 5CADB-B<\/h3>\n<p>V sou\u010dasn\u00e9 dob\u011b neexistuj\u00ed \u017e\u00e1dn\u00e9 pr\u016fmyslov\u00e9 ani terapeutick\u00e9 aplikace. <a href=\"https:\/\/www.google.com\/search?q=Buy+5CADB-B+Online&amp;sca_esv=2a2a93e8be91f013&amp;sxsrf=AHTn8zoTD7-BemMPdoGP6C3Dywefetpcig%3A1742973806011&amp;ei=bqvjZ4shraCx4w_Zrc25Ag&amp;ved=0ahUKEwiLkL20m6eMAxUtUGwGHdlWMycQ4dUDCA8&amp;uact=5&amp;oq=Buy+5CADB-B+Online&amp;gs_lp=Egxnd3Mtd2l6LXNlcnAiEkJ1eSA1Q0FEQi1CIE9ubGluZTIHECEYoAEYCkixZlCeDlieDnABeACQAQCYAckBoAHJAaoBAzItMbgBA8gBAPgBAfgBApgCAqAChAKoAhLCAgcQIxgnGOoCwgINEC4Y0QMYxwEYJxjqAsICFBAAGIAEGJECGLQCGIoFGOoC2AEBwgIUEAAYgAQY4wQYtAIY6QQY6gLYAQGYAybxBc_SHavyblhwugYGCAEQARgBkgcFMS4wLjGgB5YCsgcDMi0xuAfeAQ&amp;sclient=gws-wiz-serp\">5f-adb<\/a>Byl nalezen v n\u011bkolika um\u011bl\u00fdch konopn\u00fdch produktech, kter\u00e9 se kou\u0159\u00ed za \u00fa\u010delem vyvol\u00e1n\u00ed psychedelick\u00e9ho efektu. O spot\u0159eb\u011b spot\u0159ebitel\u016f v USA a dal\u0161\u00edch zem\u00edch existuje jen m\u00e1lo \u00fadaj\u016f. Zneu\u017e\u00edv\u00e1n\u00ed syntetick\u00fdch kanabinoid\u016f je probl\u00e9mem ve\u0159ejn\u00e9ho zdrav\u00ed a bezpe\u010dnosti, proto\u017ee toxikologick\u00e1 centra nad\u00e1le hl\u00e1s\u00ed negativn\u00ed dopady na zdrav\u00ed. V Japonsku bylo mezi z\u00e1\u0159\u00edm 2014 a listopadem 2014 hl\u00e1\u0161eno n\u011bkolik \u00famrt\u00ed v d\u016fsledku p\u0159ed\u00e1vkov\u00e1n\u00ed.\u00a0 <a href=\"https:\/\/www.bing.com\/search?q=Buy%205CADB-B%20Online&amp;qs=n&amp;form=QBRE&amp;sp=-1&amp;lq=0&amp;pq=buy%205cadb-b%20online&amp;sc=9-18&amp;sk=&amp;cvid=3CDDBECB84CD42198474134A50793E1E&amp;ghsh=0&amp;ghacc=0&amp;ghpl=\">Zakoupit 5f-adb online<\/a>. Also, get good RC here.<\/p>\n<h3>Seskupov\u00e1n\u00ed 5CADB-B a farmakologick\u00e9 aspekty<\/h3>\n<p>Tento l\u00e9k pat\u0159\u00ed do t\u0159\u00eddy indazol\u016f. Polohy 1 a 3 indazolov\u00e9ho kruhov\u00e9ho syst\u00e9mu slou\u017e\u00ed jako n\u00e1hrady v indazolov\u00e9m j\u00e1dru, kter\u00e9 tvo\u0159\u00ed z\u00e1klad 5F-ADB. Poloha 1 p\u011bti F-ADB je nahrazena line\u00e1rn\u00edm p\u011btiuhl\u00edkov\u00fdm \u0159et\u011bzcem.<\/p>\n<p>zakon\u010den\u00fd atomem fluoru (F). U amidov\u00e9ho linkeru je poloha 3 substituov\u00e1na a atom dus\u00edku (N)<\/p>\n<p>K tomuto linkeru jsou p\u0159ipojeny dal\u0161\u00ed 1-methoxy-3,3-dimethyl-1-oxobutan-2-ylov\u00e9 skupiny. Preklinick\u00e9 v\u00fdzkumn\u00e9 \u00fadaje ukazuj\u00ed, \u017ee 5F-ADB se v\u00e1\u017ee na receptor CB1 a funguje tam jako agonista. <a href=\"https:\/\/duckduckgo.com\/?q=Buy+5CADB-B+Online&amp;t=h_&amp;ia=web\">5CADB-B<\/a> zobecn\u011bno na delta9-tetrahydrokanabinol v pokusech na rozpozn\u00e1v\u00e1n\u00ed drog u potkan\u016f, co\u017e vyvol\u00e1v\u00e1 subjektivn\u00ed reakce podobn\u00e9 THC.<\/p>","protected":false},"excerpt":{"rendered":"<p>Buy 5CADB-B Online Get 5CADB-B Powder online with free international shipping. This synthetic cannabinoid belongs to the indazole-3-carboxamide class and is based on indazoles. Another name for 5CADB-B is 5F-MDMB-PINACA. It has been a component of synthetic cannabis products that are offered for sale online as designer medications. The 5CADB-B origin The first evidence of [&hellip;]<\/p>","protected":false},"featured_media":21337,"comment_status":"open","ping_status":"closed","template":"","meta":{"_joinchat":[]},"product_brand":[],"product_cat":[1724],"product_tag":[],"class_list":{"0":"post-21336","1":"product","2":"type-product","3":"status-publish","4":"has-post-thumbnail","6":"product_cat-research-chemicals","8":"first","9":"instock","10":"shipping-taxable","11":"purchasable","12":"product-type-variable","13":"add-to-wishlist-after_add_to_cart"},"yoast_head":"<!-- This site is optimized with the Yoast SEO plugin v25.9 - https:\/\/yoast.com\/wordpress\/plugins\/seo\/ -->\n<title>Buy 5CADB-B Online - 5CADB-B for Sale | NarcoPowders<\/title>\n<meta name=\"description\" content=\"Find premium 5cadb-b powder for sale at our online store, providing a secure platform to buy 5cadb-b powder online with ease. Place order now!\" \/>\n<meta name=\"robots\" content=\"index, follow, max-snippet:-1, max-image-preview:large, max-video-preview:-1\" \/>\n<link rel=\"canonical\" href=\"https:\/\/narcopowders.com\/cs\/produkt\/buy-5cadb-b-online\/\" \/>\n<meta property=\"og:locale\" content=\"cs_CZ\" \/>\n<meta property=\"og:type\" content=\"article\" \/>\n<meta property=\"og:title\" content=\"Buy 5CADB-B Online - 5CADB-B for Sale | NarcoPowders\" \/>\n<meta property=\"og:description\" content=\"Find premium 5cadb-b powder for sale at our online store, providing a secure platform to buy 5cadb-b powder online with ease. Place order now!\" \/>\n<meta property=\"og:url\" content=\"https:\/\/narcopowders.com\/cs\/produkt\/buy-5cadb-b-online\/\" \/>\n<meta property=\"og:site_name\" content=\"Narco Powders\" \/>\n<meta property=\"article:modified_time\" content=\"2025-05-06T06:59:19+00:00\" \/>\n<meta property=\"og:image\" content=\"https:\/\/narcopowders.com\/wp-content\/uploads\/2024\/05\/5cadb-b.gif\" \/>\n\t<meta property=\"og:image:width\" content=\"600\" \/>\n\t<meta property=\"og:image:height\" content=\"600\" \/>\n\t<meta property=\"og:image:type\" content=\"image\/gif\" \/>\n<meta name=\"twitter:card\" content=\"summary_large_image\" \/>\n<meta name=\"twitter:label1\" content=\"Odhadovan\u00e1 doba \u010dten\u00ed\" \/>\n\t<meta name=\"twitter:data1\" content=\"2 minuty\" \/>\n<!-- \/ Yoast SEO plugin. -->","yoast_head_json":{"title":"Buy 5CADB-B Online - 5CADB-B for Sale | NarcoPowders","description":"Find premium 5cadb-b powder for sale at our online store, providing a secure platform to buy 5cadb-b powder online with ease. Place order now!","robots":{"index":"index","follow":"follow","max-snippet":"max-snippet:-1","max-image-preview":"max-image-preview:large","max-video-preview":"max-video-preview:-1"},"canonical":"https:\/\/narcopowders.com\/cs\/produkt\/buy-5cadb-b-online\/","og_locale":"cs_CZ","og_type":"article","og_title":"Buy 5CADB-B Online - 5CADB-B for Sale | NarcoPowders","og_description":"Find premium 5cadb-b powder for sale at our online store, providing a secure platform to buy 5cadb-b powder online with ease. Place order now!","og_url":"https:\/\/narcopowders.com\/cs\/produkt\/buy-5cadb-b-online\/","og_site_name":"Narco Powders","article_modified_time":"2025-05-06T06:59:19+00:00","og_image":[{"width":600,"height":600,"url":"https:\/\/narcopowders.com\/wp-content\/uploads\/2024\/05\/5cadb-b.gif","type":"image\/gif"}],"twitter_card":"summary_large_image","twitter_misc":{"Odhadovan\u00e1 doba \u010dten\u00ed":"2 minuty"},"schema":{"@context":"https:\/\/schema.org","@graph":[{"@type":"WebPage","@id":"https:\/\/narcopowders.com\/product\/buy-5cadb-b-online\/","url":"https:\/\/narcopowders.com\/product\/buy-5cadb-b-online\/","name":"Buy 5CADB-B Online - 5CADB-B for Sale | NarcoPowders","isPartOf":{"@id":"https:\/\/narcopowders.com\/#website"},"primaryImageOfPage":{"@id":"https:\/\/narcopowders.com\/product\/buy-5cadb-b-online\/#primaryimage"},"image":{"@id":"https:\/\/narcopowders.com\/product\/buy-5cadb-b-online\/#primaryimage"},"thumbnailUrl":"https:\/\/narcopowders.com\/wp-content\/uploads\/2024\/05\/5cadb-b.gif","datePublished":"2024-05-23T10:44:15+00:00","dateModified":"2025-05-06T06:59:19+00:00","description":"Find premium 5cadb-b powder for sale at our online store, providing a secure platform to buy 5cadb-b powder online with ease. Place order now!","breadcrumb":{"@id":"https:\/\/narcopowders.com\/product\/buy-5cadb-b-online\/#breadcrumb"},"inLanguage":"cs","potentialAction":[{"@type":"ReadAction","target":["https:\/\/narcopowders.com\/product\/buy-5cadb-b-online\/"]}]},{"@type":"ImageObject","inLanguage":"cs","@id":"https:\/\/narcopowders.com\/product\/buy-5cadb-b-online\/#primaryimage","url":"https:\/\/narcopowders.com\/wp-content\/uploads\/2024\/05\/5cadb-b.gif","contentUrl":"https:\/\/narcopowders.com\/wp-content\/uploads\/2024\/05\/5cadb-b.gif","width":600,"height":600,"caption":"Buy 5cadb-b Online"},{"@type":"BreadcrumbList","@id":"https:\/\/narcopowders.com\/product\/buy-5cadb-b-online\/#breadcrumb","itemListElement":[{"@type":"ListItem","position":1,"name":"Home","item":"https:\/\/narcopowders.com\/"},{"@type":"ListItem","position":2,"name":"Shop Page","item":"https:\/\/narcopowders.com\/shop\/"},{"@type":"ListItem","position":3,"name":"Buy 5CADB-B Online"}]},{"@type":"WebSite","@id":"https:\/\/narcopowders.com\/#website","url":"https:\/\/narcopowders.com\/","name":"Pr\u00e1\u0161ky na narkotika","description":"M\u016fj blog WordPress","potentialAction":[{"@type":"SearchAction","target":{"@type":"EntryPoint","urlTemplate":"https:\/\/narcopowders.com\/?s={search_term_string}"},"query-input":{"@type":"PropertyValueSpecification","valueRequired":true,"valueName":"search_term_string"}}],"inLanguage":"cs"}]}},"_links":{"self":[{"href":"https:\/\/narcopowders.com\/cs\/wp-json\/wp\/v2\/product\/21336","targetHints":{"allow":["GET"]}}],"collection":[{"href":"https:\/\/narcopowders.com\/cs\/wp-json\/wp\/v2\/product"}],"about":[{"href":"https:\/\/narcopowders.com\/cs\/wp-json\/wp\/v2\/types\/product"}],"replies":[{"embeddable":true,"href":"https:\/\/narcopowders.com\/cs\/wp-json\/wp\/v2\/comments?post=21336"}],"wp:featuredmedia":[{"embeddable":true,"href":"https:\/\/narcopowders.com\/cs\/wp-json\/wp\/v2\/media\/21337"}],"wp:attachment":[{"href":"https:\/\/narcopowders.com\/cs\/wp-json\/wp\/v2\/media?parent=21336"}],"wp:term":[{"taxonomy":"product_brand","embeddable":true,"href":"https:\/\/narcopowders.com\/cs\/wp-json\/wp\/v2\/product_brand?post=21336"},{"taxonomy":"product_cat","embeddable":true,"href":"https:\/\/narcopowders.com\/cs\/wp-json\/wp\/v2\/product_cat?post=21336"},{"taxonomy":"product_tag","embeddable":true,"href":"https:\/\/narcopowders.com\/cs\/wp-json\/wp\/v2\/product_tag?post=21336"}],"curies":[{"name":"wp","href":"https:\/\/api.w.org\/{rel}","templated":true}]}}