{"id":18697,"date":"2022-02-09T10:40:11","date_gmt":"2022-02-09T10:40:11","guid":{"rendered":"https:\/\/sophiechems.com\/?page_id=18697"},"modified":"2023-01-02T09:53:26","modified_gmt":"2023-01-02T09:53:26","slug":"payment-shipping","status":"publish","type":"page","link":"https:\/\/narcopowders.com\/de\/zahlung-versand\/","title":{"rendered":"Zahlung &amp; Versand"},"content":{"rendered":"<div data-elementor-type=\"wp-page\" data-elementor-id=\"18697\" class=\"elementor elementor-18697\">\n\t\t\t\t\t\t<section class=\"elementor-section elementor-top-section elementor-element elementor-element-7c4ed06 elementor-section-boxed elementor-section-height-default elementor-section-height-default\" data-id=\"7c4ed06\" data-element_type=\"section\">\n\t\t\t\t\t\t<div class=\"elementor-container elementor-column-gap-default\">\n\t\t\t\t\t<div class=\"elementor-column elementor-col-100 elementor-top-column elementor-element elementor-element-5ec700d\" data-id=\"5ec700d\" data-element_type=\"column\">\n\t\t\t<div class=\"elementor-widget-wrap elementor-element-populated\">\n\t\t\t\t\t\t<div class=\"elementor-element elementor-element-64b233c elementor-widget elementor-widget-heading\" data-id=\"64b233c\" data-element_type=\"widget\" data-widget_type=\"heading.default\">\n\t\t\t\t<div class=\"elementor-widget-container\">\n\t\t\t<style>\/*! elementor - v3.23.0 - 05-08-2024 *\/\n.elementor-heading-title{padding:0;margin:0;line-height:1}.elementor-widget-heading .elementor-heading-title[class*=elementor-size-]>a{color:inherit;font-size:inherit;line-height:inherit}.elementor-widget-heading .elementor-heading-title.elementor-size-small{font-size:15px}.elementor-widget-heading .elementor-heading-title.elementor-size-medium{font-size:19px}.elementor-widget-heading .elementor-heading-title.elementor-size-large{font-size:29px}.elementor-widget-heading .elementor-heading-title.elementor-size-xl{font-size:39px}.elementor-widget-heading .elementor-heading-title.elementor-size-xxl{font-size:59px}<\/style><h2 class=\"elementor-heading-title elementor-size-default\">Zahlungs- und Versandoptionen<\/h2>\t\t<\/div>\n\t\t\t\t<\/div>\n\t\t\t\t\t<\/div>\n\t\t<\/div>\n\t\t\t\t\t<\/div>\n\t\t<\/section>\n\t\t\t\t<section class=\"elementor-section elementor-top-section elementor-element elementor-element-becee20 elementor-section-boxed elementor-section-height-default elementor-section-height-default\" data-id=\"becee20\" data-element_type=\"section\">\n\t\t\t\t\t\t<div class=\"elementor-container elementor-column-gap-default\">\n\t\t\t\t\t<div class=\"elementor-column elementor-col-100 elementor-top-column elementor-element elementor-element-49cbab2\" data-id=\"49cbab2\" data-element_type=\"column\">\n\t\t\t<div class=\"elementor-widget-wrap elementor-element-populated\">\n\t\t\t\t\t\t<div class=\"elementor-element elementor-element-c364813 elementor-widget elementor-widget-text-editor\" data-id=\"c364813\" data-element_type=\"widget\" data-widget_type=\"text-editor.default\">\n\t\t\t\t<div class=\"elementor-widget-container\">\n\t\t\t<style>\/*! elementor - v3.23.0 - 05-08-2024 *\/\n.elementor-widget-text-editor.elementor-drop-cap-view-stacked .elementor-drop-cap{background-color:#69727d;color:#fff}.elementor-widget-text-editor.elementor-drop-cap-view-framed .elementor-drop-cap{color:#69727d;border:3px solid;background-color:transparent}.elementor-widget-text-editor:not(.elementor-drop-cap-view-default) .elementor-drop-cap{margin-top:8px}.elementor-widget-text-editor:not(.elementor-drop-cap-view-default) .elementor-drop-cap-letter{width:1em;height:1em}.elementor-widget-text-editor .elementor-drop-cap{float:left;text-align:center;line-height:1;font-size:50px}.elementor-widget-text-editor .elementor-drop-cap-letter{display:inline-block}<\/style>\t\t\t\t<h2 style=\"text-align: center;\"><span style=\"color: #000000;\">BITCOIN<\/span><\/h2><p><span style=\"color: #000000;\"><img decoding=\"async\" class=\"size-medium wp-image-18721 aligncenter\" src=\"https:\/\/narcopowders.com\/wp-content\/uploads\/2022\/02\/bitcoin-300x63.png\" alt=\"\" width=\"300\" height=\"63\" srcset=\"https:\/\/narcopowders.com\/wp-content\/uploads\/2022\/02\/bitcoin-300x63.png 300w, https:\/\/narcopowders.com\/wp-content\/uploads\/2022\/02\/bitcoin-600x125.png 600w, https:\/\/narcopowders.com\/wp-content\/uploads\/2022\/02\/bitcoin-1024x214.png 1024w, https:\/\/narcopowders.com\/wp-content\/uploads\/2022\/02\/bitcoin-768x160.png 768w, https:\/\/narcopowders.com\/wp-content\/uploads\/2022\/02\/bitcoin-1536x320.png 1536w, https:\/\/narcopowders.com\/wp-content\/uploads\/2022\/02\/bitcoin-2048x427.png 2048w, https:\/\/narcopowders.com\/wp-content\/uploads\/2022\/02\/bitcoin-1300x271.png 1300w\" sizes=\"(max-width: 300px) 100vw, 300px\" \/>Unsere bevorzugte und schnellste Zahlungsmethode ist Bitcoin. Kunden, die an diese Technik gew\u00f6hnt sind, finden es ziemlich einfach. Setzen Sie sich mit uns in Verbindung, wenn Sie Fragen zu Bitcoin haben, und wir helfen Ihnen durch das Verfahren.<br \/><\/span><\/p><h3><span style=\"color: #000000;\">Wie man mit bitcoin kauft<\/span><\/h3><ul><li>Legen Sie den Artikel, den Sie kaufen m\u00f6chten, in den Warenkorb, nachdem Sie ihn ausgew\u00e4hlt haben.<\/li><li>Klicken Sie auf den Warenkorb, um den Warenkorb anzuzeigen.<\/li><li>Um auf die Checkout-Seite zuzugreifen, klicken Sie auf die Schaltfl\u00e4che \u201eZur Kasse gehen\u201c.<\/li><li>Best\u00e4tigen Sie auf der Checkout-Seite Ihren Kauf und dr\u00fccken Sie die Bitcoin-Zahlungsschaltfl\u00e4che. Sie werden zu einer Seite weitergeleitet, auf der Sie bezahlen k\u00f6nnen, indem Sie den QR-Code mit Ihrer Brieftasche scannen oder die Adresse Ihrer Bitcoin-Brieftasche direkt unter dem Code eingeben.<\/li><\/ul><p><span style=\"color: #000000;\"><strong>Wichtiger Hinweis<\/strong><\/span><\/p><p>Senden Sie nach jeder Zahlung eine E-Mail mit Ihrer Zahlungstransaktion an contact@narcopowders.com, damit wir sie \u00fcberpr\u00fcfen und Ihre Bestellung versenden k\u00f6nnen.<\/p>\t\t\t\t\t\t<\/div>\n\t\t\t\t<\/div>\n\t\t\t\t\t<\/div>\n\t\t<\/div>\n\t\t\t\t\t<\/div>\n\t\t<\/section>\n\t\t\t\t<section class=\"elementor-section elementor-top-section elementor-element elementor-element-d7b1ead elementor-section-boxed elementor-section-height-default elementor-section-height-default\" data-id=\"d7b1ead\" data-element_type=\"section\">\n\t\t\t\t\t\t<div class=\"elementor-container elementor-column-gap-default\">\n\t\t\t\t\t<div class=\"elementor-column elementor-col-100 elementor-top-column elementor-element elementor-element-5cafb0b\" data-id=\"5cafb0b\" data-element_type=\"column\">\n\t\t\t<div class=\"elementor-widget-wrap elementor-element-populated\">\n\t\t\t\t\t\t<div class=\"elementor-element elementor-element-3e7b34a elementor-widget elementor-widget-text-editor\" data-id=\"3e7b34a\" data-element_type=\"widget\" data-widget_type=\"text-editor.default\">\n\t\t\t\t<div class=\"elementor-widget-container\">\n\t\t\t\t\t\t\t<h2 style=\"text-align: center;\"><span style=\"color: #000000;\">WESTERN UNION UND GELDGRAMM<\/span><\/h2><p><span style=\"color: #000000;\"><img decoding=\"async\" class=\"size-medium wp-image-18720 aligncenter\" src=\"https:\/\/narcopowders.com\/wp-content\/uploads\/2022\/02\/wu-300x87.png\" alt=\"\" width=\"300\" height=\"87\" srcset=\"https:\/\/narcopowders.com\/wp-content\/uploads\/2022\/02\/wu-300x87.png 300w, https:\/\/narcopowders.com\/wp-content\/uploads\/2022\/02\/wu-600x175.png 600w, https:\/\/narcopowders.com\/wp-content\/uploads\/2022\/02\/wu.png 724w\" sizes=\"(max-width: 300px) 100vw, 300px\" \/><img decoding=\"async\" class=\"size-medium wp-image-18719 aligncenter\" src=\"https:\/\/narcopowders.com\/wp-content\/uploads\/2022\/02\/mg-300x100.jpeg\" alt=\"\" width=\"300\" height=\"100\" srcset=\"https:\/\/narcopowders.com\/wp-content\/uploads\/2022\/02\/mg-300x100.jpeg 300w, https:\/\/narcopowders.com\/wp-content\/uploads\/2022\/02\/mg-600x200.jpeg 600w, https:\/\/narcopowders.com\/wp-content\/uploads\/2022\/02\/mg-1024x341.jpeg 1024w, https:\/\/narcopowders.com\/wp-content\/uploads\/2022\/02\/mg-768x256.jpeg 768w, https:\/\/narcopowders.com\/wp-content\/uploads\/2022\/02\/mg-1536x512.jpeg 1536w, https:\/\/narcopowders.com\/wp-content\/uploads\/2022\/02\/mg-2048x683.jpeg 2048w, https:\/\/narcopowders.com\/wp-content\/uploads\/2022\/02\/mg-1300x433.jpeg 1300w\" sizes=\"(max-width: 300px) 100vw, 300px\" \/>Wir k\u00f6nnen auch die Zahlungsmethoden Moneygram und Western Union akzeptieren. Obwohl langsamer als Bitcoin, ist diese W\u00e4hrung dennoch n\u00fctzlich.<br \/><\/span><\/p><h3><span style=\"color: #000000;\">Wie bezahle ich \u00fcber Western Union oder Moneygram?<\/span><\/h3><ul><li>Sie beginnen mit der Auswahl der Artikel, die Sie in unserem Shop kaufen m\u00f6chten.<\/li><li>Durch Anklicken des Warenkorbs k\u00f6nnen Sie diese in den Warenkorb legen und zur Kassenseite gehen.<\/li><li>Sie k\u00f6nnen von der Warenkorbseite aus auf die Checkout-Seite zugreifen.<\/li><li>Sie fotografieren nun Ihre Bestellung und senden sie an contact@narcopowders.com.<\/li><li>Nach \u00dcberpr\u00fcfung der Bestellung senden wir Ihnen eine E-Mail mit den Money-Gramm- oder Western Union-Informationen des Empf\u00e4ngers.<\/li><li>Sobald die Transaktion abgeschlossen ist, senden Sie die Quittung an contact@narcopowders.com.<\/li><li>Sobald die Zahlung eingegangen ist und die Bestellung best\u00e4tigt wurde, wird Ihre Bestellung versandt.<\/li><\/ul><p><span style=\"color: #000000;\"><strong>Wichtiger Hinweis<\/strong><\/span><\/p><p>Senden Sie nach jeder Zahlung eine E-Mail mit Ihrer Zahlungstransaktion an contact@narcopowders.com, damit wir sie \u00fcberpr\u00fcfen und Ihre Bestellung versenden k\u00f6nnen.<\/p>\t\t\t\t\t\t<\/div>\n\t\t\t\t<\/div>\n\t\t\t\t\t<\/div>\n\t\t<\/div>\n\t\t\t\t\t<\/div>\n\t\t<\/section>\n\t\t\t\t<section class=\"elementor-section elementor-top-section elementor-element elementor-element-e56d5ec elementor-section-boxed elementor-section-height-default elementor-section-height-default\" data-id=\"e56d5ec\" data-element_type=\"section\">\n\t\t\t\t\t\t<div class=\"elementor-container elementor-column-gap-default\">\n\t\t\t\t\t<div class=\"elementor-column elementor-col-100 elementor-top-column elementor-element elementor-element-274ba1f\" data-id=\"274ba1f\" data-element_type=\"column\">\n\t\t\t<div class=\"elementor-widget-wrap elementor-element-populated\">\n\t\t\t\t\t\t<div class=\"elementor-element elementor-element-c67d700 elementor-widget elementor-widget-text-editor\" data-id=\"c67d700\" data-element_type=\"widget\" data-widget_type=\"text-editor.default\">\n\t\t\t\t<div class=\"elementor-widget-container\">\n\t\t\t\t\t\t\t<h2 style=\"text-align: center;\"><span style=\"color: #000000;\">Versand &amp; Lieferung<\/span><\/h2><p>Alle unsere Produkte werden in einer einfachen Box oder einem Umschlag verschickt. Robuste, geruchsfreie Beutel werden zweimal verwendet, um den Beh\u00e4lter zu versiegeln, und er wird dann mit Klebeband verschlossen, um sicherzustellen, dass kein Geruch zur\u00fcckbleibt. Obwohl wir Bestellungen am selben Tag versenden, wenn sie vor 17:00 Uhr eintreffen, besteht dennoch die M\u00f6glichkeit einer Verz\u00f6gerung, da wir keinen Einfluss auf den Dienstleister haben, der den Lieferprozess abwickelt. Bitte informieren Sie uns, wenn ein Produkt nicht wie versprochen ankommt, damit wir es untersuchen oder f\u00fcr Sie nachverfolgen k\u00f6nnen.<\/p><p><strong>HAFTUNGSAUSSCHLUSS:<\/strong> Trotz der Tatsache, dass 99 % unserer Produkte geliefert werden, besteht eine geringe M\u00f6glichkeit, dass sie w\u00e4hrend des Versands verlegt oder gestohlen werden. Wenn dies der Fall ist und Sie Ihre Bestellung nicht innerhalb von 14 Tagen erhalten haben, setzen Sie sich bitte mit uns in Verbindung. Wir werden unser Bestes tun, um zu helfen.<\/p>\t\t\t\t\t\t<\/div>\n\t\t\t\t<\/div>\n\t\t\t\t\t<\/div>\n\t\t<\/div>\n\t\t\t\t\t<\/div>\n\t\t<\/section>\n\t\t\t\t<\/div>","protected":false},"excerpt":{"rendered":"<p>Payment &#038; Shipping Options BITCOIN Our preferred and fastest method of payment is Bitcoin. Customers that are accustomed to this technique find it to be quite simple. Get in contact with us if you have questions about bitcoin, and we&#8217;ll help you through the procedure. How to buy with bitcoin Put the item you want [&hellip;]<\/p>","protected":false},"author":1,"featured_media":0,"parent":0,"menu_order":0,"comment_status":"closed","ping_status":"closed","template":"","meta":{"_joinchat":[],"footnotes":""},"class_list":["post-18697","page","type-page","status-publish","hentry"],"yoast_head":"<!-- This site is optimized with the Yoast SEO plugin v25.9 - https:\/\/yoast.com\/wordpress\/plugins\/seo\/ -->\n<title>Payment &amp; Shipping - Narco Powders<\/title>\n<meta name=\"robots\" content=\"index, follow, max-snippet:-1, max-image-preview:large, max-video-preview:-1\" \/>\n<link rel=\"canonical\" href=\"https:\/\/narcopowders.com\/de\/zahlung-versand\/\" \/>\n<meta property=\"og:locale\" content=\"de_DE\" \/>\n<meta property=\"og:type\" content=\"article\" \/>\n<meta property=\"og:title\" content=\"Payment &amp; Shipping - Narco Powders\" \/>\n<meta property=\"og:description\" content=\"Payment &#038; Shipping Options BITCOIN Our preferred and fastest method of payment is Bitcoin. Customers that are accustomed to this technique find it to be quite simple. Get in contact with us if you have questions about bitcoin, and we&#8217;ll help you through the procedure. How to buy with bitcoin Put the item you want [&hellip;]\" \/>\n<meta property=\"og:url\" content=\"https:\/\/narcopowders.com\/de\/zahlung-versand\/\" \/>\n<meta property=\"og:site_name\" content=\"Narco Powders\" \/>\n<meta property=\"article:modified_time\" content=\"2023-01-02T09:53:26+00:00\" \/>\n<meta property=\"og:image\" content=\"https:\/\/narcopowders.com\/wp-content\/uploads\/2022\/02\/bitcoin-300x63.png\" \/>\n<meta name=\"twitter:card\" content=\"summary_large_image\" \/>\n<meta name=\"twitter:label1\" content=\"Gesch\u00e4tzte Lesezeit\" \/>\n\t<meta name=\"twitter:data1\" content=\"2\u00a0Minuten\" \/>\n<!-- \/ Yoast SEO plugin. -->","yoast_head_json":{"title":"Zahlung &amp; Versand - Narco Powders","robots":{"index":"index","follow":"follow","max-snippet":"max-snippet:-1","max-image-preview":"max-image-preview:large","max-video-preview":"max-video-preview:-1"},"canonical":"https:\/\/narcopowders.com\/de\/zahlung-versand\/","og_locale":"de_DE","og_type":"article","og_title":"Payment & Shipping - Narco Powders","og_description":"Payment &#038; Shipping Options BITCOIN Our preferred and fastest method of payment is Bitcoin. Customers that are accustomed to this technique find it to be quite simple. Get in contact with us if you have questions about bitcoin, and we&#8217;ll help you through the procedure. How to buy with bitcoin Put the item you want [&hellip;]","og_url":"https:\/\/narcopowders.com\/de\/zahlung-versand\/","og_site_name":"Narco Powders","article_modified_time":"2023-01-02T09:53:26+00:00","og_image":[{"url":"https:\/\/narcopowders.com\/wp-content\/uploads\/2022\/02\/bitcoin-300x63.png","type":"","width":"","height":""}],"twitter_card":"summary_large_image","twitter_misc":{"Gesch\u00e4tzte Lesezeit":"2\u00a0Minuten"},"schema":{"@context":"https:\/\/schema.org","@graph":[{"@type":"WebPage","@id":"https:\/\/narcopowders.com\/payment-shipping\/","url":"https:\/\/narcopowders.com\/payment-shipping\/","name":"Zahlung &amp; Versand - Narco Powders","isPartOf":{"@id":"https:\/\/narcopowders.com\/#website"},"primaryImageOfPage":{"@id":"https:\/\/narcopowders.com\/payment-shipping\/#primaryimage"},"image":{"@id":"https:\/\/narcopowders.com\/payment-shipping\/#primaryimage"},"thumbnailUrl":"https:\/\/narcopowders.com\/wp-content\/uploads\/2022\/02\/bitcoin-300x63.png","datePublished":"2022-02-09T10:40:11+00:00","dateModified":"2023-01-02T09:53:26+00:00","breadcrumb":{"@id":"https:\/\/narcopowders.com\/payment-shipping\/#breadcrumb"},"inLanguage":"de","potentialAction":[{"@type":"ReadAction","target":["https:\/\/narcopowders.com\/payment-shipping\/"]}]},{"@type":"ImageObject","inLanguage":"de","@id":"https:\/\/narcopowders.com\/payment-shipping\/#primaryimage","url":"https:\/\/narcopowders.com\/wp-content\/uploads\/2022\/02\/bitcoin-300x63.png","contentUrl":"https:\/\/narcopowders.com\/wp-content\/uploads\/2022\/02\/bitcoin-300x63.png"},{"@type":"BreadcrumbList","@id":"https:\/\/narcopowders.com\/payment-shipping\/#breadcrumb","itemListElement":[{"@type":"ListItem","position":1,"name":"Home","item":"https:\/\/narcopowders.com\/"},{"@type":"ListItem","position":2,"name":"Payment &#038; Shipping"}]},{"@type":"WebSite","@id":"https:\/\/narcopowders.com\/#website","url":"https:\/\/narcopowders.com\/","name":"Narco-Pulver","description":"Mein WordPress-Blog","potentialAction":[{"@type":"SearchAction","target":{"@type":"EntryPoint","urlTemplate":"https:\/\/narcopowders.com\/?s={search_term_string}"},"query-input":{"@type":"PropertyValueSpecification","valueRequired":true,"valueName":"search_term_string"}}],"inLanguage":"de"}]}},"_links":{"self":[{"href":"https:\/\/narcopowders.com\/de\/wp-json\/wp\/v2\/pages\/18697","targetHints":{"allow":["GET"]}}],"collection":[{"href":"https:\/\/narcopowders.com\/de\/wp-json\/wp\/v2\/pages"}],"about":[{"href":"https:\/\/narcopowders.com\/de\/wp-json\/wp\/v2\/types\/page"}],"author":[{"embeddable":true,"href":"https:\/\/narcopowders.com\/de\/wp-json\/wp\/v2\/users\/1"}],"replies":[{"embeddable":true,"href":"https:\/\/narcopowders.com\/de\/wp-json\/wp\/v2\/comments?post=18697"}],"version-history":[{"count":23,"href":"https:\/\/narcopowders.com\/de\/wp-json\/wp\/v2\/pages\/18697\/revisions"}],"predecessor-version":[{"id":19103,"href":"https:\/\/narcopowders.com\/de\/wp-json\/wp\/v2\/pages\/18697\/revisions\/19103"}],"wp:attachment":[{"href":"https:\/\/narcopowders.com\/de\/wp-json\/wp\/v2\/media?parent=18697"}],"curies":[{"name":"wp","href":"https:\/\/api.w.org\/{rel}","templated":true}]}}