{"id":4182,"date":"2015-06-20T16:11:19","date_gmt":"2015-06-20T16:11:19","guid":{"rendered":"https:\/\/sophiechems.com\/?page_id=4182"},"modified":"2023-01-05T12:09:35","modified_gmt":"2023-01-05T12:09:35","slug":"about-us","status":"publish","type":"page","link":"https:\/\/narcopowders.com\/de\/uber-uns\/","title":{"rendered":"\u00dcber uns"},"content":{"rendered":"<div data-elementor-type=\"wp-page\" data-elementor-id=\"4182\" class=\"elementor elementor-4182\">\n\t\t\t\t\t\t<section class=\"elementor-section elementor-top-section elementor-element elementor-element-56550d3 elementor-section-boxed elementor-section-height-default elementor-section-height-default\" data-id=\"56550d3\" data-element_type=\"section\">\n\t\t\t\t\t\t<div class=\"elementor-container elementor-column-gap-default\">\n\t\t\t\t\t<div class=\"elementor-column elementor-col-100 elementor-top-column elementor-element elementor-element-ccd29ae\" data-id=\"ccd29ae\" data-element_type=\"column\">\n\t\t\t<div class=\"elementor-widget-wrap elementor-element-populated\">\n\t\t\t\t\t\t<div class=\"elementor-element elementor-element-ef9364e elementor-widget-tablet__width-initial elementor-widget elementor-widget-text-editor\" data-id=\"ef9364e\" data-element_type=\"widget\" data-widget_type=\"text-editor.default\">\n\t\t\t\t<div class=\"elementor-widget-container\">\n\t\t\t<style>\/*! elementor - v3.23.0 - 05-08-2024 *\/\n.elementor-widget-text-editor.elementor-drop-cap-view-stacked .elementor-drop-cap{background-color:#69727d;color:#fff}.elementor-widget-text-editor.elementor-drop-cap-view-framed .elementor-drop-cap{color:#69727d;border:3px solid;background-color:transparent}.elementor-widget-text-editor:not(.elementor-drop-cap-view-default) .elementor-drop-cap{margin-top:8px}.elementor-widget-text-editor:not(.elementor-drop-cap-view-default) .elementor-drop-cap-letter{width:1em;height:1em}.elementor-widget-text-editor .elementor-drop-cap{float:left;text-align:center;line-height:1;font-size:50px}.elementor-widget-text-editor .elementor-drop-cap-letter{display:inline-block}<\/style>\t\t\t\t<h2 style=\"font-weight: bold; text-align: center;\">NarcoPowders ist <span style=\"color: #f50000;\">Gr\u00f6\u00dften<\/span> Kokain- und Heroingesch\u00e4ft<\/h2><p style=\"text-align: center; max-width: 900px; margin: 0 auto;\">Wenn Sie Kokain und Heroin kaufen m\u00f6chten und nicht wissen, wo Sie bestellen k\u00f6nnen. NarcoPowder ist ein vertrauensw\u00fcrdiger Lieferant von 100 % reinem und hochwertigem Kokain und Heroin in Deutschland, Portugal, Gro\u00dfbritannien und Europa.\u00a0<\/p>\t\t\t\t\t\t<\/div>\n\t\t\t\t<\/div>\n\t\t\t\t<div class=\"elementor-element elementor-element-595bf7e elementor-widget-tablet__width-initial elementor-widget elementor-widget-image\" data-id=\"595bf7e\" data-element_type=\"widget\" data-widget_type=\"image.default\">\n\t\t\t\t<div class=\"elementor-widget-container\">\n\t\t\t<style>\/*! elementor - v3.23.0 - 05-08-2024 *\/\n.elementor-widget-image{text-align:center}.elementor-widget-image a{display:inline-block}.elementor-widget-image a img[src$=\".svg\"]{width:48px}.elementor-widget-image img{vertical-align:middle;display:inline-block}<\/style>\t\t\t\t\t\t\t\t\t\t<img fetchpriority=\"high\" decoding=\"async\" width=\"1300\" height=\"460\" src=\"https:\/\/narcopowders.com\/wp-content\/uploads\/2023\/01\/about-us.jpg\" class=\"attachment-full size-full wp-image-19078\" alt=\"\" srcset=\"https:\/\/narcopowders.com\/wp-content\/uploads\/2023\/01\/about-us.jpg 1300w, https:\/\/narcopowders.com\/wp-content\/uploads\/2023\/01\/about-us-600x212.jpg 600w, https:\/\/narcopowders.com\/wp-content\/uploads\/2023\/01\/about-us-300x106.jpg 300w, https:\/\/narcopowders.com\/wp-content\/uploads\/2023\/01\/about-us-1024x362.jpg 1024w, https:\/\/narcopowders.com\/wp-content\/uploads\/2023\/01\/about-us-768x272.jpg 768w\" sizes=\"(max-width: 1300px) 100vw, 1300px\" \/>\t\t\t\t\t\t\t\t\t\t\t\t\t<\/div>\n\t\t\t\t<\/div>\n\t\t\t\t\t<\/div>\n\t\t<\/div>\n\t\t\t\t\t<\/div>\n\t\t<\/section>\n\t\t\t\t<section class=\"elementor-section elementor-top-section elementor-element elementor-element-818ccaf elementor-section-content-middle elementor-section-boxed elementor-section-height-default elementor-section-height-default\" data-id=\"818ccaf\" data-element_type=\"section\">\n\t\t\t\t\t\t<div class=\"elementor-container elementor-column-gap-no\">\n\t\t\t\t\t<div class=\"elementor-column elementor-col-50 elementor-top-column elementor-element elementor-element-0f669b6\" data-id=\"0f669b6\" data-element_type=\"column\">\n\t\t\t<div class=\"elementor-widget-wrap elementor-element-populated\">\n\t\t\t\t\t\t<div class=\"elementor-element elementor-element-fc721aa elementor-widget__width-initial elementor-widget-tablet__width-initial elementor-widget elementor-widget-text-editor\" data-id=\"fc721aa\" data-element_type=\"widget\" data-widget_type=\"text-editor.default\">\n\t\t\t\t<div class=\"elementor-widget-container\">\n\t\t\t\t\t\t\t<p><label class=\"label-info\">WER SIND WIR?<\/label><\/p><h3 style=\"font-weight: bold;\">SUCHEN, AUSW\u00c4HLEN,<br \/>ONLINE KAUFEN<\/h3><p>Narco Powders ist ein internationaler Anbieter einer Vielzahl von Drogen, einschlie\u00dflich Kokain, Heroin usw. Mit Sitz in Kalifornien, USA, liefern wir Drogen in Deutschland, der Ukraine und mehr. Unser einziges Ziel ist es, Ihnen alles zu geben, was Sie brauchen, um Ihre geistige und k\u00f6rperliche Gesundheit zu verbessern.\u00a0<\/p>\t\t\t\t\t\t<\/div>\n\t\t\t\t<\/div>\n\t\t\t\t<div class=\"elementor-element elementor-element-b85c89d elementor-widget__width-initial elementor-widget-tablet__width-initial elementor-widget elementor-widget-text-editor\" data-id=\"b85c89d\" data-element_type=\"widget\" data-widget_type=\"text-editor.default\">\n\t\t\t\t<div class=\"elementor-widget-container\">\n\t\t\t\t\t\t\t<a class=\"button-text\" href=\"#\">Mehr sehen<\/a>\t\t\t\t\t\t<\/div>\n\t\t\t\t<\/div>\n\t\t\t\t\t<\/div>\n\t\t<\/div>\n\t\t\t\t<div class=\"elementor-column elementor-col-50 elementor-top-column elementor-element elementor-element-a5d50e5\" data-id=\"a5d50e5\" data-element_type=\"column\">\n\t\t\t<div class=\"elementor-widget-wrap elementor-element-populated\">\n\t\t\t\t\t\t<div class=\"elementor-element elementor-element-3f3ffcc elementor-widget elementor-widget-image\" data-id=\"3f3ffcc\" data-element_type=\"widget\" data-widget_type=\"image.default\">\n\t\t\t\t<div class=\"elementor-widget-container\">\n\t\t\t\t\t\t\t\t\t\t\t\t\t<img decoding=\"async\" width=\"600\" height=\"600\" src=\"https:\/\/narcopowders.com\/wp-content\/uploads\/2023\/01\/afghan-heroin.jpg\" class=\"attachment-full size-full wp-image-19243\" alt=\"Kaufen Sie afghanisches Heroin online\" srcset=\"https:\/\/narcopowders.com\/wp-content\/uploads\/2023\/01\/afghan-heroin.jpg 600w, https:\/\/narcopowders.com\/wp-content\/uploads\/2023\/01\/afghan-heroin-300x300.jpg 300w, https:\/\/narcopowders.com\/wp-content\/uploads\/2023\/01\/afghan-heroin-100x100.jpg 100w, https:\/\/narcopowders.com\/wp-content\/uploads\/2023\/01\/afghan-heroin-150x150.jpg 150w, https:\/\/narcopowders.com\/wp-content\/uploads\/2023\/01\/afghan-heroin-440x440.jpg 440w, https:\/\/narcopowders.com\/wp-content\/uploads\/2023\/01\/afghan-heroin-120x120.jpg 120w, https:\/\/narcopowders.com\/wp-content\/uploads\/2023\/01\/afghan-heroin-46x46.jpg 46w\" sizes=\"(max-width: 600px) 100vw, 600px\" \/>\t\t\t\t\t\t\t\t\t\t\t\t\t<\/div>\n\t\t\t\t<\/div>\n\t\t\t\t\t<\/div>\n\t\t<\/div>\n\t\t\t\t\t<\/div>\n\t\t<\/section>\n\t\t\t\t<section class=\"elementor-section elementor-top-section elementor-element elementor-element-91a89b3 elementor-section-boxed elementor-section-height-default elementor-section-height-default\" data-id=\"91a89b3\" data-element_type=\"section\">\n\t\t\t\t\t\t<div class=\"elementor-container elementor-column-gap-default\">\n\t\t\t\t\t<div class=\"elementor-column elementor-col-100 elementor-top-column elementor-element elementor-element-f9b13fb\" data-id=\"f9b13fb\" data-element_type=\"column\">\n\t\t\t<div class=\"elementor-widget-wrap elementor-element-populated\">\n\t\t\t\t\t\t<div class=\"elementor-element elementor-element-bb6c3b3 elementor-widget elementor-widget-text-editor\" data-id=\"bb6c3b3\" data-element_type=\"widget\" data-widget_type=\"text-editor.default\">\n\t\t\t\t<div class=\"elementor-widget-container\">\n\t\t\t\t\t\t\t<h2><strong>Kaufen Sie Crack-Kokain online bei Narco Powders<\/strong><\/h2><p>Unsere Medikamente sind in 97 % reiner Pulverform erh\u00e4ltlich und k\u00f6nnen ab einer Mindestmenge von 3 Gramm bestellt werden. Du kannst\u00a0<strong>Crack kokain online bestellen<\/strong>\u00a0in gro\u00dfen Mengen aus unserem Shop. Das Hydrochlorid wurde eliminiert, und es gibt keine Verunreinigungen in der Substanz. \u00c4hnlich wie Kokainpulver kann Crack-Kokain verwendet werden, um die Nase zu kauterisieren, um Blutungen zu stoppen und Nervensignale zu hemmen.<\/p><h3><strong>Wir sorgen f\u00fcr die sichere und schnelle Lieferung von Medikamenten<\/strong><\/h3><p>Unsere Lieferzeiten sind kurz und effizient, sodass Sie sich immer darauf verlassen k\u00f6nnen, dass wir Ihre Bestellungen umgehend liefern. Und wenn wir sonst noch etwas tun k\u00f6nnen, um Ihnen zu helfen, steht Ihnen unser Expertenteam rund um die Uhr zur Verf\u00fcgung. Wir verstehen, dass Kundenservice wichtig ist, deshalb sind wir stolz auf unser umfassendes Support-System.<\/p><p>Um maximale Sicherheit f\u00fcr alle unsere Kunden zu gew\u00e4hrleisten, f\u00fchren wir umfassende Auslandsmarktbewertungen und -analysen durch, bevor wir Entscheidungen \u00fcber die Expansion in neue M\u00e4rkte treffen. Dies hilft uns, potenzielle Risiken zu vermeiden und unseren Kunden dennoch hervorragende Ergebnisse zu liefern.<\/p><p>Von der Beantwortung von Fragen zu unseren Produkten bis hin zur Behebung von Problemen nach dem Kauf sind wir hier, um zu helfen.<\/p><h2><strong>Warum sollten Sie sich f\u00fcr Narco Powders entscheiden?<\/strong><\/h2><ul><li><strong>Hochwertige Medikamente:<\/strong>Mit Narco Powders m\u00fcssen Sie sich nie Sorgen machen, eine falsche Dosierung zu erhalten oder ein Medikament zu bekommen, das nicht Ihren Standards entspricht.<\/li><li><strong>Absoluter Datenschutz garantiert:\u00a0<\/strong>Sie m\u00fcssen sich keine Sorgen dar\u00fcber machen, dass Finanzunterlagen oder pers\u00f6nliche Daten an Dritte weitergegeben werden. Alles ist absolut vertraulich und sicher.<\/li><li><strong>Einfache Zahlungsoptionen:<\/strong>Narco Powders akzeptiert auch verschiedene Formen traditioneller W\u00e4hrungen wie US-Dollar und Euro. Wenn Sie mit Kryptow\u00e4hrung oder mobilen Zahlungen nicht vertraut sind, stehen Ihnen immer weitere Optionen zur Verf\u00fcgung.<\/li><li><strong>Expertenteam von Fachleuten\u00a0<\/strong>In unserem Unternehmen wissen wir, was es braucht, um qualitativ hochwertige Produkte und Dienstleistungen zu liefern, von denen sowohl Sie als auch Ihre Kunden profitieren.<\/li><li><strong>Kosteng\u00fcnstige Medikamente\u00a0<\/strong>Narco Powders ist bestrebt, nur hochwertige, sichere Medikamente zu einem erschwinglichen Preis anzubieten.<\/li><\/ul><p><strong>P\u00fcnktliche Lieferung auf der ganzen Welt\u00a0<\/strong>Unsere nationalen und internationalen Liefernetzwerke stellen sicher, dass wir Sie immer p\u00fcnktlich mit den ben\u00f6tigten Produkten versorgen k\u00f6nnen.<\/p>\t\t\t\t\t\t<\/div>\n\t\t\t\t<\/div>\n\t\t\t\t\t<\/div>\n\t\t<\/div>\n\t\t\t\t\t<\/div>\n\t\t<\/section>\n\t\t\t\t<\/div>","protected":false},"excerpt":{"rendered":"<p>NarcoPowders is Largest Cocaine &amp; Heroin Store If you are searching to buy Cocaine and Heroin and don&#8217;t know from where you can order. NarcoPowder is a trustworthy supplier of 100% pure and high quality cocaine and heroin in USA, Canada, UK, Europe.\u00a0 WHO ARE WE? SEARCH, SELECT,BUY ONLINE Narco Powders is an international supplier [&hellip;]<\/p>","protected":false},"author":1,"featured_media":0,"parent":0,"menu_order":0,"comment_status":"closed","ping_status":"closed","template":"","meta":{"_joinchat":[],"footnotes":""},"class_list":["post-4182","page","type-page","status-publish","hentry"],"yoast_head":"<!-- This site is optimized with the Yoast SEO plugin v25.9 - https:\/\/yoast.com\/wordpress\/plugins\/seo\/ -->\n<title>About us - Narco Powders<\/title>\n<meta name=\"robots\" content=\"index, follow, max-snippet:-1, max-image-preview:large, max-video-preview:-1\" \/>\n<link rel=\"canonical\" href=\"https:\/\/narcopowders.com\/de\/uber-uns\/\" \/>\n<meta property=\"og:locale\" content=\"de_DE\" \/>\n<meta property=\"og:type\" content=\"article\" \/>\n<meta property=\"og:title\" content=\"About us - Narco Powders\" \/>\n<meta property=\"og:description\" content=\"NarcoPowders is Largest Cocaine &amp; Heroin Store If you are searching to buy Cocaine and Heroin and don&#8217;t know from where you can order. NarcoPowder is a trustworthy supplier of 100% pure and high quality cocaine and heroin in USA, Canada, UK, Europe.\u00a0 WHO ARE WE? SEARCH, SELECT,BUY ONLINE Narco Powders is an international supplier [&hellip;]\" \/>\n<meta property=\"og:url\" content=\"https:\/\/narcopowders.com\/de\/uber-uns\/\" \/>\n<meta property=\"og:site_name\" content=\"Narco Powders\" \/>\n<meta property=\"article:modified_time\" content=\"2023-01-05T12:09:35+00:00\" \/>\n<meta property=\"og:image\" content=\"https:\/\/narcopowders.com\/wp-content\/uploads\/2023\/01\/about-us.jpg\" \/>\n<meta name=\"twitter:card\" content=\"summary_large_image\" \/>\n<meta name=\"twitter:label1\" content=\"Gesch\u00e4tzte Lesezeit\" \/>\n\t<meta name=\"twitter:data1\" content=\"2\u00a0Minuten\" \/>\n<!-- \/ Yoast SEO plugin. -->","yoast_head_json":{"title":"\u00dcber uns - Narco Powders","robots":{"index":"index","follow":"follow","max-snippet":"max-snippet:-1","max-image-preview":"max-image-preview:large","max-video-preview":"max-video-preview:-1"},"canonical":"https:\/\/narcopowders.com\/de\/uber-uns\/","og_locale":"de_DE","og_type":"article","og_title":"About us - Narco Powders","og_description":"NarcoPowders is Largest Cocaine &amp; Heroin Store If you are searching to buy Cocaine and Heroin and don&#8217;t know from where you can order. NarcoPowder is a trustworthy supplier of 100% pure and high quality cocaine and heroin in USA, Canada, UK, Europe.\u00a0 WHO ARE WE? SEARCH, SELECT,BUY ONLINE Narco Powders is an international supplier [&hellip;]","og_url":"https:\/\/narcopowders.com\/de\/uber-uns\/","og_site_name":"Narco Powders","article_modified_time":"2023-01-05T12:09:35+00:00","og_image":[{"url":"https:\/\/narcopowders.com\/wp-content\/uploads\/2023\/01\/about-us.jpg","type":"","width":"","height":""}],"twitter_card":"summary_large_image","twitter_misc":{"Gesch\u00e4tzte Lesezeit":"2\u00a0Minuten"},"schema":{"@context":"https:\/\/schema.org","@graph":[{"@type":"WebPage","@id":"https:\/\/narcopowders.com\/about-us\/","url":"https:\/\/narcopowders.com\/about-us\/","name":"\u00dcber uns - Narco Powders","isPartOf":{"@id":"https:\/\/narcopowders.com\/#website"},"primaryImageOfPage":{"@id":"https:\/\/narcopowders.com\/about-us\/#primaryimage"},"image":{"@id":"https:\/\/narcopowders.com\/about-us\/#primaryimage"},"thumbnailUrl":"https:\/\/narcopowders.com\/wp-content\/uploads\/2023\/01\/about-us.jpg","datePublished":"2015-06-20T16:11:19+00:00","dateModified":"2023-01-05T12:09:35+00:00","breadcrumb":{"@id":"https:\/\/narcopowders.com\/about-us\/#breadcrumb"},"inLanguage":"de","potentialAction":[{"@type":"ReadAction","target":["https:\/\/narcopowders.com\/about-us\/"]}]},{"@type":"ImageObject","inLanguage":"de","@id":"https:\/\/narcopowders.com\/about-us\/#primaryimage","url":"https:\/\/narcopowders.com\/wp-content\/uploads\/2023\/01\/about-us.jpg","contentUrl":"https:\/\/narcopowders.com\/wp-content\/uploads\/2023\/01\/about-us.jpg"},{"@type":"BreadcrumbList","@id":"https:\/\/narcopowders.com\/about-us\/#breadcrumb","itemListElement":[{"@type":"ListItem","position":1,"name":"Home","item":"https:\/\/narcopowders.com\/"},{"@type":"ListItem","position":2,"name":"About us"}]},{"@type":"WebSite","@id":"https:\/\/narcopowders.com\/#website","url":"https:\/\/narcopowders.com\/","name":"Narco-Pulver","description":"Mein WordPress-Blog","potentialAction":[{"@type":"SearchAction","target":{"@type":"EntryPoint","urlTemplate":"https:\/\/narcopowders.com\/?s={search_term_string}"},"query-input":{"@type":"PropertyValueSpecification","valueRequired":true,"valueName":"search_term_string"}}],"inLanguage":"de"}]}},"_links":{"self":[{"href":"https:\/\/narcopowders.com\/de\/wp-json\/wp\/v2\/pages\/4182","targetHints":{"allow":["GET"]}}],"collection":[{"href":"https:\/\/narcopowders.com\/de\/wp-json\/wp\/v2\/pages"}],"about":[{"href":"https:\/\/narcopowders.com\/de\/wp-json\/wp\/v2\/types\/page"}],"author":[{"embeddable":true,"href":"https:\/\/narcopowders.com\/de\/wp-json\/wp\/v2\/users\/1"}],"replies":[{"embeddable":true,"href":"https:\/\/narcopowders.com\/de\/wp-json\/wp\/v2\/comments?post=4182"}],"version-history":[{"count":28,"href":"https:\/\/narcopowders.com\/de\/wp-json\/wp\/v2\/pages\/4182\/revisions"}],"predecessor-version":[{"id":19275,"href":"https:\/\/narcopowders.com\/de\/wp-json\/wp\/v2\/pages\/4182\/revisions\/19275"}],"wp:attachment":[{"href":"https:\/\/narcopowders.com\/de\/wp-json\/wp\/v2\/media?parent=4182"}],"curies":[{"name":"wp","href":"https:\/\/api.w.org\/{rel}","templated":true}]}}