{"id":19057,"date":"2023-01-02T09:27:48","date_gmt":"2023-01-02T09:27:48","guid":{"rendered":"https:\/\/nembutalhouse.com\/narco\/?post_type=product&#038;p=19057"},"modified":"2025-03-25T12:31:48","modified_gmt":"2025-03-25T12:31:48","slug":"black-tar-heroin","status":"publish","type":"product","link":"https:\/\/narcopowders.com\/de\/produkt\/schwarz-teer-heroin\/","title":{"rendered":"Kaufen Sie Black Tar Heroin online"},"content":{"rendered":"<h2 style=\"text-align: justify;\">Kaufen Sie Black Tar Heroin online<\/h2>\n<p style=\"text-align: justify;\"><a href=\"https:\/\/narcopowders.com\/de\/produkt\/schwarz-teer-heroin\/\">Black tar heroin<\/a> ist eine Form der Droge Heroin, bekannt f\u00fcr ihre schwarze, klebrige und teerartige Konsistenz. Obwohl es als riskant gilt und <a href=\"https:\/\/en.wikipedia.org\/wiki\/Heroin\">powerful drug<\/a>, ist es aufgrund seiner niedrigen Kosten und Verf\u00fcgbarkeit immer noch sehr gefragt. Wenn Sie also\u00a0<strong>Schwarzes Teer-Heroin online<\/strong>\u00a0zum besten Preis, <a href=\"https:\/\/narcopowders.com\/de\/\">Narco-Pulver<\/a> ist der beste Ort.<\/p>\n<h3 style=\"text-align: justify;\">Wie ist das Aussehen und der Geruch von Black Tar Heroin?<\/h3>\n<p style=\"text-align: justify;\">Schwarzteer-Heroin wird aus dem geh\u00e4rteten R\u00fcckstand hergestellt, der \u00fcbrig bleibt, wenn Heroin geraucht oder injiziert wird. Es ist st\u00e4rker als andere Formen von Heroin und hat einen st\u00e4rkeren Geruch und Geschmack. Unter\u00a0<a href=\"https:\/\/www.bing.com\/search?q=Buy%20Black%20Tar%20Heroin%20Online&amp;qs=n&amp;form=QBRE&amp;sp=-1&amp;lq=0&amp;pq=buy%20black%20tar%20heroin%20online&amp;sc=0-27&amp;sk=&amp;cvid=F01FA017FD0F4F3EABB14F7ED199BF75&amp;ghsh=0&amp;ghacc=0&amp;ghpl=\"><strong>Schwarzes Teer-Heroin online bestellen<\/strong><\/a>\u00a0von Narco Powders, klicken Sie einfach auf \u201eIn den Einkaufswagen\u201c und geben Sie Ihre Informationen in den Bestellvorgang ein. Du bekommst dann deine\u00a0<strong><a href=\"https:\/\/www.google.com\/search?q=Buy+Black+Tar+Heroin+Online&amp;num=10&amp;sca_esv=1a2a07081c7891bb&amp;rlz=1C1RXQR_enIN1098IN1098&amp;sxsrf=AHTn8zquBUMCtTjZYnZwT6wlYjztzsC8Wg%3A1741762728195&amp;ei=qDDRZ4LPC83C4-EPh7vMqQk&amp;ved=0ahUKEwiCw8nl-4OMAxVN4TgGHYcdM5UQ4dUDCBA&amp;uact=5&amp;oq=Buy+Black+Tar+Heroin+Online&amp;gs_lp=Egxnd3Mtd2l6LXNlcnAiG0J1eSBCbGFjayBUYXIgSGVyb2luIE9ubGluZUjyBlC6A1i6A3ACeACQAQCYAdMBoAHTAaoBAzItMbgBA8gBAPgBAvgBAZgCAKACAJgDAIgGAZIHAKAHTw&amp;sclient=gws-wiz-serp\">Schwarzes Teer-Heroin in loser Sch\u00fcttung<\/a>\u00a0<\/strong>bis vor die Haust\u00fcr geliefert<strong>.\u00a0<\/strong>Vergessen Sie jedoch nicht, Ihre Medikamente sicher und fern von Kindern und Haustieren aufzubewahren und niemals Nadeln oder Spritzen mit anderen zu teilen.<\/p>\n<h3 style=\"text-align: justify;\">Das Verfahren zur Herstellung und zum Handel mit schwarzem Teer-Heroin<\/h3>\n<p style=\"text-align: justify;\"><a href=\"https:\/\/www.bing.com\/search?q=Buy%20Black%20Tar%20Heroin%20Online&amp;qs=n&amp;form=QBRE&amp;sp=-1&amp;lq=0&amp;pq=buy%20black%20tar%20heroin%20online&amp;sc=0-27&amp;sk=&amp;cvid=F01FA017FD0F4F3EABB14F7ED199BF75&amp;ghsh=0&amp;ghacc=0&amp;ghpl=\">Black Tar Heroin ist eine Art von Heroin<\/a> Schwarzteer-Heroin ist eine Heroinart, die aus Opiumpulver hergestellt wird. Diese Substanz wird dann mit anderen Chemikalien gemischt und erhitzt, bis sie zu einer klebrigen schwarzen Substanz wird, die als \u201eTeer\u201c bekannt ist. Der Teer wird dann in kleine St\u00fccke geschnitten und als Heroin auf der Stra\u00dfe verkauft.<\/p>\n<p style=\"text-align: justify;\">Der Prozess der Herstellung und des Handels mit Heroin aus schwarzem Teer ist komplex. Heroinh\u00e4ndler navigieren durch die kriminelle Unterwelt, um an die Rohstoffe zu gelangen, die f\u00fcr die Herstellung der Droge ben\u00f6tigt werden, und mit Strafverfolgungsbeamten fertig zu werden, die versuchen k\u00f6nnten, sie aufzuhalten. Allerdings ist die Verf\u00fcgbarkeit von\u00a0<strong><a href=\"https:\/\/duckduckgo.com\/?q=Buy+Black+Tar+Heroin+Online&amp;t=h_&amp;ia=web\">Schwarzes Teer-Heroin zum Verkauf<\/a>\u00a0<\/strong>online auf zertifizierten Seiten wie Narco Powders macht diesen Prozess noch einfacher als je zuvor.<\/p>\n<p style=\"text-align: justify;\">Beim Kaufen <a href=\"https:\/\/duckduckgo.com\/?q=Buy+Black+Tar+Heroin+Online&amp;t=h_&amp;ia=web\"><strong>Schwarzes Teer-Heroin online<\/strong><\/a>, seien Sie sich der damit verbundenen Risiken bewusst. Sie gehen nicht nur das Risiko ein, Medikamente aus einer unbekannten Quelle zu kaufen, sondern setzen sich auch zus\u00e4tzlichen Gefahren aus, einschlie\u00dflich einer \u00dcberdosierung und der Ansteckung mit HIV oder anderen Krankheiten (STDs). Kaufen Sie diese Medikamente daher nur von einer vertrauensw\u00fcrdigen Quelle wie Narco Powders.<\/p>\n<h3 style=\"text-align: justify;\">Negative Auswirkungen von Black Tar Heroin<\/h3>\n<p style=\"text-align: justify;\">Schwarzteer-Heroin ist eine starke, unreine Form von Heroin, die mehrere schwerwiegende Nebenwirkungen hat. Beispielsweise kann Schwarzteer-Heroin zu \u00dcbelkeit, Erbrechen und Kopfschmerzen f\u00fchren. Eine Langzeitanwendung kann auch zu Entzugserscheinungen wie Depressionen, Angstzust\u00e4nden und Unruhe f\u00fchren. Schwarzteer-Heroin kann auch Ihr Risiko f\u00fcr Herz- und Lungenprobleme erh\u00f6hen. Bitte haben Sie keine Angst, um Hilfe zu bitten, wenn Sie oder jemand, den Sie kennen, gegen eine Heroinsucht nach schwarzem Teer k\u00e4mpfen.<\/p>\n<h3 style=\"text-align: justify;\">Warum schwarzes Teer-Heroin online bei Narco Powders kaufen?<\/h3>\n<p style=\"text-align: justify;\">Auf der Suche nach einer zuverl\u00e4ssigen und qualitativ hochwertigen Quelle <a href=\"https:\/\/duckduckgo.com\/?q=Buy+Black+Tar+Heroin+Online&amp;t=h_&amp;ia=web\"><strong>Schwarzes Teer-Heroin online<\/strong><\/a>? Suchen Sie nicht weiter als Narco Powders. Hier finden Sie das Beste <strong>Preis f\u00fcr Heroin aus schwarzem Teer\u00a0<\/strong>mit garantierter Qualit\u00e4t. Dar\u00fcber hinaus bieten wir die schnellsten Lieferzeiten der Branche.<\/p>","protected":false},"excerpt":{"rendered":"<p>Buy Black Tar Heroin Online Black tar heroin is a form of the drug heroin known for its black, sticky, and tar-like consistency. While it is considered a risky and powerful drug, it is still in high demand due to its low cost and availability. So, if you wish to\u00a0buy black tar heroin online\u00a0at the [&hellip;]<\/p>","protected":false},"featured_media":19064,"comment_status":"open","ping_status":"closed","template":"","meta":{"_joinchat":[]},"product_brand":[],"product_cat":[1168],"product_tag":[1186,1180,1188,1182,1181,1189,1192,1193,1191,1183,1194,1187,1195,1184,1190,1185],"class_list":{"0":"post-19057","1":"product","2":"type-product","3":"status-publish","4":"has-post-thumbnail","6":"product_cat-buy-heroin-online","7":"product_tag-benefits-of-black-tar-heroin","8":"product_tag-best-place-to-order-black-tar-heroin","9":"product_tag-black-tar-heroin-for-sale","10":"product_tag-black-tar-heroin-price","11":"product_tag-black-tar-heroin-wholesale","12":"product_tag-buy-black-tar-heroin-legally","13":"product_tag-buy-black-tar-heroin-online-australia","14":"product_tag-buy-black-tar-heroin-online-near-me","15":"product_tag-buy-black-tar-heroin-online-usa","16":"product_tag-cheap-black-tar-heroin","17":"product_tag-how-can-i-get-the-best-black-tar-heroin","18":"product_tag-how-to-order-black-tar-heroin","19":"product_tag-legit-black-tar-heroin-online","20":"product_tag-what-is-black-tar-heroin","21":"product_tag-where-can-i-buy-black-tar-heroin","22":"product_tag-where-to-buy-black-tar-heroin","24":"first","25":"instock","26":"shipping-taxable","27":"purchasable","28":"product-type-variable","29":"add-to-wishlist-after_add_to_cart"},"yoast_head":"<!-- This site is optimized with the Yoast SEO plugin v25.9 - https:\/\/yoast.com\/wordpress\/plugins\/seo\/ -->\n<title>Black Tar Heroin for Sale - Buy Black Tar Heroin Online<\/title>\n<meta name=\"description\" content=\"Looking for best place to buy black tar heroin online? We offer the best quality black tar heroin for sale and at the most affordable prices. Order Now!\" \/>\n<meta name=\"robots\" content=\"index, follow, max-snippet:-1, max-image-preview:large, max-video-preview:-1\" \/>\n<link rel=\"canonical\" href=\"https:\/\/narcopowders.com\/de\/produkt\/schwarz-teer-heroin\/\" \/>\n<meta property=\"og:locale\" content=\"de_DE\" \/>\n<meta property=\"og:type\" content=\"article\" \/>\n<meta property=\"og:title\" content=\"Black Tar Heroin for Sale - Buy Black Tar Heroin Online\" \/>\n<meta property=\"og:description\" content=\"Looking for best place to buy black tar heroin online? We offer the best quality black tar heroin for sale and at the most affordable prices. Order Now!\" \/>\n<meta property=\"og:url\" content=\"https:\/\/narcopowders.com\/de\/produkt\/schwarz-teer-heroin\/\" \/>\n<meta property=\"og:site_name\" content=\"Narco Powders\" \/>\n<meta property=\"article:modified_time\" content=\"2025-03-25T12:31:48+00:00\" \/>\n<meta property=\"og:image\" content=\"https:\/\/narcopowders.com\/wp-content\/uploads\/2023\/01\/black-tar-heroin.jpg\" \/>\n\t<meta property=\"og:image:width\" content=\"600\" \/>\n\t<meta property=\"og:image:height\" content=\"600\" \/>\n\t<meta property=\"og:image:type\" content=\"image\/jpeg\" \/>\n<meta name=\"twitter:card\" content=\"summary_large_image\" \/>\n<meta name=\"twitter:label1\" content=\"Gesch\u00e4tzte Lesezeit\" \/>\n\t<meta name=\"twitter:data1\" content=\"3\u00a0Minuten\" \/>\n<!-- \/ Yoast SEO plugin. -->","yoast_head_json":{"title":"Schwarzes Teer-Heroin zum Verkauf - Schwarzes Teer-Heroin online kaufen","description":"Suchen Sie nach dem besten Ort, um Heroin aus schwarzem Teer online zu kaufen? Wir bieten Schwarzteer-Heroin von bester Qualit\u00e4t zum Verkauf und zu den g\u00fcnstigsten Preisen an. Jetzt bestellen!","robots":{"index":"index","follow":"follow","max-snippet":"max-snippet:-1","max-image-preview":"max-image-preview:large","max-video-preview":"max-video-preview:-1"},"canonical":"https:\/\/narcopowders.com\/de\/produkt\/schwarz-teer-heroin\/","og_locale":"de_DE","og_type":"article","og_title":"Black Tar Heroin for Sale - Buy Black Tar Heroin Online","og_description":"Looking for best place to buy black tar heroin online? We offer the best quality black tar heroin for sale and at the most affordable prices. Order Now!","og_url":"https:\/\/narcopowders.com\/de\/produkt\/schwarz-teer-heroin\/","og_site_name":"Narco Powders","article_modified_time":"2025-03-25T12:31:48+00:00","og_image":[{"width":600,"height":600,"url":"https:\/\/narcopowders.com\/wp-content\/uploads\/2023\/01\/black-tar-heroin.jpg","type":"image\/jpeg"}],"twitter_card":"summary_large_image","twitter_misc":{"Gesch\u00e4tzte Lesezeit":"3\u00a0Minuten"},"schema":{"@context":"https:\/\/schema.org","@graph":[{"@type":"WebPage","@id":"https:\/\/narcopowders.com\/product\/black-tar-heroin\/","url":"https:\/\/narcopowders.com\/product\/black-tar-heroin\/","name":"Schwarzes Teer-Heroin zum Verkauf - Schwarzes Teer-Heroin online kaufen","isPartOf":{"@id":"https:\/\/narcopowders.com\/#website"},"primaryImageOfPage":{"@id":"https:\/\/narcopowders.com\/product\/black-tar-heroin\/#primaryimage"},"image":{"@id":"https:\/\/narcopowders.com\/product\/black-tar-heroin\/#primaryimage"},"thumbnailUrl":"https:\/\/narcopowders.com\/wp-content\/uploads\/2023\/01\/black-tar-heroin.jpg","datePublished":"2023-01-02T09:27:48+00:00","dateModified":"2025-03-25T12:31:48+00:00","description":"Suchen Sie nach dem besten Ort, um Heroin aus schwarzem Teer online zu kaufen? Wir bieten Schwarzteer-Heroin von bester Qualit\u00e4t zum Verkauf und zu den g\u00fcnstigsten Preisen an. Jetzt bestellen!","breadcrumb":{"@id":"https:\/\/narcopowders.com\/product\/black-tar-heroin\/#breadcrumb"},"inLanguage":"de","potentialAction":[{"@type":"ReadAction","target":["https:\/\/narcopowders.com\/product\/black-tar-heroin\/"]}]},{"@type":"ImageObject","inLanguage":"de","@id":"https:\/\/narcopowders.com\/product\/black-tar-heroin\/#primaryimage","url":"https:\/\/narcopowders.com\/wp-content\/uploads\/2023\/01\/black-tar-heroin.jpg","contentUrl":"https:\/\/narcopowders.com\/wp-content\/uploads\/2023\/01\/black-tar-heroin.jpg","width":600,"height":600,"caption":"Buy Black Tar Heroin Online"},{"@type":"BreadcrumbList","@id":"https:\/\/narcopowders.com\/product\/black-tar-heroin\/#breadcrumb","itemListElement":[{"@type":"ListItem","position":1,"name":"Home","item":"https:\/\/narcopowders.com\/"},{"@type":"ListItem","position":2,"name":"Shop Page","item":"https:\/\/narcopowders.com\/shop\/"},{"@type":"ListItem","position":3,"name":"Buy Black Tar Heroin Online"}]},{"@type":"WebSite","@id":"https:\/\/narcopowders.com\/#website","url":"https:\/\/narcopowders.com\/","name":"Narco-Pulver","description":"Mein WordPress-Blog","potentialAction":[{"@type":"SearchAction","target":{"@type":"EntryPoint","urlTemplate":"https:\/\/narcopowders.com\/?s={search_term_string}"},"query-input":{"@type":"PropertyValueSpecification","valueRequired":true,"valueName":"search_term_string"}}],"inLanguage":"de"}]}},"_links":{"self":[{"href":"https:\/\/narcopowders.com\/de\/wp-json\/wp\/v2\/product\/19057","targetHints":{"allow":["GET"]}}],"collection":[{"href":"https:\/\/narcopowders.com\/de\/wp-json\/wp\/v2\/product"}],"about":[{"href":"https:\/\/narcopowders.com\/de\/wp-json\/wp\/v2\/types\/product"}],"replies":[{"embeddable":true,"href":"https:\/\/narcopowders.com\/de\/wp-json\/wp\/v2\/comments?post=19057"}],"wp:featuredmedia":[{"embeddable":true,"href":"https:\/\/narcopowders.com\/de\/wp-json\/wp\/v2\/media\/19064"}],"wp:attachment":[{"href":"https:\/\/narcopowders.com\/de\/wp-json\/wp\/v2\/media?parent=19057"}],"wp:term":[{"taxonomy":"product_brand","embeddable":true,"href":"https:\/\/narcopowders.com\/de\/wp-json\/wp\/v2\/product_brand?post=19057"},{"taxonomy":"product_cat","embeddable":true,"href":"https:\/\/narcopowders.com\/de\/wp-json\/wp\/v2\/product_cat?post=19057"},{"taxonomy":"product_tag","embeddable":true,"href":"https:\/\/narcopowders.com\/de\/wp-json\/wp\/v2\/product_tag?post=19057"}],"curies":[{"name":"wp","href":"https:\/\/api.w.org\/{rel}","templated":true}]}}