{"id":19100,"date":"2023-01-02T10:08:30","date_gmt":"2023-01-02T10:08:30","guid":{"rendered":"https:\/\/nembutalhouse.com\/narco\/?post_type=product&#038;p=19100"},"modified":"2025-03-25T11:39:49","modified_gmt":"2025-03-25T11:39:49","slug":"bolivia-cocaine","status":"publish","type":"product","link":"https:\/\/narcopowders.com\/de\/produkt\/bolivien-kokain\/","title":{"rendered":"Bolivien Kokain"},"content":{"rendered":"<h2 style=\"text-align: justify;\">Bolivien Kokain online kaufen<\/h2>\n<p style=\"text-align: justify;\">Kokain ist eine der beliebtesten Drogen der Welt, und Bolivien ist einer der gr\u00f6\u00dften Kokaproduzenten der Welt. Sie suchen den besten Ort, um\u00a0<a href=\"https:\/\/narcopowders.com\/de\/produkt\/bolivien-kokain\/\"><strong>Bolivien Kokain online kaufen<\/strong><\/a>? Suchen Sie nicht weiter als <a href=\"https:\/\/narcopowders.com\/de\/\">Narco-Pulver<\/a>! Wir bieten h\u00f6chste Qualit\u00e4t\u00a0<a href=\"https:\/\/en.wikipedia.org\/wiki\/Cocaine\"><strong>Bolivianisches Kokain online<\/strong><\/a>\u00a0zu den wettbewerbsf\u00e4higsten Preisen.<\/p>\n<h3 style=\"text-align: justify;\">Wie wird Bolivien-Kokain hergestellt?<\/h3>\n<p style=\"text-align: justify;\">Bolivien-Kokain wird aus der Kokapflanze gewonnen und normalerweise auf dem Schwarzmarkt verkauft. Der Herstellungsprozess\u00a0<strong><a href=\"https:\/\/www.google.com\/search?q=Buy+Bolivia+Cocaine+Online&amp;sca_esv=7d1b82273738a5db&amp;sxsrf=AHTn8zolrVeV-fQwrnIjqKaeJlc-zvbm8w%3A1742900876467&amp;ei=jI7iZ-KcHKimseMP3fXz-Ac&amp;ved=0ahUKEwjikvvci6WMAxUoU2wGHd36HH8Q4dUDCA8&amp;uact=5&amp;oq=Buy+Bolivia+Cocaine+Online&amp;gs_lp=Egxnd3Mtd2l6LXNlcnAiGkJ1eSBCb2xpdmlhIENvY2FpbmUgT25saW5lSKMUUKwBWKwBcAF4AZABAJgBzwGgAZsFqgEFMC4zLjG4AQPIAQD4AQL4AQGYAgGgAkfCAgoQABiwAxjWBBhHmAMAiAYBkAYIkgcBMaAHtAayBwC4BwA&amp;sclient=gws-wiz-serp\">Bolivien Kokain zu verkaufen<\/a>\u00a0<\/strong>umfasst eine Reihe von Schritten, einschlie\u00dflich der chemischen Verarbeitung und des Mischens. Zun\u00e4chst werden Kokabl\u00e4tter zerkleinert und getrocknet. Aus diesen Bl\u00e4ttern wird dann das Kokainpulver extrahiert und oft auf dem Schwarzmarkt verkauft. Bolivien-Kokain aus renommierten Gesch\u00e4ften wie Narco Powders kann geschnupft oder injiziert werden und wird normalerweise von der bolivianischen Regierung reguliert.<\/p>\n<h3 style=\"text-align: justify;\">Vorteile von Bolivien Kokain<\/h3>\n<p style=\"text-align: justify;\">Wenn Sie auf der Suche nach einem High sind, das Ihnen ein Gef\u00fchl von Euphorie und Energie gibt, <a href=\"https:\/\/www.google.com\/search?q=Buy+Bolivia+Cocaine+Online&amp;sca_esv=7d1b82273738a5db&amp;sxsrf=AHTn8zolrVeV-fQwrnIjqKaeJlc-zvbm8w%3A1742900876467&amp;ei=jI7iZ-KcHKimseMP3fXz-Ac&amp;ved=0ahUKEwjikvvci6WMAxUoU2wGHd36HH8Q4dUDCA8&amp;uact=5&amp;oq=Buy+Bolivia+Cocaine+Online&amp;gs_lp=Egxnd3Mtd2l6LXNlcnAiGkJ1eSBCb2xpdmlhIENvY2FpbmUgT25saW5lSKMUUKwBWKwBcAF4AZABAJgBzwGgAZsFqgEFMC4zLjG4AQPIAQD4AQL4AQGYAgGgAkfCAgoQABiwAxjWBBhHmAMAiAYBkAYIkgcBMaAHtAayBwC4BwA&amp;sclient=gws-wiz-serp\">Bolivianisches Kokain ist Ihre beste Wahl<\/a>Wenn Sie nach einem High suchen, das Ihnen ein Gef\u00fchl von Euphorie und Energie verleiht, ist bolivianisches Kokain die beste Wahl. Bolivien-Kokain kann helfen, die Symptome von Erkrankungen wie ADHS, chronischen Schmerzen, Angstzust\u00e4nden und Depressionen zu lindern, was es f\u00fcr viele Menschen zu einer wertvollen Behandlungsoption macht. Neben der Verwendung von Kokain durch Schnupfen, Rauchen oder Injizieren in den K\u00f6rper k\u00f6nnen Sie es auch auf verschiedene andere Arten verwenden, um seine Wirkung zu erfahren. Wenn Sie beispielsweise Kokain mit Alkohol mischen, kann dies zu einem kraftvollen Abend f\u00fchren, der Sie am n\u00e4chsten Tag nicht schl\u00e4frig macht.<\/p>\n<p style=\"text-align: justify;\">Dieses starke Medikament wird nur in Bolivien hergestellt und ist online bei Narco Powders erh\u00e4ltlich. Es ist nicht nur rein und unverf\u00e4lscht, sondern die\u00a0<strong><a href=\"https:\/\/www.bing.com\/search?q=Buy%20Bolivia%20Cocaine%20Online&amp;qs=n&amp;form=QBRE&amp;sp=-1&amp;lq=0&amp;pq=buy%20bolivia%20cocaine%20online&amp;sc=0-26&amp;sk=&amp;cvid=C257DDF1FD2944CFBD7F95C69A143FEA&amp;ghsh=0&amp;ghacc=0&amp;ghpl=\">Bolivien kokain preis<\/a>\u00a0<\/strong>ist erschwinglich \u2013 sogar g\u00fcnstiger als manche Stra\u00dfendrogen. Au\u00dferdem stehen Ihnen weltweite Lieferoptionen zur Verf\u00fcgung <strong><a href=\"https:\/\/duckduckgo.com\/?q=Buy+Bolivia+Cocaine+Online&amp;t=h_&amp;ia=web\">Bolivien Kokain online bestellen<\/a>\u00a0<\/strong>von \u00fcberall.<\/p>\n<h3 style=\"text-align: justify;\">Nebenwirkungen von Bolivien Kokain<\/h3>\n<p style=\"text-align: justify;\"><a href=\"https:\/\/www.bing.com\/search?q=Buy%20Bolivia%20Cocaine%20Online&amp;qs=n&amp;form=QBRE&amp;sp=-1&amp;lq=0&amp;pq=buy%20bolivia%20cocaine%20online&amp;sc=0-26&amp;sk=&amp;cvid=C257DDF1FD2944CFBD7F95C69A143FEA&amp;ghsh=0&amp;ghacc=0&amp;ghpl=\">Bolivien-Kokain kann verschiedene Nebenwirkungen haben<\/a> Bolivien-Kokain kann verschiedene Nebenwirkungen auf die K\u00f6rperfunktionen und -systeme haben. Diese Wirkungen k\u00f6nnen von leicht bis lebensbedrohlich reichen und zu jedem Zeitpunkt w\u00e4hrend der Anwendung oder nach Beendigung der Einnahme auftreten. Einige der h\u00e4ufigeren Nebenwirkungen des Konsums von Bolivien-Kokain sind erh\u00f6hte Angstzust\u00e4nde, Panikattacken, schneller Herzschlag, Paranoia, Halluzinationen, Krampfanf\u00e4lle, Schlaganfallrisiko, erh\u00f6hter Blutdruck und Sucht. Obwohl dies alles schwerwiegende Folgen sind, die nicht auf die leichte Schulter genommen werden sollten, sind dies nicht die einzigen Risiken, die mit der Verwendung dieses Arzneimittels verbunden sind. Bolivien-Kokain hat auch das Potenzial f\u00fcr Sucht und langfristige kognitive und k\u00f6rperliche Beeintr\u00e4chtigung, wenn es regelm\u00e4\u00dfig \u00fcber einen l\u00e4ngeren Zeitraum konsumiert wird.<\/p>\n<h3 style=\"text-align: justify;\">Wo kann man bolivianisches Kokain online kaufen?<\/h3>\n<p style=\"text-align: justify;\">Wenn Sie sich daf\u00fcr entscheiden\u00a0<a href=\"https:\/\/duckduckgo.com\/?q=Buy+Bolivia+Cocaine+Online&amp;t=h_&amp;ia=web\"><strong>Bolivien Kokain online kaufen<\/strong><\/a>, es gibt viele Vorteile, Narco-Pulver als Quelle zu w\u00e4hlen. Wir sind bestrebt, qualitativ hochwertige Kokainprodukte zu einem erschwinglichen Preis anzubieten. Alle Produkte auf unserer Website werden sicher und sicher geliefert \u2013 niemand kann Ihre Medikamente w\u00e4hrend des Transports stehlen. Dar\u00fcber hinaus gibt es eine Vielzahl anderer hochwertiger Kokainprodukte, darunter Crack-Kokain, Kokainpulver, mexikanisches Kokain und so weiter.<\/p>","protected":false},"excerpt":{"rendered":"<p>Buy Bolivia Cocaine Online Cocaine is one of the most popular drugs in the world, and Bolivia is one of the largest producers of coca in the world. Are you looking for the best place to\u00a0buy Bolivian cocaine online? Look no further than Narco Powders! We offer the highest quality\u00a0Bolivian cocaine online\u00a0at the most competitive [&hellip;]<\/p>","protected":false},"featured_media":19142,"comment_status":"open","ping_status":"closed","template":"","meta":{"_joinchat":[]},"product_brand":[],"product_cat":[1179],"product_tag":[1202,1196,1204,1198,1197,1205,1208,1209,1207,1199,1210,1203,1211,1200,1206,1201],"class_list":{"0":"post-19100","1":"product","2":"type-product","3":"status-publish","4":"has-post-thumbnail","6":"product_cat-buy-cocaine-online","7":"product_tag-benefits-of-bolivia-cocaine","8":"product_tag-best-place-to-order-bolivia-cocaine","9":"product_tag-bolivia-cocaine-for-sale","10":"product_tag-bolivia-cocaine-price","11":"product_tag-bolivia-cocaine-wholesale","12":"product_tag-buy-bolivia-cocaine-legally","13":"product_tag-buy-bolivia-cocaine-online-australia","14":"product_tag-buy-bolivia-cocaine-online-near-me","15":"product_tag-buy-bolivia-cocaine-online-usa","16":"product_tag-cheap-bolivia-cocaine","17":"product_tag-how-can-i-get-the-best-bolivia-cocaine","18":"product_tag-how-to-order-bolivia-cocaine","19":"product_tag-legit-bolivia-cocaine-online","20":"product_tag-what-is-bolivia-cocaine","21":"product_tag-where-can-i-buy-bolivia-cocaine","22":"product_tag-where-to-buy-bolivia-cocaine","24":"first","25":"instock","26":"shipping-taxable","27":"purchasable","28":"product-type-variable","29":"add-to-wishlist-after_add_to_cart"},"yoast_head":"<!-- This site is optimized with the Yoast SEO plugin v25.9 - https:\/\/yoast.com\/wordpress\/plugins\/seo\/ -->\n<title>Buy Bolivia Cocaine Online - Bolivia Cocaine for Sale | NarcoPowders<\/title>\n<meta name=\"description\" content=\"You can buy bolivia cocaine online from the leading supplier. We offer pure bolivia cocaine for sale with the highest quality and at reasonable prices. Order now!\" \/>\n<meta name=\"robots\" content=\"index, follow, max-snippet:-1, max-image-preview:large, max-video-preview:-1\" \/>\n<link rel=\"canonical\" href=\"https:\/\/narcopowders.com\/de\/produkt\/bolivien-kokain\/\" \/>\n<meta property=\"og:locale\" content=\"de_DE\" \/>\n<meta property=\"og:type\" content=\"article\" \/>\n<meta property=\"og:title\" content=\"Buy Bolivia Cocaine Online - Bolivia Cocaine for Sale | NarcoPowders\" \/>\n<meta property=\"og:description\" content=\"You can buy bolivia cocaine online from the leading supplier. We offer pure bolivia cocaine for sale with the highest quality and at reasonable prices. Order now!\" \/>\n<meta property=\"og:url\" content=\"https:\/\/narcopowders.com\/de\/produkt\/bolivien-kokain\/\" \/>\n<meta property=\"og:site_name\" content=\"Narco Powders\" \/>\n<meta property=\"article:modified_time\" content=\"2025-03-25T11:39:49+00:00\" \/>\n<meta property=\"og:image\" content=\"https:\/\/narcopowders.com\/wp-content\/uploads\/2023\/01\/bolivia-cocaine.jpg\" \/>\n\t<meta property=\"og:image:width\" content=\"600\" \/>\n\t<meta property=\"og:image:height\" content=\"600\" \/>\n\t<meta property=\"og:image:type\" content=\"image\/jpeg\" \/>\n<meta name=\"twitter:card\" content=\"summary_large_image\" \/>\n<meta name=\"twitter:label1\" content=\"Gesch\u00e4tzte Lesezeit\" \/>\n\t<meta name=\"twitter:data1\" content=\"3\u00a0Minuten\" \/>\n<!-- \/ Yoast SEO plugin. -->","yoast_head_json":{"title":"Bolivien-Kokain online kaufen - Bolivien-Kokain zum Verkauf | NarcoPulver","description":"Sie k\u00f6nnen Bolivien-Kokain online beim f\u00fchrenden Anbieter kaufen. Wir bieten reines Bolivien-Kokain in h\u00f6chster Qualit\u00e4t und zu g\u00fcnstigen Preisen zum Kauf an. Jetzt bestellen!","robots":{"index":"index","follow":"follow","max-snippet":"max-snippet:-1","max-image-preview":"max-image-preview:large","max-video-preview":"max-video-preview:-1"},"canonical":"https:\/\/narcopowders.com\/de\/produkt\/bolivien-kokain\/","og_locale":"de_DE","og_type":"article","og_title":"Buy Bolivia Cocaine Online - Bolivia Cocaine for Sale | NarcoPowders","og_description":"You can buy bolivia cocaine online from the leading supplier. We offer pure bolivia cocaine for sale with the highest quality and at reasonable prices. Order now!","og_url":"https:\/\/narcopowders.com\/de\/produkt\/bolivien-kokain\/","og_site_name":"Narco Powders","article_modified_time":"2025-03-25T11:39:49+00:00","og_image":[{"width":600,"height":600,"url":"https:\/\/narcopowders.com\/wp-content\/uploads\/2023\/01\/bolivia-cocaine.jpg","type":"image\/jpeg"}],"twitter_card":"summary_large_image","twitter_misc":{"Gesch\u00e4tzte Lesezeit":"3\u00a0Minuten"},"schema":{"@context":"https:\/\/schema.org","@graph":[{"@type":"WebPage","@id":"https:\/\/narcopowders.com\/product\/bolivia-cocaine\/","url":"https:\/\/narcopowders.com\/product\/bolivia-cocaine\/","name":"Bolivien-Kokain online kaufen - Bolivien-Kokain zum Verkauf | NarcoPulver","isPartOf":{"@id":"https:\/\/narcopowders.com\/#website"},"primaryImageOfPage":{"@id":"https:\/\/narcopowders.com\/product\/bolivia-cocaine\/#primaryimage"},"image":{"@id":"https:\/\/narcopowders.com\/product\/bolivia-cocaine\/#primaryimage"},"thumbnailUrl":"https:\/\/narcopowders.com\/wp-content\/uploads\/2023\/01\/bolivia-cocaine.jpg","datePublished":"2023-01-02T10:08:30+00:00","dateModified":"2025-03-25T11:39:49+00:00","description":"Sie k\u00f6nnen Bolivien-Kokain online beim f\u00fchrenden Anbieter kaufen. Wir bieten reines Bolivien-Kokain in h\u00f6chster Qualit\u00e4t und zu g\u00fcnstigen Preisen zum Kauf an. Jetzt bestellen!","breadcrumb":{"@id":"https:\/\/narcopowders.com\/product\/bolivia-cocaine\/#breadcrumb"},"inLanguage":"de","potentialAction":[{"@type":"ReadAction","target":["https:\/\/narcopowders.com\/product\/bolivia-cocaine\/"]}]},{"@type":"ImageObject","inLanguage":"de","@id":"https:\/\/narcopowders.com\/product\/bolivia-cocaine\/#primaryimage","url":"https:\/\/narcopowders.com\/wp-content\/uploads\/2023\/01\/bolivia-cocaine.jpg","contentUrl":"https:\/\/narcopowders.com\/wp-content\/uploads\/2023\/01\/bolivia-cocaine.jpg","width":600,"height":600,"caption":"Buy Bolivia Cocaine Online"},{"@type":"BreadcrumbList","@id":"https:\/\/narcopowders.com\/product\/bolivia-cocaine\/#breadcrumb","itemListElement":[{"@type":"ListItem","position":1,"name":"Home","item":"https:\/\/narcopowders.com\/"},{"@type":"ListItem","position":2,"name":"Shop Page","item":"https:\/\/narcopowders.com\/shop\/"},{"@type":"ListItem","position":3,"name":"Bolivia Cocaine"}]},{"@type":"WebSite","@id":"https:\/\/narcopowders.com\/#website","url":"https:\/\/narcopowders.com\/","name":"Narco-Pulver","description":"Mein WordPress-Blog","potentialAction":[{"@type":"SearchAction","target":{"@type":"EntryPoint","urlTemplate":"https:\/\/narcopowders.com\/?s={search_term_string}"},"query-input":{"@type":"PropertyValueSpecification","valueRequired":true,"valueName":"search_term_string"}}],"inLanguage":"de"}]}},"_links":{"self":[{"href":"https:\/\/narcopowders.com\/de\/wp-json\/wp\/v2\/product\/19100","targetHints":{"allow":["GET"]}}],"collection":[{"href":"https:\/\/narcopowders.com\/de\/wp-json\/wp\/v2\/product"}],"about":[{"href":"https:\/\/narcopowders.com\/de\/wp-json\/wp\/v2\/types\/product"}],"replies":[{"embeddable":true,"href":"https:\/\/narcopowders.com\/de\/wp-json\/wp\/v2\/comments?post=19100"}],"wp:featuredmedia":[{"embeddable":true,"href":"https:\/\/narcopowders.com\/de\/wp-json\/wp\/v2\/media\/19142"}],"wp:attachment":[{"href":"https:\/\/narcopowders.com\/de\/wp-json\/wp\/v2\/media?parent=19100"}],"wp:term":[{"taxonomy":"product_brand","embeddable":true,"href":"https:\/\/narcopowders.com\/de\/wp-json\/wp\/v2\/product_brand?post=19100"},{"taxonomy":"product_cat","embeddable":true,"href":"https:\/\/narcopowders.com\/de\/wp-json\/wp\/v2\/product_cat?post=19100"},{"taxonomy":"product_tag","embeddable":true,"href":"https:\/\/narcopowders.com\/de\/wp-json\/wp\/v2\/product_tag?post=19100"}],"curies":[{"name":"wp","href":"https:\/\/api.w.org\/{rel}","templated":true}]}}