{"id":19143,"date":"2023-01-02T10:32:03","date_gmt":"2023-01-02T10:32:03","guid":{"rendered":"https:\/\/nembutalhouse.com\/narco\/?post_type=product&#038;p=19143"},"modified":"2025-03-25T12:12:25","modified_gmt":"2025-03-25T12:12:25","slug":"mexican-cocaine","status":"publish","type":"product","link":"https:\/\/narcopowders.com\/de\/produkt\/mexikanisches-kokain\/","title":{"rendered":"Mexikanisches Kokain"},"content":{"rendered":"<h2 style=\"text-align: justify;\">Mexikanisches Kokain online kaufen<\/h2>\n<p style=\"text-align: justify;\"><a href=\"https:\/\/narcopowders.com\/de\/produkt\/mexikanisches-kokain\/\">Mexikanisches Kokain online kaufen<\/a> kann ein bequemer und sicherer Weg sein, das Medikament zu bekommen, ohne den Aufwand \u00fcber H\u00e4ndler oder den lokalen Schwarzmarkt. Wenn Sie also auf der Suche nach <a href=\"https:\/\/en.wikipedia.org\/wiki\/Cocaine\">mexikanisches Kokain kaufen<\/a> aber nicht wissen, wo Sie anfangen sollen, bestellen Sie es einfach auf <a href=\"https:\/\/narcopowders.com\/de\/\">Narco-Pulver<\/a> bis vor die Haust\u00fcr geliefert<\/p>\n<h3 style=\"text-align: justify;\">Wie wird mexikanisches Kokain hergestellt?<\/h3>\n<p style=\"text-align: justify;\">Bei Kokain gibt es zwei Hauptarten: <a href=\"https:\/\/www.google.com\/search?q=Buy+Mexican+Cocaine+Online&amp;sca_esv=7d1b82273738a5db&amp;sxsrf=AHTn8zrOEJcwDVhvBE3s-JXt16XoqfXjWA%3A1742903734929&amp;ei=tpniZ5a-OPuPseMPtLbd2Qk&amp;ved=0ahUKEwiW8f2vlqWMAxX7R2wGHTRbN5sQ4dUDCA8&amp;uact=5&amp;oq=Buy+Mexican+Cocaine+Online&amp;gs_lp=Egxnd3Mtd2l6LXNlcnAiGkJ1eSBNZXhpY2FuIENvY2FpbmUgT25saW5lSMcKUMICWMICcAF4AJABAJgB4gGgAeIBqgEDMi0xuAEDyAEA-AEB-AECmAIBoAImqAIRwgIHECMYJxjqAsICFBAAGIAEGJECGLQCGIoFGOoC2AEBwgIUEAAYgAQY4wQYtAIY6QQY6gLYAQHCAhAQABgDGLQCGOoCGI8B2AEBmAMm8QXTO8dKiwwkxLoGBggBEAEYAZIHATGgB1ayBwC4BwA&amp;sclient=gws-wiz-serp\">Colombian and Mexican<\/a>Wenn es um Kokain geht, gibt es zwei Haupttypen: kolumbianisches und mexikanisches. Mexikanisches Kokain wird entweder aus Kokabl\u00e4ttern oder Mohnsamen hergestellt, w\u00e4hrend kolumbianisches Kokain aus den Bl\u00e4ttern des afrikanischen Kokastrauchs hergestellt wird.<\/p>\n<p style=\"text-align: justify;\">Der Herstellungsprozess f\u00fcr mexikanisches Kokain ist etwas komplizierter als f\u00fcr kolumbianisches Kokain. Zuerst werden die Kokabl\u00e4tter getrocknet und dann zu einem Pulver zerkleinert. Dieses Pulver wird dann mit Wasser und anderen Zutaten wie Zucker und Salz zu einer Aufschl\u00e4mmung vermischt. Die Mischung wird dann gekocht, bis sie eine dicke Paste bildet, die zu Tabletten oder Bl\u00f6cken geformt werden kann.<\/p>\n<p style=\"text-align: justify;\">Mexikanisches Kokain wird oft auf unterschiedliche Weise verarbeitet. Mexikanisches Kokain kann vor dem Injizieren oder Rauchen in L\u00f6sungsmitteln aufgel\u00f6st werden.<\/p>\n<p style=\"text-align: justify;\">Wenn Sie sich daf\u00fcr entscheiden\u00a0<a href=\"https:\/\/www.google.com\/search?q=Buy+Mexican+Cocaine+Online&amp;sca_esv=7d1b82273738a5db&amp;sxsrf=AHTn8zrOEJcwDVhvBE3s-JXt16XoqfXjWA%3A1742903734929&amp;ei=tpniZ5a-OPuPseMPtLbd2Qk&amp;ved=0ahUKEwiW8f2vlqWMAxX7R2wGHTRbN5sQ4dUDCA8&amp;uact=5&amp;oq=Buy+Mexican+Cocaine+Online&amp;gs_lp=Egxnd3Mtd2l6LXNlcnAiGkJ1eSBNZXhpY2FuIENvY2FpbmUgT25saW5lSMcKUMICWMICcAF4AJABAJgB4gGgAeIBqgEDMi0xuAEDyAEA-AEB-AECmAIBoAImqAIRwgIHECMYJxjqAsICFBAAGIAEGJECGLQCGIoFGOoC2AEBwgIUEAAYgAQY4wQYtAIY6QQY6gLYAQHCAhAQABgDGLQCGOoCGI8B2AEBmAMm8QXTO8dKiwwkxLoGBggBEAEYAZIHATGgB1ayBwC4BwA&amp;sclient=gws-wiz-serp\"><strong>Mexikanisches Kokain online bestellen<\/strong><\/a> von Narco Powders, befolgen Sie die Sicherheitsvorkehrungen, die auf der Website aufgef\u00fchrt sind. Verwenden Sie zum Beispiel immer saubere Nadeln und vermeiden Sie es, das Medikament in offene Wunden zu injizieren \u2013 dies k\u00f6nnte zu Infektionen und anderen Gesundheitsproblemen f\u00fchren. Verwenden Sie au\u00dferdem immer Vorbeugung, wenn Sie sich an sexuellen Aktivit\u00e4ten mit jemandem beteiligen, der konsumiert hat\u00a0<a href=\"https:\/\/www.bing.com\/search?q=Buy%20Mexican%20Cocaine%20Online&amp;qs=n&amp;form=QBRE&amp;sp=-1&amp;lq=0&amp;pq=buy%20mexican%20cocaine%20online&amp;sc=0-26&amp;sk=&amp;cvid=30445049258541C1B95213C1128F1914&amp;ghsh=0&amp;ghacc=0&amp;ghpl=\"><strong>Mexikanisches Kokain online<\/strong><\/a>\u00a0vor kurzem.<\/p>\n<h3 style=\"text-align: justify;\">Vorteile von mexikanischem Kokain<\/h3>\n<p style=\"text-align: justify;\"><a href=\"https:\/\/www.bing.com\/search?q=Buy%20Mexican%20Cocaine%20Online&amp;qs=n&amp;form=QBRE&amp;sp=-1&amp;lq=0&amp;pq=buy%20mexican%20cocaine%20online&amp;sc=0-26&amp;sk=&amp;cvid=30445049258541C1B95213C1128F1914&amp;ghsh=0&amp;ghacc=0&amp;ghpl=\">Mexican cocaine<\/a> Mexikanisches Kokain ist eine der beliebtesten Formen von Kokain auf dem Markt. Es hat eine starke und langanhaltende Wirkung, ist von bester Qualit\u00e4t und hat den perfekten Schnitt. Dar\u00fcber hinaus enth\u00e4lt mexikanisches Kokain weniger wahrscheinlich Verunreinigungen oder Verf\u00e4lschungsmittel als andere Kokainarten. Dies bedeutet, dass es einfacher zu verwenden ist und weniger Zeit in der Herstellung ben\u00f6tigt. Schlie\u00dflich kann mexikanisches Kokain lange gelagert werden, ohne sich zu zersetzen oder unbrauchbar zu werden \u2013 was es zu einer idealen Wahl f\u00fcr diejenigen macht, die unterwegs Bet\u00e4ubungsmittel ben\u00f6tigen.<\/p>\n<h3 style=\"text-align: justify;\">Nebenwirkungen von mexikanischem Kokain<\/h3>\n<p style=\"text-align: justify;\"><a href=\"https:\/\/duckduckgo.com\/?q=Buy+Mexican+Cocaine+Online&amp;t=h_&amp;ia=web\">Mexikanisches Kokain ist eine starke und s\u00fcchtig machende Droge<\/a> Mexikanisches Kokain ist eine starke und s\u00fcchtig machende Droge, die schwerwiegende Nebenwirkungen haben kann. Wie bei jeder Sucht kann der regelm\u00e4\u00dfige Konsum von mexikanischem Kokain zu einer erh\u00f6hten Herzfrequenz, Schwitzen und erweiterten Pupillen f\u00fchren. In extremen F\u00e4llen k\u00f6nnen \u00dcbelkeit, Angstzust\u00e4nde, wunde Stellen im Mund und Krampfanf\u00e4lle auftreten. K\u00f6rperliche Abh\u00e4ngigkeit ist ein potenzielles Risiko bei der Verwendung dieses Medikaments, also achten Sie darauf, die empfohlenen Dosierungen nicht zu \u00fcberschreiten.<\/p>\n<h3 style=\"text-align: justify;\">Wo kann man mexikanisches Kokain online kaufen?<\/h3>\n<p style=\"text-align: justify;\">Wenn Sie auf der Suche nach hoher Qualit\u00e4t sind\u00a0<a href=\"https:\/\/duckduckgo.com\/?q=Buy+Mexican+Cocaine+Online&amp;t=h_&amp;ia=web\"><strong>Mexikanisches Kokain zu verkaufen<\/strong><\/a>, es gibt keinen besseren Ort als Narco Powders. Hier finden Sie alle Sorten von mexikanischem Kokain, von wei\u00dfem Pulver bis hin zu Crack-Kokain. Mit unserer gro\u00dfen Produktvielfalt finden Sie garantiert die richtige Qualit\u00e4t und Art von Kokain f\u00fcr Ihre Bed\u00fcrfnisse. Dar\u00fcber hinaus bieten wir eine gro\u00dfe Auswahl an Zahlungsoptionen, einschlie\u00dflich Bank\u00fcberweisungen und Bitcoin, damit Sie Medikamente mit gr\u00f6\u00dftm\u00f6glicher Sicherheit und Ruhe kaufen k\u00f6nnen.<\/p>","protected":false},"excerpt":{"rendered":"<p>Buy Mexican Cocaine Online Buying Mexican cocaine online can be a convenient and safe way to get the drug without the hassle of having to go through dealers or the local black market. So, if you are looking to buy Mexican cocaine but don&#8217;t know where to start, just order it on Narco Powders and [&hellip;]<\/p>","protected":false},"featured_media":19197,"comment_status":"open","ping_status":"closed","template":"","meta":{"_joinchat":[]},"product_brand":[],"product_cat":[1179],"product_tag":[1282,1276,1285,1288,1289,1287,1279,1290,1283,1291,1284,1278,1277,1280,1286,1281],"class_list":{"0":"post-19143","1":"product","2":"type-product","3":"status-publish","4":"has-post-thumbnail","6":"product_cat-buy-cocaine-online","7":"product_tag-benefits-of-mexican-cocaine","8":"product_tag-best-place-to-order-mexican-cocaine","9":"product_tag-buy-mexican-cocaine-legally","10":"product_tag-buy-mexican-cocaine-online-australia","11":"product_tag-buy-mexican-cocaine-online-near-me","12":"product_tag-buy-mexican-cocaine-online-usa","13":"product_tag-cheap-mexican-cocaine","14":"product_tag-how-can-i-get-the-best-mexican-cocaine","15":"product_tag-how-to-order-mexican-cocaine","16":"product_tag-legit-mexican-cocaine-online","17":"product_tag-mexican-cocaine-for-sale","18":"product_tag-mexican-cocaine-price","19":"product_tag-mexican-cocaine-wholesale","20":"product_tag-what-is-mexican-cocaine","21":"product_tag-where-can-i-buy-mexican-cocaine","22":"product_tag-where-to-buy-mexican-cocaine","24":"first","25":"instock","26":"shipping-taxable","27":"purchasable","28":"product-type-variable","29":"add-to-wishlist-after_add_to_cart"},"yoast_head":"<!-- This site is optimized with the Yoast SEO plugin v25.9 - https:\/\/yoast.com\/wordpress\/plugins\/seo\/ -->\n<title>Buy Mexican Cocaine Online - Mexican Cocaine for Sale Online<\/title>\n<meta name=\"description\" content=\"You can buy mexican cocaine online in bulk quantity at wholesale price here. Get the best purity mexican cocaine powder for sale. Order today!\" \/>\n<meta name=\"robots\" content=\"index, follow, max-snippet:-1, max-image-preview:large, max-video-preview:-1\" \/>\n<link rel=\"canonical\" href=\"https:\/\/narcopowders.com\/de\/produkt\/mexikanisches-kokain\/\" \/>\n<meta property=\"og:locale\" content=\"de_DE\" \/>\n<meta property=\"og:type\" content=\"article\" \/>\n<meta property=\"og:title\" content=\"Buy Mexican Cocaine Online - Mexican Cocaine for Sale Online\" \/>\n<meta property=\"og:description\" content=\"You can buy mexican cocaine online in bulk quantity at wholesale price here. Get the best purity mexican cocaine powder for sale. Order today!\" \/>\n<meta property=\"og:url\" content=\"https:\/\/narcopowders.com\/de\/produkt\/mexikanisches-kokain\/\" \/>\n<meta property=\"og:site_name\" content=\"Narco Powders\" \/>\n<meta property=\"article:modified_time\" content=\"2025-03-25T12:12:25+00:00\" \/>\n<meta property=\"og:image\" content=\"https:\/\/narcopowders.com\/wp-content\/uploads\/2023\/01\/mexican-cocaine.jpg\" \/>\n\t<meta property=\"og:image:width\" content=\"600\" \/>\n\t<meta property=\"og:image:height\" content=\"600\" \/>\n\t<meta property=\"og:image:type\" content=\"image\/jpeg\" \/>\n<meta name=\"twitter:card\" content=\"summary_large_image\" \/>\n<meta name=\"twitter:label1\" content=\"Gesch\u00e4tzte Lesezeit\" \/>\n\t<meta name=\"twitter:data1\" content=\"3\u00a0Minuten\" \/>\n<!-- \/ Yoast SEO plugin. -->","yoast_head_json":{"title":"Mexikanisches Kokain online kaufen - Mexikanisches Kokain zum Verkauf online","description":"Hier k\u00f6nnen Sie mexikanisches Kokain in gro\u00dfen Mengen zum Gro\u00dfhandelspreis online kaufen. Holen Sie sich das mexikanische Kokainpulver mit der besten Reinheit zum Verkauf. Bestellen Sie heute!","robots":{"index":"index","follow":"follow","max-snippet":"max-snippet:-1","max-image-preview":"max-image-preview:large","max-video-preview":"max-video-preview:-1"},"canonical":"https:\/\/narcopowders.com\/de\/produkt\/mexikanisches-kokain\/","og_locale":"de_DE","og_type":"article","og_title":"Buy Mexican Cocaine Online - Mexican Cocaine for Sale Online","og_description":"You can buy mexican cocaine online in bulk quantity at wholesale price here. Get the best purity mexican cocaine powder for sale. Order today!","og_url":"https:\/\/narcopowders.com\/de\/produkt\/mexikanisches-kokain\/","og_site_name":"Narco Powders","article_modified_time":"2025-03-25T12:12:25+00:00","og_image":[{"width":600,"height":600,"url":"https:\/\/narcopowders.com\/wp-content\/uploads\/2023\/01\/mexican-cocaine.jpg","type":"image\/jpeg"}],"twitter_card":"summary_large_image","twitter_misc":{"Gesch\u00e4tzte Lesezeit":"3\u00a0Minuten"},"schema":{"@context":"https:\/\/schema.org","@graph":[{"@type":"WebPage","@id":"https:\/\/narcopowders.com\/product\/mexican-cocaine\/","url":"https:\/\/narcopowders.com\/product\/mexican-cocaine\/","name":"Mexikanisches Kokain online kaufen - Mexikanisches Kokain zum Verkauf online","isPartOf":{"@id":"https:\/\/narcopowders.com\/#website"},"primaryImageOfPage":{"@id":"https:\/\/narcopowders.com\/product\/mexican-cocaine\/#primaryimage"},"image":{"@id":"https:\/\/narcopowders.com\/product\/mexican-cocaine\/#primaryimage"},"thumbnailUrl":"https:\/\/narcopowders.com\/wp-content\/uploads\/2023\/01\/mexican-cocaine.jpg","datePublished":"2023-01-02T10:32:03+00:00","dateModified":"2025-03-25T12:12:25+00:00","description":"Hier k\u00f6nnen Sie mexikanisches Kokain in gro\u00dfen Mengen zum Gro\u00dfhandelspreis online kaufen. Holen Sie sich das mexikanische Kokainpulver mit der besten Reinheit zum Verkauf. Bestellen Sie heute!","breadcrumb":{"@id":"https:\/\/narcopowders.com\/product\/mexican-cocaine\/#breadcrumb"},"inLanguage":"de","potentialAction":[{"@type":"ReadAction","target":["https:\/\/narcopowders.com\/product\/mexican-cocaine\/"]}]},{"@type":"ImageObject","inLanguage":"de","@id":"https:\/\/narcopowders.com\/product\/mexican-cocaine\/#primaryimage","url":"https:\/\/narcopowders.com\/wp-content\/uploads\/2023\/01\/mexican-cocaine.jpg","contentUrl":"https:\/\/narcopowders.com\/wp-content\/uploads\/2023\/01\/mexican-cocaine.jpg","width":600,"height":600,"caption":"Buy Mexican Cocaine Online"},{"@type":"BreadcrumbList","@id":"https:\/\/narcopowders.com\/product\/mexican-cocaine\/#breadcrumb","itemListElement":[{"@type":"ListItem","position":1,"name":"Home","item":"https:\/\/narcopowders.com\/"},{"@type":"ListItem","position":2,"name":"Shop Page","item":"https:\/\/narcopowders.com\/shop\/"},{"@type":"ListItem","position":3,"name":"Mexican Cocaine"}]},{"@type":"WebSite","@id":"https:\/\/narcopowders.com\/#website","url":"https:\/\/narcopowders.com\/","name":"Narco-Pulver","description":"Mein WordPress-Blog","potentialAction":[{"@type":"SearchAction","target":{"@type":"EntryPoint","urlTemplate":"https:\/\/narcopowders.com\/?s={search_term_string}"},"query-input":{"@type":"PropertyValueSpecification","valueRequired":true,"valueName":"search_term_string"}}],"inLanguage":"de"}]}},"_links":{"self":[{"href":"https:\/\/narcopowders.com\/de\/wp-json\/wp\/v2\/product\/19143","targetHints":{"allow":["GET"]}}],"collection":[{"href":"https:\/\/narcopowders.com\/de\/wp-json\/wp\/v2\/product"}],"about":[{"href":"https:\/\/narcopowders.com\/de\/wp-json\/wp\/v2\/types\/product"}],"replies":[{"embeddable":true,"href":"https:\/\/narcopowders.com\/de\/wp-json\/wp\/v2\/comments?post=19143"}],"wp:featuredmedia":[{"embeddable":true,"href":"https:\/\/narcopowders.com\/de\/wp-json\/wp\/v2\/media\/19197"}],"wp:attachment":[{"href":"https:\/\/narcopowders.com\/de\/wp-json\/wp\/v2\/media?parent=19143"}],"wp:term":[{"taxonomy":"product_brand","embeddable":true,"href":"https:\/\/narcopowders.com\/de\/wp-json\/wp\/v2\/product_brand?post=19143"},{"taxonomy":"product_cat","embeddable":true,"href":"https:\/\/narcopowders.com\/de\/wp-json\/wp\/v2\/product_cat?post=19143"},{"taxonomy":"product_tag","embeddable":true,"href":"https:\/\/narcopowders.com\/de\/wp-json\/wp\/v2\/product_tag?post=19143"}],"curies":[{"name":"wp","href":"https:\/\/api.w.org\/{rel}","templated":true}]}}