{"id":19145,"date":"2023-01-02T10:20:37","date_gmt":"2023-01-02T10:20:37","guid":{"rendered":"https:\/\/nembutalhouse.com\/narco\/?post_type=product&#038;p=19145"},"modified":"2025-03-25T11:57:14","modified_gmt":"2025-03-25T11:57:14","slug":"colombian-cocaine","status":"publish","type":"product","link":"https:\/\/narcopowders.com\/de\/produkt\/kolumbianisches-kokain\/","title":{"rendered":"Kaufen Sie kolumbianisches Kokain online"},"content":{"rendered":"<h2 style=\"text-align: justify;\">Kaufen Sie kolumbianisches Kokain online<\/h2>\n<p style=\"text-align: justify;\">Suchst du nach\u00a0<a href=\"https:\/\/narcopowders.com\/de\/produkt\/kolumbianisches-kokain\/\"><strong>Kaufen Sie kolumbianisches Kokain online<\/strong><\/a>? If so, <a href=\"https:\/\/narcopowders.com\/de\/\">Narco-Pulver<\/a> ist der perfekte Ort f\u00fcr Sie. Hier finden Sie eine gro\u00dfe Auswahl an <a href=\"https:\/\/en.wikipedia.org\/wiki\/Cocaine\">hochwertiges Kokain<\/a> Produkte, die aus kolumbianischen Kokabl\u00e4ttern hergestellt werden.<\/p>\n<h3 style=\"text-align: justify;\">Wie wird kolumbianisches Kokain hergestellt?<\/h3>\n<p style=\"text-align: justify;\"><a href=\"https:\/\/www.bing.com\/search?q=Buy%20Colombian%20Cocaine%20Online&amp;qs=n&amp;form=QBRE&amp;sp=-1&amp;lq=0&amp;pq=buy%20colombian%20cocaine%20online&amp;sc=1-28&amp;sk=&amp;cvid=B9F08B78D28D4CFF9767D05E320B96BB&amp;ghsh=0&amp;ghacc=0&amp;ghpl=\">Colombian cocaine<\/a> Kolumbianisches Kokain geh\u00f6rt zu den beliebtesten Drogen auf dem Markt. Es ist ein starkes Stimulans, das helfen kann, das Energieniveau zu erh\u00f6hen und die Konzentration zu verbessern. Um kolumbianisches Kokain herzustellen, m\u00fcssen die Bauern zun\u00e4chst Kokabl\u00e4tter in den Anden anbauen. Sobald die Kokabl\u00e4tter gewachsen sind, werden sie geerntet und zu Kokainhydrochloridkristallen verarbeitet. Dieser Prozess beinhaltet das Destillieren der Bl\u00e4tter mit einer Vielzahl chemischer Prozesse, einschlie\u00dflich S\u00e4urew\u00e4sche und Etherextraktion. Schlie\u00dflich wird Kokain nach \u00dcbersee verschifft, um es auf dem Schwarzmarkt zu verkaufen.<\/p>\n<p style=\"text-align: justify;\">Drogenschmuggelnetzwerke nutzen verschiedene Routen und H\u00e4fen f\u00fcr den Schmuggel <a href=\"https:\/\/www.google.de\/search?q=Buy+Colombian+Cocaine+Online&amp;sca_esv=1a2a07081c7891bb&amp;rlz=1C1RXQR_enIN1098IN1098&amp;ei=arjOZ5WFK-z21e8P98PxkAg&amp;ved=0ahUKEwiV4ujroP-LAxVse_UHHfdhHIIQ4dUDCBA&amp;uact=5&amp;oq=Buy+Colombian+Cocaine+Online&amp;gs_lp=Egxnd3Mtd2l6LXNlcnAiHEJ1eSBDb2xvbWJpYW4gQ29jYWluZSBPbmxpbmVIkAhQjQRYjQRwA3gAkAEAmAGqAaABqgGqAQMwLjG4AQPIAQD4AQL4AQGYAgCgAgCYAwCIBgGSBwCgB1A&amp;sclient=gws-wiz-serp\">Colombian cocaine<\/a> Drogenhandelsnetzwerke nutzen verschiedene Routen und H\u00e4fen, um kolumbianisches Kokain nach Europa und in andere Teile der Welt zu schmuggeln, wo es wertvoller ist als andere Arten von Drogen. Aufgrund dieser Faktoren gibt es oft erhebliche Unterschiede zwischen den\u00a0<a href=\"https:\/\/www.bing.com\/search?q=Buy%20Colombian%20Cocaine%20Online&amp;qs=n&amp;form=QBRE&amp;sp=-1&amp;lq=0&amp;pq=buy%20colombian%20cocaine%20online&amp;sc=1-28&amp;sk=&amp;cvid=B9F08B78D28D4CFF9767D05E320B96BB&amp;ghsh=0&amp;ghacc=0&amp;ghpl=\"><strong>Kokainpreis in Kolumbien <\/strong><\/a>und der Preis anderer Arten von Drogen auf dem Markt.<\/p>\n<h3 style=\"text-align: justify;\">Vorteile von kolumbianischem Kokain<\/h3>\n<p style=\"text-align: justify;\">The use of <a href=\"https:\/\/www.google.de\/search?q=Buy+Colombian+Cocaine+Online&amp;sca_esv=1a2a07081c7891bb&amp;rlz=1C1RXQR_enIN1098IN1098&amp;ei=arjOZ5WFK-z21e8P98PxkAg&amp;ved=0ahUKEwiV4ujroP-LAxVse_UHHfdhHIIQ4dUDCBA&amp;uact=5&amp;oq=Buy+Colombian+Cocaine+Online&amp;gs_lp=Egxnd3Mtd2l6LXNlcnAiHEJ1eSBDb2xvbWJpYW4gQ29jYWluZSBPbmxpbmVIkAhQjQRYjQRwA3gAkAEAmAGqAaABqgGqAQMwLjG4AQPIAQD4AQL4AQGYAgCgAgCYAwCIBgGSBwCgB1A&amp;sclient=gws-wiz-serp\">Colombian cocaine<\/a> El uso de la coca\u00edna colombiana puede brindar varios beneficios a quienes buscan experimentar una euforia intensificada o desean usar la droga como parte del tratamiento de la adicci\u00f3n. Adem\u00e1s de proporcionar una sensaci\u00f3n de placer y alerta m\u00e1s intensa que otras variedades de coca\u00edna, la coca\u00edna colombiana tambi\u00e9n tiene una potencia m\u00e1s alta que otros tipos de coca\u00edna, lo que permite que los usuarios experimenten los efectos con una cantidad mucho menor.\u00a0<strong>Kolumbianisches Kokain online<\/strong>\u00a0wird aufgrund seiner Reinheit und des Fehlens von Verunreinigungen mit anderen Drogen oft als w\u00fcnschenswerter angesehen.<\/p>\n<p style=\"text-align: justify;\">Egal, ob Sie in der Stimmung f\u00fcr ein Schnupfen oder Rauchen sind, wir haben das Richtige <a href=\"https:\/\/duckduckgo.com\/?q=Buy+Colombian+Cocaine+Online&amp;t=h_&amp;ia=web\"><strong>Kolumbianisches Kokain zu verkaufen<\/strong><\/a>. Warum probieren Sie Narco Powders also nicht noch heute aus? Sie werden nicht entt\u00e4uscht sein!<\/p>\n<h3 style=\"text-align: justify;\">Nebenwirkungen von kolumbianischem Kokain<\/h3>\n<p style=\"text-align: justify;\">Wenn es um die kurzfristigen Nebenwirkungen des Kokainkonsums geht, k\u00f6nnen Benutzer Euphorie oder einen Rausch sowie erh\u00f6hte Energie und Motivation erleben. Diese Nebenwirkungen dauern in der Regel etwa eine Stunde an, k\u00f6nnen jedoch je nach der Menge an Kokain, die jemand eingenommen hat, variieren. Zu den langfristigen Nebenwirkungen des Kokainkonsums k\u00f6nnen Konzentrations- und Konzentrationsprobleme, erh\u00f6hte Herzfrequenz und erh\u00f6hter Blutdruck, Schlaflosigkeit, schnelle Gewichtsabnahme oder -zunahme, Sucht, Krampfanf\u00e4lle, Lebersch\u00e4den und sogar der Tod geh\u00f6ren.<\/p>\n<h3 style=\"text-align: justify;\">Wo kann man kolumbianisches Kokain online bestellen?<\/h3>\n<p style=\"text-align: justify;\">Es gibt viele gute Gr\u00fcnde daf\u00fcr\u00a0<strong>Kokain online bestellen<\/strong>\u00a0von Narco Powders. Zum einen wird die Rechtm\u00e4\u00dfigkeit der Online-Bestellung von Kokain immer noch von vielen Beh\u00f6rden diskutiert. Aber Sie k\u00f6nnen kolumbianisches Kokain online bestellen, ohne sich Sorgen machen zu m\u00fcssen, erwischt zu werden. Ein weiterer Grund, Kokain online zu kaufen, ist der Convenience-Faktor. Mit Narco Powders ist das m\u00f6glich\u00a0<a href=\"https:\/\/duckduckgo.com\/?q=Buy+Colombian+Cocaine+Online&amp;t=h_&amp;ia=web\"><strong>Kaufen Sie kolumbianisches Kokain in gro\u00dfen Mengen<\/strong><\/a> mit Leichtigkeit und ohne Ihr Zuhause oder B\u00fcro verlassen zu m\u00fcssen. Zu guter Letzt gibt es bei Narco Powders verschiedene Arten von Kokain zu kaufen \u2013 von Pulver bis hin zu Crack-Steinen ist alles dabei.<\/p>","protected":false},"excerpt":{"rendered":"<p>Buy Colombian Cocaine Online Are you looking to\u00a0buy Colombian cocaine online? If so, Narco Powders is the perfect place for you. Here, you&#8217;ll find a wide variety of high-quality cocaine products that are made from Colombian coca leaves. How Is Colombian Cocaine Made? Colombian cocaine is among the most popular drugs on the market. It&#8217;s [&hellip;]<\/p>","protected":false},"featured_media":19165,"comment_status":"open","ping_status":"closed","template":"","meta":{"_joinchat":[]},"product_brand":[],"product_cat":[1179],"product_tag":[1250,1244,1253,1257,1247,1252,1246,1245,1258,1251,1259,1248,1254,1249],"class_list":{"0":"post-19145","1":"product","2":"type-product","3":"status-publish","4":"has-post-thumbnail","6":"product_cat-buy-cocaine-online","7":"product_tag-benefits-of-colombian-cocaine","8":"product_tag-best-place-to-order-colombian-cocaine","9":"product_tag-buy-colombian-cocaine-legally","10":"product_tag-buy-colombian-cocaine-online-near-me","11":"product_tag-cheap-colombian-cocaine","12":"product_tag-colombian-cocaine-for-sale","13":"product_tag-colombian-cocaine-price","14":"product_tag-colombian-cocaine-wholesale","15":"product_tag-how-can-i-get-the-best-colombian-cocaine","16":"product_tag-how-to-order-colombian-cocaine","17":"product_tag-legit-colombian-cocaine-online","18":"product_tag-what-is-colombian-cocaine","19":"product_tag-where-can-i-buy-colombian-cocaine","20":"product_tag-where-to-buy-colombian-cocaine","22":"first","23":"instock","24":"shipping-taxable","25":"purchasable","26":"product-type-variable","27":"add-to-wishlist-after_add_to_cart"},"yoast_head":"<!-- This site is optimized with the Yoast SEO plugin v25.9 - https:\/\/yoast.com\/wordpress\/plugins\/seo\/ -->\n<title>Colombian Cocaine for Sale - Buy Colombian Cocaine Online<\/title>\n<meta name=\"description\" content=\"You can get high purity colombian cocaine for sale here. Buy colombian cocaine online, order colombian cocaine in bulk quantity at wholesale price.\" \/>\n<meta name=\"robots\" content=\"index, follow, max-snippet:-1, max-image-preview:large, max-video-preview:-1\" \/>\n<link rel=\"canonical\" href=\"https:\/\/narcopowders.com\/de\/produkt\/kolumbianisches-kokain\/\" \/>\n<meta property=\"og:locale\" content=\"de_DE\" \/>\n<meta property=\"og:type\" content=\"article\" \/>\n<meta property=\"og:title\" content=\"Colombian Cocaine for Sale - Buy Colombian Cocaine Online\" \/>\n<meta property=\"og:description\" content=\"You can get high purity colombian cocaine for sale here. Buy colombian cocaine online, order colombian cocaine in bulk quantity at wholesale price.\" \/>\n<meta property=\"og:url\" content=\"https:\/\/narcopowders.com\/de\/produkt\/kolumbianisches-kokain\/\" \/>\n<meta property=\"og:site_name\" content=\"Narco Powders\" \/>\n<meta property=\"article:modified_time\" content=\"2025-03-25T11:57:14+00:00\" \/>\n<meta property=\"og:image\" content=\"https:\/\/narcopowders.com\/wp-content\/uploads\/2023\/01\/colombian-cocaine.jpg\" \/>\n\t<meta property=\"og:image:width\" content=\"600\" \/>\n\t<meta property=\"og:image:height\" content=\"600\" \/>\n\t<meta property=\"og:image:type\" content=\"image\/jpeg\" \/>\n<meta name=\"twitter:card\" content=\"summary_large_image\" \/>\n<meta name=\"twitter:label1\" content=\"Gesch\u00e4tzte Lesezeit\" \/>\n\t<meta name=\"twitter:data1\" content=\"3\u00a0Minuten\" \/>\n<!-- \/ Yoast SEO plugin. -->","yoast_head_json":{"title":"Kolumbianisches Kokain zum Verkauf - Kaufen Sie kolumbianisches Kokain online","description":"Hier k\u00f6nnen Sie hochreines kolumbianisches Kokain kaufen. Kaufen Sie kolumbianisches Kokain online, bestellen Sie kolumbianisches Kokain in gro\u00dfen Mengen zum Gro\u00dfhandelspreis.","robots":{"index":"index","follow":"follow","max-snippet":"max-snippet:-1","max-image-preview":"max-image-preview:large","max-video-preview":"max-video-preview:-1"},"canonical":"https:\/\/narcopowders.com\/de\/produkt\/kolumbianisches-kokain\/","og_locale":"de_DE","og_type":"article","og_title":"Colombian Cocaine for Sale - Buy Colombian Cocaine Online","og_description":"You can get high purity colombian cocaine for sale here. Buy colombian cocaine online, order colombian cocaine in bulk quantity at wholesale price.","og_url":"https:\/\/narcopowders.com\/de\/produkt\/kolumbianisches-kokain\/","og_site_name":"Narco Powders","article_modified_time":"2025-03-25T11:57:14+00:00","og_image":[{"width":600,"height":600,"url":"https:\/\/narcopowders.com\/wp-content\/uploads\/2023\/01\/colombian-cocaine.jpg","type":"image\/jpeg"}],"twitter_card":"summary_large_image","twitter_misc":{"Gesch\u00e4tzte Lesezeit":"3\u00a0Minuten"},"schema":{"@context":"https:\/\/schema.org","@graph":[{"@type":"WebPage","@id":"https:\/\/narcopowders.com\/product\/colombian-cocaine\/","url":"https:\/\/narcopowders.com\/product\/colombian-cocaine\/","name":"Kolumbianisches Kokain zum Verkauf - Kaufen Sie kolumbianisches Kokain online","isPartOf":{"@id":"https:\/\/narcopowders.com\/#website"},"primaryImageOfPage":{"@id":"https:\/\/narcopowders.com\/product\/colombian-cocaine\/#primaryimage"},"image":{"@id":"https:\/\/narcopowders.com\/product\/colombian-cocaine\/#primaryimage"},"thumbnailUrl":"https:\/\/narcopowders.com\/wp-content\/uploads\/2023\/01\/colombian-cocaine.jpg","datePublished":"2023-01-02T10:20:37+00:00","dateModified":"2025-03-25T11:57:14+00:00","description":"Hier k\u00f6nnen Sie hochreines kolumbianisches Kokain kaufen. Kaufen Sie kolumbianisches Kokain online, bestellen Sie kolumbianisches Kokain in gro\u00dfen Mengen zum Gro\u00dfhandelspreis.","breadcrumb":{"@id":"https:\/\/narcopowders.com\/product\/colombian-cocaine\/#breadcrumb"},"inLanguage":"de","potentialAction":[{"@type":"ReadAction","target":["https:\/\/narcopowders.com\/product\/colombian-cocaine\/"]}]},{"@type":"ImageObject","inLanguage":"de","@id":"https:\/\/narcopowders.com\/product\/colombian-cocaine\/#primaryimage","url":"https:\/\/narcopowders.com\/wp-content\/uploads\/2023\/01\/colombian-cocaine.jpg","contentUrl":"https:\/\/narcopowders.com\/wp-content\/uploads\/2023\/01\/colombian-cocaine.jpg","width":600,"height":600,"caption":"Colombian Cocaine for Sale"},{"@type":"BreadcrumbList","@id":"https:\/\/narcopowders.com\/product\/colombian-cocaine\/#breadcrumb","itemListElement":[{"@type":"ListItem","position":1,"name":"Home","item":"https:\/\/narcopowders.com\/"},{"@type":"ListItem","position":2,"name":"Shop Page","item":"https:\/\/narcopowders.com\/shop\/"},{"@type":"ListItem","position":3,"name":"Buy Colombian Cocaine Online"}]},{"@type":"WebSite","@id":"https:\/\/narcopowders.com\/#website","url":"https:\/\/narcopowders.com\/","name":"Narco-Pulver","description":"Mein WordPress-Blog","potentialAction":[{"@type":"SearchAction","target":{"@type":"EntryPoint","urlTemplate":"https:\/\/narcopowders.com\/?s={search_term_string}"},"query-input":{"@type":"PropertyValueSpecification","valueRequired":true,"valueName":"search_term_string"}}],"inLanguage":"de"}]}},"_links":{"self":[{"href":"https:\/\/narcopowders.com\/de\/wp-json\/wp\/v2\/product\/19145","targetHints":{"allow":["GET"]}}],"collection":[{"href":"https:\/\/narcopowders.com\/de\/wp-json\/wp\/v2\/product"}],"about":[{"href":"https:\/\/narcopowders.com\/de\/wp-json\/wp\/v2\/types\/product"}],"replies":[{"embeddable":true,"href":"https:\/\/narcopowders.com\/de\/wp-json\/wp\/v2\/comments?post=19145"}],"wp:featuredmedia":[{"embeddable":true,"href":"https:\/\/narcopowders.com\/de\/wp-json\/wp\/v2\/media\/19165"}],"wp:attachment":[{"href":"https:\/\/narcopowders.com\/de\/wp-json\/wp\/v2\/media?parent=19145"}],"wp:term":[{"taxonomy":"product_brand","embeddable":true,"href":"https:\/\/narcopowders.com\/de\/wp-json\/wp\/v2\/product_brand?post=19145"},{"taxonomy":"product_cat","embeddable":true,"href":"https:\/\/narcopowders.com\/de\/wp-json\/wp\/v2\/product_cat?post=19145"},{"taxonomy":"product_tag","embeddable":true,"href":"https:\/\/narcopowders.com\/de\/wp-json\/wp\/v2\/product_tag?post=19145"}],"curies":[{"name":"wp","href":"https:\/\/api.w.org\/{rel}","templated":true}]}}