{"id":19146,"date":"2023-01-02T10:32:30","date_gmt":"2023-01-02T10:32:30","guid":{"rendered":"https:\/\/nembutalhouse.com\/narco\/?post_type=product&#038;p=19146"},"modified":"2025-03-25T12:04:02","modified_gmt":"2025-03-25T12:04:02","slug":"peruvian-cocaine","status":"publish","type":"product","link":"https:\/\/narcopowders.com\/de\/produkt\/peruanisches-kokain\/","title":{"rendered":"Kaufen Sie peruanisches Kokain online"},"content":{"rendered":"<h2 style=\"text-align: justify;\">Kaufen Sie peruanisches Kokain online<\/h2>\n<p style=\"text-align: justify;\">Suchen Sie ein authentisches und kraftvolles High?\u00a0<a href=\"https:\/\/en.wikipedia.org\/wiki\/Cocaine\"><strong>Bestellen Sie peruanisches Kokain online<\/strong><\/a>\u00a0from <a href=\"https:\/\/narcopowders.com\/de\/\">Narco-Pulver<\/a>. We specialize in providing only the highest-grade\u00a0<a href=\"https:\/\/narcopowders.com\/de\/produkt\/peruanisches-kokain\/\"><strong>cocaina peruana en linea<\/strong><\/a>, mit einem Herstellungsprozess, der jederzeit Qualit\u00e4t gew\u00e4hrleistet.<\/p>\n<h3 style=\"text-align: justify;\">Wie wird peruanisches Kokain hergestellt?<\/h3>\n<p style=\"text-align: justify;\">Wenn Sie Kokain kaufen m\u00f6chten, ist es wichtig, sich der verwendeten Produktionsmethoden bewusst zu sein. Peruanisches Kokain wird auf verschiedene Weise hergestellt. <a href=\"https:\/\/www.bing.com\/search?q=Buy%20Peruvian%20Cocaine%20Online&amp;qs=n&amp;form=QBRE&amp;sp=-1&amp;lq=0&amp;pq=buy%20peruvian%20cocaine%20online&amp;sc=0-27&amp;sk=&amp;cvid=876C4E7595D14B1B8CAAC2FBA0DFA998&amp;ghsh=0&amp;ghacc=0&amp;ghpl=\">Peruvian cocaine<\/a> wird auf verschiedene Arten hergestellt.<\/p>\n<p style=\"text-align: justify;\">Die h\u00e4ufigste Art der Herstellung <a href=\"https:\/\/www.bing.com\/search?q=Buy%20Peruvian%20Cocaine%20Online&amp;qs=n&amp;form=QBRE&amp;sp=-1&amp;lq=0&amp;pq=buy%20peruvian%20cocaine%20online&amp;sc=0-27&amp;sk=&amp;cvid=876C4E7595D14B1B8CAAC2FBA0DFA998&amp;ghsh=0&amp;ghacc=0&amp;ghpl=\">Peruvian cocaine<\/a> Die gebr\u00e4uchlichste Methode zur Herstellung von peruanischem Kokain ist die Fermentation. W\u00e4hrend der Fermentation werden Kokabl\u00e4tter in Wasser eingeweicht und dann zu Kokain-Hydrochlorid-Kristallen verarbeitet. Dieser Prozess erzeugt ein hochwertiges Produkt, das einfach zu dosieren ist und keine speziellen Ger\u00e4te oder F\u00e4higkeiten erfordert.<\/p>\n<p style=\"text-align: justify;\">Eine weitere g\u00e4ngige Methode zur Herstellung von peruanischem Kokain ist die Extraktion mit Ether. Bei der Extraktion werden Kokabl\u00e4tter in einer Etherl\u00f6sung eingeweicht und dann zu <a href=\"https:\/\/www.google.com\/search?q=Buy+Peruvian+Cocaine+Online&amp;num=10&amp;sca_esv=1a2a07081c7891bb&amp;rlz=1C1RXQR_enIN1098IN1098&amp;sxsrf=AHTn8zpGRXphTjpY2t0xOyM4zkE9wYTz3w%3A1741681471644&amp;ei=P_PPZ9b9JtSZvr0PpdysyQY&amp;ved=0ahUKEwiWmbeLzYGMAxXUjK8BHSUuK2kQ4dUDCBA&amp;uact=5&amp;oq=Buy+Peruvian+Cocaine+Online&amp;gs_lp=Egxnd3Mtd2l6LXNlcnAiG0J1eSBQZXJ1dmlhbiBDb2NhaW5lIE9ubGluZUjPGFD4Elj4EnADeACQAQCYAZ8BoAGfAaoBAzAuMbgBA8gBAPgBAvgBAZgCAKACAJgDAIgGAZIHAKAHTw&amp;sclient=gws-wiz-serp\">cocaine hydrochloride crystals<\/a>. Dieser Prozess ist schneller als die Fermentation, weist jedoch aufgrund m\u00f6glicher Schwankungen der Extraktionsbedingungen eine weniger konsistente Qualit\u00e4t auf.<\/p>\n<p style=\"text-align: justify;\">Endlich, <a href=\"https:\/\/www.google.com\/search?q=Buy+Peruvian+Cocaine+Online&amp;num=10&amp;sca_esv=1a2a07081c7891bb&amp;rlz=1C1RXQR_enIN1098IN1098&amp;sxsrf=AHTn8zpGRXphTjpY2t0xOyM4zkE9wYTz3w%3A1741681471644&amp;ei=P_PPZ9b9JtSZvr0PpdysyQY&amp;ved=0ahUKEwiWmbeLzYGMAxXUjK8BHSUuK2kQ4dUDCBA&amp;uact=5&amp;oq=Buy+Peruvian+Cocaine+Online&amp;gs_lp=Egxnd3Mtd2l6LXNlcnAiG0J1eSBQZXJ1dmlhbiBDb2NhaW5lIE9ubGluZUjPGFD4Elj4EnADeACQAQCYAZ8BoAGfAaoBAzAuMbgBA8gBAPgBAvgBAZgCAKACAJgDAIgGAZIHAKAHTw&amp;sclient=gws-wiz-serp\">Peruvian cocaine<\/a> Schlie\u00dflich wird peruanisches Kokain auch mit subkritischen Wasserimmersionstechniken (SWIM) hergestellt. SWIM beinhaltet das Einweichen von Kokabl\u00e4ttern in Wasser unter atmosph\u00e4rischem Druck, bis sie sich in fl\u00fcssiger Form aufl\u00f6sen, und das anschlie\u00dfende Extrahieren der gel\u00f6sten Feststoffe mit traditionellen L\u00f6sungsmittelextraktionstechniken wie Destillation oder Kristallisation.<\/p>\n<p style=\"text-align: justify;\">Endlich, wenn Sie\u00a0<a href=\"https:\/\/duckduckgo.com\/?q=Buy+Peruvian+Cocaine+Online&amp;t=h_&amp;ia=web\"><strong>Kaufen Sie peruanisches Kokain online<\/strong><\/a> von Narco Powders k\u00f6nnen Sie sicher sein, dass Sie ein qualitativ hochwertiges Produkt erhalten, das Ihren spezifischen Anforderungen entspricht.<\/p>\n<h3 style=\"text-align: justify;\">Vorteile von peruanischem Kokain<\/h3>\n<p style=\"text-align: justify;\">Daran besteht kein Zweifel\u00a0<a href=\"https:\/\/duckduckgo.com\/?q=Buy+Peruvian+Cocaine+Online&amp;t=h_&amp;ia=web\"><strong>Peruanisches Kokain zu verkaufen<\/strong><\/a> ist eines der beliebtesten Medikamente auf dem Planeten. Und das aus gutem Grund \u2013 es ist ein starkes Stimulans, das helfen kann, Ihre Energie zu steigern und Ihnen ein Gef\u00fchl der Euphorie zu geben. Viele Konsumenten von peruanischem Kokain berichten, dass sie sich nach der Einnahme der Droge energetisiert und wacher f\u00fchlen. Diese verbesserte Energie kann bei der Produktivit\u00e4t, Konzentration und Probleml\u00f6sung helfen. <strong>Peruanisches Kokain in loser Sch\u00fcttung\u00a0<\/strong>bei Narco Powders<strong>\u00a0<\/strong>kann auch dazu beitragen, angenehme Gef\u00fchle zu steigern, indem es den Benutzern erm\u00f6glicht, Freizeitaktivit\u00e4ten, gesellschaftliche Anl\u00e4sse und k\u00fcnstlerische Aktivit\u00e4ten mehr zu genie\u00dfen, als sie es ohne den Konsum der Droge tun w\u00fcrden.<\/p>\n<h3 style=\"text-align: justify;\">Was sind die Nebenwirkungen der Einnahme von peruanischem Kokain?<\/h3>\n<p style=\"text-align: justify;\">Peruanisches Kokain ist eine Art Crack-Kokain, das oft st\u00e4rker ist als andere Arten von Crack-Kokain. Dies bedeutet, dass bei der Einnahme von peruanischem Kokain mehr k\u00f6rperliche Nebenwirkungen auftreten k\u00f6nnen als bei anderen Arten von Crack-Kokain. Einige m\u00f6gliche k\u00f6rperliche Nebenwirkungen der Einnahme von peruanischem Kokain sind erh\u00f6hte Herzfrequenz und erh\u00f6hter Blutdruck, ein h\u00f6heres Risiko f\u00fcr Atemwegskomplikationen, Abh\u00e4ngigkeit und Verhaltens\u00e4nderungen, psychische Nebenwirkungen wie Depressionen, Angstzust\u00e4nde und paranoide Gedanken, Entzugserscheinungen, Langzeitsch\u00e4den innere Organe, Schwangerschaftsrisiken und andere Gesundheitsprobleme.<\/p>\n<h3 style=\"text-align: justify;\">Wo kann ich authentisches peruanisches Kokain online kaufen?<\/h3>\n<p style=\"text-align: justify;\">Suchen Sie nach einer M\u00f6glichkeit, die volle Kraft des peruanischen Kokains zu erleben, ohne das Risiko einzugehen, erwischt zu werden? Suchen Sie nicht weiter als Narco Powders Hier k\u00f6nnen Sie hochwertige Produkte kaufen\u00a0<strong>Gro\u00dfhandel mit peruanischem Kokain<\/strong>\u00a0online in einer sicheren Umgebung. Unsere Produkte sind einzigartig, weil sie st\u00e4rker sind als andere auf dem Markt erh\u00e4ltliche Kokainsorten. Geben Sie jetzt Ihre Bestellung auf!<\/p>","protected":false},"excerpt":{"rendered":"<p>Buy Peruvian Cocaine Online Are you looking for an authentic and powerful high?\u00a0Order Peruvian cocaine online\u00a0from Narco Powders. We specialize in providing only the highest-grade\u00a0Peruvian cocaine online, with a manufacturing process that ensures quality every time. How Is Peruvian Cocaine Manufactured? When you&#8217;re looking to buy cocaine, it&#8217;s important to be aware of the production [&hellip;]<\/p>","protected":false},"featured_media":19198,"comment_status":"open","ping_status":"closed","template":"","meta":{"_joinchat":[]},"product_brand":[],"product_cat":[1179],"product_tag":[1298,1292,1301,1304,1305,1303,1295,1306,1299,1307,1300,1294,1293,1296,1302,1297],"class_list":{"0":"post-19146","1":"product","2":"type-product","3":"status-publish","4":"has-post-thumbnail","6":"product_cat-buy-cocaine-online","7":"product_tag-benefits-of-peruvian-cocaine","8":"product_tag-best-place-to-order-peruvian-cocaine","9":"product_tag-buy-peruvian-cocaine-legally","10":"product_tag-buy-peruvian-cocaine-online-australia","11":"product_tag-buy-peruvian-cocaine-online-near-me","12":"product_tag-buy-peruvian-cocaine-online-usa","13":"product_tag-cheap-peruvian-cocaine","14":"product_tag-how-can-i-get-the-best-peruvian-cocaine","15":"product_tag-how-to-order-peruvian-cocaine","16":"product_tag-legit-peruvian-cocaine-online","17":"product_tag-peruvian-cocaine-for-sale","18":"product_tag-peruvian-cocaine-price","19":"product_tag-peruvian-cocaine-wholesale","20":"product_tag-what-is-peruvian-cocaine","21":"product_tag-where-can-i-buy-peruvian-cocaine","22":"product_tag-where-to-buy-peruvian-cocaine","24":"first","25":"instock","26":"shipping-taxable","27":"purchasable","28":"product-type-variable","29":"add-to-wishlist-after_add_to_cart"},"yoast_head":"<!-- This site is optimized with the Yoast SEO plugin v25.9 - https:\/\/yoast.com\/wordpress\/plugins\/seo\/ -->\n<title>Buy Peruvian Cocaine Online - Pure Peruvian Cocaine for Sale<\/title>\n<meta name=\"description\" content=\"Looking for peruvian cocaine powder for sale in bulk quantity? You can buy peruvian cocaine online at wholesale price. Order Peruvian Cocaine Now!\" \/>\n<meta name=\"robots\" content=\"index, follow, max-snippet:-1, max-image-preview:large, max-video-preview:-1\" \/>\n<link rel=\"canonical\" href=\"https:\/\/narcopowders.com\/de\/produkt\/peruanisches-kokain\/\" \/>\n<meta property=\"og:locale\" content=\"de_DE\" \/>\n<meta property=\"og:type\" content=\"article\" \/>\n<meta property=\"og:title\" content=\"Buy Peruvian Cocaine Online - Pure Peruvian Cocaine for Sale\" \/>\n<meta property=\"og:description\" content=\"Looking for peruvian cocaine powder for sale in bulk quantity? You can buy peruvian cocaine online at wholesale price. Order Peruvian Cocaine Now!\" \/>\n<meta property=\"og:url\" content=\"https:\/\/narcopowders.com\/de\/produkt\/peruanisches-kokain\/\" \/>\n<meta property=\"og:site_name\" content=\"Narco Powders\" \/>\n<meta property=\"article:modified_time\" content=\"2025-03-25T12:04:02+00:00\" \/>\n<meta property=\"og:image\" content=\"https:\/\/narcopowders.com\/wp-content\/uploads\/2023\/01\/peruvian-cocaine.jpg\" \/>\n\t<meta property=\"og:image:width\" content=\"600\" \/>\n\t<meta property=\"og:image:height\" content=\"600\" \/>\n\t<meta property=\"og:image:type\" content=\"image\/jpeg\" \/>\n<meta name=\"twitter:card\" content=\"summary_large_image\" \/>\n<meta name=\"twitter:label1\" content=\"Gesch\u00e4tzte Lesezeit\" \/>\n\t<meta name=\"twitter:data1\" content=\"3\u00a0Minuten\" \/>\n<!-- \/ Yoast SEO plugin. -->","yoast_head_json":{"title":"Kaufen Sie peruanisches Kokain online - Reines peruanisches Kokain zum Verkauf","description":"Suchen Sie nach peruanischem Kokainpulver zum Verkauf in gro\u00dfen Mengen? Sie k\u00f6nnen peruanisches Kokain online zum Gro\u00dfhandelspreis kaufen. Bestellen Sie jetzt peruanisches Kokain!","robots":{"index":"index","follow":"follow","max-snippet":"max-snippet:-1","max-image-preview":"max-image-preview:large","max-video-preview":"max-video-preview:-1"},"canonical":"https:\/\/narcopowders.com\/de\/produkt\/peruanisches-kokain\/","og_locale":"de_DE","og_type":"article","og_title":"Buy Peruvian Cocaine Online - Pure Peruvian Cocaine for Sale","og_description":"Looking for peruvian cocaine powder for sale in bulk quantity? You can buy peruvian cocaine online at wholesale price. Order Peruvian Cocaine Now!","og_url":"https:\/\/narcopowders.com\/de\/produkt\/peruanisches-kokain\/","og_site_name":"Narco Powders","article_modified_time":"2025-03-25T12:04:02+00:00","og_image":[{"width":600,"height":600,"url":"https:\/\/narcopowders.com\/wp-content\/uploads\/2023\/01\/peruvian-cocaine.jpg","type":"image\/jpeg"}],"twitter_card":"summary_large_image","twitter_misc":{"Gesch\u00e4tzte Lesezeit":"3\u00a0Minuten"},"schema":{"@context":"https:\/\/schema.org","@graph":[{"@type":"WebPage","@id":"https:\/\/narcopowders.com\/product\/peruvian-cocaine\/","url":"https:\/\/narcopowders.com\/product\/peruvian-cocaine\/","name":"Kaufen Sie peruanisches Kokain online - Reines peruanisches Kokain zum Verkauf","isPartOf":{"@id":"https:\/\/narcopowders.com\/#website"},"primaryImageOfPage":{"@id":"https:\/\/narcopowders.com\/product\/peruvian-cocaine\/#primaryimage"},"image":{"@id":"https:\/\/narcopowders.com\/product\/peruvian-cocaine\/#primaryimage"},"thumbnailUrl":"https:\/\/narcopowders.com\/wp-content\/uploads\/2023\/01\/peruvian-cocaine.jpg","datePublished":"2023-01-02T10:32:30+00:00","dateModified":"2025-03-25T12:04:02+00:00","description":"Suchen Sie nach peruanischem Kokainpulver zum Verkauf in gro\u00dfen Mengen? Sie k\u00f6nnen peruanisches Kokain online zum Gro\u00dfhandelspreis kaufen. Bestellen Sie jetzt peruanisches Kokain!","breadcrumb":{"@id":"https:\/\/narcopowders.com\/product\/peruvian-cocaine\/#breadcrumb"},"inLanguage":"de","potentialAction":[{"@type":"ReadAction","target":["https:\/\/narcopowders.com\/product\/peruvian-cocaine\/"]}]},{"@type":"ImageObject","inLanguage":"de","@id":"https:\/\/narcopowders.com\/product\/peruvian-cocaine\/#primaryimage","url":"https:\/\/narcopowders.com\/wp-content\/uploads\/2023\/01\/peruvian-cocaine.jpg","contentUrl":"https:\/\/narcopowders.com\/wp-content\/uploads\/2023\/01\/peruvian-cocaine.jpg","width":600,"height":600,"caption":"peruvian cocaine"},{"@type":"BreadcrumbList","@id":"https:\/\/narcopowders.com\/product\/peruvian-cocaine\/#breadcrumb","itemListElement":[{"@type":"ListItem","position":1,"name":"Home","item":"https:\/\/narcopowders.com\/"},{"@type":"ListItem","position":2,"name":"Shop Page","item":"https:\/\/narcopowders.com\/shop\/"},{"@type":"ListItem","position":3,"name":"Buy Peruvian Cocaine Online"}]},{"@type":"WebSite","@id":"https:\/\/narcopowders.com\/#website","url":"https:\/\/narcopowders.com\/","name":"Narco-Pulver","description":"Mein WordPress-Blog","potentialAction":[{"@type":"SearchAction","target":{"@type":"EntryPoint","urlTemplate":"https:\/\/narcopowders.com\/?s={search_term_string}"},"query-input":{"@type":"PropertyValueSpecification","valueRequired":true,"valueName":"search_term_string"}}],"inLanguage":"de"}]}},"_links":{"self":[{"href":"https:\/\/narcopowders.com\/de\/wp-json\/wp\/v2\/product\/19146","targetHints":{"allow":["GET"]}}],"collection":[{"href":"https:\/\/narcopowders.com\/de\/wp-json\/wp\/v2\/product"}],"about":[{"href":"https:\/\/narcopowders.com\/de\/wp-json\/wp\/v2\/types\/product"}],"replies":[{"embeddable":true,"href":"https:\/\/narcopowders.com\/de\/wp-json\/wp\/v2\/comments?post=19146"}],"wp:featuredmedia":[{"embeddable":true,"href":"https:\/\/narcopowders.com\/de\/wp-json\/wp\/v2\/media\/19198"}],"wp:attachment":[{"href":"https:\/\/narcopowders.com\/de\/wp-json\/wp\/v2\/media?parent=19146"}],"wp:term":[{"taxonomy":"product_brand","embeddable":true,"href":"https:\/\/narcopowders.com\/de\/wp-json\/wp\/v2\/product_brand?post=19146"},{"taxonomy":"product_cat","embeddable":true,"href":"https:\/\/narcopowders.com\/de\/wp-json\/wp\/v2\/product_cat?post=19146"},{"taxonomy":"product_tag","embeddable":true,"href":"https:\/\/narcopowders.com\/de\/wp-json\/wp\/v2\/product_tag?post=19146"}],"curies":[{"name":"wp","href":"https:\/\/api.w.org\/{rel}","templated":true}]}}