{"id":19217,"date":"2023-01-03T09:19:42","date_gmt":"2023-01-03T09:19:42","guid":{"rendered":"https:\/\/narcopowders.com\/?post_type=product&#038;p=19217"},"modified":"2025-03-25T12:27:06","modified_gmt":"2025-03-25T12:27:06","slug":"afghan-heroin","status":"publish","type":"product","link":"https:\/\/narcopowders.com\/de\/produkt\/afghanisches-heroin\/","title":{"rendered":"Afghanisches Heroin"},"content":{"rendered":"<h2 style=\"text-align: justify;\">Kaufen Sie afghanisches Heroin online<\/h2>\n<p style=\"text-align: justify;\">Ernte <a href=\"https:\/\/en.wikipedia.org\/wiki\/Heroin\">Afghan heroin<\/a> Das Ernten von afghanischem Heroin aus Mohnfeldern ist in vielen L\u00e4ndern illegal, aber das h\u00e4lt die Menschen nicht davon ab, diese Droge zu bekommen. Tats\u00e4chlich geh\u00f6rt afghanisches Heroin zu den beliebtesten Heroinarten auf dem Markt, teilweise dank seiner intensiven euphorischen Wirkung. Wenn Sie das Beste suchen <a href=\"https:\/\/narcopowders.com\/de\/produkt\/afghanisches-heroin\/\"><strong>Afghanisches Heroin online kaufen<\/strong><\/a>, dann suchen Sie nicht weiter als <a href=\"https:\/\/narcopowders.com\/de\/\">Narco-Pulver<\/a>.<\/p>\n<h3 style=\"text-align: justify;\">Wie wird afghanisches Heroin hergestellt?<\/h3>\n<p style=\"text-align: justify;\">Afghanisches Heroin ist ein Opioid, das aus Opium hergestellt wird. Opium wird aus der Mohnpflanze gewonnen und ist ein <a href=\"https:\/\/www.google.com\/search?q=Buy+Afghan+Heroin+Online&amp;sca_esv=7d1b82273738a5db&amp;sxsrf=AHTn8zoNL9SAp7Ses5ieQ5J3StmSQ-ZOZA%3A1742904303459&amp;ei=75viZ4PlG4iZseMPpM2fyAk&amp;ved=0ahUKEwjDmIq_mKWMAxWITGwGHaTmB5kQ4dUDCA8&amp;uact=5&amp;oq=Buy+Afghan+Heroin+Online&amp;gs_lp=Egxnd3Mtd2l6LXNlcnAiGEJ1eSBBZmdoYW4gSGVyb2luIE9ubGluZUiRCFCqAViqAXABeACQAQCYAd0BoAHdAaoBAzItMbgBA8gBAPgBAfgBApgCAaACJ6gCEcICBxAjGCcY6gLCAhQQABiABBiRAhi0AhiKBRjqAtgBAcICFBAAGIAEGOMEGLQCGOkEGOoC2AEBwgIQEAAYAxi0AhjqAhiPAdgBAcICEBAuGAMYtAIY6gIYjwHYAQGYAyfxBXk66vEMk5S9ugYGCAEQARgBkgcBMaAHVLIHALgHAA&amp;sclient=gws-wiz-serp\">natural source of morphine and codeine<\/a>Afghanisches Heroin ist eine Opioidart, die aus Opium hergestellt wird. Opium stammt aus der Mohnpflanze und ist eine nat\u00fcrliche Quelle f\u00fcr Morphin und Codein. Der Prozess der Umwandlung von Opium in afghanisches Heroin umfasst mehrere Schritte, darunter das Einkochen des Opiums, bis es zu einem klebrigen schwarzen Teer wird, und das anschlie\u00dfende Filtern durch ein K\u00e4setuch, um Verunreinigungen zu entfernen. Dieser schwarze Teer wird dann getrocknet und zu einem Pulver zerkleinert, bevor er zu Ziegeln oder Pillen geformt wird.<\/p>\n<p style=\"text-align: justify;\">Es gibt mehrere unterschiedliche Formen afghanischen Heroins, jede mit ihren eigenen einzigartigen Eigenschaften und Verwendungsm\u00f6glichkeiten. <a href=\"https:\/\/duckduckgo.com\/?q=Buy+Afghan+Heroin+Online&amp;t=h_&amp;ia=web\">Wei\u00dfes Heroin (auch als \u201eRohopium\u201c bekannt)<\/a> Es gibt verschiedene Formen von afghanischem Heroin, jede mit ihren eigenen einzigartigen Eigenschaften und Verwendungszwecken. Wei\u00dfes Heroin (auch als \u201eRoh-Opium\u201c bekannt) ist die h\u00e4ufigste Art und hat typischerweise eine geringere Qualit\u00e4t als andere Arten von afghanischem Heroin. Braunes Heroin (hergestellt aus teilweise getrocknetem schwarzem Teer) hat eine st\u00e4rkere Wirkung und ist aufgrund seiner Potenz bei Konsumenten beliebter. Dunkelbraunes Heroin (hergestellt aus vollst\u00e4ndig getrocknetem Schwarzteer) hat die st\u00e4rkste Wirkung von allen, hat aber auch das h\u00f6chste Missbrauchspotenzial, da es schwieriger ist, die Dosierung zu kontrollieren.<\/p>\n<h3 style=\"text-align: justify;\">Vorteile von afghanischem Heroin<\/h3>\n<p style=\"text-align: justify;\">Wenn Sie auf der Suche nach einem kraftvollen und euphorischen High sind,\u00a0<a href=\"https:\/\/www.google.com\/search?q=Buy+Afghan+Heroin+Online&amp;sca_esv=7d1b82273738a5db&amp;sxsrf=AHTn8zoNL9SAp7Ses5ieQ5J3StmSQ-ZOZA%3A1742904303459&amp;ei=75viZ4PlG4iZseMPpM2fyAk&amp;ved=0ahUKEwjDmIq_mKWMAxWITGwGHaTmB5kQ4dUDCA8&amp;uact=5&amp;oq=Buy+Afghan+Heroin+Online&amp;gs_lp=Egxnd3Mtd2l6LXNlcnAiGEJ1eSBBZmdoYW4gSGVyb2luIE9ubGluZUiRCFCqAViqAXABeACQAQCYAd0BoAHdAaoBAzItMbgBA8gBAPgBAfgBApgCAaACJ6gCEcICBxAjGCcY6gLCAhQQABiABBiRAhi0AhiKBRjqAtgBAcICFBAAGIAEGOMEGLQCGOkEGOoC2AEBwgIQEAAYAxi0AhjqAhiPAdgBAcICEBAuGAMYtAIY6gIYjwHYAQGYAyfxBXk66vEMk5S9ugYGCAEQARgBkgcBMaAHVLIHALgHAA&amp;sclient=gws-wiz-serp\"><strong>Afghanisches Heroin online<\/strong><\/a>\u00a0ist Ihre beste Wette. Diese Art von Heroin geh\u00f6rt zu den reinsten und st\u00e4rksten erh\u00e4ltlichen Sorten und ist oft wegen seiner intensiven Wirkung gefragt. Infolgedessen wird afghanisches Heroin zur Behandlung von chronischen Schmerzen und Opioidabh\u00e4ngigkeit eingesetzt \u2013 Erkrankungen, die in der heutigen Gesellschaft nur allzu h\u00e4ufig vorkommen.<\/p>\n<h3 style=\"text-align: justify;\">Nebenwirkungen von afghanischem Heroin<\/h3>\n<p style=\"text-align: justify;\"><a href=\"https:\/\/www.bing.com\/search?q=Buy%20Afghan%20Heroin%20Online&amp;qs=n&amp;form=QBRE&amp;sp=-1&amp;lq=0&amp;pq=buy%20afghan%20heroin%20online&amp;sc=0-24&amp;sk=&amp;cvid=6B58336F96224C11B4CFC291185C5A1E&amp;ghsh=0&amp;ghacc=0&amp;ghpl=\">Afghanisches Heroin ist eine Art Opioid<\/a> Afghanisches Heroin ist eine Art Opioid, das aus Schlafmohn gewonnen wird, daher hat es auch einige Nebenwirkungen. Kurzfristige Nebenwirkungen im Zusammenhang mit dem Konsum von afghanischem Heroin k\u00f6nnen eine erh\u00f6hte Herzfrequenz, erh\u00f6hten Blutdruck und Euphoriegef\u00fchle (das Hochgef\u00fchl, das durch den Heroinkonsum entsteht) umfassen. Langfristige Gesundheitsprobleme im Zusammenhang mit dem afghanischen Heroinkonsum k\u00f6nnen Sucht, chronische Hepatitis-C-Infektion (eine potenziell t\u00f6dliche Lebererkrankung), psychische Probleme wie Angstzust\u00e4nde und Depressionen und Tod aufgrund einer \u00dcberdosierung umfassen.<\/p>\n<h3 style=\"text-align: justify;\">Wo kann man afghanisches Heroin online kaufen?<\/h3>\n<p style=\"text-align: justify;\">Suchst du nach\u00a0<a href=\"https:\/\/duckduckgo.com\/?q=Buy+Afghan+Heroin+Online&amp;t=h_&amp;ia=web\"><strong>Bestellen Sie afghanisches Heroin online<\/strong><\/a> das sicher, gesch\u00fctzt und diskret ist? Kaufen Sie es von Narco Powders. Wir haben jahrelange Erfahrung in der Branche und bieten eine breite Palette von Qualit\u00e4tsprodukten an. Sie k\u00f6nnen aus einer Vielzahl von reinen, biologischen und im Labor getesteten Produkten w\u00e4hlen, um die richtige Dosierung f\u00fcr Sie zu finden. Es stehen viele bequeme Zahlungsoptionen zur Verf\u00fcgung, wie Kreditkarten, PayPal und Western Union, die den Kauf erleichtern\u00a0<a href=\"https:\/\/www.bing.com\/search?q=Buy%20Afghan%20Heroin%20Online&amp;qs=n&amp;form=QBRE&amp;sp=-1&amp;lq=0&amp;pq=buy%20afghan%20heroin%20online&amp;sc=0-24&amp;sk=&amp;cvid=6B58336F96224C11B4CFC291185C5A1E&amp;ghsh=0&amp;ghacc=0&amp;ghpl=\"><strong>Afghanischer Heroin Gro\u00dfhandel online<\/strong><\/a>\u00a0einfach und bequem f\u00fcr alle. Bestellen Sie also noch heute das beste afghanische Heroin!<\/p>","protected":false},"excerpt":{"rendered":"<p>Afghanisches Heroin online kaufen Die Ernte von afghanischem Heroin auf den Mohnfeldern ist in vielen L\u00e4ndern illegal, aber das h\u00e4lt die Menschen nicht davon ab, sich diese Droge zu beschaffen. Tats\u00e4chlich geh\u00f6rt afghanisches Heroin zu den beliebtesten Heroinarten auf dem Markt, was zum Teil auf seine intensive euphorische Wirkung zur\u00fcckzuf\u00fchren ist. Wenn Sie auf der Suche nach dem besten afghanischen [...]<\/p>","protected":false},"featured_media":19243,"comment_status":"open","ping_status":"closed","template":"","meta":{"_joinchat":[]},"product_brand":[],"product_cat":[1168],"product_tag":[],"class_list":{"0":"post-19217","1":"product","2":"type-product","3":"status-publish","4":"has-post-thumbnail","6":"product_cat-buy-heroin-online","8":"first","9":"instock","10":"shipping-taxable","11":"purchasable","12":"product-type-variable","13":"has-default-attributes","14":"add-to-wishlist-after_add_to_cart"},"yoast_head":"<!-- This site is optimized with the Yoast SEO plugin v25.9 - https:\/\/yoast.com\/wordpress\/plugins\/seo\/ -->\n<title>Buy Afghan Heroin Online - Afghan Heroin for Sale | NarcoPowders<\/title>\n<meta name=\"description\" content=\"Looking to buy afghan heroin online? Order afghan heroin powder for sale at an affordable prices. Get the highest-purity powder for you.\" \/>\n<meta name=\"robots\" content=\"index, follow, max-snippet:-1, max-image-preview:large, max-video-preview:-1\" \/>\n<link rel=\"canonical\" href=\"https:\/\/narcopowders.com\/de\/produkt\/afghanisches-heroin\/\" \/>\n<meta property=\"og:locale\" content=\"de_DE\" \/>\n<meta property=\"og:type\" content=\"article\" \/>\n<meta property=\"og:title\" content=\"Buy Afghan Heroin Online - Afghan Heroin for Sale | NarcoPowders\" \/>\n<meta property=\"og:description\" content=\"Looking to buy afghan heroin online? Order afghan heroin powder for sale at an affordable prices. Get the highest-purity powder for you.\" \/>\n<meta property=\"og:url\" content=\"https:\/\/narcopowders.com\/de\/produkt\/afghanisches-heroin\/\" \/>\n<meta property=\"og:site_name\" content=\"Narco Powders\" \/>\n<meta property=\"article:modified_time\" content=\"2025-03-25T12:27:06+00:00\" \/>\n<meta property=\"og:image\" content=\"https:\/\/narcopowders.com\/wp-content\/uploads\/2023\/01\/afghan-heroin.jpg\" \/>\n\t<meta property=\"og:image:width\" content=\"600\" \/>\n\t<meta property=\"og:image:height\" content=\"600\" \/>\n\t<meta property=\"og:image:type\" content=\"image\/jpeg\" \/>\n<meta name=\"twitter:card\" content=\"summary_large_image\" \/>\n<meta name=\"twitter:label1\" content=\"Gesch\u00e4tzte Lesezeit\" \/>\n\t<meta name=\"twitter:data1\" content=\"3\u00a0Minuten\" \/>\n<!-- \/ Yoast SEO plugin. -->","yoast_head_json":{"title":"Kaufen Sie afghanisches Heroin online - afghanisches Heroin zum Verkauf | Narco-Pulver","description":"M\u00f6chten Sie afghanisches Heroin online kaufen? Bestellen Sie afghanisches Heroinpulver zum Verkauf zu erschwinglichen Preisen. Holen Sie sich das Pulver mit der h\u00f6chsten Reinheit f\u00fcr Sie.","robots":{"index":"index","follow":"follow","max-snippet":"max-snippet:-1","max-image-preview":"max-image-preview:large","max-video-preview":"max-video-preview:-1"},"canonical":"https:\/\/narcopowders.com\/de\/produkt\/afghanisches-heroin\/","og_locale":"de_DE","og_type":"article","og_title":"Buy Afghan Heroin Online - Afghan Heroin for Sale | NarcoPowders","og_description":"Looking to buy afghan heroin online? Order afghan heroin powder for sale at an affordable prices. Get the highest-purity powder for you.","og_url":"https:\/\/narcopowders.com\/de\/produkt\/afghanisches-heroin\/","og_site_name":"Narco Powders","article_modified_time":"2025-03-25T12:27:06+00:00","og_image":[{"width":600,"height":600,"url":"https:\/\/narcopowders.com\/wp-content\/uploads\/2023\/01\/afghan-heroin.jpg","type":"image\/jpeg"}],"twitter_card":"summary_large_image","twitter_misc":{"Gesch\u00e4tzte Lesezeit":"3\u00a0Minuten"},"schema":{"@context":"https:\/\/schema.org","@graph":[{"@type":"WebPage","@id":"https:\/\/narcopowders.com\/product\/afghan-heroin\/","url":"https:\/\/narcopowders.com\/product\/afghan-heroin\/","name":"Kaufen Sie afghanisches Heroin online - afghanisches Heroin zum Verkauf | Narco-Pulver","isPartOf":{"@id":"https:\/\/narcopowders.com\/#website"},"primaryImageOfPage":{"@id":"https:\/\/narcopowders.com\/product\/afghan-heroin\/#primaryimage"},"image":{"@id":"https:\/\/narcopowders.com\/product\/afghan-heroin\/#primaryimage"},"thumbnailUrl":"https:\/\/narcopowders.com\/wp-content\/uploads\/2023\/01\/afghan-heroin.jpg","datePublished":"2023-01-03T09:19:42+00:00","dateModified":"2025-03-25T12:27:06+00:00","description":"M\u00f6chten Sie afghanisches Heroin online kaufen? Bestellen Sie afghanisches Heroinpulver zum Verkauf zu erschwinglichen Preisen. Holen Sie sich das Pulver mit der h\u00f6chsten Reinheit f\u00fcr Sie.","breadcrumb":{"@id":"https:\/\/narcopowders.com\/product\/afghan-heroin\/#breadcrumb"},"inLanguage":"de","potentialAction":[{"@type":"ReadAction","target":["https:\/\/narcopowders.com\/product\/afghan-heroin\/"]}]},{"@type":"ImageObject","inLanguage":"de","@id":"https:\/\/narcopowders.com\/product\/afghan-heroin\/#primaryimage","url":"https:\/\/narcopowders.com\/wp-content\/uploads\/2023\/01\/afghan-heroin.jpg","contentUrl":"https:\/\/narcopowders.com\/wp-content\/uploads\/2023\/01\/afghan-heroin.jpg","width":600,"height":600,"caption":"Buy Afghan Heroin Online"},{"@type":"BreadcrumbList","@id":"https:\/\/narcopowders.com\/product\/afghan-heroin\/#breadcrumb","itemListElement":[{"@type":"ListItem","position":1,"name":"Home","item":"https:\/\/narcopowders.com\/"},{"@type":"ListItem","position":2,"name":"Shop Page","item":"https:\/\/narcopowders.com\/shop\/"},{"@type":"ListItem","position":3,"name":"Afghan Heroin"}]},{"@type":"WebSite","@id":"https:\/\/narcopowders.com\/#website","url":"https:\/\/narcopowders.com\/","name":"Narco-Pulver","description":"Mein WordPress-Blog","potentialAction":[{"@type":"SearchAction","target":{"@type":"EntryPoint","urlTemplate":"https:\/\/narcopowders.com\/?s={search_term_string}"},"query-input":{"@type":"PropertyValueSpecification","valueRequired":true,"valueName":"search_term_string"}}],"inLanguage":"de"}]}},"_links":{"self":[{"href":"https:\/\/narcopowders.com\/de\/wp-json\/wp\/v2\/product\/19217","targetHints":{"allow":["GET"]}}],"collection":[{"href":"https:\/\/narcopowders.com\/de\/wp-json\/wp\/v2\/product"}],"about":[{"href":"https:\/\/narcopowders.com\/de\/wp-json\/wp\/v2\/types\/product"}],"replies":[{"embeddable":true,"href":"https:\/\/narcopowders.com\/de\/wp-json\/wp\/v2\/comments?post=19217"}],"wp:featuredmedia":[{"embeddable":true,"href":"https:\/\/narcopowders.com\/de\/wp-json\/wp\/v2\/media\/19243"}],"wp:attachment":[{"href":"https:\/\/narcopowders.com\/de\/wp-json\/wp\/v2\/media?parent=19217"}],"wp:term":[{"taxonomy":"product_brand","embeddable":true,"href":"https:\/\/narcopowders.com\/de\/wp-json\/wp\/v2\/product_brand?post=19217"},{"taxonomy":"product_cat","embeddable":true,"href":"https:\/\/narcopowders.com\/de\/wp-json\/wp\/v2\/product_cat?post=19217"},{"taxonomy":"product_tag","embeddable":true,"href":"https:\/\/narcopowders.com\/de\/wp-json\/wp\/v2\/product_tag?post=19217"}],"curies":[{"name":"wp","href":"https:\/\/api.w.org\/{rel}","templated":true}]}}