{"id":19218,"date":"2023-01-03T09:19:24","date_gmt":"2023-01-03T09:19:24","guid":{"rendered":"https:\/\/narcopowders.com\/?post_type=product&#038;p=19218"},"modified":"2025-03-25T12:33:41","modified_gmt":"2025-03-25T12:33:41","slug":"china-white-heroin","status":"publish","type":"product","link":"https:\/\/narcopowders.com\/de\/produkt\/china-weises-heroin\/","title":{"rendered":"Kaufen Sie wei\u00dfes Heroin aus China online"},"content":{"rendered":"<h2 style=\"text-align: justify;\">Kaufen Sie wei\u00dfes Heroin aus China online<\/h2>\n<p style=\"text-align: justify;\">Die Opioid-Epidemie richtet in Deutschland und auf der ganzen Welt Chaos an. Als Reaktion darauf suchen viele Menschen nach M\u00f6glichkeiten, Zugang zu starkem, reinem Heroin zu erhalten, ohne sich mit zwielichtigen Stra\u00dfendealern herumschlagen zu m\u00fcssen. Gl\u00fccklicherweise gibt es eine gro\u00dfartige Option in Form von wei\u00dfem Heroin aus China. Also, wenn Sie es auch vorhaben <a href=\"https:\/\/en.wikipedia.org\/wiki\/Heroin\">China white heroin<\/a>Wenn Sie es vorhaben\u00a0<a href=\"https:\/\/narcopowders.com\/de\/produkt\/china-weises-heroin\/\"><strong>Chinesisches wei\u00dfes Heroin online kaufen<\/strong><\/a>, erledigen Sie es direkt bei <a href=\"https:\/\/narcopowders.com\/de\/\">Narco-Pulver<\/a>.<\/p>\n<h3 style=\"text-align: justify;\">Wie wird China White Heroin hergestellt?<\/h3>\n<p style=\"text-align: justify;\"><a href=\"https:\/\/www.bing.com\/search?q=Buy%20China%20White%20Heroin%20Online&amp;qs=n&amp;form=QBRE&amp;sp=-1&amp;lq=0&amp;pq=buy%20china%20white%20heroin%20online&amp;sc=0-29&amp;sk=&amp;cvid=28E8386036E745749A9FBCADDC566C1F&amp;ghsh=0&amp;ghacc=0&amp;ghpl=\">China white heroin<\/a> Wei\u00dfes Heroin aus China ist in der Regel weniger stark als andere Heroinarten und kann zu einem niedrigeren Preis verkauft werden. Der Herstellungsprozess von wei\u00dfem Heroin aus China ist komplex und umfasst mehrere Schritte. <a href=\"https:\/\/www.google.com\/search?q=Buy+China+White+Heroin+Online&amp;num=10&amp;sca_esv=1a2a07081c7891bb&amp;rlz=1C1RXQR_enIN1098IN1098&amp;sxsrf=AHTn8zrgE7FrmNwSGqFsR_aJD8gWxreCYA%3A1741685668457&amp;ei=pAPQZ9fQG9WZvr0PmoCWiAk&amp;ved=0ahUKEwjXstDc3IGMAxXVjK8BHRqABZEQ4dUDCBA&amp;uact=5&amp;oq=Buy+China+White+Heroin+Online&amp;gs_lp=Egxnd3Mtd2l6LXNlcnAiHUJ1eSBDaGluYSBXaGl0ZSBIZXJvaW4gT25saW5lSIYIUNUDWNUDcAN4AJABAJgBtAGgAbQBqgEDMC4xuAEDyAEA-AEC-AEBmAIAoAIAmAMAiAYBkgcAoAdR&amp;sclient=gws-wiz-serp\">China white heroin<\/a> ist komplex und umfasst mehrere verschiedene Schritte.<\/p>\n<p style=\"text-align: justify;\">Erstens stammen die Rohstoffe \u2013 typischerweise Opium \u2013 aus Afghanistan oder Pakistan. Dann wird das Opium unter Verwendung von Kalt- oder Vakuumbacktechniken zu Morphin verarbeitet. Dieser Prozess macht es viel schwieriger, Morphin zu entdecken und zu verwenden, was es f\u00fcr Drogendealer w\u00fcnschenswerter macht.<\/p>\n<p style=\"text-align: justify;\">To\u00a0<a href=\"https:\/\/www.google.com\/search?q=Buy+China+White+Heroin+Online&amp;num=10&amp;sca_esv=1a2a07081c7891bb&amp;rlz=1C1RXQR_enIN1098IN1098&amp;sxsrf=AHTn8zrgE7FrmNwSGqFsR_aJD8gWxreCYA%3A1741685668457&amp;ei=pAPQZ9fQG9WZvr0PmoCWiAk&amp;ved=0ahUKEwjXstDc3IGMAxXVjK8BHRqABZEQ4dUDCBA&amp;uact=5&amp;oq=Buy+China+White+Heroin+Online&amp;gs_lp=Egxnd3Mtd2l6LXNlcnAiHUJ1eSBDaGluYSBXaGl0ZSBIZXJvaW4gT25saW5lSIYIUNUDWNUDcAN4AJABAJgBtAGgAbQBqgEDMC4xuAEDyAEA-AEC-AEBmAIAoAIAmAMAiAYBkgcAoAdR&amp;sclient=gws-wiz-serp\">Bestellen Sie wei\u00dfes Heroin aus China online<\/a> von Narco Powders k\u00f6nnen Sie durch die verschiedenen Arten von <a href=\"https:\/\/www.bing.com\/search?q=Buy%20China%20White%20Heroin%20Online&amp;qs=n&amp;form=QBRE&amp;sp=-1&amp;lq=0&amp;pq=buy%20china%20white%20heroin%20online&amp;sc=0-29&amp;sk=&amp;cvid=28E8386036E745749A9FBCADDC566C1F&amp;ghsh=0&amp;ghacc=0&amp;ghpl=\">China White heroin<\/a> Um wei\u00dfes chinesisches Heroin online bei Narco Powders zu bestellen, k\u00f6nnen Sie die verschiedenen Arten von wei\u00dfem chinesischem Heroin durchsuchen, die auf der Website erh\u00e4ltlich sind, und die Dosis ausw\u00e4hlen, die Sie kaufen m\u00f6chten. Lesen Sie vor dem Kauf unbedingt die Sicherheitsinformationen, damit Sie wissen, welche Vorsichtsma\u00dfnahmen Sie bei der Anwendung dieses Arzneimittels treffen m\u00fcssen.<\/p>\n<h3 style=\"text-align: justify;\">Vorteile von China White Heroin<\/h3>\n<p style=\"text-align: justify;\"><a href=\"https:\/\/duckduckgo.com\/?q=Buy+China+White+Heroin+Online&amp;t=h_&amp;ia=web\">China white heroin<\/a> Wei\u00dfes Heroin aus China ist eine hochwirksame und hochwertige Heroinform, die exklusiv online bei Narco Powder erh\u00e4ltlich ist. Im Gegensatz zu anderen Arten von Heroin, die mit anderen Substanzen gemischt werden k\u00f6nnen, um die Potenz zu steigern und verschiedene Arten von Drogen herzustellen, ist wei\u00dfes Heroin aus China von Kauf zu Kauf rein und konsistent. Dies bedeutet, dass Sie jedes Mal, wenn Sie es einnehmen, die gleichen starken Wirkungen erzielen, unabh\u00e4ngig davon, was sich sonst noch in Ihrem System befindet.<\/p>\n<p style=\"text-align: justify;\">Wei\u00dfes Heroin aus China ist eine gro\u00dfartige Option f\u00fcr diejenigen, die ein starkes High ohne unangenehme Nebenwirkungen oder Risiken im Zusammenhang mit anderen Opioiden wie Fentanyl oder Drogen auf Morphinbasis suchen. Es ist leicht zu finden und zu kaufen <a href=\"https:\/\/duckduckgo.com\/?q=Buy+China+White+Heroin+Online&amp;t=h_&amp;ia=web\"><strong>buy<\/strong>\u00a0<\/a><strong><a href=\"https:\/\/duckduckgo.com\/?q=Buy+China+White+Heroin+Online&amp;t=h_&amp;ia=web\">Wei\u00dfes Heroin aus China zum Verkauf<\/a>\u00a0<\/strong>bei Narco Powders, also warten Sie nicht l\u00e4nger.<\/p>\n<h3 style=\"text-align: justify;\">Nebenwirkungen von China White Heroin<\/h3>\n<p style=\"text-align: justify;\">China White Heroin kann schwerwiegende Nebenwirkungen haben, daher ist es wichtig, sich der Gefahren bewusst zu sein, bevor es verwendet wird. H\u00e4ufige Nebenwirkungen sind \u00dcbelkeit, Schwindel, Kopfschmerzen, Verwirrtheit, Reizbarkeit und Angstzust\u00e4nde. Wenn es im \u00dcberma\u00df und \u00fcber einen l\u00e4ngeren Zeitraum eingenommen wird, kann China White Heroin stark s\u00fcchtig machen und zu weiteren schwerwiegenden Folgen f\u00fchren.<\/p>\n<h3 style=\"text-align: justify;\">Wo kann man wei\u00dfes Heroin aus China online kaufen?<\/h3>\n<p style=\"text-align: justify;\">Wei\u00dfes Heroin aus China ist eine starke und gef\u00e4hrliche Substanz. Es kann euphorische Wirkungen sowie viele potenzielle Gesundheitsrisiken haben. Die Produktionsmethoden f\u00fcr dieses Medikament k\u00f6nnen je nach Lieferant und seinen Ressourcen von roh bis anspruchsvoll reichen. Es ist wichtig, sich der Risiken bewusst zu sein, die mit der Verwendung dieses Medikaments verbunden sind, und es nur von einer seri\u00f6sen Quelle wie Narco Powders zu kaufen. Wir halten uns an die Sicherheitsprotokolle und liefern es in k\u00fcrzester Zeit an Ihre Haust\u00fcr.<\/p>","protected":false},"excerpt":{"rendered":"<p>Buy China White Heroin Online The opioid epidemic is causing havoc in the United States and around the world. In response, many people are looking for ways to get access to powerful, pure heroin that doesn&#8217;t involve dealing with sketchy street dealers. Fortunately, there&#8217;s a great option available in the form of China white heroin. [&hellip;]<\/p>","protected":false},"featured_media":19242,"comment_status":"open","ping_status":"closed","template":"","meta":{"_joinchat":[]},"product_brand":[],"product_cat":[1168],"product_tag":[],"class_list":{"0":"post-19218","1":"product","2":"type-product","3":"status-publish","4":"has-post-thumbnail","6":"product_cat-buy-heroin-online","8":"first","9":"instock","10":"shipping-taxable","11":"purchasable","12":"product-type-variable","13":"add-to-wishlist-after_add_to_cart"},"yoast_head":"<!-- This site is optimized with the Yoast SEO plugin v25.9 - https:\/\/yoast.com\/wordpress\/plugins\/seo\/ -->\n<title>Buy China White Heroin Online - China White Heroin for Sale<\/title>\n<meta name=\"description\" content=\"Buy china white heroin online from our reliable store narcopowders.com. We offer the china white heroin for sale with discreet shipping service.\" \/>\n<meta name=\"robots\" content=\"index, follow, max-snippet:-1, max-image-preview:large, max-video-preview:-1\" \/>\n<link rel=\"canonical\" href=\"https:\/\/narcopowders.com\/de\/produkt\/china-weises-heroin\/\" \/>\n<meta property=\"og:locale\" content=\"de_DE\" \/>\n<meta property=\"og:type\" content=\"article\" \/>\n<meta property=\"og:title\" content=\"Buy China White Heroin Online - China White Heroin for Sale\" \/>\n<meta property=\"og:description\" content=\"Buy china white heroin online from our reliable store narcopowders.com. We offer the china white heroin for sale with discreet shipping service.\" \/>\n<meta property=\"og:url\" content=\"https:\/\/narcopowders.com\/de\/produkt\/china-weises-heroin\/\" \/>\n<meta property=\"og:site_name\" content=\"Narco Powders\" \/>\n<meta property=\"article:modified_time\" content=\"2025-03-25T12:33:41+00:00\" \/>\n<meta property=\"og:image\" content=\"https:\/\/narcopowders.com\/wp-content\/uploads\/2023\/01\/china-white-heroin.jpg\" \/>\n\t<meta property=\"og:image:width\" content=\"600\" \/>\n\t<meta property=\"og:image:height\" content=\"600\" \/>\n\t<meta property=\"og:image:type\" content=\"image\/jpeg\" \/>\n<meta name=\"twitter:card\" content=\"summary_large_image\" \/>\n<meta name=\"twitter:label1\" content=\"Gesch\u00e4tzte Lesezeit\" \/>\n\t<meta name=\"twitter:data1\" content=\"3\u00a0Minuten\" \/>\n<!-- \/ Yoast SEO plugin. -->","yoast_head_json":{"title":"Buy China White Heroin Online - China White Heroin for Sale","description":"Kaufen china white heroin online von unserem zuverl\u00e4ssigen Shop narcopowders.com. Wir bieten das Porzellan wei\u00dfes Heroin zum Verkauf mit diskreten Versand-Service.","robots":{"index":"index","follow":"follow","max-snippet":"max-snippet:-1","max-image-preview":"max-image-preview:large","max-video-preview":"max-video-preview:-1"},"canonical":"https:\/\/narcopowders.com\/de\/produkt\/china-weises-heroin\/","og_locale":"de_DE","og_type":"article","og_title":"Buy China White Heroin Online - China White Heroin for Sale","og_description":"Buy china white heroin online from our reliable store narcopowders.com. We offer the china white heroin for sale with discreet shipping service.","og_url":"https:\/\/narcopowders.com\/de\/produkt\/china-weises-heroin\/","og_site_name":"Narco Powders","article_modified_time":"2025-03-25T12:33:41+00:00","og_image":[{"width":600,"height":600,"url":"https:\/\/narcopowders.com\/wp-content\/uploads\/2023\/01\/china-white-heroin.jpg","type":"image\/jpeg"}],"twitter_card":"summary_large_image","twitter_misc":{"Gesch\u00e4tzte Lesezeit":"3\u00a0Minuten"},"schema":{"@context":"https:\/\/schema.org","@graph":[{"@type":"WebPage","@id":"https:\/\/narcopowders.com\/product\/china-white-heroin\/","url":"https:\/\/narcopowders.com\/product\/china-white-heroin\/","name":"Buy China White Heroin Online - China White Heroin for Sale","isPartOf":{"@id":"https:\/\/narcopowders.com\/#website"},"primaryImageOfPage":{"@id":"https:\/\/narcopowders.com\/product\/china-white-heroin\/#primaryimage"},"image":{"@id":"https:\/\/narcopowders.com\/product\/china-white-heroin\/#primaryimage"},"thumbnailUrl":"https:\/\/narcopowders.com\/wp-content\/uploads\/2023\/01\/china-white-heroin.jpg","datePublished":"2023-01-03T09:19:24+00:00","dateModified":"2025-03-25T12:33:41+00:00","description":"Kaufen china white heroin online von unserem zuverl\u00e4ssigen Shop narcopowders.com. Wir bieten das Porzellan wei\u00dfes Heroin zum Verkauf mit diskreten Versand-Service.","breadcrumb":{"@id":"https:\/\/narcopowders.com\/product\/china-white-heroin\/#breadcrumb"},"inLanguage":"de","potentialAction":[{"@type":"ReadAction","target":["https:\/\/narcopowders.com\/product\/china-white-heroin\/"]}]},{"@type":"ImageObject","inLanguage":"de","@id":"https:\/\/narcopowders.com\/product\/china-white-heroin\/#primaryimage","url":"https:\/\/narcopowders.com\/wp-content\/uploads\/2023\/01\/china-white-heroin.jpg","contentUrl":"https:\/\/narcopowders.com\/wp-content\/uploads\/2023\/01\/china-white-heroin.jpg","width":600,"height":600,"caption":"Buy China White Heroin Online"},{"@type":"BreadcrumbList","@id":"https:\/\/narcopowders.com\/product\/china-white-heroin\/#breadcrumb","itemListElement":[{"@type":"ListItem","position":1,"name":"Home","item":"https:\/\/narcopowders.com\/"},{"@type":"ListItem","position":2,"name":"Shop Page","item":"https:\/\/narcopowders.com\/shop\/"},{"@type":"ListItem","position":3,"name":"Buy China White Heroin Online"}]},{"@type":"WebSite","@id":"https:\/\/narcopowders.com\/#website","url":"https:\/\/narcopowders.com\/","name":"Narco-Pulver","description":"Mein WordPress-Blog","potentialAction":[{"@type":"SearchAction","target":{"@type":"EntryPoint","urlTemplate":"https:\/\/narcopowders.com\/?s={search_term_string}"},"query-input":{"@type":"PropertyValueSpecification","valueRequired":true,"valueName":"search_term_string"}}],"inLanguage":"de"}]}},"_links":{"self":[{"href":"https:\/\/narcopowders.com\/de\/wp-json\/wp\/v2\/product\/19218","targetHints":{"allow":["GET"]}}],"collection":[{"href":"https:\/\/narcopowders.com\/de\/wp-json\/wp\/v2\/product"}],"about":[{"href":"https:\/\/narcopowders.com\/de\/wp-json\/wp\/v2\/types\/product"}],"replies":[{"embeddable":true,"href":"https:\/\/narcopowders.com\/de\/wp-json\/wp\/v2\/comments?post=19218"}],"wp:featuredmedia":[{"embeddable":true,"href":"https:\/\/narcopowders.com\/de\/wp-json\/wp\/v2\/media\/19242"}],"wp:attachment":[{"href":"https:\/\/narcopowders.com\/de\/wp-json\/wp\/v2\/media?parent=19218"}],"wp:term":[{"taxonomy":"product_brand","embeddable":true,"href":"https:\/\/narcopowders.com\/de\/wp-json\/wp\/v2\/product_brand?post=19218"},{"taxonomy":"product_cat","embeddable":true,"href":"https:\/\/narcopowders.com\/de\/wp-json\/wp\/v2\/product_cat?post=19218"},{"taxonomy":"product_tag","embeddable":true,"href":"https:\/\/narcopowders.com\/de\/wp-json\/wp\/v2\/product_tag?post=19218"}],"curies":[{"name":"wp","href":"https:\/\/api.w.org\/{rel}","templated":true}]}}