{"id":19449,"date":"2023-07-29T08:09:11","date_gmt":"2023-07-29T08:09:11","guid":{"rendered":"https:\/\/narcopowders.com\/?post_type=product&#038;p=19449"},"modified":"2025-09-25T07:53:14","modified_gmt":"2025-09-25T07:53:14","slug":"buy-ketamine-anasket-powder","status":"publish","type":"product","link":"https:\/\/narcopowders.com\/de\/produkt\/kaufen-ketamin-anasket-pulver\/","title":{"rendered":"Ketamin Anasket Pulver kaufen"},"content":{"rendered":"<h2>Ketamin Anasket Pulver kaufen<\/h2>\n<p><strong>Kaufen Top Qualit\u00e4t Anesket 1000mg\/10ml Online. Anesket 1000mg\/10ml zu verkaufen.<\/strong><\/p>\n<p><a href=\"https:\/\/narcopowders.com\/de\/produkt\/kaufen-ketamin-anasket-pulver\/\">Kaufen Sie Ketamin Narkosepulver.<\/a> Eines der wichtigsten Dinge, die wir hier tun, ist das Angebot <a href=\"https:\/\/narcopowders.com\/de\/\">anaesthetic for sale<\/a>Kauf von Ketamin-Narkosepulver Eine unserer Hauptaufgaben ist es, Narkosemittel zum Verkauf anzubieten. Daher verkaufen oder liefern wir Anesket sowohl mit als auch ohne Rezept. Online-K\u00e4ufer aus der ganzen Welt k\u00f6nnen Anesket mit oder ohne Rezept kaufen. Aber dieses Medikament verh\u00e4lt sich \u00e4hnlich wie Ketamin. Es wird eingesetzt, um einen Patienten bei komplizierten Operationen zu sedieren. Folglich geh\u00f6rt es zum gleichen Zweig der Medizin, der als An\u00e4sthesie bekannt ist. <a href=\"https:\/\/en.wikipedia.org\/wiki\/Ketamine\">anaesthesia<\/a>.<\/p>\n<p>Die Droge wird in einer farblosen Ampulle geliefert und ist aufgrund ihrer beruhigenden und halluzinogenen Wirkung extrem wirksam. In den meisten L\u00e4ndern der Welt <a href=\"https:\/\/www.google.com\/search?q=Buy+Ketamine+Anasket+Powder+online&amp;sca_esv=7d1b82273738a5db&amp;sxsrf=AHTn8zo54tGqkU6L_8OjZ_3jVKesgfLYSA%3A1742907629164&amp;ei=7ajiZ9DZCbmvseMPy4fciQ8&amp;ved=0ahUKEwiQhPPwpKWMAxW5V2wGHcsDN_EQ4dUDCA8&amp;uact=5&amp;oq=Buy+Ketamine+Anasket+Powder+online&amp;gs_lp=Egxnd3Mtd2l6LXNlcnAiIkJ1eSBLZXRhbWluZSBBbmFza2V0IFBvd2RlciBvbmxpbmVIyQZQuQRYuQRwAXgAkAEAmAHeAaAB3gGqAQMyLTG4AQPIAQD4AQH4AQKYAgGgAgqoAhTCAgcQIxgnGOoCwgIQEAAYAxi0AhjqAhiPAdgBAcICEBAuGAMYtAIY6gIYjwHYAQGYAwrxBbaSxbb4_RXLugYGCAEQARgKkgcBMaAH4wGyBwC4BwA&amp;sclient=gws-wiz-serp\">anesket is frequently used as a muscle relaxant<\/a>. Das Medikament kann besonders n\u00fctzlich bei der Behandlung von Schmerzen, Depressionen und einer Reihe anderer Erkrankungen sein. <a href=\"https:\/\/www.bing.com\/search?q=Buy%20Ketamine%20Anasket%20Powder%20online&amp;qs=n&amp;form=QBRE&amp;sp=-1&amp;lq=0&amp;pq=buy%20ketamine%20anasket%20powder%20online&amp;sc=0-34&amp;sk=&amp;cvid=B1808501B839429CA847B791ED920727&amp;ghsh=0&amp;ghacc=0&amp;ghpl=\">used as a sedative or anaesthesia<\/a>. Rezeptfreie An\u00e4sthesiespritze<\/p>\n<p><a href=\"https:\/\/www.google.com\/search?q=Buy+Ketamine+Anasket+Powder+online&amp;sca_esv=7d1b82273738a5db&amp;sxsrf=AHTn8zo54tGqkU6L_8OjZ_3jVKesgfLYSA%3A1742907629164&amp;ei=7ajiZ9DZCbmvseMPy4fciQ8&amp;ved=0ahUKEwiQhPPwpKWMAxW5V2wGHcsDN_EQ4dUDCA8&amp;uact=5&amp;oq=Buy+Ketamine+Anasket+Powder+online&amp;gs_lp=Egxnd3Mtd2l6LXNlcnAiIkJ1eSBLZXRhbWluZSBBbmFza2V0IFBvd2RlciBvbmxpbmVIyQZQuQRYuQRwAXgAkAEAmAHeAaAB3gGqAQMyLTG4AQPIAQD4AQH4AQKYAgGgAgqoAhTCAgcQIxgnGOoCwgIQEAAYAxi0AhjqAhiPAdgBAcICEBAuGAMYtAIY6gIYjwHYAQGYAwrxBbaSxbb4_RXLugYGCAEQARgKkgcBMaAH4wGyBwC4BwA&amp;sclient=gws-wiz-serp\">Anesket 1000mg-10ml Solution<\/a> | Anesket-Injektion, ohne Rezept | <a href=\"https:\/\/duckduckgo.com\/?q=Buy+Ketamine+Anasket+Powder+online&amp;t=h_&amp;ia=web\">Discreet Online Ketamine Purchase Near Me<\/a><\/p>\n<h3>Best Grade ANESKET 1000MG-10ML SOLUTION anzubieten ist das, was wir tun.<\/h3>\n<p>Durch das Angebot von ANESKET 1000MG-10ML SOLUTION in hervorragender Qualit\u00e4t haben wir uns in diesem Bereich eine herausragende Position erarbeitet.<\/p>\n<p>An\u00e4sthesie-Injektionen k\u00f6nnen allein oder in Kombination mit anderen Medikamenten verabreicht werden, um vor und w\u00e4hrend Operationen oder anderen medizinischen Eingriffen Bewusstlosigkeit herbeizuf\u00fchren. Es geh\u00f6rt zu der Klasse von Medikamenten, die als Allgemeinan\u00e4sthetika bekannt sind. 1000mg\/10ml An\u00e4sthetikum legal. Zu verkaufen: Ketamin Injektion. <a href=\"https:\/\/duckduckgo.com\/?q=Buy+Ketamine+Anasket+Powder+online&amp;t=h_&amp;ia=web\">Kaufen Sie Ketamin Narkosepulver.<\/a>.<\/p>\n<p>Nur medizinisches Fachpersonal, das in der Anwendung von Anesket geschult ist, darf Narkosemittel verabreichen, und zwar unter seiner direkten Aufsicht. Ihr Arzt oder An\u00e4sthesist wird Ihnen Anesket verabreichen, wenn Sie es w\u00e4hrend eines chirurgischen Eingriffs ben\u00f6tigen, und wird Ihre Fortschritte genau \u00fcberwachen.Anaesthetic 1000mg\/10ml legal.Purchase ketamine anaesthetic powder<a href=\"https:\/\/www.bing.com\/search?q=Buy%20Ketamine%20Anasket%20Powder%20online&amp;qs=n&amp;form=QBRE&amp;sp=-1&amp;lq=0&amp;pq=buy%20ketamine%20anasket%20powder%20online&amp;sc=0-34&amp;sk=&amp;cvid=B1808501B839429CA847B791ED920727&amp;ghsh=0&amp;ghacc=0&amp;ghpl=\">Kaufen Sie Ketamin Narkosepulver.<\/a><\/p>","protected":false},"excerpt":{"rendered":"<p>Buy Ketamine Anasket Powder Buy Top Quality Anesket 1000mg\/10ml Online. Anesket 1000mg\/10ml for sale. Purchase ketamine anaesthetic powder One of the main things we do here is offer anaesthetic for sale. As a result, we sell or supply anesket both with and without a prescription. Online shoppers from all around the world can purchase Anesket [&hellip;]<\/p>","protected":false},"featured_media":19564,"comment_status":"open","ping_status":"closed","template":"","meta":{"_joinchat":[]},"product_brand":[],"product_cat":[1325],"product_tag":[],"class_list":{"0":"post-19449","1":"product","2":"type-product","3":"status-publish","4":"has-post-thumbnail","6":"product_cat-buy-ketamine-online","8":"first","9":"instock","10":"shipping-taxable","11":"purchasable","12":"product-type-variable","13":"add-to-wishlist-after_add_to_cart"},"yoast_head":"<!-- This site is optimized with the Yoast SEO plugin v27.5 - https:\/\/yoast.com\/product\/yoast-seo-wordpress\/ -->\n<title>Buy Ketamine Anasket Powder - Narco Powders<\/title>\n<meta name=\"robots\" content=\"index, follow, max-snippet:-1, max-image-preview:large, max-video-preview:-1\" \/>\n<link rel=\"canonical\" href=\"https:\/\/narcopowders.com\/de\/produkt\/kaufen-ketamin-anasket-pulver\/\" \/>\n<meta property=\"og:locale\" content=\"de_DE\" \/>\n<meta property=\"og:type\" content=\"article\" \/>\n<meta property=\"og:title\" content=\"Buy Ketamine Anasket Powder - Narco Powders\" \/>\n<meta property=\"og:description\" content=\"Buy Ketamine Anasket Powder Buy Top Quality Anesket 1000mg\/10ml Online. Anesket 1000mg\/10ml for sale. Purchase ketamine anaesthetic powder One of the main things we do here is offer anaesthetic for sale. As a result, we sell or supply anesket both with and without a prescription. Online shoppers from all around the world can purchase Anesket [&hellip;]\" \/>\n<meta property=\"og:url\" content=\"https:\/\/narcopowders.com\/de\/produkt\/kaufen-ketamin-anasket-pulver\/\" \/>\n<meta property=\"og:site_name\" content=\"Narco Powders\" \/>\n<meta property=\"article:modified_time\" content=\"2025-09-25T07:53:14+00:00\" \/>\n<meta property=\"og:image\" content=\"https:\/\/narcopowders.com\/wp-content\/uploads\/2023\/07\/Buy-Ketamine-Powder.jpg\" \/>\n\t<meta property=\"og:image:width\" content=\"600\" \/>\n\t<meta property=\"og:image:height\" content=\"600\" \/>\n\t<meta property=\"og:image:type\" content=\"image\/jpeg\" \/>\n<meta name=\"twitter:card\" content=\"summary_large_image\" \/>\n<meta name=\"twitter:label1\" content=\"Gesch\u00e4tzte Lesezeit\" \/>\n\t<meta name=\"twitter:data1\" content=\"2\u00a0Minuten\" \/>\n<!-- \/ Yoast SEO plugin. -->","yoast_head_json":{"title":"Ketamin Anasket Pulver kaufen - Narkopulver","robots":{"index":"index","follow":"follow","max-snippet":"max-snippet:-1","max-image-preview":"max-image-preview:large","max-video-preview":"max-video-preview:-1"},"canonical":"https:\/\/narcopowders.com\/de\/produkt\/kaufen-ketamin-anasket-pulver\/","og_locale":"de_DE","og_type":"article","og_title":"Buy Ketamine Anasket Powder - Narco Powders","og_description":"Buy Ketamine Anasket Powder Buy Top Quality Anesket 1000mg\/10ml Online. Anesket 1000mg\/10ml for sale. Purchase ketamine anaesthetic powder One of the main things we do here is offer anaesthetic for sale. As a result, we sell or supply anesket both with and without a prescription. Online shoppers from all around the world can purchase Anesket [&hellip;]","og_url":"https:\/\/narcopowders.com\/de\/produkt\/kaufen-ketamin-anasket-pulver\/","og_site_name":"Narco Powders","article_modified_time":"2025-09-25T07:53:14+00:00","og_image":[{"width":600,"height":600,"url":"https:\/\/narcopowders.com\/wp-content\/uploads\/2023\/07\/Buy-Ketamine-Powder.jpg","type":"image\/jpeg"}],"twitter_card":"summary_large_image","twitter_misc":{"Gesch\u00e4tzte Lesezeit":"2\u00a0Minuten"},"schema":{"@context":"https:\/\/schema.org","@graph":[{"@type":"WebPage","@id":"https:\/\/narcopowders.com\/product\/buy-ketamine-anasket-powder\/","url":"https:\/\/narcopowders.com\/product\/buy-ketamine-anasket-powder\/","name":"Ketamin Anasket Pulver kaufen - Narkopulver","isPartOf":{"@id":"https:\/\/narcopowders.com\/#website"},"primaryImageOfPage":{"@id":"https:\/\/narcopowders.com\/product\/buy-ketamine-anasket-powder\/#primaryimage"},"image":{"@id":"https:\/\/narcopowders.com\/product\/buy-ketamine-anasket-powder\/#primaryimage"},"thumbnailUrl":"https:\/\/narcopowders.com\/wp-content\/uploads\/2023\/07\/Buy-Ketamine-Powder.jpg","datePublished":"2023-07-29T08:09:11+00:00","dateModified":"2025-09-25T07:53:14+00:00","breadcrumb":{"@id":"https:\/\/narcopowders.com\/product\/buy-ketamine-anasket-powder\/#breadcrumb"},"inLanguage":"de","potentialAction":[{"@type":"ReadAction","target":["https:\/\/narcopowders.com\/product\/buy-ketamine-anasket-powder\/"]}]},{"@type":"ImageObject","inLanguage":"de","@id":"https:\/\/narcopowders.com\/product\/buy-ketamine-anasket-powder\/#primaryimage","url":"https:\/\/narcopowders.com\/wp-content\/uploads\/2023\/07\/Buy-Ketamine-Powder.jpg","contentUrl":"https:\/\/narcopowders.com\/wp-content\/uploads\/2023\/07\/Buy-Ketamine-Powder.jpg","width":600,"height":600,"caption":"Buy-Ketamine-Powder online"},{"@type":"BreadcrumbList","@id":"https:\/\/narcopowders.com\/product\/buy-ketamine-anasket-powder\/#breadcrumb","itemListElement":[{"@type":"ListItem","position":1,"name":"Home","item":"https:\/\/narcopowders.com\/"},{"@type":"ListItem","position":2,"name":"Shop Page","item":"https:\/\/narcopowders.com\/shop\/"},{"@type":"ListItem","position":3,"name":"Buy Ketamine Anasket Powder"}]},{"@type":"WebSite","@id":"https:\/\/narcopowders.com\/#website","url":"https:\/\/narcopowders.com\/","name":"Narco-Pulver","description":"Mein WordPress-Blog","potentialAction":[{"@type":"SearchAction","target":{"@type":"EntryPoint","urlTemplate":"https:\/\/narcopowders.com\/?s={search_term_string}"},"query-input":{"@type":"PropertyValueSpecification","valueRequired":true,"valueName":"search_term_string"}}],"inLanguage":"de"}]}},"_links":{"self":[{"href":"https:\/\/narcopowders.com\/de\/wp-json\/wp\/v2\/product\/19449","targetHints":{"allow":["GET"]}}],"collection":[{"href":"https:\/\/narcopowders.com\/de\/wp-json\/wp\/v2\/product"}],"about":[{"href":"https:\/\/narcopowders.com\/de\/wp-json\/wp\/v2\/types\/product"}],"replies":[{"embeddable":true,"href":"https:\/\/narcopowders.com\/de\/wp-json\/wp\/v2\/comments?post=19449"}],"wp:featuredmedia":[{"embeddable":true,"href":"https:\/\/narcopowders.com\/de\/wp-json\/wp\/v2\/media\/19564"}],"wp:attachment":[{"href":"https:\/\/narcopowders.com\/de\/wp-json\/wp\/v2\/media?parent=19449"}],"wp:term":[{"taxonomy":"product_brand","embeddable":true,"href":"https:\/\/narcopowders.com\/de\/wp-json\/wp\/v2\/product_brand?post=19449"},{"taxonomy":"product_cat","embeddable":true,"href":"https:\/\/narcopowders.com\/de\/wp-json\/wp\/v2\/product_cat?post=19449"},{"taxonomy":"product_tag","embeddable":true,"href":"https:\/\/narcopowders.com\/de\/wp-json\/wp\/v2\/product_tag?post=19449"}],"curies":[{"name":"wp","href":"https:\/\/api.w.org\/{rel}","templated":true}]}}